{"id":36,"date":"2017-09-11T18:20:29","date_gmt":"2017-09-11T18:20:29","guid":{"rendered":"http:\/\/wordpress.ft.unicamp.br\/gotas\/?page_id=36"},"modified":"2021-02-24T17:16:40","modified_gmt":"2021-02-24T17:16:40","slug":"projetos-em-andamento","status":"publish","type":"page","link":"https:\/\/wordpress.ft.unicamp.br\/gotas\/projetos-em-andamento\/","title":{"rendered":"Linhas de pesquisa"},"content":{"rendered":"<ul>\n<li>Contaminantes emergentes e produtos de transforma\u00e7\u00e3o via cromatografia (l\u00edquida ou gasosa) acoplada a espectrometria de massas (baixa e alta resolu\u00e7\u00e3o);<\/li>\n<li>Processos oxidativos avan\u00e7ados fotomediados, aplicados a corantes, f\u00e1rmacos e outros contaminantes emergentes;<\/li>\n<li>Tratamento de res\u00edduos qu\u00edmicos institucionais;<\/li>\n<li>Metais potencialmente t\u00f3xicos em matrizes de interesse sanit\u00e1rio e ambiental;<\/li>\n<li>Qualidade de \u00e1guas e efluentes visando reuso n\u00e3o-pot\u00e1vel.<\/li>\n<\/ul>\n","protected":false},"excerpt":{"rendered":"<p>Contaminantes emergentes e produtos de transforma\u00e7\u00e3o via cromatografia (l\u00edquida ou gasosa) acoplada a espectrometria de massas (baixa e alta resolu\u00e7\u00e3o); Processos oxidativos avan\u00e7ados fotomediados, aplicados a corantes, f\u00e1rmacos e outros contaminantes emergentes; Tratamento de res\u00edduos qu\u00edmicos institucionais; Metais potencialmente t\u00f3xicos &hellip; <a href=\"https:\/\/wordpress.ft.unicamp.br\/gotas\/projetos-em-andamento\/\">Continue lendo <span class=\"meta-nav\">&rarr;<\/span><\/a><\/p>\n","protected":false},"author":25,"featured_media":0,"parent":0,"menu_order":0,"comment_status":"closed","ping_status":"closed","template":"","meta":{"footnotes":""},"class_list":["post-36","page","type-page","status-publish","hentry"],"yoast_head":"<!-- This site is optimized with the Yoast SEO plugin v27.3 - https:\/\/yoast.com\/product\/yoast-seo-wordpress\/ -->\n<title>Linhas de pesquisa - GOTAS<\/title>\n<meta name=\"robots\" content=\"index, follow, max-snippet:-1, max-image-preview:large, max-video-preview:-1\" \/>\n<link rel=\"canonical\" href=\"https:\/\/wordpress.ft.unicamp.br\/gotas\/projetos-em-andamento\/\" \/>\n<meta property=\"og:locale\" content=\"pt_BR\" \/>\n<meta property=\"og:type\" content=\"article\" \/>\n<meta property=\"og:title\" content=\"Linhas de pesquisa - GOTAS\" \/>\n<meta property=\"og:description\" content=\"Contaminantes emergentes e produtos de transforma\u00e7\u00e3o via cromatografia (l\u00edquida ou gasosa) acoplada a espectrometria de massas (baixa e alta resolu\u00e7\u00e3o); Processos oxidativos avan\u00e7ados fotomediados, aplicados a corantes, f\u00e1rmacos e outros contaminantes emergentes; Tratamento de res\u00edduos qu\u00edmicos institucionais; Metais potencialmente t\u00f3xicos &hellip; Continue lendo &rarr;\" \/>\n<meta property=\"og:url\" content=\"https:\/\/wordpress.ft.unicamp.br\/gotas\/projetos-em-andamento\/\" \/>\n<meta property=\"og:site_name\" content=\"GOTAS\" \/>\n<meta property=\"article:modified_time\" content=\"2021-02-24T17:16:40+00:00\" \/>\n<meta name=\"twitter:card\" content=\"summary_large_image\" \/>\n<meta name=\"twitter:label1\" content=\"Est. tempo de leitura\" \/>\n\t<meta name=\"twitter:data1\" content=\"1 minuto\" \/>\n<script type=\"application\/ld+json\" class=\"yoast-schema-graph\">{\"@context\":\"https:\\\/\\\/schema.org\",\"@graph\":[{\"@type\":\"WebPage\",\"@id\":\"https:\\\/\\\/wordpress.ft.unicamp.br\\\/gotas\\\/projetos-em-andamento\\\/\",\"url\":\"https:\\\/\\\/wordpress.ft.unicamp.br\\\/gotas\\\/projetos-em-andamento\\\/\",\"name\":\"Linhas de pesquisa - GOTAS\",\"isPartOf\":{\"@id\":\"https:\\\/\\\/wordpress.ft.unicamp.br\\\/gotas\\\/#website\"},\"datePublished\":\"2017-09-11T18:20:29+00:00\",\"dateModified\":\"2021-02-24T17:16:40+00:00\",\"breadcrumb\":{\"@id\":\"https:\\\/\\\/wordpress.ft.unicamp.br\\\/gotas\\\/projetos-em-andamento\\\/#breadcrumb\"},\"inLanguage\":\"pt-BR\",\"potentialAction\":[{\"@type\":\"ReadAction\",\"target\":[\"https:\\\/\\\/wordpress.ft.unicamp.br\\\/gotas\\\/projetos-em-andamento\\\/\"]}]},{\"@type\":\"BreadcrumbList\",\"@id\":\"https:\\\/\\\/wordpress.ft.unicamp.br\\\/gotas\\\/projetos-em-andamento\\\/#breadcrumb\",\"itemListElement\":[{\"@type\":\"ListItem\",\"position\":1,\"name\":\"Home\",\"item\":\"https:\\\/\\\/wordpress.ft.unicamp.br\\\/gotas\\\/en\\\/home-2\\\/\"},{\"@type\":\"ListItem\",\"position\":2,\"name\":\"Linhas de pesquisa\"}]},{\"@type\":\"WebSite\",\"@id\":\"https:\\\/\\\/wordpress.ft.unicamp.br\\\/gotas\\\/#website\",\"url\":\"https:\\\/\\\/wordpress.ft.unicamp.br\\\/gotas\\\/\",\"name\":\"GOTAS\",\"description\":\"Grupo de Otimiza\u00e7\u00e3o de Tecnologias Anal\u00edticas Aplicadas a Amostras Ambientais e Sanit\u00e1rias\",\"potentialAction\":[{\"@type\":\"SearchAction\",\"target\":{\"@type\":\"EntryPoint\",\"urlTemplate\":\"https:\\\/\\\/wordpress.ft.unicamp.br\\\/gotas\\\/?s={search_term_string}\"},\"query-input\":{\"@type\":\"PropertyValueSpecification\",\"valueRequired\":true,\"valueName\":\"search_term_string\"}}],\"inLanguage\":\"pt-BR\"}]}<\/script>\n<!-- \/ Yoast SEO plugin. -->","yoast_head_json":{"title":"Linhas de pesquisa - GOTAS","robots":{"index":"index","follow":"follow","max-snippet":"max-snippet:-1","max-image-preview":"max-image-preview:large","max-video-preview":"max-video-preview:-1"},"canonical":"https:\/\/wordpress.ft.unicamp.br\/gotas\/projetos-em-andamento\/","og_locale":"pt_BR","og_type":"article","og_title":"Linhas de pesquisa - GOTAS","og_description":"Contaminantes emergentes e produtos de transforma\u00e7\u00e3o via cromatografia (l\u00edquida ou gasosa) acoplada a espectrometria de massas (baixa e alta resolu\u00e7\u00e3o); Processos oxidativos avan\u00e7ados fotomediados, aplicados a corantes, f\u00e1rmacos e outros contaminantes emergentes; Tratamento de res\u00edduos qu\u00edmicos institucionais; Metais potencialmente t\u00f3xicos &hellip; Continue lendo &rarr;","og_url":"https:\/\/wordpress.ft.unicamp.br\/gotas\/projetos-em-andamento\/","og_site_name":"GOTAS","article_modified_time":"2021-02-24T17:16:40+00:00","twitter_card":"summary_large_image","twitter_misc":{"Est. tempo de leitura":"1 minuto"},"schema":{"@context":"https:\/\/schema.org","@graph":[{"@type":"WebPage","@id":"https:\/\/wordpress.ft.unicamp.br\/gotas\/projetos-em-andamento\/","url":"https:\/\/wordpress.ft.unicamp.br\/gotas\/projetos-em-andamento\/","name":"Linhas de pesquisa - GOTAS","isPartOf":{"@id":"https:\/\/wordpress.ft.unicamp.br\/gotas\/#website"},"datePublished":"2017-09-11T18:20:29+00:00","dateModified":"2021-02-24T17:16:40+00:00","breadcrumb":{"@id":"https:\/\/wordpress.ft.unicamp.br\/gotas\/projetos-em-andamento\/#breadcrumb"},"inLanguage":"pt-BR","potentialAction":[{"@type":"ReadAction","target":["https:\/\/wordpress.ft.unicamp.br\/gotas\/projetos-em-andamento\/"]}]},{"@type":"BreadcrumbList","@id":"https:\/\/wordpress.ft.unicamp.br\/gotas\/projetos-em-andamento\/#breadcrumb","itemListElement":[{"@type":"ListItem","position":1,"name":"Home","item":"https:\/\/wordpress.ft.unicamp.br\/gotas\/en\/home-2\/"},{"@type":"ListItem","position":2,"name":"Linhas de pesquisa"}]},{"@type":"WebSite","@id":"https:\/\/wordpress.ft.unicamp.br\/gotas\/#website","url":"https:\/\/wordpress.ft.unicamp.br\/gotas\/","name":"GOTAS","description":"Grupo de Otimiza\u00e7\u00e3o de Tecnologias Anal\u00edticas Aplicadas a Amostras Ambientais e Sanit\u00e1rias","potentialAction":[{"@type":"SearchAction","target":{"@type":"EntryPoint","urlTemplate":"https:\/\/wordpress.ft.unicamp.br\/gotas\/?s={search_term_string}"},"query-input":{"@type":"PropertyValueSpecification","valueRequired":true,"valueName":"search_term_string"}}],"inLanguage":"pt-BR"}]}},"_links":{"self":[{"href":"https:\/\/wordpress.ft.unicamp.br\/gotas\/wp-json\/wp\/v2\/pages\/36","targetHints":{"allow":["GET"]}}],"collection":[{"href":"https:\/\/wordpress.ft.unicamp.br\/gotas\/wp-json\/wp\/v2\/pages"}],"about":[{"href":"https:\/\/wordpress.ft.unicamp.br\/gotas\/wp-json\/wp\/v2\/types\/page"}],"author":[{"embeddable":true,"href":"https:\/\/wordpress.ft.unicamp.br\/gotas\/wp-json\/wp\/v2\/users\/25"}],"replies":[{"embeddable":true,"href":"https:\/\/wordpress.ft.unicamp.br\/gotas\/wp-json\/wp\/v2\/comments?post=36"}],"version-history":[{"count":8,"href":"https:\/\/wordpress.ft.unicamp.br\/gotas\/wp-json\/wp\/v2\/pages\/36\/revisions"}],"predecessor-version":[{"id":237,"href":"https:\/\/wordpress.ft.unicamp.br\/gotas\/wp-json\/wp\/v2\/pages\/36\/revisions\/237"}],"wp:attachment":[{"href":"https:\/\/wordpress.ft.unicamp.br\/gotas\/wp-json\/wp\/v2\/media?parent=36"}],"curies":[{"name":"wp","href":"https:\/\/api.w.org\/{rel}","templated":true}]}}