{"id":38,"date":"2017-09-11T18:20:43","date_gmt":"2017-09-11T18:20:43","guid":{"rendered":"http:\/\/wordpress.ft.unicamp.br\/gotas\/?page_id=38"},"modified":"2021-02-24T17:14:50","modified_gmt":"2021-02-24T17:14:50","slug":"currents-projects","status":"publish","type":"page","link":"https:\/\/wordpress.ft.unicamp.br\/gotas\/en\/currents-projects\/","title":{"rendered":"Current Research"},"content":{"rendered":"<ul>\n<li>Contaminants of emerging concern and transformation products via chromatography (liquid or gas) coupled to mass spectrometry (low and high resolution);<\/li>\n<li>Photomediated advanced oxidation processes &#8211; application in dyes, pharmeceuticals and other contaminants of emerging concern;<\/li>\n<li>Treatment of institutional chemical waste;<\/li>\n<li>Potentially toxic metals in matrices of sanitary and environmental concern;<\/li>\n<li>Quality of water and wastewater aiming to non-potable reuse.<\/li>\n<\/ul>\n","protected":false},"excerpt":{"rendered":"<p>Contaminants of emerging concern and transformation products via chromatography (liquid or gas) coupled to mass spectrometry (low and high resolution); Photomediated advanced oxidation processes &#8211; application in dyes, pharmeceuticals and other contaminants of emerging concern; Treatment of institutional chemical waste; &hellip; <a href=\"https:\/\/wordpress.ft.unicamp.br\/gotas\/en\/currents-projects\/\">Continue lendo <span class=\"meta-nav\">&rarr;<\/span><\/a><\/p>\n","protected":false},"author":25,"featured_media":0,"parent":0,"menu_order":0,"comment_status":"closed","ping_status":"closed","template":"","meta":{"footnotes":""},"class_list":["post-38","page","type-page","status-publish","hentry"],"yoast_head":"<!-- This site is optimized with the Yoast SEO plugin v27.3 - https:\/\/yoast.com\/product\/yoast-seo-wordpress\/ -->\n<title>Current Research - GOTAS<\/title>\n<meta name=\"robots\" content=\"index, follow, max-snippet:-1, max-image-preview:large, max-video-preview:-1\" \/>\n<link rel=\"canonical\" href=\"https:\/\/wordpress.ft.unicamp.br\/gotas\/en\/currents-projects\/\" \/>\n<meta property=\"og:locale\" content=\"pt_BR\" \/>\n<meta property=\"og:type\" content=\"article\" \/>\n<meta property=\"og:title\" content=\"Current Research - GOTAS\" \/>\n<meta property=\"og:description\" content=\"Contaminants of emerging concern and transformation products via chromatography (liquid or gas) coupled to mass spectrometry (low and high resolution); Photomediated advanced oxidation processes &#8211; application in dyes, pharmeceuticals and other contaminants of emerging concern; Treatment of institutional chemical waste; &hellip; Continue lendo &rarr;\" \/>\n<meta property=\"og:url\" content=\"https:\/\/wordpress.ft.unicamp.br\/gotas\/en\/currents-projects\/\" \/>\n<meta property=\"og:site_name\" content=\"GOTAS\" \/>\n<meta property=\"article:modified_time\" content=\"2021-02-24T17:14:50+00:00\" \/>\n<meta name=\"twitter:card\" content=\"summary_large_image\" \/>\n<meta name=\"twitter:label1\" content=\"Est. tempo de leitura\" \/>\n\t<meta name=\"twitter:data1\" content=\"1 minuto\" \/>\n<script type=\"application\/ld+json\" class=\"yoast-schema-graph\">{\"@context\":\"https:\\\/\\\/schema.org\",\"@graph\":[{\"@type\":\"WebPage\",\"@id\":\"https:\\\/\\\/wordpress.ft.unicamp.br\\\/gotas\\\/en\\\/currents-projects\\\/\",\"url\":\"https:\\\/\\\/wordpress.ft.unicamp.br\\\/gotas\\\/en\\\/currents-projects\\\/\",\"name\":\"Current Research - GOTAS\",\"isPartOf\":{\"@id\":\"https:\\\/\\\/wordpress.ft.unicamp.br\\\/gotas\\\/#website\"},\"datePublished\":\"2017-09-11T18:20:43+00:00\",\"dateModified\":\"2021-02-24T17:14:50+00:00\",\"breadcrumb\":{\"@id\":\"https:\\\/\\\/wordpress.ft.unicamp.br\\\/gotas\\\/en\\\/currents-projects\\\/#breadcrumb\"},\"inLanguage\":\"pt-BR\",\"potentialAction\":[{\"@type\":\"ReadAction\",\"target\":[\"https:\\\/\\\/wordpress.ft.unicamp.br\\\/gotas\\\/en\\\/currents-projects\\\/\"]}]},{\"@type\":\"BreadcrumbList\",\"@id\":\"https:\\\/\\\/wordpress.ft.unicamp.br\\\/gotas\\\/en\\\/currents-projects\\\/#breadcrumb\",\"itemListElement\":[{\"@type\":\"ListItem\",\"position\":1,\"name\":\"Home\",\"item\":\"https:\\\/\\\/wordpress.ft.unicamp.br\\\/gotas\\\/en\\\/home-2\\\/\"},{\"@type\":\"ListItem\",\"position\":2,\"name\":\"Current Research\"}]},{\"@type\":\"WebSite\",\"@id\":\"https:\\\/\\\/wordpress.ft.unicamp.br\\\/gotas\\\/#website\",\"url\":\"https:\\\/\\\/wordpress.ft.unicamp.br\\\/gotas\\\/\",\"name\":\"GOTAS\",\"description\":\"Grupo de Otimiza\u00e7\u00e3o de Tecnologias Anal\u00edticas Aplicadas a Amostras Ambientais e Sanit\u00e1rias\",\"potentialAction\":[{\"@type\":\"SearchAction\",\"target\":{\"@type\":\"EntryPoint\",\"urlTemplate\":\"https:\\\/\\\/wordpress.ft.unicamp.br\\\/gotas\\\/?s={search_term_string}\"},\"query-input\":{\"@type\":\"PropertyValueSpecification\",\"valueRequired\":true,\"valueName\":\"search_term_string\"}}],\"inLanguage\":\"pt-BR\"}]}<\/script>\n<!-- \/ Yoast SEO plugin. -->","yoast_head_json":{"title":"Current Research - GOTAS","robots":{"index":"index","follow":"follow","max-snippet":"max-snippet:-1","max-image-preview":"max-image-preview:large","max-video-preview":"max-video-preview:-1"},"canonical":"https:\/\/wordpress.ft.unicamp.br\/gotas\/en\/currents-projects\/","og_locale":"pt_BR","og_type":"article","og_title":"Current Research - GOTAS","og_description":"Contaminants of emerging concern and transformation products via chromatography (liquid or gas) coupled to mass spectrometry (low and high resolution); Photomediated advanced oxidation processes &#8211; application in dyes, pharmeceuticals and other contaminants of emerging concern; Treatment of institutional chemical waste; &hellip; Continue lendo &rarr;","og_url":"https:\/\/wordpress.ft.unicamp.br\/gotas\/en\/currents-projects\/","og_site_name":"GOTAS","article_modified_time":"2021-02-24T17:14:50+00:00","twitter_card":"summary_large_image","twitter_misc":{"Est. tempo de leitura":"1 minuto"},"schema":{"@context":"https:\/\/schema.org","@graph":[{"@type":"WebPage","@id":"https:\/\/wordpress.ft.unicamp.br\/gotas\/en\/currents-projects\/","url":"https:\/\/wordpress.ft.unicamp.br\/gotas\/en\/currents-projects\/","name":"Current Research - GOTAS","isPartOf":{"@id":"https:\/\/wordpress.ft.unicamp.br\/gotas\/#website"},"datePublished":"2017-09-11T18:20:43+00:00","dateModified":"2021-02-24T17:14:50+00:00","breadcrumb":{"@id":"https:\/\/wordpress.ft.unicamp.br\/gotas\/en\/currents-projects\/#breadcrumb"},"inLanguage":"pt-BR","potentialAction":[{"@type":"ReadAction","target":["https:\/\/wordpress.ft.unicamp.br\/gotas\/en\/currents-projects\/"]}]},{"@type":"BreadcrumbList","@id":"https:\/\/wordpress.ft.unicamp.br\/gotas\/en\/currents-projects\/#breadcrumb","itemListElement":[{"@type":"ListItem","position":1,"name":"Home","item":"https:\/\/wordpress.ft.unicamp.br\/gotas\/en\/home-2\/"},{"@type":"ListItem","position":2,"name":"Current Research"}]},{"@type":"WebSite","@id":"https:\/\/wordpress.ft.unicamp.br\/gotas\/#website","url":"https:\/\/wordpress.ft.unicamp.br\/gotas\/","name":"GOTAS","description":"Grupo de Otimiza\u00e7\u00e3o de Tecnologias Anal\u00edticas Aplicadas a Amostras Ambientais e Sanit\u00e1rias","potentialAction":[{"@type":"SearchAction","target":{"@type":"EntryPoint","urlTemplate":"https:\/\/wordpress.ft.unicamp.br\/gotas\/?s={search_term_string}"},"query-input":{"@type":"PropertyValueSpecification","valueRequired":true,"valueName":"search_term_string"}}],"inLanguage":"pt-BR"}]}},"_links":{"self":[{"href":"https:\/\/wordpress.ft.unicamp.br\/gotas\/wp-json\/wp\/v2\/pages\/38","targetHints":{"allow":["GET"]}}],"collection":[{"href":"https:\/\/wordpress.ft.unicamp.br\/gotas\/wp-json\/wp\/v2\/pages"}],"about":[{"href":"https:\/\/wordpress.ft.unicamp.br\/gotas\/wp-json\/wp\/v2\/types\/page"}],"author":[{"embeddable":true,"href":"https:\/\/wordpress.ft.unicamp.br\/gotas\/wp-json\/wp\/v2\/users\/25"}],"replies":[{"embeddable":true,"href":"https:\/\/wordpress.ft.unicamp.br\/gotas\/wp-json\/wp\/v2\/comments?post=38"}],"version-history":[{"count":8,"href":"https:\/\/wordpress.ft.unicamp.br\/gotas\/wp-json\/wp\/v2\/pages\/38\/revisions"}],"predecessor-version":[{"id":236,"href":"https:\/\/wordpress.ft.unicamp.br\/gotas\/wp-json\/wp\/v2\/pages\/38\/revisions\/236"}],"wp:attachment":[{"href":"https:\/\/wordpress.ft.unicamp.br\/gotas\/wp-json\/wp\/v2\/media?parent=38"}],"curies":[{"name":"wp","href":"https:\/\/api.w.org\/{rel}","templated":true}]}}