{"id":387,"date":"2024-09-30T20:10:51","date_gmt":"2024-09-30T20:10:51","guid":{"rendered":"https:\/\/wordpress.ft.unicamp.br\/gotas\/?page_id=387"},"modified":"2024-10-14T17:54:41","modified_gmt":"2024-10-14T17:54:41","slug":"parcerias-e-colaboracoes","status":"publish","type":"page","link":"https:\/\/wordpress.ft.unicamp.br\/gotas\/parcerias-e-colaboracoes\/","title":{"rendered":"Parcerias e colabora\u00e7\u00f5es"},"content":{"rendered":"\n<figure class=\"wp-block-image size-full\"><img fetchpriority=\"high\" decoding=\"async\" width=\"1008\" height=\"413\" src=\"http:\/\/wordpress.ft.unicamp.br\/gotas\/wp-content\/uploads\/sites\/35\/2024\/10\/Logo-Vetor-cinza-01-2.png\" alt=\"\" class=\"wp-image-411\" srcset=\"https:\/\/wordpress.ft.unicamp.br\/gotas\/wp-content\/uploads\/sites\/35\/2024\/10\/Logo-Vetor-cinza-01-2.png 1008w, https:\/\/wordpress.ft.unicamp.br\/gotas\/wp-content\/uploads\/sites\/35\/2024\/10\/Logo-Vetor-cinza-01-2-300x123.png 300w, https:\/\/wordpress.ft.unicamp.br\/gotas\/wp-content\/uploads\/sites\/35\/2024\/10\/Logo-Vetor-cinza-01-2-768x315.png 768w, https:\/\/wordpress.ft.unicamp.br\/gotas\/wp-content\/uploads\/sites\/35\/2024\/10\/Logo-Vetor-cinza-01-2-500x205.png 500w\" sizes=\"(max-width: 1008px) 100vw, 1008px\" \/><figcaption class=\"wp-element-caption\">VeRSis Tecnologia Ltda<\/figcaption><\/figure>\n\n\n\n<figure class=\"wp-block-image size-large\"><img decoding=\"async\" width=\"1024\" height=\"593\" src=\"http:\/\/wordpress.ft.unicamp.br\/gotas\/wp-content\/uploads\/sites\/35\/2024\/09\/Logo-GerenciamentoAmbiental2-1024x593.gif\" alt=\"Gerenciamento Ambiental\" class=\"wp-image-392\" srcset=\"https:\/\/wordpress.ft.unicamp.br\/gotas\/wp-content\/uploads\/sites\/35\/2024\/09\/Logo-GerenciamentoAmbiental2-1024x593.gif 1024w, https:\/\/wordpress.ft.unicamp.br\/gotas\/wp-content\/uploads\/sites\/35\/2024\/09\/Logo-GerenciamentoAmbiental2-300x174.gif 300w, https:\/\/wordpress.ft.unicamp.br\/gotas\/wp-content\/uploads\/sites\/35\/2024\/09\/Logo-GerenciamentoAmbiental2-768x445.gif 768w, https:\/\/wordpress.ft.unicamp.br\/gotas\/wp-content\/uploads\/sites\/35\/2024\/09\/Logo-GerenciamentoAmbiental2-500x290.gif 500w\" sizes=\"(max-width: 1024px) 100vw, 1024px\" \/><figcaption class=\"wp-element-caption\">Gerenciamento Ambiental Ltda<\/figcaption><\/figure>\n\n\n\n<figure class=\"wp-block-image size-full\"><img decoding=\"async\" width=\"952\" height=\"204\" src=\"http:\/\/wordpress.ft.unicamp.br\/gotas\/wp-content\/uploads\/sites\/35\/2024\/09\/Logo-Angara.gif\" alt=\"Angara\" class=\"wp-image-389\" \/><figcaption class=\"wp-element-caption\">Angara Engineering Pty Ltd (Austr\u00e1lia)<\/figcaption><\/figure>\n\n\n\n<figure class=\"wp-block-image size-large\"><img loading=\"lazy\" decoding=\"async\" width=\"1024\" height=\"484\" src=\"http:\/\/wordpress.ft.unicamp.br\/gotas\/wp-content\/uploads\/sites\/35\/2024\/09\/Zirkoon-empresa-Florian-1024x484.jpeg\" alt=\"\" class=\"wp-image-394\" srcset=\"https:\/\/wordpress.ft.unicamp.br\/gotas\/wp-content\/uploads\/sites\/35\/2024\/09\/Zirkoon-empresa-Florian-1024x484.jpeg 1024w, https:\/\/wordpress.ft.unicamp.br\/gotas\/wp-content\/uploads\/sites\/35\/2024\/09\/Zirkoon-empresa-Florian-300x142.jpeg 300w, https:\/\/wordpress.ft.unicamp.br\/gotas\/wp-content\/uploads\/sites\/35\/2024\/09\/Zirkoon-empresa-Florian-768x363.jpeg 768w, https:\/\/wordpress.ft.unicamp.br\/gotas\/wp-content\/uploads\/sites\/35\/2024\/09\/Zirkoon-empresa-Florian-500x236.jpeg 500w, https:\/\/wordpress.ft.unicamp.br\/gotas\/wp-content\/uploads\/sites\/35\/2024\/09\/Zirkoon-empresa-Florian.jpeg 1280w\" sizes=\"(max-width: 1024px) 100vw, 1024px\" \/><figcaption class=\"wp-element-caption\">Zirkoon &#8211; Solu\u00e7\u00f5es Avan\u00e7adas em Materiais<\/figcaption><\/figure>\n\n\n\n<figure class=\"wp-block-image size-full\"><img loading=\"lazy\" decoding=\"async\" width=\"1024\" height=\"1024\" src=\"http:\/\/wordpress.ft.unicamp.br\/gotas\/wp-content\/uploads\/sites\/35\/2024\/09\/LAMACCA-laboratorio-Florian.jpeg\" alt=\"Laborat\u00f3rio de Materiais Comp\u00f3sitos e Cer\u00e2micas Avan\u00e7adas\" class=\"wp-image-388\" srcset=\"https:\/\/wordpress.ft.unicamp.br\/gotas\/wp-content\/uploads\/sites\/35\/2024\/09\/LAMACCA-laboratorio-Florian.jpeg 1024w, https:\/\/wordpress.ft.unicamp.br\/gotas\/wp-content\/uploads\/sites\/35\/2024\/09\/LAMACCA-laboratorio-Florian-300x300.jpeg 300w, https:\/\/wordpress.ft.unicamp.br\/gotas\/wp-content\/uploads\/sites\/35\/2024\/09\/LAMACCA-laboratorio-Florian-150x150.jpeg 150w, https:\/\/wordpress.ft.unicamp.br\/gotas\/wp-content\/uploads\/sites\/35\/2024\/09\/LAMACCA-laboratorio-Florian-768x768.jpeg 768w\" sizes=\"(max-width: 1024px) 100vw, 1024px\" \/><figcaption class=\"wp-element-caption\">Laborat\u00f3rio de Materiais Comp\u00f3sitos e Cer\u00e2micas Avan\u00e7adas<\/figcaption><\/figure>\n\n\n\n<p><\/p>\n","protected":false},"excerpt":{"rendered":"","protected":false},"author":25,"featured_media":0,"parent":0,"menu_order":5,"comment_status":"closed","ping_status":"closed","template":"","meta":{"footnotes":""},"class_list":["post-387","page","type-page","status-publish","hentry"],"yoast_head":"<!-- This site is optimized with the Yoast SEO plugin v27.3 - https:\/\/yoast.com\/product\/yoast-seo-wordpress\/ -->\n<title>Parcerias e colabora\u00e7\u00f5es - GOTAS<\/title>\n<meta name=\"robots\" content=\"index, follow, max-snippet:-1, max-image-preview:large, max-video-preview:-1\" \/>\n<link rel=\"canonical\" href=\"https:\/\/wordpress.ft.unicamp.br\/gotas\/parcerias-e-colaboracoes\/\" \/>\n<meta property=\"og:locale\" content=\"pt_BR\" \/>\n<meta property=\"og:type\" content=\"article\" \/>\n<meta property=\"og:title\" content=\"Parcerias e colabora\u00e7\u00f5es - GOTAS\" \/>\n<meta property=\"og:url\" content=\"https:\/\/wordpress.ft.unicamp.br\/gotas\/parcerias-e-colaboracoes\/\" \/>\n<meta property=\"og:site_name\" content=\"GOTAS\" \/>\n<meta property=\"article:modified_time\" content=\"2024-10-14T17:54:41+00:00\" \/>\n<meta property=\"og:image\" content=\"https:\/\/wordpress.ft.unicamp.br\/gotas\/wp-content\/uploads\/sites\/35\/2024\/10\/Logo-Vetor-cinza-01-2.png\" \/>\n\t<meta property=\"og:image:width\" content=\"1008\" \/>\n\t<meta property=\"og:image:height\" content=\"413\" \/>\n\t<meta property=\"og:image:type\" content=\"image\/png\" \/>\n<meta name=\"twitter:card\" content=\"summary_large_image\" \/>\n<meta name=\"twitter:label1\" content=\"Est. tempo de leitura\" \/>\n\t<meta name=\"twitter:data1\" content=\"2 minutos\" \/>\n<script type=\"application\/ld+json\" class=\"yoast-schema-graph\">{\"@context\":\"https:\\\/\\\/schema.org\",\"@graph\":[{\"@type\":\"WebPage\",\"@id\":\"https:\\\/\\\/wordpress.ft.unicamp.br\\\/gotas\\\/parcerias-e-colaboracoes\\\/\",\"url\":\"https:\\\/\\\/wordpress.ft.unicamp.br\\\/gotas\\\/parcerias-e-colaboracoes\\\/\",\"name\":\"Parcerias e colabora\u00e7\u00f5es - GOTAS\",\"isPartOf\":{\"@id\":\"https:\\\/\\\/wordpress.ft.unicamp.br\\\/gotas\\\/#website\"},\"primaryImageOfPage\":{\"@id\":\"https:\\\/\\\/wordpress.ft.unicamp.br\\\/gotas\\\/parcerias-e-colaboracoes\\\/#primaryimage\"},\"image\":{\"@id\":\"https:\\\/\\\/wordpress.ft.unicamp.br\\\/gotas\\\/parcerias-e-colaboracoes\\\/#primaryimage\"},\"thumbnailUrl\":\"http:\\\/\\\/wordpress.ft.unicamp.br\\\/gotas\\\/wp-content\\\/uploads\\\/sites\\\/35\\\/2024\\\/10\\\/Logo-Vetor-cinza-01-2.png\",\"datePublished\":\"2024-09-30T20:10:51+00:00\",\"dateModified\":\"2024-10-14T17:54:41+00:00\",\"breadcrumb\":{\"@id\":\"https:\\\/\\\/wordpress.ft.unicamp.br\\\/gotas\\\/parcerias-e-colaboracoes\\\/#breadcrumb\"},\"inLanguage\":\"pt-BR\",\"potentialAction\":[{\"@type\":\"ReadAction\",\"target\":[\"https:\\\/\\\/wordpress.ft.unicamp.br\\\/gotas\\\/parcerias-e-colaboracoes\\\/\"]}]},{\"@type\":\"ImageObject\",\"inLanguage\":\"pt-BR\",\"@id\":\"https:\\\/\\\/wordpress.ft.unicamp.br\\\/gotas\\\/parcerias-e-colaboracoes\\\/#primaryimage\",\"url\":\"https:\\\/\\\/wordpress.ft.unicamp.br\\\/gotas\\\/wp-content\\\/uploads\\\/sites\\\/35\\\/2024\\\/10\\\/Logo-Vetor-cinza-01-2.png\",\"contentUrl\":\"https:\\\/\\\/wordpress.ft.unicamp.br\\\/gotas\\\/wp-content\\\/uploads\\\/sites\\\/35\\\/2024\\\/10\\\/Logo-Vetor-cinza-01-2.png\",\"width\":1008,\"height\":413},{\"@type\":\"BreadcrumbList\",\"@id\":\"https:\\\/\\\/wordpress.ft.unicamp.br\\\/gotas\\\/parcerias-e-colaboracoes\\\/#breadcrumb\",\"itemListElement\":[{\"@type\":\"ListItem\",\"position\":1,\"name\":\"Home\",\"item\":\"https:\\\/\\\/wordpress.ft.unicamp.br\\\/gotas\\\/en\\\/home-2\\\/\"},{\"@type\":\"ListItem\",\"position\":2,\"name\":\"Parcerias e colabora\u00e7\u00f5es\"}]},{\"@type\":\"WebSite\",\"@id\":\"https:\\\/\\\/wordpress.ft.unicamp.br\\\/gotas\\\/#website\",\"url\":\"https:\\\/\\\/wordpress.ft.unicamp.br\\\/gotas\\\/\",\"name\":\"GOTAS\",\"description\":\"Grupo de Otimiza\u00e7\u00e3o de Tecnologias Anal\u00edticas Aplicadas a Amostras Ambientais e Sanit\u00e1rias\",\"potentialAction\":[{\"@type\":\"SearchAction\",\"target\":{\"@type\":\"EntryPoint\",\"urlTemplate\":\"https:\\\/\\\/wordpress.ft.unicamp.br\\\/gotas\\\/?s={search_term_string}\"},\"query-input\":{\"@type\":\"PropertyValueSpecification\",\"valueRequired\":true,\"valueName\":\"search_term_string\"}}],\"inLanguage\":\"pt-BR\"}]}<\/script>\n<!-- \/ Yoast SEO plugin. -->","yoast_head_json":{"title":"Parcerias e colabora\u00e7\u00f5es - GOTAS","robots":{"index":"index","follow":"follow","max-snippet":"max-snippet:-1","max-image-preview":"max-image-preview:large","max-video-preview":"max-video-preview:-1"},"canonical":"https:\/\/wordpress.ft.unicamp.br\/gotas\/parcerias-e-colaboracoes\/","og_locale":"pt_BR","og_type":"article","og_title":"Parcerias e colabora\u00e7\u00f5es - GOTAS","og_url":"https:\/\/wordpress.ft.unicamp.br\/gotas\/parcerias-e-colaboracoes\/","og_site_name":"GOTAS","article_modified_time":"2024-10-14T17:54:41+00:00","og_image":[{"width":1008,"height":413,"url":"https:\/\/wordpress.ft.unicamp.br\/gotas\/wp-content\/uploads\/sites\/35\/2024\/10\/Logo-Vetor-cinza-01-2.png","type":"image\/png"}],"twitter_card":"summary_large_image","twitter_misc":{"Est. tempo de leitura":"2 minutos"},"schema":{"@context":"https:\/\/schema.org","@graph":[{"@type":"WebPage","@id":"https:\/\/wordpress.ft.unicamp.br\/gotas\/parcerias-e-colaboracoes\/","url":"https:\/\/wordpress.ft.unicamp.br\/gotas\/parcerias-e-colaboracoes\/","name":"Parcerias e colabora\u00e7\u00f5es - GOTAS","isPartOf":{"@id":"https:\/\/wordpress.ft.unicamp.br\/gotas\/#website"},"primaryImageOfPage":{"@id":"https:\/\/wordpress.ft.unicamp.br\/gotas\/parcerias-e-colaboracoes\/#primaryimage"},"image":{"@id":"https:\/\/wordpress.ft.unicamp.br\/gotas\/parcerias-e-colaboracoes\/#primaryimage"},"thumbnailUrl":"http:\/\/wordpress.ft.unicamp.br\/gotas\/wp-content\/uploads\/sites\/35\/2024\/10\/Logo-Vetor-cinza-01-2.png","datePublished":"2024-09-30T20:10:51+00:00","dateModified":"2024-10-14T17:54:41+00:00","breadcrumb":{"@id":"https:\/\/wordpress.ft.unicamp.br\/gotas\/parcerias-e-colaboracoes\/#breadcrumb"},"inLanguage":"pt-BR","potentialAction":[{"@type":"ReadAction","target":["https:\/\/wordpress.ft.unicamp.br\/gotas\/parcerias-e-colaboracoes\/"]}]},{"@type":"ImageObject","inLanguage":"pt-BR","@id":"https:\/\/wordpress.ft.unicamp.br\/gotas\/parcerias-e-colaboracoes\/#primaryimage","url":"https:\/\/wordpress.ft.unicamp.br\/gotas\/wp-content\/uploads\/sites\/35\/2024\/10\/Logo-Vetor-cinza-01-2.png","contentUrl":"https:\/\/wordpress.ft.unicamp.br\/gotas\/wp-content\/uploads\/sites\/35\/2024\/10\/Logo-Vetor-cinza-01-2.png","width":1008,"height":413},{"@type":"BreadcrumbList","@id":"https:\/\/wordpress.ft.unicamp.br\/gotas\/parcerias-e-colaboracoes\/#breadcrumb","itemListElement":[{"@type":"ListItem","position":1,"name":"Home","item":"https:\/\/wordpress.ft.unicamp.br\/gotas\/en\/home-2\/"},{"@type":"ListItem","position":2,"name":"Parcerias e colabora\u00e7\u00f5es"}]},{"@type":"WebSite","@id":"https:\/\/wordpress.ft.unicamp.br\/gotas\/#website","url":"https:\/\/wordpress.ft.unicamp.br\/gotas\/","name":"GOTAS","description":"Grupo de Otimiza\u00e7\u00e3o de Tecnologias Anal\u00edticas Aplicadas a Amostras Ambientais e Sanit\u00e1rias","potentialAction":[{"@type":"SearchAction","target":{"@type":"EntryPoint","urlTemplate":"https:\/\/wordpress.ft.unicamp.br\/gotas\/?s={search_term_string}"},"query-input":{"@type":"PropertyValueSpecification","valueRequired":true,"valueName":"search_term_string"}}],"inLanguage":"pt-BR"}]}},"_links":{"self":[{"href":"https:\/\/wordpress.ft.unicamp.br\/gotas\/wp-json\/wp\/v2\/pages\/387","targetHints":{"allow":["GET"]}}],"collection":[{"href":"https:\/\/wordpress.ft.unicamp.br\/gotas\/wp-json\/wp\/v2\/pages"}],"about":[{"href":"https:\/\/wordpress.ft.unicamp.br\/gotas\/wp-json\/wp\/v2\/types\/page"}],"author":[{"embeddable":true,"href":"https:\/\/wordpress.ft.unicamp.br\/gotas\/wp-json\/wp\/v2\/users\/25"}],"replies":[{"embeddable":true,"href":"https:\/\/wordpress.ft.unicamp.br\/gotas\/wp-json\/wp\/v2\/comments?post=387"}],"version-history":[{"count":2,"href":"https:\/\/wordpress.ft.unicamp.br\/gotas\/wp-json\/wp\/v2\/pages\/387\/revisions"}],"predecessor-version":[{"id":412,"href":"https:\/\/wordpress.ft.unicamp.br\/gotas\/wp-json\/wp\/v2\/pages\/387\/revisions\/412"}],"wp:attachment":[{"href":"https:\/\/wordpress.ft.unicamp.br\/gotas\/wp-json\/wp\/v2\/media?parent=387"}],"curies":[{"name":"wp","href":"https:\/\/api.w.org\/{rel}","templated":true}]}}