{"id":183,"date":"2019-05-07T20:50:45","date_gmt":"2019-05-07T20:50:45","guid":{"rendered":"http:\/\/wordpress.ft.unicamp.br\/hidraulica\/?page_id=183"},"modified":"2019-05-14T15:16:41","modified_gmt":"2019-05-14T15:16:41","slug":"dissertacoes","status":"publish","type":"page","link":"https:\/\/wordpress.ft.unicamp.br\/hidraulica\/dissertacoes\/","title":{"rendered":"Disserta\u00e7\u00f5es"},"content":{"rendered":"\n<h2 class=\"wp-block-heading\">Conclu\u00eddas<\/h2>\n\n\n\n<div class=\"wp-block-image\"><figure class=\"aligncenter\"><img fetchpriority=\"high\" decoding=\"async\" width=\"916\" height=\"474\" src=\"https:\/\/wordpress.ft.unicamp.br\/hidraulica\/wp-content\/uploads\/sites\/56\/2019\/05\/Disserta\u00e7\u00f5es.png\" alt=\"\" class=\"wp-image-176\" srcset=\"https:\/\/wordpress.ft.unicamp.br\/hidraulica\/wp-content\/uploads\/sites\/56\/2019\/05\/Disserta\u00e7\u00f5es.png 916w, https:\/\/wordpress.ft.unicamp.br\/hidraulica\/wp-content\/uploads\/sites\/56\/2019\/05\/Disserta\u00e7\u00f5es-300x155.png 300w, https:\/\/wordpress.ft.unicamp.br\/hidraulica\/wp-content\/uploads\/sites\/56\/2019\/05\/Disserta\u00e7\u00f5es-768x397.png 768w\" sizes=\"(max-width: 916px) 100vw, 916px\" \/><\/figure><\/div>\n\n\n\n<h2 class=\"wp-block-heading\">Em andamento<\/h2>\n\n\n\n<div class=\"wp-block-image\"><figure class=\"aligncenter\"><img decoding=\"async\" width=\"907\" height=\"316\" src=\"https:\/\/wordpress.ft.unicamp.br\/hidraulica\/wp-content\/uploads\/sites\/56\/2019\/05\/dISSERTA\u00c7\u00d5ES-EM-ANDAMENTO.png\" alt=\"\" class=\"wp-image-177\" srcset=\"https:\/\/wordpress.ft.unicamp.br\/hidraulica\/wp-content\/uploads\/sites\/56\/2019\/05\/dISSERTA\u00c7\u00d5ES-EM-ANDAMENTO.png 907w, https:\/\/wordpress.ft.unicamp.br\/hidraulica\/wp-content\/uploads\/sites\/56\/2019\/05\/dISSERTA\u00c7\u00d5ES-EM-ANDAMENTO-300x105.png 300w, https:\/\/wordpress.ft.unicamp.br\/hidraulica\/wp-content\/uploads\/sites\/56\/2019\/05\/dISSERTA\u00c7\u00d5ES-EM-ANDAMENTO-768x268.png 768w\" sizes=\"(max-width: 907px) 100vw, 907px\" \/><\/figure><\/div>\n","protected":false},"excerpt":{"rendered":"<p>Conclu\u00eddas Em andamento<\/p>\n","protected":false},"author":17,"featured_media":0,"parent":0,"menu_order":0,"comment_status":"closed","ping_status":"closed","template":"","meta":{"footnotes":""},"class_list":["post-183","page","type-page","status-publish","hentry"],"yoast_head":"<!-- This site is optimized with the Yoast SEO plugin v27.2 - https:\/\/yoast.com\/product\/yoast-seo-wordpress\/ -->\n<title>Disserta\u00e7\u00f5es - Laborat\u00f3rio de Hidr\u00e1ulica<\/title>\n<meta name=\"robots\" content=\"index, follow, max-snippet:-1, max-image-preview:large, max-video-preview:-1\" \/>\n<link rel=\"canonical\" href=\"https:\/\/wordpress.ft.unicamp.br\/hidraulica\/dissertacoes\/\" \/>\n<meta property=\"og:locale\" content=\"pt_BR\" \/>\n<meta property=\"og:type\" content=\"article\" \/>\n<meta property=\"og:title\" content=\"Disserta\u00e7\u00f5es - Laborat\u00f3rio de Hidr\u00e1ulica\" \/>\n<meta property=\"og:description\" content=\"Conclu\u00eddas Em andamento\" \/>\n<meta property=\"og:url\" content=\"https:\/\/wordpress.ft.unicamp.br\/hidraulica\/dissertacoes\/\" \/>\n<meta property=\"og:site_name\" content=\"Laborat\u00f3rio de Hidr\u00e1ulica\" \/>\n<meta property=\"article:modified_time\" content=\"2019-05-14T15:16:41+00:00\" \/>\n<meta property=\"og:image\" content=\"https:\/\/wordpress.ft.unicamp.br\/hidraulica\/wp-content\/uploads\/sites\/56\/2019\/05\/Disserta\u00e7\u00f5es.png\" \/>\n<meta name=\"twitter:card\" content=\"summary_large_image\" \/>\n<script type=\"application\/ld+json\" class=\"yoast-schema-graph\">{\"@context\":\"https:\/\/schema.org\",\"@graph\":[{\"@type\":\"WebPage\",\"@id\":\"https:\/\/wordpress.ft.unicamp.br\/hidraulica\/dissertacoes\/\",\"url\":\"https:\/\/wordpress.ft.unicamp.br\/hidraulica\/dissertacoes\/\",\"name\":\"Disserta\u00e7\u00f5es - Laborat\u00f3rio de Hidr\u00e1ulica\",\"isPartOf\":{\"@id\":\"https:\/\/wordpress.ft.unicamp.br\/hidraulica\/#website\"},\"datePublished\":\"2019-05-07T20:50:45+00:00\",\"dateModified\":\"2019-05-14T15:16:41+00:00\",\"breadcrumb\":{\"@id\":\"https:\/\/wordpress.ft.unicamp.br\/hidraulica\/dissertacoes\/#breadcrumb\"},\"inLanguage\":\"pt-BR\",\"potentialAction\":[{\"@type\":\"ReadAction\",\"target\":[\"https:\/\/wordpress.ft.unicamp.br\/hidraulica\/dissertacoes\/\"]}]},{\"@type\":\"BreadcrumbList\",\"@id\":\"https:\/\/wordpress.ft.unicamp.br\/hidraulica\/dissertacoes\/#breadcrumb\",\"itemListElement\":[{\"@type\":\"ListItem\",\"position\":1,\"name\":\"Home\",\"item\":\"https:\/\/wordpress.ft.unicamp.br\/hidraulica\/\"},{\"@type\":\"ListItem\",\"position\":2,\"name\":\"Disserta\u00e7\u00f5es\"}]},{\"@type\":\"WebSite\",\"@id\":\"https:\/\/wordpress.ft.unicamp.br\/hidraulica\/#website\",\"url\":\"https:\/\/wordpress.ft.unicamp.br\/hidraulica\/\",\"name\":\"Laborat\u00f3rio de Hidr\u00e1ulica\",\"description\":\"\",\"potentialAction\":[{\"@type\":\"SearchAction\",\"target\":{\"@type\":\"EntryPoint\",\"urlTemplate\":\"https:\/\/wordpress.ft.unicamp.br\/hidraulica\/?s={search_term_string}\"},\"query-input\":{\"@type\":\"PropertyValueSpecification\",\"valueRequired\":true,\"valueName\":\"search_term_string\"}}],\"inLanguage\":\"pt-BR\"}]}<\/script>\n<!-- \/ Yoast SEO plugin. -->","yoast_head_json":{"title":"Disserta\u00e7\u00f5es - Laborat\u00f3rio de Hidr\u00e1ulica","robots":{"index":"index","follow":"follow","max-snippet":"max-snippet:-1","max-image-preview":"max-image-preview:large","max-video-preview":"max-video-preview:-1"},"canonical":"https:\/\/wordpress.ft.unicamp.br\/hidraulica\/dissertacoes\/","og_locale":"pt_BR","og_type":"article","og_title":"Disserta\u00e7\u00f5es - Laborat\u00f3rio de Hidr\u00e1ulica","og_description":"Conclu\u00eddas Em andamento","og_url":"https:\/\/wordpress.ft.unicamp.br\/hidraulica\/dissertacoes\/","og_site_name":"Laborat\u00f3rio de Hidr\u00e1ulica","article_modified_time":"2019-05-14T15:16:41+00:00","og_image":[{"url":"https:\/\/wordpress.ft.unicamp.br\/hidraulica\/wp-content\/uploads\/sites\/56\/2019\/05\/Disserta\u00e7\u00f5es.png","type":"","width":"","height":""}],"twitter_card":"summary_large_image","schema":{"@context":"https:\/\/schema.org","@graph":[{"@type":"WebPage","@id":"https:\/\/wordpress.ft.unicamp.br\/hidraulica\/dissertacoes\/","url":"https:\/\/wordpress.ft.unicamp.br\/hidraulica\/dissertacoes\/","name":"Disserta\u00e7\u00f5es - Laborat\u00f3rio de Hidr\u00e1ulica","isPartOf":{"@id":"https:\/\/wordpress.ft.unicamp.br\/hidraulica\/#website"},"datePublished":"2019-05-07T20:50:45+00:00","dateModified":"2019-05-14T15:16:41+00:00","breadcrumb":{"@id":"https:\/\/wordpress.ft.unicamp.br\/hidraulica\/dissertacoes\/#breadcrumb"},"inLanguage":"pt-BR","potentialAction":[{"@type":"ReadAction","target":["https:\/\/wordpress.ft.unicamp.br\/hidraulica\/dissertacoes\/"]}]},{"@type":"BreadcrumbList","@id":"https:\/\/wordpress.ft.unicamp.br\/hidraulica\/dissertacoes\/#breadcrumb","itemListElement":[{"@type":"ListItem","position":1,"name":"Home","item":"https:\/\/wordpress.ft.unicamp.br\/hidraulica\/"},{"@type":"ListItem","position":2,"name":"Disserta\u00e7\u00f5es"}]},{"@type":"WebSite","@id":"https:\/\/wordpress.ft.unicamp.br\/hidraulica\/#website","url":"https:\/\/wordpress.ft.unicamp.br\/hidraulica\/","name":"Laborat\u00f3rio de Hidr\u00e1ulica","description":"","potentialAction":[{"@type":"SearchAction","target":{"@type":"EntryPoint","urlTemplate":"https:\/\/wordpress.ft.unicamp.br\/hidraulica\/?s={search_term_string}"},"query-input":{"@type":"PropertyValueSpecification","valueRequired":true,"valueName":"search_term_string"}}],"inLanguage":"pt-BR"}]}},"_links":{"self":[{"href":"https:\/\/wordpress.ft.unicamp.br\/hidraulica\/wp-json\/wp\/v2\/pages\/183","targetHints":{"allow":["GET"]}}],"collection":[{"href":"https:\/\/wordpress.ft.unicamp.br\/hidraulica\/wp-json\/wp\/v2\/pages"}],"about":[{"href":"https:\/\/wordpress.ft.unicamp.br\/hidraulica\/wp-json\/wp\/v2\/types\/page"}],"author":[{"embeddable":true,"href":"https:\/\/wordpress.ft.unicamp.br\/hidraulica\/wp-json\/wp\/v2\/users\/17"}],"replies":[{"embeddable":true,"href":"https:\/\/wordpress.ft.unicamp.br\/hidraulica\/wp-json\/wp\/v2\/comments?post=183"}],"version-history":[{"count":3,"href":"https:\/\/wordpress.ft.unicamp.br\/hidraulica\/wp-json\/wp\/v2\/pages\/183\/revisions"}],"predecessor-version":[{"id":287,"href":"https:\/\/wordpress.ft.unicamp.br\/hidraulica\/wp-json\/wp\/v2\/pages\/183\/revisions\/287"}],"wp:attachment":[{"href":"https:\/\/wordpress.ft.unicamp.br\/hidraulica\/wp-json\/wp\/v2\/media?parent=183"}],"curies":[{"name":"wp","href":"https:\/\/api.w.org\/{rel}","templated":true}]}}