{"id":41,"date":"2019-05-07T19:15:51","date_gmt":"2019-05-07T19:15:51","guid":{"rendered":"http:\/\/wordpress.ft.unicamp.br\/hidraulica\/?page_id=41"},"modified":"2019-08-06T14:34:12","modified_gmt":"2019-08-06T14:34:12","slug":"modulo-experimental-da-equacao-da-continuidade","status":"publish","type":"page","link":"https:\/\/wordpress.ft.unicamp.br\/hidraulica\/modulo-experimental-da-equacao-da-continuidade\/","title":{"rendered":"M\u00f3dulo experimental da equa\u00e7\u00e3o da continuidade."},"content":{"rendered":"\n<figure class=\"wp-block-video\"><video height=\"360\" style=\"aspect-ratio: 640 \/ 360;\" width=\"640\" controls src=\"https:\/\/wordpress.ft.unicamp.br\/hidraulica\/wp-content\/uploads\/sites\/56\/2019\/05\/Eq.-Continuidade-video.mp4\"><\/video><\/figure>\n\n\n\n<div class=\"wp-block-image\"><figure class=\"aligncenter\"><img fetchpriority=\"high\" decoding=\"async\" width=\"576\" height=\"368\" src=\"https:\/\/wordpress.ft.unicamp.br\/hidraulica\/wp-content\/uploads\/sites\/56\/2019\/05\/equa\u00e7\u00e3o-cont.png\" alt=\"\" class=\"wp-image-137\" srcset=\"https:\/\/wordpress.ft.unicamp.br\/hidraulica\/wp-content\/uploads\/sites\/56\/2019\/05\/equa\u00e7\u00e3o-cont.png 576w, https:\/\/wordpress.ft.unicamp.br\/hidraulica\/wp-content\/uploads\/sites\/56\/2019\/05\/equa\u00e7\u00e3o-cont-300x192.png 300w\" sizes=\"(max-width: 576px) 100vw, 576px\" \/><\/figure><\/div>\n\n\n\n<p style=\"text-align:left\"><\/p>\n\n\n\n<div class=\"wp-block-image\"><figure class=\"aligncenter\"><img decoding=\"async\" width=\"701\" height=\"573\" src=\"https:\/\/wordpress.ft.unicamp.br\/hidraulica\/wp-content\/uploads\/sites\/56\/2019\/05\/Sem-t\u00edtulo.png\" alt=\"\" class=\"wp-image-166\" srcset=\"https:\/\/wordpress.ft.unicamp.br\/hidraulica\/wp-content\/uploads\/sites\/56\/2019\/05\/Sem-t\u00edtulo.png 701w, https:\/\/wordpress.ft.unicamp.br\/hidraulica\/wp-content\/uploads\/sites\/56\/2019\/05\/Sem-t\u00edtulo-300x245.png 300w\" sizes=\"(max-width: 701px) 100vw, 701px\" \/><\/figure><\/div>\n","protected":false},"excerpt":{"rendered":"","protected":false},"author":17,"featured_media":42,"parent":0,"menu_order":0,"comment_status":"closed","ping_status":"closed","template":"","meta":{"footnotes":""},"class_list":["post-41","page","type-page","status-publish","has-post-thumbnail","hentry"],"yoast_head":"<!-- This site is optimized with the Yoast SEO plugin v27.3 - https:\/\/yoast.com\/product\/yoast-seo-wordpress\/ -->\n<title>M\u00f3dulo experimental da equa\u00e7\u00e3o da continuidade. - Laborat\u00f3rio de Hidr\u00e1ulica<\/title>\n<meta name=\"robots\" content=\"index, follow, max-snippet:-1, max-image-preview:large, max-video-preview:-1\" \/>\n<link rel=\"canonical\" href=\"https:\/\/wordpress.ft.unicamp.br\/hidraulica\/modulo-experimental-da-equacao-da-continuidade\/\" \/>\n<meta property=\"og:locale\" content=\"pt_BR\" \/>\n<meta property=\"og:type\" content=\"article\" \/>\n<meta property=\"og:title\" content=\"M\u00f3dulo experimental da equa\u00e7\u00e3o da continuidade. - Laborat\u00f3rio de Hidr\u00e1ulica\" \/>\n<meta property=\"og:url\" content=\"https:\/\/wordpress.ft.unicamp.br\/hidraulica\/modulo-experimental-da-equacao-da-continuidade\/\" \/>\n<meta property=\"og:site_name\" content=\"Laborat\u00f3rio de Hidr\u00e1ulica\" \/>\n<meta property=\"article:modified_time\" content=\"2019-08-06T14:34:12+00:00\" \/>\n<meta property=\"og:image\" content=\"https:\/\/wordpress.ft.unicamp.br\/hidraulica\/wp-content\/uploads\/sites\/56\/2019\/04\/WhatsApp-Image-2016-08-04-at-20.06.46-8.jpeg\" \/>\n\t<meta property=\"og:image:width\" content=\"1152\" \/>\n\t<meta property=\"og:image:height\" content=\"648\" \/>\n\t<meta property=\"og:image:type\" content=\"image\/jpeg\" \/>\n<meta name=\"twitter:card\" content=\"summary_large_image\" \/>\n<script type=\"application\/ld+json\" class=\"yoast-schema-graph\">{\"@context\":\"https:\\\/\\\/schema.org\",\"@graph\":[{\"@type\":\"WebPage\",\"@id\":\"https:\\\/\\\/wordpress.ft.unicamp.br\\\/hidraulica\\\/modulo-experimental-da-equacao-da-continuidade\\\/\",\"url\":\"https:\\\/\\\/wordpress.ft.unicamp.br\\\/hidraulica\\\/modulo-experimental-da-equacao-da-continuidade\\\/\",\"name\":\"M\u00f3dulo experimental da equa\u00e7\u00e3o da continuidade. - Laborat\u00f3rio de Hidr\u00e1ulica\",\"isPartOf\":{\"@id\":\"https:\\\/\\\/wordpress.ft.unicamp.br\\\/hidraulica\\\/#website\"},\"primaryImageOfPage\":{\"@id\":\"https:\\\/\\\/wordpress.ft.unicamp.br\\\/hidraulica\\\/modulo-experimental-da-equacao-da-continuidade\\\/#primaryimage\"},\"image\":{\"@id\":\"https:\\\/\\\/wordpress.ft.unicamp.br\\\/hidraulica\\\/modulo-experimental-da-equacao-da-continuidade\\\/#primaryimage\"},\"thumbnailUrl\":\"https:\\\/\\\/wordpress.ft.unicamp.br\\\/hidraulica\\\/wp-content\\\/uploads\\\/sites\\\/56\\\/2019\\\/04\\\/WhatsApp-Image-2016-08-04-at-20.06.46-8.jpeg\",\"datePublished\":\"2019-05-07T19:15:51+00:00\",\"dateModified\":\"2019-08-06T14:34:12+00:00\",\"breadcrumb\":{\"@id\":\"https:\\\/\\\/wordpress.ft.unicamp.br\\\/hidraulica\\\/modulo-experimental-da-equacao-da-continuidade\\\/#breadcrumb\"},\"inLanguage\":\"pt-BR\",\"potentialAction\":[{\"@type\":\"ReadAction\",\"target\":[\"https:\\\/\\\/wordpress.ft.unicamp.br\\\/hidraulica\\\/modulo-experimental-da-equacao-da-continuidade\\\/\"]}]},{\"@type\":\"ImageObject\",\"inLanguage\":\"pt-BR\",\"@id\":\"https:\\\/\\\/wordpress.ft.unicamp.br\\\/hidraulica\\\/modulo-experimental-da-equacao-da-continuidade\\\/#primaryimage\",\"url\":\"https:\\\/\\\/wordpress.ft.unicamp.br\\\/hidraulica\\\/wp-content\\\/uploads\\\/sites\\\/56\\\/2019\\\/04\\\/WhatsApp-Image-2016-08-04-at-20.06.46-8.jpeg\",\"contentUrl\":\"https:\\\/\\\/wordpress.ft.unicamp.br\\\/hidraulica\\\/wp-content\\\/uploads\\\/sites\\\/56\\\/2019\\\/04\\\/WhatsApp-Image-2016-08-04-at-20.06.46-8.jpeg\",\"width\":1152,\"height\":648},{\"@type\":\"BreadcrumbList\",\"@id\":\"https:\\\/\\\/wordpress.ft.unicamp.br\\\/hidraulica\\\/modulo-experimental-da-equacao-da-continuidade\\\/#breadcrumb\",\"itemListElement\":[{\"@type\":\"ListItem\",\"position\":1,\"name\":\"Home\",\"item\":\"https:\\\/\\\/wordpress.ft.unicamp.br\\\/hidraulica\\\/\"},{\"@type\":\"ListItem\",\"position\":2,\"name\":\"M\u00f3dulo experimental da equa\u00e7\u00e3o da continuidade.\"}]},{\"@type\":\"WebSite\",\"@id\":\"https:\\\/\\\/wordpress.ft.unicamp.br\\\/hidraulica\\\/#website\",\"url\":\"https:\\\/\\\/wordpress.ft.unicamp.br\\\/hidraulica\\\/\",\"name\":\"Laborat\u00f3rio de Hidr\u00e1ulica\",\"description\":\"\",\"potentialAction\":[{\"@type\":\"SearchAction\",\"target\":{\"@type\":\"EntryPoint\",\"urlTemplate\":\"https:\\\/\\\/wordpress.ft.unicamp.br\\\/hidraulica\\\/?s={search_term_string}\"},\"query-input\":{\"@type\":\"PropertyValueSpecification\",\"valueRequired\":true,\"valueName\":\"search_term_string\"}}],\"inLanguage\":\"pt-BR\"}]}<\/script>\n<!-- \/ Yoast SEO plugin. -->","yoast_head_json":{"title":"M\u00f3dulo experimental da equa\u00e7\u00e3o da continuidade. - Laborat\u00f3rio de Hidr\u00e1ulica","robots":{"index":"index","follow":"follow","max-snippet":"max-snippet:-1","max-image-preview":"max-image-preview:large","max-video-preview":"max-video-preview:-1"},"canonical":"https:\/\/wordpress.ft.unicamp.br\/hidraulica\/modulo-experimental-da-equacao-da-continuidade\/","og_locale":"pt_BR","og_type":"article","og_title":"M\u00f3dulo experimental da equa\u00e7\u00e3o da continuidade. - Laborat\u00f3rio de Hidr\u00e1ulica","og_url":"https:\/\/wordpress.ft.unicamp.br\/hidraulica\/modulo-experimental-da-equacao-da-continuidade\/","og_site_name":"Laborat\u00f3rio de Hidr\u00e1ulica","article_modified_time":"2019-08-06T14:34:12+00:00","og_image":[{"width":1152,"height":648,"url":"https:\/\/wordpress.ft.unicamp.br\/hidraulica\/wp-content\/uploads\/sites\/56\/2019\/04\/WhatsApp-Image-2016-08-04-at-20.06.46-8.jpeg","type":"image\/jpeg"}],"twitter_card":"summary_large_image","schema":{"@context":"https:\/\/schema.org","@graph":[{"@type":"WebPage","@id":"https:\/\/wordpress.ft.unicamp.br\/hidraulica\/modulo-experimental-da-equacao-da-continuidade\/","url":"https:\/\/wordpress.ft.unicamp.br\/hidraulica\/modulo-experimental-da-equacao-da-continuidade\/","name":"M\u00f3dulo experimental da equa\u00e7\u00e3o da continuidade. - Laborat\u00f3rio de Hidr\u00e1ulica","isPartOf":{"@id":"https:\/\/wordpress.ft.unicamp.br\/hidraulica\/#website"},"primaryImageOfPage":{"@id":"https:\/\/wordpress.ft.unicamp.br\/hidraulica\/modulo-experimental-da-equacao-da-continuidade\/#primaryimage"},"image":{"@id":"https:\/\/wordpress.ft.unicamp.br\/hidraulica\/modulo-experimental-da-equacao-da-continuidade\/#primaryimage"},"thumbnailUrl":"https:\/\/wordpress.ft.unicamp.br\/hidraulica\/wp-content\/uploads\/sites\/56\/2019\/04\/WhatsApp-Image-2016-08-04-at-20.06.46-8.jpeg","datePublished":"2019-05-07T19:15:51+00:00","dateModified":"2019-08-06T14:34:12+00:00","breadcrumb":{"@id":"https:\/\/wordpress.ft.unicamp.br\/hidraulica\/modulo-experimental-da-equacao-da-continuidade\/#breadcrumb"},"inLanguage":"pt-BR","potentialAction":[{"@type":"ReadAction","target":["https:\/\/wordpress.ft.unicamp.br\/hidraulica\/modulo-experimental-da-equacao-da-continuidade\/"]}]},{"@type":"ImageObject","inLanguage":"pt-BR","@id":"https:\/\/wordpress.ft.unicamp.br\/hidraulica\/modulo-experimental-da-equacao-da-continuidade\/#primaryimage","url":"https:\/\/wordpress.ft.unicamp.br\/hidraulica\/wp-content\/uploads\/sites\/56\/2019\/04\/WhatsApp-Image-2016-08-04-at-20.06.46-8.jpeg","contentUrl":"https:\/\/wordpress.ft.unicamp.br\/hidraulica\/wp-content\/uploads\/sites\/56\/2019\/04\/WhatsApp-Image-2016-08-04-at-20.06.46-8.jpeg","width":1152,"height":648},{"@type":"BreadcrumbList","@id":"https:\/\/wordpress.ft.unicamp.br\/hidraulica\/modulo-experimental-da-equacao-da-continuidade\/#breadcrumb","itemListElement":[{"@type":"ListItem","position":1,"name":"Home","item":"https:\/\/wordpress.ft.unicamp.br\/hidraulica\/"},{"@type":"ListItem","position":2,"name":"M\u00f3dulo experimental da equa\u00e7\u00e3o da continuidade."}]},{"@type":"WebSite","@id":"https:\/\/wordpress.ft.unicamp.br\/hidraulica\/#website","url":"https:\/\/wordpress.ft.unicamp.br\/hidraulica\/","name":"Laborat\u00f3rio de Hidr\u00e1ulica","description":"","potentialAction":[{"@type":"SearchAction","target":{"@type":"EntryPoint","urlTemplate":"https:\/\/wordpress.ft.unicamp.br\/hidraulica\/?s={search_term_string}"},"query-input":{"@type":"PropertyValueSpecification","valueRequired":true,"valueName":"search_term_string"}}],"inLanguage":"pt-BR"}]}},"_links":{"self":[{"href":"https:\/\/wordpress.ft.unicamp.br\/hidraulica\/wp-json\/wp\/v2\/pages\/41","targetHints":{"allow":["GET"]}}],"collection":[{"href":"https:\/\/wordpress.ft.unicamp.br\/hidraulica\/wp-json\/wp\/v2\/pages"}],"about":[{"href":"https:\/\/wordpress.ft.unicamp.br\/hidraulica\/wp-json\/wp\/v2\/types\/page"}],"author":[{"embeddable":true,"href":"https:\/\/wordpress.ft.unicamp.br\/hidraulica\/wp-json\/wp\/v2\/users\/17"}],"replies":[{"embeddable":true,"href":"https:\/\/wordpress.ft.unicamp.br\/hidraulica\/wp-json\/wp\/v2\/comments?post=41"}],"version-history":[{"count":10,"href":"https:\/\/wordpress.ft.unicamp.br\/hidraulica\/wp-json\/wp\/v2\/pages\/41\/revisions"}],"predecessor-version":[{"id":308,"href":"https:\/\/wordpress.ft.unicamp.br\/hidraulica\/wp-json\/wp\/v2\/pages\/41\/revisions\/308"}],"wp:featuredmedia":[{"embeddable":true,"href":"https:\/\/wordpress.ft.unicamp.br\/hidraulica\/wp-json\/wp\/v2\/media\/42"}],"wp:attachment":[{"href":"https:\/\/wordpress.ft.unicamp.br\/hidraulica\/wp-json\/wp\/v2\/media?parent=41"}],"curies":[{"name":"wp","href":"https:\/\/api.w.org\/{rel}","templated":true}]}}