{"id":162,"date":"2023-06-26T23:02:02","date_gmt":"2023-06-26T23:02:02","guid":{"rendered":"https:\/\/wordpress.ft.unicamp.br\/ideiahackerspace\/?page_id=162"},"modified":"2023-08-29T20:25:14","modified_gmt":"2023-08-29T20:25:14","slug":"estrutura","status":"publish","type":"page","link":"https:\/\/wordpress.ft.unicamp.br\/ideiahackerspace\/estrutura\/","title":{"rendered":"estrutura"},"content":{"rendered":"\t\t<div data-elementor-type=\"wp-page\" data-elementor-id=\"162\" class=\"elementor elementor-162\">\n\t\t\t\t<div class=\"elementor-element elementor-element-c09701f e-flex e-con-boxed e-con e-parent\" data-id=\"c09701f\" data-element_type=\"container\" data-e-type=\"container\" data-settings=\"{&quot;background_background&quot;:&quot;classic&quot;}\">\n\t\t\t\t\t<div class=\"e-con-inner\">\n\t\t\t\t<div class=\"elementor-element elementor-element-4659c28 elementor-widget elementor-widget-heading\" data-id=\"4659c28\" data-element_type=\"widget\" data-e-type=\"widget\" data-widget_type=\"heading.default\">\n\t\t\t\t<div class=\"elementor-widget-container\">\n\t\t\t\t\t<h2 class=\"elementor-heading-title elementor-size-default\">Nossa Estrutura<\/h2>\t\t\t\t<\/div>\n\t\t\t\t<\/div>\n\t\t\t\t<div class=\"elementor-element elementor-element-fd7457b elementor-widget elementor-widget-text-editor\" data-id=\"fd7457b\" data-element_type=\"widget\" data-e-type=\"widget\" data-widget_type=\"text-editor.default\">\n\t\t\t\t<div class=\"elementor-widget-container\">\n\t\t\t\t\t\t\t\t\t<h4><span style=\"color: #000000\">Nossa sede fica Faculdade de Tecnologia &#8211; UNICAMP, e como ponto de partida as primeiras reuni\u00f5es dever\u00e3o ocorrer no laborat\u00f3rio Explora.<\/span><\/h4>\t\t\t\t\t\t\t\t<\/div>\n\t\t\t\t<\/div>\n\t\t\t\t\t<\/div>\n\t\t\t\t<\/div>\n\t\t\t\t<\/div>\n\t\t","protected":false},"excerpt":{"rendered":"<p>Nossa Estrutura Nossa sede fica Faculdade de Tecnologia &#8211; UNICAMP, e como ponto de partida as primeiras reuni\u00f5es dever\u00e3o ocorrer no laborat\u00f3rio Explora.<\/p>\n","protected":false},"author":2,"featured_media":0,"parent":0,"menu_order":0,"comment_status":"closed","ping_status":"closed","template":"elementor_header_footer","meta":{"footnotes":""},"class_list":["post-162","page","type-page","status-publish","hentry"],"yoast_head":"<!-- This site is optimized with the Yoast SEO plugin v27.3 - https:\/\/yoast.com\/product\/yoast-seo-wordpress\/ -->\n<title>estrutura - Ideia Hackerspace<\/title>\n<meta name=\"robots\" content=\"index, follow, max-snippet:-1, max-image-preview:large, max-video-preview:-1\" \/>\n<link rel=\"canonical\" href=\"https:\/\/wordpress.ft.unicamp.br\/ideiahackerspace\/estrutura\/\" \/>\n<meta property=\"og:locale\" content=\"pt_BR\" \/>\n<meta property=\"og:type\" content=\"article\" \/>\n<meta property=\"og:title\" content=\"estrutura - Ideia Hackerspace\" \/>\n<meta property=\"og:description\" content=\"Nossa Estrutura Nossa sede fica Faculdade de Tecnologia &#8211; UNICAMP, e como ponto de partida as primeiras reuni\u00f5es dever\u00e3o ocorrer no laborat\u00f3rio Explora.\" \/>\n<meta property=\"og:url\" content=\"https:\/\/wordpress.ft.unicamp.br\/ideiahackerspace\/estrutura\/\" \/>\n<meta property=\"og:site_name\" content=\"Ideia Hackerspace\" \/>\n<meta property=\"article:modified_time\" content=\"2023-08-29T20:25:14+00:00\" \/>\n<meta name=\"twitter:card\" content=\"summary_large_image\" \/>\n<meta name=\"twitter:label1\" content=\"Est. tempo de leitura\" \/>\n\t<meta name=\"twitter:data1\" content=\"1 minuto\" \/>\n<script type=\"application\/ld+json\" class=\"yoast-schema-graph\">{\"@context\":\"https:\\\/\\\/schema.org\",\"@graph\":[{\"@type\":\"WebPage\",\"@id\":\"https:\\\/\\\/wordpress.ft.unicamp.br\\\/ideiahackerspace\\\/estrutura\\\/\",\"url\":\"https:\\\/\\\/wordpress.ft.unicamp.br\\\/ideiahackerspace\\\/estrutura\\\/\",\"name\":\"estrutura - Ideia Hackerspace\",\"isPartOf\":{\"@id\":\"https:\\\/\\\/wordpress.ft.unicamp.br\\\/ideiahackerspace\\\/#website\"},\"datePublished\":\"2023-06-26T23:02:02+00:00\",\"dateModified\":\"2023-08-29T20:25:14+00:00\",\"breadcrumb\":{\"@id\":\"https:\\\/\\\/wordpress.ft.unicamp.br\\\/ideiahackerspace\\\/estrutura\\\/#breadcrumb\"},\"inLanguage\":\"pt-BR\",\"potentialAction\":[{\"@type\":\"ReadAction\",\"target\":[\"https:\\\/\\\/wordpress.ft.unicamp.br\\\/ideiahackerspace\\\/estrutura\\\/\"]}]},{\"@type\":\"BreadcrumbList\",\"@id\":\"https:\\\/\\\/wordpress.ft.unicamp.br\\\/ideiahackerspace\\\/estrutura\\\/#breadcrumb\",\"itemListElement\":[{\"@type\":\"ListItem\",\"position\":1,\"name\":\"Home\",\"item\":\"https:\\\/\\\/wordpress.ft.unicamp.br\\\/ideiahackerspace\\\/\"},{\"@type\":\"ListItem\",\"position\":2,\"name\":\"estrutura\"}]},{\"@type\":\"WebSite\",\"@id\":\"https:\\\/\\\/wordpress.ft.unicamp.br\\\/ideiahackerspace\\\/#website\",\"url\":\"https:\\\/\\\/wordpress.ft.unicamp.br\\\/ideiahackerspace\\\/\",\"name\":\"Ideia Hackerspace\",\"description\":\"\",\"potentialAction\":[{\"@type\":\"SearchAction\",\"target\":{\"@type\":\"EntryPoint\",\"urlTemplate\":\"https:\\\/\\\/wordpress.ft.unicamp.br\\\/ideiahackerspace\\\/?s={search_term_string}\"},\"query-input\":{\"@type\":\"PropertyValueSpecification\",\"valueRequired\":true,\"valueName\":\"search_term_string\"}}],\"inLanguage\":\"pt-BR\"}]}<\/script>\n<!-- \/ Yoast SEO plugin. -->","yoast_head_json":{"title":"estrutura - Ideia Hackerspace","robots":{"index":"index","follow":"follow","max-snippet":"max-snippet:-1","max-image-preview":"max-image-preview:large","max-video-preview":"max-video-preview:-1"},"canonical":"https:\/\/wordpress.ft.unicamp.br\/ideiahackerspace\/estrutura\/","og_locale":"pt_BR","og_type":"article","og_title":"estrutura - Ideia Hackerspace","og_description":"Nossa Estrutura Nossa sede fica Faculdade de Tecnologia &#8211; UNICAMP, e como ponto de partida as primeiras reuni\u00f5es dever\u00e3o ocorrer no laborat\u00f3rio Explora.","og_url":"https:\/\/wordpress.ft.unicamp.br\/ideiahackerspace\/estrutura\/","og_site_name":"Ideia Hackerspace","article_modified_time":"2023-08-29T20:25:14+00:00","twitter_card":"summary_large_image","twitter_misc":{"Est. tempo de leitura":"1 minuto"},"schema":{"@context":"https:\/\/schema.org","@graph":[{"@type":"WebPage","@id":"https:\/\/wordpress.ft.unicamp.br\/ideiahackerspace\/estrutura\/","url":"https:\/\/wordpress.ft.unicamp.br\/ideiahackerspace\/estrutura\/","name":"estrutura - Ideia Hackerspace","isPartOf":{"@id":"https:\/\/wordpress.ft.unicamp.br\/ideiahackerspace\/#website"},"datePublished":"2023-06-26T23:02:02+00:00","dateModified":"2023-08-29T20:25:14+00:00","breadcrumb":{"@id":"https:\/\/wordpress.ft.unicamp.br\/ideiahackerspace\/estrutura\/#breadcrumb"},"inLanguage":"pt-BR","potentialAction":[{"@type":"ReadAction","target":["https:\/\/wordpress.ft.unicamp.br\/ideiahackerspace\/estrutura\/"]}]},{"@type":"BreadcrumbList","@id":"https:\/\/wordpress.ft.unicamp.br\/ideiahackerspace\/estrutura\/#breadcrumb","itemListElement":[{"@type":"ListItem","position":1,"name":"Home","item":"https:\/\/wordpress.ft.unicamp.br\/ideiahackerspace\/"},{"@type":"ListItem","position":2,"name":"estrutura"}]},{"@type":"WebSite","@id":"https:\/\/wordpress.ft.unicamp.br\/ideiahackerspace\/#website","url":"https:\/\/wordpress.ft.unicamp.br\/ideiahackerspace\/","name":"Ideia Hackerspace","description":"","potentialAction":[{"@type":"SearchAction","target":{"@type":"EntryPoint","urlTemplate":"https:\/\/wordpress.ft.unicamp.br\/ideiahackerspace\/?s={search_term_string}"},"query-input":{"@type":"PropertyValueSpecification","valueRequired":true,"valueName":"search_term_string"}}],"inLanguage":"pt-BR"}]}},"_links":{"self":[{"href":"https:\/\/wordpress.ft.unicamp.br\/ideiahackerspace\/wp-json\/wp\/v2\/pages\/162","targetHints":{"allow":["GET"]}}],"collection":[{"href":"https:\/\/wordpress.ft.unicamp.br\/ideiahackerspace\/wp-json\/wp\/v2\/pages"}],"about":[{"href":"https:\/\/wordpress.ft.unicamp.br\/ideiahackerspace\/wp-json\/wp\/v2\/types\/page"}],"author":[{"embeddable":true,"href":"https:\/\/wordpress.ft.unicamp.br\/ideiahackerspace\/wp-json\/wp\/v2\/users\/2"}],"replies":[{"embeddable":true,"href":"https:\/\/wordpress.ft.unicamp.br\/ideiahackerspace\/wp-json\/wp\/v2\/comments?post=162"}],"version-history":[{"count":19,"href":"https:\/\/wordpress.ft.unicamp.br\/ideiahackerspace\/wp-json\/wp\/v2\/pages\/162\/revisions"}],"predecessor-version":[{"id":301,"href":"https:\/\/wordpress.ft.unicamp.br\/ideiahackerspace\/wp-json\/wp\/v2\/pages\/162\/revisions\/301"}],"wp:attachment":[{"href":"https:\/\/wordpress.ft.unicamp.br\/ideiahackerspace\/wp-json\/wp\/v2\/media?parent=162"}],"curies":[{"name":"wp","href":"https:\/\/api.w.org\/{rel}","templated":true}]}}