{"id":270,"date":"2023-08-29T19:55:21","date_gmt":"2023-08-29T19:55:21","guid":{"rendered":"https:\/\/wordpress.ft.unicamp.br\/ideiahackerspace\/?page_id=270"},"modified":"2023-08-30T17:48:21","modified_gmt":"2023-08-30T17:48:21","slug":"saiba-mais","status":"publish","type":"page","link":"https:\/\/wordpress.ft.unicamp.br\/ideiahackerspace\/saiba-mais\/","title":{"rendered":"Saiba Mais"},"content":{"rendered":"\t\t<div data-elementor-type=\"wp-page\" data-elementor-id=\"270\" class=\"elementor elementor-270\">\n\t\t\t\t<div class=\"elementor-element elementor-element-d2f46c1 e-flex e-con-boxed e-con e-parent\" data-id=\"d2f46c1\" data-element_type=\"container\" data-e-type=\"container\" data-settings=\"{&quot;background_background&quot;:&quot;classic&quot;}\">\n\t\t\t\t\t<div class=\"e-con-inner\">\n\t\t\t\t<div class=\"elementor-element elementor-element-cad93c7 elementor-widget elementor-widget-heading\" data-id=\"cad93c7\" data-element_type=\"widget\" data-e-type=\"widget\" data-widget_type=\"heading.default\">\n\t\t\t\t<div class=\"elementor-widget-container\">\n\t\t\t\t\t<h2 class=\"elementor-heading-title elementor-size-default\">Hackerspaces<br><\/h2>\t\t\t\t<\/div>\n\t\t\t\t<\/div>\n\t\t\t\t<div class=\"elementor-element elementor-element-c237c94 elementor-widget elementor-widget-text-editor\" data-id=\"c237c94\" data-element_type=\"widget\" data-e-type=\"widget\" data-widget_type=\"text-editor.default\">\n\t\t\t\t<div class=\"elementor-widget-container\">\n\t\t\t\t\t\t\t\t\t<p>Um hackerspace \u00e9 um espa\u00e7o f\u00edsico colaborativo onde entusiastas de tecnologia, artistas, engenheiros, programadores e outras pessoas interessadas em explorar e criar projetos relacionados \u00e0 tecnologia se re\u00fanem para compartilhar conhecimento, recursos e ideias. Geralmente, os hackerspaces fornecem acesso a ferramentas, equipamentos e espa\u00e7os de trabalho compartilhados, como oficinas, laborat\u00f3rios de eletr\u00f4nica, impressoras 3D e \u00e1reas de programa\u00e7\u00e3o. Al\u00e9m disso, eles promovem uma cultura de aprendizado conjunto, colabora\u00e7\u00e3o e inova\u00e7\u00e3o, permitindo que os membros colaborem em projetos individuais ou em grupo, realizem workshops, palestras e eventos para disseminar o conhecimento t\u00e9cnico e criativo. O foco principal de um hackerspace \u00e9 fornecer um ambiente onde as pessoas possam explorar suas paix\u00f5es por tecnologia, experimentar novas ideias e desenvolver suas habilidades em um ambiente de apoio e comunidade.<\/p>\t\t\t\t\t\t\t\t<\/div>\n\t\t\t\t<\/div>\n\t\t\t\t<div class=\"elementor-element elementor-element-b95952a elementor-widget elementor-widget-heading\" data-id=\"b95952a\" data-element_type=\"widget\" data-e-type=\"widget\" data-widget_type=\"heading.default\">\n\t\t\t\t<div class=\"elementor-widget-container\">\n\t\t\t\t\t<h2 class=\"elementor-heading-title elementor-size-default\">Objetivos do Ideia Hackerspace<br><\/h2>\t\t\t\t<\/div>\n\t\t\t\t<\/div>\n\t\t\t\t<div class=\"elementor-element elementor-element-eb922d0 elementor-widget elementor-widget-text-editor\" data-id=\"eb922d0\" data-element_type=\"widget\" data-e-type=\"widget\" data-widget_type=\"text-editor.default\">\n\t\t\t\t<div class=\"elementor-widget-container\">\n\t\t\t\t\t\t\t\t\t<p>O Ideia Hackerspace funcionar\u00e1 como um espa\u00e7o de Ensino n\u00e3o-formal permitindo complementar e ampliar os conhecimentos obtidos nos cursos de gradua\u00e7\u00e3o, principalmente por meio de aplica\u00e7\u00f5es pr\u00e1ticas &#8220;m\u00e3os-na-massa&#8221; desses conhecimentos..<\/p><p><br \/>E tamb\u00e9m permitir\u00e1 aproximar a comunidade externa da Universidade, oferecendo aos aficionados por tecnologia de todas as idades um espa\u00e7o para interagir social e tecnologicamente. Permitir\u00e1 ainda levar a Universidade \u00e0 comunidade, por meio dos produtos resultantes dos projetos demandados por ela.<br \/><br \/><\/p>\t\t\t\t\t\t\t\t<\/div>\n\t\t\t\t<\/div>\n\t\t\t\t\t<\/div>\n\t\t\t\t<\/div>\n\t\t\t\t<\/div>\n\t\t","protected":false},"excerpt":{"rendered":"<p>Hackerspaces Um hackerspace \u00e9 um espa\u00e7o f\u00edsico colaborativo onde entusiastas de tecnologia, artistas, engenheiros, programadores e outras pessoas interessadas em explorar e criar projetos relacionados \u00e0 tecnologia se re\u00fanem para compartilhar conhecimento, recursos e ideias. Geralmente, os hackerspaces fornecem acesso a ferramentas, equipamentos e espa\u00e7os de trabalho compartilhados, como oficinas, laborat\u00f3rios de eletr\u00f4nica, impressoras 3D [&hellip;]<\/p>\n","protected":false},"author":95,"featured_media":0,"parent":0,"menu_order":0,"comment_status":"closed","ping_status":"closed","template":"elementor_header_footer","meta":{"footnotes":""},"class_list":["post-270","page","type-page","status-publish","hentry"],"yoast_head":"<!-- This site is optimized with the Yoast SEO plugin v27.3 - https:\/\/yoast.com\/product\/yoast-seo-wordpress\/ -->\n<title>Saiba Mais - Ideia Hackerspace<\/title>\n<meta name=\"robots\" content=\"index, follow, max-snippet:-1, max-image-preview:large, max-video-preview:-1\" \/>\n<link rel=\"canonical\" href=\"https:\/\/wordpress.ft.unicamp.br\/ideiahackerspace\/saiba-mais\/\" \/>\n<meta property=\"og:locale\" content=\"pt_BR\" \/>\n<meta property=\"og:type\" content=\"article\" \/>\n<meta property=\"og:title\" content=\"Saiba Mais - Ideia Hackerspace\" \/>\n<meta property=\"og:description\" content=\"Hackerspaces Um hackerspace \u00e9 um espa\u00e7o f\u00edsico colaborativo onde entusiastas de tecnologia, artistas, engenheiros, programadores e outras pessoas interessadas em explorar e criar projetos relacionados \u00e0 tecnologia se re\u00fanem para compartilhar conhecimento, recursos e ideias. Geralmente, os hackerspaces fornecem acesso a ferramentas, equipamentos e espa\u00e7os de trabalho compartilhados, como oficinas, laborat\u00f3rios de eletr\u00f4nica, impressoras 3D [&hellip;]\" \/>\n<meta property=\"og:url\" content=\"https:\/\/wordpress.ft.unicamp.br\/ideiahackerspace\/saiba-mais\/\" \/>\n<meta property=\"og:site_name\" content=\"Ideia Hackerspace\" \/>\n<meta property=\"article:modified_time\" content=\"2023-08-30T17:48:21+00:00\" \/>\n<meta name=\"twitter:card\" content=\"summary_large_image\" \/>\n<meta name=\"twitter:label1\" content=\"Est. tempo de leitura\" \/>\n\t<meta name=\"twitter:data1\" content=\"2 minutos\" \/>\n<script type=\"application\/ld+json\" class=\"yoast-schema-graph\">{\"@context\":\"https:\\\/\\\/schema.org\",\"@graph\":[{\"@type\":\"WebPage\",\"@id\":\"https:\\\/\\\/wordpress.ft.unicamp.br\\\/ideiahackerspace\\\/saiba-mais\\\/\",\"url\":\"https:\\\/\\\/wordpress.ft.unicamp.br\\\/ideiahackerspace\\\/saiba-mais\\\/\",\"name\":\"Saiba Mais - Ideia Hackerspace\",\"isPartOf\":{\"@id\":\"https:\\\/\\\/wordpress.ft.unicamp.br\\\/ideiahackerspace\\\/#website\"},\"datePublished\":\"2023-08-29T19:55:21+00:00\",\"dateModified\":\"2023-08-30T17:48:21+00:00\",\"breadcrumb\":{\"@id\":\"https:\\\/\\\/wordpress.ft.unicamp.br\\\/ideiahackerspace\\\/saiba-mais\\\/#breadcrumb\"},\"inLanguage\":\"pt-BR\",\"potentialAction\":[{\"@type\":\"ReadAction\",\"target\":[\"https:\\\/\\\/wordpress.ft.unicamp.br\\\/ideiahackerspace\\\/saiba-mais\\\/\"]}]},{\"@type\":\"BreadcrumbList\",\"@id\":\"https:\\\/\\\/wordpress.ft.unicamp.br\\\/ideiahackerspace\\\/saiba-mais\\\/#breadcrumb\",\"itemListElement\":[{\"@type\":\"ListItem\",\"position\":1,\"name\":\"Home\",\"item\":\"https:\\\/\\\/wordpress.ft.unicamp.br\\\/ideiahackerspace\\\/\"},{\"@type\":\"ListItem\",\"position\":2,\"name\":\"Saiba Mais\"}]},{\"@type\":\"WebSite\",\"@id\":\"https:\\\/\\\/wordpress.ft.unicamp.br\\\/ideiahackerspace\\\/#website\",\"url\":\"https:\\\/\\\/wordpress.ft.unicamp.br\\\/ideiahackerspace\\\/\",\"name\":\"Ideia Hackerspace\",\"description\":\"\",\"potentialAction\":[{\"@type\":\"SearchAction\",\"target\":{\"@type\":\"EntryPoint\",\"urlTemplate\":\"https:\\\/\\\/wordpress.ft.unicamp.br\\\/ideiahackerspace\\\/?s={search_term_string}\"},\"query-input\":{\"@type\":\"PropertyValueSpecification\",\"valueRequired\":true,\"valueName\":\"search_term_string\"}}],\"inLanguage\":\"pt-BR\"}]}<\/script>\n<!-- \/ Yoast SEO plugin. -->","yoast_head_json":{"title":"Saiba Mais - Ideia Hackerspace","robots":{"index":"index","follow":"follow","max-snippet":"max-snippet:-1","max-image-preview":"max-image-preview:large","max-video-preview":"max-video-preview:-1"},"canonical":"https:\/\/wordpress.ft.unicamp.br\/ideiahackerspace\/saiba-mais\/","og_locale":"pt_BR","og_type":"article","og_title":"Saiba Mais - Ideia Hackerspace","og_description":"Hackerspaces Um hackerspace \u00e9 um espa\u00e7o f\u00edsico colaborativo onde entusiastas de tecnologia, artistas, engenheiros, programadores e outras pessoas interessadas em explorar e criar projetos relacionados \u00e0 tecnologia se re\u00fanem para compartilhar conhecimento, recursos e ideias. Geralmente, os hackerspaces fornecem acesso a ferramentas, equipamentos e espa\u00e7os de trabalho compartilhados, como oficinas, laborat\u00f3rios de eletr\u00f4nica, impressoras 3D [&hellip;]","og_url":"https:\/\/wordpress.ft.unicamp.br\/ideiahackerspace\/saiba-mais\/","og_site_name":"Ideia Hackerspace","article_modified_time":"2023-08-30T17:48:21+00:00","twitter_card":"summary_large_image","twitter_misc":{"Est. tempo de leitura":"2 minutos"},"schema":{"@context":"https:\/\/schema.org","@graph":[{"@type":"WebPage","@id":"https:\/\/wordpress.ft.unicamp.br\/ideiahackerspace\/saiba-mais\/","url":"https:\/\/wordpress.ft.unicamp.br\/ideiahackerspace\/saiba-mais\/","name":"Saiba Mais - Ideia Hackerspace","isPartOf":{"@id":"https:\/\/wordpress.ft.unicamp.br\/ideiahackerspace\/#website"},"datePublished":"2023-08-29T19:55:21+00:00","dateModified":"2023-08-30T17:48:21+00:00","breadcrumb":{"@id":"https:\/\/wordpress.ft.unicamp.br\/ideiahackerspace\/saiba-mais\/#breadcrumb"},"inLanguage":"pt-BR","potentialAction":[{"@type":"ReadAction","target":["https:\/\/wordpress.ft.unicamp.br\/ideiahackerspace\/saiba-mais\/"]}]},{"@type":"BreadcrumbList","@id":"https:\/\/wordpress.ft.unicamp.br\/ideiahackerspace\/saiba-mais\/#breadcrumb","itemListElement":[{"@type":"ListItem","position":1,"name":"Home","item":"https:\/\/wordpress.ft.unicamp.br\/ideiahackerspace\/"},{"@type":"ListItem","position":2,"name":"Saiba Mais"}]},{"@type":"WebSite","@id":"https:\/\/wordpress.ft.unicamp.br\/ideiahackerspace\/#website","url":"https:\/\/wordpress.ft.unicamp.br\/ideiahackerspace\/","name":"Ideia Hackerspace","description":"","potentialAction":[{"@type":"SearchAction","target":{"@type":"EntryPoint","urlTemplate":"https:\/\/wordpress.ft.unicamp.br\/ideiahackerspace\/?s={search_term_string}"},"query-input":{"@type":"PropertyValueSpecification","valueRequired":true,"valueName":"search_term_string"}}],"inLanguage":"pt-BR"}]}},"_links":{"self":[{"href":"https:\/\/wordpress.ft.unicamp.br\/ideiahackerspace\/wp-json\/wp\/v2\/pages\/270","targetHints":{"allow":["GET"]}}],"collection":[{"href":"https:\/\/wordpress.ft.unicamp.br\/ideiahackerspace\/wp-json\/wp\/v2\/pages"}],"about":[{"href":"https:\/\/wordpress.ft.unicamp.br\/ideiahackerspace\/wp-json\/wp\/v2\/types\/page"}],"author":[{"embeddable":true,"href":"https:\/\/wordpress.ft.unicamp.br\/ideiahackerspace\/wp-json\/wp\/v2\/users\/95"}],"replies":[{"embeddable":true,"href":"https:\/\/wordpress.ft.unicamp.br\/ideiahackerspace\/wp-json\/wp\/v2\/comments?post=270"}],"version-history":[{"count":25,"href":"https:\/\/wordpress.ft.unicamp.br\/ideiahackerspace\/wp-json\/wp\/v2\/pages\/270\/revisions"}],"predecessor-version":[{"id":325,"href":"https:\/\/wordpress.ft.unicamp.br\/ideiahackerspace\/wp-json\/wp\/v2\/pages\/270\/revisions\/325"}],"wp:attachment":[{"href":"https:\/\/wordpress.ft.unicamp.br\/ideiahackerspace\/wp-json\/wp\/v2\/media?parent=270"}],"curies":[{"name":"wp","href":"https:\/\/api.w.org\/{rel}","templated":true}]}}