{"id":6,"date":"2023-06-23T01:10:44","date_gmt":"2023-06-23T01:10:44","guid":{"rendered":"https:\/\/wordpress.ft.unicamp.br\/ideiahackerspace\/?page_id=6"},"modified":"2023-08-30T17:41:24","modified_gmt":"2023-08-30T17:41:24","slug":"home","status":"publish","type":"page","link":"https:\/\/wordpress.ft.unicamp.br\/ideiahackerspace\/","title":{"rendered":"Home"},"content":{"rendered":"\t\t<div data-elementor-type=\"wp-page\" data-elementor-id=\"6\" class=\"elementor elementor-6\">\n\t\t\t\t<div class=\"elementor-element elementor-element-1b43b16 e-flex e-con-boxed e-con e-parent\" data-id=\"1b43b16\" data-element_type=\"container\" data-e-type=\"container\" data-settings=\"{&quot;background_background&quot;:&quot;classic&quot;}\">\n\t\t\t\t\t<div class=\"e-con-inner\">\n\t\t\t\t<div class=\"elementor-element elementor-element-b2eacd3 elementor-widget elementor-widget-text-editor\" data-id=\"b2eacd3\" data-element_type=\"widget\" data-e-type=\"widget\" data-widget_type=\"text-editor.default\">\n\t\t\t\t<div class=\"elementor-widget-container\">\n\t\t\t\t\t\t\t\t\t<p>O <strong>Ideia Hackerspace<\/strong> tem como objetivo oferecer condi\u00e7\u00f5es para reunir pessoas da comunidade interna e externa para discutir problemas da comunidade e propor solu\u00e7\u00f5es baseadas na integra\u00e7\u00e3o de tecnologias. Dentre essas tecnologias est\u00e3o, por exemplo, eletr\u00f4nica, rob\u00f3tica e computa\u00e7\u00e3o.<\/p>\t\t\t\t\t\t\t\t<\/div>\n\t\t\t\t<\/div>\n\t\t\t\t\t<\/div>\n\t\t\t\t<\/div>\n\t\t<div class=\"elementor-element elementor-element-37350ff e-flex e-con-boxed e-con e-parent\" data-id=\"37350ff\" data-element_type=\"container\" data-e-type=\"container\">\n\t\t\t\t\t<div class=\"e-con-inner\">\n\t\t<div class=\"elementor-element elementor-element-823e990 e-con-full e-flex e-con e-parent\" data-id=\"823e990\" data-element_type=\"container\" data-e-type=\"container\">\n\t\t\t\t<div class=\"elementor-element elementor-element-2b58e11 elementor-widget elementor-widget-heading\" data-id=\"2b58e11\" data-element_type=\"widget\" data-e-type=\"widget\" data-widget_type=\"heading.default\">\n\t\t\t\t<div class=\"elementor-widget-container\">\n\t\t\t\t\t<h1 class=\"elementor-heading-title elementor-size-large\"><a href=\"https:\/\/wordpress.ft.unicamp.br\/ideiahackerspace\/saiba-mais\/\">Saiba Mais<\/a><\/h1>\t\t\t\t<\/div>\n\t\t\t\t<\/div>\n\t\t\t\t<div class=\"elementor-element elementor-element-0e811b7 elementor-widget elementor-widget-image\" data-id=\"0e811b7\" data-element_type=\"widget\" data-e-type=\"widget\" data-widget_type=\"image.default\">\n\t\t\t\t<div class=\"elementor-widget-container\">\n\t\t\t\t\t\t\t\t\t\t\t\t\t\t\t\t<a href=\"https:\/\/wordpress.ft.unicamp.br\/ideiahackerspace\/saiba-mais\/\">\n\t\t\t\t\t\t\t<img decoding=\"async\" width=\"150\" height=\"150\" src=\"https:\/\/wordpress.ft.unicamp.br\/ideiahackerspace\/wp-content\/uploads\/sites\/82\/2023\/08\/sobrenos-150x150.png\" class=\"attachment-thumbnail size-thumbnail wp-image-260\" alt=\"\" srcset=\"https:\/\/wordpress.ft.unicamp.br\/ideiahackerspace\/wp-content\/uploads\/sites\/82\/2023\/08\/sobrenos-150x150.png 150w, https:\/\/wordpress.ft.unicamp.br\/ideiahackerspace\/wp-content\/uploads\/sites\/82\/2023\/08\/sobrenos-300x300.png 300w, https:\/\/wordpress.ft.unicamp.br\/ideiahackerspace\/wp-content\/uploads\/sites\/82\/2023\/08\/sobrenos-230x230.png 230w, https:\/\/wordpress.ft.unicamp.br\/ideiahackerspace\/wp-content\/uploads\/sites\/82\/2023\/08\/sobrenos-400x400.png 400w, https:\/\/wordpress.ft.unicamp.br\/ideiahackerspace\/wp-content\/uploads\/sites\/82\/2023\/08\/sobrenos.png 512w\" sizes=\"(max-width: 150px) 100vw, 150px\" \/>\t\t\t\t\t\t\t\t<\/a>\n\t\t\t\t\t\t\t\t\t\t\t\t\t\t\t<\/div>\n\t\t\t\t<\/div>\n\t\t\t\t<\/div>\n\t\t<div class=\"elementor-element elementor-element-f082b68 e-con-full e-flex e-con e-parent\" data-id=\"f082b68\" data-element_type=\"container\" data-e-type=\"container\">\n\t\t\t\t<div class=\"elementor-element elementor-element-d1056c9 elementor-widget elementor-widget-heading\" data-id=\"d1056c9\" data-element_type=\"widget\" data-e-type=\"widget\" data-widget_type=\"heading.default\">\n\t\t\t\t<div class=\"elementor-widget-container\">\n\t\t\t\t\t<h2 class=\"elementor-heading-title elementor-size-large\"><a href=\"https:\/\/wordpress.ft.unicamp.br\/ideiahackerspace\/estrutura\/\">Nossa Infraestrutura<\/a><\/h2>\t\t\t\t<\/div>\n\t\t\t\t<\/div>\n\t\t\t\t<div class=\"elementor-element elementor-element-61c9665 elementor-widget__width-initial elementor-widget elementor-widget-image\" data-id=\"61c9665\" data-element_type=\"widget\" data-e-type=\"widget\" data-widget_type=\"image.default\">\n\t\t\t\t<div class=\"elementor-widget-container\">\n\t\t\t\t\t\t\t\t\t\t\t\t\t\t\t\t<a href=\"https:\/\/wordpress.ft.unicamp.br\/ideiahackerspace\/estrutura\/\">\n\t\t\t\t\t\t\t<img decoding=\"async\" width=\"150\" height=\"150\" src=\"https:\/\/wordpress.ft.unicamp.br\/ideiahackerspace\/wp-content\/uploads\/sites\/82\/2023\/06\/infra-1.png\" class=\"attachment-large size-large wp-image-90\" alt=\"\" \/>\t\t\t\t\t\t\t\t<\/a>\n\t\t\t\t\t\t\t\t\t\t\t\t\t\t\t<\/div>\n\t\t\t\t<\/div>\n\t\t\t\t<\/div>\n\t\t<div class=\"elementor-element elementor-element-453c4a6 e-con-full e-flex e-con e-parent\" data-id=\"453c4a6\" data-element_type=\"container\" data-e-type=\"container\">\n\t\t\t\t<div class=\"elementor-element elementor-element-78a9988 elementor-widget elementor-widget-heading\" data-id=\"78a9988\" data-element_type=\"widget\" data-e-type=\"widget\" data-widget_type=\"heading.default\">\n\t\t\t\t<div class=\"elementor-widget-container\">\n\t\t\t\t\t<h2 class=\"elementor-heading-title elementor-size-large\"><a href=\"https:\/\/wordpress.ft.unicamp.br\/ideiahackerspace\/projetos\/\">Projetos<\/a><\/h2>\t\t\t\t<\/div>\n\t\t\t\t<\/div>\n\t\t\t\t<div class=\"elementor-element elementor-element-a0c863d elementor-widget elementor-widget-image\" data-id=\"a0c863d\" data-element_type=\"widget\" data-e-type=\"widget\" data-widget_type=\"image.default\">\n\t\t\t\t<div class=\"elementor-widget-container\">\n\t\t\t\t\t\t\t\t\t\t\t\t\t\t\t\t<a href=\"https:\/\/wordpress.ft.unicamp.br\/ideiahackerspace\/projetos\/\">\n\t\t\t\t\t\t\t<img decoding=\"async\" width=\"150\" height=\"150\" src=\"https:\/\/wordpress.ft.unicamp.br\/ideiahackerspace\/wp-content\/uploads\/sites\/82\/2023\/06\/projetos-1.png\" class=\"attachment-large size-large wp-image-95\" alt=\"\" \/>\t\t\t\t\t\t\t\t<\/a>\n\t\t\t\t\t\t\t\t\t\t\t\t\t\t\t<\/div>\n\t\t\t\t<\/div>\n\t\t\t\t<\/div>\n\t\t<div class=\"elementor-element elementor-element-6c47c3b e-con-full e-flex e-con e-parent\" data-id=\"6c47c3b\" data-element_type=\"container\" data-e-type=\"container\">\n\t\t\t\t<div class=\"elementor-element elementor-element-b00573e elementor-widget elementor-widget-heading\" data-id=\"b00573e\" data-element_type=\"widget\" data-e-type=\"widget\" data-widget_type=\"heading.default\">\n\t\t\t\t<div class=\"elementor-widget-container\">\n\t\t\t\t\t<h2 class=\"elementor-heading-title elementor-size-large\"><a href=\"https:\/\/wordpress.ft.unicamp.br\/ideiahackerspace\/equipe\/\">Equipe<\/a><\/h2>\t\t\t\t<\/div>\n\t\t\t\t<\/div>\n\t\t\t\t<div class=\"elementor-element elementor-element-bc52eb5 elementor-widget elementor-widget-image\" data-id=\"bc52eb5\" data-element_type=\"widget\" data-e-type=\"widget\" data-widget_type=\"image.default\">\n\t\t\t\t<div class=\"elementor-widget-container\">\n\t\t\t\t\t\t\t\t\t\t\t\t\t\t\t\t<a href=\"https:\/\/wordpress.ft.unicamp.br\/ideiahackerspace\/equipe\/\">\n\t\t\t\t\t\t\t<img loading=\"lazy\" decoding=\"async\" width=\"150\" height=\"150\" src=\"https:\/\/wordpress.ft.unicamp.br\/ideiahackerspace\/wp-content\/uploads\/sites\/82\/2023\/06\/equipe-1.jpg\" class=\"attachment-large size-large wp-image-96\" alt=\"\" \/>\t\t\t\t\t\t\t\t<\/a>\n\t\t\t\t\t\t\t\t\t\t\t\t\t\t\t<\/div>\n\t\t\t\t<\/div>\n\t\t\t\t<\/div>\n\t\t\t\t\t<\/div>\n\t\t\t\t<\/div>\n\t\t<div class=\"elementor-element elementor-element-1ed3419 e-flex e-con-boxed e-con e-parent\" data-id=\"1ed3419\" data-element_type=\"container\" data-e-type=\"container\">\n\t\t\t\t\t<div class=\"e-con-inner\">\n\t\t\t\t\t<\/div>\n\t\t\t\t<\/div>\n\t\t\t\t<\/div>\n\t\t","protected":false},"excerpt":{"rendered":"<p>O Ideia Hackerspace tem como objetivo oferecer condi\u00e7\u00f5es para reunir pessoas da comunidade interna e externa para discutir problemas da comunidade e propor solu\u00e7\u00f5es baseadas na integra\u00e7\u00e3o de tecnologias. Dentre essas tecnologias est\u00e3o, por exemplo, eletr\u00f4nica, rob\u00f3tica e computa\u00e7\u00e3o. Saiba Mais Nossa Infraestrutura Projetos Equipe<\/p>\n","protected":false},"author":2,"featured_media":0,"parent":0,"menu_order":0,"comment_status":"closed","ping_status":"closed","template":"elementor_header_footer","meta":{"footnotes":""},"class_list":["post-6","page","type-page","status-publish","hentry"],"yoast_head":"<!-- This site is optimized with the Yoast SEO plugin v27.3 - https:\/\/yoast.com\/product\/yoast-seo-wordpress\/ -->\n<title>Home - Ideia Hackerspace<\/title>\n<meta name=\"robots\" content=\"index, follow, max-snippet:-1, max-image-preview:large, max-video-preview:-1\" \/>\n<link rel=\"canonical\" href=\"https:\/\/wordpress.ft.unicamp.br\/ideiahackerspace\/\" \/>\n<meta property=\"og:locale\" content=\"pt_BR\" \/>\n<meta property=\"og:type\" content=\"article\" \/>\n<meta property=\"og:title\" content=\"Home - Ideia Hackerspace\" \/>\n<meta property=\"og:description\" content=\"O Ideia Hackerspace tem como objetivo oferecer condi\u00e7\u00f5es para reunir pessoas da comunidade interna e externa para discutir problemas da comunidade e propor solu\u00e7\u00f5es baseadas na integra\u00e7\u00e3o de tecnologias. Dentre essas tecnologias est\u00e3o, por exemplo, eletr\u00f4nica, rob\u00f3tica e computa\u00e7\u00e3o. Saiba Mais Nossa Infraestrutura Projetos Equipe\" \/>\n<meta property=\"og:url\" content=\"https:\/\/wordpress.ft.unicamp.br\/ideiahackerspace\/\" \/>\n<meta property=\"og:site_name\" content=\"Ideia Hackerspace\" \/>\n<meta property=\"article:modified_time\" content=\"2023-08-30T17:41:24+00:00\" \/>\n<meta property=\"og:image\" content=\"http:\/\/wordpress.ft.unicamp.br\/ideiahackerspace\/wp-content\/uploads\/sites\/82\/2023\/08\/sobrenos-150x150.png\" \/>\n<meta name=\"twitter:card\" content=\"summary_large_image\" \/>\n<meta name=\"twitter:label1\" content=\"Est. tempo de leitura\" \/>\n\t<meta name=\"twitter:data1\" content=\"2 minutos\" \/>\n<script type=\"application\/ld+json\" class=\"yoast-schema-graph\">{\"@context\":\"https:\\\/\\\/schema.org\",\"@graph\":[{\"@type\":\"WebPage\",\"@id\":\"https:\\\/\\\/wordpress.ft.unicamp.br\\\/ideiahackerspace\\\/\",\"url\":\"https:\\\/\\\/wordpress.ft.unicamp.br\\\/ideiahackerspace\\\/\",\"name\":\"Home - Ideia Hackerspace\",\"isPartOf\":{\"@id\":\"https:\\\/\\\/wordpress.ft.unicamp.br\\\/ideiahackerspace\\\/#website\"},\"primaryImageOfPage\":{\"@id\":\"https:\\\/\\\/wordpress.ft.unicamp.br\\\/ideiahackerspace\\\/#primaryimage\"},\"image\":{\"@id\":\"https:\\\/\\\/wordpress.ft.unicamp.br\\\/ideiahackerspace\\\/#primaryimage\"},\"thumbnailUrl\":\"http:\\\/\\\/wordpress.ft.unicamp.br\\\/ideiahackerspace\\\/wp-content\\\/uploads\\\/sites\\\/82\\\/2023\\\/08\\\/sobrenos-150x150.png\",\"datePublished\":\"2023-06-23T01:10:44+00:00\",\"dateModified\":\"2023-08-30T17:41:24+00:00\",\"breadcrumb\":{\"@id\":\"https:\\\/\\\/wordpress.ft.unicamp.br\\\/ideiahackerspace\\\/#breadcrumb\"},\"inLanguage\":\"pt-BR\",\"potentialAction\":[{\"@type\":\"ReadAction\",\"target\":[\"https:\\\/\\\/wordpress.ft.unicamp.br\\\/ideiahackerspace\\\/\"]}]},{\"@type\":\"ImageObject\",\"inLanguage\":\"pt-BR\",\"@id\":\"https:\\\/\\\/wordpress.ft.unicamp.br\\\/ideiahackerspace\\\/#primaryimage\",\"url\":\"http:\\\/\\\/wordpress.ft.unicamp.br\\\/ideiahackerspace\\\/wp-content\\\/uploads\\\/sites\\\/82\\\/2023\\\/08\\\/sobrenos-150x150.png\",\"contentUrl\":\"http:\\\/\\\/wordpress.ft.unicamp.br\\\/ideiahackerspace\\\/wp-content\\\/uploads\\\/sites\\\/82\\\/2023\\\/08\\\/sobrenos-150x150.png\"},{\"@type\":\"BreadcrumbList\",\"@id\":\"https:\\\/\\\/wordpress.ft.unicamp.br\\\/ideiahackerspace\\\/#breadcrumb\",\"itemListElement\":[{\"@type\":\"ListItem\",\"position\":1,\"name\":\"Home\",\"item\":\"https:\\\/\\\/wordpress.ft.unicamp.br\\\/ideiahackerspace\\\/\"},{\"@type\":\"ListItem\",\"position\":2,\"name\":\"Home\"}]},{\"@type\":\"WebSite\",\"@id\":\"https:\\\/\\\/wordpress.ft.unicamp.br\\\/ideiahackerspace\\\/#website\",\"url\":\"https:\\\/\\\/wordpress.ft.unicamp.br\\\/ideiahackerspace\\\/\",\"name\":\"Ideia Hackerspace\",\"description\":\"\",\"potentialAction\":[{\"@type\":\"SearchAction\",\"target\":{\"@type\":\"EntryPoint\",\"urlTemplate\":\"https:\\\/\\\/wordpress.ft.unicamp.br\\\/ideiahackerspace\\\/?s={search_term_string}\"},\"query-input\":{\"@type\":\"PropertyValueSpecification\",\"valueRequired\":true,\"valueName\":\"search_term_string\"}}],\"inLanguage\":\"pt-BR\"}]}<\/script>\n<!-- \/ Yoast SEO plugin. -->","yoast_head_json":{"title":"Home - Ideia Hackerspace","robots":{"index":"index","follow":"follow","max-snippet":"max-snippet:-1","max-image-preview":"max-image-preview:large","max-video-preview":"max-video-preview:-1"},"canonical":"https:\/\/wordpress.ft.unicamp.br\/ideiahackerspace\/","og_locale":"pt_BR","og_type":"article","og_title":"Home - Ideia Hackerspace","og_description":"O Ideia Hackerspace tem como objetivo oferecer condi\u00e7\u00f5es para reunir pessoas da comunidade interna e externa para discutir problemas da comunidade e propor solu\u00e7\u00f5es baseadas na integra\u00e7\u00e3o de tecnologias. Dentre essas tecnologias est\u00e3o, por exemplo, eletr\u00f4nica, rob\u00f3tica e computa\u00e7\u00e3o. Saiba Mais Nossa Infraestrutura Projetos Equipe","og_url":"https:\/\/wordpress.ft.unicamp.br\/ideiahackerspace\/","og_site_name":"Ideia Hackerspace","article_modified_time":"2023-08-30T17:41:24+00:00","og_image":[{"url":"http:\/\/wordpress.ft.unicamp.br\/ideiahackerspace\/wp-content\/uploads\/sites\/82\/2023\/08\/sobrenos-150x150.png","type":"","width":"","height":""}],"twitter_card":"summary_large_image","twitter_misc":{"Est. tempo de leitura":"2 minutos"},"schema":{"@context":"https:\/\/schema.org","@graph":[{"@type":"WebPage","@id":"https:\/\/wordpress.ft.unicamp.br\/ideiahackerspace\/","url":"https:\/\/wordpress.ft.unicamp.br\/ideiahackerspace\/","name":"Home - Ideia Hackerspace","isPartOf":{"@id":"https:\/\/wordpress.ft.unicamp.br\/ideiahackerspace\/#website"},"primaryImageOfPage":{"@id":"https:\/\/wordpress.ft.unicamp.br\/ideiahackerspace\/#primaryimage"},"image":{"@id":"https:\/\/wordpress.ft.unicamp.br\/ideiahackerspace\/#primaryimage"},"thumbnailUrl":"http:\/\/wordpress.ft.unicamp.br\/ideiahackerspace\/wp-content\/uploads\/sites\/82\/2023\/08\/sobrenos-150x150.png","datePublished":"2023-06-23T01:10:44+00:00","dateModified":"2023-08-30T17:41:24+00:00","breadcrumb":{"@id":"https:\/\/wordpress.ft.unicamp.br\/ideiahackerspace\/#breadcrumb"},"inLanguage":"pt-BR","potentialAction":[{"@type":"ReadAction","target":["https:\/\/wordpress.ft.unicamp.br\/ideiahackerspace\/"]}]},{"@type":"ImageObject","inLanguage":"pt-BR","@id":"https:\/\/wordpress.ft.unicamp.br\/ideiahackerspace\/#primaryimage","url":"http:\/\/wordpress.ft.unicamp.br\/ideiahackerspace\/wp-content\/uploads\/sites\/82\/2023\/08\/sobrenos-150x150.png","contentUrl":"http:\/\/wordpress.ft.unicamp.br\/ideiahackerspace\/wp-content\/uploads\/sites\/82\/2023\/08\/sobrenos-150x150.png"},{"@type":"BreadcrumbList","@id":"https:\/\/wordpress.ft.unicamp.br\/ideiahackerspace\/#breadcrumb","itemListElement":[{"@type":"ListItem","position":1,"name":"Home","item":"https:\/\/wordpress.ft.unicamp.br\/ideiahackerspace\/"},{"@type":"ListItem","position":2,"name":"Home"}]},{"@type":"WebSite","@id":"https:\/\/wordpress.ft.unicamp.br\/ideiahackerspace\/#website","url":"https:\/\/wordpress.ft.unicamp.br\/ideiahackerspace\/","name":"Ideia Hackerspace","description":"","potentialAction":[{"@type":"SearchAction","target":{"@type":"EntryPoint","urlTemplate":"https:\/\/wordpress.ft.unicamp.br\/ideiahackerspace\/?s={search_term_string}"},"query-input":{"@type":"PropertyValueSpecification","valueRequired":true,"valueName":"search_term_string"}}],"inLanguage":"pt-BR"}]}},"_links":{"self":[{"href":"https:\/\/wordpress.ft.unicamp.br\/ideiahackerspace\/wp-json\/wp\/v2\/pages\/6","targetHints":{"allow":["GET"]}}],"collection":[{"href":"https:\/\/wordpress.ft.unicamp.br\/ideiahackerspace\/wp-json\/wp\/v2\/pages"}],"about":[{"href":"https:\/\/wordpress.ft.unicamp.br\/ideiahackerspace\/wp-json\/wp\/v2\/types\/page"}],"author":[{"embeddable":true,"href":"https:\/\/wordpress.ft.unicamp.br\/ideiahackerspace\/wp-json\/wp\/v2\/users\/2"}],"replies":[{"embeddable":true,"href":"https:\/\/wordpress.ft.unicamp.br\/ideiahackerspace\/wp-json\/wp\/v2\/comments?post=6"}],"version-history":[{"count":77,"href":"https:\/\/wordpress.ft.unicamp.br\/ideiahackerspace\/wp-json\/wp\/v2\/pages\/6\/revisions"}],"predecessor-version":[{"id":316,"href":"https:\/\/wordpress.ft.unicamp.br\/ideiahackerspace\/wp-json\/wp\/v2\/pages\/6\/revisions\/316"}],"wp:attachment":[{"href":"https:\/\/wordpress.ft.unicamp.br\/ideiahackerspace\/wp-json\/wp\/v2\/media?parent=6"}],"curies":[{"name":"wp","href":"https:\/\/api.w.org\/{rel}","templated":true}]}}