{"id":271,"date":"2015-08-17T20:58:27","date_gmt":"2015-08-17T20:58:27","guid":{"rendered":"http:\/\/www.ft.unicamp.br\/informatica\/?page_id=271"},"modified":"2015-08-17T20:58:27","modified_gmt":"2015-08-17T20:58:27","slug":"ft-aplle-ios","status":"publish","type":"page","link":"https:\/\/wordpress.ft.unicamp.br\/informatica\/redes-sem-fio\/ft\/ft-aplle\/ft-aplle-ios\/","title":{"rendered":"FT &#8211; Apple &#8211; IOS"},"content":{"rendered":"<p><strong>Iphone<\/strong><\/p>\n<p>Ao entrar\u00a0nas configura\u00e7\u00f5es &#8220;Wi-Fi\u201d no menu ajustes do seu Iphone, algumas redes estar\u00e3o dispon\u00edveis para acesso. Clique na rede \u201cft\u201d.<\/p>\n<p><img fetchpriority=\"high\" decoding=\"async\" class=\"alignnone size-medium wp-image-308\" src=\"http:\/\/wordpress.ft.unicamp.br\/informatica\/wp-content\/uploads\/sites\/4\/2015\/08\/IMG_0115-200x300.png\" alt=\"IMG_0115\" width=\"200\" height=\"300\" srcset=\"https:\/\/wordpress.ft.unicamp.br\/informatica\/wp-content\/uploads\/sites\/4\/2015\/08\/IMG_0115-200x300.png 200w, https:\/\/wordpress.ft.unicamp.br\/informatica\/wp-content\/uploads\/sites\/4\/2015\/08\/IMG_0115-100x150.png 100w, https:\/\/wordpress.ft.unicamp.br\/informatica\/wp-content\/uploads\/sites\/4\/2015\/08\/IMG_0115-150x225.png 150w, https:\/\/wordpress.ft.unicamp.br\/informatica\/wp-content\/uploads\/sites\/4\/2015\/08\/IMG_0115-300x450.png 300w, https:\/\/wordpress.ft.unicamp.br\/informatica\/wp-content\/uploads\/sites\/4\/2015\/08\/IMG_0115-450x675.png 450w, https:\/\/wordpress.ft.unicamp.br\/informatica\/wp-content\/uploads\/sites\/4\/2015\/08\/IMG_0115-600x900.png 600w, https:\/\/wordpress.ft.unicamp.br\/informatica\/wp-content\/uploads\/sites\/4\/2015\/08\/IMG_0115.png 640w\" sizes=\"(max-width: 200px) 100vw, 200px\" \/><\/p>\n<p>Ap\u00f3s selecionar a rede \u201cft\u201d uma janela ir\u00e1 solicitar seu nome de usu\u00e1rio onde dever\u00e1 ser colocado a primeira letra do seu nome e os n\u00fameros do seu RA, apos isso clique em conectar no canto superior direito.<\/p>\n<p><a href=\"http:\/\/wordpress.ft.unicamp.br\/informatica\/wp-content\/uploads\/sites\/4\/2015\/08\/IMG_0078.png\"><img decoding=\"async\" class=\"alignnone size-medium wp-image-309\" src=\"http:\/\/wordpress.ft.unicamp.br\/informatica\/wp-content\/uploads\/sites\/4\/2015\/08\/IMG_0078-200x300.png\" alt=\"IMG_0078\" width=\"200\" height=\"300\" srcset=\"https:\/\/wordpress.ft.unicamp.br\/informatica\/wp-content\/uploads\/sites\/4\/2015\/08\/IMG_0078-200x300.png 200w, https:\/\/wordpress.ft.unicamp.br\/informatica\/wp-content\/uploads\/sites\/4\/2015\/08\/IMG_0078-100x150.png 100w, https:\/\/wordpress.ft.unicamp.br\/informatica\/wp-content\/uploads\/sites\/4\/2015\/08\/IMG_0078-150x225.png 150w, https:\/\/wordpress.ft.unicamp.br\/informatica\/wp-content\/uploads\/sites\/4\/2015\/08\/IMG_0078-300x450.png 300w, https:\/\/wordpress.ft.unicamp.br\/informatica\/wp-content\/uploads\/sites\/4\/2015\/08\/IMG_0078-450x675.png 450w, https:\/\/wordpress.ft.unicamp.br\/informatica\/wp-content\/uploads\/sites\/4\/2015\/08\/IMG_0078-600x900.png 600w, https:\/\/wordpress.ft.unicamp.br\/informatica\/wp-content\/uploads\/sites\/4\/2015\/08\/IMG_0078.png 640w\" sizes=\"(max-width: 200px) 100vw, 200px\" \/><\/a><\/p>\n<p>Feito isso aparecera uma janela de verifica\u00e7\u00e3o de certificado selecione a op\u00e7\u00e3o aceitar.<\/p>\n<p><a href=\"http:\/\/wordpress.ft.unicamp.br\/informatica\/wp-content\/uploads\/sites\/4\/2015\/08\/IMG_0076.png\"><img decoding=\"async\" class=\"alignnone size-medium wp-image-310\" src=\"http:\/\/wordpress.ft.unicamp.br\/informatica\/wp-content\/uploads\/sites\/4\/2015\/08\/IMG_0076-200x300.png\" alt=\"IMG_0076\" width=\"200\" height=\"300\" srcset=\"https:\/\/wordpress.ft.unicamp.br\/informatica\/wp-content\/uploads\/sites\/4\/2015\/08\/IMG_0076-200x300.png 200w, https:\/\/wordpress.ft.unicamp.br\/informatica\/wp-content\/uploads\/sites\/4\/2015\/08\/IMG_0076-100x150.png 100w, https:\/\/wordpress.ft.unicamp.br\/informatica\/wp-content\/uploads\/sites\/4\/2015\/08\/IMG_0076-150x225.png 150w, https:\/\/wordpress.ft.unicamp.br\/informatica\/wp-content\/uploads\/sites\/4\/2015\/08\/IMG_0076-300x450.png 300w, https:\/\/wordpress.ft.unicamp.br\/informatica\/wp-content\/uploads\/sites\/4\/2015\/08\/IMG_0076-450x675.png 450w, https:\/\/wordpress.ft.unicamp.br\/informatica\/wp-content\/uploads\/sites\/4\/2015\/08\/IMG_0076-600x900.png 600w, https:\/\/wordpress.ft.unicamp.br\/informatica\/wp-content\/uploads\/sites\/4\/2015\/08\/IMG_0076.png 640w\" sizes=\"(max-width: 200px) 100vw, 200px\" \/><\/a><\/p>\n<p>e pronto voc\u00ea esta conectado.<\/p>\n<p><a href=\"http:\/\/wordpress.ft.unicamp.br\/informatica\/wp-content\/uploads\/sites\/4\/2015\/08\/IMG_0117.png\"><img loading=\"lazy\" decoding=\"async\" class=\"alignnone size-medium wp-image-311\" src=\"http:\/\/wordpress.ft.unicamp.br\/informatica\/wp-content\/uploads\/sites\/4\/2015\/08\/IMG_0117-200x300.png\" alt=\"IMG_0117\" width=\"200\" height=\"300\" srcset=\"https:\/\/wordpress.ft.unicamp.br\/informatica\/wp-content\/uploads\/sites\/4\/2015\/08\/IMG_0117-200x300.png 200w, https:\/\/wordpress.ft.unicamp.br\/informatica\/wp-content\/uploads\/sites\/4\/2015\/08\/IMG_0117-100x150.png 100w, https:\/\/wordpress.ft.unicamp.br\/informatica\/wp-content\/uploads\/sites\/4\/2015\/08\/IMG_0117-150x225.png 150w, https:\/\/wordpress.ft.unicamp.br\/informatica\/wp-content\/uploads\/sites\/4\/2015\/08\/IMG_0117-300x450.png 300w, https:\/\/wordpress.ft.unicamp.br\/informatica\/wp-content\/uploads\/sites\/4\/2015\/08\/IMG_0117-450x675.png 450w, https:\/\/wordpress.ft.unicamp.br\/informatica\/wp-content\/uploads\/sites\/4\/2015\/08\/IMG_0117-600x900.png 600w, https:\/\/wordpress.ft.unicamp.br\/informatica\/wp-content\/uploads\/sites\/4\/2015\/08\/IMG_0117.png 640w\" sizes=\"(max-width: 200px) 100vw, 200px\" \/><\/a><\/p>\n","protected":false},"excerpt":{"rendered":"<p>Iphone Ao entrar\u00a0nas configura\u00e7\u00f5es &#8220;Wi-Fi\u201d no menu ajustes do seu Iphone, algumas redes estar\u00e3o dispon\u00edveis para acesso. Clique na rede \u201cft\u201d. Ap\u00f3s selecionar a rede \u201cft\u201d uma janela ir\u00e1 solicitar seu nome de usu\u00e1rio onde dever\u00e1 ser colocado a primeira &hellip;<\/p>\n<p class=\"read-more\"> <a class=\"more-link\" href=\"https:\/\/wordpress.ft.unicamp.br\/informatica\/redes-sem-fio\/ft\/ft-aplle\/ft-aplle-ios\/\"> <span class=\"screen-reader-text\">FT &#8211; Apple &#8211; IOS<\/span> Read More &raquo;<\/a><\/p>\n","protected":false},"author":1,"featured_media":0,"parent":313,"menu_order":0,"comment_status":"closed","ping_status":"closed","template":"full-width-page.php","meta":{"footnotes":""},"class_list":["post-271","page","type-page","status-publish","hentry"],"yoast_head":"<!-- This site is optimized with the Yoast SEO plugin v27.5 - https:\/\/yoast.com\/product\/yoast-seo-wordpress\/ -->\n<title>FT - Apple - IOS - Inform\u00e1tica<\/title>\n<meta name=\"description\" content=\"p\u00f3s-Gradua\u00e7\u00e3o, posgradua\u00e7\u00e3o, p\u00f3sgradua\u00e7\u00e3o, pos gradua\u00e7\u00e3o, p\u00f3s gradua\u00e7\u00e3o, Curso, mba, Especializa\u00e7\u00e3o, UNICAMP, Governan\u00e7a, Tecnologia da Informa\u00e7\u00e3o, TI, Gest\u00e3o, Qualidade, Processos, PMI, CMMI, ITIL, Cobit\" \/>\n<meta name=\"robots\" content=\"index, follow, max-snippet:-1, max-image-preview:large, max-video-preview:-1\" \/>\n<link rel=\"canonical\" href=\"https:\/\/wordpress.ft.unicamp.br\/informatica\/redes-sem-fio\/ft\/ft-aplle\/ft-aplle-ios\/\" \/>\n<meta property=\"og:locale\" content=\"pt_BR\" \/>\n<meta property=\"og:type\" content=\"article\" \/>\n<meta property=\"og:title\" content=\"FT - Apple - IOS - Inform\u00e1tica\" \/>\n<meta property=\"og:description\" content=\"p\u00f3s-Gradua\u00e7\u00e3o, posgradua\u00e7\u00e3o, p\u00f3sgradua\u00e7\u00e3o, pos gradua\u00e7\u00e3o, p\u00f3s gradua\u00e7\u00e3o, Curso, mba, Especializa\u00e7\u00e3o, UNICAMP, Governan\u00e7a, Tecnologia da Informa\u00e7\u00e3o, TI, Gest\u00e3o, Qualidade, Processos, PMI, CMMI, ITIL, Cobit\" \/>\n<meta property=\"og:url\" content=\"https:\/\/wordpress.ft.unicamp.br\/informatica\/redes-sem-fio\/ft\/ft-aplle\/ft-aplle-ios\/\" \/>\n<meta property=\"og:site_name\" content=\"Inform\u00e1tica\" \/>\n<meta property=\"og:image\" content=\"http:\/\/wordpress.ft.unicamp.br\/informatica\/wp-content\/uploads\/sites\/4\/2015\/08\/IMG_0115-200x300.png\" \/>\n<meta name=\"twitter:card\" content=\"summary_large_image\" \/>\n<script type=\"application\/ld+json\" class=\"yoast-schema-graph\">{\"@context\":\"https:\\\/\\\/schema.org\",\"@graph\":[{\"@type\":\"WebPage\",\"@id\":\"https:\\\/\\\/wordpress.ft.unicamp.br\\\/informatica\\\/redes-sem-fio\\\/ft\\\/ft-aplle\\\/ft-aplle-ios\\\/\",\"url\":\"https:\\\/\\\/wordpress.ft.unicamp.br\\\/informatica\\\/redes-sem-fio\\\/ft\\\/ft-aplle\\\/ft-aplle-ios\\\/\",\"name\":\"FT - Apple - IOS - Inform\u00e1tica\",\"isPartOf\":{\"@id\":\"https:\\\/\\\/wordpress.ft.unicamp.br\\\/informatica\\\/#website\"},\"primaryImageOfPage\":{\"@id\":\"https:\\\/\\\/wordpress.ft.unicamp.br\\\/informatica\\\/redes-sem-fio\\\/ft\\\/ft-aplle\\\/ft-aplle-ios\\\/#primaryimage\"},\"image\":{\"@id\":\"https:\\\/\\\/wordpress.ft.unicamp.br\\\/informatica\\\/redes-sem-fio\\\/ft\\\/ft-aplle\\\/ft-aplle-ios\\\/#primaryimage\"},\"thumbnailUrl\":\"http:\\\/\\\/wordpress.ft.unicamp.br\\\/informatica\\\/wp-content\\\/uploads\\\/sites\\\/4\\\/2015\\\/08\\\/IMG_0115-200x300.png\",\"datePublished\":\"2015-08-17T20:58:27+00:00\",\"description\":\"p\u00f3s-Gradua\u00e7\u00e3o, posgradua\u00e7\u00e3o, p\u00f3sgradua\u00e7\u00e3o, pos gradua\u00e7\u00e3o, p\u00f3s gradua\u00e7\u00e3o, Curso, mba, Especializa\u00e7\u00e3o, UNICAMP, Governan\u00e7a, Tecnologia da Informa\u00e7\u00e3o, TI, Gest\u00e3o, Qualidade, Processos, PMI, CMMI, ITIL, Cobit\",\"breadcrumb\":{\"@id\":\"https:\\\/\\\/wordpress.ft.unicamp.br\\\/informatica\\\/redes-sem-fio\\\/ft\\\/ft-aplle\\\/ft-aplle-ios\\\/#breadcrumb\"},\"inLanguage\":\"pt-BR\",\"potentialAction\":[{\"@type\":\"ReadAction\",\"target\":[\"https:\\\/\\\/wordpress.ft.unicamp.br\\\/informatica\\\/redes-sem-fio\\\/ft\\\/ft-aplle\\\/ft-aplle-ios\\\/\"]}]},{\"@type\":\"ImageObject\",\"inLanguage\":\"pt-BR\",\"@id\":\"https:\\\/\\\/wordpress.ft.unicamp.br\\\/informatica\\\/redes-sem-fio\\\/ft\\\/ft-aplle\\\/ft-aplle-ios\\\/#primaryimage\",\"url\":\"http:\\\/\\\/wordpress.ft.unicamp.br\\\/informatica\\\/wp-content\\\/uploads\\\/sites\\\/4\\\/2015\\\/08\\\/IMG_0115-200x300.png\",\"contentUrl\":\"http:\\\/\\\/wordpress.ft.unicamp.br\\\/informatica\\\/wp-content\\\/uploads\\\/sites\\\/4\\\/2015\\\/08\\\/IMG_0115-200x300.png\"},{\"@type\":\"BreadcrumbList\",\"@id\":\"https:\\\/\\\/wordpress.ft.unicamp.br\\\/informatica\\\/redes-sem-fio\\\/ft\\\/ft-aplle\\\/ft-aplle-ios\\\/#breadcrumb\",\"itemListElement\":[{\"@type\":\"ListItem\",\"position\":1,\"name\":\"Home\",\"item\":\"https:\\\/\\\/wordpress.ft.unicamp.br\\\/informatica\\\/\"},{\"@type\":\"ListItem\",\"position\":2,\"name\":\"Rede sem fio\",\"item\":\"https:\\\/\\\/wordpress.ft.unicamp.br\\\/informatica\\\/redes-sem-fio\\\/\"},{\"@type\":\"ListItem\",\"position\":3,\"name\":\"FT\",\"item\":\"https:\\\/\\\/wordpress.ft.unicamp.br\\\/informatica\\\/redes-sem-fio\\\/ft\\\/\"},{\"@type\":\"ListItem\",\"position\":4,\"name\":\"FT &#8211; Apple\",\"item\":\"https:\\\/\\\/wordpress.ft.unicamp.br\\\/informatica\\\/redes-sem-fio\\\/ft\\\/ft-aplle\\\/\"},{\"@type\":\"ListItem\",\"position\":5,\"name\":\"FT &#8211; Apple &#8211; IOS\"}]},{\"@type\":\"WebSite\",\"@id\":\"https:\\\/\\\/wordpress.ft.unicamp.br\\\/informatica\\\/#website\",\"url\":\"https:\\\/\\\/wordpress.ft.unicamp.br\\\/informatica\\\/\",\"name\":\"Inform\u00e1tica\",\"description\":\"Laborat\u00f3rio de Inform\u00e1tica da Faculdade de Tecnologia\",\"publisher\":{\"@id\":\"https:\\\/\\\/wordpress.ft.unicamp.br\\\/informatica\\\/#organization\"},\"potentialAction\":[{\"@type\":\"SearchAction\",\"target\":{\"@type\":\"EntryPoint\",\"urlTemplate\":\"https:\\\/\\\/wordpress.ft.unicamp.br\\\/informatica\\\/?s={search_term_string}\"},\"query-input\":{\"@type\":\"PropertyValueSpecification\",\"valueRequired\":true,\"valueName\":\"search_term_string\"}}],\"inLanguage\":\"pt-BR\"},{\"@type\":\"Organization\",\"@id\":\"https:\\\/\\\/wordpress.ft.unicamp.br\\\/informatica\\\/#organization\",\"name\":\"FT\",\"url\":\"https:\\\/\\\/wordpress.ft.unicamp.br\\\/informatica\\\/\",\"logo\":{\"@type\":\"ImageObject\",\"inLanguage\":\"pt-BR\",\"@id\":\"https:\\\/\\\/wordpress.ft.unicamp.br\\\/informatica\\\/#\\\/schema\\\/logo\\\/image\\\/\",\"url\":\"https:\\\/\\\/wordpress.ft.unicamp.br\\\/informatica\\\/wp-content\\\/uploads\\\/sites\\\/4\\\/2018\\\/08\\\/logotipo_ft.png\",\"contentUrl\":\"https:\\\/\\\/wordpress.ft.unicamp.br\\\/informatica\\\/wp-content\\\/uploads\\\/sites\\\/4\\\/2018\\\/08\\\/logotipo_ft.png\",\"width\":1124,\"height\":1017,\"caption\":\"FT\"},\"image\":{\"@id\":\"https:\\\/\\\/wordpress.ft.unicamp.br\\\/informatica\\\/#\\\/schema\\\/logo\\\/image\\\/\"}}]}<\/script>\n<!-- \/ Yoast SEO plugin. -->","yoast_head_json":{"title":"FT - Apple - IOS - Inform\u00e1tica","description":"p\u00f3s-Gradua\u00e7\u00e3o, posgradua\u00e7\u00e3o, p\u00f3sgradua\u00e7\u00e3o, pos gradua\u00e7\u00e3o, p\u00f3s gradua\u00e7\u00e3o, Curso, mba, Especializa\u00e7\u00e3o, UNICAMP, Governan\u00e7a, Tecnologia da Informa\u00e7\u00e3o, TI, Gest\u00e3o, Qualidade, Processos, PMI, CMMI, ITIL, Cobit","robots":{"index":"index","follow":"follow","max-snippet":"max-snippet:-1","max-image-preview":"max-image-preview:large","max-video-preview":"max-video-preview:-1"},"canonical":"https:\/\/wordpress.ft.unicamp.br\/informatica\/redes-sem-fio\/ft\/ft-aplle\/ft-aplle-ios\/","og_locale":"pt_BR","og_type":"article","og_title":"FT - Apple - IOS - Inform\u00e1tica","og_description":"p\u00f3s-Gradua\u00e7\u00e3o, posgradua\u00e7\u00e3o, p\u00f3sgradua\u00e7\u00e3o, pos gradua\u00e7\u00e3o, p\u00f3s gradua\u00e7\u00e3o, Curso, mba, Especializa\u00e7\u00e3o, UNICAMP, Governan\u00e7a, Tecnologia da Informa\u00e7\u00e3o, TI, Gest\u00e3o, Qualidade, Processos, PMI, CMMI, ITIL, Cobit","og_url":"https:\/\/wordpress.ft.unicamp.br\/informatica\/redes-sem-fio\/ft\/ft-aplle\/ft-aplle-ios\/","og_site_name":"Inform\u00e1tica","og_image":[{"url":"http:\/\/wordpress.ft.unicamp.br\/informatica\/wp-content\/uploads\/sites\/4\/2015\/08\/IMG_0115-200x300.png","type":"","width":"","height":""}],"twitter_card":"summary_large_image","schema":{"@context":"https:\/\/schema.org","@graph":[{"@type":"WebPage","@id":"https:\/\/wordpress.ft.unicamp.br\/informatica\/redes-sem-fio\/ft\/ft-aplle\/ft-aplle-ios\/","url":"https:\/\/wordpress.ft.unicamp.br\/informatica\/redes-sem-fio\/ft\/ft-aplle\/ft-aplle-ios\/","name":"FT - Apple - IOS - Inform\u00e1tica","isPartOf":{"@id":"https:\/\/wordpress.ft.unicamp.br\/informatica\/#website"},"primaryImageOfPage":{"@id":"https:\/\/wordpress.ft.unicamp.br\/informatica\/redes-sem-fio\/ft\/ft-aplle\/ft-aplle-ios\/#primaryimage"},"image":{"@id":"https:\/\/wordpress.ft.unicamp.br\/informatica\/redes-sem-fio\/ft\/ft-aplle\/ft-aplle-ios\/#primaryimage"},"thumbnailUrl":"http:\/\/wordpress.ft.unicamp.br\/informatica\/wp-content\/uploads\/sites\/4\/2015\/08\/IMG_0115-200x300.png","datePublished":"2015-08-17T20:58:27+00:00","description":"p\u00f3s-Gradua\u00e7\u00e3o, posgradua\u00e7\u00e3o, p\u00f3sgradua\u00e7\u00e3o, pos gradua\u00e7\u00e3o, p\u00f3s gradua\u00e7\u00e3o, Curso, mba, Especializa\u00e7\u00e3o, UNICAMP, Governan\u00e7a, Tecnologia da Informa\u00e7\u00e3o, TI, Gest\u00e3o, Qualidade, Processos, PMI, CMMI, ITIL, Cobit","breadcrumb":{"@id":"https:\/\/wordpress.ft.unicamp.br\/informatica\/redes-sem-fio\/ft\/ft-aplle\/ft-aplle-ios\/#breadcrumb"},"inLanguage":"pt-BR","potentialAction":[{"@type":"ReadAction","target":["https:\/\/wordpress.ft.unicamp.br\/informatica\/redes-sem-fio\/ft\/ft-aplle\/ft-aplle-ios\/"]}]},{"@type":"ImageObject","inLanguage":"pt-BR","@id":"https:\/\/wordpress.ft.unicamp.br\/informatica\/redes-sem-fio\/ft\/ft-aplle\/ft-aplle-ios\/#primaryimage","url":"http:\/\/wordpress.ft.unicamp.br\/informatica\/wp-content\/uploads\/sites\/4\/2015\/08\/IMG_0115-200x300.png","contentUrl":"http:\/\/wordpress.ft.unicamp.br\/informatica\/wp-content\/uploads\/sites\/4\/2015\/08\/IMG_0115-200x300.png"},{"@type":"BreadcrumbList","@id":"https:\/\/wordpress.ft.unicamp.br\/informatica\/redes-sem-fio\/ft\/ft-aplle\/ft-aplle-ios\/#breadcrumb","itemListElement":[{"@type":"ListItem","position":1,"name":"Home","item":"https:\/\/wordpress.ft.unicamp.br\/informatica\/"},{"@type":"ListItem","position":2,"name":"Rede sem fio","item":"https:\/\/wordpress.ft.unicamp.br\/informatica\/redes-sem-fio\/"},{"@type":"ListItem","position":3,"name":"FT","item":"https:\/\/wordpress.ft.unicamp.br\/informatica\/redes-sem-fio\/ft\/"},{"@type":"ListItem","position":4,"name":"FT &#8211; Apple","item":"https:\/\/wordpress.ft.unicamp.br\/informatica\/redes-sem-fio\/ft\/ft-aplle\/"},{"@type":"ListItem","position":5,"name":"FT &#8211; Apple &#8211; IOS"}]},{"@type":"WebSite","@id":"https:\/\/wordpress.ft.unicamp.br\/informatica\/#website","url":"https:\/\/wordpress.ft.unicamp.br\/informatica\/","name":"Inform\u00e1tica","description":"Laborat\u00f3rio de Inform\u00e1tica da Faculdade de Tecnologia","publisher":{"@id":"https:\/\/wordpress.ft.unicamp.br\/informatica\/#organization"},"potentialAction":[{"@type":"SearchAction","target":{"@type":"EntryPoint","urlTemplate":"https:\/\/wordpress.ft.unicamp.br\/informatica\/?s={search_term_string}"},"query-input":{"@type":"PropertyValueSpecification","valueRequired":true,"valueName":"search_term_string"}}],"inLanguage":"pt-BR"},{"@type":"Organization","@id":"https:\/\/wordpress.ft.unicamp.br\/informatica\/#organization","name":"FT","url":"https:\/\/wordpress.ft.unicamp.br\/informatica\/","logo":{"@type":"ImageObject","inLanguage":"pt-BR","@id":"https:\/\/wordpress.ft.unicamp.br\/informatica\/#\/schema\/logo\/image\/","url":"https:\/\/wordpress.ft.unicamp.br\/informatica\/wp-content\/uploads\/sites\/4\/2018\/08\/logotipo_ft.png","contentUrl":"https:\/\/wordpress.ft.unicamp.br\/informatica\/wp-content\/uploads\/sites\/4\/2018\/08\/logotipo_ft.png","width":1124,"height":1017,"caption":"FT"},"image":{"@id":"https:\/\/wordpress.ft.unicamp.br\/informatica\/#\/schema\/logo\/image\/"}}]}},"_links":{"self":[{"href":"https:\/\/wordpress.ft.unicamp.br\/informatica\/wp-json\/wp\/v2\/pages\/271","targetHints":{"allow":["GET"]}}],"collection":[{"href":"https:\/\/wordpress.ft.unicamp.br\/informatica\/wp-json\/wp\/v2\/pages"}],"about":[{"href":"https:\/\/wordpress.ft.unicamp.br\/informatica\/wp-json\/wp\/v2\/types\/page"}],"author":[{"embeddable":true,"href":"https:\/\/wordpress.ft.unicamp.br\/informatica\/wp-json\/wp\/v2\/users\/1"}],"replies":[{"embeddable":true,"href":"https:\/\/wordpress.ft.unicamp.br\/informatica\/wp-json\/wp\/v2\/comments?post=271"}],"version-history":[{"count":0,"href":"https:\/\/wordpress.ft.unicamp.br\/informatica\/wp-json\/wp\/v2\/pages\/271\/revisions"}],"up":[{"embeddable":true,"href":"https:\/\/wordpress.ft.unicamp.br\/informatica\/wp-json\/wp\/v2\/pages\/313"}],"wp:attachment":[{"href":"https:\/\/wordpress.ft.unicamp.br\/informatica\/wp-json\/wp\/v2\/media?parent=271"}],"curies":[{"name":"wp","href":"https:\/\/api.w.org\/{rel}","templated":true}]}}