{"id":298,"date":"2015-08-20T19:50:50","date_gmt":"2015-08-20T19:50:50","guid":{"rendered":"http:\/\/www.ft.unicamp.br\/informatica\/?page_id=298"},"modified":"2015-08-20T19:50:50","modified_gmt":"2015-08-20T19:50:50","slug":"ft-android","status":"publish","type":"page","link":"https:\/\/wordpress.ft.unicamp.br\/informatica\/redes-sem-fio\/ft\/ft-android\/","title":{"rendered":"FT &#8211; Android"},"content":{"rendered":"<p><strong>Rede ft (criptografia WPA2-Enterprise com AES, PEAP+MSCHAPv2):<\/strong><\/p>\n<p>&nbsp;<\/p>\n<p><strong>Para melhor visualiza\u00e7\u00e3o das imagens clique sobre elas.<\/strong><\/p>\n<p>Primeiramente Deslize a barra de notifica\u00e7\u00f5es para baixo.<\/p>\n<p>Clique em wi-fi para abrir a lista de redes wi-fi e selecione a rede ft e siga os seguintes passos:<\/p>\n<p>&nbsp;<\/p>\n<p><a href=\"http:\/\/wordpress.ft.unicamp.br\/informatica\/wp-content\/uploads\/sites\/4\/2015\/08\/11.png\"><img fetchpriority=\"high\" decoding=\"async\" class=\"alignnone size-medium wp-image-629\" src=\"http:\/\/wordpress.ft.unicamp.br\/informatica\/wp-content\/uploads\/sites\/4\/2015\/08\/11-169x300.png\" alt=\"1\" width=\"169\" height=\"300\" srcset=\"https:\/\/wordpress.ft.unicamp.br\/informatica\/wp-content\/uploads\/sites\/4\/2015\/08\/11-169x300.png 169w, https:\/\/wordpress.ft.unicamp.br\/informatica\/wp-content\/uploads\/sites\/4\/2015\/08\/11-576x1024.png 576w, https:\/\/wordpress.ft.unicamp.br\/informatica\/wp-content\/uploads\/sites\/4\/2015\/08\/11-100x178.png 100w, https:\/\/wordpress.ft.unicamp.br\/informatica\/wp-content\/uploads\/sites\/4\/2015\/08\/11-150x267.png 150w, https:\/\/wordpress.ft.unicamp.br\/informatica\/wp-content\/uploads\/sites\/4\/2015\/08\/11-200x356.png 200w, https:\/\/wordpress.ft.unicamp.br\/informatica\/wp-content\/uploads\/sites\/4\/2015\/08\/11-300x533.png 300w, https:\/\/wordpress.ft.unicamp.br\/informatica\/wp-content\/uploads\/sites\/4\/2015\/08\/11-450x800.png 450w, https:\/\/wordpress.ft.unicamp.br\/informatica\/wp-content\/uploads\/sites\/4\/2015\/08\/11-600x1067.png 600w, https:\/\/wordpress.ft.unicamp.br\/informatica\/wp-content\/uploads\/sites\/4\/2015\/08\/11.png 720w\" sizes=\"(max-width: 169px) 100vw, 169px\" \/><\/a><\/p>\n<p>&nbsp;<\/p>\n<p>Ap\u00f3s clicar na rede FT aparecer\u00e1 uma janela semelhante a essa abaixo, onde voc\u00ea ir\u00e1 preencher os campos da seguinte forma:<\/p>\n<p>1 &#8211; Para <strong>M\u00e9todo EAP<\/strong>\u00a0selecione <strong>PEAP<\/strong><\/p>\n<p>2 &#8211; Para <b>Autentica\u00e7\u00e3o de fase de 2<\/b>\u00a0Deixe <strong>Desativado<\/strong><\/p>\n<p>3 &#8211; Para <strong>Certificado de CA\u00a0<\/strong>Deixe<strong> N\u00e3o Especificado<\/strong><\/p>\n<p>4 &#8211; Coloque seu nome nome de usu\u00e1rio e senha.<\/p>\n<p>Exemplo: r000000<\/p>\n<p><img decoding=\"async\" class=\"alignnone size-medium wp-image-630\" src=\"http:\/\/wordpress.ft.unicamp.br\/informatica\/wp-content\/uploads\/sites\/4\/2015\/08\/21-169x300.png\" alt=\"2\" width=\"169\" height=\"300\" srcset=\"https:\/\/wordpress.ft.unicamp.br\/informatica\/wp-content\/uploads\/sites\/4\/2015\/08\/21-169x300.png 169w, https:\/\/wordpress.ft.unicamp.br\/informatica\/wp-content\/uploads\/sites\/4\/2015\/08\/21-576x1024.png 576w, https:\/\/wordpress.ft.unicamp.br\/informatica\/wp-content\/uploads\/sites\/4\/2015\/08\/21-100x178.png 100w, https:\/\/wordpress.ft.unicamp.br\/informatica\/wp-content\/uploads\/sites\/4\/2015\/08\/21-150x267.png 150w, https:\/\/wordpress.ft.unicamp.br\/informatica\/wp-content\/uploads\/sites\/4\/2015\/08\/21-200x356.png 200w, https:\/\/wordpress.ft.unicamp.br\/informatica\/wp-content\/uploads\/sites\/4\/2015\/08\/21-300x533.png 300w, https:\/\/wordpress.ft.unicamp.br\/informatica\/wp-content\/uploads\/sites\/4\/2015\/08\/21-450x800.png 450w, https:\/\/wordpress.ft.unicamp.br\/informatica\/wp-content\/uploads\/sites\/4\/2015\/08\/21-600x1067.png 600w, https:\/\/wordpress.ft.unicamp.br\/informatica\/wp-content\/uploads\/sites\/4\/2015\/08\/21.png 720w\" sizes=\"(max-width: 169px) 100vw, 169px\" \/><\/p>\n<p>Pronto voc\u00ea est\u00e1 conectado \u00e0 rede sem fio \u201cft\u201d.<\/p>\n","protected":false},"excerpt":{"rendered":"<p>Rede ft (criptografia WPA2-Enterprise com AES, PEAP+MSCHAPv2): &nbsp; Para melhor visualiza\u00e7\u00e3o das imagens clique sobre elas. Primeiramente Deslize a barra de notifica\u00e7\u00f5es para baixo. Clique em wi-fi para abrir a lista de redes wi-fi e selecione a rede ft e &hellip;<\/p>\n<p class=\"read-more\"> <a class=\"more-link\" href=\"https:\/\/wordpress.ft.unicamp.br\/informatica\/redes-sem-fio\/ft\/ft-android\/\"> <span class=\"screen-reader-text\">FT &#8211; Android<\/span> Read More &raquo;<\/a><\/p>\n","protected":false},"author":1,"featured_media":0,"parent":71,"menu_order":0,"comment_status":"closed","ping_status":"closed","template":"full-width-page.php","meta":{"footnotes":""},"class_list":["post-298","page","type-page","status-publish","hentry"],"yoast_head":"<!-- This site is optimized with the Yoast SEO plugin v27.5 - https:\/\/yoast.com\/product\/yoast-seo-wordpress\/ -->\n<title>FT - Android - Inform\u00e1tica<\/title>\n<meta name=\"description\" content=\"p\u00f3s-Gradua\u00e7\u00e3o, posgradua\u00e7\u00e3o, p\u00f3sgradua\u00e7\u00e3o, pos gradua\u00e7\u00e3o, p\u00f3s gradua\u00e7\u00e3o, Curso, mba, Especializa\u00e7\u00e3o, UNICAMP, Governan\u00e7a, Tecnologia da Informa\u00e7\u00e3o, TI, Gest\u00e3o, Qualidade, Processos, PMI, CMMI, ITIL, Cobit\" \/>\n<meta name=\"robots\" content=\"index, follow, max-snippet:-1, max-image-preview:large, max-video-preview:-1\" \/>\n<link rel=\"canonical\" href=\"https:\/\/wordpress.ft.unicamp.br\/informatica\/redes-sem-fio\/ft\/ft-android\/\" \/>\n<meta property=\"og:locale\" content=\"pt_BR\" \/>\n<meta property=\"og:type\" content=\"article\" \/>\n<meta property=\"og:title\" content=\"FT - Android - Inform\u00e1tica\" \/>\n<meta property=\"og:description\" content=\"p\u00f3s-Gradua\u00e7\u00e3o, posgradua\u00e7\u00e3o, p\u00f3sgradua\u00e7\u00e3o, pos gradua\u00e7\u00e3o, p\u00f3s gradua\u00e7\u00e3o, Curso, mba, Especializa\u00e7\u00e3o, UNICAMP, Governan\u00e7a, Tecnologia da Informa\u00e7\u00e3o, TI, Gest\u00e3o, Qualidade, Processos, PMI, CMMI, ITIL, Cobit\" \/>\n<meta property=\"og:url\" content=\"https:\/\/wordpress.ft.unicamp.br\/informatica\/redes-sem-fio\/ft\/ft-android\/\" \/>\n<meta property=\"og:site_name\" content=\"Inform\u00e1tica\" \/>\n<meta property=\"og:image\" content=\"http:\/\/wordpress.ft.unicamp.br\/informatica\/wp-content\/uploads\/sites\/4\/2015\/08\/11-169x300.png\" \/>\n<meta name=\"twitter:card\" content=\"summary_large_image\" \/>\n<meta name=\"twitter:label1\" content=\"Est. tempo de leitura\" \/>\n\t<meta name=\"twitter:data1\" content=\"1 minuto\" \/>\n<script type=\"application\/ld+json\" class=\"yoast-schema-graph\">{\"@context\":\"https:\\\/\\\/schema.org\",\"@graph\":[{\"@type\":\"WebPage\",\"@id\":\"https:\\\/\\\/wordpress.ft.unicamp.br\\\/informatica\\\/redes-sem-fio\\\/ft\\\/ft-android\\\/\",\"url\":\"https:\\\/\\\/wordpress.ft.unicamp.br\\\/informatica\\\/redes-sem-fio\\\/ft\\\/ft-android\\\/\",\"name\":\"FT - Android - Inform\u00e1tica\",\"isPartOf\":{\"@id\":\"https:\\\/\\\/wordpress.ft.unicamp.br\\\/informatica\\\/#website\"},\"primaryImageOfPage\":{\"@id\":\"https:\\\/\\\/wordpress.ft.unicamp.br\\\/informatica\\\/redes-sem-fio\\\/ft\\\/ft-android\\\/#primaryimage\"},\"image\":{\"@id\":\"https:\\\/\\\/wordpress.ft.unicamp.br\\\/informatica\\\/redes-sem-fio\\\/ft\\\/ft-android\\\/#primaryimage\"},\"thumbnailUrl\":\"http:\\\/\\\/wordpress.ft.unicamp.br\\\/informatica\\\/wp-content\\\/uploads\\\/sites\\\/4\\\/2015\\\/08\\\/11-169x300.png\",\"datePublished\":\"2015-08-20T19:50:50+00:00\",\"description\":\"p\u00f3s-Gradua\u00e7\u00e3o, posgradua\u00e7\u00e3o, p\u00f3sgradua\u00e7\u00e3o, pos gradua\u00e7\u00e3o, p\u00f3s gradua\u00e7\u00e3o, Curso, mba, Especializa\u00e7\u00e3o, UNICAMP, Governan\u00e7a, Tecnologia da Informa\u00e7\u00e3o, TI, Gest\u00e3o, Qualidade, Processos, PMI, CMMI, ITIL, Cobit\",\"breadcrumb\":{\"@id\":\"https:\\\/\\\/wordpress.ft.unicamp.br\\\/informatica\\\/redes-sem-fio\\\/ft\\\/ft-android\\\/#breadcrumb\"},\"inLanguage\":\"pt-BR\",\"potentialAction\":[{\"@type\":\"ReadAction\",\"target\":[\"https:\\\/\\\/wordpress.ft.unicamp.br\\\/informatica\\\/redes-sem-fio\\\/ft\\\/ft-android\\\/\"]}]},{\"@type\":\"ImageObject\",\"inLanguage\":\"pt-BR\",\"@id\":\"https:\\\/\\\/wordpress.ft.unicamp.br\\\/informatica\\\/redes-sem-fio\\\/ft\\\/ft-android\\\/#primaryimage\",\"url\":\"http:\\\/\\\/wordpress.ft.unicamp.br\\\/informatica\\\/wp-content\\\/uploads\\\/sites\\\/4\\\/2015\\\/08\\\/11-169x300.png\",\"contentUrl\":\"http:\\\/\\\/wordpress.ft.unicamp.br\\\/informatica\\\/wp-content\\\/uploads\\\/sites\\\/4\\\/2015\\\/08\\\/11-169x300.png\"},{\"@type\":\"BreadcrumbList\",\"@id\":\"https:\\\/\\\/wordpress.ft.unicamp.br\\\/informatica\\\/redes-sem-fio\\\/ft\\\/ft-android\\\/#breadcrumb\",\"itemListElement\":[{\"@type\":\"ListItem\",\"position\":1,\"name\":\"Home\",\"item\":\"https:\\\/\\\/wordpress.ft.unicamp.br\\\/informatica\\\/\"},{\"@type\":\"ListItem\",\"position\":2,\"name\":\"Rede sem fio\",\"item\":\"https:\\\/\\\/wordpress.ft.unicamp.br\\\/informatica\\\/redes-sem-fio\\\/\"},{\"@type\":\"ListItem\",\"position\":3,\"name\":\"FT\",\"item\":\"https:\\\/\\\/wordpress.ft.unicamp.br\\\/informatica\\\/redes-sem-fio\\\/ft\\\/\"},{\"@type\":\"ListItem\",\"position\":4,\"name\":\"FT &#8211; Android\"}]},{\"@type\":\"WebSite\",\"@id\":\"https:\\\/\\\/wordpress.ft.unicamp.br\\\/informatica\\\/#website\",\"url\":\"https:\\\/\\\/wordpress.ft.unicamp.br\\\/informatica\\\/\",\"name\":\"Inform\u00e1tica\",\"description\":\"Laborat\u00f3rio de Inform\u00e1tica da Faculdade de Tecnologia\",\"publisher\":{\"@id\":\"https:\\\/\\\/wordpress.ft.unicamp.br\\\/informatica\\\/#organization\"},\"potentialAction\":[{\"@type\":\"SearchAction\",\"target\":{\"@type\":\"EntryPoint\",\"urlTemplate\":\"https:\\\/\\\/wordpress.ft.unicamp.br\\\/informatica\\\/?s={search_term_string}\"},\"query-input\":{\"@type\":\"PropertyValueSpecification\",\"valueRequired\":true,\"valueName\":\"search_term_string\"}}],\"inLanguage\":\"pt-BR\"},{\"@type\":\"Organization\",\"@id\":\"https:\\\/\\\/wordpress.ft.unicamp.br\\\/informatica\\\/#organization\",\"name\":\"FT\",\"url\":\"https:\\\/\\\/wordpress.ft.unicamp.br\\\/informatica\\\/\",\"logo\":{\"@type\":\"ImageObject\",\"inLanguage\":\"pt-BR\",\"@id\":\"https:\\\/\\\/wordpress.ft.unicamp.br\\\/informatica\\\/#\\\/schema\\\/logo\\\/image\\\/\",\"url\":\"https:\\\/\\\/wordpress.ft.unicamp.br\\\/informatica\\\/wp-content\\\/uploads\\\/sites\\\/4\\\/2018\\\/08\\\/logotipo_ft.png\",\"contentUrl\":\"https:\\\/\\\/wordpress.ft.unicamp.br\\\/informatica\\\/wp-content\\\/uploads\\\/sites\\\/4\\\/2018\\\/08\\\/logotipo_ft.png\",\"width\":1124,\"height\":1017,\"caption\":\"FT\"},\"image\":{\"@id\":\"https:\\\/\\\/wordpress.ft.unicamp.br\\\/informatica\\\/#\\\/schema\\\/logo\\\/image\\\/\"}}]}<\/script>\n<!-- \/ Yoast SEO plugin. -->","yoast_head_json":{"title":"FT - Android - Inform\u00e1tica","description":"p\u00f3s-Gradua\u00e7\u00e3o, posgradua\u00e7\u00e3o, p\u00f3sgradua\u00e7\u00e3o, pos gradua\u00e7\u00e3o, p\u00f3s gradua\u00e7\u00e3o, Curso, mba, Especializa\u00e7\u00e3o, UNICAMP, Governan\u00e7a, Tecnologia da Informa\u00e7\u00e3o, TI, Gest\u00e3o, Qualidade, Processos, PMI, CMMI, ITIL, Cobit","robots":{"index":"index","follow":"follow","max-snippet":"max-snippet:-1","max-image-preview":"max-image-preview:large","max-video-preview":"max-video-preview:-1"},"canonical":"https:\/\/wordpress.ft.unicamp.br\/informatica\/redes-sem-fio\/ft\/ft-android\/","og_locale":"pt_BR","og_type":"article","og_title":"FT - Android - Inform\u00e1tica","og_description":"p\u00f3s-Gradua\u00e7\u00e3o, posgradua\u00e7\u00e3o, p\u00f3sgradua\u00e7\u00e3o, pos gradua\u00e7\u00e3o, p\u00f3s gradua\u00e7\u00e3o, Curso, mba, Especializa\u00e7\u00e3o, UNICAMP, Governan\u00e7a, Tecnologia da Informa\u00e7\u00e3o, TI, Gest\u00e3o, Qualidade, Processos, PMI, CMMI, ITIL, Cobit","og_url":"https:\/\/wordpress.ft.unicamp.br\/informatica\/redes-sem-fio\/ft\/ft-android\/","og_site_name":"Inform\u00e1tica","og_image":[{"url":"http:\/\/wordpress.ft.unicamp.br\/informatica\/wp-content\/uploads\/sites\/4\/2015\/08\/11-169x300.png","type":"","width":"","height":""}],"twitter_card":"summary_large_image","twitter_misc":{"Est. tempo de leitura":"1 minuto"},"schema":{"@context":"https:\/\/schema.org","@graph":[{"@type":"WebPage","@id":"https:\/\/wordpress.ft.unicamp.br\/informatica\/redes-sem-fio\/ft\/ft-android\/","url":"https:\/\/wordpress.ft.unicamp.br\/informatica\/redes-sem-fio\/ft\/ft-android\/","name":"FT - Android - Inform\u00e1tica","isPartOf":{"@id":"https:\/\/wordpress.ft.unicamp.br\/informatica\/#website"},"primaryImageOfPage":{"@id":"https:\/\/wordpress.ft.unicamp.br\/informatica\/redes-sem-fio\/ft\/ft-android\/#primaryimage"},"image":{"@id":"https:\/\/wordpress.ft.unicamp.br\/informatica\/redes-sem-fio\/ft\/ft-android\/#primaryimage"},"thumbnailUrl":"http:\/\/wordpress.ft.unicamp.br\/informatica\/wp-content\/uploads\/sites\/4\/2015\/08\/11-169x300.png","datePublished":"2015-08-20T19:50:50+00:00","description":"p\u00f3s-Gradua\u00e7\u00e3o, posgradua\u00e7\u00e3o, p\u00f3sgradua\u00e7\u00e3o, pos gradua\u00e7\u00e3o, p\u00f3s gradua\u00e7\u00e3o, Curso, mba, Especializa\u00e7\u00e3o, UNICAMP, Governan\u00e7a, Tecnologia da Informa\u00e7\u00e3o, TI, Gest\u00e3o, Qualidade, Processos, PMI, CMMI, ITIL, Cobit","breadcrumb":{"@id":"https:\/\/wordpress.ft.unicamp.br\/informatica\/redes-sem-fio\/ft\/ft-android\/#breadcrumb"},"inLanguage":"pt-BR","potentialAction":[{"@type":"ReadAction","target":["https:\/\/wordpress.ft.unicamp.br\/informatica\/redes-sem-fio\/ft\/ft-android\/"]}]},{"@type":"ImageObject","inLanguage":"pt-BR","@id":"https:\/\/wordpress.ft.unicamp.br\/informatica\/redes-sem-fio\/ft\/ft-android\/#primaryimage","url":"http:\/\/wordpress.ft.unicamp.br\/informatica\/wp-content\/uploads\/sites\/4\/2015\/08\/11-169x300.png","contentUrl":"http:\/\/wordpress.ft.unicamp.br\/informatica\/wp-content\/uploads\/sites\/4\/2015\/08\/11-169x300.png"},{"@type":"BreadcrumbList","@id":"https:\/\/wordpress.ft.unicamp.br\/informatica\/redes-sem-fio\/ft\/ft-android\/#breadcrumb","itemListElement":[{"@type":"ListItem","position":1,"name":"Home","item":"https:\/\/wordpress.ft.unicamp.br\/informatica\/"},{"@type":"ListItem","position":2,"name":"Rede sem fio","item":"https:\/\/wordpress.ft.unicamp.br\/informatica\/redes-sem-fio\/"},{"@type":"ListItem","position":3,"name":"FT","item":"https:\/\/wordpress.ft.unicamp.br\/informatica\/redes-sem-fio\/ft\/"},{"@type":"ListItem","position":4,"name":"FT &#8211; Android"}]},{"@type":"WebSite","@id":"https:\/\/wordpress.ft.unicamp.br\/informatica\/#website","url":"https:\/\/wordpress.ft.unicamp.br\/informatica\/","name":"Inform\u00e1tica","description":"Laborat\u00f3rio de Inform\u00e1tica da Faculdade de Tecnologia","publisher":{"@id":"https:\/\/wordpress.ft.unicamp.br\/informatica\/#organization"},"potentialAction":[{"@type":"SearchAction","target":{"@type":"EntryPoint","urlTemplate":"https:\/\/wordpress.ft.unicamp.br\/informatica\/?s={search_term_string}"},"query-input":{"@type":"PropertyValueSpecification","valueRequired":true,"valueName":"search_term_string"}}],"inLanguage":"pt-BR"},{"@type":"Organization","@id":"https:\/\/wordpress.ft.unicamp.br\/informatica\/#organization","name":"FT","url":"https:\/\/wordpress.ft.unicamp.br\/informatica\/","logo":{"@type":"ImageObject","inLanguage":"pt-BR","@id":"https:\/\/wordpress.ft.unicamp.br\/informatica\/#\/schema\/logo\/image\/","url":"https:\/\/wordpress.ft.unicamp.br\/informatica\/wp-content\/uploads\/sites\/4\/2018\/08\/logotipo_ft.png","contentUrl":"https:\/\/wordpress.ft.unicamp.br\/informatica\/wp-content\/uploads\/sites\/4\/2018\/08\/logotipo_ft.png","width":1124,"height":1017,"caption":"FT"},"image":{"@id":"https:\/\/wordpress.ft.unicamp.br\/informatica\/#\/schema\/logo\/image\/"}}]}},"_links":{"self":[{"href":"https:\/\/wordpress.ft.unicamp.br\/informatica\/wp-json\/wp\/v2\/pages\/298","targetHints":{"allow":["GET"]}}],"collection":[{"href":"https:\/\/wordpress.ft.unicamp.br\/informatica\/wp-json\/wp\/v2\/pages"}],"about":[{"href":"https:\/\/wordpress.ft.unicamp.br\/informatica\/wp-json\/wp\/v2\/types\/page"}],"author":[{"embeddable":true,"href":"https:\/\/wordpress.ft.unicamp.br\/informatica\/wp-json\/wp\/v2\/users\/1"}],"replies":[{"embeddable":true,"href":"https:\/\/wordpress.ft.unicamp.br\/informatica\/wp-json\/wp\/v2\/comments?post=298"}],"version-history":[{"count":0,"href":"https:\/\/wordpress.ft.unicamp.br\/informatica\/wp-json\/wp\/v2\/pages\/298\/revisions"}],"up":[{"embeddable":true,"href":"https:\/\/wordpress.ft.unicamp.br\/informatica\/wp-json\/wp\/v2\/pages\/71"}],"wp:attachment":[{"href":"https:\/\/wordpress.ft.unicamp.br\/informatica\/wp-json\/wp\/v2\/media?parent=298"}],"curies":[{"name":"wp","href":"https:\/\/api.w.org\/{rel}","templated":true}]}}