{"id":53,"date":"2015-06-23T20:38:52","date_gmt":"2015-06-23T20:38:52","guid":{"rendered":"http:\/\/www.ft.unicamp.br\/informatica\/?page_id=53"},"modified":"2015-06-23T20:38:52","modified_gmt":"2015-06-23T20:38:52","slug":"lp02","status":"publish","type":"page","link":"https:\/\/wordpress.ft.unicamp.br\/informatica\/lp02\/","title":{"rendered":"LP02"},"content":{"rendered":"<p><a href=\"http:\/\/wordpress.ft.unicamp.br\/informatica\/wp-content\/uploads\/sites\/4\/2015\/06\/DSC00616.jpg\"><img fetchpriority=\"high\" decoding=\"async\" class=\"alignnone size-medium wp-image-288\" src=\"http:\/\/wordpress.ft.unicamp.br\/informatica\/wp-content\/uploads\/sites\/4\/2015\/06\/DSC00616-300x169.jpg\" alt=\"DSC00616\" width=\"300\" height=\"169\" srcset=\"https:\/\/wordpress.ft.unicamp.br\/informatica\/wp-content\/uploads\/sites\/4\/2015\/06\/DSC00616-300x169.jpg 300w, https:\/\/wordpress.ft.unicamp.br\/informatica\/wp-content\/uploads\/sites\/4\/2015\/06\/DSC00616-768x432.jpg 768w, https:\/\/wordpress.ft.unicamp.br\/informatica\/wp-content\/uploads\/sites\/4\/2015\/06\/DSC00616-1024x576.jpg 1024w, https:\/\/wordpress.ft.unicamp.br\/informatica\/wp-content\/uploads\/sites\/4\/2015\/06\/DSC00616-100x56.jpg 100w, https:\/\/wordpress.ft.unicamp.br\/informatica\/wp-content\/uploads\/sites\/4\/2015\/06\/DSC00616-150x84.jpg 150w, https:\/\/wordpress.ft.unicamp.br\/informatica\/wp-content\/uploads\/sites\/4\/2015\/06\/DSC00616-200x113.jpg 200w, https:\/\/wordpress.ft.unicamp.br\/informatica\/wp-content\/uploads\/sites\/4\/2015\/06\/DSC00616-450x253.jpg 450w, https:\/\/wordpress.ft.unicamp.br\/informatica\/wp-content\/uploads\/sites\/4\/2015\/06\/DSC00616-600x338.jpg 600w, https:\/\/wordpress.ft.unicamp.br\/informatica\/wp-content\/uploads\/sites\/4\/2015\/06\/DSC00616-900x506.jpg 900w, https:\/\/wordpress.ft.unicamp.br\/informatica\/wp-content\/uploads\/sites\/4\/2015\/06\/DSC00616.jpg 1920w\" sizes=\"(max-width: 300px) 100vw, 300px\" \/><\/a>\u00a0 \u00a0 \u00a0 \u00a0 \u00a0 \u00a0 \u00a0 \u00a0 \u00a0 \u00a0 \u00a0<a href=\"http:\/\/wordpress.ft.unicamp.br\/informatica\/wp-content\/uploads\/sites\/4\/2015\/06\/DSC00615.jpg\"><img decoding=\"async\" class=\"alignnone size-medium wp-image-289\" src=\"http:\/\/wordpress.ft.unicamp.br\/informatica\/wp-content\/uploads\/sites\/4\/2015\/06\/DSC00615-300x169.jpg\" alt=\"DSC00615\" width=\"300\" height=\"169\" srcset=\"https:\/\/wordpress.ft.unicamp.br\/informatica\/wp-content\/uploads\/sites\/4\/2015\/06\/DSC00615-300x169.jpg 300w, https:\/\/wordpress.ft.unicamp.br\/informatica\/wp-content\/uploads\/sites\/4\/2015\/06\/DSC00615-768x432.jpg 768w, https:\/\/wordpress.ft.unicamp.br\/informatica\/wp-content\/uploads\/sites\/4\/2015\/06\/DSC00615-1024x576.jpg 1024w, https:\/\/wordpress.ft.unicamp.br\/informatica\/wp-content\/uploads\/sites\/4\/2015\/06\/DSC00615-100x56.jpg 100w, https:\/\/wordpress.ft.unicamp.br\/informatica\/wp-content\/uploads\/sites\/4\/2015\/06\/DSC00615-150x84.jpg 150w, https:\/\/wordpress.ft.unicamp.br\/informatica\/wp-content\/uploads\/sites\/4\/2015\/06\/DSC00615-200x113.jpg 200w, https:\/\/wordpress.ft.unicamp.br\/informatica\/wp-content\/uploads\/sites\/4\/2015\/06\/DSC00615-450x253.jpg 450w, https:\/\/wordpress.ft.unicamp.br\/informatica\/wp-content\/uploads\/sites\/4\/2015\/06\/DSC00615-600x338.jpg 600w, https:\/\/wordpress.ft.unicamp.br\/informatica\/wp-content\/uploads\/sites\/4\/2015\/06\/DSC00615-900x506.jpg 900w, https:\/\/wordpress.ft.unicamp.br\/informatica\/wp-content\/uploads\/sites\/4\/2015\/06\/DSC00615.jpg 1920w\" sizes=\"(max-width: 300px) 100vw, 300px\" \/><\/a><\/p>\n<ul>\n<li>\n<p class=\"western\" align=\"justify\"><span style=\"font-family: Arial,sans-serif\"><span style=\"font-size: large\">LP02: <\/span><\/span><\/p>\n<ul>\n<li>\n<p class=\"western\" align=\"justify\"><span style=\"font-family: Arial,sans-serif\"><span style=\"font-size: large\">20 computadores Intel Core i7 3.40 GHz, 8 GB de mem\u00f3ria RAM, 500 GB de HD;<\/span><\/span><\/span><\/span><\/span><\/p>\n<\/li>\n<li>\n<p class=\"western\" align=\"justify\"><span style=\"font-family: Arial,sans-serif\"><span style=\"font-size: large\">1 projetor multim\u00eddia <\/span><\/span><\/p>\n<\/li>\n<\/ul>\n<\/li>\n<\/ul>\n","protected":false},"excerpt":{"rendered":"<p>\u00a0 \u00a0 \u00a0 \u00a0 \u00a0 \u00a0 \u00a0 \u00a0 \u00a0 \u00a0 \u00a0 LP02: 20 computadores Intel Core i7 3.40 GHz, 8 GB de mem\u00f3ria RAM, 500 GB de HD; 1 projetor multim\u00eddia<\/p>\n","protected":false},"author":1,"featured_media":0,"parent":0,"menu_order":0,"comment_status":"closed","ping_status":"closed","template":"full-width-page.php","meta":{"footnotes":""},"class_list":["post-53","page","type-page","status-publish","hentry"],"yoast_head":"<!-- This site is optimized with the Yoast SEO plugin v27.5 - https:\/\/yoast.com\/product\/yoast-seo-wordpress\/ -->\n<title>LP02 - Inform\u00e1tica<\/title>\n<meta name=\"description\" content=\"p\u00f3s-Gradua\u00e7\u00e3o, posgradua\u00e7\u00e3o, p\u00f3sgradua\u00e7\u00e3o, pos gradua\u00e7\u00e3o, p\u00f3s gradua\u00e7\u00e3o, Curso, mba, Especializa\u00e7\u00e3o, UNICAMP, Governan\u00e7a, Tecnologia da Informa\u00e7\u00e3o, TI, Gest\u00e3o, Qualidade, Processos, PMI, CMMI, ITIL, Cobit\" \/>\n<meta name=\"robots\" content=\"index, follow, max-snippet:-1, max-image-preview:large, max-video-preview:-1\" \/>\n<link rel=\"canonical\" href=\"https:\/\/wordpress.ft.unicamp.br\/informatica\/lp02\/\" \/>\n<meta property=\"og:locale\" content=\"pt_BR\" \/>\n<meta property=\"og:type\" content=\"article\" \/>\n<meta property=\"og:title\" content=\"LP02 - Inform\u00e1tica\" \/>\n<meta property=\"og:description\" content=\"p\u00f3s-Gradua\u00e7\u00e3o, posgradua\u00e7\u00e3o, p\u00f3sgradua\u00e7\u00e3o, pos gradua\u00e7\u00e3o, p\u00f3s gradua\u00e7\u00e3o, Curso, mba, Especializa\u00e7\u00e3o, UNICAMP, Governan\u00e7a, Tecnologia da Informa\u00e7\u00e3o, TI, Gest\u00e3o, Qualidade, Processos, PMI, CMMI, ITIL, Cobit\" \/>\n<meta property=\"og:url\" content=\"https:\/\/wordpress.ft.unicamp.br\/informatica\/lp02\/\" \/>\n<meta property=\"og:site_name\" content=\"Inform\u00e1tica\" \/>\n<meta property=\"og:image\" content=\"http:\/\/wordpress.ft.unicamp.br\/informatica\/wp-content\/uploads\/sites\/4\/2015\/06\/DSC00616-300x169.jpg\" \/>\n<meta name=\"twitter:card\" content=\"summary_large_image\" \/>\n<script type=\"application\/ld+json\" class=\"yoast-schema-graph\">{\"@context\":\"https:\\\/\\\/schema.org\",\"@graph\":[{\"@type\":\"WebPage\",\"@id\":\"https:\\\/\\\/wordpress.ft.unicamp.br\\\/informatica\\\/lp02\\\/\",\"url\":\"https:\\\/\\\/wordpress.ft.unicamp.br\\\/informatica\\\/lp02\\\/\",\"name\":\"LP02 - Inform\u00e1tica\",\"isPartOf\":{\"@id\":\"https:\\\/\\\/wordpress.ft.unicamp.br\\\/informatica\\\/#website\"},\"primaryImageOfPage\":{\"@id\":\"https:\\\/\\\/wordpress.ft.unicamp.br\\\/informatica\\\/lp02\\\/#primaryimage\"},\"image\":{\"@id\":\"https:\\\/\\\/wordpress.ft.unicamp.br\\\/informatica\\\/lp02\\\/#primaryimage\"},\"thumbnailUrl\":\"http:\\\/\\\/wordpress.ft.unicamp.br\\\/informatica\\\/wp-content\\\/uploads\\\/sites\\\/4\\\/2015\\\/06\\\/DSC00616-300x169.jpg\",\"datePublished\":\"2015-06-23T20:38:52+00:00\",\"description\":\"p\u00f3s-Gradua\u00e7\u00e3o, posgradua\u00e7\u00e3o, p\u00f3sgradua\u00e7\u00e3o, pos gradua\u00e7\u00e3o, p\u00f3s gradua\u00e7\u00e3o, Curso, mba, Especializa\u00e7\u00e3o, UNICAMP, Governan\u00e7a, Tecnologia da Informa\u00e7\u00e3o, TI, Gest\u00e3o, Qualidade, Processos, PMI, CMMI, ITIL, Cobit\",\"breadcrumb\":{\"@id\":\"https:\\\/\\\/wordpress.ft.unicamp.br\\\/informatica\\\/lp02\\\/#breadcrumb\"},\"inLanguage\":\"pt-BR\",\"potentialAction\":[{\"@type\":\"ReadAction\",\"target\":[\"https:\\\/\\\/wordpress.ft.unicamp.br\\\/informatica\\\/lp02\\\/\"]}]},{\"@type\":\"ImageObject\",\"inLanguage\":\"pt-BR\",\"@id\":\"https:\\\/\\\/wordpress.ft.unicamp.br\\\/informatica\\\/lp02\\\/#primaryimage\",\"url\":\"http:\\\/\\\/wordpress.ft.unicamp.br\\\/informatica\\\/wp-content\\\/uploads\\\/sites\\\/4\\\/2015\\\/06\\\/DSC00616-300x169.jpg\",\"contentUrl\":\"http:\\\/\\\/wordpress.ft.unicamp.br\\\/informatica\\\/wp-content\\\/uploads\\\/sites\\\/4\\\/2015\\\/06\\\/DSC00616-300x169.jpg\"},{\"@type\":\"BreadcrumbList\",\"@id\":\"https:\\\/\\\/wordpress.ft.unicamp.br\\\/informatica\\\/lp02\\\/#breadcrumb\",\"itemListElement\":[{\"@type\":\"ListItem\",\"position\":1,\"name\":\"Home\",\"item\":\"https:\\\/\\\/wordpress.ft.unicamp.br\\\/informatica\\\/\"},{\"@type\":\"ListItem\",\"position\":2,\"name\":\"LP02\"}]},{\"@type\":\"WebSite\",\"@id\":\"https:\\\/\\\/wordpress.ft.unicamp.br\\\/informatica\\\/#website\",\"url\":\"https:\\\/\\\/wordpress.ft.unicamp.br\\\/informatica\\\/\",\"name\":\"Inform\u00e1tica\",\"description\":\"Laborat\u00f3rio de Inform\u00e1tica da Faculdade de Tecnologia\",\"publisher\":{\"@id\":\"https:\\\/\\\/wordpress.ft.unicamp.br\\\/informatica\\\/#organization\"},\"potentialAction\":[{\"@type\":\"SearchAction\",\"target\":{\"@type\":\"EntryPoint\",\"urlTemplate\":\"https:\\\/\\\/wordpress.ft.unicamp.br\\\/informatica\\\/?s={search_term_string}\"},\"query-input\":{\"@type\":\"PropertyValueSpecification\",\"valueRequired\":true,\"valueName\":\"search_term_string\"}}],\"inLanguage\":\"pt-BR\"},{\"@type\":\"Organization\",\"@id\":\"https:\\\/\\\/wordpress.ft.unicamp.br\\\/informatica\\\/#organization\",\"name\":\"FT\",\"url\":\"https:\\\/\\\/wordpress.ft.unicamp.br\\\/informatica\\\/\",\"logo\":{\"@type\":\"ImageObject\",\"inLanguage\":\"pt-BR\",\"@id\":\"https:\\\/\\\/wordpress.ft.unicamp.br\\\/informatica\\\/#\\\/schema\\\/logo\\\/image\\\/\",\"url\":\"https:\\\/\\\/wordpress.ft.unicamp.br\\\/informatica\\\/wp-content\\\/uploads\\\/sites\\\/4\\\/2018\\\/08\\\/logotipo_ft.png\",\"contentUrl\":\"https:\\\/\\\/wordpress.ft.unicamp.br\\\/informatica\\\/wp-content\\\/uploads\\\/sites\\\/4\\\/2018\\\/08\\\/logotipo_ft.png\",\"width\":1124,\"height\":1017,\"caption\":\"FT\"},\"image\":{\"@id\":\"https:\\\/\\\/wordpress.ft.unicamp.br\\\/informatica\\\/#\\\/schema\\\/logo\\\/image\\\/\"}}]}<\/script>\n<!-- \/ Yoast SEO plugin. -->","yoast_head_json":{"title":"LP02 - Inform\u00e1tica","description":"p\u00f3s-Gradua\u00e7\u00e3o, posgradua\u00e7\u00e3o, p\u00f3sgradua\u00e7\u00e3o, pos gradua\u00e7\u00e3o, p\u00f3s gradua\u00e7\u00e3o, Curso, mba, Especializa\u00e7\u00e3o, UNICAMP, Governan\u00e7a, Tecnologia da Informa\u00e7\u00e3o, TI, Gest\u00e3o, Qualidade, Processos, PMI, CMMI, ITIL, Cobit","robots":{"index":"index","follow":"follow","max-snippet":"max-snippet:-1","max-image-preview":"max-image-preview:large","max-video-preview":"max-video-preview:-1"},"canonical":"https:\/\/wordpress.ft.unicamp.br\/informatica\/lp02\/","og_locale":"pt_BR","og_type":"article","og_title":"LP02 - Inform\u00e1tica","og_description":"p\u00f3s-Gradua\u00e7\u00e3o, posgradua\u00e7\u00e3o, p\u00f3sgradua\u00e7\u00e3o, pos gradua\u00e7\u00e3o, p\u00f3s gradua\u00e7\u00e3o, Curso, mba, Especializa\u00e7\u00e3o, UNICAMP, Governan\u00e7a, Tecnologia da Informa\u00e7\u00e3o, TI, Gest\u00e3o, Qualidade, Processos, PMI, CMMI, ITIL, Cobit","og_url":"https:\/\/wordpress.ft.unicamp.br\/informatica\/lp02\/","og_site_name":"Inform\u00e1tica","og_image":[{"url":"http:\/\/wordpress.ft.unicamp.br\/informatica\/wp-content\/uploads\/sites\/4\/2015\/06\/DSC00616-300x169.jpg","type":"","width":"","height":""}],"twitter_card":"summary_large_image","schema":{"@context":"https:\/\/schema.org","@graph":[{"@type":"WebPage","@id":"https:\/\/wordpress.ft.unicamp.br\/informatica\/lp02\/","url":"https:\/\/wordpress.ft.unicamp.br\/informatica\/lp02\/","name":"LP02 - Inform\u00e1tica","isPartOf":{"@id":"https:\/\/wordpress.ft.unicamp.br\/informatica\/#website"},"primaryImageOfPage":{"@id":"https:\/\/wordpress.ft.unicamp.br\/informatica\/lp02\/#primaryimage"},"image":{"@id":"https:\/\/wordpress.ft.unicamp.br\/informatica\/lp02\/#primaryimage"},"thumbnailUrl":"http:\/\/wordpress.ft.unicamp.br\/informatica\/wp-content\/uploads\/sites\/4\/2015\/06\/DSC00616-300x169.jpg","datePublished":"2015-06-23T20:38:52+00:00","description":"p\u00f3s-Gradua\u00e7\u00e3o, posgradua\u00e7\u00e3o, p\u00f3sgradua\u00e7\u00e3o, pos gradua\u00e7\u00e3o, p\u00f3s gradua\u00e7\u00e3o, Curso, mba, Especializa\u00e7\u00e3o, UNICAMP, Governan\u00e7a, Tecnologia da Informa\u00e7\u00e3o, TI, Gest\u00e3o, Qualidade, Processos, PMI, CMMI, ITIL, Cobit","breadcrumb":{"@id":"https:\/\/wordpress.ft.unicamp.br\/informatica\/lp02\/#breadcrumb"},"inLanguage":"pt-BR","potentialAction":[{"@type":"ReadAction","target":["https:\/\/wordpress.ft.unicamp.br\/informatica\/lp02\/"]}]},{"@type":"ImageObject","inLanguage":"pt-BR","@id":"https:\/\/wordpress.ft.unicamp.br\/informatica\/lp02\/#primaryimage","url":"http:\/\/wordpress.ft.unicamp.br\/informatica\/wp-content\/uploads\/sites\/4\/2015\/06\/DSC00616-300x169.jpg","contentUrl":"http:\/\/wordpress.ft.unicamp.br\/informatica\/wp-content\/uploads\/sites\/4\/2015\/06\/DSC00616-300x169.jpg"},{"@type":"BreadcrumbList","@id":"https:\/\/wordpress.ft.unicamp.br\/informatica\/lp02\/#breadcrumb","itemListElement":[{"@type":"ListItem","position":1,"name":"Home","item":"https:\/\/wordpress.ft.unicamp.br\/informatica\/"},{"@type":"ListItem","position":2,"name":"LP02"}]},{"@type":"WebSite","@id":"https:\/\/wordpress.ft.unicamp.br\/informatica\/#website","url":"https:\/\/wordpress.ft.unicamp.br\/informatica\/","name":"Inform\u00e1tica","description":"Laborat\u00f3rio de Inform\u00e1tica da Faculdade de Tecnologia","publisher":{"@id":"https:\/\/wordpress.ft.unicamp.br\/informatica\/#organization"},"potentialAction":[{"@type":"SearchAction","target":{"@type":"EntryPoint","urlTemplate":"https:\/\/wordpress.ft.unicamp.br\/informatica\/?s={search_term_string}"},"query-input":{"@type":"PropertyValueSpecification","valueRequired":true,"valueName":"search_term_string"}}],"inLanguage":"pt-BR"},{"@type":"Organization","@id":"https:\/\/wordpress.ft.unicamp.br\/informatica\/#organization","name":"FT","url":"https:\/\/wordpress.ft.unicamp.br\/informatica\/","logo":{"@type":"ImageObject","inLanguage":"pt-BR","@id":"https:\/\/wordpress.ft.unicamp.br\/informatica\/#\/schema\/logo\/image\/","url":"https:\/\/wordpress.ft.unicamp.br\/informatica\/wp-content\/uploads\/sites\/4\/2018\/08\/logotipo_ft.png","contentUrl":"https:\/\/wordpress.ft.unicamp.br\/informatica\/wp-content\/uploads\/sites\/4\/2018\/08\/logotipo_ft.png","width":1124,"height":1017,"caption":"FT"},"image":{"@id":"https:\/\/wordpress.ft.unicamp.br\/informatica\/#\/schema\/logo\/image\/"}}]}},"_links":{"self":[{"href":"https:\/\/wordpress.ft.unicamp.br\/informatica\/wp-json\/wp\/v2\/pages\/53","targetHints":{"allow":["GET"]}}],"collection":[{"href":"https:\/\/wordpress.ft.unicamp.br\/informatica\/wp-json\/wp\/v2\/pages"}],"about":[{"href":"https:\/\/wordpress.ft.unicamp.br\/informatica\/wp-json\/wp\/v2\/types\/page"}],"author":[{"embeddable":true,"href":"https:\/\/wordpress.ft.unicamp.br\/informatica\/wp-json\/wp\/v2\/users\/1"}],"replies":[{"embeddable":true,"href":"https:\/\/wordpress.ft.unicamp.br\/informatica\/wp-json\/wp\/v2\/comments?post=53"}],"version-history":[{"count":0,"href":"https:\/\/wordpress.ft.unicamp.br\/informatica\/wp-json\/wp\/v2\/pages\/53\/revisions"}],"wp:attachment":[{"href":"https:\/\/wordpress.ft.unicamp.br\/informatica\/wp-json\/wp\/v2\/media?parent=53"}],"curies":[{"name":"wp","href":"https:\/\/api.w.org\/{rel}","templated":true}]}}