{"id":77,"date":"2015-06-23T20:49:02","date_gmt":"2015-06-23T20:49:02","guid":{"rendered":"http:\/\/www.ft.unicamp.br\/informatica\/?page_id=77"},"modified":"2015-06-23T20:49:02","modified_gmt":"2015-06-23T20:49:02","slug":"listas-de-e-mails","status":"publish","type":"page","link":"https:\/\/wordpress.ft.unicamp.br\/informatica\/listas-de-e-mails\/","title":{"rendered":"Listas de e-mails"},"content":{"rendered":"<p>A FT possui algumas listas de discuss\u00e3o disponibilizadas para a comunidade. Os alunos de gradua\u00e7\u00e3o podem se inscrever na lista <a href=\"mailto:alunos@listas.ft.unicamp.br\" target=\"_blank\">alunos@listas.ft.unicamp.br<\/a> atrav\u00e9s da p\u00e1gina <a href=\"https:\/\/listas.ft.unicamp.br\/mailman\/listinfo\/alunos\" target=\"_blank\">https:\/\/listas.ft.unicamp.br\/mailman\/listinfo\/alunos<\/a> ou enviando uma mensagem para <a href=\"mailto:alunos-subscribe@listas.ft.unicamp.br\" target=\"_blank\">alunos-subscribe@listas.ft.unicamp.br<\/a>. \u00c9 importante lembrar que todos os alunos a equipe de Inform\u00e1tica automaticamente inscreve todos os alunos ingressantes por meio do endere\u00e7o de e-mail institucional &#8220;@dac.unicamp.br&#8221;. A desinscri\u00e7\u00e3o dessa lista pode ser feita enviando uma mensagem para o endere\u00e7o <a href=\"mailto:alunos-unsubscribe@listas.ft.unicamp.br\" target=\"_blank\">alunos-unsubscribe@listas.ft.unicamp.br<\/a>.<\/p>\n<p>Os alunos de p\u00f3s-gradua\u00e7\u00e3o podem se inscrever na lista <a href=\"mailto:posgrad@listas.ft.unicamp.br\" target=\"_blank\">posgrad@listas.ft.unicamp.br<\/a>. Isso pode ser feito atrav\u00e9s da p\u00e1gina <a href=\"https:\/\/listas.ft.unicamp.br\/mailman\/listinfo\/posgrad\" target=\"_blank\">https:\/\/listas.ft.unicamp.br\/mailman\/listinfo\/posgrad<\/a> ou enviando uma mensagem para <a href=\"mailto:posgrad-subscribe@listas.ft.unicamp.br\" target=\"_blank\">posgrad-subscribe@listas.ft.unicamp.br<\/a>.<\/p>\n<p>Em caso de d\u00favidas, consulte a equipe de Inform\u00e1tica da FT.<\/p>\n<p><img fetchpriority=\"high\" decoding=\"async\" class=\"size-medium wp-image-417 aligncenter\" src=\"http:\/\/wordpress.ft.unicamp.br\/informatica\/wp-content\/uploads\/sites\/4\/2015\/06\/email-300x225.jpg\" alt=\"email\" width=\"300\" height=\"225\" srcset=\"https:\/\/wordpress.ft.unicamp.br\/informatica\/wp-content\/uploads\/sites\/4\/2015\/06\/email-300x225.jpg 300w, https:\/\/wordpress.ft.unicamp.br\/informatica\/wp-content\/uploads\/sites\/4\/2015\/06\/email-100x75.jpg 100w, https:\/\/wordpress.ft.unicamp.br\/informatica\/wp-content\/uploads\/sites\/4\/2015\/06\/email-150x113.jpg 150w, https:\/\/wordpress.ft.unicamp.br\/informatica\/wp-content\/uploads\/sites\/4\/2015\/06\/email-200x150.jpg 200w, https:\/\/wordpress.ft.unicamp.br\/informatica\/wp-content\/uploads\/sites\/4\/2015\/06\/email.jpg 400w\" sizes=\"(max-width: 300px) 100vw, 300px\" \/><\/p>\n","protected":false},"excerpt":{"rendered":"<p>A FT possui algumas listas de discuss\u00e3o disponibilizadas para a comunidade. Os alunos de gradua\u00e7\u00e3o podem se inscrever na lista alunos@listas.ft.unicamp.br atrav\u00e9s da p\u00e1gina https:\/\/listas.ft.unicamp.br\/mailman\/listinfo\/alunos ou enviando uma mensagem para alunos-subscribe@listas.ft.unicamp.br. \u00c9 importante lembrar que todos os alunos a equipe &hellip;<\/p>\n<p class=\"read-more\"> <a class=\"more-link\" href=\"https:\/\/wordpress.ft.unicamp.br\/informatica\/listas-de-e-mails\/\"> <span class=\"screen-reader-text\">Listas de e-mails<\/span> Read More &raquo;<\/a><\/p>\n","protected":false},"author":1,"featured_media":0,"parent":0,"menu_order":0,"comment_status":"closed","ping_status":"closed","template":"full-width-page.php","meta":{"footnotes":""},"class_list":["post-77","page","type-page","status-publish","hentry"],"yoast_head":"<!-- This site is optimized with the Yoast SEO plugin v27.5 - https:\/\/yoast.com\/product\/yoast-seo-wordpress\/ -->\n<title>Listas de e-mails - Inform\u00e1tica<\/title>\n<meta name=\"description\" content=\"p\u00f3s-Gradua\u00e7\u00e3o, posgradua\u00e7\u00e3o, p\u00f3sgradua\u00e7\u00e3o, pos gradua\u00e7\u00e3o, p\u00f3s gradua\u00e7\u00e3o, Curso, mba, Especializa\u00e7\u00e3o, UNICAMP, Governan\u00e7a, Tecnologia da Informa\u00e7\u00e3o, TI, Gest\u00e3o, Qualidade, Processos, PMI, CMMI, ITIL, Cobit\" \/>\n<meta name=\"robots\" content=\"index, follow, max-snippet:-1, max-image-preview:large, max-video-preview:-1\" \/>\n<link rel=\"canonical\" href=\"https:\/\/wordpress.ft.unicamp.br\/informatica\/listas-de-e-mails\/\" \/>\n<meta property=\"og:locale\" content=\"pt_BR\" \/>\n<meta property=\"og:type\" content=\"article\" \/>\n<meta property=\"og:title\" content=\"Listas de e-mails - Inform\u00e1tica\" \/>\n<meta property=\"og:description\" content=\"p\u00f3s-Gradua\u00e7\u00e3o, posgradua\u00e7\u00e3o, p\u00f3sgradua\u00e7\u00e3o, pos gradua\u00e7\u00e3o, p\u00f3s gradua\u00e7\u00e3o, Curso, mba, Especializa\u00e7\u00e3o, UNICAMP, Governan\u00e7a, Tecnologia da Informa\u00e7\u00e3o, TI, Gest\u00e3o, Qualidade, Processos, PMI, CMMI, ITIL, Cobit\" \/>\n<meta property=\"og:url\" content=\"https:\/\/wordpress.ft.unicamp.br\/informatica\/listas-de-e-mails\/\" \/>\n<meta property=\"og:site_name\" content=\"Inform\u00e1tica\" \/>\n<meta property=\"og:image\" content=\"http:\/\/wordpress.ft.unicamp.br\/informatica\/wp-content\/uploads\/sites\/4\/2015\/06\/email-300x225.jpg\" \/>\n<meta name=\"twitter:card\" content=\"summary_large_image\" \/>\n<meta name=\"twitter:label1\" content=\"Est. tempo de leitura\" \/>\n\t<meta name=\"twitter:data1\" content=\"1 minuto\" \/>\n<script type=\"application\/ld+json\" class=\"yoast-schema-graph\">{\"@context\":\"https:\\\/\\\/schema.org\",\"@graph\":[{\"@type\":\"WebPage\",\"@id\":\"https:\\\/\\\/wordpress.ft.unicamp.br\\\/informatica\\\/listas-de-e-mails\\\/\",\"url\":\"https:\\\/\\\/wordpress.ft.unicamp.br\\\/informatica\\\/listas-de-e-mails\\\/\",\"name\":\"Listas de e-mails - Inform\u00e1tica\",\"isPartOf\":{\"@id\":\"https:\\\/\\\/wordpress.ft.unicamp.br\\\/informatica\\\/#website\"},\"primaryImageOfPage\":{\"@id\":\"https:\\\/\\\/wordpress.ft.unicamp.br\\\/informatica\\\/listas-de-e-mails\\\/#primaryimage\"},\"image\":{\"@id\":\"https:\\\/\\\/wordpress.ft.unicamp.br\\\/informatica\\\/listas-de-e-mails\\\/#primaryimage\"},\"thumbnailUrl\":\"http:\\\/\\\/wordpress.ft.unicamp.br\\\/informatica\\\/wp-content\\\/uploads\\\/sites\\\/4\\\/2015\\\/06\\\/email-300x225.jpg\",\"datePublished\":\"2015-06-23T20:49:02+00:00\",\"description\":\"p\u00f3s-Gradua\u00e7\u00e3o, posgradua\u00e7\u00e3o, p\u00f3sgradua\u00e7\u00e3o, pos gradua\u00e7\u00e3o, p\u00f3s gradua\u00e7\u00e3o, Curso, mba, Especializa\u00e7\u00e3o, UNICAMP, Governan\u00e7a, Tecnologia da Informa\u00e7\u00e3o, TI, Gest\u00e3o, Qualidade, Processos, PMI, CMMI, ITIL, Cobit\",\"breadcrumb\":{\"@id\":\"https:\\\/\\\/wordpress.ft.unicamp.br\\\/informatica\\\/listas-de-e-mails\\\/#breadcrumb\"},\"inLanguage\":\"pt-BR\",\"potentialAction\":[{\"@type\":\"ReadAction\",\"target\":[\"https:\\\/\\\/wordpress.ft.unicamp.br\\\/informatica\\\/listas-de-e-mails\\\/\"]}]},{\"@type\":\"ImageObject\",\"inLanguage\":\"pt-BR\",\"@id\":\"https:\\\/\\\/wordpress.ft.unicamp.br\\\/informatica\\\/listas-de-e-mails\\\/#primaryimage\",\"url\":\"http:\\\/\\\/wordpress.ft.unicamp.br\\\/informatica\\\/wp-content\\\/uploads\\\/sites\\\/4\\\/2015\\\/06\\\/email-300x225.jpg\",\"contentUrl\":\"http:\\\/\\\/wordpress.ft.unicamp.br\\\/informatica\\\/wp-content\\\/uploads\\\/sites\\\/4\\\/2015\\\/06\\\/email-300x225.jpg\"},{\"@type\":\"BreadcrumbList\",\"@id\":\"https:\\\/\\\/wordpress.ft.unicamp.br\\\/informatica\\\/listas-de-e-mails\\\/#breadcrumb\",\"itemListElement\":[{\"@type\":\"ListItem\",\"position\":1,\"name\":\"Home\",\"item\":\"https:\\\/\\\/wordpress.ft.unicamp.br\\\/informatica\\\/\"},{\"@type\":\"ListItem\",\"position\":2,\"name\":\"Listas de e-mails\"}]},{\"@type\":\"WebSite\",\"@id\":\"https:\\\/\\\/wordpress.ft.unicamp.br\\\/informatica\\\/#website\",\"url\":\"https:\\\/\\\/wordpress.ft.unicamp.br\\\/informatica\\\/\",\"name\":\"Inform\u00e1tica\",\"description\":\"Laborat\u00f3rio de Inform\u00e1tica da Faculdade de Tecnologia\",\"publisher\":{\"@id\":\"https:\\\/\\\/wordpress.ft.unicamp.br\\\/informatica\\\/#organization\"},\"potentialAction\":[{\"@type\":\"SearchAction\",\"target\":{\"@type\":\"EntryPoint\",\"urlTemplate\":\"https:\\\/\\\/wordpress.ft.unicamp.br\\\/informatica\\\/?s={search_term_string}\"},\"query-input\":{\"@type\":\"PropertyValueSpecification\",\"valueRequired\":true,\"valueName\":\"search_term_string\"}}],\"inLanguage\":\"pt-BR\"},{\"@type\":\"Organization\",\"@id\":\"https:\\\/\\\/wordpress.ft.unicamp.br\\\/informatica\\\/#organization\",\"name\":\"FT\",\"url\":\"https:\\\/\\\/wordpress.ft.unicamp.br\\\/informatica\\\/\",\"logo\":{\"@type\":\"ImageObject\",\"inLanguage\":\"pt-BR\",\"@id\":\"https:\\\/\\\/wordpress.ft.unicamp.br\\\/informatica\\\/#\\\/schema\\\/logo\\\/image\\\/\",\"url\":\"https:\\\/\\\/wordpress.ft.unicamp.br\\\/informatica\\\/wp-content\\\/uploads\\\/sites\\\/4\\\/2018\\\/08\\\/logotipo_ft.png\",\"contentUrl\":\"https:\\\/\\\/wordpress.ft.unicamp.br\\\/informatica\\\/wp-content\\\/uploads\\\/sites\\\/4\\\/2018\\\/08\\\/logotipo_ft.png\",\"width\":1124,\"height\":1017,\"caption\":\"FT\"},\"image\":{\"@id\":\"https:\\\/\\\/wordpress.ft.unicamp.br\\\/informatica\\\/#\\\/schema\\\/logo\\\/image\\\/\"}}]}<\/script>\n<!-- \/ Yoast SEO plugin. -->","yoast_head_json":{"title":"Listas de e-mails - Inform\u00e1tica","description":"p\u00f3s-Gradua\u00e7\u00e3o, posgradua\u00e7\u00e3o, p\u00f3sgradua\u00e7\u00e3o, pos gradua\u00e7\u00e3o, p\u00f3s gradua\u00e7\u00e3o, Curso, mba, Especializa\u00e7\u00e3o, UNICAMP, Governan\u00e7a, Tecnologia da Informa\u00e7\u00e3o, TI, Gest\u00e3o, Qualidade, Processos, PMI, CMMI, ITIL, Cobit","robots":{"index":"index","follow":"follow","max-snippet":"max-snippet:-1","max-image-preview":"max-image-preview:large","max-video-preview":"max-video-preview:-1"},"canonical":"https:\/\/wordpress.ft.unicamp.br\/informatica\/listas-de-e-mails\/","og_locale":"pt_BR","og_type":"article","og_title":"Listas de e-mails - Inform\u00e1tica","og_description":"p\u00f3s-Gradua\u00e7\u00e3o, posgradua\u00e7\u00e3o, p\u00f3sgradua\u00e7\u00e3o, pos gradua\u00e7\u00e3o, p\u00f3s gradua\u00e7\u00e3o, Curso, mba, Especializa\u00e7\u00e3o, UNICAMP, Governan\u00e7a, Tecnologia da Informa\u00e7\u00e3o, TI, Gest\u00e3o, Qualidade, Processos, PMI, CMMI, ITIL, Cobit","og_url":"https:\/\/wordpress.ft.unicamp.br\/informatica\/listas-de-e-mails\/","og_site_name":"Inform\u00e1tica","og_image":[{"url":"http:\/\/wordpress.ft.unicamp.br\/informatica\/wp-content\/uploads\/sites\/4\/2015\/06\/email-300x225.jpg","type":"","width":"","height":""}],"twitter_card":"summary_large_image","twitter_misc":{"Est. tempo de leitura":"1 minuto"},"schema":{"@context":"https:\/\/schema.org","@graph":[{"@type":"WebPage","@id":"https:\/\/wordpress.ft.unicamp.br\/informatica\/listas-de-e-mails\/","url":"https:\/\/wordpress.ft.unicamp.br\/informatica\/listas-de-e-mails\/","name":"Listas de e-mails - Inform\u00e1tica","isPartOf":{"@id":"https:\/\/wordpress.ft.unicamp.br\/informatica\/#website"},"primaryImageOfPage":{"@id":"https:\/\/wordpress.ft.unicamp.br\/informatica\/listas-de-e-mails\/#primaryimage"},"image":{"@id":"https:\/\/wordpress.ft.unicamp.br\/informatica\/listas-de-e-mails\/#primaryimage"},"thumbnailUrl":"http:\/\/wordpress.ft.unicamp.br\/informatica\/wp-content\/uploads\/sites\/4\/2015\/06\/email-300x225.jpg","datePublished":"2015-06-23T20:49:02+00:00","description":"p\u00f3s-Gradua\u00e7\u00e3o, posgradua\u00e7\u00e3o, p\u00f3sgradua\u00e7\u00e3o, pos gradua\u00e7\u00e3o, p\u00f3s gradua\u00e7\u00e3o, Curso, mba, Especializa\u00e7\u00e3o, UNICAMP, Governan\u00e7a, Tecnologia da Informa\u00e7\u00e3o, TI, Gest\u00e3o, Qualidade, Processos, PMI, CMMI, ITIL, Cobit","breadcrumb":{"@id":"https:\/\/wordpress.ft.unicamp.br\/informatica\/listas-de-e-mails\/#breadcrumb"},"inLanguage":"pt-BR","potentialAction":[{"@type":"ReadAction","target":["https:\/\/wordpress.ft.unicamp.br\/informatica\/listas-de-e-mails\/"]}]},{"@type":"ImageObject","inLanguage":"pt-BR","@id":"https:\/\/wordpress.ft.unicamp.br\/informatica\/listas-de-e-mails\/#primaryimage","url":"http:\/\/wordpress.ft.unicamp.br\/informatica\/wp-content\/uploads\/sites\/4\/2015\/06\/email-300x225.jpg","contentUrl":"http:\/\/wordpress.ft.unicamp.br\/informatica\/wp-content\/uploads\/sites\/4\/2015\/06\/email-300x225.jpg"},{"@type":"BreadcrumbList","@id":"https:\/\/wordpress.ft.unicamp.br\/informatica\/listas-de-e-mails\/#breadcrumb","itemListElement":[{"@type":"ListItem","position":1,"name":"Home","item":"https:\/\/wordpress.ft.unicamp.br\/informatica\/"},{"@type":"ListItem","position":2,"name":"Listas de e-mails"}]},{"@type":"WebSite","@id":"https:\/\/wordpress.ft.unicamp.br\/informatica\/#website","url":"https:\/\/wordpress.ft.unicamp.br\/informatica\/","name":"Inform\u00e1tica","description":"Laborat\u00f3rio de Inform\u00e1tica da Faculdade de Tecnologia","publisher":{"@id":"https:\/\/wordpress.ft.unicamp.br\/informatica\/#organization"},"potentialAction":[{"@type":"SearchAction","target":{"@type":"EntryPoint","urlTemplate":"https:\/\/wordpress.ft.unicamp.br\/informatica\/?s={search_term_string}"},"query-input":{"@type":"PropertyValueSpecification","valueRequired":true,"valueName":"search_term_string"}}],"inLanguage":"pt-BR"},{"@type":"Organization","@id":"https:\/\/wordpress.ft.unicamp.br\/informatica\/#organization","name":"FT","url":"https:\/\/wordpress.ft.unicamp.br\/informatica\/","logo":{"@type":"ImageObject","inLanguage":"pt-BR","@id":"https:\/\/wordpress.ft.unicamp.br\/informatica\/#\/schema\/logo\/image\/","url":"https:\/\/wordpress.ft.unicamp.br\/informatica\/wp-content\/uploads\/sites\/4\/2018\/08\/logotipo_ft.png","contentUrl":"https:\/\/wordpress.ft.unicamp.br\/informatica\/wp-content\/uploads\/sites\/4\/2018\/08\/logotipo_ft.png","width":1124,"height":1017,"caption":"FT"},"image":{"@id":"https:\/\/wordpress.ft.unicamp.br\/informatica\/#\/schema\/logo\/image\/"}}]}},"_links":{"self":[{"href":"https:\/\/wordpress.ft.unicamp.br\/informatica\/wp-json\/wp\/v2\/pages\/77","targetHints":{"allow":["GET"]}}],"collection":[{"href":"https:\/\/wordpress.ft.unicamp.br\/informatica\/wp-json\/wp\/v2\/pages"}],"about":[{"href":"https:\/\/wordpress.ft.unicamp.br\/informatica\/wp-json\/wp\/v2\/types\/page"}],"author":[{"embeddable":true,"href":"https:\/\/wordpress.ft.unicamp.br\/informatica\/wp-json\/wp\/v2\/users\/1"}],"replies":[{"embeddable":true,"href":"https:\/\/wordpress.ft.unicamp.br\/informatica\/wp-json\/wp\/v2\/comments?post=77"}],"version-history":[{"count":0,"href":"https:\/\/wordpress.ft.unicamp.br\/informatica\/wp-json\/wp\/v2\/pages\/77\/revisions"}],"wp:attachment":[{"href":"https:\/\/wordpress.ft.unicamp.br\/informatica\/wp-json\/wp\/v2\/media?parent=77"}],"curies":[{"name":"wp","href":"https:\/\/api.w.org\/{rel}","templated":true}]}}