{"id":83,"date":"2015-06-23T20:51:25","date_gmt":"2015-06-23T20:51:25","guid":{"rendered":"http:\/\/www.ft.unicamp.br\/informatica\/?page_id=83"},"modified":"2015-06-23T20:51:25","modified_gmt":"2015-06-23T20:51:25","slug":"mathematica","status":"publish","type":"page","link":"https:\/\/wordpress.ft.unicamp.br\/informatica\/mathematica\/","title":{"rendered":"Mathematica"},"content":{"rendered":"<p style=\"text-align: left\">O Mathematica pode efetuar c\u00e1lculos num\u00e9ricos, resolver express\u00f5es alg\u00e9bricas e diferenciais, efetuar manipula\u00e7\u00f5es simb\u00f3licas e gerar gr\u00e1ficos. Ele possui uma linguagem de programa\u00e7\u00e3o de alto n\u00edvel que permite estender seu uso.<\/p>\n<p style=\"text-align: left\">\u00a0A Unicamp possui um contrato de uso ilimitado para fins educacionais. Portanto, pode ser instalado em qualquer m\u00e1quina da Universidade dedicada a ensino e pesquisa, a vers\u00e3o atual \u00e9 a 9.0.1. Administradores de rede, docentes, alunos regulares, de p\u00f3s- doutorado e especiais podem solicitar o acesso a download do produto.<\/p>\n<p style=\"text-align: left\">Para mais informa\u00e7\u00f5es sobre a solicita\u00e7\u00e3o do download, acesse:\u00a0<a href=\"http:\/\/www.ctic.unicamp.br\/mathematica\">http:\/\/www.ctic.unicamp.br\/mathematica<img fetchpriority=\"high\" decoding=\"async\" class=\"size-full wp-image-422 aligncenter\" src=\"http:\/\/wordpress.ft.unicamp.br\/informatica\/wp-content\/uploads\/sites\/4\/2015\/06\/wolfram-mathematica-logo-new.jpg\" alt=\"wolfram-mathematica-logo-new\" width=\"285\" height=\"209\" srcset=\"https:\/\/wordpress.ft.unicamp.br\/informatica\/wp-content\/uploads\/sites\/4\/2015\/06\/wolfram-mathematica-logo-new.jpg 285w, https:\/\/wordpress.ft.unicamp.br\/informatica\/wp-content\/uploads\/sites\/4\/2015\/06\/wolfram-mathematica-logo-new-100x73.jpg 100w, https:\/\/wordpress.ft.unicamp.br\/informatica\/wp-content\/uploads\/sites\/4\/2015\/06\/wolfram-mathematica-logo-new-150x110.jpg 150w, https:\/\/wordpress.ft.unicamp.br\/informatica\/wp-content\/uploads\/sites\/4\/2015\/06\/wolfram-mathematica-logo-new-200x147.jpg 200w\" sizes=\"(max-width: 285px) 100vw, 285px\" \/><\/a><\/p>\n","protected":false},"excerpt":{"rendered":"<p>O Mathematica pode efetuar c\u00e1lculos num\u00e9ricos, resolver express\u00f5es alg\u00e9bricas e diferenciais, efetuar manipula\u00e7\u00f5es simb\u00f3licas e gerar gr\u00e1ficos. Ele possui uma linguagem de programa\u00e7\u00e3o de alto n\u00edvel que permite estender seu uso. \u00a0A Unicamp possui um contrato de uso ilimitado para &hellip;<\/p>\n<p class=\"read-more\"> <a class=\"more-link\" href=\"https:\/\/wordpress.ft.unicamp.br\/informatica\/mathematica\/\"> <span class=\"screen-reader-text\">Mathematica<\/span> Read More &raquo;<\/a><\/p>\n","protected":false},"author":1,"featured_media":0,"parent":0,"menu_order":0,"comment_status":"closed","ping_status":"closed","template":"full-width-page.php","meta":{"footnotes":""},"class_list":["post-83","page","type-page","status-publish","hentry"],"yoast_head":"<!-- This site is optimized with the Yoast SEO plugin v27.5 - https:\/\/yoast.com\/product\/yoast-seo-wordpress\/ -->\n<title>Mathematica - Inform\u00e1tica<\/title>\n<meta name=\"description\" content=\"p\u00f3s-Gradua\u00e7\u00e3o, posgradua\u00e7\u00e3o, p\u00f3sgradua\u00e7\u00e3o, pos gradua\u00e7\u00e3o, p\u00f3s gradua\u00e7\u00e3o, Curso, mba, Especializa\u00e7\u00e3o, UNICAMP, Governan\u00e7a, Tecnologia da Informa\u00e7\u00e3o, TI, Gest\u00e3o, Qualidade, Processos, PMI, CMMI, ITIL, Cobit\" \/>\n<meta name=\"robots\" content=\"index, follow, max-snippet:-1, max-image-preview:large, max-video-preview:-1\" \/>\n<link rel=\"canonical\" href=\"https:\/\/wordpress.ft.unicamp.br\/informatica\/mathematica\/\" \/>\n<meta property=\"og:locale\" content=\"pt_BR\" \/>\n<meta property=\"og:type\" content=\"article\" \/>\n<meta property=\"og:title\" content=\"Mathematica - Inform\u00e1tica\" \/>\n<meta property=\"og:description\" content=\"p\u00f3s-Gradua\u00e7\u00e3o, posgradua\u00e7\u00e3o, p\u00f3sgradua\u00e7\u00e3o, pos gradua\u00e7\u00e3o, p\u00f3s gradua\u00e7\u00e3o, Curso, mba, Especializa\u00e7\u00e3o, UNICAMP, Governan\u00e7a, Tecnologia da Informa\u00e7\u00e3o, TI, Gest\u00e3o, Qualidade, Processos, PMI, CMMI, ITIL, Cobit\" \/>\n<meta property=\"og:url\" content=\"https:\/\/wordpress.ft.unicamp.br\/informatica\/mathematica\/\" \/>\n<meta property=\"og:site_name\" content=\"Inform\u00e1tica\" \/>\n<meta property=\"og:image\" content=\"http:\/\/wordpress.ft.unicamp.br\/informatica\/wp-content\/uploads\/sites\/4\/2015\/06\/wolfram-mathematica-logo-new.jpg\" \/>\n<meta name=\"twitter:card\" content=\"summary_large_image\" \/>\n<meta name=\"twitter:label1\" content=\"Est. tempo de leitura\" \/>\n\t<meta name=\"twitter:data1\" content=\"1 minuto\" \/>\n<script type=\"application\/ld+json\" class=\"yoast-schema-graph\">{\"@context\":\"https:\\\/\\\/schema.org\",\"@graph\":[{\"@type\":\"WebPage\",\"@id\":\"https:\\\/\\\/wordpress.ft.unicamp.br\\\/informatica\\\/mathematica\\\/\",\"url\":\"https:\\\/\\\/wordpress.ft.unicamp.br\\\/informatica\\\/mathematica\\\/\",\"name\":\"Mathematica - Inform\u00e1tica\",\"isPartOf\":{\"@id\":\"https:\\\/\\\/wordpress.ft.unicamp.br\\\/informatica\\\/#website\"},\"primaryImageOfPage\":{\"@id\":\"https:\\\/\\\/wordpress.ft.unicamp.br\\\/informatica\\\/mathematica\\\/#primaryimage\"},\"image\":{\"@id\":\"https:\\\/\\\/wordpress.ft.unicamp.br\\\/informatica\\\/mathematica\\\/#primaryimage\"},\"thumbnailUrl\":\"http:\\\/\\\/wordpress.ft.unicamp.br\\\/informatica\\\/wp-content\\\/uploads\\\/sites\\\/4\\\/2015\\\/06\\\/wolfram-mathematica-logo-new.jpg\",\"datePublished\":\"2015-06-23T20:51:25+00:00\",\"description\":\"p\u00f3s-Gradua\u00e7\u00e3o, posgradua\u00e7\u00e3o, p\u00f3sgradua\u00e7\u00e3o, pos gradua\u00e7\u00e3o, p\u00f3s gradua\u00e7\u00e3o, Curso, mba, Especializa\u00e7\u00e3o, UNICAMP, Governan\u00e7a, Tecnologia da Informa\u00e7\u00e3o, TI, Gest\u00e3o, Qualidade, Processos, PMI, CMMI, ITIL, Cobit\",\"breadcrumb\":{\"@id\":\"https:\\\/\\\/wordpress.ft.unicamp.br\\\/informatica\\\/mathematica\\\/#breadcrumb\"},\"inLanguage\":\"pt-BR\",\"potentialAction\":[{\"@type\":\"ReadAction\",\"target\":[\"https:\\\/\\\/wordpress.ft.unicamp.br\\\/informatica\\\/mathematica\\\/\"]}]},{\"@type\":\"ImageObject\",\"inLanguage\":\"pt-BR\",\"@id\":\"https:\\\/\\\/wordpress.ft.unicamp.br\\\/informatica\\\/mathematica\\\/#primaryimage\",\"url\":\"http:\\\/\\\/wordpress.ft.unicamp.br\\\/informatica\\\/wp-content\\\/uploads\\\/sites\\\/4\\\/2015\\\/06\\\/wolfram-mathematica-logo-new.jpg\",\"contentUrl\":\"http:\\\/\\\/wordpress.ft.unicamp.br\\\/informatica\\\/wp-content\\\/uploads\\\/sites\\\/4\\\/2015\\\/06\\\/wolfram-mathematica-logo-new.jpg\"},{\"@type\":\"BreadcrumbList\",\"@id\":\"https:\\\/\\\/wordpress.ft.unicamp.br\\\/informatica\\\/mathematica\\\/#breadcrumb\",\"itemListElement\":[{\"@type\":\"ListItem\",\"position\":1,\"name\":\"Home\",\"item\":\"https:\\\/\\\/wordpress.ft.unicamp.br\\\/informatica\\\/\"},{\"@type\":\"ListItem\",\"position\":2,\"name\":\"Mathematica\"}]},{\"@type\":\"WebSite\",\"@id\":\"https:\\\/\\\/wordpress.ft.unicamp.br\\\/informatica\\\/#website\",\"url\":\"https:\\\/\\\/wordpress.ft.unicamp.br\\\/informatica\\\/\",\"name\":\"Inform\u00e1tica\",\"description\":\"Laborat\u00f3rio de Inform\u00e1tica da Faculdade de Tecnologia\",\"publisher\":{\"@id\":\"https:\\\/\\\/wordpress.ft.unicamp.br\\\/informatica\\\/#organization\"},\"potentialAction\":[{\"@type\":\"SearchAction\",\"target\":{\"@type\":\"EntryPoint\",\"urlTemplate\":\"https:\\\/\\\/wordpress.ft.unicamp.br\\\/informatica\\\/?s={search_term_string}\"},\"query-input\":{\"@type\":\"PropertyValueSpecification\",\"valueRequired\":true,\"valueName\":\"search_term_string\"}}],\"inLanguage\":\"pt-BR\"},{\"@type\":\"Organization\",\"@id\":\"https:\\\/\\\/wordpress.ft.unicamp.br\\\/informatica\\\/#organization\",\"name\":\"FT\",\"url\":\"https:\\\/\\\/wordpress.ft.unicamp.br\\\/informatica\\\/\",\"logo\":{\"@type\":\"ImageObject\",\"inLanguage\":\"pt-BR\",\"@id\":\"https:\\\/\\\/wordpress.ft.unicamp.br\\\/informatica\\\/#\\\/schema\\\/logo\\\/image\\\/\",\"url\":\"https:\\\/\\\/wordpress.ft.unicamp.br\\\/informatica\\\/wp-content\\\/uploads\\\/sites\\\/4\\\/2018\\\/08\\\/logotipo_ft.png\",\"contentUrl\":\"https:\\\/\\\/wordpress.ft.unicamp.br\\\/informatica\\\/wp-content\\\/uploads\\\/sites\\\/4\\\/2018\\\/08\\\/logotipo_ft.png\",\"width\":1124,\"height\":1017,\"caption\":\"FT\"},\"image\":{\"@id\":\"https:\\\/\\\/wordpress.ft.unicamp.br\\\/informatica\\\/#\\\/schema\\\/logo\\\/image\\\/\"}}]}<\/script>\n<!-- \/ Yoast SEO plugin. -->","yoast_head_json":{"title":"Mathematica - Inform\u00e1tica","description":"p\u00f3s-Gradua\u00e7\u00e3o, posgradua\u00e7\u00e3o, p\u00f3sgradua\u00e7\u00e3o, pos gradua\u00e7\u00e3o, p\u00f3s gradua\u00e7\u00e3o, Curso, mba, Especializa\u00e7\u00e3o, UNICAMP, Governan\u00e7a, Tecnologia da Informa\u00e7\u00e3o, TI, Gest\u00e3o, Qualidade, Processos, PMI, CMMI, ITIL, Cobit","robots":{"index":"index","follow":"follow","max-snippet":"max-snippet:-1","max-image-preview":"max-image-preview:large","max-video-preview":"max-video-preview:-1"},"canonical":"https:\/\/wordpress.ft.unicamp.br\/informatica\/mathematica\/","og_locale":"pt_BR","og_type":"article","og_title":"Mathematica - Inform\u00e1tica","og_description":"p\u00f3s-Gradua\u00e7\u00e3o, posgradua\u00e7\u00e3o, p\u00f3sgradua\u00e7\u00e3o, pos gradua\u00e7\u00e3o, p\u00f3s gradua\u00e7\u00e3o, Curso, mba, Especializa\u00e7\u00e3o, UNICAMP, Governan\u00e7a, Tecnologia da Informa\u00e7\u00e3o, TI, Gest\u00e3o, Qualidade, Processos, PMI, CMMI, ITIL, Cobit","og_url":"https:\/\/wordpress.ft.unicamp.br\/informatica\/mathematica\/","og_site_name":"Inform\u00e1tica","og_image":[{"url":"http:\/\/wordpress.ft.unicamp.br\/informatica\/wp-content\/uploads\/sites\/4\/2015\/06\/wolfram-mathematica-logo-new.jpg","type":"","width":"","height":""}],"twitter_card":"summary_large_image","twitter_misc":{"Est. tempo de leitura":"1 minuto"},"schema":{"@context":"https:\/\/schema.org","@graph":[{"@type":"WebPage","@id":"https:\/\/wordpress.ft.unicamp.br\/informatica\/mathematica\/","url":"https:\/\/wordpress.ft.unicamp.br\/informatica\/mathematica\/","name":"Mathematica - Inform\u00e1tica","isPartOf":{"@id":"https:\/\/wordpress.ft.unicamp.br\/informatica\/#website"},"primaryImageOfPage":{"@id":"https:\/\/wordpress.ft.unicamp.br\/informatica\/mathematica\/#primaryimage"},"image":{"@id":"https:\/\/wordpress.ft.unicamp.br\/informatica\/mathematica\/#primaryimage"},"thumbnailUrl":"http:\/\/wordpress.ft.unicamp.br\/informatica\/wp-content\/uploads\/sites\/4\/2015\/06\/wolfram-mathematica-logo-new.jpg","datePublished":"2015-06-23T20:51:25+00:00","description":"p\u00f3s-Gradua\u00e7\u00e3o, posgradua\u00e7\u00e3o, p\u00f3sgradua\u00e7\u00e3o, pos gradua\u00e7\u00e3o, p\u00f3s gradua\u00e7\u00e3o, Curso, mba, Especializa\u00e7\u00e3o, UNICAMP, Governan\u00e7a, Tecnologia da Informa\u00e7\u00e3o, TI, Gest\u00e3o, Qualidade, Processos, PMI, CMMI, ITIL, Cobit","breadcrumb":{"@id":"https:\/\/wordpress.ft.unicamp.br\/informatica\/mathematica\/#breadcrumb"},"inLanguage":"pt-BR","potentialAction":[{"@type":"ReadAction","target":["https:\/\/wordpress.ft.unicamp.br\/informatica\/mathematica\/"]}]},{"@type":"ImageObject","inLanguage":"pt-BR","@id":"https:\/\/wordpress.ft.unicamp.br\/informatica\/mathematica\/#primaryimage","url":"http:\/\/wordpress.ft.unicamp.br\/informatica\/wp-content\/uploads\/sites\/4\/2015\/06\/wolfram-mathematica-logo-new.jpg","contentUrl":"http:\/\/wordpress.ft.unicamp.br\/informatica\/wp-content\/uploads\/sites\/4\/2015\/06\/wolfram-mathematica-logo-new.jpg"},{"@type":"BreadcrumbList","@id":"https:\/\/wordpress.ft.unicamp.br\/informatica\/mathematica\/#breadcrumb","itemListElement":[{"@type":"ListItem","position":1,"name":"Home","item":"https:\/\/wordpress.ft.unicamp.br\/informatica\/"},{"@type":"ListItem","position":2,"name":"Mathematica"}]},{"@type":"WebSite","@id":"https:\/\/wordpress.ft.unicamp.br\/informatica\/#website","url":"https:\/\/wordpress.ft.unicamp.br\/informatica\/","name":"Inform\u00e1tica","description":"Laborat\u00f3rio de Inform\u00e1tica da Faculdade de Tecnologia","publisher":{"@id":"https:\/\/wordpress.ft.unicamp.br\/informatica\/#organization"},"potentialAction":[{"@type":"SearchAction","target":{"@type":"EntryPoint","urlTemplate":"https:\/\/wordpress.ft.unicamp.br\/informatica\/?s={search_term_string}"},"query-input":{"@type":"PropertyValueSpecification","valueRequired":true,"valueName":"search_term_string"}}],"inLanguage":"pt-BR"},{"@type":"Organization","@id":"https:\/\/wordpress.ft.unicamp.br\/informatica\/#organization","name":"FT","url":"https:\/\/wordpress.ft.unicamp.br\/informatica\/","logo":{"@type":"ImageObject","inLanguage":"pt-BR","@id":"https:\/\/wordpress.ft.unicamp.br\/informatica\/#\/schema\/logo\/image\/","url":"https:\/\/wordpress.ft.unicamp.br\/informatica\/wp-content\/uploads\/sites\/4\/2018\/08\/logotipo_ft.png","contentUrl":"https:\/\/wordpress.ft.unicamp.br\/informatica\/wp-content\/uploads\/sites\/4\/2018\/08\/logotipo_ft.png","width":1124,"height":1017,"caption":"FT"},"image":{"@id":"https:\/\/wordpress.ft.unicamp.br\/informatica\/#\/schema\/logo\/image\/"}}]}},"_links":{"self":[{"href":"https:\/\/wordpress.ft.unicamp.br\/informatica\/wp-json\/wp\/v2\/pages\/83","targetHints":{"allow":["GET"]}}],"collection":[{"href":"https:\/\/wordpress.ft.unicamp.br\/informatica\/wp-json\/wp\/v2\/pages"}],"about":[{"href":"https:\/\/wordpress.ft.unicamp.br\/informatica\/wp-json\/wp\/v2\/types\/page"}],"author":[{"embeddable":true,"href":"https:\/\/wordpress.ft.unicamp.br\/informatica\/wp-json\/wp\/v2\/users\/1"}],"replies":[{"embeddable":true,"href":"https:\/\/wordpress.ft.unicamp.br\/informatica\/wp-json\/wp\/v2\/comments?post=83"}],"version-history":[{"count":0,"href":"https:\/\/wordpress.ft.unicamp.br\/informatica\/wp-json\/wp\/v2\/pages\/83\/revisions"}],"wp:attachment":[{"href":"https:\/\/wordpress.ft.unicamp.br\/informatica\/wp-json\/wp\/v2\/media?parent=83"}],"curies":[{"name":"wp","href":"https:\/\/api.w.org\/{rel}","templated":true}]}}