{"id":158,"date":"2016-01-22T16:08:05","date_gmt":"2016-01-22T16:08:05","guid":{"rendered":"http:\/\/www.ft.unicamp.br\/labse\/novo\/?page_id=158"},"modified":"2022-09-29T18:11:45","modified_gmt":"2022-09-29T18:11:45","slug":"pesquisas","status":"publish","type":"page","link":"https:\/\/wordpress.ft.unicamp.br\/labse\/pesquisas\/","title":{"rendered":"Pesquisas"},"content":{"rendered":"<table id=\"alunos\" style=\"height: 672px\" border=\"0\" width=\"986\" cellspacing=\"0\">\n<tbody>\n<tr>\n<td style=\"text-align: center\">\n<h2 style=\"text-align: center\"><em><strong>\u00a0Pesquisas no Lab-SE, venha fazer parte do nosso time!<\/strong><\/em><\/h2>\n<\/td>\n<\/tr>\n<tr>\n<td style=\"text-align: justify\">\n<ul>\n<li><strong><em>Reprodu\u00e7\u00e3o de trajet\u00f3ria de rob\u00f4<\/em><\/strong>, Envolvendo um hardware eficiente e uma programa\u00e7\u00e3o inteligente. O Rob\u00f4 ser\u00e1 desenvolvido e suas caracter\u00edsticas mec\u00e2nicas eletr\u00f4nicas e computacionais podem contribuir no estudo de rob\u00f3tica e ou utilizado\u00a0 como produto final.<\/li>\n<li><em><strong>Rob\u00f4 controlado WIFI, <\/strong><\/em>O rob\u00f4 mascote do SE, est\u00e1 dispon\u00edvel para que os alunos embarquem suas tecnologias, o trajeto pode ser definido no limite do alcance do sinal de wifi, mas esse rob\u00f4 possui transmiss\u00e3o de 6W! que garante cobertura em todo campus da FT.<\/li>\n<li><em><strong>COMBATE DE ROB\u00d4S<\/strong><\/em>, Finalmente estamos de volta Fortes, temos uma equipe empenhada para a miss\u00e3o, estaremos muito em breve mostrando nossa bandeira nos principais campeonatos!<\/li>\n<li><em><strong>Din\u00e2mica de v\u00f4o de VANTs<\/strong><\/em> O projeto consiste no estudo da din\u00e2mica e modelagem matem\u00e1tica do v\u00f4o\u00a0desses ve\u00edculos, em particular de um Drone Quadcoptero, com foco no desenvolvimento de um sistema de controle de estabilidade aut\u00f4nomo e embarcado. A integra\u00e7\u00e3o do LabSE \u00e9 o diferencial, pois conta com o trabalho em equipe e integra diversas \u00e1reas de conhecimento como Mecatr\u00f4nica, Telecomunica\u00e7\u00f5es, F\u00edsica, Matem\u00e1tica.<\/li>\n<li><em><strong>Plataforma de soldagem de componentes SMD<\/strong><\/em>, Uma superf\u00edcie capaz de aquecer placas de circuito impresso e realizar a soldagem de componentes do tipo SMD. Este \u00e9 mais um equipamento criado no laborat\u00f3rio.<\/li>\n<li><em><strong>Controle de Cadeira de Rodas\u00a0<\/strong><\/em>A inten\u00e7\u00e3o deste trabalho foi desenvolver um dispositivo adaptativo que permita que, o deficiente f\u00edsico com apenas um pequeno movimento de alguma parte do corpo, consiga fazer o controle de uma cadeira de rodas motorizada.<\/li>\n<li><em><strong>M\u00e3o Bi\u00f4nica<\/strong><\/em>, Buscamos conhecimentos para \u00e1rea de acessibilidade, um projeto de m\u00e3o bi\u00f4nica est\u00e1 sendo desenvolvido, as t\u00e9cnicas que empregamos logo mais ser\u00e3o recessives ao publico geral.<\/li>\n<li><em><strong>Controle EEG,\u00a0<\/strong><\/em>Um trabalho com o dispositivo Emotiv EPOC foi feito com a inten\u00e7\u00e3o de controlar dispositivos atrav\u00e9s do pensamento. A t\u00e9cnica ainda n\u00e3o \u00e9 difundida, por\u00e9m, em futuro pr\u00f3ximo ser\u00e1 mais uma op\u00e7\u00e3o interessante para interface homem m\u00e1quina.<\/li>\n<li><em><strong>Ensaios com mosca da fruta e identifica\u00e7\u00e3o da esp\u00e9cie, <\/strong><\/em>Identifica\u00e7\u00e3o e Contagem e contagem, \u00e9 criado sistemas embarcados que com poder de realizar as medi\u00e7\u00f5es em tempo real para analisar a efic\u00e1cia das armadilhas comerciais assim como o poder do atrativo\/ferom\u00f4nio.<\/li>\n<li><em><strong>An\u00e1lise Comportamental de Organismos,\u00a0<\/strong><\/em>Folsomia \u00e9 extremamente sens\u00edvel a subst\u00e2ncias que contaminam o solo, neste trabalho um sistema de an\u00e1lise \u00e9 desenvolvido. Atrav\u00e9s de imagens de c\u00e2meras e tratamento de imagem, \u00e9 poss\u00edvel diagnosticar e reconhecer padr\u00f5es comportamentais.<\/li>\n<li><em><strong>Sistema para controle de cultivo de Organismos<\/strong>, Atrav\u00e9s de fotos em macro, e utilizando sensores e ou c\u00e2meras, podemos acompanhar o desenvolvimento de organismos desde o seu nascimento at\u00e9 sua morte.\u00a0<\/em><\/li>\n<li><em><strong>Instrumenta\u00e7\u00e3o dedicada web para aplica\u00e7\u00f5es biol\u00f3gicas<\/strong>. Em tempo real atrav\u00e9s de aplicativos de celular os ensaios biol\u00f3gicos podem ser realizados e sistemas de analise gr\u00e1fica em tempo real s\u00e3o desenvolvidos.<\/em><\/li>\n<\/ul>\n<\/td>\n<\/tr>\n<tr>\n<td style=\"text-align: justify\"><\/td>\n<\/tr>\n<\/tbody>\n<\/table>\n","protected":false},"excerpt":{"rendered":"<p>\u00a0Pesquisas no Lab-SE, venha fazer parte do nosso time! Reprodu\u00e7\u00e3o de trajet\u00f3ria de rob\u00f4, Envolvendo um hardware eficiente e uma programa\u00e7\u00e3o inteligente. O Rob\u00f4 ser\u00e1 desenvolvido e suas caracter\u00edsticas mec\u00e2nicas eletr\u00f4nicas e computacionais podem contribuir no estudo de rob\u00f3tica e ou utilizado\u00a0 como produto final. Rob\u00f4 controlado WIFI, O rob\u00f4 mascote do SE, est\u00e1 dispon\u00edvel &hellip;<\/p>\n<p class=\"read-more\"> <a class=\"\" href=\"https:\/\/wordpress.ft.unicamp.br\/labse\/pesquisas\/\"> <span class=\"screen-reader-text\">Pesquisas<\/span> Read More &raquo;<\/a><\/p>\n","protected":false},"author":18,"featured_media":0,"parent":0,"menu_order":1,"comment_status":"closed","ping_status":"closed","template":"","meta":{"site-sidebar-layout":"default","site-content-layout":"default","ast-global-header-display":"","ast-banner-title-visibility":"","ast-main-header-display":"","ast-hfb-above-header-display":"","ast-hfb-below-header-display":"","ast-hfb-mobile-header-display":"","site-post-title":"","ast-breadcrumbs-content":"","ast-featured-img":"","footer-sml-layout":"","theme-transparent-header-meta":"","adv-header-id-meta":"","stick-header-meta":"","header-above-stick-meta":"","header-main-stick-meta":"","header-below-stick-meta":"","footnotes":""},"class_list":["post-158","page","type-page","status-publish","hentry"],"yoast_head":"<!-- This site is optimized with the Yoast SEO plugin v27.2 - https:\/\/yoast.com\/product\/yoast-seo-wordpress\/ -->\n<title>Pesquisas - Laborat\u00f3rio de Sistemas Embarcados<\/title>\n<meta name=\"robots\" content=\"index, follow, max-snippet:-1, max-image-preview:large, max-video-preview:-1\" \/>\n<link rel=\"canonical\" href=\"https:\/\/wordpress.ft.unicamp.br\/labse\/pesquisas\/\" \/>\n<meta property=\"og:locale\" content=\"pt_BR\" \/>\n<meta property=\"og:type\" content=\"article\" \/>\n<meta property=\"og:title\" content=\"Pesquisas - Laborat\u00f3rio de Sistemas Embarcados\" \/>\n<meta property=\"og:description\" content=\"\u00a0Pesquisas no Lab-SE, venha fazer parte do nosso time! Reprodu\u00e7\u00e3o de trajet\u00f3ria de rob\u00f4, Envolvendo um hardware eficiente e uma programa\u00e7\u00e3o inteligente. O Rob\u00f4 ser\u00e1 desenvolvido e suas caracter\u00edsticas mec\u00e2nicas eletr\u00f4nicas e computacionais podem contribuir no estudo de rob\u00f3tica e ou utilizado\u00a0 como produto final. Rob\u00f4 controlado WIFI, O rob\u00f4 mascote do SE, est\u00e1 dispon\u00edvel &hellip; Pesquisas Read More &raquo;\" \/>\n<meta property=\"og:url\" content=\"https:\/\/wordpress.ft.unicamp.br\/labse\/pesquisas\/\" \/>\n<meta property=\"og:site_name\" content=\"Laborat\u00f3rio de Sistemas Embarcados\" \/>\n<meta property=\"article:modified_time\" content=\"2022-09-29T18:11:45+00:00\" \/>\n<meta name=\"twitter:card\" content=\"summary_large_image\" \/>\n<meta name=\"twitter:label1\" content=\"Est. tempo de leitura\" \/>\n\t<meta name=\"twitter:data1\" content=\"3 minutos\" \/>\n<script type=\"application\/ld+json\" class=\"yoast-schema-graph\">{\"@context\":\"https:\/\/schema.org\",\"@graph\":[{\"@type\":\"WebPage\",\"@id\":\"https:\/\/wordpress.ft.unicamp.br\/labse\/pesquisas\/\",\"url\":\"https:\/\/wordpress.ft.unicamp.br\/labse\/pesquisas\/\",\"name\":\"Pesquisas - Laborat\u00f3rio de Sistemas Embarcados\",\"isPartOf\":{\"@id\":\"https:\/\/wordpress.ft.unicamp.br\/labse\/#website\"},\"datePublished\":\"2016-01-22T16:08:05+00:00\",\"dateModified\":\"2022-09-29T18:11:45+00:00\",\"breadcrumb\":{\"@id\":\"https:\/\/wordpress.ft.unicamp.br\/labse\/pesquisas\/#breadcrumb\"},\"inLanguage\":\"pt-BR\",\"potentialAction\":[{\"@type\":\"ReadAction\",\"target\":[\"https:\/\/wordpress.ft.unicamp.br\/labse\/pesquisas\/\"]}]},{\"@type\":\"BreadcrumbList\",\"@id\":\"https:\/\/wordpress.ft.unicamp.br\/labse\/pesquisas\/#breadcrumb\",\"itemListElement\":[{\"@type\":\"ListItem\",\"position\":1,\"name\":\"Home\",\"item\":\"https:\/\/wordpress.ft.unicamp.br\/labse\/\"},{\"@type\":\"ListItem\",\"position\":2,\"name\":\"Pesquisas\"}]},{\"@type\":\"WebSite\",\"@id\":\"https:\/\/wordpress.ft.unicamp.br\/labse\/#website\",\"url\":\"https:\/\/wordpress.ft.unicamp.br\/labse\/\",\"name\":\"Laborat\u00f3rio de Sistemas Embarcados\",\"description\":\"LabSE\",\"publisher\":{\"@id\":\"https:\/\/wordpress.ft.unicamp.br\/labse\/#organization\"},\"potentialAction\":[{\"@type\":\"SearchAction\",\"target\":{\"@type\":\"EntryPoint\",\"urlTemplate\":\"https:\/\/wordpress.ft.unicamp.br\/labse\/?s={search_term_string}\"},\"query-input\":{\"@type\":\"PropertyValueSpecification\",\"valueRequired\":true,\"valueName\":\"search_term_string\"}}],\"inLanguage\":\"pt-BR\"},{\"@type\":\"Organization\",\"@id\":\"https:\/\/wordpress.ft.unicamp.br\/labse\/#organization\",\"name\":\"Laborat\u00f3rio de Sistemas Embarcados\",\"url\":\"https:\/\/wordpress.ft.unicamp.br\/labse\/\",\"logo\":{\"@type\":\"ImageObject\",\"inLanguage\":\"pt-BR\",\"@id\":\"https:\/\/wordpress.ft.unicamp.br\/labse\/#\/schema\/logo\/image\/\",\"url\":\"https:\/\/wordpress.ft.unicamp.br\/labse\/wp-content\/uploads\/sites\/25\/2015\/12\/cropped-unnamed.jpg\",\"contentUrl\":\"https:\/\/wordpress.ft.unicamp.br\/labse\/wp-content\/uploads\/sites\/25\/2015\/12\/cropped-unnamed.jpg\",\"width\":153,\"height\":131,\"caption\":\"Laborat\u00f3rio de Sistemas Embarcados\"},\"image\":{\"@id\":\"https:\/\/wordpress.ft.unicamp.br\/labse\/#\/schema\/logo\/image\/\"}}]}<\/script>\n<!-- \/ Yoast SEO plugin. -->","yoast_head_json":{"title":"Pesquisas - Laborat\u00f3rio de Sistemas Embarcados","robots":{"index":"index","follow":"follow","max-snippet":"max-snippet:-1","max-image-preview":"max-image-preview:large","max-video-preview":"max-video-preview:-1"},"canonical":"https:\/\/wordpress.ft.unicamp.br\/labse\/pesquisas\/","og_locale":"pt_BR","og_type":"article","og_title":"Pesquisas - Laborat\u00f3rio de Sistemas Embarcados","og_description":"\u00a0Pesquisas no Lab-SE, venha fazer parte do nosso time! Reprodu\u00e7\u00e3o de trajet\u00f3ria de rob\u00f4, Envolvendo um hardware eficiente e uma programa\u00e7\u00e3o inteligente. O Rob\u00f4 ser\u00e1 desenvolvido e suas caracter\u00edsticas mec\u00e2nicas eletr\u00f4nicas e computacionais podem contribuir no estudo de rob\u00f3tica e ou utilizado\u00a0 como produto final. Rob\u00f4 controlado WIFI, O rob\u00f4 mascote do SE, est\u00e1 dispon\u00edvel &hellip; Pesquisas Read More &raquo;","og_url":"https:\/\/wordpress.ft.unicamp.br\/labse\/pesquisas\/","og_site_name":"Laborat\u00f3rio de Sistemas Embarcados","article_modified_time":"2022-09-29T18:11:45+00:00","twitter_card":"summary_large_image","twitter_misc":{"Est. tempo de leitura":"3 minutos"},"schema":{"@context":"https:\/\/schema.org","@graph":[{"@type":"WebPage","@id":"https:\/\/wordpress.ft.unicamp.br\/labse\/pesquisas\/","url":"https:\/\/wordpress.ft.unicamp.br\/labse\/pesquisas\/","name":"Pesquisas - Laborat\u00f3rio de Sistemas Embarcados","isPartOf":{"@id":"https:\/\/wordpress.ft.unicamp.br\/labse\/#website"},"datePublished":"2016-01-22T16:08:05+00:00","dateModified":"2022-09-29T18:11:45+00:00","breadcrumb":{"@id":"https:\/\/wordpress.ft.unicamp.br\/labse\/pesquisas\/#breadcrumb"},"inLanguage":"pt-BR","potentialAction":[{"@type":"ReadAction","target":["https:\/\/wordpress.ft.unicamp.br\/labse\/pesquisas\/"]}]},{"@type":"BreadcrumbList","@id":"https:\/\/wordpress.ft.unicamp.br\/labse\/pesquisas\/#breadcrumb","itemListElement":[{"@type":"ListItem","position":1,"name":"Home","item":"https:\/\/wordpress.ft.unicamp.br\/labse\/"},{"@type":"ListItem","position":2,"name":"Pesquisas"}]},{"@type":"WebSite","@id":"https:\/\/wordpress.ft.unicamp.br\/labse\/#website","url":"https:\/\/wordpress.ft.unicamp.br\/labse\/","name":"Laborat\u00f3rio de Sistemas Embarcados","description":"LabSE","publisher":{"@id":"https:\/\/wordpress.ft.unicamp.br\/labse\/#organization"},"potentialAction":[{"@type":"SearchAction","target":{"@type":"EntryPoint","urlTemplate":"https:\/\/wordpress.ft.unicamp.br\/labse\/?s={search_term_string}"},"query-input":{"@type":"PropertyValueSpecification","valueRequired":true,"valueName":"search_term_string"}}],"inLanguage":"pt-BR"},{"@type":"Organization","@id":"https:\/\/wordpress.ft.unicamp.br\/labse\/#organization","name":"Laborat\u00f3rio de Sistemas Embarcados","url":"https:\/\/wordpress.ft.unicamp.br\/labse\/","logo":{"@type":"ImageObject","inLanguage":"pt-BR","@id":"https:\/\/wordpress.ft.unicamp.br\/labse\/#\/schema\/logo\/image\/","url":"https:\/\/wordpress.ft.unicamp.br\/labse\/wp-content\/uploads\/sites\/25\/2015\/12\/cropped-unnamed.jpg","contentUrl":"https:\/\/wordpress.ft.unicamp.br\/labse\/wp-content\/uploads\/sites\/25\/2015\/12\/cropped-unnamed.jpg","width":153,"height":131,"caption":"Laborat\u00f3rio de Sistemas Embarcados"},"image":{"@id":"https:\/\/wordpress.ft.unicamp.br\/labse\/#\/schema\/logo\/image\/"}}]}},"_links":{"self":[{"href":"https:\/\/wordpress.ft.unicamp.br\/labse\/wp-json\/wp\/v2\/pages\/158","targetHints":{"allow":["GET"]}}],"collection":[{"href":"https:\/\/wordpress.ft.unicamp.br\/labse\/wp-json\/wp\/v2\/pages"}],"about":[{"href":"https:\/\/wordpress.ft.unicamp.br\/labse\/wp-json\/wp\/v2\/types\/page"}],"author":[{"embeddable":true,"href":"https:\/\/wordpress.ft.unicamp.br\/labse\/wp-json\/wp\/v2\/users\/18"}],"replies":[{"embeddable":true,"href":"https:\/\/wordpress.ft.unicamp.br\/labse\/wp-json\/wp\/v2\/comments?post=158"}],"version-history":[{"count":10,"href":"https:\/\/wordpress.ft.unicamp.br\/labse\/wp-json\/wp\/v2\/pages\/158\/revisions"}],"predecessor-version":[{"id":664,"href":"https:\/\/wordpress.ft.unicamp.br\/labse\/wp-json\/wp\/v2\/pages\/158\/revisions\/664"}],"wp:attachment":[{"href":"https:\/\/wordpress.ft.unicamp.br\/labse\/wp-json\/wp\/v2\/media?parent=158"}],"curies":[{"name":"wp","href":"https:\/\/api.w.org\/{rel}","templated":true}]}}