{"id":638,"date":"2018-09-05T12:59:24","date_gmt":"2018-09-05T12:59:24","guid":{"rendered":"http:\/\/wordpress.ft.unicamp.br\/labse\/?page_id=638"},"modified":"2025-02-27T01:28:24","modified_gmt":"2025-02-27T01:28:24","slug":"mosaico","status":"publish","type":"page","link":"https:\/\/wordpress.ft.unicamp.br\/labse\/mosaico\/","title":{"rendered":"Mosaico"},"content":{"rendered":"\t\t<div data-elementor-type=\"wp-page\" data-elementor-id=\"638\" class=\"elementor elementor-638\">\n\t\t\t\t<div class=\"elementor-element elementor-element-6cce5621 e-flex e-con-boxed e-con e-parent\" data-id=\"6cce5621\" data-element_type=\"container\" data-e-type=\"container\">\n\t\t\t\t\t<div class=\"e-con-inner\">\n\t\t\t\t<div class=\"elementor-element elementor-element-8d1c45e elementor-widget elementor-widget-image\" data-id=\"8d1c45e\" data-element_type=\"widget\" data-e-type=\"widget\" data-widget_type=\"image.default\">\n\t\t\t\t\t\t\t\t\t\t\t\t\t\t\t<img fetchpriority=\"high\" decoding=\"async\" width=\"1024\" height=\"682\" src=\"https:\/\/wordpress.ft.unicamp.br\/labse\/wp-content\/uploads\/sites\/25\/2024\/11\/arrumado2-2-1024x682.png\" class=\"attachment-large size-large wp-image-897\" alt=\"\" srcset=\"https:\/\/wordpress.ft.unicamp.br\/labse\/wp-content\/uploads\/sites\/25\/2024\/11\/arrumado2-2-1024x682.png 1024w, https:\/\/wordpress.ft.unicamp.br\/labse\/wp-content\/uploads\/sites\/25\/2024\/11\/arrumado2-2-300x200.png 300w, https:\/\/wordpress.ft.unicamp.br\/labse\/wp-content\/uploads\/sites\/25\/2024\/11\/arrumado2-2-768x512.png 768w, https:\/\/wordpress.ft.unicamp.br\/labse\/wp-content\/uploads\/sites\/25\/2024\/11\/arrumado2-2-1536x1024.png 1536w, https:\/\/wordpress.ft.unicamp.br\/labse\/wp-content\/uploads\/sites\/25\/2024\/11\/arrumado2-2.png 2000w\" sizes=\"(max-width: 1024px) 100vw, 1024px\" \/>\t\t\t\t\t\t\t\t\t\t\t\t\t\t\t<\/div>\n\t\t\t\t<div class=\"elementor-element elementor-element-166eb45 elementor-widget-divider--view-line elementor-widget elementor-widget-divider\" data-id=\"166eb45\" data-element_type=\"widget\" data-e-type=\"widget\" data-widget_type=\"divider.default\">\n\t\t\t\t\t\t\t<div class=\"elementor-divider\">\n\t\t\t<span class=\"elementor-divider-separator\">\n\t\t\t\t\t\t<\/span>\n\t\t<\/div>\n\t\t\t\t\t\t<\/div>\n\t\t\t\t\t<\/div>\n\t\t\t\t<\/div>\n\t\t<div class=\"elementor-element elementor-element-5ea5b2f e-flex e-con-boxed e-con e-parent\" data-id=\"5ea5b2f\" data-element_type=\"container\" data-e-type=\"container\">\n\t\t\t\t\t<div class=\"e-con-inner\">\n\t\t\t\t<div class=\"elementor-element elementor-element-8d1b65c elementor-widget elementor-widget-heading\" data-id=\"8d1b65c\" data-element_type=\"widget\" data-e-type=\"widget\" data-widget_type=\"heading.default\">\n\t\t\t\t\t<h2 class=\"elementor-heading-title elementor-size-default\">Sobre <\/h2>\t\t\t\t<\/div>\n\t\t\t\t<div class=\"elementor-element elementor-element-3d84ad1 elementor-widget elementor-widget-text-editor\" data-id=\"3d84ad1\" data-element_type=\"widget\" data-e-type=\"widget\" data-widget_type=\"text-editor.default\">\n\t\t\t\t\t\t\t\t\t<p>Alguns dos produtos de pesquisa dos alunos de gradua\u00e7\u00e3o e p\u00f3s-gradua\u00e7\u00e3o vinculados ao LAB-SE se tornam publica\u00e7\u00f5es acad\u00eamicas, artigos e apresenta\u00e7\u00f5es em congressos<\/p>\t\t\t\t\t\t\t\t<\/div>\n\t\t\t\t<div class=\"elementor-element elementor-element-431e8cd elementor-widget-divider--view-line elementor-widget elementor-widget-divider\" data-id=\"431e8cd\" data-element_type=\"widget\" data-e-type=\"widget\" data-widget_type=\"divider.default\">\n\t\t\t\t\t\t\t<div class=\"elementor-divider\">\n\t\t\t<span class=\"elementor-divider-separator\">\n\t\t\t\t\t\t<\/span>\n\t\t<\/div>\n\t\t\t\t\t\t<\/div>\n\t\t\t\t<div class=\"elementor-element elementor-element-9584c63 elementor-widget elementor-widget-heading\" data-id=\"9584c63\" data-element_type=\"widget\" data-e-type=\"widget\" data-widget_type=\"heading.default\">\n\t\t\t\t\t<h2 class=\"elementor-heading-title elementor-size-default\">Artigos<\/h2>\t\t\t\t<\/div>\n\t\t\t\t<div class=\"elementor-element elementor-element-9bf3f2a elementor-widget elementor-widget-text-editor\" data-id=\"9bf3f2a\" data-element_type=\"widget\" data-e-type=\"widget\" data-widget_type=\"text-editor.default\">\n\t\t\t\t\t\t\t\t\t<p><a href=\"https:\/\/wordpress.ft.unicamp.br\/labse\/wp-content\/uploads\/sites\/25\/2016\/01\/1304_Ximenes_2017.pdf\">2017<\/a>&#8211; Development and assembly of Radio Frequency Module using components with SMD technology for educational purposes.-LAPJE- Latin American Journal of Physics Education Volume 11, Number 1, March 2017.<\/p>\t\t\t\t\t\t\t\t<\/div>\n\t\t\t\t<div class=\"elementor-element elementor-element-46d9211 elementor-widget-divider--view-line elementor-widget elementor-widget-divider\" data-id=\"46d9211\" data-element_type=\"widget\" data-e-type=\"widget\" data-widget_type=\"divider.default\">\n\t\t\t\t\t\t\t<div class=\"elementor-divider\">\n\t\t\t<span class=\"elementor-divider-separator\">\n\t\t\t\t\t\t<\/span>\n\t\t<\/div>\n\t\t\t\t\t\t<\/div>\n\t\t\t\t<div class=\"elementor-element elementor-element-2251d4e elementor-widget elementor-widget-heading\" data-id=\"2251d4e\" data-element_type=\"widget\" data-e-type=\"widget\" data-widget_type=\"heading.default\">\n\t\t\t\t\t<h2 class=\"elementor-heading-title elementor-size-default\">Congressos<\/h2>\t\t\t\t<\/div>\n\t\t\t\t<div class=\"elementor-element elementor-element-9b9d1e6 elementor-widget elementor-widget-text-editor\" data-id=\"9b9d1e6\" data-element_type=\"widget\" data-e-type=\"widget\" data-widget_type=\"text-editor.default\">\n\t\t\t\t\t\t\t\t\t<p>DINCON 2015- Desenvolvimento de um Forno para Solda de Componentes SMD<\/p>\t\t\t\t\t\t\t\t<\/div>\n\t\t\t\t<div class=\"elementor-element elementor-element-66b252d elementor-widget-divider--view-line elementor-widget elementor-widget-divider\" data-id=\"66b252d\" data-element_type=\"widget\" data-e-type=\"widget\" data-widget_type=\"divider.default\">\n\t\t\t\t\t\t\t<div class=\"elementor-divider\">\n\t\t\t<span class=\"elementor-divider-separator\">\n\t\t\t\t\t\t<\/span>\n\t\t<\/div>\n\t\t\t\t\t\t<\/div>\n\t\t\t\t<div class=\"elementor-element elementor-element-a7cc37f elementor-widget elementor-widget-heading\" data-id=\"a7cc37f\" data-element_type=\"widget\" data-e-type=\"widget\" data-widget_type=\"heading.default\">\n\t\t\t\t\t<h2 class=\"elementor-heading-title elementor-size-default\">Publica\u00e7\u00f5es Acad\u00eamicas <\/h2>\t\t\t\t<\/div>\n\t\t\t\t<div class=\"elementor-element elementor-element-5e1e85d elementor-widget elementor-widget-text-editor\" data-id=\"5e1e85d\" data-element_type=\"widget\" data-e-type=\"widget\" data-widget_type=\"text-editor.default\">\n\t\t\t\t\t\t\t\t\t<p>Desenvolvimento de um Prot\u00f3tipo para Rastreamento Solar<\/p>\t\t\t\t\t\t\t\t<\/div>\n\t\t\t\t<div class=\"elementor-element elementor-element-9b6007a elementor-widget elementor-widget-text-editor\" data-id=\"9b6007a\" data-element_type=\"widget\" data-e-type=\"widget\" data-widget_type=\"text-editor.default\">\n\t\t\t\t\t\t\t\t\t<p>Desenvolvimento de um Rob\u00f4 para An\u00e1lise de Acessibilidade em Ambientes<\/p>\t\t\t\t\t\t\t\t<\/div>\n\t\t\t\t<div class=\"elementor-element elementor-element-7b4cff3 elementor-widget elementor-widget-text-editor\" data-id=\"7b4cff3\" data-element_type=\"widget\" data-e-type=\"widget\" data-widget_type=\"text-editor.default\">\n\t\t\t\t\t\t\t\t\t<p>Din\u00e2mica de v\u00f4o de voo aut\u00f4nomo de VANTS<\/p>\t\t\t\t\t\t\t\t<\/div>\n\t\t\t\t<div class=\"elementor-element elementor-element-26a4f1a elementor-widget elementor-widget-text-editor\" data-id=\"26a4f1a\" data-element_type=\"widget\" data-e-type=\"widget\" data-widget_type=\"text-editor.default\">\n\t\t\t\t\t\t\t\t\t<p>Controle de um prot\u00f3tipo de cadeira de rodas atrav\u00e9s de uma Interface-C\u00e9rebro-Computador<\/p>\t\t\t\t\t\t\t\t<\/div>\n\t\t\t\t<div class=\"elementor-element elementor-element-328f03d elementor-widget-divider--view-line elementor-widget elementor-widget-divider\" data-id=\"328f03d\" data-element_type=\"widget\" data-e-type=\"widget\" data-widget_type=\"divider.default\">\n\t\t\t\t\t\t\t<div class=\"elementor-divider\">\n\t\t\t<span class=\"elementor-divider-separator\">\n\t\t\t\t\t\t<\/span>\n\t\t<\/div>\n\t\t\t\t\t\t<\/div>\n\t\t\t\t<div class=\"elementor-element elementor-element-21d13c6 elementor-widget elementor-widget-heading\" data-id=\"21d13c6\" data-element_type=\"widget\" data-e-type=\"widget\" data-widget_type=\"heading.default\">\n\t\t\t\t\t<h2 class=\"elementor-heading-title elementor-size-default\">Competi\u00e7\u00f5es <\/h2>\t\t\t\t<\/div>\n\t\t\t\t\t<\/div>\n\t\t\t\t<\/div>\n\t\t\t\t<\/div>\n\t\t","protected":false},"excerpt":{"rendered":"<p>Sobre Alguns dos produtos de pesquisa dos alunos de gradua\u00e7\u00e3o e p\u00f3s-gradua\u00e7\u00e3o vinculados ao LAB-SE se tornam publica\u00e7\u00f5es acad\u00eamicas, artigos e apresenta\u00e7\u00f5es em congressos Artigos 2017&#8211; Development and assembly of Radio Frequency Module using components with SMD technology for educational purposes.-LAPJE- Latin American Journal of Physics Education Volume 11, Number 1, March 2017. Congressos DINCON &hellip;<\/p>\n<p class=\"read-more\"> <a class=\"\" href=\"https:\/\/wordpress.ft.unicamp.br\/labse\/mosaico\/\"> <span class=\"screen-reader-text\">Mosaico<\/span> Read More &raquo;<\/a><\/p>\n","protected":false},"author":18,"featured_media":0,"parent":0,"menu_order":5,"comment_status":"closed","ping_status":"closed","template":"","meta":{"site-sidebar-layout":"default","site-content-layout":"default","ast-global-header-display":"","ast-banner-title-visibility":"","ast-main-header-display":"","ast-hfb-above-header-display":"","ast-hfb-below-header-display":"","ast-hfb-mobile-header-display":"","site-post-title":"","ast-breadcrumbs-content":"","ast-featured-img":"","footer-sml-layout":"","theme-transparent-header-meta":"","adv-header-id-meta":"","stick-header-meta":"","header-above-stick-meta":"","header-main-stick-meta":"","header-below-stick-meta":"","footnotes":""},"class_list":["post-638","page","type-page","status-publish","hentry"],"yoast_head":"<!-- This site is optimized with the Yoast SEO plugin v27.2 - https:\/\/yoast.com\/product\/yoast-seo-wordpress\/ -->\n<title>Mosaico - Laborat\u00f3rio de Sistemas Embarcados<\/title>\n<meta name=\"description\" content=\"Um pouco de tudo e todos... Nossa uni\u00e3o faz a for\u00e7a! %\" \/>\n<meta name=\"robots\" content=\"index, follow, max-snippet:-1, max-image-preview:large, max-video-preview:-1\" \/>\n<link rel=\"canonical\" href=\"https:\/\/wordpress.ft.unicamp.br\/labse\/mosaico\/\" \/>\n<meta property=\"og:locale\" content=\"pt_BR\" \/>\n<meta property=\"og:type\" content=\"article\" \/>\n<meta property=\"og:title\" content=\"Mosaico - Laborat\u00f3rio de Sistemas Embarcados\" \/>\n<meta property=\"og:description\" content=\"Um pouco de tudo e todos... Nossa uni\u00e3o faz a for\u00e7a! %\" \/>\n<meta property=\"og:url\" content=\"https:\/\/wordpress.ft.unicamp.br\/labse\/mosaico\/\" \/>\n<meta property=\"og:site_name\" content=\"Laborat\u00f3rio de Sistemas Embarcados\" \/>\n<meta property=\"article:modified_time\" content=\"2025-02-27T01:28:24+00:00\" \/>\n<meta property=\"og:image\" content=\"http:\/\/wordpress.ft.unicamp.br\/labse\/wp-content\/uploads\/sites\/25\/2024\/11\/arrumado2-2-1024x682.png\" \/>\n<meta name=\"twitter:card\" content=\"summary_large_image\" \/>\n<script type=\"application\/ld+json\" class=\"yoast-schema-graph\">{\"@context\":\"https:\/\/schema.org\",\"@graph\":[{\"@type\":\"WebPage\",\"@id\":\"https:\/\/wordpress.ft.unicamp.br\/labse\/mosaico\/\",\"url\":\"https:\/\/wordpress.ft.unicamp.br\/labse\/mosaico\/\",\"name\":\"Mosaico - Laborat\u00f3rio de Sistemas Embarcados\",\"isPartOf\":{\"@id\":\"https:\/\/wordpress.ft.unicamp.br\/labse\/#website\"},\"primaryImageOfPage\":{\"@id\":\"https:\/\/wordpress.ft.unicamp.br\/labse\/mosaico\/#primaryimage\"},\"image\":{\"@id\":\"https:\/\/wordpress.ft.unicamp.br\/labse\/mosaico\/#primaryimage\"},\"thumbnailUrl\":\"http:\/\/wordpress.ft.unicamp.br\/labse\/wp-content\/uploads\/sites\/25\/2024\/11\/arrumado2-2-1024x682.png\",\"datePublished\":\"2018-09-05T12:59:24+00:00\",\"dateModified\":\"2025-02-27T01:28:24+00:00\",\"description\":\"Um pouco de tudo e todos... Nossa uni\u00e3o faz a for\u00e7a! %\",\"breadcrumb\":{\"@id\":\"https:\/\/wordpress.ft.unicamp.br\/labse\/mosaico\/#breadcrumb\"},\"inLanguage\":\"pt-BR\",\"potentialAction\":[{\"@type\":\"ReadAction\",\"target\":[\"https:\/\/wordpress.ft.unicamp.br\/labse\/mosaico\/\"]}]},{\"@type\":\"ImageObject\",\"inLanguage\":\"pt-BR\",\"@id\":\"https:\/\/wordpress.ft.unicamp.br\/labse\/mosaico\/#primaryimage\",\"url\":\"http:\/\/wordpress.ft.unicamp.br\/labse\/wp-content\/uploads\/sites\/25\/2024\/11\/arrumado2-2-1024x682.png\",\"contentUrl\":\"http:\/\/wordpress.ft.unicamp.br\/labse\/wp-content\/uploads\/sites\/25\/2024\/11\/arrumado2-2-1024x682.png\"},{\"@type\":\"BreadcrumbList\",\"@id\":\"https:\/\/wordpress.ft.unicamp.br\/labse\/mosaico\/#breadcrumb\",\"itemListElement\":[{\"@type\":\"ListItem\",\"position\":1,\"name\":\"Home\",\"item\":\"https:\/\/wordpress.ft.unicamp.br\/labse\/\"},{\"@type\":\"ListItem\",\"position\":2,\"name\":\"Mosaico\"}]},{\"@type\":\"WebSite\",\"@id\":\"https:\/\/wordpress.ft.unicamp.br\/labse\/#website\",\"url\":\"https:\/\/wordpress.ft.unicamp.br\/labse\/\",\"name\":\"Laborat\u00f3rio de Sistemas Embarcados\",\"description\":\"LabSE\",\"publisher\":{\"@id\":\"https:\/\/wordpress.ft.unicamp.br\/labse\/#organization\"},\"potentialAction\":[{\"@type\":\"SearchAction\",\"target\":{\"@type\":\"EntryPoint\",\"urlTemplate\":\"https:\/\/wordpress.ft.unicamp.br\/labse\/?s={search_term_string}\"},\"query-input\":{\"@type\":\"PropertyValueSpecification\",\"valueRequired\":true,\"valueName\":\"search_term_string\"}}],\"inLanguage\":\"pt-BR\"},{\"@type\":\"Organization\",\"@id\":\"https:\/\/wordpress.ft.unicamp.br\/labse\/#organization\",\"name\":\"Laborat\u00f3rio de Sistemas Embarcados\",\"url\":\"https:\/\/wordpress.ft.unicamp.br\/labse\/\",\"logo\":{\"@type\":\"ImageObject\",\"inLanguage\":\"pt-BR\",\"@id\":\"https:\/\/wordpress.ft.unicamp.br\/labse\/#\/schema\/logo\/image\/\",\"url\":\"https:\/\/wordpress.ft.unicamp.br\/labse\/wp-content\/uploads\/sites\/25\/2015\/12\/cropped-unnamed.jpg\",\"contentUrl\":\"https:\/\/wordpress.ft.unicamp.br\/labse\/wp-content\/uploads\/sites\/25\/2015\/12\/cropped-unnamed.jpg\",\"width\":153,\"height\":131,\"caption\":\"Laborat\u00f3rio de Sistemas Embarcados\"},\"image\":{\"@id\":\"https:\/\/wordpress.ft.unicamp.br\/labse\/#\/schema\/logo\/image\/\"}}]}<\/script>\n<!-- \/ Yoast SEO plugin. -->","yoast_head_json":{"title":"Mosaico - Laborat\u00f3rio de Sistemas Embarcados","description":"Um pouco de tudo e todos... Nossa uni\u00e3o faz a for\u00e7a! %","robots":{"index":"index","follow":"follow","max-snippet":"max-snippet:-1","max-image-preview":"max-image-preview:large","max-video-preview":"max-video-preview:-1"},"canonical":"https:\/\/wordpress.ft.unicamp.br\/labse\/mosaico\/","og_locale":"pt_BR","og_type":"article","og_title":"Mosaico - Laborat\u00f3rio de Sistemas Embarcados","og_description":"Um pouco de tudo e todos... Nossa uni\u00e3o faz a for\u00e7a! %","og_url":"https:\/\/wordpress.ft.unicamp.br\/labse\/mosaico\/","og_site_name":"Laborat\u00f3rio de Sistemas Embarcados","article_modified_time":"2025-02-27T01:28:24+00:00","og_image":[{"url":"http:\/\/wordpress.ft.unicamp.br\/labse\/wp-content\/uploads\/sites\/25\/2024\/11\/arrumado2-2-1024x682.png","type":"","width":"","height":""}],"twitter_card":"summary_large_image","schema":{"@context":"https:\/\/schema.org","@graph":[{"@type":"WebPage","@id":"https:\/\/wordpress.ft.unicamp.br\/labse\/mosaico\/","url":"https:\/\/wordpress.ft.unicamp.br\/labse\/mosaico\/","name":"Mosaico - Laborat\u00f3rio de Sistemas Embarcados","isPartOf":{"@id":"https:\/\/wordpress.ft.unicamp.br\/labse\/#website"},"primaryImageOfPage":{"@id":"https:\/\/wordpress.ft.unicamp.br\/labse\/mosaico\/#primaryimage"},"image":{"@id":"https:\/\/wordpress.ft.unicamp.br\/labse\/mosaico\/#primaryimage"},"thumbnailUrl":"http:\/\/wordpress.ft.unicamp.br\/labse\/wp-content\/uploads\/sites\/25\/2024\/11\/arrumado2-2-1024x682.png","datePublished":"2018-09-05T12:59:24+00:00","dateModified":"2025-02-27T01:28:24+00:00","description":"Um pouco de tudo e todos... Nossa uni\u00e3o faz a for\u00e7a! %","breadcrumb":{"@id":"https:\/\/wordpress.ft.unicamp.br\/labse\/mosaico\/#breadcrumb"},"inLanguage":"pt-BR","potentialAction":[{"@type":"ReadAction","target":["https:\/\/wordpress.ft.unicamp.br\/labse\/mosaico\/"]}]},{"@type":"ImageObject","inLanguage":"pt-BR","@id":"https:\/\/wordpress.ft.unicamp.br\/labse\/mosaico\/#primaryimage","url":"http:\/\/wordpress.ft.unicamp.br\/labse\/wp-content\/uploads\/sites\/25\/2024\/11\/arrumado2-2-1024x682.png","contentUrl":"http:\/\/wordpress.ft.unicamp.br\/labse\/wp-content\/uploads\/sites\/25\/2024\/11\/arrumado2-2-1024x682.png"},{"@type":"BreadcrumbList","@id":"https:\/\/wordpress.ft.unicamp.br\/labse\/mosaico\/#breadcrumb","itemListElement":[{"@type":"ListItem","position":1,"name":"Home","item":"https:\/\/wordpress.ft.unicamp.br\/labse\/"},{"@type":"ListItem","position":2,"name":"Mosaico"}]},{"@type":"WebSite","@id":"https:\/\/wordpress.ft.unicamp.br\/labse\/#website","url":"https:\/\/wordpress.ft.unicamp.br\/labse\/","name":"Laborat\u00f3rio de Sistemas Embarcados","description":"LabSE","publisher":{"@id":"https:\/\/wordpress.ft.unicamp.br\/labse\/#organization"},"potentialAction":[{"@type":"SearchAction","target":{"@type":"EntryPoint","urlTemplate":"https:\/\/wordpress.ft.unicamp.br\/labse\/?s={search_term_string}"},"query-input":{"@type":"PropertyValueSpecification","valueRequired":true,"valueName":"search_term_string"}}],"inLanguage":"pt-BR"},{"@type":"Organization","@id":"https:\/\/wordpress.ft.unicamp.br\/labse\/#organization","name":"Laborat\u00f3rio de Sistemas Embarcados","url":"https:\/\/wordpress.ft.unicamp.br\/labse\/","logo":{"@type":"ImageObject","inLanguage":"pt-BR","@id":"https:\/\/wordpress.ft.unicamp.br\/labse\/#\/schema\/logo\/image\/","url":"https:\/\/wordpress.ft.unicamp.br\/labse\/wp-content\/uploads\/sites\/25\/2015\/12\/cropped-unnamed.jpg","contentUrl":"https:\/\/wordpress.ft.unicamp.br\/labse\/wp-content\/uploads\/sites\/25\/2015\/12\/cropped-unnamed.jpg","width":153,"height":131,"caption":"Laborat\u00f3rio de Sistemas Embarcados"},"image":{"@id":"https:\/\/wordpress.ft.unicamp.br\/labse\/#\/schema\/logo\/image\/"}}]}},"_links":{"self":[{"href":"https:\/\/wordpress.ft.unicamp.br\/labse\/wp-json\/wp\/v2\/pages\/638","targetHints":{"allow":["GET"]}}],"collection":[{"href":"https:\/\/wordpress.ft.unicamp.br\/labse\/wp-json\/wp\/v2\/pages"}],"about":[{"href":"https:\/\/wordpress.ft.unicamp.br\/labse\/wp-json\/wp\/v2\/types\/page"}],"author":[{"embeddable":true,"href":"https:\/\/wordpress.ft.unicamp.br\/labse\/wp-json\/wp\/v2\/users\/18"}],"replies":[{"embeddable":true,"href":"https:\/\/wordpress.ft.unicamp.br\/labse\/wp-json\/wp\/v2\/comments?post=638"}],"version-history":[{"count":19,"href":"https:\/\/wordpress.ft.unicamp.br\/labse\/wp-json\/wp\/v2\/pages\/638\/revisions"}],"predecessor-version":[{"id":1012,"href":"https:\/\/wordpress.ft.unicamp.br\/labse\/wp-json\/wp\/v2\/pages\/638\/revisions\/1012"}],"wp:attachment":[{"href":"https:\/\/wordpress.ft.unicamp.br\/labse\/wp-json\/wp\/v2\/media?parent=638"}],"curies":[{"name":"wp","href":"https:\/\/api.w.org\/{rel}","templated":true}]}}