{"id":15,"date":"2018-03-28T18:21:48","date_gmt":"2018-03-28T18:21:48","guid":{"rendered":"http:\/\/wordpress.ft.unicamp.br\/ladessam\/?page_id=15"},"modified":"2018-03-28T18:21:48","modified_gmt":"2018-03-28T18:21:48","slug":"temas","status":"publish","type":"page","link":"https:\/\/wordpress.ft.unicamp.br\/ladessam\/temas\/","title":{"rendered":"Temas"},"content":{"rendered":"<h1>Linhas de pesquisa e \u00e1reas de interesse<\/h1>\n<div class=\"text\">\n<p align=\"justify\">\n<p>Aplica\u00e7\u00e3o de processo eletrol\u00edtico, fotoqu\u00edmico, foto-eletroqu\u00edmico, Bioreatores com Membranas (MBR), POAs e processos combinados no tratamento de efluentes e \u00e1guas contaminadas.<\/p>\n<p>Desenvolvimento e aplica\u00e7\u00e3o de eletrodos nano-estruturados e dopados.<\/p>\n<p>Utiliza\u00e7\u00e3o da energia solar para desenvolvimento de sistemas para tratamento de \u00e1guas e efluentes.<\/p>\n<p>Estudo da toxicidade atrav\u00e9s de sementes de flores e compara\u00e7\u00e3o com leitura biofotonica.<\/p>\n<p>Desenvolvimento, modifica\u00e7\u00e3o ou aplica\u00e7\u00e3o de novos eletrodos, fontes de luz e fotocatalisadores.<\/p>\n<p>Engenharia Eletroqu\u00edmica: estudo, projeto e desenvolvimento de reatores fotoeletroqu\u00edmicos em escala de bancada e piloto para tratamento de \u00e1guas residu\u00e1rias e de abastecimento.<\/p>\n<p>Eletroqu\u00edmica ambiental: estudo de m\u00e9todos alternativos para remedia\u00e7\u00e3o de polui\u00e7\u00e3o h\u00eddrica.<\/p>\n<p>&nbsp;<\/p>\n<p><strong>Material para download:<\/strong><\/p>\n<p>Palestra:\u00a0<a href=\"https:\/\/sites.ft.unicamp.br\/ladessam\/Apres%20Nanotecnologia%20p%20divulg.pdf\" target=\"_new\">Aplica\u00e7\u00e3o de materiais nanoestruturados no tratamento de \u00e1gua e efluentes<\/a><\/p>\n<\/div>\n","protected":false},"excerpt":{"rendered":"<p>Linhas de pesquisa e \u00e1reas de interesse Aplica\u00e7\u00e3o de processo eletrol\u00edtico, fotoqu\u00edmico, foto-eletroqu\u00edmico, Bioreatores com Membranas (MBR), POAs e processos combinados no tratamento de efluentes e \u00e1guas contaminadas. Desenvolvimento e aplica\u00e7\u00e3o de eletrodos nano-estruturados e dopados. Utiliza\u00e7\u00e3o da energia solar &hellip; <a href=\"https:\/\/wordpress.ft.unicamp.br\/ladessam\/temas\/\">Continue lendo <span class=\"meta-nav\">&rarr;<\/span><\/a><\/p>\n","protected":false},"author":1,"featured_media":0,"parent":0,"menu_order":0,"comment_status":"closed","ping_status":"closed","template":"","meta":{"footnotes":""},"class_list":["post-15","page","type-page","status-publish","hentry"],"yoast_head":"<!-- This site is optimized with the Yoast SEO plugin v27.5 - https:\/\/yoast.com\/product\/yoast-seo-wordpress\/ -->\n<title>Temas - LADESSAM<\/title>\n<meta name=\"robots\" content=\"index, follow, max-snippet:-1, max-image-preview:large, max-video-preview:-1\" \/>\n<link rel=\"canonical\" href=\"https:\/\/wordpress.ft.unicamp.br\/ladessam\/temas\/\" \/>\n<meta property=\"og:locale\" content=\"pt_BR\" \/>\n<meta property=\"og:type\" content=\"article\" \/>\n<meta property=\"og:title\" content=\"Temas - LADESSAM\" \/>\n<meta property=\"og:description\" content=\"Linhas de pesquisa e \u00e1reas de interesse Aplica\u00e7\u00e3o de processo eletrol\u00edtico, fotoqu\u00edmico, foto-eletroqu\u00edmico, Bioreatores com Membranas (MBR), POAs e processos combinados no tratamento de efluentes e \u00e1guas contaminadas. Desenvolvimento e aplica\u00e7\u00e3o de eletrodos nano-estruturados e dopados. Utiliza\u00e7\u00e3o da energia solar &hellip; Continue lendo &rarr;\" \/>\n<meta property=\"og:url\" content=\"https:\/\/wordpress.ft.unicamp.br\/ladessam\/temas\/\" \/>\n<meta property=\"og:site_name\" content=\"LADESSAM\" \/>\n<meta name=\"twitter:card\" content=\"summary_large_image\" \/>\n<meta name=\"twitter:label1\" content=\"Est. tempo de leitura\" \/>\n\t<meta name=\"twitter:data1\" content=\"1 minuto\" \/>\n<script type=\"application\/ld+json\" class=\"yoast-schema-graph\">{\"@context\":\"https:\\\/\\\/schema.org\",\"@graph\":[{\"@type\":\"WebPage\",\"@id\":\"https:\\\/\\\/wordpress.ft.unicamp.br\\\/ladessam\\\/temas\\\/\",\"url\":\"https:\\\/\\\/wordpress.ft.unicamp.br\\\/ladessam\\\/temas\\\/\",\"name\":\"Temas - LADESSAM\",\"isPartOf\":{\"@id\":\"https:\\\/\\\/wordpress.ft.unicamp.br\\\/ladessam\\\/#website\"},\"datePublished\":\"2018-03-28T18:21:48+00:00\",\"breadcrumb\":{\"@id\":\"https:\\\/\\\/wordpress.ft.unicamp.br\\\/ladessam\\\/temas\\\/#breadcrumb\"},\"inLanguage\":\"pt-BR\",\"potentialAction\":[{\"@type\":\"ReadAction\",\"target\":[\"https:\\\/\\\/wordpress.ft.unicamp.br\\\/ladessam\\\/temas\\\/\"]}]},{\"@type\":\"BreadcrumbList\",\"@id\":\"https:\\\/\\\/wordpress.ft.unicamp.br\\\/ladessam\\\/temas\\\/#breadcrumb\",\"itemListElement\":[{\"@type\":\"ListItem\",\"position\":1,\"name\":\"Home\",\"item\":\"https:\\\/\\\/wordpress.ft.unicamp.br\\\/ladessam\\\/en\\\/home-2\\\/\"},{\"@type\":\"ListItem\",\"position\":2,\"name\":\"Temas\"}]},{\"@type\":\"WebSite\",\"@id\":\"https:\\\/\\\/wordpress.ft.unicamp.br\\\/ladessam\\\/#website\",\"url\":\"https:\\\/\\\/wordpress.ft.unicamp.br\\\/ladessam\\\/\",\"name\":\"LADESSAM\",\"description\":\"Laborat\u00f3rio de Desenvolvimento de Sistemas para Saneamento Ambiental\",\"potentialAction\":[{\"@type\":\"SearchAction\",\"target\":{\"@type\":\"EntryPoint\",\"urlTemplate\":\"https:\\\/\\\/wordpress.ft.unicamp.br\\\/ladessam\\\/?s={search_term_string}\"},\"query-input\":{\"@type\":\"PropertyValueSpecification\",\"valueRequired\":true,\"valueName\":\"search_term_string\"}}],\"inLanguage\":\"pt-BR\"}]}<\/script>\n<!-- \/ Yoast SEO plugin. -->","yoast_head_json":{"title":"Temas - LADESSAM","robots":{"index":"index","follow":"follow","max-snippet":"max-snippet:-1","max-image-preview":"max-image-preview:large","max-video-preview":"max-video-preview:-1"},"canonical":"https:\/\/wordpress.ft.unicamp.br\/ladessam\/temas\/","og_locale":"pt_BR","og_type":"article","og_title":"Temas - LADESSAM","og_description":"Linhas de pesquisa e \u00e1reas de interesse Aplica\u00e7\u00e3o de processo eletrol\u00edtico, fotoqu\u00edmico, foto-eletroqu\u00edmico, Bioreatores com Membranas (MBR), POAs e processos combinados no tratamento de efluentes e \u00e1guas contaminadas. Desenvolvimento e aplica\u00e7\u00e3o de eletrodos nano-estruturados e dopados. Utiliza\u00e7\u00e3o da energia solar &hellip; Continue lendo &rarr;","og_url":"https:\/\/wordpress.ft.unicamp.br\/ladessam\/temas\/","og_site_name":"LADESSAM","twitter_card":"summary_large_image","twitter_misc":{"Est. tempo de leitura":"1 minuto"},"schema":{"@context":"https:\/\/schema.org","@graph":[{"@type":"WebPage","@id":"https:\/\/wordpress.ft.unicamp.br\/ladessam\/temas\/","url":"https:\/\/wordpress.ft.unicamp.br\/ladessam\/temas\/","name":"Temas - LADESSAM","isPartOf":{"@id":"https:\/\/wordpress.ft.unicamp.br\/ladessam\/#website"},"datePublished":"2018-03-28T18:21:48+00:00","breadcrumb":{"@id":"https:\/\/wordpress.ft.unicamp.br\/ladessam\/temas\/#breadcrumb"},"inLanguage":"pt-BR","potentialAction":[{"@type":"ReadAction","target":["https:\/\/wordpress.ft.unicamp.br\/ladessam\/temas\/"]}]},{"@type":"BreadcrumbList","@id":"https:\/\/wordpress.ft.unicamp.br\/ladessam\/temas\/#breadcrumb","itemListElement":[{"@type":"ListItem","position":1,"name":"Home","item":"https:\/\/wordpress.ft.unicamp.br\/ladessam\/en\/home-2\/"},{"@type":"ListItem","position":2,"name":"Temas"}]},{"@type":"WebSite","@id":"https:\/\/wordpress.ft.unicamp.br\/ladessam\/#website","url":"https:\/\/wordpress.ft.unicamp.br\/ladessam\/","name":"LADESSAM","description":"Laborat\u00f3rio de Desenvolvimento de Sistemas para Saneamento Ambiental","potentialAction":[{"@type":"SearchAction","target":{"@type":"EntryPoint","urlTemplate":"https:\/\/wordpress.ft.unicamp.br\/ladessam\/?s={search_term_string}"},"query-input":{"@type":"PropertyValueSpecification","valueRequired":true,"valueName":"search_term_string"}}],"inLanguage":"pt-BR"}]}},"_links":{"self":[{"href":"https:\/\/wordpress.ft.unicamp.br\/ladessam\/wp-json\/wp\/v2\/pages\/15","targetHints":{"allow":["GET"]}}],"collection":[{"href":"https:\/\/wordpress.ft.unicamp.br\/ladessam\/wp-json\/wp\/v2\/pages"}],"about":[{"href":"https:\/\/wordpress.ft.unicamp.br\/ladessam\/wp-json\/wp\/v2\/types\/page"}],"author":[{"embeddable":true,"href":"https:\/\/wordpress.ft.unicamp.br\/ladessam\/wp-json\/wp\/v2\/users\/1"}],"replies":[{"embeddable":true,"href":"https:\/\/wordpress.ft.unicamp.br\/ladessam\/wp-json\/wp\/v2\/comments?post=15"}],"version-history":[{"count":1,"href":"https:\/\/wordpress.ft.unicamp.br\/ladessam\/wp-json\/wp\/v2\/pages\/15\/revisions"}],"predecessor-version":[{"id":16,"href":"https:\/\/wordpress.ft.unicamp.br\/ladessam\/wp-json\/wp\/v2\/pages\/15\/revisions\/16"}],"wp:attachment":[{"href":"https:\/\/wordpress.ft.unicamp.br\/ladessam\/wp-json\/wp\/v2\/media?parent=15"}],"curies":[{"name":"wp","href":"https:\/\/api.w.org\/{rel}","templated":true}]}}