{"id":46,"date":"2018-04-04T18:13:57","date_gmt":"2018-04-04T18:13:57","guid":{"rendered":"http:\/\/wordpress.ft.unicamp.br\/ladessam\/?page_id=46"},"modified":"2020-04-07T15:52:03","modified_gmt":"2020-04-07T15:52:03","slug":"publicacoes","status":"publish","type":"page","link":"https:\/\/wordpress.ft.unicamp.br\/ladessam\/publicacoes\/","title":{"rendered":"Publica\u00e7\u00f5es"},"content":{"rendered":"<p><strong>MORAES, P. B. ; BERTAZZOLI, R. ; BID\u00d3IA, E.D. Electrochemical oxidation of wastewater containing aromatic amines using a flow electrolytic reactor.<em>&nbsp;International Journal of Environment and Waste Management<\/em>&nbsp;(in Print), 2011.<\/strong><\/p>\n<p><strong>GUSM\u00c3O, I.C.C.P. ; MORAES, P. B. ; BID\u00d3IA, E.D. A thin layer electrochemical cell for disinfection of water contaminated with Staphylococcus aureus.&nbsp;<em>Brazilian Journal of Microbiology<\/em>, v. 40, p. 649-654, 2009.<\/strong><\/p>\n<p><strong>INAZAKI, T. H ; MORAES, P. B. ; LOPES, P. R. M. ; MONTAGNOLLI, R. N. ; Piao, A. C. S. ; Bidoia, E. D. Wastewater Containing 1,2-Dihydro-2,2,4-Trimethylquinoleyn Treated by Electrolysis and Respirometric Method.<em>&nbsp;Journal of Waste Water Treatment &amp; Analysis<\/em>&nbsp;v. 1, p. 1-6, 2010.<\/strong><\/p>\n<p><strong>SOUSA, M. L. ; MORAES, P. B. ; Bidoia, E. D. . Photoeletrolytic system applied to remazol red brilliant degradation.&nbsp;<em>Water Science and Technology<\/em>, v. 63, p. 613-617, 2011.<\/strong><\/p>\n<p><strong>INAZAKI, T. H. ; MORAES, P. B. ; Piao, A. C. S. ; Bidoia, E. D. Electrolytic treatment of wastewater containing n-phenyl-n-1,3-dimethylbutyl-p-phenylenediamine.&nbsp;<em>Environmental Technology<\/em>, v. 29, p. 553-558, 2008.<\/strong><\/p>\n<p><strong>MORAES, P. B. ; PELEGRINO, R ; BERTAZZOLI, R. Degradation of Acid Blue 40 Dye Solution and Dye House Wastewater from Textile Industry by Photo-Assisted Electrochemical Process.&nbsp;<em>Journal of Environmental Science and Health: Part A, Toxic Hazardous Substances and Environmental Engineering<\/em>, v. 42, p. 2131-2138, 2007.<\/strong><\/p>\n<p><strong>MORAES, P. B. ; BERTAZZOLI, R. Tratamento fotoeletroqu\u00edmico de chorume.&nbsp;<em>Limpeza P\u00fablica<\/em>, v. 65, p. 28-33, 2007.<\/strong><\/p>\n<p><strong>GUSM\u00c3O, I.C.C.P. ; MORAES, P. B. ; BID\u00d3IA, E.D. Desinfec\u00e7\u00e3o de \u00e1guas de abastecimento contendo suspens\u00f5es n\u00e3o tamponadas de Escherichia coli e Staphylococcus aureus.&nbsp;<em>O Biol\u00f3gico<\/em>, v. 68, p. 315\/065, 2006.<\/strong><\/p>\n<p><strong>MORAES, P. B. ; BERTAZZOLI, R. Electro-degradation of landfill leachate in a flow electrochemical reactor.&nbsp;<em>Chemosphere<\/em>&nbsp;(Oxford ), v. 58, p. 41-46, 2005.<\/strong><\/p>\n<p><strong>ANGELIS, D. F.; MORAES, P. B. ; DOMINGOS, R.N.; CORSO, C.R.; ROCHA FILHO, R.C ; BID\u00d3IA, E.D. Eletr\u00f3lise de res\u00edduos poluidores. I- Efluente de uma ind\u00fastria liofilizadora de condimentos.<em>&nbsp;Qu\u00edmica Nova<\/em>, v. 21, n. 1, p. 20-24, 1998.<\/strong><\/p>\n","protected":false},"excerpt":{"rendered":"<p>MORAES, P. B. ; BERTAZZOLI, R. ; BID\u00d3IA, E.D. Electrochemical oxidation of wastewater containing aromatic amines using a flow electrolytic reactor.&nbsp;International Journal of Environment and Waste Management&nbsp;(in Print), 2011. GUSM\u00c3O, I.C.C.P. ; MORAES, P. B. ; BID\u00d3IA, E.D. A thin &hellip; <a href=\"https:\/\/wordpress.ft.unicamp.br\/ladessam\/publicacoes\/\">Continue lendo <span class=\"meta-nav\">&rarr;<\/span><\/a><\/p>\n","protected":false},"author":1,"featured_media":0,"parent":0,"menu_order":0,"comment_status":"closed","ping_status":"closed","template":"","meta":{"footnotes":""},"class_list":["post-46","page","type-page","status-publish","hentry"],"yoast_head":"<!-- This site is optimized with the Yoast SEO plugin v27.3 - https:\/\/yoast.com\/product\/yoast-seo-wordpress\/ -->\n<title>Publica\u00e7\u00f5es - LADESSAM<\/title>\n<meta name=\"robots\" content=\"index, follow, max-snippet:-1, max-image-preview:large, max-video-preview:-1\" \/>\n<link rel=\"canonical\" href=\"https:\/\/wordpress.ft.unicamp.br\/ladessam\/publicacoes\/\" \/>\n<meta property=\"og:locale\" content=\"pt_BR\" \/>\n<meta property=\"og:type\" content=\"article\" \/>\n<meta property=\"og:title\" content=\"Publica\u00e7\u00f5es - LADESSAM\" \/>\n<meta property=\"og:description\" content=\"MORAES, P. B. ; BERTAZZOLI, R. ; BID\u00d3IA, E.D. Electrochemical oxidation of wastewater containing aromatic amines using a flow electrolytic reactor.&nbsp;International Journal of Environment and Waste Management&nbsp;(in Print), 2011. GUSM\u00c3O, I.C.C.P. ; MORAES, P. B. ; BID\u00d3IA, E.D. A thin &hellip; Continue lendo &rarr;\" \/>\n<meta property=\"og:url\" content=\"https:\/\/wordpress.ft.unicamp.br\/ladessam\/publicacoes\/\" \/>\n<meta property=\"og:site_name\" content=\"LADESSAM\" \/>\n<meta property=\"article:modified_time\" content=\"2020-04-07T15:52:03+00:00\" \/>\n<meta name=\"twitter:card\" content=\"summary_large_image\" \/>\n<meta name=\"twitter:label1\" content=\"Est. tempo de leitura\" \/>\n\t<meta name=\"twitter:data1\" content=\"2 minutos\" \/>\n<script type=\"application\/ld+json\" class=\"yoast-schema-graph\">{\"@context\":\"https:\\\/\\\/schema.org\",\"@graph\":[{\"@type\":\"WebPage\",\"@id\":\"https:\\\/\\\/wordpress.ft.unicamp.br\\\/ladessam\\\/publicacoes\\\/\",\"url\":\"https:\\\/\\\/wordpress.ft.unicamp.br\\\/ladessam\\\/publicacoes\\\/\",\"name\":\"Publica\u00e7\u00f5es - LADESSAM\",\"isPartOf\":{\"@id\":\"https:\\\/\\\/wordpress.ft.unicamp.br\\\/ladessam\\\/#website\"},\"datePublished\":\"2018-04-04T18:13:57+00:00\",\"dateModified\":\"2020-04-07T15:52:03+00:00\",\"breadcrumb\":{\"@id\":\"https:\\\/\\\/wordpress.ft.unicamp.br\\\/ladessam\\\/publicacoes\\\/#breadcrumb\"},\"inLanguage\":\"pt-BR\",\"potentialAction\":[{\"@type\":\"ReadAction\",\"target\":[\"https:\\\/\\\/wordpress.ft.unicamp.br\\\/ladessam\\\/publicacoes\\\/\"]}]},{\"@type\":\"BreadcrumbList\",\"@id\":\"https:\\\/\\\/wordpress.ft.unicamp.br\\\/ladessam\\\/publicacoes\\\/#breadcrumb\",\"itemListElement\":[{\"@type\":\"ListItem\",\"position\":1,\"name\":\"Home\",\"item\":\"https:\\\/\\\/wordpress.ft.unicamp.br\\\/ladessam\\\/en\\\/home-2\\\/\"},{\"@type\":\"ListItem\",\"position\":2,\"name\":\"Publica\u00e7\u00f5es\"}]},{\"@type\":\"WebSite\",\"@id\":\"https:\\\/\\\/wordpress.ft.unicamp.br\\\/ladessam\\\/#website\",\"url\":\"https:\\\/\\\/wordpress.ft.unicamp.br\\\/ladessam\\\/\",\"name\":\"LADESSAM\",\"description\":\"Laborat\u00f3rio de Desenvolvimento de Sistemas para Saneamento Ambiental\",\"potentialAction\":[{\"@type\":\"SearchAction\",\"target\":{\"@type\":\"EntryPoint\",\"urlTemplate\":\"https:\\\/\\\/wordpress.ft.unicamp.br\\\/ladessam\\\/?s={search_term_string}\"},\"query-input\":{\"@type\":\"PropertyValueSpecification\",\"valueRequired\":true,\"valueName\":\"search_term_string\"}}],\"inLanguage\":\"pt-BR\"}]}<\/script>\n<!-- \/ Yoast SEO plugin. -->","yoast_head_json":{"title":"Publica\u00e7\u00f5es - LADESSAM","robots":{"index":"index","follow":"follow","max-snippet":"max-snippet:-1","max-image-preview":"max-image-preview:large","max-video-preview":"max-video-preview:-1"},"canonical":"https:\/\/wordpress.ft.unicamp.br\/ladessam\/publicacoes\/","og_locale":"pt_BR","og_type":"article","og_title":"Publica\u00e7\u00f5es - LADESSAM","og_description":"MORAES, P. B. ; BERTAZZOLI, R. ; BID\u00d3IA, E.D. Electrochemical oxidation of wastewater containing aromatic amines using a flow electrolytic reactor.&nbsp;International Journal of Environment and Waste Management&nbsp;(in Print), 2011. GUSM\u00c3O, I.C.C.P. ; MORAES, P. B. ; BID\u00d3IA, E.D. A thin &hellip; Continue lendo &rarr;","og_url":"https:\/\/wordpress.ft.unicamp.br\/ladessam\/publicacoes\/","og_site_name":"LADESSAM","article_modified_time":"2020-04-07T15:52:03+00:00","twitter_card":"summary_large_image","twitter_misc":{"Est. tempo de leitura":"2 minutos"},"schema":{"@context":"https:\/\/schema.org","@graph":[{"@type":"WebPage","@id":"https:\/\/wordpress.ft.unicamp.br\/ladessam\/publicacoes\/","url":"https:\/\/wordpress.ft.unicamp.br\/ladessam\/publicacoes\/","name":"Publica\u00e7\u00f5es - LADESSAM","isPartOf":{"@id":"https:\/\/wordpress.ft.unicamp.br\/ladessam\/#website"},"datePublished":"2018-04-04T18:13:57+00:00","dateModified":"2020-04-07T15:52:03+00:00","breadcrumb":{"@id":"https:\/\/wordpress.ft.unicamp.br\/ladessam\/publicacoes\/#breadcrumb"},"inLanguage":"pt-BR","potentialAction":[{"@type":"ReadAction","target":["https:\/\/wordpress.ft.unicamp.br\/ladessam\/publicacoes\/"]}]},{"@type":"BreadcrumbList","@id":"https:\/\/wordpress.ft.unicamp.br\/ladessam\/publicacoes\/#breadcrumb","itemListElement":[{"@type":"ListItem","position":1,"name":"Home","item":"https:\/\/wordpress.ft.unicamp.br\/ladessam\/en\/home-2\/"},{"@type":"ListItem","position":2,"name":"Publica\u00e7\u00f5es"}]},{"@type":"WebSite","@id":"https:\/\/wordpress.ft.unicamp.br\/ladessam\/#website","url":"https:\/\/wordpress.ft.unicamp.br\/ladessam\/","name":"LADESSAM","description":"Laborat\u00f3rio de Desenvolvimento de Sistemas para Saneamento Ambiental","potentialAction":[{"@type":"SearchAction","target":{"@type":"EntryPoint","urlTemplate":"https:\/\/wordpress.ft.unicamp.br\/ladessam\/?s={search_term_string}"},"query-input":{"@type":"PropertyValueSpecification","valueRequired":true,"valueName":"search_term_string"}}],"inLanguage":"pt-BR"}]}},"_links":{"self":[{"href":"https:\/\/wordpress.ft.unicamp.br\/ladessam\/wp-json\/wp\/v2\/pages\/46","targetHints":{"allow":["GET"]}}],"collection":[{"href":"https:\/\/wordpress.ft.unicamp.br\/ladessam\/wp-json\/wp\/v2\/pages"}],"about":[{"href":"https:\/\/wordpress.ft.unicamp.br\/ladessam\/wp-json\/wp\/v2\/types\/page"}],"author":[{"embeddable":true,"href":"https:\/\/wordpress.ft.unicamp.br\/ladessam\/wp-json\/wp\/v2\/users\/1"}],"replies":[{"embeddable":true,"href":"https:\/\/wordpress.ft.unicamp.br\/ladessam\/wp-json\/wp\/v2\/comments?post=46"}],"version-history":[{"count":2,"href":"https:\/\/wordpress.ft.unicamp.br\/ladessam\/wp-json\/wp\/v2\/pages\/46\/revisions"}],"predecessor-version":[{"id":82,"href":"https:\/\/wordpress.ft.unicamp.br\/ladessam\/wp-json\/wp\/v2\/pages\/46\/revisions\/82"}],"wp:attachment":[{"href":"https:\/\/wordpress.ft.unicamp.br\/ladessam\/wp-json\/wp\/v2\/media?parent=46"}],"curies":[{"name":"wp","href":"https:\/\/api.w.org\/{rel}","templated":true}]}}