{"id":49,"date":"2018-04-04T18:14:11","date_gmt":"2018-04-04T18:14:11","guid":{"rendered":"http:\/\/wordpress.ft.unicamp.br\/ladessam\/?page_id=49"},"modified":"2018-04-04T18:14:11","modified_gmt":"2018-04-04T18:14:11","slug":"publications","status":"publish","type":"page","link":"https:\/\/wordpress.ft.unicamp.br\/ladessam\/en\/publications\/","title":{"rendered":"Publications"},"content":{"rendered":"<p>publica\u00e7\u00f5es em ingl\u00eas<\/p>\n","protected":false},"excerpt":{"rendered":"<p>publica\u00e7\u00f5es em ingl\u00eas<\/p>\n","protected":false},"author":1,"featured_media":0,"parent":0,"menu_order":0,"comment_status":"closed","ping_status":"closed","template":"","meta":{"footnotes":""},"class_list":["post-49","page","type-page","status-publish","hentry"],"yoast_head":"<!-- This site is optimized with the Yoast SEO plugin v27.3 - https:\/\/yoast.com\/product\/yoast-seo-wordpress\/ -->\n<title>Publications - LADESSAM<\/title>\n<meta name=\"robots\" content=\"index, follow, max-snippet:-1, max-image-preview:large, max-video-preview:-1\" \/>\n<link rel=\"canonical\" href=\"https:\/\/wordpress.ft.unicamp.br\/ladessam\/en\/publications\/\" \/>\n<meta property=\"og:locale\" content=\"pt_BR\" \/>\n<meta property=\"og:type\" content=\"article\" \/>\n<meta property=\"og:title\" content=\"Publications - LADESSAM\" \/>\n<meta property=\"og:description\" content=\"publica\u00e7\u00f5es em ingl\u00eas\" \/>\n<meta property=\"og:url\" content=\"https:\/\/wordpress.ft.unicamp.br\/ladessam\/en\/publications\/\" \/>\n<meta property=\"og:site_name\" content=\"LADESSAM\" \/>\n<meta name=\"twitter:card\" content=\"summary_large_image\" \/>\n<script type=\"application\/ld+json\" class=\"yoast-schema-graph\">{\"@context\":\"https:\\\/\\\/schema.org\",\"@graph\":[{\"@type\":\"WebPage\",\"@id\":\"https:\\\/\\\/wordpress.ft.unicamp.br\\\/ladessam\\\/en\\\/publications\\\/\",\"url\":\"https:\\\/\\\/wordpress.ft.unicamp.br\\\/ladessam\\\/en\\\/publications\\\/\",\"name\":\"Publications - LADESSAM\",\"isPartOf\":{\"@id\":\"https:\\\/\\\/wordpress.ft.unicamp.br\\\/ladessam\\\/#website\"},\"datePublished\":\"2018-04-04T18:14:11+00:00\",\"breadcrumb\":{\"@id\":\"https:\\\/\\\/wordpress.ft.unicamp.br\\\/ladessam\\\/en\\\/publications\\\/#breadcrumb\"},\"inLanguage\":\"pt-BR\",\"potentialAction\":[{\"@type\":\"ReadAction\",\"target\":[\"https:\\\/\\\/wordpress.ft.unicamp.br\\\/ladessam\\\/en\\\/publications\\\/\"]}]},{\"@type\":\"BreadcrumbList\",\"@id\":\"https:\\\/\\\/wordpress.ft.unicamp.br\\\/ladessam\\\/en\\\/publications\\\/#breadcrumb\",\"itemListElement\":[{\"@type\":\"ListItem\",\"position\":1,\"name\":\"Home\",\"item\":\"https:\\\/\\\/wordpress.ft.unicamp.br\\\/ladessam\\\/en\\\/home-2\\\/\"},{\"@type\":\"ListItem\",\"position\":2,\"name\":\"Publications\"}]},{\"@type\":\"WebSite\",\"@id\":\"https:\\\/\\\/wordpress.ft.unicamp.br\\\/ladessam\\\/#website\",\"url\":\"https:\\\/\\\/wordpress.ft.unicamp.br\\\/ladessam\\\/\",\"name\":\"LADESSAM\",\"description\":\"Laborat\u00f3rio de Desenvolvimento de Sistemas para Saneamento Ambiental\",\"potentialAction\":[{\"@type\":\"SearchAction\",\"target\":{\"@type\":\"EntryPoint\",\"urlTemplate\":\"https:\\\/\\\/wordpress.ft.unicamp.br\\\/ladessam\\\/?s={search_term_string}\"},\"query-input\":{\"@type\":\"PropertyValueSpecification\",\"valueRequired\":true,\"valueName\":\"search_term_string\"}}],\"inLanguage\":\"pt-BR\"}]}<\/script>\n<!-- \/ Yoast SEO plugin. -->","yoast_head_json":{"title":"Publications - LADESSAM","robots":{"index":"index","follow":"follow","max-snippet":"max-snippet:-1","max-image-preview":"max-image-preview:large","max-video-preview":"max-video-preview:-1"},"canonical":"https:\/\/wordpress.ft.unicamp.br\/ladessam\/en\/publications\/","og_locale":"pt_BR","og_type":"article","og_title":"Publications - LADESSAM","og_description":"publica\u00e7\u00f5es em ingl\u00eas","og_url":"https:\/\/wordpress.ft.unicamp.br\/ladessam\/en\/publications\/","og_site_name":"LADESSAM","twitter_card":"summary_large_image","schema":{"@context":"https:\/\/schema.org","@graph":[{"@type":"WebPage","@id":"https:\/\/wordpress.ft.unicamp.br\/ladessam\/en\/publications\/","url":"https:\/\/wordpress.ft.unicamp.br\/ladessam\/en\/publications\/","name":"Publications - LADESSAM","isPartOf":{"@id":"https:\/\/wordpress.ft.unicamp.br\/ladessam\/#website"},"datePublished":"2018-04-04T18:14:11+00:00","breadcrumb":{"@id":"https:\/\/wordpress.ft.unicamp.br\/ladessam\/en\/publications\/#breadcrumb"},"inLanguage":"pt-BR","potentialAction":[{"@type":"ReadAction","target":["https:\/\/wordpress.ft.unicamp.br\/ladessam\/en\/publications\/"]}]},{"@type":"BreadcrumbList","@id":"https:\/\/wordpress.ft.unicamp.br\/ladessam\/en\/publications\/#breadcrumb","itemListElement":[{"@type":"ListItem","position":1,"name":"Home","item":"https:\/\/wordpress.ft.unicamp.br\/ladessam\/en\/home-2\/"},{"@type":"ListItem","position":2,"name":"Publications"}]},{"@type":"WebSite","@id":"https:\/\/wordpress.ft.unicamp.br\/ladessam\/#website","url":"https:\/\/wordpress.ft.unicamp.br\/ladessam\/","name":"LADESSAM","description":"Laborat\u00f3rio de Desenvolvimento de Sistemas para Saneamento Ambiental","potentialAction":[{"@type":"SearchAction","target":{"@type":"EntryPoint","urlTemplate":"https:\/\/wordpress.ft.unicamp.br\/ladessam\/?s={search_term_string}"},"query-input":{"@type":"PropertyValueSpecification","valueRequired":true,"valueName":"search_term_string"}}],"inLanguage":"pt-BR"}]}},"_links":{"self":[{"href":"https:\/\/wordpress.ft.unicamp.br\/ladessam\/wp-json\/wp\/v2\/pages\/49","targetHints":{"allow":["GET"]}}],"collection":[{"href":"https:\/\/wordpress.ft.unicamp.br\/ladessam\/wp-json\/wp\/v2\/pages"}],"about":[{"href":"https:\/\/wordpress.ft.unicamp.br\/ladessam\/wp-json\/wp\/v2\/types\/page"}],"author":[{"embeddable":true,"href":"https:\/\/wordpress.ft.unicamp.br\/ladessam\/wp-json\/wp\/v2\/users\/1"}],"replies":[{"embeddable":true,"href":"https:\/\/wordpress.ft.unicamp.br\/ladessam\/wp-json\/wp\/v2\/comments?post=49"}],"version-history":[{"count":1,"href":"https:\/\/wordpress.ft.unicamp.br\/ladessam\/wp-json\/wp\/v2\/pages\/49\/revisions"}],"predecessor-version":[{"id":50,"href":"https:\/\/wordpress.ft.unicamp.br\/ladessam\/wp-json\/wp\/v2\/pages\/49\/revisions\/50"}],"wp:attachment":[{"href":"https:\/\/wordpress.ft.unicamp.br\/ladessam\/wp-json\/wp\/v2\/media?parent=49"}],"curies":[{"name":"wp","href":"https:\/\/api.w.org\/{rel}","templated":true}]}}