{"id":166,"date":"2017-08-30T11:33:46","date_gmt":"2017-08-30T11:33:46","guid":{"rendered":"http:\/\/wordpress.ft.unicamp.br\/laeg\/?page_id=166"},"modified":"2017-11-09T01:27:33","modified_gmt":"2017-11-09T01:27:33","slug":"missao-2","status":"publish","type":"page","link":"https:\/\/wordpress.ft.unicamp.br\/laeg\/missao-2\/","title":{"rendered":"Miss\u00e3o"},"content":{"rendered":"<p style=\"text-align: left\"><span style=\"margin: 0px;color: #333333;line-height: 107%;font-family: 'Arial',sans-serif;font-size: 12pt\">Realizar atividades de pesquisa, extens\u00e3o e capacita\u00e7\u00e3o dos alunos e profissionais para alcan\u00e7ar os objetivos de <a href=\"http:\/\/www.un.org\/sustainabledevelopment\/development-agenda\/\">desenvolvimento sustent\u00e1vel<\/a> propostos pela Agenda 2030, especialmente nos SDGs:\u00a0<\/span><\/p>\n<p>\u00a0\u00a0\u00a0\u00a0\u00a0\u00a0\u00a0\u00a0\u00a0\u00a0\u00a0\u00a0\u00a0\u00a0\u00a0\u00a0\u00a0\u00a0\u00a0\u00a0\u00a0\u00a0\u00a0\u00a0\u00a0\u00a0\u00a0\u00a0\u00a0\u00a0\u00a0\u00a0\u00a0\u00a0\u00a0\u00a0\u00a0 <img decoding=\"async\" class=\"size-thumbnail wp-image-516 alignnone\" src=\"http:\/\/wordpress.ft.unicamp.br\/laeg\/wp-content\/uploads\/sites\/33\/2017\/08\/ods4-150x150.png\" alt=\"\" width=\"150\" height=\"150\" srcset=\"https:\/\/wordpress.ft.unicamp.br\/laeg\/wp-content\/uploads\/sites\/33\/2017\/08\/ods4-150x150.png 150w, https:\/\/wordpress.ft.unicamp.br\/laeg\/wp-content\/uploads\/sites\/33\/2017\/08\/ods4.png 225w\" sizes=\"(max-width: 150px) 100vw, 150px\" \/> \u00a0 \u00a0 \u00a0 \u00a0 \u00a0 \u00a0 \u00a0 \u00a0 \u00a0 \u00a0 \u00a0 \u00a0 \u00a0 \u00a0 <img decoding=\"async\" class=\"size-thumbnail wp-image-517 alignnone\" src=\"http:\/\/wordpress.ft.unicamp.br\/laeg\/wp-content\/uploads\/sites\/33\/2017\/08\/ods6-150x150.png\" alt=\"\" width=\"150\" height=\"150\" srcset=\"https:\/\/wordpress.ft.unicamp.br\/laeg\/wp-content\/uploads\/sites\/33\/2017\/08\/ods6-150x150.png 150w, https:\/\/wordpress.ft.unicamp.br\/laeg\/wp-content\/uploads\/sites\/33\/2017\/08\/ods6.png 225w\" sizes=\"(max-width: 150px) 100vw, 150px\" \/> \u00a0 \u00a0 \u00a0 \u00a0 \u00a0 \u00a0 \u00a0 \u00a0 \u00a0 \u00a0 \u00a0 \u00a0 \u00a0 \u00a0\u00a0 <img decoding=\"async\" class=\"size-thumbnail wp-image-518 alignnone\" src=\"http:\/\/wordpress.ft.unicamp.br\/laeg\/wp-content\/uploads\/sites\/33\/2017\/08\/ods14-150x150.png\" alt=\"\" width=\"150\" height=\"150\" srcset=\"https:\/\/wordpress.ft.unicamp.br\/laeg\/wp-content\/uploads\/sites\/33\/2017\/08\/ods14-150x150.png 150w, https:\/\/wordpress.ft.unicamp.br\/laeg\/wp-content\/uploads\/sites\/33\/2017\/08\/ods14.png 225w\" sizes=\"(max-width: 150px) 100vw, 150px\" \/><\/p>\n<p>&nbsp;<\/p>\n","protected":false},"excerpt":{"rendered":"<p>Realizar atividades de pesquisa, extens\u00e3o e capacita\u00e7\u00e3o dos alunos e profissionais para alcan\u00e7ar os objetivos de desenvolvimento sustent\u00e1vel propostos pela Agenda 2030, especialmente nos SDGs:\u00a0 \u00a0\u00a0\u00a0\u00a0\u00a0\u00a0\u00a0\u00a0\u00a0\u00a0\u00a0\u00a0\u00a0\u00a0\u00a0\u00a0\u00a0\u00a0\u00a0\u00a0\u00a0\u00a0\u00a0\u00a0\u00a0\u00a0\u00a0\u00a0\u00a0\u00a0\u00a0\u00a0\u00a0\u00a0\u00a0\u00a0\u00a0 \u00a0 \u00a0 \u00a0 \u00a0 \u00a0 \u00a0 \u00a0 \u00a0 \u00a0 \u00a0 \u00a0 \u00a0 \u00a0 \u00a0 \u00a0 \u00a0 \u00a0 \u00a0 \u00a0 \u00a0 \u00a0 \u00a0 \u00a0 \u00a0 \u00a0 \u00a0 \u00a0 \u00a0\u00a0 &nbsp;<\/p>\n","protected":false},"author":23,"featured_media":0,"parent":0,"menu_order":0,"comment_status":"closed","ping_status":"closed","template":"","meta":{"footnotes":""},"class_list":["post-166","page","type-page","status-publish"],"yoast_head":"<!-- This site is optimized with the Yoast SEO plugin v27.5 - https:\/\/yoast.com\/product\/yoast-seo-wordpress\/ -->\n<title>Miss\u00e3o - LAEG<\/title>\n<meta name=\"robots\" content=\"index, follow, max-snippet:-1, max-image-preview:large, max-video-preview:-1\" \/>\n<link rel=\"canonical\" href=\"https:\/\/wordpress.ft.unicamp.br\/laeg\/missao-2\/\" \/>\n<meta property=\"og:locale\" content=\"pt_BR\" \/>\n<meta property=\"og:type\" content=\"article\" \/>\n<meta property=\"og:title\" content=\"Miss\u00e3o - LAEG\" \/>\n<meta property=\"og:description\" content=\"Realizar atividades de pesquisa, extens\u00e3o e capacita\u00e7\u00e3o dos alunos e profissionais para alcan\u00e7ar os objetivos de desenvolvimento sustent\u00e1vel propostos pela Agenda 2030, especialmente nos SDGs:\u00a0 \u00a0\u00a0\u00a0\u00a0\u00a0\u00a0\u00a0\u00a0\u00a0\u00a0\u00a0\u00a0\u00a0\u00a0\u00a0\u00a0\u00a0\u00a0\u00a0\u00a0\u00a0\u00a0\u00a0\u00a0\u00a0\u00a0\u00a0\u00a0\u00a0\u00a0\u00a0\u00a0\u00a0\u00a0\u00a0\u00a0\u00a0 \u00a0 \u00a0 \u00a0 \u00a0 \u00a0 \u00a0 \u00a0 \u00a0 \u00a0 \u00a0 \u00a0 \u00a0 \u00a0 \u00a0 \u00a0 \u00a0 \u00a0 \u00a0 \u00a0 \u00a0 \u00a0 \u00a0 \u00a0 \u00a0 \u00a0 \u00a0 \u00a0 \u00a0\u00a0 &nbsp;\" \/>\n<meta property=\"og:url\" content=\"https:\/\/wordpress.ft.unicamp.br\/laeg\/missao-2\/\" \/>\n<meta property=\"og:site_name\" content=\"LAEG\" \/>\n<meta property=\"article:modified_time\" content=\"2017-11-09T01:27:33+00:00\" \/>\n<meta property=\"og:image\" content=\"http:\/\/wordpress.ft.unicamp.br\/laeg\/wp-content\/uploads\/sites\/33\/2017\/08\/ods4-150x150.png\" \/>\n<meta name=\"twitter:card\" content=\"summary_large_image\" \/>\n<script type=\"application\/ld+json\" class=\"yoast-schema-graph\">{\"@context\":\"https:\\\/\\\/schema.org\",\"@graph\":[{\"@type\":\"WebPage\",\"@id\":\"https:\\\/\\\/wordpress.ft.unicamp.br\\\/laeg\\\/missao-2\\\/\",\"url\":\"https:\\\/\\\/wordpress.ft.unicamp.br\\\/laeg\\\/missao-2\\\/\",\"name\":\"Miss\u00e3o - LAEG\",\"isPartOf\":{\"@id\":\"https:\\\/\\\/wordpress.ft.unicamp.br\\\/laeg\\\/#website\"},\"primaryImageOfPage\":{\"@id\":\"https:\\\/\\\/wordpress.ft.unicamp.br\\\/laeg\\\/missao-2\\\/#primaryimage\"},\"image\":{\"@id\":\"https:\\\/\\\/wordpress.ft.unicamp.br\\\/laeg\\\/missao-2\\\/#primaryimage\"},\"thumbnailUrl\":\"http:\\\/\\\/wordpress.ft.unicamp.br\\\/laeg\\\/wp-content\\\/uploads\\\/sites\\\/33\\\/2017\\\/08\\\/ods4-150x150.png\",\"datePublished\":\"2017-08-30T11:33:46+00:00\",\"dateModified\":\"2017-11-09T01:27:33+00:00\",\"breadcrumb\":{\"@id\":\"https:\\\/\\\/wordpress.ft.unicamp.br\\\/laeg\\\/missao-2\\\/#breadcrumb\"},\"inLanguage\":\"pt-BR\",\"potentialAction\":[{\"@type\":\"ReadAction\",\"target\":[\"https:\\\/\\\/wordpress.ft.unicamp.br\\\/laeg\\\/missao-2\\\/\"]}]},{\"@type\":\"ImageObject\",\"inLanguage\":\"pt-BR\",\"@id\":\"https:\\\/\\\/wordpress.ft.unicamp.br\\\/laeg\\\/missao-2\\\/#primaryimage\",\"url\":\"http:\\\/\\\/wordpress.ft.unicamp.br\\\/laeg\\\/wp-content\\\/uploads\\\/sites\\\/33\\\/2017\\\/08\\\/ods4-150x150.png\",\"contentUrl\":\"http:\\\/\\\/wordpress.ft.unicamp.br\\\/laeg\\\/wp-content\\\/uploads\\\/sites\\\/33\\\/2017\\\/08\\\/ods4-150x150.png\"},{\"@type\":\"BreadcrumbList\",\"@id\":\"https:\\\/\\\/wordpress.ft.unicamp.br\\\/laeg\\\/missao-2\\\/#breadcrumb\",\"itemListElement\":[{\"@type\":\"ListItem\",\"position\":1,\"name\":\"Home\",\"item\":\"https:\\\/\\\/wordpress.ft.unicamp.br\\\/laeg\\\/\"},{\"@type\":\"ListItem\",\"position\":2,\"name\":\"Miss\u00e3o\"}]},{\"@type\":\"WebSite\",\"@id\":\"https:\\\/\\\/wordpress.ft.unicamp.br\\\/laeg\\\/#website\",\"url\":\"https:\\\/\\\/wordpress.ft.unicamp.br\\\/laeg\\\/\",\"name\":\"LAEG\",\"description\":\"Ecotoxicology and Genotoxicity Laboratory\",\"publisher\":{\"@id\":\"https:\\\/\\\/wordpress.ft.unicamp.br\\\/laeg\\\/#organization\"},\"potentialAction\":[{\"@type\":\"SearchAction\",\"target\":{\"@type\":\"EntryPoint\",\"urlTemplate\":\"https:\\\/\\\/wordpress.ft.unicamp.br\\\/laeg\\\/?s={search_term_string}\"},\"query-input\":{\"@type\":\"PropertyValueSpecification\",\"valueRequired\":true,\"valueName\":\"search_term_string\"}}],\"inLanguage\":\"pt-BR\"},{\"@type\":\"Organization\",\"@id\":\"https:\\\/\\\/wordpress.ft.unicamp.br\\\/laeg\\\/#organization\",\"name\":\"LAEG\",\"url\":\"https:\\\/\\\/wordpress.ft.unicamp.br\\\/laeg\\\/\",\"logo\":{\"@type\":\"ImageObject\",\"inLanguage\":\"pt-BR\",\"@id\":\"https:\\\/\\\/wordpress.ft.unicamp.br\\\/laeg\\\/#\\\/schema\\\/logo\\\/image\\\/\",\"url\":\"https:\\\/\\\/wordpress.ft.unicamp.br\\\/laeg\\\/wp-content\\\/uploads\\\/sites\\\/33\\\/2017\\\/10\\\/cropped-Sem-t\u00edtulo-e1507234698751.png\",\"contentUrl\":\"https:\\\/\\\/wordpress.ft.unicamp.br\\\/laeg\\\/wp-content\\\/uploads\\\/sites\\\/33\\\/2017\\\/10\\\/cropped-Sem-t\u00edtulo-e1507234698751.png\",\"width\":1366,\"height\":109,\"caption\":\"LAEG\"},\"image\":{\"@id\":\"https:\\\/\\\/wordpress.ft.unicamp.br\\\/laeg\\\/#\\\/schema\\\/logo\\\/image\\\/\"}}]}<\/script>\n<!-- \/ Yoast SEO plugin. -->","yoast_head_json":{"title":"Miss\u00e3o - LAEG","robots":{"index":"index","follow":"follow","max-snippet":"max-snippet:-1","max-image-preview":"max-image-preview:large","max-video-preview":"max-video-preview:-1"},"canonical":"https:\/\/wordpress.ft.unicamp.br\/laeg\/missao-2\/","og_locale":"pt_BR","og_type":"article","og_title":"Miss\u00e3o - LAEG","og_description":"Realizar atividades de pesquisa, extens\u00e3o e capacita\u00e7\u00e3o dos alunos e profissionais para alcan\u00e7ar os objetivos de desenvolvimento sustent\u00e1vel propostos pela Agenda 2030, especialmente nos SDGs:\u00a0 \u00a0\u00a0\u00a0\u00a0\u00a0\u00a0\u00a0\u00a0\u00a0\u00a0\u00a0\u00a0\u00a0\u00a0\u00a0\u00a0\u00a0\u00a0\u00a0\u00a0\u00a0\u00a0\u00a0\u00a0\u00a0\u00a0\u00a0\u00a0\u00a0\u00a0\u00a0\u00a0\u00a0\u00a0\u00a0\u00a0\u00a0 \u00a0 \u00a0 \u00a0 \u00a0 \u00a0 \u00a0 \u00a0 \u00a0 \u00a0 \u00a0 \u00a0 \u00a0 \u00a0 \u00a0 \u00a0 \u00a0 \u00a0 \u00a0 \u00a0 \u00a0 \u00a0 \u00a0 \u00a0 \u00a0 \u00a0 \u00a0 \u00a0 \u00a0\u00a0 &nbsp;","og_url":"https:\/\/wordpress.ft.unicamp.br\/laeg\/missao-2\/","og_site_name":"LAEG","article_modified_time":"2017-11-09T01:27:33+00:00","og_image":[{"url":"http:\/\/wordpress.ft.unicamp.br\/laeg\/wp-content\/uploads\/sites\/33\/2017\/08\/ods4-150x150.png","type":"","width":"","height":""}],"twitter_card":"summary_large_image","schema":{"@context":"https:\/\/schema.org","@graph":[{"@type":"WebPage","@id":"https:\/\/wordpress.ft.unicamp.br\/laeg\/missao-2\/","url":"https:\/\/wordpress.ft.unicamp.br\/laeg\/missao-2\/","name":"Miss\u00e3o - LAEG","isPartOf":{"@id":"https:\/\/wordpress.ft.unicamp.br\/laeg\/#website"},"primaryImageOfPage":{"@id":"https:\/\/wordpress.ft.unicamp.br\/laeg\/missao-2\/#primaryimage"},"image":{"@id":"https:\/\/wordpress.ft.unicamp.br\/laeg\/missao-2\/#primaryimage"},"thumbnailUrl":"http:\/\/wordpress.ft.unicamp.br\/laeg\/wp-content\/uploads\/sites\/33\/2017\/08\/ods4-150x150.png","datePublished":"2017-08-30T11:33:46+00:00","dateModified":"2017-11-09T01:27:33+00:00","breadcrumb":{"@id":"https:\/\/wordpress.ft.unicamp.br\/laeg\/missao-2\/#breadcrumb"},"inLanguage":"pt-BR","potentialAction":[{"@type":"ReadAction","target":["https:\/\/wordpress.ft.unicamp.br\/laeg\/missao-2\/"]}]},{"@type":"ImageObject","inLanguage":"pt-BR","@id":"https:\/\/wordpress.ft.unicamp.br\/laeg\/missao-2\/#primaryimage","url":"http:\/\/wordpress.ft.unicamp.br\/laeg\/wp-content\/uploads\/sites\/33\/2017\/08\/ods4-150x150.png","contentUrl":"http:\/\/wordpress.ft.unicamp.br\/laeg\/wp-content\/uploads\/sites\/33\/2017\/08\/ods4-150x150.png"},{"@type":"BreadcrumbList","@id":"https:\/\/wordpress.ft.unicamp.br\/laeg\/missao-2\/#breadcrumb","itemListElement":[{"@type":"ListItem","position":1,"name":"Home","item":"https:\/\/wordpress.ft.unicamp.br\/laeg\/"},{"@type":"ListItem","position":2,"name":"Miss\u00e3o"}]},{"@type":"WebSite","@id":"https:\/\/wordpress.ft.unicamp.br\/laeg\/#website","url":"https:\/\/wordpress.ft.unicamp.br\/laeg\/","name":"LAEG","description":"Ecotoxicology and Genotoxicity Laboratory","publisher":{"@id":"https:\/\/wordpress.ft.unicamp.br\/laeg\/#organization"},"potentialAction":[{"@type":"SearchAction","target":{"@type":"EntryPoint","urlTemplate":"https:\/\/wordpress.ft.unicamp.br\/laeg\/?s={search_term_string}"},"query-input":{"@type":"PropertyValueSpecification","valueRequired":true,"valueName":"search_term_string"}}],"inLanguage":"pt-BR"},{"@type":"Organization","@id":"https:\/\/wordpress.ft.unicamp.br\/laeg\/#organization","name":"LAEG","url":"https:\/\/wordpress.ft.unicamp.br\/laeg\/","logo":{"@type":"ImageObject","inLanguage":"pt-BR","@id":"https:\/\/wordpress.ft.unicamp.br\/laeg\/#\/schema\/logo\/image\/","url":"https:\/\/wordpress.ft.unicamp.br\/laeg\/wp-content\/uploads\/sites\/33\/2017\/10\/cropped-Sem-t\u00edtulo-e1507234698751.png","contentUrl":"https:\/\/wordpress.ft.unicamp.br\/laeg\/wp-content\/uploads\/sites\/33\/2017\/10\/cropped-Sem-t\u00edtulo-e1507234698751.png","width":1366,"height":109,"caption":"LAEG"},"image":{"@id":"https:\/\/wordpress.ft.unicamp.br\/laeg\/#\/schema\/logo\/image\/"}}]}},"_links":{"self":[{"href":"https:\/\/wordpress.ft.unicamp.br\/laeg\/wp-json\/wp\/v2\/pages\/166","targetHints":{"allow":["GET"]}}],"collection":[{"href":"https:\/\/wordpress.ft.unicamp.br\/laeg\/wp-json\/wp\/v2\/pages"}],"about":[{"href":"https:\/\/wordpress.ft.unicamp.br\/laeg\/wp-json\/wp\/v2\/types\/page"}],"author":[{"embeddable":true,"href":"https:\/\/wordpress.ft.unicamp.br\/laeg\/wp-json\/wp\/v2\/users\/23"}],"replies":[{"embeddable":true,"href":"https:\/\/wordpress.ft.unicamp.br\/laeg\/wp-json\/wp\/v2\/comments?post=166"}],"version-history":[{"count":19,"href":"https:\/\/wordpress.ft.unicamp.br\/laeg\/wp-json\/wp\/v2\/pages\/166\/revisions"}],"predecessor-version":[{"id":763,"href":"https:\/\/wordpress.ft.unicamp.br\/laeg\/wp-json\/wp\/v2\/pages\/166\/revisions\/763"}],"wp:attachment":[{"href":"https:\/\/wordpress.ft.unicamp.br\/laeg\/wp-json\/wp\/v2\/media?parent=166"}],"curies":[{"name":"wp","href":"https:\/\/api.w.org\/{rel}","templated":true}]}}