{"id":244,"date":"2017-09-09T00:35:48","date_gmt":"2017-09-09T00:35:48","guid":{"rendered":"http:\/\/wordpress.ft.unicamp.br\/laeg\/?page_id=244"},"modified":"2017-11-30T14:04:09","modified_gmt":"2017-11-30T14:04:09","slug":"livros-infanto-juvenis","status":"publish","type":"page","link":"https:\/\/wordpress.ft.unicamp.br\/laeg\/livros-infanto-juvenis\/","title":{"rendered":"Livros Infanto-Juvenis"},"content":{"rendered":"<p><img fetchpriority=\"high\" decoding=\"async\" class=\"size-medium wp-image-345 alignleft\" src=\"http:\/\/wordpress.ft.unicamp.br\/laeg\/wp-content\/uploads\/sites\/33\/2017\/09\/Tudo-depende-235x300.png\" alt=\"\" width=\"235\" height=\"300\" srcset=\"https:\/\/wordpress.ft.unicamp.br\/laeg\/wp-content\/uploads\/sites\/33\/2017\/09\/Tudo-depende-235x300.png 235w, https:\/\/wordpress.ft.unicamp.br\/laeg\/wp-content\/uploads\/sites\/33\/2017\/09\/Tudo-depende.png 392w\" sizes=\"(max-width: 235px) 100vw, 235px\" \/><\/p>\n<p style=\"text-align: justify;\">A obra &#8220;Tudo Depende&#8221; conta\u00a0a hist\u00f3ria de Clarice, que observa e questiona h\u00e1bitos culturais da sociedade. A curiosidade e a reflex\u00e3o permitem que ela se posicione e fa\u00e7a propostas consistentes diante de quest\u00f5es contradit\u00f3rias.\u00a0Ela ir\u00e1 se deparar com dilemas nos quais n\u00e3o conseguir\u00e1 escolher entre uma situa\u00e7\u00e3o e outra, sempre consciente de que ela mesma faz parte da realidade que procura interpretar. <a href=\"https:\/\/www.amazon.com.br\/Tudo-depende-Giovana-Umbuzeiro-Valent-ebook\/dp\/B073YG93MP\/ref=sr_1_1?ie=UTF8&amp;qid=1500841407&amp;sr=8-1&amp;keywords=Tudo+depende\">saiba mais<\/a><\/p>\n<p>&nbsp;<\/p>\n<p>&nbsp;<\/p>\n<p>&nbsp;<\/p>\n<p>&nbsp;<\/p>\n<p><img decoding=\"async\" class=\"size-medium wp-image-409 alignright\" src=\"http:\/\/wordpress.ft.unicamp.br\/laeg\/wp-content\/uploads\/sites\/33\/2017\/09\/Luz-237x300.png\" alt=\"\" width=\"237\" height=\"300\" srcset=\"https:\/\/wordpress.ft.unicamp.br\/laeg\/wp-content\/uploads\/sites\/33\/2017\/09\/Luz-237x300.png 237w, https:\/\/wordpress.ft.unicamp.br\/laeg\/wp-content\/uploads\/sites\/33\/2017\/09\/Luz.png 392w\" sizes=\"(max-width: 237px) 100vw, 237px\" \/><\/p>\n<p style=\"text-align: justify;\">Apaixonada pela lua, uma lula decide viajar do fundo \u00e0 superf\u00edcie do mar. Ela sabe que vai enfrentar muitos perigos, mas n\u00e3o imagina que existem min\u00fasculos seres prontos para acompanh\u00e1-la nesta aventura.<span class=\"wixGuard\">\u200b<\/span><\/p>\n<p class=\"font_8\" style=\"text-align: justify;\">Livro de educa\u00e7\u00e3o ambiental inspirado na bact\u00e9ria Vibrio Fisheri, utilizada para avalia\u00e7\u00e3o da qualidade da \u00e1gua, com imagens originalmente feitas em aquarela e texto em forma de poesia. <a href=\"https:\/\/www.amazon.com.br\/luz-lula-Giovana-Umbuzeiro-Valent-ebook\/dp\/B01E9D0ZAI\/ref=sr_1_1?s=digital-text&amp;ie=UTF8&amp;qid=1500841457&amp;sr=1-1&amp;keywords=A+luz+da+lula\">saiba mais<\/a><\/p>\n","protected":false},"excerpt":{"rendered":"<p>A obra &#8220;Tudo Depende&#8221; conta\u00a0a hist\u00f3ria de Clarice, que observa e questiona h\u00e1bitos culturais da sociedade. A curiosidade e a reflex\u00e3o permitem que ela se posicione e fa\u00e7a propostas consistentes diante de quest\u00f5es contradit\u00f3rias.\u00a0Ela ir\u00e1 se deparar com dilemas nos quais n\u00e3o conseguir\u00e1 escolher entre uma situa\u00e7\u00e3o e outra, sempre consciente de que ela mesma &#8230; <a title=\"Livros Infanto-Juvenis\" class=\"read-more\" href=\"https:\/\/wordpress.ft.unicamp.br\/laeg\/livros-infanto-juvenis\/\" aria-label=\"Read more about Livros Infanto-Juvenis\">Ler mais<\/a><\/p>\n","protected":false},"author":23,"featured_media":0,"parent":0,"menu_order":0,"comment_status":"closed","ping_status":"closed","template":"","meta":{"footnotes":""},"class_list":["post-244","page","type-page","status-publish"],"yoast_head":"<!-- This site is optimized with the Yoast SEO plugin v27.5 - https:\/\/yoast.com\/product\/yoast-seo-wordpress\/ -->\n<title>Livros Infanto-Juvenis - LAEG<\/title>\n<meta name=\"robots\" content=\"index, follow, max-snippet:-1, max-image-preview:large, max-video-preview:-1\" \/>\n<link rel=\"canonical\" href=\"https:\/\/wordpress.ft.unicamp.br\/laeg\/livros-infanto-juvenis\/\" \/>\n<meta property=\"og:locale\" content=\"pt_BR\" \/>\n<meta property=\"og:type\" content=\"article\" \/>\n<meta property=\"og:title\" content=\"Livros Infanto-Juvenis - LAEG\" \/>\n<meta property=\"og:description\" content=\"A obra &#8220;Tudo Depende&#8221; conta\u00a0a hist\u00f3ria de Clarice, que observa e questiona h\u00e1bitos culturais da sociedade. A curiosidade e a reflex\u00e3o permitem que ela se posicione e fa\u00e7a propostas consistentes diante de quest\u00f5es contradit\u00f3rias.\u00a0Ela ir\u00e1 se deparar com dilemas nos quais n\u00e3o conseguir\u00e1 escolher entre uma situa\u00e7\u00e3o e outra, sempre consciente de que ela mesma ... Ler mais\" \/>\n<meta property=\"og:url\" content=\"https:\/\/wordpress.ft.unicamp.br\/laeg\/livros-infanto-juvenis\/\" \/>\n<meta property=\"og:site_name\" content=\"LAEG\" \/>\n<meta property=\"article:modified_time\" content=\"2017-11-30T14:04:09+00:00\" \/>\n<meta property=\"og:image\" content=\"http:\/\/wordpress.ft.unicamp.br\/laeg\/wp-content\/uploads\/sites\/33\/2017\/09\/Tudo-depende-235x300.png\" \/>\n<meta name=\"twitter:card\" content=\"summary_large_image\" \/>\n<meta name=\"twitter:label1\" content=\"Est. tempo de leitura\" \/>\n\t<meta name=\"twitter:data1\" content=\"1 minuto\" \/>\n<script type=\"application\/ld+json\" class=\"yoast-schema-graph\">{\"@context\":\"https:\\\/\\\/schema.org\",\"@graph\":[{\"@type\":\"WebPage\",\"@id\":\"https:\\\/\\\/wordpress.ft.unicamp.br\\\/laeg\\\/livros-infanto-juvenis\\\/\",\"url\":\"https:\\\/\\\/wordpress.ft.unicamp.br\\\/laeg\\\/livros-infanto-juvenis\\\/\",\"name\":\"Livros Infanto-Juvenis - LAEG\",\"isPartOf\":{\"@id\":\"https:\\\/\\\/wordpress.ft.unicamp.br\\\/laeg\\\/#website\"},\"primaryImageOfPage\":{\"@id\":\"https:\\\/\\\/wordpress.ft.unicamp.br\\\/laeg\\\/livros-infanto-juvenis\\\/#primaryimage\"},\"image\":{\"@id\":\"https:\\\/\\\/wordpress.ft.unicamp.br\\\/laeg\\\/livros-infanto-juvenis\\\/#primaryimage\"},\"thumbnailUrl\":\"http:\\\/\\\/wordpress.ft.unicamp.br\\\/laeg\\\/wp-content\\\/uploads\\\/sites\\\/33\\\/2017\\\/09\\\/Tudo-depende-235x300.png\",\"datePublished\":\"2017-09-09T00:35:48+00:00\",\"dateModified\":\"2017-11-30T14:04:09+00:00\",\"breadcrumb\":{\"@id\":\"https:\\\/\\\/wordpress.ft.unicamp.br\\\/laeg\\\/livros-infanto-juvenis\\\/#breadcrumb\"},\"inLanguage\":\"pt-BR\",\"potentialAction\":[{\"@type\":\"ReadAction\",\"target\":[\"https:\\\/\\\/wordpress.ft.unicamp.br\\\/laeg\\\/livros-infanto-juvenis\\\/\"]}]},{\"@type\":\"ImageObject\",\"inLanguage\":\"pt-BR\",\"@id\":\"https:\\\/\\\/wordpress.ft.unicamp.br\\\/laeg\\\/livros-infanto-juvenis\\\/#primaryimage\",\"url\":\"http:\\\/\\\/wordpress.ft.unicamp.br\\\/laeg\\\/wp-content\\\/uploads\\\/sites\\\/33\\\/2017\\\/09\\\/Tudo-depende-235x300.png\",\"contentUrl\":\"http:\\\/\\\/wordpress.ft.unicamp.br\\\/laeg\\\/wp-content\\\/uploads\\\/sites\\\/33\\\/2017\\\/09\\\/Tudo-depende-235x300.png\"},{\"@type\":\"BreadcrumbList\",\"@id\":\"https:\\\/\\\/wordpress.ft.unicamp.br\\\/laeg\\\/livros-infanto-juvenis\\\/#breadcrumb\",\"itemListElement\":[{\"@type\":\"ListItem\",\"position\":1,\"name\":\"Home\",\"item\":\"https:\\\/\\\/wordpress.ft.unicamp.br\\\/laeg\\\/\"},{\"@type\":\"ListItem\",\"position\":2,\"name\":\"Livros Infanto-Juvenis\"}]},{\"@type\":\"WebSite\",\"@id\":\"https:\\\/\\\/wordpress.ft.unicamp.br\\\/laeg\\\/#website\",\"url\":\"https:\\\/\\\/wordpress.ft.unicamp.br\\\/laeg\\\/\",\"name\":\"LAEG\",\"description\":\"Ecotoxicology and Genotoxicity Laboratory\",\"publisher\":{\"@id\":\"https:\\\/\\\/wordpress.ft.unicamp.br\\\/laeg\\\/#organization\"},\"potentialAction\":[{\"@type\":\"SearchAction\",\"target\":{\"@type\":\"EntryPoint\",\"urlTemplate\":\"https:\\\/\\\/wordpress.ft.unicamp.br\\\/laeg\\\/?s={search_term_string}\"},\"query-input\":{\"@type\":\"PropertyValueSpecification\",\"valueRequired\":true,\"valueName\":\"search_term_string\"}}],\"inLanguage\":\"pt-BR\"},{\"@type\":\"Organization\",\"@id\":\"https:\\\/\\\/wordpress.ft.unicamp.br\\\/laeg\\\/#organization\",\"name\":\"LAEG\",\"url\":\"https:\\\/\\\/wordpress.ft.unicamp.br\\\/laeg\\\/\",\"logo\":{\"@type\":\"ImageObject\",\"inLanguage\":\"pt-BR\",\"@id\":\"https:\\\/\\\/wordpress.ft.unicamp.br\\\/laeg\\\/#\\\/schema\\\/logo\\\/image\\\/\",\"url\":\"https:\\\/\\\/wordpress.ft.unicamp.br\\\/laeg\\\/wp-content\\\/uploads\\\/sites\\\/33\\\/2017\\\/10\\\/cropped-Sem-t\u00edtulo-e1507234698751.png\",\"contentUrl\":\"https:\\\/\\\/wordpress.ft.unicamp.br\\\/laeg\\\/wp-content\\\/uploads\\\/sites\\\/33\\\/2017\\\/10\\\/cropped-Sem-t\u00edtulo-e1507234698751.png\",\"width\":1366,\"height\":109,\"caption\":\"LAEG\"},\"image\":{\"@id\":\"https:\\\/\\\/wordpress.ft.unicamp.br\\\/laeg\\\/#\\\/schema\\\/logo\\\/image\\\/\"}}]}<\/script>\n<!-- \/ Yoast SEO plugin. -->","yoast_head_json":{"title":"Livros Infanto-Juvenis - LAEG","robots":{"index":"index","follow":"follow","max-snippet":"max-snippet:-1","max-image-preview":"max-image-preview:large","max-video-preview":"max-video-preview:-1"},"canonical":"https:\/\/wordpress.ft.unicamp.br\/laeg\/livros-infanto-juvenis\/","og_locale":"pt_BR","og_type":"article","og_title":"Livros Infanto-Juvenis - LAEG","og_description":"A obra &#8220;Tudo Depende&#8221; conta\u00a0a hist\u00f3ria de Clarice, que observa e questiona h\u00e1bitos culturais da sociedade. A curiosidade e a reflex\u00e3o permitem que ela se posicione e fa\u00e7a propostas consistentes diante de quest\u00f5es contradit\u00f3rias.\u00a0Ela ir\u00e1 se deparar com dilemas nos quais n\u00e3o conseguir\u00e1 escolher entre uma situa\u00e7\u00e3o e outra, sempre consciente de que ela mesma ... Ler mais","og_url":"https:\/\/wordpress.ft.unicamp.br\/laeg\/livros-infanto-juvenis\/","og_site_name":"LAEG","article_modified_time":"2017-11-30T14:04:09+00:00","og_image":[{"url":"http:\/\/wordpress.ft.unicamp.br\/laeg\/wp-content\/uploads\/sites\/33\/2017\/09\/Tudo-depende-235x300.png","type":"","width":"","height":""}],"twitter_card":"summary_large_image","twitter_misc":{"Est. tempo de leitura":"1 minuto"},"schema":{"@context":"https:\/\/schema.org","@graph":[{"@type":"WebPage","@id":"https:\/\/wordpress.ft.unicamp.br\/laeg\/livros-infanto-juvenis\/","url":"https:\/\/wordpress.ft.unicamp.br\/laeg\/livros-infanto-juvenis\/","name":"Livros Infanto-Juvenis - LAEG","isPartOf":{"@id":"https:\/\/wordpress.ft.unicamp.br\/laeg\/#website"},"primaryImageOfPage":{"@id":"https:\/\/wordpress.ft.unicamp.br\/laeg\/livros-infanto-juvenis\/#primaryimage"},"image":{"@id":"https:\/\/wordpress.ft.unicamp.br\/laeg\/livros-infanto-juvenis\/#primaryimage"},"thumbnailUrl":"http:\/\/wordpress.ft.unicamp.br\/laeg\/wp-content\/uploads\/sites\/33\/2017\/09\/Tudo-depende-235x300.png","datePublished":"2017-09-09T00:35:48+00:00","dateModified":"2017-11-30T14:04:09+00:00","breadcrumb":{"@id":"https:\/\/wordpress.ft.unicamp.br\/laeg\/livros-infanto-juvenis\/#breadcrumb"},"inLanguage":"pt-BR","potentialAction":[{"@type":"ReadAction","target":["https:\/\/wordpress.ft.unicamp.br\/laeg\/livros-infanto-juvenis\/"]}]},{"@type":"ImageObject","inLanguage":"pt-BR","@id":"https:\/\/wordpress.ft.unicamp.br\/laeg\/livros-infanto-juvenis\/#primaryimage","url":"http:\/\/wordpress.ft.unicamp.br\/laeg\/wp-content\/uploads\/sites\/33\/2017\/09\/Tudo-depende-235x300.png","contentUrl":"http:\/\/wordpress.ft.unicamp.br\/laeg\/wp-content\/uploads\/sites\/33\/2017\/09\/Tudo-depende-235x300.png"},{"@type":"BreadcrumbList","@id":"https:\/\/wordpress.ft.unicamp.br\/laeg\/livros-infanto-juvenis\/#breadcrumb","itemListElement":[{"@type":"ListItem","position":1,"name":"Home","item":"https:\/\/wordpress.ft.unicamp.br\/laeg\/"},{"@type":"ListItem","position":2,"name":"Livros Infanto-Juvenis"}]},{"@type":"WebSite","@id":"https:\/\/wordpress.ft.unicamp.br\/laeg\/#website","url":"https:\/\/wordpress.ft.unicamp.br\/laeg\/","name":"LAEG","description":"Ecotoxicology and Genotoxicity Laboratory","publisher":{"@id":"https:\/\/wordpress.ft.unicamp.br\/laeg\/#organization"},"potentialAction":[{"@type":"SearchAction","target":{"@type":"EntryPoint","urlTemplate":"https:\/\/wordpress.ft.unicamp.br\/laeg\/?s={search_term_string}"},"query-input":{"@type":"PropertyValueSpecification","valueRequired":true,"valueName":"search_term_string"}}],"inLanguage":"pt-BR"},{"@type":"Organization","@id":"https:\/\/wordpress.ft.unicamp.br\/laeg\/#organization","name":"LAEG","url":"https:\/\/wordpress.ft.unicamp.br\/laeg\/","logo":{"@type":"ImageObject","inLanguage":"pt-BR","@id":"https:\/\/wordpress.ft.unicamp.br\/laeg\/#\/schema\/logo\/image\/","url":"https:\/\/wordpress.ft.unicamp.br\/laeg\/wp-content\/uploads\/sites\/33\/2017\/10\/cropped-Sem-t\u00edtulo-e1507234698751.png","contentUrl":"https:\/\/wordpress.ft.unicamp.br\/laeg\/wp-content\/uploads\/sites\/33\/2017\/10\/cropped-Sem-t\u00edtulo-e1507234698751.png","width":1366,"height":109,"caption":"LAEG"},"image":{"@id":"https:\/\/wordpress.ft.unicamp.br\/laeg\/#\/schema\/logo\/image\/"}}]}},"_links":{"self":[{"href":"https:\/\/wordpress.ft.unicamp.br\/laeg\/wp-json\/wp\/v2\/pages\/244","targetHints":{"allow":["GET"]}}],"collection":[{"href":"https:\/\/wordpress.ft.unicamp.br\/laeg\/wp-json\/wp\/v2\/pages"}],"about":[{"href":"https:\/\/wordpress.ft.unicamp.br\/laeg\/wp-json\/wp\/v2\/types\/page"}],"author":[{"embeddable":true,"href":"https:\/\/wordpress.ft.unicamp.br\/laeg\/wp-json\/wp\/v2\/users\/23"}],"replies":[{"embeddable":true,"href":"https:\/\/wordpress.ft.unicamp.br\/laeg\/wp-json\/wp\/v2\/comments?post=244"}],"version-history":[{"count":9,"href":"https:\/\/wordpress.ft.unicamp.br\/laeg\/wp-json\/wp\/v2\/pages\/244\/revisions"}],"predecessor-version":[{"id":899,"href":"https:\/\/wordpress.ft.unicamp.br\/laeg\/wp-json\/wp\/v2\/pages\/244\/revisions\/899"}],"wp:attachment":[{"href":"https:\/\/wordpress.ft.unicamp.br\/laeg\/wp-json\/wp\/v2\/media?parent=244"}],"curies":[{"name":"wp","href":"https:\/\/api.w.org\/{rel}","templated":true}]}}