{"id":260,"date":"2017-09-09T00:56:57","date_gmt":"2017-09-09T00:56:57","guid":{"rendered":"http:\/\/wordpress.ft.unicamp.br\/laeg\/?page_id=260"},"modified":"2018-03-09T13:34:46","modified_gmt":"2018-03-09T13:34:46","slug":"jogos","status":"publish","type":"page","link":"https:\/\/wordpress.ft.unicamp.br\/laeg\/jogos\/","title":{"rendered":"Projetos Educacionais"},"content":{"rendered":"<h4><img decoding=\"async\" class=\"wp-image-543 alignleft\" src=\"http:\/\/wordpress.ft.unicamp.br\/laeg\/wp-content\/uploads\/sites\/33\/2017\/09\/Sem-t\u00edtulo-2.png\" alt=\"\" width=\"200\" height=\"201\" srcset=\"https:\/\/wordpress.ft.unicamp.br\/laeg\/wp-content\/uploads\/sites\/33\/2017\/09\/Sem-t\u00edtulo-2.png 468w, https:\/\/wordpress.ft.unicamp.br\/laeg\/wp-content\/uploads\/sites\/33\/2017\/09\/Sem-t\u00edtulo-2-150x150.png 150w, https:\/\/wordpress.ft.unicamp.br\/laeg\/wp-content\/uploads\/sites\/33\/2017\/09\/Sem-t\u00edtulo-2-300x300.png 300w\" sizes=\"(max-width: 200px) 100vw, 200px\" \/><strong>Desenvolvimento de Jogo Educativo Sobre Agrot\u00f3xicos em Alimento<\/strong><\/h4>\n<p><a href=\"http:\/\/wordpress.ft.unicamp.br\/laeg\/wp-content\/uploads\/sites\/33\/2017\/09\/jogoAgrotoxicos.pdf\">Baixar arquivo<\/a><\/p>\n<p>&nbsp;<\/p>\n<p style=\"text-align: justify\"><span style=\"margin: 0px;line-height: 107%;font-family: 'Arial',sans-serif;font-size: 12pt\">J<\/span><span style=\"margin: 0px;line-height: 107%;font-family: 'Arial',sans-serif;font-size: 12pt\">ogo educativo no qual \u00e9 poss\u00edvel compreender melhor os importantes conceitos toxicol\u00f3gicos envolvidos no tema agrot\u00f3xicos em alimentos, como Limite M\u00e1ximo de Res\u00edduo e Ingest\u00e3o Di\u00e1ria Aceit\u00e1vel.<\/span><\/p>\n<h4><\/h4>\n<h4><\/h4>\n<p>&nbsp;<\/p>\n<p>&nbsp;<\/p>\n<h4><span style=\"font-size: 12pt\"><span style=\"margin: 0px;line-height: 107%;font-family: 'Arial',sans-serif\"><img decoding=\"async\" class=\"wp-image-533 alignright\" src=\"http:\/\/wordpress.ft.unicamp.br\/laeg\/wp-content\/uploads\/sites\/33\/2017\/09\/Sem-t\u00edtulo.png\" alt=\"\" width=\"235\" height=\"174\" srcset=\"https:\/\/wordpress.ft.unicamp.br\/laeg\/wp-content\/uploads\/sites\/33\/2017\/09\/Sem-t\u00edtulo.png 517w, https:\/\/wordpress.ft.unicamp.br\/laeg\/wp-content\/uploads\/sites\/33\/2017\/09\/Sem-t\u00edtulo-300x222.png 300w\" sizes=\"(max-width: 235px) 100vw, 235px\" \/><strong>Desenvolvimento de um Kit Educacional para Constru\u00e7\u00e3o de Conceitos de Toxicologia Utilizando Experimento com Plantas<\/strong> <\/span><\/span><\/h4>\n<p><span style=\"font-size: 12pt\"><span style=\"margin: 0px;line-height: 107%;font-family: 'Arial',sans-serif\"><a href=\"http:\/\/wordpress.ft.unicamp.br\/laeg\/wp-content\/uploads\/sites\/33\/2017\/09\/Desenvolvimento-de-um-Kit-Educacional-para-Constru\u00e7\u00e3o-de-Conceitos-de-Toxicologia-Utilizando-Experimento-com-Plantas.pdf\" target=\"_blank\" rel=\"noopener\">Baixar arquivo<\/a><\/span><\/span><\/p>\n<p style=\"text-align: justify\"><span style=\"margin: 0px;line-height: 107%;font-family: 'Arial',sans-serif;font-size: 12pt\">Com as sementes de alface, pe<\/span><span style=\"margin: 0px;line-height: 107%;font-family: 'Arial',sans-serif;font-size: 12pt\">pino, couve e produtos base previamente testados, estruturou-se um kit, contendo materiais b\u00e1sicos necess\u00e1rios para aplica\u00e7\u00e3o do teste, um protocolo explicativo e um texto base sobre toxicologia para melhor entendimento dos seus conceitos b\u00e1sicos.<\/span><\/p>\n","protected":false},"excerpt":{"rendered":"<p>Desenvolvimento de Jogo Educativo Sobre Agrot\u00f3xicos em Alimento Baixar arquivo &nbsp; Jogo educativo no qual \u00e9 poss\u00edvel compreender melhor os importantes conceitos toxicol\u00f3gicos envolvidos no tema agrot\u00f3xicos em alimentos, como Limite M\u00e1ximo de Res\u00edduo e Ingest\u00e3o Di\u00e1ria Aceit\u00e1vel. &nbsp; &nbsp; Desenvolvimento de um Kit Educacional para Constru\u00e7\u00e3o de Conceitos de Toxicologia Utilizando Experimento com Plantas &#8230; <a title=\"Projetos Educacionais\" class=\"read-more\" href=\"https:\/\/wordpress.ft.unicamp.br\/laeg\/jogos\/\" aria-label=\"Read more about Projetos Educacionais\">Ler mais<\/a><\/p>\n","protected":false},"author":23,"featured_media":0,"parent":0,"menu_order":0,"comment_status":"closed","ping_status":"closed","template":"","meta":{"footnotes":""},"class_list":["post-260","page","type-page","status-publish"],"yoast_head":"<!-- This site is optimized with the Yoast SEO plugin v27.5 - https:\/\/yoast.com\/product\/yoast-seo-wordpress\/ -->\n<title>Projetos Educacionais - LAEG<\/title>\n<meta name=\"robots\" content=\"index, follow, max-snippet:-1, max-image-preview:large, max-video-preview:-1\" \/>\n<link rel=\"canonical\" href=\"https:\/\/wordpress.ft.unicamp.br\/laeg\/jogos\/\" \/>\n<meta property=\"og:locale\" content=\"pt_BR\" \/>\n<meta property=\"og:type\" content=\"article\" \/>\n<meta property=\"og:title\" content=\"Projetos Educacionais - LAEG\" \/>\n<meta property=\"og:description\" content=\"Desenvolvimento de Jogo Educativo Sobre Agrot\u00f3xicos em Alimento Baixar arquivo &nbsp; Jogo educativo no qual \u00e9 poss\u00edvel compreender melhor os importantes conceitos toxicol\u00f3gicos envolvidos no tema agrot\u00f3xicos em alimentos, como Limite M\u00e1ximo de Res\u00edduo e Ingest\u00e3o Di\u00e1ria Aceit\u00e1vel. &nbsp; &nbsp; Desenvolvimento de um Kit Educacional para Constru\u00e7\u00e3o de Conceitos de Toxicologia Utilizando Experimento com Plantas ... Ler mais\" \/>\n<meta property=\"og:url\" content=\"https:\/\/wordpress.ft.unicamp.br\/laeg\/jogos\/\" \/>\n<meta property=\"og:site_name\" content=\"LAEG\" \/>\n<meta property=\"article:modified_time\" content=\"2018-03-09T13:34:46+00:00\" \/>\n<meta property=\"og:image\" content=\"http:\/\/wordpress.ft.unicamp.br\/laeg\/wp-content\/uploads\/sites\/33\/2017\/09\/Sem-t\u00edtulo-2.png\" \/>\n<meta name=\"twitter:card\" content=\"summary_large_image\" \/>\n<meta name=\"twitter:label1\" content=\"Est. tempo de leitura\" \/>\n\t<meta name=\"twitter:data1\" content=\"1 minuto\" \/>\n<script type=\"application\/ld+json\" class=\"yoast-schema-graph\">{\"@context\":\"https:\\\/\\\/schema.org\",\"@graph\":[{\"@type\":\"WebPage\",\"@id\":\"https:\\\/\\\/wordpress.ft.unicamp.br\\\/laeg\\\/jogos\\\/\",\"url\":\"https:\\\/\\\/wordpress.ft.unicamp.br\\\/laeg\\\/jogos\\\/\",\"name\":\"Projetos Educacionais - LAEG\",\"isPartOf\":{\"@id\":\"https:\\\/\\\/wordpress.ft.unicamp.br\\\/laeg\\\/#website\"},\"datePublished\":\"2017-09-09T00:56:57+00:00\",\"dateModified\":\"2018-03-09T13:34:46+00:00\",\"breadcrumb\":{\"@id\":\"https:\\\/\\\/wordpress.ft.unicamp.br\\\/laeg\\\/jogos\\\/#breadcrumb\"},\"inLanguage\":\"pt-BR\",\"potentialAction\":[{\"@type\":\"ReadAction\",\"target\":[\"https:\\\/\\\/wordpress.ft.unicamp.br\\\/laeg\\\/jogos\\\/\"]}]},{\"@type\":\"BreadcrumbList\",\"@id\":\"https:\\\/\\\/wordpress.ft.unicamp.br\\\/laeg\\\/jogos\\\/#breadcrumb\",\"itemListElement\":[{\"@type\":\"ListItem\",\"position\":1,\"name\":\"Home\",\"item\":\"https:\\\/\\\/wordpress.ft.unicamp.br\\\/laeg\\\/\"},{\"@type\":\"ListItem\",\"position\":2,\"name\":\"Projetos Educacionais\"}]},{\"@type\":\"WebSite\",\"@id\":\"https:\\\/\\\/wordpress.ft.unicamp.br\\\/laeg\\\/#website\",\"url\":\"https:\\\/\\\/wordpress.ft.unicamp.br\\\/laeg\\\/\",\"name\":\"LAEG\",\"description\":\"Ecotoxicology and Genotoxicity Laboratory\",\"publisher\":{\"@id\":\"https:\\\/\\\/wordpress.ft.unicamp.br\\\/laeg\\\/#organization\"},\"potentialAction\":[{\"@type\":\"SearchAction\",\"target\":{\"@type\":\"EntryPoint\",\"urlTemplate\":\"https:\\\/\\\/wordpress.ft.unicamp.br\\\/laeg\\\/?s={search_term_string}\"},\"query-input\":{\"@type\":\"PropertyValueSpecification\",\"valueRequired\":true,\"valueName\":\"search_term_string\"}}],\"inLanguage\":\"pt-BR\"},{\"@type\":\"Organization\",\"@id\":\"https:\\\/\\\/wordpress.ft.unicamp.br\\\/laeg\\\/#organization\",\"name\":\"LAEG\",\"url\":\"https:\\\/\\\/wordpress.ft.unicamp.br\\\/laeg\\\/\",\"logo\":{\"@type\":\"ImageObject\",\"inLanguage\":\"pt-BR\",\"@id\":\"https:\\\/\\\/wordpress.ft.unicamp.br\\\/laeg\\\/#\\\/schema\\\/logo\\\/image\\\/\",\"url\":\"https:\\\/\\\/wordpress.ft.unicamp.br\\\/laeg\\\/wp-content\\\/uploads\\\/sites\\\/33\\\/2017\\\/10\\\/cropped-Sem-t\u00edtulo-e1507234698751.png\",\"contentUrl\":\"https:\\\/\\\/wordpress.ft.unicamp.br\\\/laeg\\\/wp-content\\\/uploads\\\/sites\\\/33\\\/2017\\\/10\\\/cropped-Sem-t\u00edtulo-e1507234698751.png\",\"width\":1366,\"height\":109,\"caption\":\"LAEG\"},\"image\":{\"@id\":\"https:\\\/\\\/wordpress.ft.unicamp.br\\\/laeg\\\/#\\\/schema\\\/logo\\\/image\\\/\"}}]}<\/script>\n<!-- \/ Yoast SEO plugin. -->","yoast_head_json":{"title":"Projetos Educacionais - LAEG","robots":{"index":"index","follow":"follow","max-snippet":"max-snippet:-1","max-image-preview":"max-image-preview:large","max-video-preview":"max-video-preview:-1"},"canonical":"https:\/\/wordpress.ft.unicamp.br\/laeg\/jogos\/","og_locale":"pt_BR","og_type":"article","og_title":"Projetos Educacionais - LAEG","og_description":"Desenvolvimento de Jogo Educativo Sobre Agrot\u00f3xicos em Alimento Baixar arquivo &nbsp; Jogo educativo no qual \u00e9 poss\u00edvel compreender melhor os importantes conceitos toxicol\u00f3gicos envolvidos no tema agrot\u00f3xicos em alimentos, como Limite M\u00e1ximo de Res\u00edduo e Ingest\u00e3o Di\u00e1ria Aceit\u00e1vel. &nbsp; &nbsp; Desenvolvimento de um Kit Educacional para Constru\u00e7\u00e3o de Conceitos de Toxicologia Utilizando Experimento com Plantas ... Ler mais","og_url":"https:\/\/wordpress.ft.unicamp.br\/laeg\/jogos\/","og_site_name":"LAEG","article_modified_time":"2018-03-09T13:34:46+00:00","og_image":[{"url":"http:\/\/wordpress.ft.unicamp.br\/laeg\/wp-content\/uploads\/sites\/33\/2017\/09\/Sem-t\u00edtulo-2.png","type":"","width":"","height":""}],"twitter_card":"summary_large_image","twitter_misc":{"Est. tempo de leitura":"1 minuto"},"schema":{"@context":"https:\/\/schema.org","@graph":[{"@type":"WebPage","@id":"https:\/\/wordpress.ft.unicamp.br\/laeg\/jogos\/","url":"https:\/\/wordpress.ft.unicamp.br\/laeg\/jogos\/","name":"Projetos Educacionais - LAEG","isPartOf":{"@id":"https:\/\/wordpress.ft.unicamp.br\/laeg\/#website"},"datePublished":"2017-09-09T00:56:57+00:00","dateModified":"2018-03-09T13:34:46+00:00","breadcrumb":{"@id":"https:\/\/wordpress.ft.unicamp.br\/laeg\/jogos\/#breadcrumb"},"inLanguage":"pt-BR","potentialAction":[{"@type":"ReadAction","target":["https:\/\/wordpress.ft.unicamp.br\/laeg\/jogos\/"]}]},{"@type":"BreadcrumbList","@id":"https:\/\/wordpress.ft.unicamp.br\/laeg\/jogos\/#breadcrumb","itemListElement":[{"@type":"ListItem","position":1,"name":"Home","item":"https:\/\/wordpress.ft.unicamp.br\/laeg\/"},{"@type":"ListItem","position":2,"name":"Projetos Educacionais"}]},{"@type":"WebSite","@id":"https:\/\/wordpress.ft.unicamp.br\/laeg\/#website","url":"https:\/\/wordpress.ft.unicamp.br\/laeg\/","name":"LAEG","description":"Ecotoxicology and Genotoxicity Laboratory","publisher":{"@id":"https:\/\/wordpress.ft.unicamp.br\/laeg\/#organization"},"potentialAction":[{"@type":"SearchAction","target":{"@type":"EntryPoint","urlTemplate":"https:\/\/wordpress.ft.unicamp.br\/laeg\/?s={search_term_string}"},"query-input":{"@type":"PropertyValueSpecification","valueRequired":true,"valueName":"search_term_string"}}],"inLanguage":"pt-BR"},{"@type":"Organization","@id":"https:\/\/wordpress.ft.unicamp.br\/laeg\/#organization","name":"LAEG","url":"https:\/\/wordpress.ft.unicamp.br\/laeg\/","logo":{"@type":"ImageObject","inLanguage":"pt-BR","@id":"https:\/\/wordpress.ft.unicamp.br\/laeg\/#\/schema\/logo\/image\/","url":"https:\/\/wordpress.ft.unicamp.br\/laeg\/wp-content\/uploads\/sites\/33\/2017\/10\/cropped-Sem-t\u00edtulo-e1507234698751.png","contentUrl":"https:\/\/wordpress.ft.unicamp.br\/laeg\/wp-content\/uploads\/sites\/33\/2017\/10\/cropped-Sem-t\u00edtulo-e1507234698751.png","width":1366,"height":109,"caption":"LAEG"},"image":{"@id":"https:\/\/wordpress.ft.unicamp.br\/laeg\/#\/schema\/logo\/image\/"}}]}},"_links":{"self":[{"href":"https:\/\/wordpress.ft.unicamp.br\/laeg\/wp-json\/wp\/v2\/pages\/260","targetHints":{"allow":["GET"]}}],"collection":[{"href":"https:\/\/wordpress.ft.unicamp.br\/laeg\/wp-json\/wp\/v2\/pages"}],"about":[{"href":"https:\/\/wordpress.ft.unicamp.br\/laeg\/wp-json\/wp\/v2\/types\/page"}],"author":[{"embeddable":true,"href":"https:\/\/wordpress.ft.unicamp.br\/laeg\/wp-json\/wp\/v2\/users\/23"}],"replies":[{"embeddable":true,"href":"https:\/\/wordpress.ft.unicamp.br\/laeg\/wp-json\/wp\/v2\/comments?post=260"}],"version-history":[{"count":22,"href":"https:\/\/wordpress.ft.unicamp.br\/laeg\/wp-json\/wp\/v2\/pages\/260\/revisions"}],"predecessor-version":[{"id":1343,"href":"https:\/\/wordpress.ft.unicamp.br\/laeg\/wp-json\/wp\/v2\/pages\/260\/revisions\/1343"}],"wp:attachment":[{"href":"https:\/\/wordpress.ft.unicamp.br\/laeg\/wp-json\/wp\/v2\/media?parent=260"}],"curies":[{"name":"wp","href":"https:\/\/api.w.org\/{rel}","templated":true}]}}