{"id":494,"date":"2017-10-05T18:55:09","date_gmt":"2017-10-05T18:55:09","guid":{"rendered":"http:\/\/wordpress.ft.unicamp.br\/laeg\/?page_id=494"},"modified":"2023-10-18T17:22:25","modified_gmt":"2023-10-18T17:22:25","slug":"trabalhe-conosco","status":"publish","type":"page","link":"https:\/\/wordpress.ft.unicamp.br\/laeg\/trabalhe-conosco\/","title":{"rendered":"Trabalhe conosco"},"content":{"rendered":"\n<div class=\"wp-block-columns is-layout-flex wp-container-core-columns-is-layout-9d6595d7 wp-block-columns-is-layout-flex\">\n<div class=\"wp-block-column is-layout-flow wp-block-column-is-layout-flow\"><div class=\"wp-block-image\">\n<figure class=\"aligncenter size-large is-resized\"><img fetchpriority=\"high\" decoding=\"async\" width=\"1024\" height=\"676\" src=\"http:\/\/wordpress.ft.unicamp.br\/laeg\/wp-content\/uploads\/sites\/33\/2017\/10\/Sem-t\u00edtulo4-1024x676.png\" alt=\"\" class=\"wp-image-740\" style=\"aspect-ratio:1.514792899408284;width:388px;height:auto\" srcset=\"https:\/\/wordpress.ft.unicamp.br\/laeg\/wp-content\/uploads\/sites\/33\/2017\/10\/Sem-t\u00edtulo4-1024x676.png 1024w, https:\/\/wordpress.ft.unicamp.br\/laeg\/wp-content\/uploads\/sites\/33\/2017\/10\/Sem-t\u00edtulo4-300x198.png 300w, https:\/\/wordpress.ft.unicamp.br\/laeg\/wp-content\/uploads\/sites\/33\/2017\/10\/Sem-t\u00edtulo4-768x507.png 768w, https:\/\/wordpress.ft.unicamp.br\/laeg\/wp-content\/uploads\/sites\/33\/2017\/10\/Sem-t\u00edtulo4.png 1063w\" sizes=\"(max-width: 1024px) 100vw, 1024px\" \/><\/figure>\n<\/div>\n\n\n<div style=\"height:20px\" aria-hidden=\"true\" class=\"wp-block-spacer\"><\/div>\n\n\n\n<h2 class=\"wp-block-heading has-text-align-center\">Seja um aluno de p\u00f3s-gradua\u00e7\u00e3o<\/h2>\n\n\n\n<p class=\"has-text-align-center\"><a href=\"https:\/\/www.fcm.unicamp.br\/posgraduacao\/farmacologia\/corpo-docente-e-linhas-de-pesquisa\">Farmacologia e toxicologia<\/a><br><a href=\"https:\/\/www.ft.unicamp.br\/pt-br\/posgraduacao\">Tecnologia &#8211; \u00c1rea ambiental<\/a><\/p>\n<\/div>\n\n\n\n<div class=\"wp-block-column is-layout-flow wp-block-column-is-layout-flow\"><div class=\"wp-block-image\">\n<figure class=\"aligncenter size-large is-resized\"><img decoding=\"async\" width=\"1024\" height=\"677\" src=\"http:\/\/wordpress.ft.unicamp.br\/laeg\/wp-content\/uploads\/sites\/33\/2017\/10\/Sem-t\u00edtulo1-1024x677.png\" alt=\"\" class=\"wp-image-741\" style=\"aspect-ratio:1.5125553914327918;width:392px;height:auto\" srcset=\"https:\/\/wordpress.ft.unicamp.br\/laeg\/wp-content\/uploads\/sites\/33\/2017\/10\/Sem-t\u00edtulo1-1024x677.png 1024w, https:\/\/wordpress.ft.unicamp.br\/laeg\/wp-content\/uploads\/sites\/33\/2017\/10\/Sem-t\u00edtulo1-300x198.png 300w, https:\/\/wordpress.ft.unicamp.br\/laeg\/wp-content\/uploads\/sites\/33\/2017\/10\/Sem-t\u00edtulo1-768x508.png 768w, https:\/\/wordpress.ft.unicamp.br\/laeg\/wp-content\/uploads\/sites\/33\/2017\/10\/Sem-t\u00edtulo1.png 1066w\" sizes=\"(max-width: 1024px) 100vw, 1024px\" \/><\/figure>\n<\/div>\n\n\n<div style=\"height:20px\" aria-hidden=\"true\" class=\"wp-block-spacer\"><\/div>\n\n\n\n<h2 class=\"wp-block-heading has-text-align-center\">Seja um aluno de Inicia\u00e7\u00e3o Cient\u00edfica<\/h2>\n\n\n\n<p class=\"has-text-align-center\"><a href=\"https:\/\/fapesp.br\/bolsas\/ic\">FAPESP<\/a><br><a href=\"https:\/\/www.prp.unicamp.br\/iniciacao-cientifica\/pibic-pibiti\/programas\/\">PIBIC<\/a><\/p>\n<\/div>\n<\/div>\n\n\n\n<div class=\"wp-block-columns is-layout-flex wp-container-core-columns-is-layout-9d6595d7 wp-block-columns-is-layout-flex\">\n<div class=\"wp-block-column is-layout-flow wp-block-column-is-layout-flow\"><div class=\"wp-block-image\">\n<figure class=\"aligncenter size-full is-resized\"><img decoding=\"async\" width=\"916\" height=\"559\" src=\"http:\/\/wordpress.ft.unicamp.br\/laeg\/wp-content\/uploads\/sites\/33\/2017\/10\/Sem-t\u00edtulo3.png\" alt=\"\" class=\"wp-image-743\" style=\"aspect-ratio:1.6386404293381038;width:390px;height:auto\" srcset=\"https:\/\/wordpress.ft.unicamp.br\/laeg\/wp-content\/uploads\/sites\/33\/2017\/10\/Sem-t\u00edtulo3.png 916w, https:\/\/wordpress.ft.unicamp.br\/laeg\/wp-content\/uploads\/sites\/33\/2017\/10\/Sem-t\u00edtulo3-300x183.png 300w, https:\/\/wordpress.ft.unicamp.br\/laeg\/wp-content\/uploads\/sites\/33\/2017\/10\/Sem-t\u00edtulo3-768x469.png 768w\" sizes=\"(max-width: 916px) 100vw, 916px\" \/><\/figure>\n<\/div>\n\n\n<div style=\"height:20px\" aria-hidden=\"true\" class=\"wp-block-spacer\"><\/div>\n\n\n\n<h2 class=\"wp-block-heading has-text-align-center\">Seja um bolsista SAE<\/h2>\n\n\n\n<p class=\"has-text-align-center\"><a href=\"https:\/\/www.sae.unicamp.br\/servicosocial\/bolsas\">SAE<\/a><\/p>\n<\/div>\n\n\n\n<div class=\"wp-block-column is-layout-flow wp-block-column-is-layout-flow\"><div class=\"wp-block-image\">\n<figure class=\"aligncenter size-full is-resized\"><img loading=\"lazy\" decoding=\"async\" width=\"907\" height=\"597\" src=\"http:\/\/wordpress.ft.unicamp.br\/laeg\/wp-content\/uploads\/sites\/33\/2017\/10\/Sem-t\u00edtulo2.png\" alt=\"\" class=\"wp-image-744\" style=\"aspect-ratio:1.5192629815745393;width:363px;height:auto\" srcset=\"https:\/\/wordpress.ft.unicamp.br\/laeg\/wp-content\/uploads\/sites\/33\/2017\/10\/Sem-t\u00edtulo2.png 907w, https:\/\/wordpress.ft.unicamp.br\/laeg\/wp-content\/uploads\/sites\/33\/2017\/10\/Sem-t\u00edtulo2-300x197.png 300w, https:\/\/wordpress.ft.unicamp.br\/laeg\/wp-content\/uploads\/sites\/33\/2017\/10\/Sem-t\u00edtulo2-768x506.png 768w\" sizes=\"(max-width: 907px) 100vw, 907px\" \/><\/figure>\n<\/div>\n\n\n<div style=\"height:20px\" aria-hidden=\"true\" class=\"wp-block-spacer\"><\/div>\n\n\n\n<h2 class=\"wp-block-heading has-text-align-center\">Seja um volunt\u00e1rio<\/h2>\n\n\n\n<p class=\"has-text-align-center\">Envie uma <a href=\"https:\/\/wordpress.ft.unicamp.br\/laeg\/contato\/\">mensagem<\/a> indicando seu interesse e disponibilidade<\/p>\n<\/div>\n<\/div>\n\n\n<\/p>","protected":false},"excerpt":{"rendered":"<p>Seja um aluno de p\u00f3s-gradua\u00e7\u00e3o Farmacologia e toxicologiaTecnologia &#8211; \u00c1rea ambiental Seja um aluno de Inicia\u00e7\u00e3o Cient\u00edfica FAPESPPIBIC Seja um bolsista SAE SAE Seja um volunt\u00e1rio Envie uma mensagem indicando seu interesse e disponibilidade<\/p>\n","protected":false},"author":23,"featured_media":0,"parent":0,"menu_order":0,"comment_status":"closed","ping_status":"closed","template":"","meta":{"footnotes":""},"class_list":["post-494","page","type-page","status-publish"],"yoast_head":"<!-- This site is optimized with the Yoast SEO plugin v27.5 - https:\/\/yoast.com\/product\/yoast-seo-wordpress\/ -->\n<title>Trabalhe conosco - LAEG<\/title>\n<meta name=\"robots\" content=\"index, follow, max-snippet:-1, max-image-preview:large, max-video-preview:-1\" \/>\n<link rel=\"canonical\" href=\"https:\/\/wordpress.ft.unicamp.br\/laeg\/trabalhe-conosco\/\" \/>\n<meta property=\"og:locale\" content=\"pt_BR\" \/>\n<meta property=\"og:type\" content=\"article\" \/>\n<meta property=\"og:title\" content=\"Trabalhe conosco - LAEG\" \/>\n<meta property=\"og:description\" content=\"Seja um aluno de p\u00f3s-gradua\u00e7\u00e3o Farmacologia e toxicologiaTecnologia &#8211; \u00c1rea ambiental Seja um aluno de Inicia\u00e7\u00e3o Cient\u00edfica FAPESPPIBIC Seja um bolsista SAE SAE Seja um volunt\u00e1rio Envie uma mensagem indicando seu interesse e disponibilidade\" \/>\n<meta property=\"og:url\" content=\"https:\/\/wordpress.ft.unicamp.br\/laeg\/trabalhe-conosco\/\" \/>\n<meta property=\"og:site_name\" content=\"LAEG\" \/>\n<meta property=\"article:modified_time\" content=\"2023-10-18T17:22:25+00:00\" \/>\n<meta name=\"twitter:card\" content=\"summary_large_image\" \/>\n<meta name=\"twitter:label1\" content=\"Est. tempo de leitura\" \/>\n\t<meta name=\"twitter:data1\" content=\"1 minuto\" \/>\n<script type=\"application\/ld+json\" class=\"yoast-schema-graph\">{\"@context\":\"https:\\\/\\\/schema.org\",\"@graph\":[{\"@type\":\"WebPage\",\"@id\":\"https:\\\/\\\/wordpress.ft.unicamp.br\\\/laeg\\\/trabalhe-conosco\\\/\",\"url\":\"https:\\\/\\\/wordpress.ft.unicamp.br\\\/laeg\\\/trabalhe-conosco\\\/\",\"name\":\"Trabalhe conosco - LAEG\",\"isPartOf\":{\"@id\":\"https:\\\/\\\/wordpress.ft.unicamp.br\\\/laeg\\\/#website\"},\"datePublished\":\"2017-10-05T18:55:09+00:00\",\"dateModified\":\"2023-10-18T17:22:25+00:00\",\"breadcrumb\":{\"@id\":\"https:\\\/\\\/wordpress.ft.unicamp.br\\\/laeg\\\/trabalhe-conosco\\\/#breadcrumb\"},\"inLanguage\":\"pt-BR\",\"potentialAction\":[{\"@type\":\"ReadAction\",\"target\":[\"https:\\\/\\\/wordpress.ft.unicamp.br\\\/laeg\\\/trabalhe-conosco\\\/\"]}]},{\"@type\":\"BreadcrumbList\",\"@id\":\"https:\\\/\\\/wordpress.ft.unicamp.br\\\/laeg\\\/trabalhe-conosco\\\/#breadcrumb\",\"itemListElement\":[{\"@type\":\"ListItem\",\"position\":1,\"name\":\"Home\",\"item\":\"https:\\\/\\\/wordpress.ft.unicamp.br\\\/laeg\\\/\"},{\"@type\":\"ListItem\",\"position\":2,\"name\":\"Trabalhe conosco\"}]},{\"@type\":\"WebSite\",\"@id\":\"https:\\\/\\\/wordpress.ft.unicamp.br\\\/laeg\\\/#website\",\"url\":\"https:\\\/\\\/wordpress.ft.unicamp.br\\\/laeg\\\/\",\"name\":\"LAEG\",\"description\":\"Ecotoxicology and Genotoxicity Laboratory\",\"publisher\":{\"@id\":\"https:\\\/\\\/wordpress.ft.unicamp.br\\\/laeg\\\/#organization\"},\"potentialAction\":[{\"@type\":\"SearchAction\",\"target\":{\"@type\":\"EntryPoint\",\"urlTemplate\":\"https:\\\/\\\/wordpress.ft.unicamp.br\\\/laeg\\\/?s={search_term_string}\"},\"query-input\":{\"@type\":\"PropertyValueSpecification\",\"valueRequired\":true,\"valueName\":\"search_term_string\"}}],\"inLanguage\":\"pt-BR\"},{\"@type\":\"Organization\",\"@id\":\"https:\\\/\\\/wordpress.ft.unicamp.br\\\/laeg\\\/#organization\",\"name\":\"LAEG\",\"url\":\"https:\\\/\\\/wordpress.ft.unicamp.br\\\/laeg\\\/\",\"logo\":{\"@type\":\"ImageObject\",\"inLanguage\":\"pt-BR\",\"@id\":\"https:\\\/\\\/wordpress.ft.unicamp.br\\\/laeg\\\/#\\\/schema\\\/logo\\\/image\\\/\",\"url\":\"https:\\\/\\\/wordpress.ft.unicamp.br\\\/laeg\\\/wp-content\\\/uploads\\\/sites\\\/33\\\/2017\\\/10\\\/cropped-Sem-t\u00edtulo-e1507234698751.png\",\"contentUrl\":\"https:\\\/\\\/wordpress.ft.unicamp.br\\\/laeg\\\/wp-content\\\/uploads\\\/sites\\\/33\\\/2017\\\/10\\\/cropped-Sem-t\u00edtulo-e1507234698751.png\",\"width\":1366,\"height\":109,\"caption\":\"LAEG\"},\"image\":{\"@id\":\"https:\\\/\\\/wordpress.ft.unicamp.br\\\/laeg\\\/#\\\/schema\\\/logo\\\/image\\\/\"}}]}<\/script>\n<!-- \/ Yoast SEO plugin. -->","yoast_head_json":{"title":"Trabalhe conosco - LAEG","robots":{"index":"index","follow":"follow","max-snippet":"max-snippet:-1","max-image-preview":"max-image-preview:large","max-video-preview":"max-video-preview:-1"},"canonical":"https:\/\/wordpress.ft.unicamp.br\/laeg\/trabalhe-conosco\/","og_locale":"pt_BR","og_type":"article","og_title":"Trabalhe conosco - LAEG","og_description":"Seja um aluno de p\u00f3s-gradua\u00e7\u00e3o Farmacologia e toxicologiaTecnologia &#8211; \u00c1rea ambiental Seja um aluno de Inicia\u00e7\u00e3o Cient\u00edfica FAPESPPIBIC Seja um bolsista SAE SAE Seja um volunt\u00e1rio Envie uma mensagem indicando seu interesse e disponibilidade","og_url":"https:\/\/wordpress.ft.unicamp.br\/laeg\/trabalhe-conosco\/","og_site_name":"LAEG","article_modified_time":"2023-10-18T17:22:25+00:00","twitter_card":"summary_large_image","twitter_misc":{"Est. tempo de leitura":"1 minuto"},"schema":{"@context":"https:\/\/schema.org","@graph":[{"@type":"WebPage","@id":"https:\/\/wordpress.ft.unicamp.br\/laeg\/trabalhe-conosco\/","url":"https:\/\/wordpress.ft.unicamp.br\/laeg\/trabalhe-conosco\/","name":"Trabalhe conosco - LAEG","isPartOf":{"@id":"https:\/\/wordpress.ft.unicamp.br\/laeg\/#website"},"datePublished":"2017-10-05T18:55:09+00:00","dateModified":"2023-10-18T17:22:25+00:00","breadcrumb":{"@id":"https:\/\/wordpress.ft.unicamp.br\/laeg\/trabalhe-conosco\/#breadcrumb"},"inLanguage":"pt-BR","potentialAction":[{"@type":"ReadAction","target":["https:\/\/wordpress.ft.unicamp.br\/laeg\/trabalhe-conosco\/"]}]},{"@type":"BreadcrumbList","@id":"https:\/\/wordpress.ft.unicamp.br\/laeg\/trabalhe-conosco\/#breadcrumb","itemListElement":[{"@type":"ListItem","position":1,"name":"Home","item":"https:\/\/wordpress.ft.unicamp.br\/laeg\/"},{"@type":"ListItem","position":2,"name":"Trabalhe conosco"}]},{"@type":"WebSite","@id":"https:\/\/wordpress.ft.unicamp.br\/laeg\/#website","url":"https:\/\/wordpress.ft.unicamp.br\/laeg\/","name":"LAEG","description":"Ecotoxicology and Genotoxicity Laboratory","publisher":{"@id":"https:\/\/wordpress.ft.unicamp.br\/laeg\/#organization"},"potentialAction":[{"@type":"SearchAction","target":{"@type":"EntryPoint","urlTemplate":"https:\/\/wordpress.ft.unicamp.br\/laeg\/?s={search_term_string}"},"query-input":{"@type":"PropertyValueSpecification","valueRequired":true,"valueName":"search_term_string"}}],"inLanguage":"pt-BR"},{"@type":"Organization","@id":"https:\/\/wordpress.ft.unicamp.br\/laeg\/#organization","name":"LAEG","url":"https:\/\/wordpress.ft.unicamp.br\/laeg\/","logo":{"@type":"ImageObject","inLanguage":"pt-BR","@id":"https:\/\/wordpress.ft.unicamp.br\/laeg\/#\/schema\/logo\/image\/","url":"https:\/\/wordpress.ft.unicamp.br\/laeg\/wp-content\/uploads\/sites\/33\/2017\/10\/cropped-Sem-t\u00edtulo-e1507234698751.png","contentUrl":"https:\/\/wordpress.ft.unicamp.br\/laeg\/wp-content\/uploads\/sites\/33\/2017\/10\/cropped-Sem-t\u00edtulo-e1507234698751.png","width":1366,"height":109,"caption":"LAEG"},"image":{"@id":"https:\/\/wordpress.ft.unicamp.br\/laeg\/#\/schema\/logo\/image\/"}}]}},"_links":{"self":[{"href":"https:\/\/wordpress.ft.unicamp.br\/laeg\/wp-json\/wp\/v2\/pages\/494","targetHints":{"allow":["GET"]}}],"collection":[{"href":"https:\/\/wordpress.ft.unicamp.br\/laeg\/wp-json\/wp\/v2\/pages"}],"about":[{"href":"https:\/\/wordpress.ft.unicamp.br\/laeg\/wp-json\/wp\/v2\/types\/page"}],"author":[{"embeddable":true,"href":"https:\/\/wordpress.ft.unicamp.br\/laeg\/wp-json\/wp\/v2\/users\/23"}],"replies":[{"embeddable":true,"href":"https:\/\/wordpress.ft.unicamp.br\/laeg\/wp-json\/wp\/v2\/comments?post=494"}],"version-history":[{"count":45,"href":"https:\/\/wordpress.ft.unicamp.br\/laeg\/wp-json\/wp\/v2\/pages\/494\/revisions"}],"predecessor-version":[{"id":1486,"href":"https:\/\/wordpress.ft.unicamp.br\/laeg\/wp-json\/wp\/v2\/pages\/494\/revisions\/1486"}],"wp:attachment":[{"href":"https:\/\/wordpress.ft.unicamp.br\/laeg\/wp-json\/wp\/v2\/media?parent=494"}],"curies":[{"name":"wp","href":"https:\/\/api.w.org\/{rel}","templated":true}]}}