{"id":735,"date":"2017-11-09T00:34:58","date_gmt":"2017-11-09T00:34:58","guid":{"rendered":"http:\/\/wordpress.ft.unicamp.br\/laeg\/?page_id=735"},"modified":"2017-11-10T13:28:31","modified_gmt":"2017-11-10T13:28:31","slug":"cromatografia-liquida-em-uma-gota-e-seu-acoplamento-com-espectrometria-de-massas-estrategias-instrumentais-desenvolvimento-de-materiais-automatizacao-e-aplicacoes-analiticas","status":"publish","type":"page","link":"https:\/\/wordpress.ft.unicamp.br\/laeg\/cromatografia-liquida-em-uma-gota-e-seu-acoplamento-com-espectrometria-de-massas-estrategias-instrumentais-desenvolvimento-de-materiais-automatizacao-e-aplicacoes-analiticas\/","title":{"rendered":"Cromatografia l\u00edquida em uma gota e seu acoplamento com espectrometria de massas: estrat\u00e9gias instrumentais, desenvolvimento de materiais, automatiza\u00e7\u00e3o e aplica\u00e7\u00f5es anal\u00edticas"},"content":{"rendered":"<p><strong>Pesquisadora associada no LAEG:<\/strong> Gisela de Arag\u00e3o Umbuzeiro<\/p>\n<p><strong>Pesquisador principal:<\/strong> Fernando Mauro Lan\u00e7as<\/p>\n<p><strong>Per\u00edodo de Execu\u00e7\u00e3o: <\/strong>jul<strong>\/<\/strong>2017 &#8211; jun\/2022<\/p>\n<p><strong>Entidade Financiadora: <\/strong>Funda\u00e7\u00e3o de Amparo \u00e0 Pesquisa do Estado de S\u00e3o Paulo (FAPESP)<\/p>\n<p><strong>Integrantes: <\/strong>\u00c1lvaro Jos\u00e9 dos Santos Neto, Maria Eug\u00eania Queiroz Nassur, Gisela de Arag\u00e3o Umbuzeiro, Jos\u00e9 Alexandre de Souza Crippa, Jos\u00e9 Luiz da Costa, Marcelo Zaiat, Paulo Clairmont Feitosa de Lima Gomes, Vitor Tumas<\/p>\n<p><strong>Natureza:<\/strong> Pesquisa<\/p>\n<p>A motiva\u00e7\u00e3o principal dessa proposta centra-se no reconhecimento de que uma bem explorada associa\u00e7\u00e3o de micro t\u00e9cnicas cobrindo o preparo da amostras, a cromatografia e a espectrometria de massas exibe potencialidades concretas para ganhos em qualidade anal\u00edtica em conjunto com um respeito a preceitos da qu\u00edmica verde. Assim, de maneira objetiva, s\u00e3o previstos avan\u00e7os cobrindo desde aspectos fundamentais at\u00e9 aplica\u00e7\u00f5es a amostras reais de relev\u00e2ncia envolvendo essa associa\u00e7\u00e3o de micro t\u00e9cnicas de an\u00e1lise. Os seguintes t\u00f3picos ser\u00e3o destacados, em busca de uma concreta evolu\u00e7\u00e3o nas ci\u00eancias anal\u00edticas: i) a pesquisa de novos materiais, meios e estrat\u00e9gias aplicadas ao aumento do desempenho de micro extra\u00e7\u00f5es; ii) a inova\u00e7\u00e3o na automatiza\u00e7\u00e3o e associa\u00e7\u00e3o das t\u00e9cnicas anal\u00edticas de preparo de amostras, cromatografia e espectrometria de massas; iii) a busca por novas colunas cromatogr\u00e1ficas mais eficientes e robustas em micro e nano escalas e (v) a avalia\u00e7\u00e3o, desenvolvimento e aplica\u00e7\u00e3o do acoplamento das micro e nano colunas desenvolvidas com a espectrometria de massas para maior efici\u00eancia de ioniza\u00e7\u00e3o e capacidades de obten\u00e7\u00e3o de n\u00edveis de detec\u00e7\u00e3o sem precedentes a partir do uso de quantidades limitadas de amostras complexas. No quesito das aplica\u00e7\u00f5es em qu\u00edmica e \u00e1reas relacionadas, enfocaremos: i) aplica\u00e7\u00f5es biom\u00e9dicas para a an\u00e1lise de marcadores end\u00f3genos e f\u00e1rmacos\/drogas em fluidos biol\u00f3gicos; ii) aplica\u00e7\u00f5es ambientais no estudo da degrada\u00e7\u00e3o de f\u00e1rmacos e outros compostos emergentes em biorreatores; iii) aplica\u00e7\u00f5es ecotoxicol\u00f3gicas para monitorar a absor\u00e7\u00e3o de toxicantes por pequenos organismos aqu\u00e1ticos, correlacionando a informa\u00e7\u00e3o qu\u00edmica com outras observa\u00e7\u00f5es toxicol\u00f3gicas; iv) aplica\u00e7\u00f5es em seguran\u00e7a alimentar buscando-se m\u00e9todos mais r\u00e1pidos, eficientes e robustos para analitos e matrizes que apresentam severas dificuldades anal\u00edticas. (AU)<\/p>\n","protected":false},"excerpt":{"rendered":"<p>Pesquisadora associada no LAEG: Gisela de Arag\u00e3o Umbuzeiro Pesquisador principal: Fernando Mauro Lan\u00e7as Per\u00edodo de Execu\u00e7\u00e3o: jul\/2017 &#8211; jun\/2022 Entidade Financiadora: Funda\u00e7\u00e3o de Amparo \u00e0 Pesquisa do Estado de S\u00e3o Paulo (FAPESP) Integrantes: \u00c1lvaro Jos\u00e9 dos Santos Neto, Maria Eug\u00eania Queiroz Nassur, Gisela de Arag\u00e3o Umbuzeiro, Jos\u00e9 Alexandre de Souza Crippa, Jos\u00e9 Luiz da Costa, &#8230; <a title=\"Cromatografia l\u00edquida em uma gota e seu acoplamento com espectrometria de massas: estrat\u00e9gias instrumentais, desenvolvimento de materiais, automatiza\u00e7\u00e3o e aplica\u00e7\u00f5es anal\u00edticas\" class=\"read-more\" href=\"https:\/\/wordpress.ft.unicamp.br\/laeg\/cromatografia-liquida-em-uma-gota-e-seu-acoplamento-com-espectrometria-de-massas-estrategias-instrumentais-desenvolvimento-de-materiais-automatizacao-e-aplicacoes-analiticas\/\" aria-label=\"Read more about Cromatografia l\u00edquida em uma gota e seu acoplamento com espectrometria de massas: estrat\u00e9gias instrumentais, desenvolvimento de materiais, automatiza\u00e7\u00e3o e aplica\u00e7\u00f5es anal\u00edticas\">Ler mais<\/a><\/p>\n","protected":false},"author":23,"featured_media":0,"parent":0,"menu_order":0,"comment_status":"closed","ping_status":"closed","template":"","meta":{"footnotes":""},"class_list":["post-735","page","type-page","status-publish"],"yoast_head":"<!-- This site is optimized with the Yoast SEO plugin v27.3 - https:\/\/yoast.com\/product\/yoast-seo-wordpress\/ -->\n<title>Cromatografia l\u00edquida em uma gota e seu acoplamento com espectrometria de massas: estrat\u00e9gias instrumentais, desenvolvimento de materiais, automatiza\u00e7\u00e3o e aplica\u00e7\u00f5es anal\u00edticas - LAEG<\/title>\n<meta name=\"robots\" content=\"index, follow, max-snippet:-1, max-image-preview:large, max-video-preview:-1\" \/>\n<link rel=\"canonical\" href=\"https:\/\/wordpress.ft.unicamp.br\/laeg\/cromatografia-liquida-em-uma-gota-e-seu-acoplamento-com-espectrometria-de-massas-estrategias-instrumentais-desenvolvimento-de-materiais-automatizacao-e-aplicacoes-analiticas\/\" \/>\n<meta property=\"og:locale\" content=\"pt_BR\" \/>\n<meta property=\"og:type\" content=\"article\" \/>\n<meta property=\"og:title\" content=\"Cromatografia l\u00edquida em uma gota e seu acoplamento com espectrometria de massas: estrat\u00e9gias instrumentais, desenvolvimento de materiais, automatiza\u00e7\u00e3o e aplica\u00e7\u00f5es anal\u00edticas - LAEG\" \/>\n<meta property=\"og:description\" content=\"Pesquisadora associada no LAEG: Gisela de Arag\u00e3o Umbuzeiro Pesquisador principal: Fernando Mauro Lan\u00e7as Per\u00edodo de Execu\u00e7\u00e3o: jul\/2017 &#8211; jun\/2022 Entidade Financiadora: Funda\u00e7\u00e3o de Amparo \u00e0 Pesquisa do Estado de S\u00e3o Paulo (FAPESP) Integrantes: \u00c1lvaro Jos\u00e9 dos Santos Neto, Maria Eug\u00eania Queiroz Nassur, Gisela de Arag\u00e3o Umbuzeiro, Jos\u00e9 Alexandre de Souza Crippa, Jos\u00e9 Luiz da Costa, ... Ler mais\" \/>\n<meta property=\"og:url\" content=\"https:\/\/wordpress.ft.unicamp.br\/laeg\/cromatografia-liquida-em-uma-gota-e-seu-acoplamento-com-espectrometria-de-massas-estrategias-instrumentais-desenvolvimento-de-materiais-automatizacao-e-aplicacoes-analiticas\/\" \/>\n<meta property=\"og:site_name\" content=\"LAEG\" \/>\n<meta property=\"article:modified_time\" content=\"2017-11-10T13:28:31+00:00\" \/>\n<meta name=\"twitter:card\" content=\"summary_large_image\" \/>\n<meta name=\"twitter:label1\" content=\"Est. tempo de leitura\" \/>\n\t<meta name=\"twitter:data1\" content=\"2 minutos\" \/>\n<script type=\"application\/ld+json\" class=\"yoast-schema-graph\">{\"@context\":\"https:\\\/\\\/schema.org\",\"@graph\":[{\"@type\":\"WebPage\",\"@id\":\"https:\\\/\\\/wordpress.ft.unicamp.br\\\/laeg\\\/cromatografia-liquida-em-uma-gota-e-seu-acoplamento-com-espectrometria-de-massas-estrategias-instrumentais-desenvolvimento-de-materiais-automatizacao-e-aplicacoes-analiticas\\\/\",\"url\":\"https:\\\/\\\/wordpress.ft.unicamp.br\\\/laeg\\\/cromatografia-liquida-em-uma-gota-e-seu-acoplamento-com-espectrometria-de-massas-estrategias-instrumentais-desenvolvimento-de-materiais-automatizacao-e-aplicacoes-analiticas\\\/\",\"name\":\"Cromatografia l\u00edquida em uma gota e seu acoplamento com espectrometria de massas: estrat\u00e9gias instrumentais, desenvolvimento de materiais, automatiza\u00e7\u00e3o e aplica\u00e7\u00f5es anal\u00edticas - LAEG\",\"isPartOf\":{\"@id\":\"https:\\\/\\\/wordpress.ft.unicamp.br\\\/laeg\\\/#website\"},\"datePublished\":\"2017-11-09T00:34:58+00:00\",\"dateModified\":\"2017-11-10T13:28:31+00:00\",\"breadcrumb\":{\"@id\":\"https:\\\/\\\/wordpress.ft.unicamp.br\\\/laeg\\\/cromatografia-liquida-em-uma-gota-e-seu-acoplamento-com-espectrometria-de-massas-estrategias-instrumentais-desenvolvimento-de-materiais-automatizacao-e-aplicacoes-analiticas\\\/#breadcrumb\"},\"inLanguage\":\"pt-BR\",\"potentialAction\":[{\"@type\":\"ReadAction\",\"target\":[\"https:\\\/\\\/wordpress.ft.unicamp.br\\\/laeg\\\/cromatografia-liquida-em-uma-gota-e-seu-acoplamento-com-espectrometria-de-massas-estrategias-instrumentais-desenvolvimento-de-materiais-automatizacao-e-aplicacoes-analiticas\\\/\"]}]},{\"@type\":\"BreadcrumbList\",\"@id\":\"https:\\\/\\\/wordpress.ft.unicamp.br\\\/laeg\\\/cromatografia-liquida-em-uma-gota-e-seu-acoplamento-com-espectrometria-de-massas-estrategias-instrumentais-desenvolvimento-de-materiais-automatizacao-e-aplicacoes-analiticas\\\/#breadcrumb\",\"itemListElement\":[{\"@type\":\"ListItem\",\"position\":1,\"name\":\"Home\",\"item\":\"https:\\\/\\\/wordpress.ft.unicamp.br\\\/laeg\\\/\"},{\"@type\":\"ListItem\",\"position\":2,\"name\":\"Cromatografia l\u00edquida em uma gota e seu acoplamento com espectrometria de massas: estrat\u00e9gias instrumentais, desenvolvimento de materiais, automatiza\u00e7\u00e3o e aplica\u00e7\u00f5es anal\u00edticas\"}]},{\"@type\":\"WebSite\",\"@id\":\"https:\\\/\\\/wordpress.ft.unicamp.br\\\/laeg\\\/#website\",\"url\":\"https:\\\/\\\/wordpress.ft.unicamp.br\\\/laeg\\\/\",\"name\":\"LAEG\",\"description\":\"Ecotoxicology and Genotoxicity Laboratory\",\"publisher\":{\"@id\":\"https:\\\/\\\/wordpress.ft.unicamp.br\\\/laeg\\\/#organization\"},\"potentialAction\":[{\"@type\":\"SearchAction\",\"target\":{\"@type\":\"EntryPoint\",\"urlTemplate\":\"https:\\\/\\\/wordpress.ft.unicamp.br\\\/laeg\\\/?s={search_term_string}\"},\"query-input\":{\"@type\":\"PropertyValueSpecification\",\"valueRequired\":true,\"valueName\":\"search_term_string\"}}],\"inLanguage\":\"pt-BR\"},{\"@type\":\"Organization\",\"@id\":\"https:\\\/\\\/wordpress.ft.unicamp.br\\\/laeg\\\/#organization\",\"name\":\"LAEG\",\"url\":\"https:\\\/\\\/wordpress.ft.unicamp.br\\\/laeg\\\/\",\"logo\":{\"@type\":\"ImageObject\",\"inLanguage\":\"pt-BR\",\"@id\":\"https:\\\/\\\/wordpress.ft.unicamp.br\\\/laeg\\\/#\\\/schema\\\/logo\\\/image\\\/\",\"url\":\"https:\\\/\\\/wordpress.ft.unicamp.br\\\/laeg\\\/wp-content\\\/uploads\\\/sites\\\/33\\\/2017\\\/10\\\/cropped-Sem-t\u00edtulo-e1507234698751.png\",\"contentUrl\":\"https:\\\/\\\/wordpress.ft.unicamp.br\\\/laeg\\\/wp-content\\\/uploads\\\/sites\\\/33\\\/2017\\\/10\\\/cropped-Sem-t\u00edtulo-e1507234698751.png\",\"width\":1366,\"height\":109,\"caption\":\"LAEG\"},\"image\":{\"@id\":\"https:\\\/\\\/wordpress.ft.unicamp.br\\\/laeg\\\/#\\\/schema\\\/logo\\\/image\\\/\"}}]}<\/script>\n<!-- \/ Yoast SEO plugin. -->","yoast_head_json":{"title":"Cromatografia l\u00edquida em uma gota e seu acoplamento com espectrometria de massas: estrat\u00e9gias instrumentais, desenvolvimento de materiais, automatiza\u00e7\u00e3o e aplica\u00e7\u00f5es anal\u00edticas - LAEG","robots":{"index":"index","follow":"follow","max-snippet":"max-snippet:-1","max-image-preview":"max-image-preview:large","max-video-preview":"max-video-preview:-1"},"canonical":"https:\/\/wordpress.ft.unicamp.br\/laeg\/cromatografia-liquida-em-uma-gota-e-seu-acoplamento-com-espectrometria-de-massas-estrategias-instrumentais-desenvolvimento-de-materiais-automatizacao-e-aplicacoes-analiticas\/","og_locale":"pt_BR","og_type":"article","og_title":"Cromatografia l\u00edquida em uma gota e seu acoplamento com espectrometria de massas: estrat\u00e9gias instrumentais, desenvolvimento de materiais, automatiza\u00e7\u00e3o e aplica\u00e7\u00f5es anal\u00edticas - LAEG","og_description":"Pesquisadora associada no LAEG: Gisela de Arag\u00e3o Umbuzeiro Pesquisador principal: Fernando Mauro Lan\u00e7as Per\u00edodo de Execu\u00e7\u00e3o: jul\/2017 &#8211; jun\/2022 Entidade Financiadora: Funda\u00e7\u00e3o de Amparo \u00e0 Pesquisa do Estado de S\u00e3o Paulo (FAPESP) Integrantes: \u00c1lvaro Jos\u00e9 dos Santos Neto, Maria Eug\u00eania Queiroz Nassur, Gisela de Arag\u00e3o Umbuzeiro, Jos\u00e9 Alexandre de Souza Crippa, Jos\u00e9 Luiz da Costa, ... Ler mais","og_url":"https:\/\/wordpress.ft.unicamp.br\/laeg\/cromatografia-liquida-em-uma-gota-e-seu-acoplamento-com-espectrometria-de-massas-estrategias-instrumentais-desenvolvimento-de-materiais-automatizacao-e-aplicacoes-analiticas\/","og_site_name":"LAEG","article_modified_time":"2017-11-10T13:28:31+00:00","twitter_card":"summary_large_image","twitter_misc":{"Est. tempo de leitura":"2 minutos"},"schema":{"@context":"https:\/\/schema.org","@graph":[{"@type":"WebPage","@id":"https:\/\/wordpress.ft.unicamp.br\/laeg\/cromatografia-liquida-em-uma-gota-e-seu-acoplamento-com-espectrometria-de-massas-estrategias-instrumentais-desenvolvimento-de-materiais-automatizacao-e-aplicacoes-analiticas\/","url":"https:\/\/wordpress.ft.unicamp.br\/laeg\/cromatografia-liquida-em-uma-gota-e-seu-acoplamento-com-espectrometria-de-massas-estrategias-instrumentais-desenvolvimento-de-materiais-automatizacao-e-aplicacoes-analiticas\/","name":"Cromatografia l\u00edquida em uma gota e seu acoplamento com espectrometria de massas: estrat\u00e9gias instrumentais, desenvolvimento de materiais, automatiza\u00e7\u00e3o e aplica\u00e7\u00f5es anal\u00edticas - LAEG","isPartOf":{"@id":"https:\/\/wordpress.ft.unicamp.br\/laeg\/#website"},"datePublished":"2017-11-09T00:34:58+00:00","dateModified":"2017-11-10T13:28:31+00:00","breadcrumb":{"@id":"https:\/\/wordpress.ft.unicamp.br\/laeg\/cromatografia-liquida-em-uma-gota-e-seu-acoplamento-com-espectrometria-de-massas-estrategias-instrumentais-desenvolvimento-de-materiais-automatizacao-e-aplicacoes-analiticas\/#breadcrumb"},"inLanguage":"pt-BR","potentialAction":[{"@type":"ReadAction","target":["https:\/\/wordpress.ft.unicamp.br\/laeg\/cromatografia-liquida-em-uma-gota-e-seu-acoplamento-com-espectrometria-de-massas-estrategias-instrumentais-desenvolvimento-de-materiais-automatizacao-e-aplicacoes-analiticas\/"]}]},{"@type":"BreadcrumbList","@id":"https:\/\/wordpress.ft.unicamp.br\/laeg\/cromatografia-liquida-em-uma-gota-e-seu-acoplamento-com-espectrometria-de-massas-estrategias-instrumentais-desenvolvimento-de-materiais-automatizacao-e-aplicacoes-analiticas\/#breadcrumb","itemListElement":[{"@type":"ListItem","position":1,"name":"Home","item":"https:\/\/wordpress.ft.unicamp.br\/laeg\/"},{"@type":"ListItem","position":2,"name":"Cromatografia l\u00edquida em uma gota e seu acoplamento com espectrometria de massas: estrat\u00e9gias instrumentais, desenvolvimento de materiais, automatiza\u00e7\u00e3o e aplica\u00e7\u00f5es anal\u00edticas"}]},{"@type":"WebSite","@id":"https:\/\/wordpress.ft.unicamp.br\/laeg\/#website","url":"https:\/\/wordpress.ft.unicamp.br\/laeg\/","name":"LAEG","description":"Ecotoxicology and Genotoxicity Laboratory","publisher":{"@id":"https:\/\/wordpress.ft.unicamp.br\/laeg\/#organization"},"potentialAction":[{"@type":"SearchAction","target":{"@type":"EntryPoint","urlTemplate":"https:\/\/wordpress.ft.unicamp.br\/laeg\/?s={search_term_string}"},"query-input":{"@type":"PropertyValueSpecification","valueRequired":true,"valueName":"search_term_string"}}],"inLanguage":"pt-BR"},{"@type":"Organization","@id":"https:\/\/wordpress.ft.unicamp.br\/laeg\/#organization","name":"LAEG","url":"https:\/\/wordpress.ft.unicamp.br\/laeg\/","logo":{"@type":"ImageObject","inLanguage":"pt-BR","@id":"https:\/\/wordpress.ft.unicamp.br\/laeg\/#\/schema\/logo\/image\/","url":"https:\/\/wordpress.ft.unicamp.br\/laeg\/wp-content\/uploads\/sites\/33\/2017\/10\/cropped-Sem-t\u00edtulo-e1507234698751.png","contentUrl":"https:\/\/wordpress.ft.unicamp.br\/laeg\/wp-content\/uploads\/sites\/33\/2017\/10\/cropped-Sem-t\u00edtulo-e1507234698751.png","width":1366,"height":109,"caption":"LAEG"},"image":{"@id":"https:\/\/wordpress.ft.unicamp.br\/laeg\/#\/schema\/logo\/image\/"}}]}},"_links":{"self":[{"href":"https:\/\/wordpress.ft.unicamp.br\/laeg\/wp-json\/wp\/v2\/pages\/735","targetHints":{"allow":["GET"]}}],"collection":[{"href":"https:\/\/wordpress.ft.unicamp.br\/laeg\/wp-json\/wp\/v2\/pages"}],"about":[{"href":"https:\/\/wordpress.ft.unicamp.br\/laeg\/wp-json\/wp\/v2\/types\/page"}],"author":[{"embeddable":true,"href":"https:\/\/wordpress.ft.unicamp.br\/laeg\/wp-json\/wp\/v2\/users\/23"}],"replies":[{"embeddable":true,"href":"https:\/\/wordpress.ft.unicamp.br\/laeg\/wp-json\/wp\/v2\/comments?post=735"}],"version-history":[{"count":5,"href":"https:\/\/wordpress.ft.unicamp.br\/laeg\/wp-json\/wp\/v2\/pages\/735\/revisions"}],"predecessor-version":[{"id":879,"href":"https:\/\/wordpress.ft.unicamp.br\/laeg\/wp-json\/wp\/v2\/pages\/735\/revisions\/879"}],"wp:attachment":[{"href":"https:\/\/wordpress.ft.unicamp.br\/laeg\/wp-json\/wp\/v2\/media?parent=735"}],"curies":[{"name":"wp","href":"https:\/\/api.w.org\/{rel}","templated":true}]}}