{"id":913,"date":"2018-03-09T13:27:07","date_gmt":"2018-03-09T13:27:07","guid":{"rendered":"http:\/\/wordpress.ft.unicamp.br\/laeg\/?page_id=913"},"modified":"2023-10-25T15:54:14","modified_gmt":"2023-10-25T15:54:14","slug":"agrotoxicos","status":"publish","type":"page","link":"https:\/\/wordpress.ft.unicamp.br\/laeg\/agrotoxicos\/","title":{"rendered":"Agrot\u00f3xicos"},"content":{"rendered":"\n<p>Trabalhos realizados por alunos de gradua\u00e7\u00e3o dos cursos de Engenharia Ambiental e Tecnologia em Controle Ambiental na disciplina de Toxicologia Regulat\u00f3ria.\u00a0<\/p>\n\n\n\n<div style=\"height:18px\" aria-hidden=\"true\" class=\"wp-block-spacer\"><\/div>\n\n\n\n<div class=\"wp-block-columns is-layout-flex wp-container-core-columns-is-layout-9d6595d7 wp-block-columns-is-layout-flex\">\n<div class=\"wp-block-column is-layout-flow wp-block-column-is-layout-flow\" style=\"flex-basis:33.33%\">\n<h4 class=\"wp-block-heading\"><strong>Caracter\u00edsticas F\u00edsico-Qu\u00edmicas e Toxicol\u00f3gicas do Ciflumetofem e suas Implica\u00e7\u00f5es Ambientais<\/strong><\/h4>\n\n\n\n<p>O ciflumetofem \u00e9 um acaricida utilizado para o controle do \u00c1caro-da-leprose\u00a0(Brevipalpus phoenicis) e \u00c1caro-purp\u00fareo (Panonychus citri) em culturas de citrus. O objetivo deste trabalho foi revisar na literatura dados sobre o ciflumetofem, suas propriedades f\u00edsico-qu\u00edmicas e seus dados toxicol\u00f3gicos para, a partir deles, derivar crit\u00e9rios de potabilidade e de prote\u00e7\u00e3o da vida aqu\u00e1tica, bem como verificar sua ocorr\u00eancia em \u00e1guas superficiais para possibilitar a avalia\u00e7\u00e3o dos riscos.<\/p>\n\n\n\n<p><a href=\"http:\/\/wordpress.ft.unicamp.br\/laeg\/wp-content\/uploads\/sites\/33\/2018\/03\/Ciflumetofem.pdf\">Baixar arquivo<\/a><\/p>\n<\/div>\n\n\n\n<div class=\"wp-block-column is-vertically-aligned-top is-layout-flow wp-block-column-is-layout-flow\" style=\"flex-basis:66.66%\">\n<figure class=\"wp-block-image size-large is-resized\"><img fetchpriority=\"high\" decoding=\"async\" width=\"724\" height=\"1024\" src=\"https:\/\/wordpress.ft.unicamp.br\/laeg\/wp-content\/uploads\/sites\/33\/2023\/10\/Ciflumeto-724x1024.jpg\" alt=\"\" class=\"wp-image-1590\" style=\"aspect-ratio:0.70703125;width:341px;height:auto\" srcset=\"https:\/\/wordpress.ft.unicamp.br\/laeg\/wp-content\/uploads\/sites\/33\/2023\/10\/Ciflumeto-724x1024.jpg 724w, https:\/\/wordpress.ft.unicamp.br\/laeg\/wp-content\/uploads\/sites\/33\/2023\/10\/Ciflumeto-212x300.jpg 212w, https:\/\/wordpress.ft.unicamp.br\/laeg\/wp-content\/uploads\/sites\/33\/2023\/10\/Ciflumeto-768x1086.jpg 768w, https:\/\/wordpress.ft.unicamp.br\/laeg\/wp-content\/uploads\/sites\/33\/2023\/10\/Ciflumeto-1086x1536.jpg 1086w, https:\/\/wordpress.ft.unicamp.br\/laeg\/wp-content\/uploads\/sites\/33\/2023\/10\/Ciflumeto-1448x2048.jpg 1448w, https:\/\/wordpress.ft.unicamp.br\/laeg\/wp-content\/uploads\/sites\/33\/2023\/10\/Ciflumeto.jpg 1654w\" sizes=\"(max-width: 724px) 100vw, 724px\" \/><\/figure>\n<\/div>\n<\/div>\n\n\n\n<div style=\"height:26px\" aria-hidden=\"true\" class=\"wp-block-spacer\"><\/div>\n\n\n\n<div class=\"wp-block-columns is-layout-flex wp-container-core-columns-is-layout-9d6595d7 wp-block-columns-is-layout-flex\">\n<div class=\"wp-block-column is-layout-flow wp-block-column-is-layout-flow\" style=\"flex-basis:33.33%\">\n<h4 class=\"wp-block-heading\"><strong>Caracter\u00edsticas<\/strong>&nbsp;<strong>F\u00edsico-Qu\u00edmicas e Toxicol\u00f3gicas do Clomazona<\/strong><\/h4>\n\n\n\n<p>O Clomazona \u00e9 um herbicida utilizado no combate de ervas daninhas especialmente em planta\u00e7\u00f5es de arroz irrigado e cana de a\u00e7\u00facar. Este trabalho apresenta as caracter\u00edsticas f\u00edsico-qu\u00edmicas e toxicol\u00f3gicas do clomazona, sua ocorr\u00eancia em \u00e1guas brasileiras e calcular crit\u00e9rios para prote\u00e7\u00e3o da vida aqu\u00e1tica e de potabilidade com base nos dados encontrados, tendo em vista que o clomazona ainda n\u00e3o \u00e9 regulamentado no Brasil.<\/p>\n\n\n\n<p><a href=\"http:\/\/wordpress.ft.unicamp.br\/laeg\/wp-content\/uploads\/sites\/33\/2018\/03\/Clomazona.pdf\">Baixar arquivo<\/a><\/p>\n<\/div>\n\n\n\n<div class=\"wp-block-column is-layout-flow wp-block-column-is-layout-flow\" style=\"flex-basis:66.66%\">\n<figure class=\"wp-block-image size-large is-resized\"><img decoding=\"async\" width=\"724\" height=\"1024\" src=\"https:\/\/wordpress.ft.unicamp.br\/laeg\/wp-content\/uploads\/sites\/33\/2023\/10\/Clomazona-724x1024.jpg\" alt=\"\" class=\"wp-image-1592\" style=\"aspect-ratio:0.70703125;width:320px;height:auto\" srcset=\"https:\/\/wordpress.ft.unicamp.br\/laeg\/wp-content\/uploads\/sites\/33\/2023\/10\/Clomazona-724x1024.jpg 724w, https:\/\/wordpress.ft.unicamp.br\/laeg\/wp-content\/uploads\/sites\/33\/2023\/10\/Clomazona-212x300.jpg 212w, https:\/\/wordpress.ft.unicamp.br\/laeg\/wp-content\/uploads\/sites\/33\/2023\/10\/Clomazona-768x1086.jpg 768w, https:\/\/wordpress.ft.unicamp.br\/laeg\/wp-content\/uploads\/sites\/33\/2023\/10\/Clomazona-1086x1536.jpg 1086w, https:\/\/wordpress.ft.unicamp.br\/laeg\/wp-content\/uploads\/sites\/33\/2023\/10\/Clomazona.jpg 1224w\" sizes=\"(max-width: 724px) 100vw, 724px\" \/><\/figure>\n<\/div>\n<\/div>\n\n\n\n<div style=\"height:25px\" aria-hidden=\"true\" class=\"wp-block-spacer\"><\/div>\n\n\n\n<div class=\"wp-block-columns is-layout-flex wp-container-core-columns-is-layout-9d6595d7 wp-block-columns-is-layout-flex\">\n<div class=\"wp-block-column is-layout-flow wp-block-column-is-layout-flow\" style=\"flex-basis:33.33%\">\n<h4 class=\"wp-block-heading\"><strong>Caracter\u00edsticas<\/strong>&nbsp;<strong>F\u00edsico-Qu\u00edmicas e Toxicol\u00f3gicas da Tolifluanida<\/strong><\/h4>\n\n\n\n<p>A Tolifluanida \u00e9 um fungicida aplicado e autorizado em diversas culturas como algod\u00e3o, feij\u00e3o, milho e soja. O presente trabalho exp\u00f5e informa\u00e7\u00f5es acerca das caracter\u00edsticas f\u00edsico-qu\u00edmicas e toxicol\u00f3gicas da Tolifluanida, dados de ocorr\u00eancia ambiental e como ela \u00e9 regulamentada do ponto de vista ambiental no Brasil e em outros pa\u00edses.<\/p>\n\n\n\n<p><a href=\"http:\/\/wordpress.ft.unicamp.br\/laeg\/wp-content\/uploads\/sites\/33\/2018\/03\/Tolifluanida.pdf\">Baixar arquivo<\/a><\/p>\n<\/div>\n\n\n\n<div class=\"wp-block-column is-layout-flow wp-block-column-is-layout-flow\" style=\"flex-basis:66.66%\">\n<figure class=\"wp-block-image size-large is-resized\"><img decoding=\"async\" width=\"729\" height=\"1024\" src=\"https:\/\/wordpress.ft.unicamp.br\/laeg\/wp-content\/uploads\/sites\/33\/2023\/10\/Toli-729x1024.jpg\" alt=\"\" class=\"wp-image-1593\" style=\"aspect-ratio:0.7119140625;width:318px;height:auto\" srcset=\"https:\/\/wordpress.ft.unicamp.br\/laeg\/wp-content\/uploads\/sites\/33\/2023\/10\/Toli-729x1024.jpg 729w, https:\/\/wordpress.ft.unicamp.br\/laeg\/wp-content\/uploads\/sites\/33\/2023\/10\/Toli-213x300.jpg 213w, https:\/\/wordpress.ft.unicamp.br\/laeg\/wp-content\/uploads\/sites\/33\/2023\/10\/Toli-768x1079.jpg 768w, https:\/\/wordpress.ft.unicamp.br\/laeg\/wp-content\/uploads\/sites\/33\/2023\/10\/Toli-1093x1536.jpg 1093w, https:\/\/wordpress.ft.unicamp.br\/laeg\/wp-content\/uploads\/sites\/33\/2023\/10\/Toli.jpg 1224w\" sizes=\"(max-width: 729px) 100vw, 729px\" \/><\/figure>\n<\/div>\n<\/div>\n\n\n\n<div style=\"height:24px\" aria-hidden=\"true\" class=\"wp-block-spacer\"><\/div>\n\n\n\n<div class=\"wp-block-columns is-layout-flex wp-container-core-columns-is-layout-9d6595d7 wp-block-columns-is-layout-flex\">\n<div class=\"wp-block-column is-layout-flow wp-block-column-is-layout-flow\" style=\"flex-basis:33.33%\">\n<h4 class=\"wp-block-heading\"><strong>Caracter\u00edsticas<\/strong>&nbsp;<strong>F\u00edsico-Qu\u00edmicas e Toxicol\u00f3gicas do Triticonazol<\/strong><\/h4>\n\n\n\n<p>O triticonazol \u00e9 um fungicida utilizado no tratamento de pragas das culturas do trigo e cevada.&nbsp;O presente artigo tem como finalidade apresentar informa\u00e7\u00f5es sobre as caracter\u00edsticas f\u00edsico-qu\u00edmicas e toxicol\u00f3gicas do Triticonazol, dados de ocorr\u00eancia ambiental, regulamenta\u00e7\u00e3o para o contexto ambiental no Brasil e em outros pa\u00edses, assim como propor crit\u00e9rios de potabilidade e de prote\u00e7\u00e3o para a vida aqu\u00e1tica.<\/p>\n\n\n\n<p><a href=\"http:\/\/wordpress.ft.unicamp.br\/laeg\/wp-content\/uploads\/sites\/33\/2018\/03\/Triticonazol.pdf\">Baixar arquivo<\/a><\/p>\n<\/div>\n\n\n\n<div class=\"wp-block-column is-layout-flow wp-block-column-is-layout-flow\" style=\"flex-basis:66.66%\">\n<figure class=\"wp-block-image size-large is-resized\"><img loading=\"lazy\" decoding=\"async\" width=\"724\" height=\"1024\" src=\"https:\/\/wordpress.ft.unicamp.br\/laeg\/wp-content\/uploads\/sites\/33\/2023\/10\/Tritico-724x1024.jpg\" alt=\"\" class=\"wp-image-1594\" style=\"aspect-ratio:0.70703125;width:320px;height:auto\" srcset=\"https:\/\/wordpress.ft.unicamp.br\/laeg\/wp-content\/uploads\/sites\/33\/2023\/10\/Tritico-724x1024.jpg 724w, https:\/\/wordpress.ft.unicamp.br\/laeg\/wp-content\/uploads\/sites\/33\/2023\/10\/Tritico-212x300.jpg 212w, https:\/\/wordpress.ft.unicamp.br\/laeg\/wp-content\/uploads\/sites\/33\/2023\/10\/Tritico-768x1087.jpg 768w, https:\/\/wordpress.ft.unicamp.br\/laeg\/wp-content\/uploads\/sites\/33\/2023\/10\/Tritico-1086x1536.jpg 1086w, https:\/\/wordpress.ft.unicamp.br\/laeg\/wp-content\/uploads\/sites\/33\/2023\/10\/Tritico.jpg 1290w\" sizes=\"(max-width: 724px) 100vw, 724px\" \/><\/figure>\n<\/div>\n<\/div>\n\n\n\n<h4 class=\"wp-block-heading\">\u00a0<\/h4>\n","protected":false},"excerpt":{"rendered":"<p>Trabalhos realizados por alunos de gradua\u00e7\u00e3o dos cursos de Engenharia Ambiental e Tecnologia em Controle Ambiental na disciplina de Toxicologia Regulat\u00f3ria.\u00a0 Caracter\u00edsticas F\u00edsico-Qu\u00edmicas e Toxicol\u00f3gicas do Ciflumetofem e suas Implica\u00e7\u00f5es Ambientais O ciflumetofem \u00e9 um acaricida utilizado para o controle do \u00c1caro-da-leprose\u00a0(Brevipalpus phoenicis) e \u00c1caro-purp\u00fareo (Panonychus citri) em culturas de citrus. O objetivo deste trabalho &#8230; <a title=\"Agrot\u00f3xicos\" class=\"read-more\" href=\"https:\/\/wordpress.ft.unicamp.br\/laeg\/agrotoxicos\/\" aria-label=\"Read more about Agrot\u00f3xicos\">Ler mais<\/a><\/p>\n","protected":false},"author":23,"featured_media":0,"parent":0,"menu_order":0,"comment_status":"closed","ping_status":"closed","template":"","meta":{"footnotes":""},"class_list":["post-913","page","type-page","status-publish"],"yoast_head":"<!-- This site is optimized with the Yoast SEO plugin v27.5 - https:\/\/yoast.com\/product\/yoast-seo-wordpress\/ -->\n<title>Agrot\u00f3xicos - LAEG<\/title>\n<meta name=\"robots\" content=\"index, follow, max-snippet:-1, max-image-preview:large, max-video-preview:-1\" \/>\n<link rel=\"canonical\" href=\"https:\/\/wordpress.ft.unicamp.br\/laeg\/agrotoxicos\/\" \/>\n<meta property=\"og:locale\" content=\"pt_BR\" \/>\n<meta property=\"og:type\" content=\"article\" \/>\n<meta property=\"og:title\" content=\"Agrot\u00f3xicos - LAEG\" \/>\n<meta property=\"og:description\" content=\"Trabalhos realizados por alunos de gradua\u00e7\u00e3o dos cursos de Engenharia Ambiental e Tecnologia em Controle Ambiental na disciplina de Toxicologia Regulat\u00f3ria.\u00a0 Caracter\u00edsticas F\u00edsico-Qu\u00edmicas e Toxicol\u00f3gicas do Ciflumetofem e suas Implica\u00e7\u00f5es Ambientais O ciflumetofem \u00e9 um acaricida utilizado para o controle do \u00c1caro-da-leprose\u00a0(Brevipalpus phoenicis) e \u00c1caro-purp\u00fareo (Panonychus citri) em culturas de citrus. O objetivo deste trabalho ... Ler mais\" \/>\n<meta property=\"og:url\" content=\"https:\/\/wordpress.ft.unicamp.br\/laeg\/agrotoxicos\/\" \/>\n<meta property=\"og:site_name\" content=\"LAEG\" \/>\n<meta property=\"article:modified_time\" content=\"2023-10-25T15:54:14+00:00\" \/>\n<meta property=\"og:image\" content=\"https:\/\/wordpress.ft.unicamp.br\/laeg\/wp-content\/uploads\/sites\/33\/2023\/10\/Ciflumeto-724x1024.jpg\" \/>\n<meta name=\"twitter:card\" content=\"summary_large_image\" \/>\n<meta name=\"twitter:label1\" content=\"Est. tempo de leitura\" \/>\n\t<meta name=\"twitter:data1\" content=\"3 minutos\" \/>\n<script type=\"application\/ld+json\" class=\"yoast-schema-graph\">{\"@context\":\"https:\\\/\\\/schema.org\",\"@graph\":[{\"@type\":\"WebPage\",\"@id\":\"https:\\\/\\\/wordpress.ft.unicamp.br\\\/laeg\\\/agrotoxicos\\\/\",\"url\":\"https:\\\/\\\/wordpress.ft.unicamp.br\\\/laeg\\\/agrotoxicos\\\/\",\"name\":\"Agrot\u00f3xicos - LAEG\",\"isPartOf\":{\"@id\":\"https:\\\/\\\/wordpress.ft.unicamp.br\\\/laeg\\\/#website\"},\"primaryImageOfPage\":{\"@id\":\"https:\\\/\\\/wordpress.ft.unicamp.br\\\/laeg\\\/agrotoxicos\\\/#primaryimage\"},\"image\":{\"@id\":\"https:\\\/\\\/wordpress.ft.unicamp.br\\\/laeg\\\/agrotoxicos\\\/#primaryimage\"},\"thumbnailUrl\":\"https:\\\/\\\/wordpress.ft.unicamp.br\\\/laeg\\\/wp-content\\\/uploads\\\/sites\\\/33\\\/2023\\\/10\\\/Ciflumeto-724x1024.jpg\",\"datePublished\":\"2018-03-09T13:27:07+00:00\",\"dateModified\":\"2023-10-25T15:54:14+00:00\",\"breadcrumb\":{\"@id\":\"https:\\\/\\\/wordpress.ft.unicamp.br\\\/laeg\\\/agrotoxicos\\\/#breadcrumb\"},\"inLanguage\":\"pt-BR\",\"potentialAction\":[{\"@type\":\"ReadAction\",\"target\":[\"https:\\\/\\\/wordpress.ft.unicamp.br\\\/laeg\\\/agrotoxicos\\\/\"]}]},{\"@type\":\"ImageObject\",\"inLanguage\":\"pt-BR\",\"@id\":\"https:\\\/\\\/wordpress.ft.unicamp.br\\\/laeg\\\/agrotoxicos\\\/#primaryimage\",\"url\":\"https:\\\/\\\/wordpress.ft.unicamp.br\\\/laeg\\\/wp-content\\\/uploads\\\/sites\\\/33\\\/2023\\\/10\\\/Ciflumeto.jpg\",\"contentUrl\":\"https:\\\/\\\/wordpress.ft.unicamp.br\\\/laeg\\\/wp-content\\\/uploads\\\/sites\\\/33\\\/2023\\\/10\\\/Ciflumeto.jpg\",\"width\":1654,\"height\":2339},{\"@type\":\"BreadcrumbList\",\"@id\":\"https:\\\/\\\/wordpress.ft.unicamp.br\\\/laeg\\\/agrotoxicos\\\/#breadcrumb\",\"itemListElement\":[{\"@type\":\"ListItem\",\"position\":1,\"name\":\"Home\",\"item\":\"https:\\\/\\\/wordpress.ft.unicamp.br\\\/laeg\\\/\"},{\"@type\":\"ListItem\",\"position\":2,\"name\":\"Agrot\u00f3xicos\"}]},{\"@type\":\"WebSite\",\"@id\":\"https:\\\/\\\/wordpress.ft.unicamp.br\\\/laeg\\\/#website\",\"url\":\"https:\\\/\\\/wordpress.ft.unicamp.br\\\/laeg\\\/\",\"name\":\"LAEG\",\"description\":\"Ecotoxicology and Genotoxicity Laboratory\",\"publisher\":{\"@id\":\"https:\\\/\\\/wordpress.ft.unicamp.br\\\/laeg\\\/#organization\"},\"potentialAction\":[{\"@type\":\"SearchAction\",\"target\":{\"@type\":\"EntryPoint\",\"urlTemplate\":\"https:\\\/\\\/wordpress.ft.unicamp.br\\\/laeg\\\/?s={search_term_string}\"},\"query-input\":{\"@type\":\"PropertyValueSpecification\",\"valueRequired\":true,\"valueName\":\"search_term_string\"}}],\"inLanguage\":\"pt-BR\"},{\"@type\":\"Organization\",\"@id\":\"https:\\\/\\\/wordpress.ft.unicamp.br\\\/laeg\\\/#organization\",\"name\":\"LAEG\",\"url\":\"https:\\\/\\\/wordpress.ft.unicamp.br\\\/laeg\\\/\",\"logo\":{\"@type\":\"ImageObject\",\"inLanguage\":\"pt-BR\",\"@id\":\"https:\\\/\\\/wordpress.ft.unicamp.br\\\/laeg\\\/#\\\/schema\\\/logo\\\/image\\\/\",\"url\":\"https:\\\/\\\/wordpress.ft.unicamp.br\\\/laeg\\\/wp-content\\\/uploads\\\/sites\\\/33\\\/2017\\\/10\\\/cropped-Sem-t\u00edtulo-e1507234698751.png\",\"contentUrl\":\"https:\\\/\\\/wordpress.ft.unicamp.br\\\/laeg\\\/wp-content\\\/uploads\\\/sites\\\/33\\\/2017\\\/10\\\/cropped-Sem-t\u00edtulo-e1507234698751.png\",\"width\":1366,\"height\":109,\"caption\":\"LAEG\"},\"image\":{\"@id\":\"https:\\\/\\\/wordpress.ft.unicamp.br\\\/laeg\\\/#\\\/schema\\\/logo\\\/image\\\/\"}}]}<\/script>\n<!-- \/ Yoast SEO plugin. -->","yoast_head_json":{"title":"Agrot\u00f3xicos - LAEG","robots":{"index":"index","follow":"follow","max-snippet":"max-snippet:-1","max-image-preview":"max-image-preview:large","max-video-preview":"max-video-preview:-1"},"canonical":"https:\/\/wordpress.ft.unicamp.br\/laeg\/agrotoxicos\/","og_locale":"pt_BR","og_type":"article","og_title":"Agrot\u00f3xicos - LAEG","og_description":"Trabalhos realizados por alunos de gradua\u00e7\u00e3o dos cursos de Engenharia Ambiental e Tecnologia em Controle Ambiental na disciplina de Toxicologia Regulat\u00f3ria.\u00a0 Caracter\u00edsticas F\u00edsico-Qu\u00edmicas e Toxicol\u00f3gicas do Ciflumetofem e suas Implica\u00e7\u00f5es Ambientais O ciflumetofem \u00e9 um acaricida utilizado para o controle do \u00c1caro-da-leprose\u00a0(Brevipalpus phoenicis) e \u00c1caro-purp\u00fareo (Panonychus citri) em culturas de citrus. O objetivo deste trabalho ... Ler mais","og_url":"https:\/\/wordpress.ft.unicamp.br\/laeg\/agrotoxicos\/","og_site_name":"LAEG","article_modified_time":"2023-10-25T15:54:14+00:00","og_image":[{"url":"https:\/\/wordpress.ft.unicamp.br\/laeg\/wp-content\/uploads\/sites\/33\/2023\/10\/Ciflumeto-724x1024.jpg","type":"","width":"","height":""}],"twitter_card":"summary_large_image","twitter_misc":{"Est. tempo de leitura":"3 minutos"},"schema":{"@context":"https:\/\/schema.org","@graph":[{"@type":"WebPage","@id":"https:\/\/wordpress.ft.unicamp.br\/laeg\/agrotoxicos\/","url":"https:\/\/wordpress.ft.unicamp.br\/laeg\/agrotoxicos\/","name":"Agrot\u00f3xicos - LAEG","isPartOf":{"@id":"https:\/\/wordpress.ft.unicamp.br\/laeg\/#website"},"primaryImageOfPage":{"@id":"https:\/\/wordpress.ft.unicamp.br\/laeg\/agrotoxicos\/#primaryimage"},"image":{"@id":"https:\/\/wordpress.ft.unicamp.br\/laeg\/agrotoxicos\/#primaryimage"},"thumbnailUrl":"https:\/\/wordpress.ft.unicamp.br\/laeg\/wp-content\/uploads\/sites\/33\/2023\/10\/Ciflumeto-724x1024.jpg","datePublished":"2018-03-09T13:27:07+00:00","dateModified":"2023-10-25T15:54:14+00:00","breadcrumb":{"@id":"https:\/\/wordpress.ft.unicamp.br\/laeg\/agrotoxicos\/#breadcrumb"},"inLanguage":"pt-BR","potentialAction":[{"@type":"ReadAction","target":["https:\/\/wordpress.ft.unicamp.br\/laeg\/agrotoxicos\/"]}]},{"@type":"ImageObject","inLanguage":"pt-BR","@id":"https:\/\/wordpress.ft.unicamp.br\/laeg\/agrotoxicos\/#primaryimage","url":"https:\/\/wordpress.ft.unicamp.br\/laeg\/wp-content\/uploads\/sites\/33\/2023\/10\/Ciflumeto.jpg","contentUrl":"https:\/\/wordpress.ft.unicamp.br\/laeg\/wp-content\/uploads\/sites\/33\/2023\/10\/Ciflumeto.jpg","width":1654,"height":2339},{"@type":"BreadcrumbList","@id":"https:\/\/wordpress.ft.unicamp.br\/laeg\/agrotoxicos\/#breadcrumb","itemListElement":[{"@type":"ListItem","position":1,"name":"Home","item":"https:\/\/wordpress.ft.unicamp.br\/laeg\/"},{"@type":"ListItem","position":2,"name":"Agrot\u00f3xicos"}]},{"@type":"WebSite","@id":"https:\/\/wordpress.ft.unicamp.br\/laeg\/#website","url":"https:\/\/wordpress.ft.unicamp.br\/laeg\/","name":"LAEG","description":"Ecotoxicology and Genotoxicity Laboratory","publisher":{"@id":"https:\/\/wordpress.ft.unicamp.br\/laeg\/#organization"},"potentialAction":[{"@type":"SearchAction","target":{"@type":"EntryPoint","urlTemplate":"https:\/\/wordpress.ft.unicamp.br\/laeg\/?s={search_term_string}"},"query-input":{"@type":"PropertyValueSpecification","valueRequired":true,"valueName":"search_term_string"}}],"inLanguage":"pt-BR"},{"@type":"Organization","@id":"https:\/\/wordpress.ft.unicamp.br\/laeg\/#organization","name":"LAEG","url":"https:\/\/wordpress.ft.unicamp.br\/laeg\/","logo":{"@type":"ImageObject","inLanguage":"pt-BR","@id":"https:\/\/wordpress.ft.unicamp.br\/laeg\/#\/schema\/logo\/image\/","url":"https:\/\/wordpress.ft.unicamp.br\/laeg\/wp-content\/uploads\/sites\/33\/2017\/10\/cropped-Sem-t\u00edtulo-e1507234698751.png","contentUrl":"https:\/\/wordpress.ft.unicamp.br\/laeg\/wp-content\/uploads\/sites\/33\/2017\/10\/cropped-Sem-t\u00edtulo-e1507234698751.png","width":1366,"height":109,"caption":"LAEG"},"image":{"@id":"https:\/\/wordpress.ft.unicamp.br\/laeg\/#\/schema\/logo\/image\/"}}]}},"_links":{"self":[{"href":"https:\/\/wordpress.ft.unicamp.br\/laeg\/wp-json\/wp\/v2\/pages\/913","targetHints":{"allow":["GET"]}}],"collection":[{"href":"https:\/\/wordpress.ft.unicamp.br\/laeg\/wp-json\/wp\/v2\/pages"}],"about":[{"href":"https:\/\/wordpress.ft.unicamp.br\/laeg\/wp-json\/wp\/v2\/types\/page"}],"author":[{"embeddable":true,"href":"https:\/\/wordpress.ft.unicamp.br\/laeg\/wp-json\/wp\/v2\/users\/23"}],"replies":[{"embeddable":true,"href":"https:\/\/wordpress.ft.unicamp.br\/laeg\/wp-json\/wp\/v2\/comments?post=913"}],"version-history":[{"count":23,"href":"https:\/\/wordpress.ft.unicamp.br\/laeg\/wp-json\/wp\/v2\/pages\/913\/revisions"}],"predecessor-version":[{"id":1601,"href":"https:\/\/wordpress.ft.unicamp.br\/laeg\/wp-json\/wp\/v2\/pages\/913\/revisions\/1601"}],"wp:attachment":[{"href":"https:\/\/wordpress.ft.unicamp.br\/laeg\/wp-json\/wp\/v2\/media?parent=913"}],"curies":[{"name":"wp","href":"https:\/\/api.w.org\/{rel}","templated":true}]}}