{"id":116,"date":"2022-05-16T16:00:16","date_gmt":"2022-05-16T16:00:16","guid":{"rendered":"https:\/\/wordpress.ft.unicamp.br\/lamec\/?page_id=116"},"modified":"2026-04-12T23:32:27","modified_gmt":"2026-04-12T23:32:27","slug":"dissertacoes-de-mestrado","status":"publish","type":"page","link":"https:\/\/wordpress.ft.unicamp.br\/lamec\/projetos\/dissertacoes-de-mestrado\/","title":{"rendered":"Mestrado"},"content":{"rendered":"\t\t<div data-elementor-type=\"wp-page\" data-elementor-id=\"116\" class=\"elementor elementor-116\">\n\t\t\t\t\t\t<section class=\"elementor-section elementor-top-section elementor-element elementor-element-7a3b41c9 elementor-section-boxed elementor-section-height-default elementor-section-height-default\" data-id=\"7a3b41c9\" data-element_type=\"section\" data-e-type=\"section\">\n\t\t\t\t\t\t<div class=\"elementor-container elementor-column-gap-default\">\n\t\t\t\t\t<div class=\"elementor-column elementor-col-100 elementor-top-column elementor-element elementor-element-526502d0\" data-id=\"526502d0\" data-element_type=\"column\" data-e-type=\"column\">\n\t\t\t<div class=\"elementor-widget-wrap elementor-element-populated\">\n\t\t\t\t\t\t<div class=\"elementor-element elementor-element-6ebca05a elementor-widget elementor-widget-text-editor\" data-id=\"6ebca05a\" data-element_type=\"widget\" data-e-type=\"widget\" data-widget_type=\"text-editor.default\">\n\t\t\t\t<div class=\"elementor-widget-container\">\n\t\t\t\t\t\t\t\t\t\n<h2>\u00a0<\/h2>\n<h2>Disserta\u00e7\u00f5es de Mestrados em andamento\u00a0<\/h2>\n<div class=\"layout-cell layout-cell-1 text-align-right\">\n<div class=\"layout-cell-pad-6 text-align-right\">\u00a0<\/div>\n<\/div>\n<ol>\n<li class=\"layout-cell layout-cell-11\"><span class=\"transform\">Morelia Veliz Meza. Estruturas organomet\u00e1licas baseadas em Fe e Co imobilizadas em fibras de carbono: Aplica\u00e7\u00e3o na remo\u00e7\u00e3o de metformina da \u00e1gua por adsor\u00e7\u00e3o e processos oxidativos avan\u00e7ados. In\u00edcio: 2026. Disserta\u00e7\u00e3o (Mestrado em TECNOLOGIA) &#8211; Universidade Estadual de Campinas. (Orientador).<\/span><\/li>\n<li class=\"layout-cell layout-cell-11\">Lucero de Jesus Chulluncuy Julcarima. Prepara\u00e7\u00e3o de estruturas organomet\u00e1licas baseadas em Fe-Ni imobilizadas em fibras de carbono: Remo\u00e7\u00e3o de agrot\u00f3xicos de \u00e1guas por adsor\u00e7\u00e3o e eletro-Fenton. In\u00edcio: 2025. Disserta\u00e7\u00e3o (Mestrado em TECNOLOGIA) &#8211; Universidade Estadual de Campinas, Coordena\u00e7\u00e3o de Aperfei\u00e7oamento de Pessoal de N\u00edvel Superior. (Orientador).<\/li>\n<\/ol>\n<h2>\u00a0<\/h2>\n<h2><strong>Disserta\u00e7\u00f5es de Mestrados<\/strong><\/h2>\n\n<p>\u00a0<\/p>\n\n<ol class=\"wp-block-list\">\n<li>\n<div class=\"layout-cell layout-cell-1 text-align-right\">\n<div class=\"layout-cell-pad-6 text-align-right\">Maria Vit\u00f3ria Raposo Rodrigues. Prepara\u00e7\u00e3o de membranas polim\u00e9ricas contendo carbono poroso dopado com enxofre e sua aplica\u00e7\u00e3o na remo\u00e7\u00e3o de metais em efluentes de banho de semijoias na cidade de Limeira. 2023. Disserta\u00e7\u00e3o (Mestrado em TECNOLOGIA) &#8211; Universidade Estadual de Campinas, . Orientador: Patricia Prediger.<\/div>\n<div>\u00a0<\/div>\n<div class=\"layout-cell-pad-6 text-align-right\">2. ARTHUR DA SILVA VASCONCELOS DE ALMEIDA. S\u00cdNTESE DE NANOMATERIAIS MAGN\u00c9TICOS BASEADOS EM \u00d3XIDO DE GRAFENO\/QUITOSANA\/ARGILA ORGANOF\u00cdLICA PARA ADSOR\u00c7\u00c3O DE CONTAMINANTES EMERGENTES EM \u00c1GUA. 2022. Disserta\u00e7\u00e3o (Mestrado em Engenharia Qu\u00edmica) &#8211; Universidade Estadual de Campinas, Coordena\u00e7\u00e3o de Aperfei\u00e7oamento de Pessoal de N\u00edvel Superior. Coorientador: Patricia Prediger.<\/div>\n<div>\u00a0<\/div>\n<div class=\"layout-cell-pad-6 text-align-right\">3. Thatiely N M de Paula. MODULA\u00c7\u00c3O DA ECOTOXICIDADE DE CONTAMINANTES AMBIENTAIS POR \u00d3XIDO DE GRAFENO. 2021. Disserta\u00e7\u00e3o (Mestrado em TECNOLOGIA) &#8211; Universidade Estadual de Campinas, . Orientador: Patricia Prediger.<\/div>\n<\/div>\n<br class=\"clear\" \/>4. Karen Penayo. Prepara\u00e7\u00e3o de comp\u00f3sitos baseados em \u00f3xido de grafeno e nanocelulose, caracteriza\u00e7\u00f5es e aplica\u00e7\u00e3o na estabiliza\u00e7\u00e3o de emuls\u00f5es. 2021. Disserta\u00e7\u00e3o (Mestrado em TECNOLOGIA) &#8211; Universidade Estadual de Campinas, . Orientador: Patricia Prediger.<br class=\"clear\" \/><br class=\"clear\" \/>\n<div class=\"layout-cell layout-cell-1 text-align-right\">\n<div class=\"layout-cell-pad-6 text-align-right\">5. Paula Mayara Morais da Silva. Prepara\u00e7\u00e3o e caracteriza\u00e7\u00e3o de nanocomp\u00f3sitos baseados em derivados de grafeno e nanocelulose modificada e sua aplica\u00e7\u00e3o na adsor\u00e7\u00e3o de contaminantes em \u00e1guas. 2021. Disserta\u00e7\u00e3o (Mestrado em TECNOLOGIA) &#8211; Universidade Estadual de Campinas, . Orientador: Patricia Prediger.<\/div>\n<\/div>\n<br class=\"clear\" \/><br class=\"clear\" \/>\n<div class=\"layout-cell layout-cell-1 text-align-right\">\n<div class=\"layout-cell-pad-6 text-align-right\">6<b>. <\/b>nat\u00e1lia gabriele camparotto. Prepara\u00e7\u00e3o de esferas baseadas em quitosana, nanocelulose e \u00e1cido t\u00e2nico alquilado e sua aplica\u00e7\u00e3o na purifica\u00e7\u00e3o de \u00e1guas. 2021. Disserta\u00e7\u00e3o (Mestrado em TECNOLOGIA) &#8211; Universidade Estadual de Campinas, Coordena\u00e7\u00e3o de Aperfei\u00e7oamento de Pessoal de N\u00edvel Superior. Orientador: Patricia Prediger.<\/div>\n<\/div>\n<br class=\"clear\" \/><br class=\"clear\" \/>\n<div class=\"layout-cell layout-cell-1 text-align-right\">\n<div class=\"layout-cell-pad-6 text-align-right\"><strong>7.<\/strong>RUTH N\u00d3BREGA QUEIROZ. ADSOR\u00c7\u00c3O DE HIDROCARBONETO POLIC\u00cdCLICO AROM\u00c1TICO (HPAH) DE EFLUENTE DE \u00c1GUA PRODUZIDA POR ADSORVENTE COMP\u00d3SITO DE \u00d3XIDO DE GRAFENO-QUITOSANA. 2021. Disserta\u00e7\u00e3o (Mestrado em Engenharia Qu\u00edmica) &#8211; Universidade Estadual de Campinas, Ag\u00eancia Nacional do Petr\u00f3leo, G\u00e1s Natural e Biocombust\u00edveis. Coorientador: Patricia Prediger.<\/div>\n<\/div>\n<br class=\"clear\" \/><br class=\"clear\" \/>\n<div class=\"layout-cell layout-cell-1 text-align-right\">\n<div class=\"layout-cell-pad-6 text-align-right\">8.Tha\u00eds Cheminski. Prepara\u00e7\u00e3o de Nanomateriais Baseados em \u00d3xido de Grafeno, Caracteriza\u00e7\u00e3o e sua Aplica\u00e7\u00e3o na Purifica\u00e7\u00e3o de \u00c1guas.. 2018. Disserta\u00e7\u00e3o (Mestrado em TECNOLOGIA) &#8211; Universidade Estadual de Campinas, Fundo de Apoio ao Ensino \u00e0 Pesquisa e Extens\u00e3o da UNICAMP. Orientador: Patricia Prediger.<\/div>\n<\/div>\n<\/li>\n<\/ol>\n<!-- \/wp:list -->\t\t\t\t\t\t\t\t<\/div>\n\t\t\t\t<\/div>\n\t\t\t\t\t<\/div>\n\t\t<\/div>\n\t\t\t\t\t<\/div>\n\t\t<\/section>\n\t\t\t\t<section class=\"elementor-section elementor-top-section elementor-element elementor-element-229a6ce elementor-section-boxed elementor-section-height-default elementor-section-height-default\" data-id=\"229a6ce\" data-element_type=\"section\" data-e-type=\"section\">\n\t\t\t\t\t\t<div class=\"elementor-container elementor-column-gap-default\">\n\t\t\t\t\t<div class=\"elementor-column elementor-col-100 elementor-top-column elementor-element elementor-element-c272cb9\" data-id=\"c272cb9\" data-element_type=\"column\" data-e-type=\"column\">\n\t\t\t<div class=\"elementor-widget-wrap elementor-element-populated\">\n\t\t\t\t\t\t\t<\/div>\n\t\t<\/div>\n\t\t\t\t\t<\/div>\n\t\t<\/section>\n\t\t\t\t<\/div>\n\t\t","protected":false},"excerpt":{"rendered":"<p>\u00a0 Disserta\u00e7\u00f5es de Mestrados em andamento\u00a0 \u00a0 Morelia Veliz Meza. Estruturas organomet\u00e1licas baseadas em Fe e Co imobilizadas em fibras de carbono: Aplica\u00e7\u00e3o na remo\u00e7\u00e3o de metformina da \u00e1gua por adsor\u00e7\u00e3o e processos oxidativos avan\u00e7ados. In\u00edcio: 2026. Disserta\u00e7\u00e3o (Mestrado em TECNOLOGIA) &#8211; Universidade Estadual de Campinas. (Orientador). Lucero de Jesus Chulluncuy Julcarima. Prepara\u00e7\u00e3o de estruturas [&hellip;]<\/p>\n","protected":false},"author":84,"featured_media":0,"parent":37,"menu_order":3,"comment_status":"closed","ping_status":"closed","template":"","meta":{"footnotes":""},"class_list":["post-116","page","type-page","status-publish","hentry"],"yoast_head":"<!-- This site is optimized with the Yoast SEO plugin v27.5 - https:\/\/yoast.com\/product\/yoast-seo-wordpress\/ -->\n<title>Mestrado - Laboratory of advanced materials and Environmental Chemistry<\/title>\n<meta name=\"robots\" content=\"index, follow, max-snippet:-1, max-image-preview:large, max-video-preview:-1\" \/>\n<link rel=\"canonical\" href=\"https:\/\/wordpress.ft.unicamp.br\/lamec\/projetos\/dissertacoes-de-mestrado\/\" \/>\n<meta property=\"og:locale\" content=\"pt_BR\" \/>\n<meta property=\"og:type\" content=\"article\" \/>\n<meta property=\"og:title\" content=\"Mestrado - Laboratory of advanced materials and Environmental Chemistry\" \/>\n<meta property=\"og:description\" content=\"\u00a0 Disserta\u00e7\u00f5es de Mestrados em andamento\u00a0 \u00a0 Morelia Veliz Meza. Estruturas organomet\u00e1licas baseadas em Fe e Co imobilizadas em fibras de carbono: Aplica\u00e7\u00e3o na remo\u00e7\u00e3o de metformina da \u00e1gua por adsor\u00e7\u00e3o e processos oxidativos avan\u00e7ados. In\u00edcio: 2026. Disserta\u00e7\u00e3o (Mestrado em TECNOLOGIA) &#8211; Universidade Estadual de Campinas. (Orientador). Lucero de Jesus Chulluncuy Julcarima. Prepara\u00e7\u00e3o de estruturas [&hellip;]\" \/>\n<meta property=\"og:url\" content=\"https:\/\/wordpress.ft.unicamp.br\/lamec\/projetos\/dissertacoes-de-mestrado\/\" \/>\n<meta property=\"og:site_name\" content=\"Laboratory of advanced materials and Environmental Chemistry\" \/>\n<meta property=\"article:modified_time\" content=\"2026-04-12T23:32:27+00:00\" \/>\n<meta name=\"twitter:card\" content=\"summary_large_image\" \/>\n<meta name=\"twitter:label1\" content=\"Est. tempo de leitura\" \/>\n\t<meta name=\"twitter:data1\" content=\"3 minutos\" \/>\n<script type=\"application\/ld+json\" class=\"yoast-schema-graph\">{\"@context\":\"https:\\\/\\\/schema.org\",\"@graph\":[{\"@type\":\"WebPage\",\"@id\":\"https:\\\/\\\/wordpress.ft.unicamp.br\\\/lamec\\\/projetos\\\/dissertacoes-de-mestrado\\\/\",\"url\":\"https:\\\/\\\/wordpress.ft.unicamp.br\\\/lamec\\\/projetos\\\/dissertacoes-de-mestrado\\\/\",\"name\":\"Mestrado - Laboratory of advanced materials and Environmental Chemistry\",\"isPartOf\":{\"@id\":\"https:\\\/\\\/wordpress.ft.unicamp.br\\\/lamec\\\/#website\"},\"datePublished\":\"2022-05-16T16:00:16+00:00\",\"dateModified\":\"2026-04-12T23:32:27+00:00\",\"breadcrumb\":{\"@id\":\"https:\\\/\\\/wordpress.ft.unicamp.br\\\/lamec\\\/projetos\\\/dissertacoes-de-mestrado\\\/#breadcrumb\"},\"inLanguage\":\"pt-BR\",\"potentialAction\":[{\"@type\":\"ReadAction\",\"target\":[\"https:\\\/\\\/wordpress.ft.unicamp.br\\\/lamec\\\/projetos\\\/dissertacoes-de-mestrado\\\/\"]}]},{\"@type\":\"BreadcrumbList\",\"@id\":\"https:\\\/\\\/wordpress.ft.unicamp.br\\\/lamec\\\/projetos\\\/dissertacoes-de-mestrado\\\/#breadcrumb\",\"itemListElement\":[{\"@type\":\"ListItem\",\"position\":1,\"name\":\"Home\",\"item\":\"https:\\\/\\\/wordpress.ft.unicamp.br\\\/lamec\\\/\"},{\"@type\":\"ListItem\",\"position\":2,\"name\":\"Projetos\",\"item\":\"https:\\\/\\\/wordpress.ft.unicamp.br\\\/lamec\\\/projetos\\\/\"},{\"@type\":\"ListItem\",\"position\":3,\"name\":\"Mestrado\"}]},{\"@type\":\"WebSite\",\"@id\":\"https:\\\/\\\/wordpress.ft.unicamp.br\\\/lamec\\\/#website\",\"url\":\"https:\\\/\\\/wordpress.ft.unicamp.br\\\/lamec\\\/\",\"name\":\"Laboratory of advanced materials and Environmental Chemistry\",\"description\":\"\",\"potentialAction\":[{\"@type\":\"SearchAction\",\"target\":{\"@type\":\"EntryPoint\",\"urlTemplate\":\"https:\\\/\\\/wordpress.ft.unicamp.br\\\/lamec\\\/?s={search_term_string}\"},\"query-input\":{\"@type\":\"PropertyValueSpecification\",\"valueRequired\":true,\"valueName\":\"search_term_string\"}}],\"inLanguage\":\"pt-BR\"}]}<\/script>\n<!-- \/ Yoast SEO plugin. -->","yoast_head_json":{"title":"Mestrado - Laboratory of advanced materials and Environmental Chemistry","robots":{"index":"index","follow":"follow","max-snippet":"max-snippet:-1","max-image-preview":"max-image-preview:large","max-video-preview":"max-video-preview:-1"},"canonical":"https:\/\/wordpress.ft.unicamp.br\/lamec\/projetos\/dissertacoes-de-mestrado\/","og_locale":"pt_BR","og_type":"article","og_title":"Mestrado - Laboratory of advanced materials and Environmental Chemistry","og_description":"\u00a0 Disserta\u00e7\u00f5es de Mestrados em andamento\u00a0 \u00a0 Morelia Veliz Meza. Estruturas organomet\u00e1licas baseadas em Fe e Co imobilizadas em fibras de carbono: Aplica\u00e7\u00e3o na remo\u00e7\u00e3o de metformina da \u00e1gua por adsor\u00e7\u00e3o e processos oxidativos avan\u00e7ados. In\u00edcio: 2026. Disserta\u00e7\u00e3o (Mestrado em TECNOLOGIA) &#8211; Universidade Estadual de Campinas. (Orientador). Lucero de Jesus Chulluncuy Julcarima. Prepara\u00e7\u00e3o de estruturas [&hellip;]","og_url":"https:\/\/wordpress.ft.unicamp.br\/lamec\/projetos\/dissertacoes-de-mestrado\/","og_site_name":"Laboratory of advanced materials and Environmental Chemistry","article_modified_time":"2026-04-12T23:32:27+00:00","twitter_card":"summary_large_image","twitter_misc":{"Est. tempo de leitura":"3 minutos"},"schema":{"@context":"https:\/\/schema.org","@graph":[{"@type":"WebPage","@id":"https:\/\/wordpress.ft.unicamp.br\/lamec\/projetos\/dissertacoes-de-mestrado\/","url":"https:\/\/wordpress.ft.unicamp.br\/lamec\/projetos\/dissertacoes-de-mestrado\/","name":"Mestrado - Laboratory of advanced materials and Environmental Chemistry","isPartOf":{"@id":"https:\/\/wordpress.ft.unicamp.br\/lamec\/#website"},"datePublished":"2022-05-16T16:00:16+00:00","dateModified":"2026-04-12T23:32:27+00:00","breadcrumb":{"@id":"https:\/\/wordpress.ft.unicamp.br\/lamec\/projetos\/dissertacoes-de-mestrado\/#breadcrumb"},"inLanguage":"pt-BR","potentialAction":[{"@type":"ReadAction","target":["https:\/\/wordpress.ft.unicamp.br\/lamec\/projetos\/dissertacoes-de-mestrado\/"]}]},{"@type":"BreadcrumbList","@id":"https:\/\/wordpress.ft.unicamp.br\/lamec\/projetos\/dissertacoes-de-mestrado\/#breadcrumb","itemListElement":[{"@type":"ListItem","position":1,"name":"Home","item":"https:\/\/wordpress.ft.unicamp.br\/lamec\/"},{"@type":"ListItem","position":2,"name":"Projetos","item":"https:\/\/wordpress.ft.unicamp.br\/lamec\/projetos\/"},{"@type":"ListItem","position":3,"name":"Mestrado"}]},{"@type":"WebSite","@id":"https:\/\/wordpress.ft.unicamp.br\/lamec\/#website","url":"https:\/\/wordpress.ft.unicamp.br\/lamec\/","name":"Laboratory of advanced materials and Environmental Chemistry","description":"","potentialAction":[{"@type":"SearchAction","target":{"@type":"EntryPoint","urlTemplate":"https:\/\/wordpress.ft.unicamp.br\/lamec\/?s={search_term_string}"},"query-input":{"@type":"PropertyValueSpecification","valueRequired":true,"valueName":"search_term_string"}}],"inLanguage":"pt-BR"}]}},"_links":{"self":[{"href":"https:\/\/wordpress.ft.unicamp.br\/lamec\/wp-json\/wp\/v2\/pages\/116","targetHints":{"allow":["GET"]}}],"collection":[{"href":"https:\/\/wordpress.ft.unicamp.br\/lamec\/wp-json\/wp\/v2\/pages"}],"about":[{"href":"https:\/\/wordpress.ft.unicamp.br\/lamec\/wp-json\/wp\/v2\/types\/page"}],"author":[{"embeddable":true,"href":"https:\/\/wordpress.ft.unicamp.br\/lamec\/wp-json\/wp\/v2\/users\/84"}],"replies":[{"embeddable":true,"href":"https:\/\/wordpress.ft.unicamp.br\/lamec\/wp-json\/wp\/v2\/comments?post=116"}],"version-history":[{"count":13,"href":"https:\/\/wordpress.ft.unicamp.br\/lamec\/wp-json\/wp\/v2\/pages\/116\/revisions"}],"predecessor-version":[{"id":475,"href":"https:\/\/wordpress.ft.unicamp.br\/lamec\/wp-json\/wp\/v2\/pages\/116\/revisions\/475"}],"up":[{"embeddable":true,"href":"https:\/\/wordpress.ft.unicamp.br\/lamec\/wp-json\/wp\/v2\/pages\/37"}],"wp:attachment":[{"href":"https:\/\/wordpress.ft.unicamp.br\/lamec\/wp-json\/wp\/v2\/media?parent=116"}],"curies":[{"name":"wp","href":"https:\/\/api.w.org\/{rel}","templated":true}]}}