{"id":119,"date":"2022-05-16T16:09:12","date_gmt":"2022-05-16T16:09:12","guid":{"rendered":"https:\/\/wordpress.ft.unicamp.br\/lamec\/?page_id=119"},"modified":"2024-11-04T22:40:09","modified_gmt":"2024-11-04T22:40:09","slug":"iniciacao-cientifica","status":"publish","type":"page","link":"https:\/\/wordpress.ft.unicamp.br\/lamec\/projetos\/iniciacao-cientifica\/","title":{"rendered":"Inicia\u00e7\u00e3o Cient\u00edfica"},"content":{"rendered":"\n<p><strong>Projetos Atuais<\/strong><\/p>\n\n\n\n<p>1. Juliah Camargo Pinto. Green reduced graphene oxide incorporated into polyacrylonitrile membranes for multi-componet removal from water .In\u00edcio 2024 . Inici\u00e7\u00e3o cient\u00edfica (Graduando em engenharia ambiental) &#8211; Univerdade Estadual de Campinas . (Orientador).<\/p>\n\n\n\n<p>2. Joyce Benedita Natividade Favarin. Prepara\u00e7\u00e3o de adsorventes para remo\u00e7\u00e3o de n\u00edquel de efluente de galvanoplastia da cidade de Limeira &#8211; SP. In\u00edcio : 2024. Inicia\u00e7\u00e3o cient\u00edfica.(Graduando em Engenharia Ambiental) &#8211; Universidade Estadual de Campinas,Conselho Nacional de Desenvolvimento Cient\u00edfico e Tecnol\u00f3gico. (Orientador).<\/p>\n\n\n\n<p>3. Guilherme Buselli Mendes Sucupira. Prepara\u00e7\u00e3o de membranas polim\u00e9ricas \u00e1 base de MOF contendo ni\u00f3bio por rotofia\u00e7\u00e3o e sua aplica\u00e7\u00e3o na remo\u00e7\u00e3o de f\u00e1rmacos em \u00e1gua. In\u00edcio: 2023. Inicia\u00e7\u00e3o cient\u00edfica (Graduando em Saneamento Ambiental) &#8211; Universidade Estadual de Campinas, Conselho Nacional de Desenvolvimento Cient\u00edfico e Tecnol\u00f3gico.(Orientador)<\/p>\n\n\n\n<p>4. Gabriel Henrique Silva Fulaneti.Prepara\u00e7\u00e3o de membranas olim\u00e9ricas \u00e1 base de MOF contendo ni\u00f3bio por rotofia\u00e7\u00e3o e sua aplica\u00e7\u00e3o na remo\u00e7\u00e3o de cloroquin em \u00e1gua. In\u00edcio:2023. Inicia\u00e7\u00e3o cient\u00edfica(Graduando em Engenharia Ambiental)- Universidade Estadual de Campinas. (Orientador).<\/p>\n\n\n\n<p>5.Thayna Andrade Reis. Prepara\u00e7\u00e3o de membranas polim\u00e9ricas contendo biomassa de microalgas e sua aplica\u00e7\u00e3o na remo\u00e7\u00e3o de metais em efluentes de galvanoplastia. In\u00edcio: 2023. Inicia\u00e7\u00e3o cient\u00edfica (Graduando em Engenharia Ambiental) &#8211; Universidade Estadual de Campinas, Conselho Nacional de Desenvolvimento Cient\u00edfico e Tecnol\u00f3gico. (Orientador ).<\/p>\n\n\n\n<p>6.Natchelie Pereira da Costa Santos. Prepara\u00e7\u00e3o de hidrog\u00e9is contendo \u00f3xido de grafeno reduzido por rota verde e sua aplica\u00e7\u00e3o na adsor\u00e7\u00e3o de f\u00e1rmacos de \u00e1guas. In\u00edcio: 2023. Inicia\u00e7\u00e3o cient\u00edfica (Graduando em Engenharia Ambiental) &#8211; Universidade Estadual de Campinas, Conselho Nacional de Desenvolvimento Cient\u00edfico e Tecnol\u00f3gico. (Orientador).<\/p>\n\n\n\n<p><strong>Projetos Conclu\u00eddos<\/strong><\/p>\n\n\n\n<p>1.Stephanie Tiemi Katayose. Prepara\u00e7\u00e3o de carbonos nanoporosos magn\u00e9ticos a partir de res\u00edduos de isopor e sua aplica\u00e7\u00e3o na purifica\u00e7\u00e3o de \u00e1guas. 2021. Inicia\u00e7\u00e3o Cient\u00edfica. (Graduando em Engenharia Ambiental) &#8211; Universidade Estadual de Campinas. Orientador: Patricia Prediger.<\/p>\n\n\n\n<p>2.Rhuan Daniel Modolo De Assis. Prepara\u00e7\u00e3o de materiais e sua aplica\u00e7\u00e3o na descontamina\u00e7\u00e3o de \u00e1guas. 2021. Inicia\u00e7\u00e3o Cient\u00edfica. (Graduando em Saneamento Ambiental) &#8211; Universidade Estadual de Campinas. Orientador: Patricia Prediger.<\/p>\n\n\n\n<p>3.Joao Pedro Santos Bezerra. repara\u00e7\u00e3o de materiais e sua aplica\u00e7\u00e3o na descontamina\u00e7\u00e3o de \u00e1guas. 2021. Inicia\u00e7\u00e3o Cient\u00edfica. (Graduando em Engenharia Ambiental) &#8211; Universidade Estadual de Campinas. Orientador: Patricia Prediger.<\/p>\n\n\n\n<p> 4.Gustavo Rocha Paix\u00e3o. Prepara\u00e7\u00e3o de Comp\u00f3sitos Baseados em \u00d3xido de Grafeno\/Areia e sua Aplica\u00e7\u00e3o na Purifica\u00e7\u00e3o de \u00c1gua Oriunda do Escoamento de Telhado Verde. 2019. Inicia\u00e7\u00e3o Cient\u00edfica. (Graduando em Engenharia Ambiental) &#8211; Universidade Estadual de Campinas, Conselho Nacional de Desenvolvimento Cient\u00edfico e Tecnol\u00f3gico. Orientador: Patricia Prediger.<\/p>\n\n\n\n<p>5. Tauany de Figueiredo Neves. Prepara\u00e7\u00e3o de nanomateriais magn\u00e9ticos baseados \u00f3xido de grafeno\/quitosana, caracteriza\u00e7\u00e3o e sua aplica\u00e7\u00e3o na remo\u00e7\u00e3o de poluentes em \u00e1guas. 2019. Inicia\u00e7\u00e3o Cient\u00edfica. (Graduando em Engenharia Ambiental) &#8211; Universidade Estadual de Campinas, Funda\u00e7\u00e3o de Amparo \u00e0 Pesquisa do Estado de S\u00e3o Paulo. Orientador: Patricia Prediger.<\/p>\n\n\n\n<p>6. Bruna Toledo dos Santos. Estudo das intera\u00e7\u00f5es entre o agrot\u00f3xico piriproxifeno e o \u00f3xido de grafeno empregando testes de toxicidade com Daphnia similis como indicadores. 2019. Inicia\u00e7\u00e3o Cient\u00edfica. (Graduando em Engenharia Ambiental) &#8211; Universidade Estadual de Campinas, Conselho Nacional de Desenvolvimento Cient\u00edfico e Tecnol\u00f3gico. Orientador: Patricia Prediger.<\/p>\n\n\n\n<p>7. Nicole Barticiotto Dalarme. Prepara\u00e7\u00e3o de materiais e sua aplica\u00e7\u00e3o na descontamina\u00e7\u00e3o de \u00e1guas. 2019. Inicia\u00e7\u00e3o Cient\u00edfica. (Graduando em Engenharia Ambiental) &#8211; Universidade Estadual de Campinas, Servi\u00e7o de Apoio ao Estudante &#8211; UNICAMP. Orientador: Patricia Prediger.<\/p>\n\n\n\n<p>8. Everton Augusto Rodrigues. Prepara\u00e7\u00e3o de materiais e sua aplica\u00e7\u00e3o na descontamina\u00e7\u00e3o de \u00e1guas. 2019. Inicia\u00e7\u00e3o Cient\u00edfica. (Graduando em Engenharia Ambiental) &#8211; Universidade Estadual de Campinas, Servi\u00e7o de Apoio ao Estudante &#8211; UNICAMP. Orientador: Patricia Prediger.<\/p>\n\n\n\n<p>9. Paulo Henrique Mar\u00e7al Roballo. Prepara\u00e7\u00e3o de materiais e sua aplica\u00e7\u00e3o na descontamina\u00e7\u00e3o de \u00e1guas. 2019. Inicia\u00e7\u00e3o Cient\u00edfica. (Graduando em Engenharia de Transportes) &#8211; Universidade Estadual de Campinas, Servi\u00e7o de Apoio ao Estudante &#8211; UNICAMP. Orientador: Patricia Prediger.<\/p>\n\n\n\n<p>10. Katherly Tain\u00e1 Grego Lira. Prepara\u00e7\u00e3o de materiais e sua aplica\u00e7\u00e3o na descontamina\u00e7\u00e3o de \u00e1guas. 2019. Inicia\u00e7\u00e3o Cient\u00edfica. (Graduando em Engenharia Ambiental) &#8211; Universidade Estadual de Campinas, Servi\u00e7o de Apoio ao Estudante &#8211; UNICAMP. Orientador: Patricia Prediger.<\/p>\n\n\n\n<p>11. Rebeca Martins Guides. Prepara\u00e7\u00e3o de materiais e sua aplica\u00e7\u00e3o na descontamina\u00e7\u00e3o de \u00e1guas. 2019. Inicia\u00e7\u00e3o Cient\u00edfica. (Graduando em Engenharia Ambiental) &#8211; Universidade Estadual de Campinas, Servi\u00e7o de Apoio ao Estudante &#8211; UNICAMP. Orientador: Patricia Prediger.<\/p>\n\n\n\n<p>12. Tauany de Figueiredo Neves. Prepara\u00e7\u00e3o de nanomaterias magn\u00e9ticos baseados \u00f3xido de grafeno\/quitosana, caracteriza\u00e7\u00e3o e sua aplica\u00e7\u00e3o na remo\u00e7\u00e3o de poluentes em \u00e1guas. 2018. Inicia\u00e7\u00e3o Cient\u00edfica. (Graduando em Engenharia Ambiental) &#8211; Universidade Estadual de Campinas, Funda\u00e7\u00e3o de Amparo \u00e0 Pesquisa do Estado de S\u00e3o Paulo. Orientador: Patricia Prediger.<\/p>\n\n\n\n<p>13. Nat\u00e1lia Gabriele Camparotto. Caracteriza\u00e7\u00e3o ecotoxicol\u00f3gica de um novo fenil-benzotriazol sintetizado a partir do corante C.I. Disperse Violet 93. 2018. Inicia\u00e7\u00e3o Cient\u00edfica. (Graduando em Controle Ambiental) &#8211; Universidade Estadual de Campinas. Orientador: Patricia Prediger.<\/p>\n\n\n\n<p>14. Nicole Dalarme. Gera\u00e7\u00e3o de nanopart\u00edculas magn\u00e9ticas baseadas em quitosana e \u00f3xido de grafeno e sua aplica\u00e7\u00e3o na remo\u00e7\u00e3o de poluentes em \u00e1gua. 2018. Inicia\u00e7\u00e3o Cient\u00edfica. (Graduando em Engenharia Ambiental) &#8211; Universidade Estadual de Campinas, Servi\u00e7o de Apoio ao Estudante &#8211; UNICAMP. Orientador: Patricia Prediger.<\/p>\n\n\n\n<p>15. Gustavo Rocha Paix\u00e3o. Gera\u00e7\u00e3o de comp\u00f3sitos baseados em \u00f3xido de grafeno modificado e nanofibrilas de celulose e sua aplica\u00e7\u00e3o na desestabiliza\u00e7\u00e3o de emuls\u00f5es. 2018. Inicia\u00e7\u00e3o Cient\u00edfica. (Graduando em Engenharia Ambiental) &#8211; Universidade Estadual de Campinas. Orientador: Patricia Prediger.<\/p>\n\n\n\n<p>16. Everton Augusto Rodrigues. S\u00edntese de fenil benzotriazol clorado a partir do corante Disperse Violet 93. 2018. Inicia\u00e7\u00e3o Cient\u00edfica. (Graduando em Engenharia Ambiental) &#8211; Universidade Estadual de Campinas, Servi\u00e7o de Apoio ao Estudante &#8211; UNICAMP. Orientador: Patricia Prediger.<\/p>\n\n\n\n<p>17. GUSTAVO ROCHA PAIX\u00c3O. Estudo da influ\u00eancia de comp\u00f3sitos baseados em \u00f3xido de grafeno\/fibrilas de nanocelulose na estabilidade de emuls\u00f5es \u00f3leo\/\u00e1gua. 2018. Inicia\u00e7\u00e3o Cient\u00edfica. (Graduando em Engenharia Ambiental) &#8211; Universidade Estadual de Campinas. Orientador: Patricia Prediger.<\/p>\n\n\n\n<p>18. Tauany de Figueiredo Neves. Prepara\u00e7\u00e3o de nanomateriais magn\u00e9ticos baseados \u00f3xido de grafeno\/quitosana, caracteriza\u00e7\u00e3o e sua aplica\u00e7\u00e3o na remo\u00e7\u00e3o de poluentes em \u00e1guas. 2018. Inicia\u00e7\u00e3o Cient\u00edfica. (Graduando em Engenharia Ambiental) &#8211; Universidade Estadual de Campinas, Funda\u00e7\u00e3o de Amparo \u00e0 Pesquisa do Estado de S\u00e3o Paulo. Orientador: Patricia Prediger.<\/p>\n\n\n\n<p>19. Everton Augusto Rodrigues. Prepara\u00e7\u00e3o de materiais e sua aplica\u00e7\u00e3o na descontamina\u00e7\u00e3o de \u00e1guas. 2018. Inicia\u00e7\u00e3o Cient\u00edfica. (Graduando em Engenharia Ambiental) &#8211; Universidade Estadual de Campinas, Servi\u00e7o de Apoio ao Estudante &#8211; UNICAMP. Orientador: Patricia Prediger.<\/p>\n\n\n\n<p>20. Tauany de Figueiredo Neves. S\u00edntese de Nanomateriais Baseados em \u00d3xido de Grafeno via Graftiza\u00e7\u00e3o com Sais de Diaz\u00f4nio, Caracteriza\u00e7\u00e3o e sua Aplica\u00e7\u00e3o na Remo\u00e7\u00e3o de Metais Pesados em \u00c1guas.. 2017. Inicia\u00e7\u00e3o Cient\u00edfica. (Graduando em Engenharia Ambiental) &#8211; Universidade Estadual de Campinas, Conselho Nacional de Desenvolvimento Cient\u00edfico e Tecnol\u00f3gico. Orientador: Patricia Prediger.<\/p>\n\n\n\n<p>21. Livia Sabino. Prepara\u00e7\u00e3o de \u00d3xido de Grafeno e Derivados, Caracteriza\u00e7\u00e3o e Utiliza\u00e7\u00e3o na Remo\u00e7\u00e3o do Pesticida Piriproxifeno empregando Daphnia similis como Indicador de Ecotoxicidade. 2017. Inicia\u00e7\u00e3o Cient\u00edfica. (Graduando em Engenharia Ambiental) &#8211; Universidade Estadual de Campinas, Conselho Nacional de Desenvolvimento Cient\u00edfico e Tecnol\u00f3gico. Orientador: Patricia Prediger.<\/p>\n\n\n\n<p>22. Carlos Henrique Guiar\u00e3es. Prepara\u00e7\u00e3o de Nanomaterias Baseados \u00d3xido de Grafeno\/nanocelulose, Caracteriza\u00e7\u00e3o e sua Aplica\u00e7\u00e3o na Remo\u00e7\u00e3o de Surfactantes em \u00c1guas. 2017. Inicia\u00e7\u00e3o Cient\u00edfica. (Graduando em Engenharia Ambiental) &#8211; Universidade Estadual de Campinas, Servi\u00e7o de Apoio ao Estudante &#8211; UNICAMP. Orientador: Patricia Prediger.<\/p>\n\n\n\n<p>23. Nat\u00e1lia Camparotto. S\u00edntese de derivados de corantes: caracteriza\u00e7\u00e3o qu\u00edmica, avalia\u00e7\u00e3o genot\u00f3xica e ecotoxicol\u00f3gica. 2017. Inicia\u00e7\u00e3o Cient\u00edfica. (Graduando em Tecnologia em Controle Ambiental) &#8211; Universidade Estadual de Campinas, Servi\u00e7o de Apoio ao Estudante &#8211; UNICAMP. Orientador: Patricia Prediger.<\/p>\n\n\n\n<p>24. William Bardelin Nunes. Prepara\u00e7\u00e3o de Nanomateriais Baseados em \u00d3xido de Grafeno, Caracteriza\u00e7\u00e3o e sua Aplica\u00e7\u00e3o na Purifica\u00e7\u00e3o de \u00c1guas. 2016. Inicia\u00e7\u00e3o Cient\u00edfica. (Graduando em Engenharia Ambiental) &#8211; Universidade Estadual de Campinas, Conselho Nacional de Desenvolvimento Cient\u00edfico e Tecnol\u00f3gico. Orientador: Patricia Prediger.<\/p>\n\n\n\n<p>25. Tauany de Figueiredo Neves. S\u00edntese de Nanomateriais Baseados em \u00d3xido de Grafeno via Graftiza\u00e7\u00e3o com Sais de Diaz\u00f4nio, Caracteriza\u00e7\u00e3o e sua Aplica\u00e7\u00e3o na Remo\u00e7\u00e3o de Metais Pesados em \u00c1guas. 2016. Inicia\u00e7\u00e3o Cient\u00edfica. (Graduando em Engenharia Ambiental) &#8211; Universidade Estadual de Campinas, Conselho Nacional de Desenvolvimento Cient\u00edfico e Tecnol\u00f3gico. Orientador: Patricia Prediger.<\/p>\n\n\n\n<p>26. Tauany de Figueiredo Neves. S\u00edntese de Nanomateriais Baseados em \u00d3xido de Grafeno via Graftiza\u00e7\u00e3o com Sais de Diaz\u00f4nio, Caracteriza\u00e7\u00e3o e sua Aplica\u00e7\u00e3o na Remo\u00e7\u00e3o de Metais Pesados em \u00c1guas. 2015. Inicia\u00e7\u00e3o Cient\u00edfica. (Graduando em Engenharia Ambiental) &#8211; Universidade Estadual de Campinas. Orientador: Patricia Prediger.<\/p>\n\n\n\n<p>27. Carlos Henrique Guimar\u00e3es. S\u00edntese de Nanomateriais Baseados em \u00d3xido de Grafeno via Graftiza\u00e7\u00e3o com Sais de Diaz\u00f4nio, caracteriza\u00e7\u00e3o e sua Aplica\u00e7\u00e3o na Remo\u00e7\u00e3o de Surfactantes em \u00c1guas.. 2015. Inicia\u00e7\u00e3o Cient\u00edfica. (Graduando em Engenharia Ambiental) &#8211; Universidade Estadual de Campinas. Orientador: Patricia Prediger.<\/p>\n\n\n\n<p>28. Bruno Pionte. S\u00edntese de Nanomateriais Baseados em \u00d3xido de Grafeno via Graftiza\u00e7\u00e3o com Sais de Diaz\u00f4nio, Caracteriza\u00e7\u00e3o e sua Aplica\u00e7\u00e3o na Remo\u00e7\u00e3o de Metais Pesados em \u00c1guas.. 2015. Inicia\u00e7\u00e3o Cient\u00edfica. (Graduando em Engenharia Ambiental) &#8211; Universidade Estadual de Campinas, Conselho Nacional de Desenvolvimento Cient\u00edfico e Tecnol\u00f3gico. Orientador: Patricia Prediger.<\/p>\n\n\n\n<p>29. La\u00eds Ferreira Barbosa. Estudo da Rea\u00e7\u00e3o de Acoplamento de Heck entre Sais de Arenodiaz\u00f4nio e Aminas Al\u00edlicas: S\u00edntese de \u03b3-Arilalilaminas e do Composto Antif\u00fangico Naftifina.. 2009. Inicia\u00e7\u00e3o Cient\u00edfica. (Graduando em Qu\u00edmica Tecnol\u00f3gica) &#8211; Universidade Estadual de Campinas, Funda\u00e7\u00e3o de Amparo \u00e0 Pesquisa do Estado de S\u00e3o Paulo. Orientador: Patricia Prediger.<\/p>\n\n\n\n<p><br><\/p>\n","protected":false},"excerpt":{"rendered":"<p>Projetos Atuais 1. Juliah Camargo Pinto. Green reduced graphene oxide incorporated into polyacrylonitrile membranes for multi-componet removal from water .In\u00edcio 2024 . Inici\u00e7\u00e3o cient\u00edfica (Graduando em engenharia ambiental) &#8211; Univerdade Estadual de Campinas . (Orientador). 2. Joyce Benedita Natividade Favarin. Prepara\u00e7\u00e3o de adsorventes para remo\u00e7\u00e3o de n\u00edquel de efluente de galvanoplastia da cidade de Limeira [&hellip;]<\/p>\n","protected":false},"author":84,"featured_media":0,"parent":37,"menu_order":1,"comment_status":"closed","ping_status":"closed","template":"","meta":{"footnotes":""},"class_list":["post-119","page","type-page","status-publish","hentry"],"yoast_head":"<!-- This site is optimized with the Yoast SEO plugin v27.3 - https:\/\/yoast.com\/product\/yoast-seo-wordpress\/ -->\n<title>Inicia\u00e7\u00e3o Cient\u00edfica - Laboratory of advanced materials and Environmental Chemistry<\/title>\n<meta name=\"robots\" content=\"index, follow, max-snippet:-1, max-image-preview:large, max-video-preview:-1\" \/>\n<link rel=\"canonical\" href=\"https:\/\/wordpress.ft.unicamp.br\/lamec\/projetos\/iniciacao-cientifica\/\" \/>\n<meta property=\"og:locale\" content=\"pt_BR\" \/>\n<meta property=\"og:type\" content=\"article\" \/>\n<meta property=\"og:title\" content=\"Inicia\u00e7\u00e3o Cient\u00edfica - Laboratory of advanced materials and Environmental Chemistry\" \/>\n<meta property=\"og:description\" content=\"Projetos Atuais 1. Juliah Camargo Pinto. Green reduced graphene oxide incorporated into polyacrylonitrile membranes for multi-componet removal from water .In\u00edcio 2024 . Inici\u00e7\u00e3o cient\u00edfica (Graduando em engenharia ambiental) &#8211; Univerdade Estadual de Campinas . (Orientador). 2. Joyce Benedita Natividade Favarin. Prepara\u00e7\u00e3o de adsorventes para remo\u00e7\u00e3o de n\u00edquel de efluente de galvanoplastia da cidade de Limeira [&hellip;]\" \/>\n<meta property=\"og:url\" content=\"https:\/\/wordpress.ft.unicamp.br\/lamec\/projetos\/iniciacao-cientifica\/\" \/>\n<meta property=\"og:site_name\" content=\"Laboratory of advanced materials and Environmental Chemistry\" \/>\n<meta property=\"article:modified_time\" content=\"2024-11-04T22:40:09+00:00\" \/>\n<meta name=\"twitter:card\" content=\"summary_large_image\" \/>\n<meta name=\"twitter:label1\" content=\"Est. tempo de leitura\" \/>\n\t<meta name=\"twitter:data1\" content=\"8 minutos\" \/>\n<script type=\"application\/ld+json\" class=\"yoast-schema-graph\">{\"@context\":\"https:\\\/\\\/schema.org\",\"@graph\":[{\"@type\":\"WebPage\",\"@id\":\"https:\\\/\\\/wordpress.ft.unicamp.br\\\/lamec\\\/projetos\\\/iniciacao-cientifica\\\/\",\"url\":\"https:\\\/\\\/wordpress.ft.unicamp.br\\\/lamec\\\/projetos\\\/iniciacao-cientifica\\\/\",\"name\":\"Inicia\u00e7\u00e3o Cient\u00edfica - Laboratory of advanced materials and Environmental Chemistry\",\"isPartOf\":{\"@id\":\"https:\\\/\\\/wordpress.ft.unicamp.br\\\/lamec\\\/#website\"},\"datePublished\":\"2022-05-16T16:09:12+00:00\",\"dateModified\":\"2024-11-04T22:40:09+00:00\",\"breadcrumb\":{\"@id\":\"https:\\\/\\\/wordpress.ft.unicamp.br\\\/lamec\\\/projetos\\\/iniciacao-cientifica\\\/#breadcrumb\"},\"inLanguage\":\"pt-BR\",\"potentialAction\":[{\"@type\":\"ReadAction\",\"target\":[\"https:\\\/\\\/wordpress.ft.unicamp.br\\\/lamec\\\/projetos\\\/iniciacao-cientifica\\\/\"]}]},{\"@type\":\"BreadcrumbList\",\"@id\":\"https:\\\/\\\/wordpress.ft.unicamp.br\\\/lamec\\\/projetos\\\/iniciacao-cientifica\\\/#breadcrumb\",\"itemListElement\":[{\"@type\":\"ListItem\",\"position\":1,\"name\":\"Home\",\"item\":\"https:\\\/\\\/wordpress.ft.unicamp.br\\\/lamec\\\/\"},{\"@type\":\"ListItem\",\"position\":2,\"name\":\"Projetos\",\"item\":\"https:\\\/\\\/wordpress.ft.unicamp.br\\\/lamec\\\/projetos\\\/\"},{\"@type\":\"ListItem\",\"position\":3,\"name\":\"Inicia\u00e7\u00e3o Cient\u00edfica\"}]},{\"@type\":\"WebSite\",\"@id\":\"https:\\\/\\\/wordpress.ft.unicamp.br\\\/lamec\\\/#website\",\"url\":\"https:\\\/\\\/wordpress.ft.unicamp.br\\\/lamec\\\/\",\"name\":\"Laboratory of advanced materials and Environmental Chemistry\",\"description\":\"\",\"potentialAction\":[{\"@type\":\"SearchAction\",\"target\":{\"@type\":\"EntryPoint\",\"urlTemplate\":\"https:\\\/\\\/wordpress.ft.unicamp.br\\\/lamec\\\/?s={search_term_string}\"},\"query-input\":{\"@type\":\"PropertyValueSpecification\",\"valueRequired\":true,\"valueName\":\"search_term_string\"}}],\"inLanguage\":\"pt-BR\"}]}<\/script>\n<!-- \/ Yoast SEO plugin. -->","yoast_head_json":{"title":"Inicia\u00e7\u00e3o Cient\u00edfica - Laboratory of advanced materials and Environmental Chemistry","robots":{"index":"index","follow":"follow","max-snippet":"max-snippet:-1","max-image-preview":"max-image-preview:large","max-video-preview":"max-video-preview:-1"},"canonical":"https:\/\/wordpress.ft.unicamp.br\/lamec\/projetos\/iniciacao-cientifica\/","og_locale":"pt_BR","og_type":"article","og_title":"Inicia\u00e7\u00e3o Cient\u00edfica - Laboratory of advanced materials and Environmental Chemistry","og_description":"Projetos Atuais 1. Juliah Camargo Pinto. Green reduced graphene oxide incorporated into polyacrylonitrile membranes for multi-componet removal from water .In\u00edcio 2024 . Inici\u00e7\u00e3o cient\u00edfica (Graduando em engenharia ambiental) &#8211; Univerdade Estadual de Campinas . (Orientador). 2. Joyce Benedita Natividade Favarin. Prepara\u00e7\u00e3o de adsorventes para remo\u00e7\u00e3o de n\u00edquel de efluente de galvanoplastia da cidade de Limeira [&hellip;]","og_url":"https:\/\/wordpress.ft.unicamp.br\/lamec\/projetos\/iniciacao-cientifica\/","og_site_name":"Laboratory of advanced materials and Environmental Chemistry","article_modified_time":"2024-11-04T22:40:09+00:00","twitter_card":"summary_large_image","twitter_misc":{"Est. tempo de leitura":"8 minutos"},"schema":{"@context":"https:\/\/schema.org","@graph":[{"@type":"WebPage","@id":"https:\/\/wordpress.ft.unicamp.br\/lamec\/projetos\/iniciacao-cientifica\/","url":"https:\/\/wordpress.ft.unicamp.br\/lamec\/projetos\/iniciacao-cientifica\/","name":"Inicia\u00e7\u00e3o Cient\u00edfica - Laboratory of advanced materials and Environmental Chemistry","isPartOf":{"@id":"https:\/\/wordpress.ft.unicamp.br\/lamec\/#website"},"datePublished":"2022-05-16T16:09:12+00:00","dateModified":"2024-11-04T22:40:09+00:00","breadcrumb":{"@id":"https:\/\/wordpress.ft.unicamp.br\/lamec\/projetos\/iniciacao-cientifica\/#breadcrumb"},"inLanguage":"pt-BR","potentialAction":[{"@type":"ReadAction","target":["https:\/\/wordpress.ft.unicamp.br\/lamec\/projetos\/iniciacao-cientifica\/"]}]},{"@type":"BreadcrumbList","@id":"https:\/\/wordpress.ft.unicamp.br\/lamec\/projetos\/iniciacao-cientifica\/#breadcrumb","itemListElement":[{"@type":"ListItem","position":1,"name":"Home","item":"https:\/\/wordpress.ft.unicamp.br\/lamec\/"},{"@type":"ListItem","position":2,"name":"Projetos","item":"https:\/\/wordpress.ft.unicamp.br\/lamec\/projetos\/"},{"@type":"ListItem","position":3,"name":"Inicia\u00e7\u00e3o Cient\u00edfica"}]},{"@type":"WebSite","@id":"https:\/\/wordpress.ft.unicamp.br\/lamec\/#website","url":"https:\/\/wordpress.ft.unicamp.br\/lamec\/","name":"Laboratory of advanced materials and Environmental Chemistry","description":"","potentialAction":[{"@type":"SearchAction","target":{"@type":"EntryPoint","urlTemplate":"https:\/\/wordpress.ft.unicamp.br\/lamec\/?s={search_term_string}"},"query-input":{"@type":"PropertyValueSpecification","valueRequired":true,"valueName":"search_term_string"}}],"inLanguage":"pt-BR"}]}},"_links":{"self":[{"href":"https:\/\/wordpress.ft.unicamp.br\/lamec\/wp-json\/wp\/v2\/pages\/119","targetHints":{"allow":["GET"]}}],"collection":[{"href":"https:\/\/wordpress.ft.unicamp.br\/lamec\/wp-json\/wp\/v2\/pages"}],"about":[{"href":"https:\/\/wordpress.ft.unicamp.br\/lamec\/wp-json\/wp\/v2\/types\/page"}],"author":[{"embeddable":true,"href":"https:\/\/wordpress.ft.unicamp.br\/lamec\/wp-json\/wp\/v2\/users\/84"}],"replies":[{"embeddable":true,"href":"https:\/\/wordpress.ft.unicamp.br\/lamec\/wp-json\/wp\/v2\/comments?post=119"}],"version-history":[{"count":9,"href":"https:\/\/wordpress.ft.unicamp.br\/lamec\/wp-json\/wp\/v2\/pages\/119\/revisions"}],"predecessor-version":[{"id":331,"href":"https:\/\/wordpress.ft.unicamp.br\/lamec\/wp-json\/wp\/v2\/pages\/119\/revisions\/331"}],"up":[{"embeddable":true,"href":"https:\/\/wordpress.ft.unicamp.br\/lamec\/wp-json\/wp\/v2\/pages\/37"}],"wp:attachment":[{"href":"https:\/\/wordpress.ft.unicamp.br\/lamec\/wp-json\/wp\/v2\/media?parent=119"}],"curies":[{"name":"wp","href":"https:\/\/api.w.org\/{rel}","templated":true}]}}