{"id":124,"date":"2022-05-16T16:13:09","date_gmt":"2022-05-16T16:13:09","guid":{"rendered":"https:\/\/wordpress.ft.unicamp.br\/lamec\/?page_id=124"},"modified":"2024-11-04T22:55:30","modified_gmt":"2024-11-04T22:55:30","slug":"doutorado","status":"publish","type":"page","link":"https:\/\/wordpress.ft.unicamp.br\/lamec\/projetos\/doutorado\/","title":{"rendered":"Doutorado"},"content":{"rendered":"\n<p><strong>Tese de Doutorado<\/strong><\/p>\n\n\n\n<p>1. Nat\u00e1lia Gabriele Camparotto. Prepara\u00e7\u00e3o de novas membranas adsorventes baseadas em MOFs e sua aplica\u00e7\u00e3o na remo\u00e7\u00e3o de poluentes emergentes de \u00e1guas. In\u00edcio: 2023. Tese (Doutorado em TECNOLOGIA) &#8211; Universidade Estadual de Campinas. (Orientador).<\/p>\n\n\n\n<p>2. Paula Mayara Morais da Silva. PREPARA\u00c7\u00c3O DE NOVOS CARBONOS MESOPOROSOS PROVENIENTES DE RES\u00cdDUOS PL\u00c1STICOS E DOPADOS COM METAIS: APLICA\u00c7\u00c3O NA REMO\u00c7\u00c3O DE ANTIBI\u00d3TICOS DE \u00c1GUAS E AN\u00c1LISE TOXICOL\u00d3GICA. In\u00edcio: 2022. Tese (Doutorado em TECNOLOGIA) &#8211; Universidade Estadual de Campinas. (Orientador).<\/p>\n\n\n\n<p>3. MARINA BARBOSA DE FARIAS. Adsor\u00e7\u00e3o de contaminante emergente em comp\u00f3sito baseado em \u00f3xido de grafeno e quitosana produzido por rota verde. In\u00edcio: 2021. Tese (Doutorado em Doutorado em Engenharia Qu\u00edmica) &#8211; Universidade Estadual de Campinas. (Coorientador).<\/p>\n\n\n\n<p>4. Tauany de Figueiredo Neves. Estudo do processo de ozoniza\u00e7\u00e3o seguido de ultra\/biofiltra\u00e7\u00e3o com membranas baseadas em polivinil piridinium\/\u00f3xido de grafeno para a remo\u00e7\u00e3o de micropoluentes em efluentes. In\u00edcio: 2020. Tese (Doutorado em TECNOLOGIA) &#8211; Universidade Estadual de Campinas, Funda\u00e7\u00e3o de Amparo \u00e0 Pesquisa do Estado de S\u00e3o Paulo. (Coorientador).<\/p>\n\n\n\n<p>5. Josiane Aparecida de Souza Vendemiatti. S\u00edntese de derivados de corantes da classe dinitrofenilazo: caracteriza\u00e7\u00e3o qu\u00edmica, avalia\u00e7\u00e3o genot\u00f3xica e ecotoxicol\u00f3gica. 2020. Tese (Doutorado em TECNOLOGIA) &#8211; Universidade Estadual de Campinas. Orientador: Patricia Prediger.<\/p>\n\n\n\n<p class=\"has-text-align-left\"><strong>Supervis\u00e3o de p\u00f3s-doutorado<\/strong> <\/p>\n\n\n\n<p>1.HAROLD HILARION FOKOUE. In\u00edcio: 2024. Universidade Estadual de Campinas, Fundo de Apoio ao Ensino, \u00e0 Pesquisa e Extens\u00e3o da UNICAMP.<\/p>\n","protected":false},"excerpt":{"rendered":"<p>Tese de Doutorado 1. Nat\u00e1lia Gabriele Camparotto. Prepara\u00e7\u00e3o de novas membranas adsorventes baseadas em MOFs e sua aplica\u00e7\u00e3o na remo\u00e7\u00e3o de poluentes emergentes de \u00e1guas. In\u00edcio: 2023. Tese (Doutorado em TECNOLOGIA) &#8211; Universidade Estadual de Campinas. (Orientador). 2. Paula Mayara Morais da Silva. PREPARA\u00c7\u00c3O DE NOVOS CARBONOS MESOPOROSOS PROVENIENTES DE RES\u00cdDUOS PL\u00c1STICOS E DOPADOS COM [&hellip;]<\/p>\n","protected":false},"author":84,"featured_media":0,"parent":37,"menu_order":4,"comment_status":"closed","ping_status":"closed","template":"","meta":{"footnotes":""},"class_list":["post-124","page","type-page","status-publish","hentry"],"yoast_head":"<!-- This site is optimized with the Yoast SEO plugin v27.3 - https:\/\/yoast.com\/product\/yoast-seo-wordpress\/ -->\n<title>Doutorado - Laboratory of advanced materials and Environmental Chemistry<\/title>\n<meta name=\"robots\" content=\"index, follow, max-snippet:-1, max-image-preview:large, max-video-preview:-1\" \/>\n<link rel=\"canonical\" href=\"https:\/\/wordpress.ft.unicamp.br\/lamec\/projetos\/doutorado\/\" \/>\n<meta property=\"og:locale\" content=\"pt_BR\" \/>\n<meta property=\"og:type\" content=\"article\" \/>\n<meta property=\"og:title\" content=\"Doutorado - Laboratory of advanced materials and Environmental Chemistry\" \/>\n<meta property=\"og:description\" content=\"Tese de Doutorado 1. Nat\u00e1lia Gabriele Camparotto. Prepara\u00e7\u00e3o de novas membranas adsorventes baseadas em MOFs e sua aplica\u00e7\u00e3o na remo\u00e7\u00e3o de poluentes emergentes de \u00e1guas. In\u00edcio: 2023. Tese (Doutorado em TECNOLOGIA) &#8211; Universidade Estadual de Campinas. (Orientador). 2. Paula Mayara Morais da Silva. PREPARA\u00c7\u00c3O DE NOVOS CARBONOS MESOPOROSOS PROVENIENTES DE RES\u00cdDUOS PL\u00c1STICOS E DOPADOS COM [&hellip;]\" \/>\n<meta property=\"og:url\" content=\"https:\/\/wordpress.ft.unicamp.br\/lamec\/projetos\/doutorado\/\" \/>\n<meta property=\"og:site_name\" content=\"Laboratory of advanced materials and Environmental Chemistry\" \/>\n<meta property=\"article:modified_time\" content=\"2024-11-04T22:55:30+00:00\" \/>\n<meta name=\"twitter:card\" content=\"summary_large_image\" \/>\n<meta name=\"twitter:label1\" content=\"Est. tempo de leitura\" \/>\n\t<meta name=\"twitter:data1\" content=\"2 minutos\" \/>\n<script type=\"application\/ld+json\" class=\"yoast-schema-graph\">{\"@context\":\"https:\\\/\\\/schema.org\",\"@graph\":[{\"@type\":\"WebPage\",\"@id\":\"https:\\\/\\\/wordpress.ft.unicamp.br\\\/lamec\\\/projetos\\\/doutorado\\\/\",\"url\":\"https:\\\/\\\/wordpress.ft.unicamp.br\\\/lamec\\\/projetos\\\/doutorado\\\/\",\"name\":\"Doutorado - Laboratory of advanced materials and Environmental Chemistry\",\"isPartOf\":{\"@id\":\"https:\\\/\\\/wordpress.ft.unicamp.br\\\/lamec\\\/#website\"},\"datePublished\":\"2022-05-16T16:13:09+00:00\",\"dateModified\":\"2024-11-04T22:55:30+00:00\",\"breadcrumb\":{\"@id\":\"https:\\\/\\\/wordpress.ft.unicamp.br\\\/lamec\\\/projetos\\\/doutorado\\\/#breadcrumb\"},\"inLanguage\":\"pt-BR\",\"potentialAction\":[{\"@type\":\"ReadAction\",\"target\":[\"https:\\\/\\\/wordpress.ft.unicamp.br\\\/lamec\\\/projetos\\\/doutorado\\\/\"]}]},{\"@type\":\"BreadcrumbList\",\"@id\":\"https:\\\/\\\/wordpress.ft.unicamp.br\\\/lamec\\\/projetos\\\/doutorado\\\/#breadcrumb\",\"itemListElement\":[{\"@type\":\"ListItem\",\"position\":1,\"name\":\"Home\",\"item\":\"https:\\\/\\\/wordpress.ft.unicamp.br\\\/lamec\\\/\"},{\"@type\":\"ListItem\",\"position\":2,\"name\":\"Projetos\",\"item\":\"https:\\\/\\\/wordpress.ft.unicamp.br\\\/lamec\\\/projetos\\\/\"},{\"@type\":\"ListItem\",\"position\":3,\"name\":\"Doutorado\"}]},{\"@type\":\"WebSite\",\"@id\":\"https:\\\/\\\/wordpress.ft.unicamp.br\\\/lamec\\\/#website\",\"url\":\"https:\\\/\\\/wordpress.ft.unicamp.br\\\/lamec\\\/\",\"name\":\"Laboratory of advanced materials and Environmental Chemistry\",\"description\":\"\",\"potentialAction\":[{\"@type\":\"SearchAction\",\"target\":{\"@type\":\"EntryPoint\",\"urlTemplate\":\"https:\\\/\\\/wordpress.ft.unicamp.br\\\/lamec\\\/?s={search_term_string}\"},\"query-input\":{\"@type\":\"PropertyValueSpecification\",\"valueRequired\":true,\"valueName\":\"search_term_string\"}}],\"inLanguage\":\"pt-BR\"}]}<\/script>\n<!-- \/ Yoast SEO plugin. -->","yoast_head_json":{"title":"Doutorado - Laboratory of advanced materials and Environmental Chemistry","robots":{"index":"index","follow":"follow","max-snippet":"max-snippet:-1","max-image-preview":"max-image-preview:large","max-video-preview":"max-video-preview:-1"},"canonical":"https:\/\/wordpress.ft.unicamp.br\/lamec\/projetos\/doutorado\/","og_locale":"pt_BR","og_type":"article","og_title":"Doutorado - Laboratory of advanced materials and Environmental Chemistry","og_description":"Tese de Doutorado 1. Nat\u00e1lia Gabriele Camparotto. Prepara\u00e7\u00e3o de novas membranas adsorventes baseadas em MOFs e sua aplica\u00e7\u00e3o na remo\u00e7\u00e3o de poluentes emergentes de \u00e1guas. In\u00edcio: 2023. Tese (Doutorado em TECNOLOGIA) &#8211; Universidade Estadual de Campinas. (Orientador). 2. Paula Mayara Morais da Silva. PREPARA\u00c7\u00c3O DE NOVOS CARBONOS MESOPOROSOS PROVENIENTES DE RES\u00cdDUOS PL\u00c1STICOS E DOPADOS COM [&hellip;]","og_url":"https:\/\/wordpress.ft.unicamp.br\/lamec\/projetos\/doutorado\/","og_site_name":"Laboratory of advanced materials and Environmental Chemistry","article_modified_time":"2024-11-04T22:55:30+00:00","twitter_card":"summary_large_image","twitter_misc":{"Est. tempo de leitura":"2 minutos"},"schema":{"@context":"https:\/\/schema.org","@graph":[{"@type":"WebPage","@id":"https:\/\/wordpress.ft.unicamp.br\/lamec\/projetos\/doutorado\/","url":"https:\/\/wordpress.ft.unicamp.br\/lamec\/projetos\/doutorado\/","name":"Doutorado - Laboratory of advanced materials and Environmental Chemistry","isPartOf":{"@id":"https:\/\/wordpress.ft.unicamp.br\/lamec\/#website"},"datePublished":"2022-05-16T16:13:09+00:00","dateModified":"2024-11-04T22:55:30+00:00","breadcrumb":{"@id":"https:\/\/wordpress.ft.unicamp.br\/lamec\/projetos\/doutorado\/#breadcrumb"},"inLanguage":"pt-BR","potentialAction":[{"@type":"ReadAction","target":["https:\/\/wordpress.ft.unicamp.br\/lamec\/projetos\/doutorado\/"]}]},{"@type":"BreadcrumbList","@id":"https:\/\/wordpress.ft.unicamp.br\/lamec\/projetos\/doutorado\/#breadcrumb","itemListElement":[{"@type":"ListItem","position":1,"name":"Home","item":"https:\/\/wordpress.ft.unicamp.br\/lamec\/"},{"@type":"ListItem","position":2,"name":"Projetos","item":"https:\/\/wordpress.ft.unicamp.br\/lamec\/projetos\/"},{"@type":"ListItem","position":3,"name":"Doutorado"}]},{"@type":"WebSite","@id":"https:\/\/wordpress.ft.unicamp.br\/lamec\/#website","url":"https:\/\/wordpress.ft.unicamp.br\/lamec\/","name":"Laboratory of advanced materials and Environmental Chemistry","description":"","potentialAction":[{"@type":"SearchAction","target":{"@type":"EntryPoint","urlTemplate":"https:\/\/wordpress.ft.unicamp.br\/lamec\/?s={search_term_string}"},"query-input":{"@type":"PropertyValueSpecification","valueRequired":true,"valueName":"search_term_string"}}],"inLanguage":"pt-BR"}]}},"_links":{"self":[{"href":"https:\/\/wordpress.ft.unicamp.br\/lamec\/wp-json\/wp\/v2\/pages\/124","targetHints":{"allow":["GET"]}}],"collection":[{"href":"https:\/\/wordpress.ft.unicamp.br\/lamec\/wp-json\/wp\/v2\/pages"}],"about":[{"href":"https:\/\/wordpress.ft.unicamp.br\/lamec\/wp-json\/wp\/v2\/types\/page"}],"author":[{"embeddable":true,"href":"https:\/\/wordpress.ft.unicamp.br\/lamec\/wp-json\/wp\/v2\/users\/84"}],"replies":[{"embeddable":true,"href":"https:\/\/wordpress.ft.unicamp.br\/lamec\/wp-json\/wp\/v2\/comments?post=124"}],"version-history":[{"count":5,"href":"https:\/\/wordpress.ft.unicamp.br\/lamec\/wp-json\/wp\/v2\/pages\/124\/revisions"}],"predecessor-version":[{"id":333,"href":"https:\/\/wordpress.ft.unicamp.br\/lamec\/wp-json\/wp\/v2\/pages\/124\/revisions\/333"}],"up":[{"embeddable":true,"href":"https:\/\/wordpress.ft.unicamp.br\/lamec\/wp-json\/wp\/v2\/pages\/37"}],"wp:attachment":[{"href":"https:\/\/wordpress.ft.unicamp.br\/lamec\/wp-json\/wp\/v2\/media?parent=124"}],"curies":[{"name":"wp","href":"https:\/\/api.w.org\/{rel}","templated":true}]}}