{"id":127,"date":"2022-05-16T16:15:02","date_gmt":"2022-05-16T16:15:02","guid":{"rendered":"https:\/\/wordpress.ft.unicamp.br\/lamec\/?page_id=127"},"modified":"2026-04-12T23:00:51","modified_gmt":"2026-04-12T23:00:51","slug":"tcc","status":"publish","type":"page","link":"https:\/\/wordpress.ft.unicamp.br\/lamec\/projetos\/tcc\/","title":{"rendered":"TCC"},"content":{"rendered":"\t\t<div data-elementor-type=\"wp-page\" data-elementor-id=\"127\" class=\"elementor elementor-127\">\n\t\t\t\t\t\t<section class=\"elementor-section elementor-top-section elementor-element elementor-element-7bbe196a elementor-section-boxed elementor-section-height-default elementor-section-height-default\" data-id=\"7bbe196a\" data-element_type=\"section\" data-e-type=\"section\">\n\t\t\t\t\t\t<div class=\"elementor-container elementor-column-gap-default\">\n\t\t\t\t\t<div class=\"elementor-column elementor-col-100 elementor-top-column elementor-element elementor-element-7cd70b02\" data-id=\"7cd70b02\" data-element_type=\"column\" data-e-type=\"column\">\n\t\t\t<div class=\"elementor-widget-wrap elementor-element-populated\">\n\t\t\t\t\t\t<div class=\"elementor-element elementor-element-285a9cf8 elementor-widget elementor-widget-text-editor\" data-id=\"285a9cf8\" data-element_type=\"widget\" data-e-type=\"widget\" data-widget_type=\"text-editor.default\">\n\t\t\t\t<div class=\"elementor-widget-container\">\n\t\t\t\t\t\t\t\t\t\n<h2><strong>Trabalho de Conclus\u00e3o do Curso de Gradua\u00e7\u00e3o<\/strong><\/h2>\n\n<div class=\"layout-cell layout-cell-1 text-align-right\">\n<ol>\n<li class=\"layout-cell-pad-6 text-align-right\">Lucero de Jesus Chulluncuy Julcarima. Prepara\u00e7\u00e3p de adsorventes baseados na qu\u00edmica verde e sua aplica\u00e7\u00e3o na remo\u00e7\u00e3o de poluentes de \u00e1guas. 2024. Trabalho de Conclus\u00e3o de Curso. (Gradua\u00e7\u00e3o em Engenharia Ambiental) &#8211; Universidade Estadual de Campinas. Orientador: Patricia Prediger.<\/li>\n<li class=\"layout-cell-pad-6 text-align-right\">Daniel Violin. Preparation of New Polymeric Membranes Containing a Green Composite Based on Nanocellulose, modified Tannic Acid: Mechanism Study of theRemoval of Propranolol in Water. 2022. Trabalho de Conclus\u00e3o de Curso. (Gradua\u00e7\u00e3o em Engenharia Ambiental) &#8211; Universidade Estadual de Campinas. Orientador: Patricia Prediger.<\/li>\n<li class=\"layout-cell-pad-6 text-align-right\">Everton Augusto Rodrigues. Preparation of New Polymeric Membranes Containing a Green Composite Based on Nanocellulose, modified Tannic Acid: Mechanism Study of theRemoval of Propranolol in Water. 2022. Trabalho de Conclus\u00e3o de Curso. (Gradua\u00e7\u00e3o em Engenharia Ambiental) &#8211; Universidade Estadual de Campinas. Orientador: Patricia Prediger.<\/li>\n<li class=\"layout-cell-pad-6 text-align-right\">BRUNA TOLEDO DOS SANTOS. Adsor\u00e7\u00e3o de poluentes usando nanomateriais sintetizados por rota verde e convencional: uma revis\u00e3o comparativa. 2022. Trabalho de Conclus\u00e3o de Curso. (Gradua\u00e7\u00e3o em Engenharia Ambiental) &#8211; Universidade Estadual de Campinas. Orientador: Patricia Prediger.<\/li>\n<li class=\"layout-cell-pad-6 text-align-right\">Guilherme Moreira Pacifico Pereira. PREPARA\u00c7\u00c3O DE MICROESFERAS BASEADAS EM COMP\u00d3SITOS DE NANOCELULOSE-\u00c1CIDO T\u00c2NICO HIDROFOBIZADO E SUA APLICA\u00c7\u00c3O NA ADSOR\u00c7\u00c3O DE CORANTE EM \u00c1GUA. 2021. Trabalho de Conclus\u00e3o de Curso. (Gradua\u00e7\u00e3o em Engenharia Ambiental) &#8211; Universidade Estadual de Campinas. Orientador: Patricia Prediger.<\/li>\n<li class=\"layout-cell-pad-6 text-align-right\">Carlos Henrique Guimar\u00e3es. Studies on the removal of dyes from water using carbon nitride\/graphene oxide composites as adsorbents. 2019. Trabalho de Conclus\u00e3o de Curso. (Gradua\u00e7\u00e3o em Engenharia Ambiental) &#8211; Universidade Estadual de Campinas. Orientador: Patricia Prediger.<\/li>\n<li class=\"layout-cell-pad-6 text-align-right\">Junia Teixeira Martins. Studies on the removal of dyes from water using carbon nitride\/graphene oxide composites as adsorbents. 2019. Trabalho de Conclus\u00e3o de Curso. (Gradua\u00e7\u00e3o em Engenharia Ambiental) &#8211; Universidade Estadual de Campinas. Orientador: Patricia Prediger.<\/li>\n<li class=\"layout-cell-pad-6 text-align-right\">Nat\u00e1lia Gabriele Camparotto. Prepara\u00e7\u00e3o de microesferas baseadas em quitosana\/TPP com \u00f3xido de grafeno e nanocelulose e sua aplica\u00e7\u00e3o na purifica\u00e7\u00e3o de \u00e1guas. 2018. Trabalho de Conclus\u00e3o de Curso. (Gradua\u00e7\u00e3o em Controle Ambiental) &#8211; Universidade Estadual de Campinas. Orientador: Patricia Prediger.<\/li>\n<li class=\"layout-cell-pad-6 text-align-right\">Junia Teixeira Martins. Otimiza\u00e7\u00e3o do processo de remo\u00e7\u00e3o do corante Basic Blue 26 por adsor\u00e7\u00e3o em carbon nitries. 2018. Trabalho de Conclus\u00e3o de Curso. (Gradua\u00e7\u00e3o em Engenharia Ambiental) &#8211; Universidade Estadual de Campinas. Orientador: Patricia Prediger.<\/li>\n<li class=\"layout-cell-pad-6 text-align-right\">Carlos Henrique Guimar\u00e3es. Otimiza\u00e7\u00e3o do processo de adsor\u00e7\u00e3o do corante Basic Blue 26 da \u00e1gua atrav\u00e9s da adsor\u00e7\u00e3o em carbon nitrides. 2018. Trabalho de Conclus\u00e3o de Curso. (Gradua\u00e7\u00e3o em Engenharia Ambiental) &#8211; Universidade Estadual de Campinas. Orientador: Patricia Prediger.<\/li>\n<\/ol>\n<\/div>\n\t\t\t\t\t\t\t\t<\/div>\n\t\t\t\t<\/div>\n\t\t\t\t\t<\/div>\n\t\t<\/div>\n\t\t\t\t\t<\/div>\n\t\t<\/section>\n\t\t\t\t<section class=\"elementor-section elementor-top-section elementor-element elementor-element-eeab626 elementor-section-boxed elementor-section-height-default elementor-section-height-default\" data-id=\"eeab626\" data-element_type=\"section\" data-e-type=\"section\">\n\t\t\t\t\t\t<div class=\"elementor-container elementor-column-gap-default\">\n\t\t\t\t\t<div class=\"elementor-column elementor-col-100 elementor-top-column elementor-element elementor-element-021346f\" data-id=\"021346f\" data-element_type=\"column\" data-e-type=\"column\">\n\t\t\t<div class=\"elementor-widget-wrap elementor-element-populated\">\n\t\t\t\t\t\t\t<\/div>\n\t\t<\/div>\n\t\t\t\t\t<\/div>\n\t\t<\/section>\n\t\t\t\t<\/div>\n\t\t","protected":false},"excerpt":{"rendered":"<p>Trabalho de Conclus\u00e3o do Curso de Gradua\u00e7\u00e3o Lucero de Jesus Chulluncuy Julcarima. Prepara\u00e7\u00e3p de adsorventes baseados na qu\u00edmica verde e sua aplica\u00e7\u00e3o na remo\u00e7\u00e3o de poluentes de \u00e1guas. 2024. Trabalho de Conclus\u00e3o de Curso. (Gradua\u00e7\u00e3o em Engenharia Ambiental) &#8211; Universidade Estadual de Campinas. Orientador: Patricia Prediger. Daniel Violin. Preparation of New Polymeric Membranes Containing a [&hellip;]<\/p>\n","protected":false},"author":84,"featured_media":0,"parent":37,"menu_order":2,"comment_status":"closed","ping_status":"closed","template":"","meta":{"footnotes":""},"class_list":["post-127","page","type-page","status-publish","hentry"],"yoast_head":"<!-- This site is optimized with the Yoast SEO plugin v27.5 - https:\/\/yoast.com\/product\/yoast-seo-wordpress\/ -->\n<title>TCC - Laboratory of advanced materials and Environmental Chemistry<\/title>\n<meta name=\"robots\" content=\"index, follow, max-snippet:-1, max-image-preview:large, max-video-preview:-1\" \/>\n<link rel=\"canonical\" href=\"https:\/\/wordpress.ft.unicamp.br\/lamec\/projetos\/tcc\/\" \/>\n<meta property=\"og:locale\" content=\"pt_BR\" \/>\n<meta property=\"og:type\" content=\"article\" \/>\n<meta property=\"og:title\" content=\"TCC - Laboratory of advanced materials and Environmental Chemistry\" \/>\n<meta property=\"og:description\" content=\"Trabalho de Conclus\u00e3o do Curso de Gradua\u00e7\u00e3o Lucero de Jesus Chulluncuy Julcarima. Prepara\u00e7\u00e3p de adsorventes baseados na qu\u00edmica verde e sua aplica\u00e7\u00e3o na remo\u00e7\u00e3o de poluentes de \u00e1guas. 2024. Trabalho de Conclus\u00e3o de Curso. (Gradua\u00e7\u00e3o em Engenharia Ambiental) &#8211; Universidade Estadual de Campinas. Orientador: Patricia Prediger. Daniel Violin. Preparation of New Polymeric Membranes Containing a [&hellip;]\" \/>\n<meta property=\"og:url\" content=\"https:\/\/wordpress.ft.unicamp.br\/lamec\/projetos\/tcc\/\" \/>\n<meta property=\"og:site_name\" content=\"Laboratory of advanced materials and Environmental Chemistry\" \/>\n<meta property=\"article:modified_time\" content=\"2026-04-12T23:00:51+00:00\" \/>\n<meta name=\"twitter:card\" content=\"summary_large_image\" \/>\n<meta name=\"twitter:label1\" content=\"Est. tempo de leitura\" \/>\n\t<meta name=\"twitter:data1\" content=\"3 minutos\" \/>\n<script type=\"application\/ld+json\" class=\"yoast-schema-graph\">{\"@context\":\"https:\\\/\\\/schema.org\",\"@graph\":[{\"@type\":\"WebPage\",\"@id\":\"https:\\\/\\\/wordpress.ft.unicamp.br\\\/lamec\\\/projetos\\\/tcc\\\/\",\"url\":\"https:\\\/\\\/wordpress.ft.unicamp.br\\\/lamec\\\/projetos\\\/tcc\\\/\",\"name\":\"TCC - Laboratory of advanced materials and Environmental Chemistry\",\"isPartOf\":{\"@id\":\"https:\\\/\\\/wordpress.ft.unicamp.br\\\/lamec\\\/#website\"},\"datePublished\":\"2022-05-16T16:15:02+00:00\",\"dateModified\":\"2026-04-12T23:00:51+00:00\",\"breadcrumb\":{\"@id\":\"https:\\\/\\\/wordpress.ft.unicamp.br\\\/lamec\\\/projetos\\\/tcc\\\/#breadcrumb\"},\"inLanguage\":\"pt-BR\",\"potentialAction\":[{\"@type\":\"ReadAction\",\"target\":[\"https:\\\/\\\/wordpress.ft.unicamp.br\\\/lamec\\\/projetos\\\/tcc\\\/\"]}]},{\"@type\":\"BreadcrumbList\",\"@id\":\"https:\\\/\\\/wordpress.ft.unicamp.br\\\/lamec\\\/projetos\\\/tcc\\\/#breadcrumb\",\"itemListElement\":[{\"@type\":\"ListItem\",\"position\":1,\"name\":\"Home\",\"item\":\"https:\\\/\\\/wordpress.ft.unicamp.br\\\/lamec\\\/\"},{\"@type\":\"ListItem\",\"position\":2,\"name\":\"Projetos\",\"item\":\"https:\\\/\\\/wordpress.ft.unicamp.br\\\/lamec\\\/projetos\\\/\"},{\"@type\":\"ListItem\",\"position\":3,\"name\":\"TCC\"}]},{\"@type\":\"WebSite\",\"@id\":\"https:\\\/\\\/wordpress.ft.unicamp.br\\\/lamec\\\/#website\",\"url\":\"https:\\\/\\\/wordpress.ft.unicamp.br\\\/lamec\\\/\",\"name\":\"Laboratory of advanced materials and Environmental Chemistry\",\"description\":\"\",\"potentialAction\":[{\"@type\":\"SearchAction\",\"target\":{\"@type\":\"EntryPoint\",\"urlTemplate\":\"https:\\\/\\\/wordpress.ft.unicamp.br\\\/lamec\\\/?s={search_term_string}\"},\"query-input\":{\"@type\":\"PropertyValueSpecification\",\"valueRequired\":true,\"valueName\":\"search_term_string\"}}],\"inLanguage\":\"pt-BR\"}]}<\/script>\n<!-- \/ Yoast SEO plugin. -->","yoast_head_json":{"title":"TCC - Laboratory of advanced materials and Environmental Chemistry","robots":{"index":"index","follow":"follow","max-snippet":"max-snippet:-1","max-image-preview":"max-image-preview:large","max-video-preview":"max-video-preview:-1"},"canonical":"https:\/\/wordpress.ft.unicamp.br\/lamec\/projetos\/tcc\/","og_locale":"pt_BR","og_type":"article","og_title":"TCC - Laboratory of advanced materials and Environmental Chemistry","og_description":"Trabalho de Conclus\u00e3o do Curso de Gradua\u00e7\u00e3o Lucero de Jesus Chulluncuy Julcarima. Prepara\u00e7\u00e3p de adsorventes baseados na qu\u00edmica verde e sua aplica\u00e7\u00e3o na remo\u00e7\u00e3o de poluentes de \u00e1guas. 2024. Trabalho de Conclus\u00e3o de Curso. (Gradua\u00e7\u00e3o em Engenharia Ambiental) &#8211; Universidade Estadual de Campinas. Orientador: Patricia Prediger. Daniel Violin. Preparation of New Polymeric Membranes Containing a [&hellip;]","og_url":"https:\/\/wordpress.ft.unicamp.br\/lamec\/projetos\/tcc\/","og_site_name":"Laboratory of advanced materials and Environmental Chemistry","article_modified_time":"2026-04-12T23:00:51+00:00","twitter_card":"summary_large_image","twitter_misc":{"Est. tempo de leitura":"3 minutos"},"schema":{"@context":"https:\/\/schema.org","@graph":[{"@type":"WebPage","@id":"https:\/\/wordpress.ft.unicamp.br\/lamec\/projetos\/tcc\/","url":"https:\/\/wordpress.ft.unicamp.br\/lamec\/projetos\/tcc\/","name":"TCC - Laboratory of advanced materials and Environmental Chemistry","isPartOf":{"@id":"https:\/\/wordpress.ft.unicamp.br\/lamec\/#website"},"datePublished":"2022-05-16T16:15:02+00:00","dateModified":"2026-04-12T23:00:51+00:00","breadcrumb":{"@id":"https:\/\/wordpress.ft.unicamp.br\/lamec\/projetos\/tcc\/#breadcrumb"},"inLanguage":"pt-BR","potentialAction":[{"@type":"ReadAction","target":["https:\/\/wordpress.ft.unicamp.br\/lamec\/projetos\/tcc\/"]}]},{"@type":"BreadcrumbList","@id":"https:\/\/wordpress.ft.unicamp.br\/lamec\/projetos\/tcc\/#breadcrumb","itemListElement":[{"@type":"ListItem","position":1,"name":"Home","item":"https:\/\/wordpress.ft.unicamp.br\/lamec\/"},{"@type":"ListItem","position":2,"name":"Projetos","item":"https:\/\/wordpress.ft.unicamp.br\/lamec\/projetos\/"},{"@type":"ListItem","position":3,"name":"TCC"}]},{"@type":"WebSite","@id":"https:\/\/wordpress.ft.unicamp.br\/lamec\/#website","url":"https:\/\/wordpress.ft.unicamp.br\/lamec\/","name":"Laboratory of advanced materials and Environmental Chemistry","description":"","potentialAction":[{"@type":"SearchAction","target":{"@type":"EntryPoint","urlTemplate":"https:\/\/wordpress.ft.unicamp.br\/lamec\/?s={search_term_string}"},"query-input":{"@type":"PropertyValueSpecification","valueRequired":true,"valueName":"search_term_string"}}],"inLanguage":"pt-BR"}]}},"_links":{"self":[{"href":"https:\/\/wordpress.ft.unicamp.br\/lamec\/wp-json\/wp\/v2\/pages\/127","targetHints":{"allow":["GET"]}}],"collection":[{"href":"https:\/\/wordpress.ft.unicamp.br\/lamec\/wp-json\/wp\/v2\/pages"}],"about":[{"href":"https:\/\/wordpress.ft.unicamp.br\/lamec\/wp-json\/wp\/v2\/types\/page"}],"author":[{"embeddable":true,"href":"https:\/\/wordpress.ft.unicamp.br\/lamec\/wp-json\/wp\/v2\/users\/84"}],"replies":[{"embeddable":true,"href":"https:\/\/wordpress.ft.unicamp.br\/lamec\/wp-json\/wp\/v2\/comments?post=127"}],"version-history":[{"count":5,"href":"https:\/\/wordpress.ft.unicamp.br\/lamec\/wp-json\/wp\/v2\/pages\/127\/revisions"}],"predecessor-version":[{"id":464,"href":"https:\/\/wordpress.ft.unicamp.br\/lamec\/wp-json\/wp\/v2\/pages\/127\/revisions\/464"}],"up":[{"embeddable":true,"href":"https:\/\/wordpress.ft.unicamp.br\/lamec\/wp-json\/wp\/v2\/pages\/37"}],"wp:attachment":[{"href":"https:\/\/wordpress.ft.unicamp.br\/lamec\/wp-json\/wp\/v2\/media?parent=127"}],"curies":[{"name":"wp","href":"https:\/\/api.w.org\/{rel}","templated":true}]}}