{"id":33,"date":"2022-05-03T00:58:03","date_gmt":"2022-05-03T00:58:03","guid":{"rendered":"https:\/\/wordpress.ft.unicamp.br\/lamec\/?page_id=33"},"modified":"2024-12-05T21:52:15","modified_gmt":"2024-12-05T21:52:15","slug":"sobre-nos","status":"publish","type":"page","link":"https:\/\/wordpress.ft.unicamp.br\/lamec\/sobre-nos\/","title":{"rendered":"Sobre N\u00f3s"},"content":{"rendered":"\n<p class=\"has-text-align-left has-medium-font-size\">O Laborat\u00f3rio LAMEC, Laboratory of Advanced Materials and Environmental Chemistry, foi criado em 2015 pela profa. Dra. Patricia Prediger. Inicialmente, o laborat\u00f3rio se chamava Laborat\u00f3rio de Qu\u00edmica Org\u00e2nica e Materiais (LAQOM), devido ao foco dos projetos estarem fortemente baseados na qu\u00edmica org\u00e2nica e materiais. Com o passar dos anos, com a participa\u00e7\u00e3o de diversos alunos de inicia\u00e7\u00e3o cient\u00edfica, mestrado e doutorado, o laborat\u00f3rio produziu diversos artigos cient\u00edficos, cap\u00edtulos de livros e trabalhos em congressos na \u00e1rea ambiental, empregando materiais avan\u00e7ados para a purifica\u00e7\u00e3o de \u00e1guas. Da\u00ed a necessidade de trocar o nome para LAMEC, onde foi inclu\u00edda a qu\u00edmica ambiental, fato ocorrido em 2021. Atualmente, o laborat\u00f3rio sintetiza novos materiais, aplica-os na purifica\u00e7\u00e3o de \u00e1guas e avalia a capacidade destes materiais em modular a toxicidade de outro contaminantes co-existentes para organismos aqu\u00e1ticos.<\/p>\n\n\n\n<ul class=\"wp-block-list\">\n<li><strong>Vis\u00e3o:<\/strong> Desenvolver novas tecnologias com base nos pilares da qu\u00edmica verde, visando o tratamento de \u00e1guas e avaliar seus impactos para o meio ambiente. Al\u00e9m de promover a capacita\u00e7\u00e3o, por meio da ci\u00eancia, de alunos e profissionais. Buscar a gera\u00e7\u00e3o de tecnologias que melhorem a qualidade de vida da sociedade corroborando com os seguintes objetivos de desenvolvimento sustent\u00e1vel da agenda 2030:<\/li>\n<\/ul>\n\n\n\n<div class=\"wp-block-columns is-layout-flex wp-container-core-columns-is-layout-9d6595d7 wp-block-columns-is-layout-flex\">\n<div class=\"wp-block-column is-vertically-aligned-center is-layout-flow wp-block-column-is-layout-flow\" style=\"flex-basis:33.33%\">\n<figure class=\"wp-block-image size-large\"><img decoding=\"async\" src=\"http:\/\/wordpress.ft.unicamp.br\/lamec\/wp-content\/uploads\/sites\/75\/2022\/05\/ods-4.png\" alt=\"\" \/><\/figure>\n<\/div>\n\n\n\n<div class=\"wp-block-column is-vertically-aligned-center is-layout-flow wp-block-column-is-layout-flow\" style=\"flex-basis:33.33%\">\n<figure class=\"wp-block-image size-large\"><img decoding=\"async\" src=\"http:\/\/wordpress.ft.unicamp.br\/lamec\/wp-content\/uploads\/sites\/75\/2022\/05\/ods-6.png\" alt=\"\" \/><\/figure>\n<\/div>\n\n\n\n<div class=\"wp-block-column is-vertically-aligned-center is-layout-flow wp-block-column-is-layout-flow\" style=\"flex-basis:33.33%\">\n<div class=\"wp-block-columns is-layout-flex wp-container-core-columns-is-layout-9d6595d7 wp-block-columns-is-layout-flex\">\n<div class=\"wp-block-column is-layout-flow wp-block-column-is-layout-flow\" style=\"flex-basis:100%\">\n<figure class=\"wp-block-image size-large is-resized\"><img decoding=\"async\" src=\"http:\/\/wordpress.ft.unicamp.br\/lamec\/wp-content\/uploads\/sites\/75\/2022\/05\/ods11.png\" alt=\"\" style=\"width:224px;height:224px\" \/><\/figure>\n<\/div>\n<\/div>\n<\/div>\n<\/div>\n\n\n\n<ul class=\"wp-block-list\">\n<li><strong>Miss\u00e3o:<\/strong> Ser um laborat\u00f3rio de refer\u00eancia&nbsp; no preparo de materiais com base nos pilares da qu\u00edmica verde e contribuir para o desenvolvimento da ci\u00eancia brasileira na \u00e1rea de qu\u00edmica ambiental e purifica\u00e7\u00e3o de \u00e1guas.<\/li>\n<\/ul>\n\n\n\n<ul class=\"wp-block-list\">\n<li><strong>Valores:<\/strong><ul><li>Buscar excel\u00eancia operacional e cient\u00edfica.<\/li><\/ul>\n<ul class=\"wp-block-list\">\n<li>Promover o uso de materiais preparados com base nos pilares da qu\u00edmica verde, visando a sustentabilidade.<\/li>\n\n\n\n<li>Produzir ci\u00eancia de forma a impactar positivamente os alunos, profissionais e a sociedade.<\/li>\n\n\n\n<li>Impulsionar lideran\u00e7as com senso cr\u00edtico e \u00e9tica ambiental.<\/li>\n\n\n\n<li>Desenvolver rela\u00e7\u00f5es interpessoais atrav\u00e9s da constru\u00e7\u00e3o de um ambiente colaborativo e agrad\u00e1vel.<\/li>\n<\/ul>\n<\/li>\n<\/ul>\n\n\n\n<ul class=\"wp-block-list\">\n<li><strong>Membros:<\/strong>\n\n\n\n\n\n\n\n\n\n\n\n\n\n\n\n\n\n\n\n\n<ul class=\"wp-block-list\">\n<li><strong>Patr\u00edcia Prediger<\/strong> &#8211; Coordenadora do Laboratory of Advanced Material and Enviromental Chemistry (LAMEC);<\/li>\n\n\n\n<li><strong>Josiane Aparecida de Souza Vendemiatti<\/strong>&#8211; Pesquisadora e colaboradora;<\/li>\n\n\n\n<li><strong>Tauany Neves<\/strong>&#8211; Doutoranda em Tecnologia;<\/li>\n\n\n\n<li><strong>Paula Mayara Morais da Silva<\/strong>&#8211; Doutoranda em Tecnologia;<\/li>\n\n\n\n<li><strong>Nat\u00e1lia Gabriele Camparotto<\/strong>&#8211; Doutoranda em Tecnologia;<\/li>\n<\/ul>\n\n\n\n<ul class=\"wp-block-list\">\n<li><strong> Joyce Benedita Natividade Favarin<\/strong>&#8211; Graduanda em Engenharia Ambiental;<\/li>\n\n\n\n<li><strong>J\u00faliah Camargo Pinto<\/strong>&#8211; Graduanda em Engenharia Ambiental;<\/li>\n\n\n\n<li><strong>Thayna Andrade<\/strong>&#8211; Graduanda em Engenharia Ambiental;<\/li>\n\n\n\n<li><strong>Gabriel Henrique Silva <\/strong>&#8211; Graduando em Engenharia Ambiental;<\/li>\n\n\n\n<li><strong>Natchelie Pereira<\/strong>&#8211; Graduanda em Engenharia Ambiental;<\/li>\n\n\n\n<li><strong>Guilherme Busseli Mendes<\/strong>&#8211; Graduando em Saneamento ambiental;<\/li>\n\n\n\n<li><strong>Maria Vit\u00f3ria Raposo Rodrigues<\/strong>&#8211; Mestrando em Tecnologia;<\/li>\n\n\n\n<li><strong>Lucero de Jesus Chulluncuy Julcarima<\/strong>&#8211; Graduanda de Engenharia Ambiental.<\/li>\n<\/ul>\n<\/li>\n<\/ul>\n\n\n\n<p><\/p>\n","protected":false},"excerpt":{"rendered":"<p>O Laborat\u00f3rio LAMEC, Laboratory of Advanced Materials and Environmental Chemistry, foi criado em 2015 pela profa. Dra. Patricia Prediger. Inicialmente, o laborat\u00f3rio se chamava Laborat\u00f3rio de Qu\u00edmica Org\u00e2nica e Materiais (LAQOM), devido ao foco dos projetos estarem fortemente baseados na qu\u00edmica org\u00e2nica e materiais. Com o passar dos anos, com a participa\u00e7\u00e3o de diversos alunos [&hellip;]<\/p>\n","protected":false},"author":2,"featured_media":0,"parent":0,"menu_order":0,"comment_status":"closed","ping_status":"closed","template":"template-full-width.php","meta":{"footnotes":""},"class_list":["post-33","page","type-page","status-publish","hentry"],"yoast_head":"<!-- This site is optimized with the Yoast SEO plugin v27.3 - https:\/\/yoast.com\/product\/yoast-seo-wordpress\/ -->\n<title>Sobre N\u00f3s - Laboratory of advanced materials and Environmental Chemistry<\/title>\n<meta name=\"robots\" content=\"index, follow, max-snippet:-1, max-image-preview:large, max-video-preview:-1\" \/>\n<link rel=\"canonical\" href=\"https:\/\/wordpress.ft.unicamp.br\/lamec\/sobre-nos\/\" \/>\n<meta property=\"og:locale\" content=\"pt_BR\" \/>\n<meta property=\"og:type\" content=\"article\" \/>\n<meta property=\"og:title\" content=\"Sobre N\u00f3s - Laboratory of advanced materials and Environmental Chemistry\" \/>\n<meta property=\"og:description\" content=\"O Laborat\u00f3rio LAMEC, Laboratory of Advanced Materials and Environmental Chemistry, foi criado em 2015 pela profa. Dra. Patricia Prediger. Inicialmente, o laborat\u00f3rio se chamava Laborat\u00f3rio de Qu\u00edmica Org\u00e2nica e Materiais (LAQOM), devido ao foco dos projetos estarem fortemente baseados na qu\u00edmica org\u00e2nica e materiais. Com o passar dos anos, com a participa\u00e7\u00e3o de diversos alunos [&hellip;]\" \/>\n<meta property=\"og:url\" content=\"https:\/\/wordpress.ft.unicamp.br\/lamec\/sobre-nos\/\" \/>\n<meta property=\"og:site_name\" content=\"Laboratory of advanced materials and Environmental Chemistry\" \/>\n<meta property=\"article:modified_time\" content=\"2024-12-05T21:52:15+00:00\" \/>\n<meta property=\"og:image\" content=\"http:\/\/wordpress.ft.unicamp.br\/lamec\/wp-content\/uploads\/sites\/75\/2022\/05\/ods-4.png\" \/>\n<meta name=\"twitter:card\" content=\"summary_large_image\" \/>\n<meta name=\"twitter:label1\" content=\"Est. tempo de leitura\" \/>\n\t<meta name=\"twitter:data1\" content=\"3 minutos\" \/>\n<script type=\"application\/ld+json\" class=\"yoast-schema-graph\">{\"@context\":\"https:\\\/\\\/schema.org\",\"@graph\":[{\"@type\":\"WebPage\",\"@id\":\"https:\\\/\\\/wordpress.ft.unicamp.br\\\/lamec\\\/sobre-nos\\\/\",\"url\":\"https:\\\/\\\/wordpress.ft.unicamp.br\\\/lamec\\\/sobre-nos\\\/\",\"name\":\"Sobre N\u00f3s - Laboratory of advanced materials and Environmental Chemistry\",\"isPartOf\":{\"@id\":\"https:\\\/\\\/wordpress.ft.unicamp.br\\\/lamec\\\/#website\"},\"primaryImageOfPage\":{\"@id\":\"https:\\\/\\\/wordpress.ft.unicamp.br\\\/lamec\\\/sobre-nos\\\/#primaryimage\"},\"image\":{\"@id\":\"https:\\\/\\\/wordpress.ft.unicamp.br\\\/lamec\\\/sobre-nos\\\/#primaryimage\"},\"thumbnailUrl\":\"http:\\\/\\\/wordpress.ft.unicamp.br\\\/lamec\\\/wp-content\\\/uploads\\\/sites\\\/75\\\/2022\\\/05\\\/ods-4.png\",\"datePublished\":\"2022-05-03T00:58:03+00:00\",\"dateModified\":\"2024-12-05T21:52:15+00:00\",\"breadcrumb\":{\"@id\":\"https:\\\/\\\/wordpress.ft.unicamp.br\\\/lamec\\\/sobre-nos\\\/#breadcrumb\"},\"inLanguage\":\"pt-BR\",\"potentialAction\":[{\"@type\":\"ReadAction\",\"target\":[\"https:\\\/\\\/wordpress.ft.unicamp.br\\\/lamec\\\/sobre-nos\\\/\"]}]},{\"@type\":\"ImageObject\",\"inLanguage\":\"pt-BR\",\"@id\":\"https:\\\/\\\/wordpress.ft.unicamp.br\\\/lamec\\\/sobre-nos\\\/#primaryimage\",\"url\":\"https:\\\/\\\/wordpress.ft.unicamp.br\\\/lamec\\\/wp-content\\\/uploads\\\/sites\\\/75\\\/2022\\\/05\\\/ods-4.png\",\"contentUrl\":\"https:\\\/\\\/wordpress.ft.unicamp.br\\\/lamec\\\/wp-content\\\/uploads\\\/sites\\\/75\\\/2022\\\/05\\\/ods-4.png\",\"width\":225,\"height\":225},{\"@type\":\"BreadcrumbList\",\"@id\":\"https:\\\/\\\/wordpress.ft.unicamp.br\\\/lamec\\\/sobre-nos\\\/#breadcrumb\",\"itemListElement\":[{\"@type\":\"ListItem\",\"position\":1,\"name\":\"Home\",\"item\":\"https:\\\/\\\/wordpress.ft.unicamp.br\\\/lamec\\\/\"},{\"@type\":\"ListItem\",\"position\":2,\"name\":\"Sobre N\u00f3s\"}]},{\"@type\":\"WebSite\",\"@id\":\"https:\\\/\\\/wordpress.ft.unicamp.br\\\/lamec\\\/#website\",\"url\":\"https:\\\/\\\/wordpress.ft.unicamp.br\\\/lamec\\\/\",\"name\":\"Laboratory of advanced materials and Environmental Chemistry\",\"description\":\"\",\"potentialAction\":[{\"@type\":\"SearchAction\",\"target\":{\"@type\":\"EntryPoint\",\"urlTemplate\":\"https:\\\/\\\/wordpress.ft.unicamp.br\\\/lamec\\\/?s={search_term_string}\"},\"query-input\":{\"@type\":\"PropertyValueSpecification\",\"valueRequired\":true,\"valueName\":\"search_term_string\"}}],\"inLanguage\":\"pt-BR\"}]}<\/script>\n<!-- \/ Yoast SEO plugin. -->","yoast_head_json":{"title":"Sobre N\u00f3s - Laboratory of advanced materials and Environmental Chemistry","robots":{"index":"index","follow":"follow","max-snippet":"max-snippet:-1","max-image-preview":"max-image-preview:large","max-video-preview":"max-video-preview:-1"},"canonical":"https:\/\/wordpress.ft.unicamp.br\/lamec\/sobre-nos\/","og_locale":"pt_BR","og_type":"article","og_title":"Sobre N\u00f3s - Laboratory of advanced materials and Environmental Chemistry","og_description":"O Laborat\u00f3rio LAMEC, Laboratory of Advanced Materials and Environmental Chemistry, foi criado em 2015 pela profa. Dra. Patricia Prediger. Inicialmente, o laborat\u00f3rio se chamava Laborat\u00f3rio de Qu\u00edmica Org\u00e2nica e Materiais (LAQOM), devido ao foco dos projetos estarem fortemente baseados na qu\u00edmica org\u00e2nica e materiais. Com o passar dos anos, com a participa\u00e7\u00e3o de diversos alunos [&hellip;]","og_url":"https:\/\/wordpress.ft.unicamp.br\/lamec\/sobre-nos\/","og_site_name":"Laboratory of advanced materials and Environmental Chemistry","article_modified_time":"2024-12-05T21:52:15+00:00","og_image":[{"url":"http:\/\/wordpress.ft.unicamp.br\/lamec\/wp-content\/uploads\/sites\/75\/2022\/05\/ods-4.png","type":"","width":"","height":""}],"twitter_card":"summary_large_image","twitter_misc":{"Est. tempo de leitura":"3 minutos"},"schema":{"@context":"https:\/\/schema.org","@graph":[{"@type":"WebPage","@id":"https:\/\/wordpress.ft.unicamp.br\/lamec\/sobre-nos\/","url":"https:\/\/wordpress.ft.unicamp.br\/lamec\/sobre-nos\/","name":"Sobre N\u00f3s - Laboratory of advanced materials and Environmental Chemistry","isPartOf":{"@id":"https:\/\/wordpress.ft.unicamp.br\/lamec\/#website"},"primaryImageOfPage":{"@id":"https:\/\/wordpress.ft.unicamp.br\/lamec\/sobre-nos\/#primaryimage"},"image":{"@id":"https:\/\/wordpress.ft.unicamp.br\/lamec\/sobre-nos\/#primaryimage"},"thumbnailUrl":"http:\/\/wordpress.ft.unicamp.br\/lamec\/wp-content\/uploads\/sites\/75\/2022\/05\/ods-4.png","datePublished":"2022-05-03T00:58:03+00:00","dateModified":"2024-12-05T21:52:15+00:00","breadcrumb":{"@id":"https:\/\/wordpress.ft.unicamp.br\/lamec\/sobre-nos\/#breadcrumb"},"inLanguage":"pt-BR","potentialAction":[{"@type":"ReadAction","target":["https:\/\/wordpress.ft.unicamp.br\/lamec\/sobre-nos\/"]}]},{"@type":"ImageObject","inLanguage":"pt-BR","@id":"https:\/\/wordpress.ft.unicamp.br\/lamec\/sobre-nos\/#primaryimage","url":"https:\/\/wordpress.ft.unicamp.br\/lamec\/wp-content\/uploads\/sites\/75\/2022\/05\/ods-4.png","contentUrl":"https:\/\/wordpress.ft.unicamp.br\/lamec\/wp-content\/uploads\/sites\/75\/2022\/05\/ods-4.png","width":225,"height":225},{"@type":"BreadcrumbList","@id":"https:\/\/wordpress.ft.unicamp.br\/lamec\/sobre-nos\/#breadcrumb","itemListElement":[{"@type":"ListItem","position":1,"name":"Home","item":"https:\/\/wordpress.ft.unicamp.br\/lamec\/"},{"@type":"ListItem","position":2,"name":"Sobre N\u00f3s"}]},{"@type":"WebSite","@id":"https:\/\/wordpress.ft.unicamp.br\/lamec\/#website","url":"https:\/\/wordpress.ft.unicamp.br\/lamec\/","name":"Laboratory of advanced materials and Environmental Chemistry","description":"","potentialAction":[{"@type":"SearchAction","target":{"@type":"EntryPoint","urlTemplate":"https:\/\/wordpress.ft.unicamp.br\/lamec\/?s={search_term_string}"},"query-input":{"@type":"PropertyValueSpecification","valueRequired":true,"valueName":"search_term_string"}}],"inLanguage":"pt-BR"}]}},"_links":{"self":[{"href":"https:\/\/wordpress.ft.unicamp.br\/lamec\/wp-json\/wp\/v2\/pages\/33","targetHints":{"allow":["GET"]}}],"collection":[{"href":"https:\/\/wordpress.ft.unicamp.br\/lamec\/wp-json\/wp\/v2\/pages"}],"about":[{"href":"https:\/\/wordpress.ft.unicamp.br\/lamec\/wp-json\/wp\/v2\/types\/page"}],"author":[{"embeddable":true,"href":"https:\/\/wordpress.ft.unicamp.br\/lamec\/wp-json\/wp\/v2\/users\/2"}],"replies":[{"embeddable":true,"href":"https:\/\/wordpress.ft.unicamp.br\/lamec\/wp-json\/wp\/v2\/comments?post=33"}],"version-history":[{"count":21,"href":"https:\/\/wordpress.ft.unicamp.br\/lamec\/wp-json\/wp\/v2\/pages\/33\/revisions"}],"predecessor-version":[{"id":348,"href":"https:\/\/wordpress.ft.unicamp.br\/lamec\/wp-json\/wp\/v2\/pages\/33\/revisions\/348"}],"wp:attachment":[{"href":"https:\/\/wordpress.ft.unicamp.br\/lamec\/wp-json\/wp\/v2\/media?parent=33"}],"curies":[{"name":"wp","href":"https:\/\/api.w.org\/{rel}","templated":true}]}}