{"id":37,"date":"2022-05-03T00:58:49","date_gmt":"2022-05-03T00:58:49","guid":{"rendered":"https:\/\/wordpress.ft.unicamp.br\/lamec\/?page_id=37"},"modified":"2022-05-16T17:39:10","modified_gmt":"2022-05-16T17:39:10","slug":"projetos","status":"publish","type":"page","link":"https:\/\/wordpress.ft.unicamp.br\/lamec\/projetos\/","title":{"rendered":"Projetos"},"content":{"rendered":"\n<p><strong>Projetos de Pesquisa<\/strong> <strong>Atuais<\/strong><\/p>\n\n\n\n<p><strong>2020 &#8211; Atual<\/strong><\/p>\n\n\n\n<p><strong>S\u00edntese de Novos Materiais, suas Caracteriza\u00e7\u00f5es e Aplica\u00e7\u00f5es na Adsor\u00e7\u00e3o de Poluentes em \u00c1guas e na Separa\u00e7\u00e3o de emuls\u00f5es \u00f3leo-\u00e1gua<\/strong><\/p>\n\n\n\n<p><strong>Descri\u00e7\u00e3o: <\/strong>O presente projeto possui duas frentes, a primeira delas se refere \u00e0 s\u00edntese de novos nanoadsorventes baseados em \u00f3xido de grafeno e quitosana, sua caracteriza\u00e7\u00e3o e aplica\u00e7\u00e3o na remo\u00e7\u00e3o de diversos poluentes em \u00e1guas, especialmente corantes e f\u00e1rmacos. Esta parte do projeto visa \u00e0 prepara\u00e7\u00e3o de \u00f3xido de grafeno reduzido e sua modifica\u00e7\u00e3o pela inser\u00e7\u00e3o do composto cati\u00f4nico safranina. Ap\u00f3s a s\u00edntese deste derivado de grafeno, objetiva-se a sua incorpora\u00e7\u00e3o em part\u00edculas magn\u00e9ticas de quitosana reticuladas com glutaralde\u00eddo. Ap\u00f3s o preparo, estes materiais ter\u00e3o suas propriedades e estruturas caracterizadas por diversas t\u00e9cnicas, incluindo microscopia eletr\u00f4nica de varredura e curva de magnetiza\u00e7\u00e3o. O design deste novo nanoadsorvente foi planejado com o intuito de se obter um material essencialmente cati\u00f4nico e com extenso sistema de liga\u00e7\u00f5es sp2, que ser\u00e3o alcan\u00e7ados pela presen\u00e7a da quitosana\/safranina e do \u00f3xido de grafeno reduzido, respectivamente. As novas part\u00edculas adsorventes ser\u00e3o empregadas na remo\u00e7\u00e3o de corantes ani\u00f4nicos, especialmente o alaranjado II. Ser\u00e1 realizada a otimiza\u00e7\u00e3o do processo de remo\u00e7\u00e3o variando-se diversos par\u00e2metros e ser\u00e3o estudadas as cin\u00e9ticas, isotermas e par\u00e2metros termodin\u00e2micos ligados ao processo de adsor\u00e7\u00e3o. Al\u00e9m disso, as novas part\u00edculas adsorventes poder\u00e3o ser removidas do meio aquoso pelo uso de um im\u00e3, o que facilita o processo de remo\u00e7\u00e3o, bem como, sua reutiliza\u00e7\u00e3o ap\u00f3s o uso, que tamb\u00e9m ser\u00e1 investigada. A segunda frente se refere ao estudo da influ\u00eancia da presen\u00e7a de comp\u00f3sitos baseados em \u00f3xido de grafeno e nanocelulose na estabilidade de emuls\u00f5es \u00f3leo-\u00e1gua. Os comp\u00f3sitos gerados ser\u00e3o caracterizados e usados na gera\u00e7\u00e3o de emuls\u00f5es \u00f3leo-\u00e1gua. Resultados iniciais indicam que os nanomateriais aceleraram a separa\u00e7\u00e3o das emuls\u00f5es e ent\u00e3o ser\u00e3o realizados testes de estabilidade de emuls\u00f5es buscando a otimiza\u00e7\u00e3o do processo em termos de melhor nanomaterial, quantidade de nanomaterial e tempo de contato. Ap\u00f3s, an\u00e1lises de tamanho de gota via microscopia e difra\u00e7\u00e3o de laser, bem como de reologia e de carga das emuls\u00f5es e dos nanomateriais ser\u00e3o realizadas. Ap\u00f3s a an\u00e1lise dos resultados, uma proposta sobre o mecanismo operante na desestabiliza\u00e7\u00e3o das emuls\u00f5es ser\u00e1 feita..<\/p>\n\n\n\n<p><strong>Situa\u00e7\u00e3o:<\/strong> Em andamento; Natureza: Pesquisa.<\/p>\n\n\n\n<p><strong>Alunos envolvidos: <\/strong>Gradua\u00e7\u00e3o: (3) \/ Mestrado acad\u00eamico: (2) \/ Doutorado: (1) .<\/p>\n\n\n\n<p><strong>Integrantes:<\/strong> Patricia Prediger &#8211; Coordenador \/ Tauany de Figueiredo Neves &#8211; Integrante \/ Nat\u00e1lia Gabriele Camparotto &#8211; Integrante \/ Paula Mayara da Silva &#8211; Integrante \/ Karen Stein Penayo &#8211; Integrante.<\/p>\n\n\n\n<p><strong>Financiador(es):<\/strong> Fundo de Apoio ao Ensino, \u00e0 Pesquisa e Extens\u00e3o da UNICAMP &#8211; Aux\u00edlio financeiro.<\/p>\n\n\n\n<p>2<strong>019 &#8211; Atual<\/strong><\/p>\n\n\n\n<p><strong>S\u00edntese de Novos Nanoadsorventes, suas Caracteriza\u00e7\u00f5es e Aplica\u00e7\u00f5es na Adsor\u00e7\u00e3o de Poluentes em \u00c1guas<\/strong><\/p>\n\n\n\n<p><strong>Descri\u00e7\u00e3o:<\/strong> O presente projeto se refere \u00e0 s\u00edntese de novos nanoadsorventes baseados em \u00f3xido de grafeno, nanocelulose e quitosana, sua caracteriza\u00e7\u00e3o e aplica\u00e7\u00e3o na remo\u00e7\u00e3o de diversos poluentes em \u00e1guas, especialmente corantes e f\u00e1rmacos. O projeto conta com duas frentes, sendo que a primeira delas visa \u00e0 prepara\u00e7\u00e3o de esferas de quitosana contendo nanocomp\u00f3sitos baseados em nanocelulose cristalina substitu\u00edda com poliestireno e \u00f3xido de grafeno e a outra versa sobre a prepara\u00e7\u00e3o de part\u00edculas magn\u00e9ticas de quitosana recobertas de \u00f3xido de grafeno reduzido substitu\u00eddo com safranina. Ambos os materiais ser\u00e3o aplicados na remo\u00e7\u00e3o de poluentes em \u00e1guas via adsor\u00e7\u00e3o. No tange o novo material nanocelulose-poliestireno, acredita-se que o mesmo exibir\u00e1 propriedades \u00fanicas provenientes da nanocelulose e do pol\u00edmero hidrof\u00f3bico. Ap\u00f3s as caracteriza\u00e7\u00f5es, o material ser\u00e1 incorporado ao \u00f3xido de grafeno e utilizado na gera\u00e7\u00e3o de esferas de quitosana, que ser\u00e3o posteriormente empregadas na adsor\u00e7\u00e3o de corantes em \u00e1guas, especialmente o verde malaquita. As esferas de CS atuar\u00e3o como suporte s\u00f3lido para a imobiliza\u00e7\u00e3o dos adsorventes, o que confere uma grande \u00e1rea superficial pela porosidade da esfera e a facilidade de remo\u00e7\u00e3o do meio ap\u00f3s a adsor\u00e7\u00e3o. Ser\u00e1 realizada a otimiza\u00e7\u00e3o do processo de remo\u00e7\u00e3o dos poluentes, bem como, ser\u00e3o estudadas as influ\u00eancias da adi\u00e7\u00e3o de sais como NaCl. Al\u00e9m disso, ser\u00e3o estudadas as cin\u00e9ticas, as isotermas e par\u00e2metros termodin\u00e2micos, bem como, o processo de reutiliza\u00e7\u00e3o das esferas ap\u00f3s o uso. Ademais, o processo de adsor\u00e7\u00e3o em fluxo cont\u00ednuo ser\u00e1 avaliado. Adicionalmente, planeja-se estudar a remo\u00e7\u00e3o do f\u00e1rmaco propranolol atrav\u00e9s do processo de adsor\u00e7\u00e3o pelas esferas a serem sintetizadas, testes de toxicidade padronizados e m\u00e9todos alternativos, como avalia\u00e7\u00e3o de biomarcadores 2 em esp\u00e9cies aqu\u00e1ticas. A segunda frente trata da prepara\u00e7\u00e3o de \u00f3xido de grafeno reduzido e sua modifica\u00e7\u00e3o pela inser\u00e7\u00e3o do composto cati\u00f4nico safranina. Ap\u00f3s a s\u00edntese deste derivado de grafeno, objetiva-se a sua incorpora\u00e7\u00e3o em part\u00edculas magn\u00e9ticas de quitosana reticuladas com glutaralde\u00eddo. Ap\u00f3s o preparo, estes materiais ter\u00e3o suas propriedades e estruturas caracterizadas por diversas t\u00e9cnicas, incluindo microscopia eletr\u00f4nica de varredura e curva de magnetiza\u00e7\u00e3o. O design deste novo nanoadsorvente foi planejado com o intuito de se obter um material essencialmente cati\u00f4nico e com extenso sistema de liga\u00e7\u00f5es sp2, que ser\u00e3o alcan\u00e7ados pela presen\u00e7a da quitosana\/safranina e do \u00f3xido de grafeno reduzido, respectivamente. As novas part\u00edculas adsorventes ser\u00e3o empregadas na remo\u00e7\u00e3o de corantes ani\u00f4nicos, especialmente o alaranjado II. Ser\u00e1 realizada a otimiza\u00e7\u00e3o do processo de remo\u00e7\u00e3o variando-se diversos par\u00e2metros e ser\u00e3o estudadas as cin\u00e9ticas, isotermas e par\u00e2metros termodin\u00e2micos ligados ao processo de adsor\u00e7\u00e3o. Al\u00e9m disso, as novas part\u00edculas adsorventes poder\u00e3o ser removidas do meio aquoso pelo uso de um im\u00e3, o que facilita o processo de remo\u00e7\u00e3o, bem como, sua reutiliza\u00e7\u00e3o ap\u00f3s o uso, que tamb\u00e9m ser\u00e1 investigada..<\/p>\n\n\n\n<p><strong>Situa\u00e7\u00e3o:<\/strong> Em andamento; Natureza: Pesquisa.<\/p>\n\n\n\n<p><strong>Alunos envolvidos:<\/strong> Gradua\u00e7\u00e3o: (4) \/ Mestrado acad\u00eamico: (2) \/ Doutorado: (1) .<\/p>\n\n\n\n<p><strong>Integrantes:<\/strong> Patricia Prediger &#8211; Coordenador \/ Tauany de Figueiredo Neves &#8211; Integrante \/ PICONE, CAROLINA SIQUEIRA FRANCO &#8211; Integrante \/ Josiane Aparecida de Souza Vendemiatti &#8211; Integrante \/ Nat\u00e1lia Gabriele Camparotto &#8211; Integrante \/ Paula Mayara da Silva &#8211; Integrante \/ Thatiely Magalh\u00e3es de Paula &#8211; Integrante \/ Nicole Dalarme &#8211; Integrante \/ Gustavo Paix\u00e3o &#8211; Integrante \/ Bruno Nunes &#8211; Integrante \/ Rafael de Lima Oliveira &#8211; Integrante.<\/p>\n\n\n\n<p><strong>2015 &#8211; Atual<\/strong><\/p>\n\n\n\n<p><strong>Prepara\u00e7\u00e3o de Nanomateriais Baseados em \u00d3xido de Grafeno, Caracteriza\u00e7\u00e3o e sua Aplica\u00e7\u00e3o na Purifica\u00e7\u00e3o de \u00c1guas<\/strong><\/p>\n\n\n\n<p><strong>Descri\u00e7\u00e3o:<\/strong> O presente projeto se refere \u00e0 s\u00edntese de nanomateriais derivados de \u00f3xido de grafeno a partir de rea\u00e7\u00f5es de graftiza\u00e7\u00e3o com sais de diaz\u00f4nio. Ap\u00f3s a elucida\u00e7\u00e3o das estruturas, os nanomateriais ser\u00e3o empregados em processos adsor\u00e7\u00e3o de surfactantes em \u00e1gua. Ser\u00e3o realizados estudos da cin\u00e9tica da adsor\u00e7\u00e3o com o intuito de se descrever o modelo matem\u00e1tico para predizer o processo de adsor\u00e7\u00e3o. Paralelamente, estudos de c\u00e1lculo te\u00f3rico e de modelagem molecular ser\u00e3o desenvolvidos buscando conhecer mais a fundo as for\u00e7as e os modos de intera\u00e7\u00e3o entre o nanoadsorvente e os materiais adsorvidos. Al\u00e9m disso, experimentos visando \u00e0 reciclagem do nanoadsorvente ser\u00e3o realizados, para que este material possa ser utilizado in\u00fameras vezes, reduzindo o custo de processo. Em um segundo momento, ser\u00e1 desenvolvido um sistema para adsor\u00e7\u00e3o em fluxo cont\u00ednuo em escala piloto, onde ser\u00e3o avaliados par\u00e2metros como quantidade de nanoadsorvente, vaz\u00e3o de \u00e1gua contendo surfactante, pH, entre outros. Adicionalmente, a efici\u00eancia do nanomaterial filtrante ser\u00e1 avaliada a partir de ensaios biol\u00f3gicos com microrganismos, analisando-se par\u00e2metros de diminui\u00e7\u00e3o da toxicidade de surfactantes em \u00e1gua. Por fim, ser\u00e3o feitos ensaios de adsor\u00e7\u00e3o de contaminantes em \u00e1guas com amostras reais para verificar a efici\u00eancia do nanomaterial filtrante em amostras de \u00e1gua encontradas na natureza. Ser\u00e3o coletadas amostras de \u00e1guas de rios contaminados com surfactantes, entre outros..<\/p>\n\n\n\n<p><strong>Situa\u00e7\u00e3o:<\/strong> Em andamento; Natureza: Pesquisa.<\/p>\n\n\n\n<p><strong>Alunos envolvidos:<\/strong> Gradua\u00e7\u00e3o: (2) .<\/p>\n\n\n\n<p><strong>Integrantes:<\/strong> Patricia Prediger &#8211; Coordenador.<\/p>\n\n\n\n<p><strong>Financiador(es):<\/strong> Funda\u00e7\u00e3o de Amparo \u00e0 Pesquisa do Estado de S\u00e3o Paulo &#8211; Aux\u00edlio financeiro.<\/p>\n\n\n\n<p><strong>Projetos de Pesquisa Conclu\u00eddos<\/strong><\/p>\n\n\n\n<p><strong>2019 &#8211; 2020<\/strong><\/p>\n\n\n\n<p><strong>Prepara\u00e7\u00e3o de Novos Materiais, Caracteriza\u00e7\u00e3o e sua Aplica\u00e7\u00e3o na Remo\u00e7\u00e3o de poluentes em \u00c1guas<\/strong><\/p>\n\n\n\n<p><strong>Descri\u00e7\u00e3o:<\/strong> Resumo da Proposta A presente proposta se refere ao desenvolvimento de novos materiais, que apresentam baixo custo e s\u00e3o de f\u00e1cil acesso, e sua aplica\u00e7\u00e3o na remo\u00e7\u00e3o de poluentes em \u00e1gua. A proposta est\u00e1 dividida em tr\u00eas frentes: a primeira delas versa sobre o preparo de nanoceulose modificada covalentemente com unidades de poliestireno (NCC-PE) e sua utiliza\u00e7\u00e3o na gera\u00e7\u00e3o de nanocomp\u00f3sitos com \u00f3xido de grafeno (GO). Estes novos nanomateriais ser\u00e3o caracterizados e empregados na remo\u00e7\u00e3o de poluentes em \u00e1gua, em especial o corante t\u00eaxtil marrom b\u00e1sico 4. A segunda trata sobre o preparo de um derivado de GO contendo unidades de sal de am\u00f4nio quatern\u00e1rio (GOSA) e seu emprego na gera\u00e7\u00e3o de comp\u00f3sitos com nanopart\u00edculas magn\u00e9ticas de quitosana (mCS). Os comp\u00f3sitos magn\u00e9ticos gerados apresentam a vantagem de serem removidos facilmente do meio aquoso pela aplica\u00e7\u00e3o de um im\u00e3, o que evita seu descarte no meio ambiente. Estes comp\u00f3sitos ser\u00e3o aplicados na remo\u00e7\u00e3o do corante ani\u00f4nico alaranjado de metila. A terceira frente est\u00e1 vinculado ao preparo de nitretos de carbono graf\u00edticos, sua caracteriza\u00e7\u00e3o e uso na adsor\u00e7\u00e3o de poluentes como o corante t\u00eaxtil azul b\u00e1sico 26. Para todos os processo de adsor\u00e7\u00e3o descritos, ser\u00e3o realizadas otimiza\u00e7\u00f5es com varia\u00e7\u00e3o de diversos par\u00e2metros como tempo, temperatura, pH, uso de ultrassom, concentra\u00e7\u00e3o do comp\u00f3sito e dos poluentes. Ser\u00e3o realizados estudos sobre os modelos cin\u00e9ticos e de isotermas que expliquem os processos de adsor\u00e7\u00e3o investigados. Al\u00e9m disso, todos os comp\u00f3sitos contendo os poluentes adsorvidos ser\u00e3o submetidos ao processo de dessor\u00e7\u00e3o visando sua reutiliza\u00e7\u00e3o em ciclos consecutivos de adsor\u00e7\u00e3o..<\/p>\n\n\n\n<p><strong>Situa\u00e7\u00e3o:<\/strong> Conclu\u00eddo; Natureza: Pesquisa.<\/p>\n\n\n\n<p><strong>Alunos envolvidos:<\/strong> Gradua\u00e7\u00e3o: (3) \/ Mestrado acad\u00eamico: (2) \/ Doutorado: (2) .<\/p>\n\n\n\n<p><strong>Integrantes:<\/strong> Patricia Prediger &#8211; Coordenador \/ Tauany de Figueiredo Neves &#8211; Integrante \/ Nat\u00e1lia Gabriele Camparotto &#8211; Integrante \/ Paula Mayara da Silva &#8211; Integrante.<\/p>\n\n\n\n<p><strong>Financiador(es):<\/strong> Fundo de Apoio ao Ensino, \u00e0 Pesquisa e Extens\u00e3o da UNICAMP &#8211; Aux\u00edlio financeiro.<\/p>\n\n\n\n<p><strong>2017 &#8211; 2018<\/strong><\/p>\n\n\n\n<p><strong>Prepara\u00e7\u00e3o de Nanomaterias Baseados \u00d3xido de Grafeno\/Celulose, Caracteriza\u00e7\u00e3o e sua Aplica\u00e7\u00e3o na Remo\u00e7\u00e3o de Poluentes em \u00c1guas<\/strong><\/p>\n\n\n\n<p><strong>Descri\u00e7\u00e3o:<\/strong> Devido \u00e0 redu\u00e7\u00e3o na disponibilidade h\u00eddrica, formas alternativas para o tratamento de \u00e1gua v\u00eam se tornando vitais. O \u00f3xido de grafeno associado com a celulose se torna uma alternativa potencial \u00e0s tecnologias convencionais. Estes materiais possuem caracter\u00edsticas particulares que combinadas podem alcan\u00e7ar efici\u00eancia no processo de purifica\u00e7\u00e3o da \u00e1gua, capazes de remover diferentes poluentes. Os surfactantes s\u00e3o uma das principais problem\u00e1ticas enfrentadas no tratamento de \u00e1gua devido \u00e0s suas propriedades qu\u00edmicas e \u00e0s altas frequ\u00eancias com s\u00e3o encontrados nos efluentes. Assim este projeto tem como objetivo remover surfactantes em \u00e1gua atrav\u00e9s da sua adsor\u00e7\u00e3o em nanomateriais baseados em \u00f3xido de grafeno e celulose. Ser\u00e3o realizadas as s\u00ednteses dos comp\u00f3sitos, bem como suas caracteriza\u00e7\u00f5es e posteriormente, os testes com surfactantes, avaliando-se as cin\u00e9ticas e isotermas envolvidas do processo. Al\u00e9m disso, a adsor\u00e7\u00e3o ser\u00e1 estudada em fluxo cont\u00ednuo, para a otimiza\u00e7\u00e3o do processo de purifica\u00e7\u00e3o da \u00e1gua. Pretende-se ainda avaliar a remo\u00e7\u00e3o de outros compostos org\u00e2nicos como pesticidas, entre outros..<\/p>\n\n\n\n<p><strong>Situa\u00e7\u00e3o:<\/strong> Conclu\u00eddo; Natureza: Pesquisa.<\/p>\n\n\n\n<p><strong>Alunos envolvidos:<\/strong> Gradua\u00e7\u00e3o: (2) \/ Mestrado acad\u00eamico: (2) \/ Doutorado: (1) .<\/p>\n\n\n\n<p><strong>Integrantes:<\/strong> Patricia Prediger &#8211; Coordenador.<\/p>\n\n\n\n<p><strong>Financiador(es):<\/strong> Fundo de Apoio ao Ensino, \u00e0 Pesquisa e Extens\u00e3o da UNICAMP &#8211; Aux\u00edlio financeiro.<\/p>\n","protected":false},"excerpt":{"rendered":"<p>Projetos de Pesquisa Atuais 2020 &#8211; Atual S\u00edntese de Novos Materiais, suas Caracteriza\u00e7\u00f5es e Aplica\u00e7\u00f5es na Adsor\u00e7\u00e3o de Poluentes em \u00c1guas e na Separa\u00e7\u00e3o de emuls\u00f5es \u00f3leo-\u00e1gua Descri\u00e7\u00e3o: O presente projeto possui duas frentes, a primeira delas se refere \u00e0 s\u00edntese de novos nanoadsorventes baseados em \u00f3xido de grafeno e quitosana, sua caracteriza\u00e7\u00e3o e aplica\u00e7\u00e3o [&hellip;]<\/p>\n","protected":false},"author":2,"featured_media":0,"parent":0,"menu_order":0,"comment_status":"closed","ping_status":"closed","template":"","meta":{"footnotes":""},"class_list":["post-37","page","type-page","status-publish","hentry"],"yoast_head":"<!-- This site is optimized with the Yoast SEO plugin v27.3 - https:\/\/yoast.com\/product\/yoast-seo-wordpress\/ -->\n<title>Projetos - Laboratory of advanced materials and Environmental Chemistry<\/title>\n<meta name=\"robots\" content=\"index, follow, max-snippet:-1, max-image-preview:large, max-video-preview:-1\" \/>\n<link rel=\"canonical\" href=\"https:\/\/wordpress.ft.unicamp.br\/lamec\/projetos\/\" \/>\n<meta property=\"og:locale\" content=\"pt_BR\" \/>\n<meta property=\"og:type\" content=\"article\" \/>\n<meta property=\"og:title\" content=\"Projetos - Laboratory of advanced materials and Environmental Chemistry\" \/>\n<meta property=\"og:description\" content=\"Projetos de Pesquisa Atuais 2020 &#8211; Atual S\u00edntese de Novos Materiais, suas Caracteriza\u00e7\u00f5es e Aplica\u00e7\u00f5es na Adsor\u00e7\u00e3o de Poluentes em \u00c1guas e na Separa\u00e7\u00e3o de emuls\u00f5es \u00f3leo-\u00e1gua Descri\u00e7\u00e3o: O presente projeto possui duas frentes, a primeira delas se refere \u00e0 s\u00edntese de novos nanoadsorventes baseados em \u00f3xido de grafeno e quitosana, sua caracteriza\u00e7\u00e3o e aplica\u00e7\u00e3o [&hellip;]\" \/>\n<meta property=\"og:url\" content=\"https:\/\/wordpress.ft.unicamp.br\/lamec\/projetos\/\" \/>\n<meta property=\"og:site_name\" content=\"Laboratory of advanced materials and Environmental Chemistry\" \/>\n<meta property=\"article:modified_time\" content=\"2022-05-16T17:39:10+00:00\" \/>\n<meta name=\"twitter:card\" content=\"summary_large_image\" \/>\n<meta name=\"twitter:label1\" content=\"Est. tempo de leitura\" \/>\n\t<meta name=\"twitter:data1\" content=\"10 minutos\" \/>\n<script type=\"application\/ld+json\" class=\"yoast-schema-graph\">{\"@context\":\"https:\\\/\\\/schema.org\",\"@graph\":[{\"@type\":\"WebPage\",\"@id\":\"https:\\\/\\\/wordpress.ft.unicamp.br\\\/lamec\\\/projetos\\\/\",\"url\":\"https:\\\/\\\/wordpress.ft.unicamp.br\\\/lamec\\\/projetos\\\/\",\"name\":\"Projetos - Laboratory of advanced materials and Environmental Chemistry\",\"isPartOf\":{\"@id\":\"https:\\\/\\\/wordpress.ft.unicamp.br\\\/lamec\\\/#website\"},\"datePublished\":\"2022-05-03T00:58:49+00:00\",\"dateModified\":\"2022-05-16T17:39:10+00:00\",\"breadcrumb\":{\"@id\":\"https:\\\/\\\/wordpress.ft.unicamp.br\\\/lamec\\\/projetos\\\/#breadcrumb\"},\"inLanguage\":\"pt-BR\",\"potentialAction\":[{\"@type\":\"ReadAction\",\"target\":[\"https:\\\/\\\/wordpress.ft.unicamp.br\\\/lamec\\\/projetos\\\/\"]}]},{\"@type\":\"BreadcrumbList\",\"@id\":\"https:\\\/\\\/wordpress.ft.unicamp.br\\\/lamec\\\/projetos\\\/#breadcrumb\",\"itemListElement\":[{\"@type\":\"ListItem\",\"position\":1,\"name\":\"Home\",\"item\":\"https:\\\/\\\/wordpress.ft.unicamp.br\\\/lamec\\\/\"},{\"@type\":\"ListItem\",\"position\":2,\"name\":\"Projetos\"}]},{\"@type\":\"WebSite\",\"@id\":\"https:\\\/\\\/wordpress.ft.unicamp.br\\\/lamec\\\/#website\",\"url\":\"https:\\\/\\\/wordpress.ft.unicamp.br\\\/lamec\\\/\",\"name\":\"Laboratory of advanced materials and Environmental Chemistry\",\"description\":\"\",\"potentialAction\":[{\"@type\":\"SearchAction\",\"target\":{\"@type\":\"EntryPoint\",\"urlTemplate\":\"https:\\\/\\\/wordpress.ft.unicamp.br\\\/lamec\\\/?s={search_term_string}\"},\"query-input\":{\"@type\":\"PropertyValueSpecification\",\"valueRequired\":true,\"valueName\":\"search_term_string\"}}],\"inLanguage\":\"pt-BR\"}]}<\/script>\n<!-- \/ Yoast SEO plugin. -->","yoast_head_json":{"title":"Projetos - Laboratory of advanced materials and Environmental Chemistry","robots":{"index":"index","follow":"follow","max-snippet":"max-snippet:-1","max-image-preview":"max-image-preview:large","max-video-preview":"max-video-preview:-1"},"canonical":"https:\/\/wordpress.ft.unicamp.br\/lamec\/projetos\/","og_locale":"pt_BR","og_type":"article","og_title":"Projetos - Laboratory of advanced materials and Environmental Chemistry","og_description":"Projetos de Pesquisa Atuais 2020 &#8211; Atual S\u00edntese de Novos Materiais, suas Caracteriza\u00e7\u00f5es e Aplica\u00e7\u00f5es na Adsor\u00e7\u00e3o de Poluentes em \u00c1guas e na Separa\u00e7\u00e3o de emuls\u00f5es \u00f3leo-\u00e1gua Descri\u00e7\u00e3o: O presente projeto possui duas frentes, a primeira delas se refere \u00e0 s\u00edntese de novos nanoadsorventes baseados em \u00f3xido de grafeno e quitosana, sua caracteriza\u00e7\u00e3o e aplica\u00e7\u00e3o [&hellip;]","og_url":"https:\/\/wordpress.ft.unicamp.br\/lamec\/projetos\/","og_site_name":"Laboratory of advanced materials and Environmental Chemistry","article_modified_time":"2022-05-16T17:39:10+00:00","twitter_card":"summary_large_image","twitter_misc":{"Est. tempo de leitura":"10 minutos"},"schema":{"@context":"https:\/\/schema.org","@graph":[{"@type":"WebPage","@id":"https:\/\/wordpress.ft.unicamp.br\/lamec\/projetos\/","url":"https:\/\/wordpress.ft.unicamp.br\/lamec\/projetos\/","name":"Projetos - Laboratory of advanced materials and Environmental Chemistry","isPartOf":{"@id":"https:\/\/wordpress.ft.unicamp.br\/lamec\/#website"},"datePublished":"2022-05-03T00:58:49+00:00","dateModified":"2022-05-16T17:39:10+00:00","breadcrumb":{"@id":"https:\/\/wordpress.ft.unicamp.br\/lamec\/projetos\/#breadcrumb"},"inLanguage":"pt-BR","potentialAction":[{"@type":"ReadAction","target":["https:\/\/wordpress.ft.unicamp.br\/lamec\/projetos\/"]}]},{"@type":"BreadcrumbList","@id":"https:\/\/wordpress.ft.unicamp.br\/lamec\/projetos\/#breadcrumb","itemListElement":[{"@type":"ListItem","position":1,"name":"Home","item":"https:\/\/wordpress.ft.unicamp.br\/lamec\/"},{"@type":"ListItem","position":2,"name":"Projetos"}]},{"@type":"WebSite","@id":"https:\/\/wordpress.ft.unicamp.br\/lamec\/#website","url":"https:\/\/wordpress.ft.unicamp.br\/lamec\/","name":"Laboratory of advanced materials and Environmental Chemistry","description":"","potentialAction":[{"@type":"SearchAction","target":{"@type":"EntryPoint","urlTemplate":"https:\/\/wordpress.ft.unicamp.br\/lamec\/?s={search_term_string}"},"query-input":{"@type":"PropertyValueSpecification","valueRequired":true,"valueName":"search_term_string"}}],"inLanguage":"pt-BR"}]}},"_links":{"self":[{"href":"https:\/\/wordpress.ft.unicamp.br\/lamec\/wp-json\/wp\/v2\/pages\/37","targetHints":{"allow":["GET"]}}],"collection":[{"href":"https:\/\/wordpress.ft.unicamp.br\/lamec\/wp-json\/wp\/v2\/pages"}],"about":[{"href":"https:\/\/wordpress.ft.unicamp.br\/lamec\/wp-json\/wp\/v2\/types\/page"}],"author":[{"embeddable":true,"href":"https:\/\/wordpress.ft.unicamp.br\/lamec\/wp-json\/wp\/v2\/users\/2"}],"replies":[{"embeddable":true,"href":"https:\/\/wordpress.ft.unicamp.br\/lamec\/wp-json\/wp\/v2\/comments?post=37"}],"version-history":[{"count":5,"href":"https:\/\/wordpress.ft.unicamp.br\/lamec\/wp-json\/wp\/v2\/pages\/37\/revisions"}],"predecessor-version":[{"id":181,"href":"https:\/\/wordpress.ft.unicamp.br\/lamec\/wp-json\/wp\/v2\/pages\/37\/revisions\/181"}],"wp:attachment":[{"href":"https:\/\/wordpress.ft.unicamp.br\/lamec\/wp-json\/wp\/v2\/media?parent=37"}],"curies":[{"name":"wp","href":"https:\/\/api.w.org\/{rel}","templated":true}]}}