{"id":9,"date":"2022-05-03T00:27:33","date_gmt":"2022-05-03T00:27:33","guid":{"rendered":"https:\/\/wordpress.ft.unicamp.br\/lamec\/?page_id=9"},"modified":"2025-02-07T17:23:27","modified_gmt":"2025-02-07T17:23:27","slug":"pagina-inicial","status":"publish","type":"page","link":"https:\/\/wordpress.ft.unicamp.br\/lamec\/pagina-inicial\/","title":{"rendered":"Home"},"content":{"rendered":"\n<p>No Laborat\u00f3rio de Qu\u00edmica da da Faculdade de Tecnologia da Unicamp, estamos comprometidos com a excel\u00eancia no ensino, pesquisa e inova\u00e7\u00e3o. Nossa principal linha de pesquisa \u00e9 a\u00a0<strong>repara\u00e7\u00e3o de novos materiais e sua aplica\u00e7\u00e3o na adsor\u00e7\u00e3o de contaminantes em \u00e1guas<\/strong>, al\u00e9m da\u00a0<strong>avalia\u00e7\u00e3o da toxicidade de contaminantes e nanomateriais<\/strong>. Aqui, estudantes, pesquisadores e professores colaboram em projetos que exploram as fronteiras da ci\u00eancia qu\u00edmica, contribuindo para avan\u00e7os significativos em diversas \u00e1reas.<\/p>\n","protected":false},"excerpt":{"rendered":"<p>No Laborat\u00f3rio de Qu\u00edmica da da Faculdade de Tecnologia da Unicamp, estamos comprometidos com a excel\u00eancia no ensino, pesquisa e inova\u00e7\u00e3o. Nossa principal linha de pesquisa \u00e9 a\u00a0repara\u00e7\u00e3o de novos materiais e sua aplica\u00e7\u00e3o na adsor\u00e7\u00e3o de contaminantes em \u00e1guas, al\u00e9m da\u00a0avalia\u00e7\u00e3o da toxicidade de contaminantes e nanomateriais. Aqui, estudantes, pesquisadores e professores colaboram em [&hellip;]<\/p>\n","protected":false},"author":2,"featured_media":0,"parent":0,"menu_order":0,"comment_status":"closed","ping_status":"closed","template":"template-full-width.php","meta":{"footnotes":""},"class_list":["post-9","page","type-page","status-publish","hentry"],"yoast_head":"<!-- This site is optimized with the Yoast SEO plugin v27.3 - https:\/\/yoast.com\/product\/yoast-seo-wordpress\/ -->\n<title>Home - Laboratory of advanced materials and Environmental Chemistry<\/title>\n<meta name=\"robots\" content=\"index, follow, max-snippet:-1, max-image-preview:large, max-video-preview:-1\" \/>\n<link rel=\"canonical\" href=\"https:\/\/wordpress.ft.unicamp.br\/lamec\/pagina-inicial\/\" \/>\n<meta property=\"og:locale\" content=\"pt_BR\" \/>\n<meta property=\"og:type\" content=\"article\" \/>\n<meta property=\"og:title\" content=\"Home - Laboratory of advanced materials and Environmental Chemistry\" \/>\n<meta property=\"og:description\" content=\"No Laborat\u00f3rio de Qu\u00edmica da da Faculdade de Tecnologia da Unicamp, estamos comprometidos com a excel\u00eancia no ensino, pesquisa e inova\u00e7\u00e3o. Nossa principal linha de pesquisa \u00e9 a\u00a0repara\u00e7\u00e3o de novos materiais e sua aplica\u00e7\u00e3o na adsor\u00e7\u00e3o de contaminantes em \u00e1guas, al\u00e9m da\u00a0avalia\u00e7\u00e3o da toxicidade de contaminantes e nanomateriais. Aqui, estudantes, pesquisadores e professores colaboram em [&hellip;]\" \/>\n<meta property=\"og:url\" content=\"https:\/\/wordpress.ft.unicamp.br\/lamec\/pagina-inicial\/\" \/>\n<meta property=\"og:site_name\" content=\"Laboratory of advanced materials and Environmental Chemistry\" \/>\n<meta property=\"article:modified_time\" content=\"2025-02-07T17:23:27+00:00\" \/>\n<meta name=\"twitter:card\" content=\"summary_large_image\" \/>\n<meta name=\"twitter:label1\" content=\"Est. tempo de leitura\" \/>\n\t<meta name=\"twitter:data1\" content=\"1 minuto\" \/>\n<script type=\"application\/ld+json\" class=\"yoast-schema-graph\">{\"@context\":\"https:\\\/\\\/schema.org\",\"@graph\":[{\"@type\":\"WebPage\",\"@id\":\"https:\\\/\\\/wordpress.ft.unicamp.br\\\/lamec\\\/pagina-inicial\\\/\",\"url\":\"https:\\\/\\\/wordpress.ft.unicamp.br\\\/lamec\\\/pagina-inicial\\\/\",\"name\":\"Home - Laboratory of advanced materials and Environmental Chemistry\",\"isPartOf\":{\"@id\":\"https:\\\/\\\/wordpress.ft.unicamp.br\\\/lamec\\\/#website\"},\"datePublished\":\"2022-05-03T00:27:33+00:00\",\"dateModified\":\"2025-02-07T17:23:27+00:00\",\"breadcrumb\":{\"@id\":\"https:\\\/\\\/wordpress.ft.unicamp.br\\\/lamec\\\/pagina-inicial\\\/#breadcrumb\"},\"inLanguage\":\"pt-BR\",\"potentialAction\":[{\"@type\":\"ReadAction\",\"target\":[\"https:\\\/\\\/wordpress.ft.unicamp.br\\\/lamec\\\/pagina-inicial\\\/\"]}]},{\"@type\":\"BreadcrumbList\",\"@id\":\"https:\\\/\\\/wordpress.ft.unicamp.br\\\/lamec\\\/pagina-inicial\\\/#breadcrumb\",\"itemListElement\":[{\"@type\":\"ListItem\",\"position\":1,\"name\":\"Home\",\"item\":\"https:\\\/\\\/wordpress.ft.unicamp.br\\\/lamec\\\/\"},{\"@type\":\"ListItem\",\"position\":2,\"name\":\"Home\"}]},{\"@type\":\"WebSite\",\"@id\":\"https:\\\/\\\/wordpress.ft.unicamp.br\\\/lamec\\\/#website\",\"url\":\"https:\\\/\\\/wordpress.ft.unicamp.br\\\/lamec\\\/\",\"name\":\"Laboratory of advanced materials and Environmental Chemistry\",\"description\":\"\",\"potentialAction\":[{\"@type\":\"SearchAction\",\"target\":{\"@type\":\"EntryPoint\",\"urlTemplate\":\"https:\\\/\\\/wordpress.ft.unicamp.br\\\/lamec\\\/?s={search_term_string}\"},\"query-input\":{\"@type\":\"PropertyValueSpecification\",\"valueRequired\":true,\"valueName\":\"search_term_string\"}}],\"inLanguage\":\"pt-BR\"}]}<\/script>\n<!-- \/ Yoast SEO plugin. -->","yoast_head_json":{"title":"Home - Laboratory of advanced materials and Environmental Chemistry","robots":{"index":"index","follow":"follow","max-snippet":"max-snippet:-1","max-image-preview":"max-image-preview:large","max-video-preview":"max-video-preview:-1"},"canonical":"https:\/\/wordpress.ft.unicamp.br\/lamec\/pagina-inicial\/","og_locale":"pt_BR","og_type":"article","og_title":"Home - Laboratory of advanced materials and Environmental Chemistry","og_description":"No Laborat\u00f3rio de Qu\u00edmica da da Faculdade de Tecnologia da Unicamp, estamos comprometidos com a excel\u00eancia no ensino, pesquisa e inova\u00e7\u00e3o. Nossa principal linha de pesquisa \u00e9 a\u00a0repara\u00e7\u00e3o de novos materiais e sua aplica\u00e7\u00e3o na adsor\u00e7\u00e3o de contaminantes em \u00e1guas, al\u00e9m da\u00a0avalia\u00e7\u00e3o da toxicidade de contaminantes e nanomateriais. Aqui, estudantes, pesquisadores e professores colaboram em [&hellip;]","og_url":"https:\/\/wordpress.ft.unicamp.br\/lamec\/pagina-inicial\/","og_site_name":"Laboratory of advanced materials and Environmental Chemistry","article_modified_time":"2025-02-07T17:23:27+00:00","twitter_card":"summary_large_image","twitter_misc":{"Est. tempo de leitura":"1 minuto"},"schema":{"@context":"https:\/\/schema.org","@graph":[{"@type":"WebPage","@id":"https:\/\/wordpress.ft.unicamp.br\/lamec\/pagina-inicial\/","url":"https:\/\/wordpress.ft.unicamp.br\/lamec\/pagina-inicial\/","name":"Home - Laboratory of advanced materials and Environmental Chemistry","isPartOf":{"@id":"https:\/\/wordpress.ft.unicamp.br\/lamec\/#website"},"datePublished":"2022-05-03T00:27:33+00:00","dateModified":"2025-02-07T17:23:27+00:00","breadcrumb":{"@id":"https:\/\/wordpress.ft.unicamp.br\/lamec\/pagina-inicial\/#breadcrumb"},"inLanguage":"pt-BR","potentialAction":[{"@type":"ReadAction","target":["https:\/\/wordpress.ft.unicamp.br\/lamec\/pagina-inicial\/"]}]},{"@type":"BreadcrumbList","@id":"https:\/\/wordpress.ft.unicamp.br\/lamec\/pagina-inicial\/#breadcrumb","itemListElement":[{"@type":"ListItem","position":1,"name":"Home","item":"https:\/\/wordpress.ft.unicamp.br\/lamec\/"},{"@type":"ListItem","position":2,"name":"Home"}]},{"@type":"WebSite","@id":"https:\/\/wordpress.ft.unicamp.br\/lamec\/#website","url":"https:\/\/wordpress.ft.unicamp.br\/lamec\/","name":"Laboratory of advanced materials and Environmental Chemistry","description":"","potentialAction":[{"@type":"SearchAction","target":{"@type":"EntryPoint","urlTemplate":"https:\/\/wordpress.ft.unicamp.br\/lamec\/?s={search_term_string}"},"query-input":{"@type":"PropertyValueSpecification","valueRequired":true,"valueName":"search_term_string"}}],"inLanguage":"pt-BR"}]}},"_links":{"self":[{"href":"https:\/\/wordpress.ft.unicamp.br\/lamec\/wp-json\/wp\/v2\/pages\/9","targetHints":{"allow":["GET"]}}],"collection":[{"href":"https:\/\/wordpress.ft.unicamp.br\/lamec\/wp-json\/wp\/v2\/pages"}],"about":[{"href":"https:\/\/wordpress.ft.unicamp.br\/lamec\/wp-json\/wp\/v2\/types\/page"}],"author":[{"embeddable":true,"href":"https:\/\/wordpress.ft.unicamp.br\/lamec\/wp-json\/wp\/v2\/users\/2"}],"replies":[{"embeddable":true,"href":"https:\/\/wordpress.ft.unicamp.br\/lamec\/wp-json\/wp\/v2\/comments?post=9"}],"version-history":[{"count":5,"href":"https:\/\/wordpress.ft.unicamp.br\/lamec\/wp-json\/wp\/v2\/pages\/9\/revisions"}],"predecessor-version":[{"id":362,"href":"https:\/\/wordpress.ft.unicamp.br\/lamec\/wp-json\/wp\/v2\/pages\/9\/revisions\/362"}],"wp:attachment":[{"href":"https:\/\/wordpress.ft.unicamp.br\/lamec\/wp-json\/wp\/v2\/media?parent=9"}],"curies":[{"name":"wp","href":"https:\/\/api.w.org\/{rel}","templated":true}]}}