{"id":156,"date":"2015-07-08T22:19:59","date_gmt":"2015-07-08T22:19:59","guid":{"rendered":"http:\/\/www.ft.unicamp.br\/lapet\/?page_id=156"},"modified":"2015-07-08T22:19:59","modified_gmt":"2015-07-08T22:19:59","slug":"conteudos","status":"publish","type":"page","link":"https:\/\/wordpress.ft.unicamp.br\/lapet\/conteudos\/","title":{"rendered":"Conte\u00fados"},"content":{"rendered":"<table>\n<tbody>\n<tr>\n<td style=\"text-align: justify;vertical-align: top\" width=\"500\">N\u00e3o s\u00f3 como princ\u00edpio, mas tamb\u00e9m como dever do laborat\u00f3rio, disponibilizaremos conte\u00fados educacionais em forma de apostilas, tutoriais, v\u00eddeos e outros meios a toda sociedade, pois entendemos que al\u00e9m do desenvolvimento de nossas pesquisas, precisamos retornar para a sociedade, resultados e conte\u00fados que colaborem na transfer\u00eancia de conhecimento Universidade\/Sociedade.<\/td>\n<td><img fetchpriority=\"high\" decoding=\"async\" src=\"http:\/\/wordpress.ft.unicamp.br\/lapet\/wp-content\/uploads\/sites\/23\/2015\/07\/Conteudo.png\" alt=\"Conteudo\" width=\"350\" height=\"257\" class=\"aligncenter size-full wp-image-164\" srcset=\"https:\/\/wordpress.ft.unicamp.br\/lapet\/wp-content\/uploads\/sites\/23\/2015\/07\/Conteudo.png 350w, https:\/\/wordpress.ft.unicamp.br\/lapet\/wp-content\/uploads\/sites\/23\/2015\/07\/Conteudo-300x220.png 300w\" sizes=\"(max-width: 350px) 100vw, 350px\" \/><\/td>\n<\/tr>\n<tr>\n<td colspan=\"2\">\n<ul>\n<li><a href=\"http:\/\/www.ft.unicamp.br\/lapet\/conteudos\/arduino\/\">Arduino<\/a><\/li>\n<li><a href=\"http:\/\/www.ft.unicamp.br\/lapet\/conteudos\/matlab\/\">Matlab<\/a><\/li>\n<li><a href=\"http:\/\/www.ft.unicamp.br\/lapet\/conteudos\/microsoft-c\/\">Microsoft C#<\/a><\/li>\n<li><a href=\"http:\/\/www.ft.unicamp.br\/lapet\/conteudos\/eletronica\/\">Eletr\u00f4nica<\/a><\/li>\n<li><a href=\"http:\/\/www.ft.unicamp.br\/lapet\/conteudos\/intel-galileo\/\">Intel Galileo<\/a><\/li>\n<\/td>\n<\/tr>\n<\/tbody>\n<\/table>\n","protected":false},"excerpt":{"rendered":"<p>N\u00e3o s\u00f3 como princ\u00edpio, mas tamb\u00e9m como dever do laborat\u00f3rio, disponibilizaremos conte\u00fados educacionais em forma de apostilas, tutoriais, v\u00eddeos e outros meios a toda sociedade, pois entendemos que al\u00e9m do desenvolvimento de nossas pesquisas, precisamos retornar para a sociedade, resultados e conte\u00fados que colaborem na transfer\u00eancia de conhecimento Universidade\/Sociedade. Arduino Matlab Microsoft C# Eletr\u00f4nica Intel <a href=\"https:\/\/wordpress.ft.unicamp.br\/lapet\/conteudos\/\" rel=\"nofollow\"><span class=\"sr-only\">Leia mais sobreConte\u00fados<\/span>[&hellip;]<\/a><\/p>\n","protected":false},"author":16,"featured_media":0,"parent":0,"menu_order":0,"comment_status":"closed","ping_status":"open","template":"template-fullwidth.php","meta":{"footnotes":""},"class_list":["post-156","page","type-page","status-publish","hentry"],"yoast_head":"<!-- This site is optimized with the Yoast SEO plugin v27.3 - https:\/\/yoast.com\/product\/yoast-seo-wordpress\/ -->\n<title>Conte\u00fados - LAPET<\/title>\n<meta name=\"robots\" content=\"index, follow, max-snippet:-1, max-image-preview:large, max-video-preview:-1\" \/>\n<link rel=\"canonical\" href=\"https:\/\/wordpress.ft.unicamp.br\/lapet\/conteudos\/\" \/>\n<meta property=\"og:locale\" content=\"pt_BR\" \/>\n<meta property=\"og:type\" content=\"article\" \/>\n<meta property=\"og:title\" content=\"Conte\u00fados - LAPET\" \/>\n<meta property=\"og:description\" content=\"N\u00e3o s\u00f3 como princ\u00edpio, mas tamb\u00e9m como dever do laborat\u00f3rio, disponibilizaremos conte\u00fados educacionais em forma de apostilas, tutoriais, v\u00eddeos e outros meios a toda sociedade, pois entendemos que al\u00e9m do desenvolvimento de nossas pesquisas, precisamos retornar para a sociedade, resultados e conte\u00fados que colaborem na transfer\u00eancia de conhecimento Universidade\/Sociedade. Arduino Matlab Microsoft C# Eletr\u00f4nica Intel Leia mais sobreConte\u00fados[&hellip;]\" \/>\n<meta property=\"og:url\" content=\"https:\/\/wordpress.ft.unicamp.br\/lapet\/conteudos\/\" \/>\n<meta property=\"og:site_name\" content=\"LAPET\" \/>\n<meta property=\"og:image\" content=\"http:\/\/wordpress.ft.unicamp.br\/lapet\/wp-content\/uploads\/sites\/23\/2015\/07\/Conteudo.png\" \/>\n<meta name=\"twitter:card\" content=\"summary_large_image\" \/>\n<script type=\"application\/ld+json\" class=\"yoast-schema-graph\">{\"@context\":\"https:\\\/\\\/schema.org\",\"@graph\":[{\"@type\":\"WebPage\",\"@id\":\"https:\\\/\\\/wordpress.ft.unicamp.br\\\/lapet\\\/conteudos\\\/\",\"url\":\"https:\\\/\\\/wordpress.ft.unicamp.br\\\/lapet\\\/conteudos\\\/\",\"name\":\"Conte\u00fados - LAPET\",\"isPartOf\":{\"@id\":\"https:\\\/\\\/wordpress.ft.unicamp.br\\\/lapet\\\/#website\"},\"primaryImageOfPage\":{\"@id\":\"https:\\\/\\\/wordpress.ft.unicamp.br\\\/lapet\\\/conteudos\\\/#primaryimage\"},\"image\":{\"@id\":\"https:\\\/\\\/wordpress.ft.unicamp.br\\\/lapet\\\/conteudos\\\/#primaryimage\"},\"thumbnailUrl\":\"http:\\\/\\\/wordpress.ft.unicamp.br\\\/lapet\\\/wp-content\\\/uploads\\\/sites\\\/23\\\/2015\\\/07\\\/Conteudo.png\",\"datePublished\":\"2015-07-08T22:19:59+00:00\",\"breadcrumb\":{\"@id\":\"https:\\\/\\\/wordpress.ft.unicamp.br\\\/lapet\\\/conteudos\\\/#breadcrumb\"},\"inLanguage\":\"pt-BR\",\"potentialAction\":[{\"@type\":\"ReadAction\",\"target\":[\"https:\\\/\\\/wordpress.ft.unicamp.br\\\/lapet\\\/conteudos\\\/\"]}]},{\"@type\":\"ImageObject\",\"inLanguage\":\"pt-BR\",\"@id\":\"https:\\\/\\\/wordpress.ft.unicamp.br\\\/lapet\\\/conteudos\\\/#primaryimage\",\"url\":\"https:\\\/\\\/wordpress.ft.unicamp.br\\\/lapet\\\/wp-content\\\/uploads\\\/sites\\\/23\\\/2015\\\/07\\\/Conteudo.png\",\"contentUrl\":\"https:\\\/\\\/wordpress.ft.unicamp.br\\\/lapet\\\/wp-content\\\/uploads\\\/sites\\\/23\\\/2015\\\/07\\\/Conteudo.png\",\"width\":350,\"height\":257},{\"@type\":\"BreadcrumbList\",\"@id\":\"https:\\\/\\\/wordpress.ft.unicamp.br\\\/lapet\\\/conteudos\\\/#breadcrumb\",\"itemListElement\":[{\"@type\":\"ListItem\",\"position\":1,\"name\":\"Home\",\"item\":\"https:\\\/\\\/wordpress.ft.unicamp.br\\\/lapet\\\/\"},{\"@type\":\"ListItem\",\"position\":2,\"name\":\"Conte\u00fados\"}]},{\"@type\":\"WebSite\",\"@id\":\"https:\\\/\\\/wordpress.ft.unicamp.br\\\/lapet\\\/#website\",\"url\":\"https:\\\/\\\/wordpress.ft.unicamp.br\\\/lapet\\\/\",\"name\":\"LAPET\",\"description\":\"Laborat\u00f3rio de Aplica\u00e7\u00e3o e Pesquisa em Ensino Tecnol\u00f3gico\",\"publisher\":{\"@id\":\"https:\\\/\\\/wordpress.ft.unicamp.br\\\/lapet\\\/#organization\"},\"potentialAction\":[{\"@type\":\"SearchAction\",\"target\":{\"@type\":\"EntryPoint\",\"urlTemplate\":\"https:\\\/\\\/wordpress.ft.unicamp.br\\\/lapet\\\/?s={search_term_string}\"},\"query-input\":{\"@type\":\"PropertyValueSpecification\",\"valueRequired\":true,\"valueName\":\"search_term_string\"}}],\"inLanguage\":\"pt-BR\"},{\"@type\":\"Organization\",\"@id\":\"https:\\\/\\\/wordpress.ft.unicamp.br\\\/lapet\\\/#organization\",\"name\":\"LAPET\",\"url\":\"https:\\\/\\\/wordpress.ft.unicamp.br\\\/lapet\\\/\",\"logo\":{\"@type\":\"ImageObject\",\"inLanguage\":\"pt-BR\",\"@id\":\"https:\\\/\\\/wordpress.ft.unicamp.br\\\/lapet\\\/#\\\/schema\\\/logo\\\/image\\\/\",\"url\":\"https:\\\/\\\/wordpress.ft.unicamp.br\\\/lapet\\\/wp-content\\\/uploads\\\/sites\\\/23\\\/2015\\\/07\\\/LAPETTexto.png\",\"contentUrl\":\"https:\\\/\\\/wordpress.ft.unicamp.br\\\/lapet\\\/wp-content\\\/uploads\\\/sites\\\/23\\\/2015\\\/07\\\/LAPETTexto.png\",\"width\":600,\"height\":200,\"caption\":\"LAPET\"},\"image\":{\"@id\":\"https:\\\/\\\/wordpress.ft.unicamp.br\\\/lapet\\\/#\\\/schema\\\/logo\\\/image\\\/\"}}]}<\/script>\n<!-- \/ Yoast SEO plugin. -->","yoast_head_json":{"title":"Conte\u00fados - LAPET","robots":{"index":"index","follow":"follow","max-snippet":"max-snippet:-1","max-image-preview":"max-image-preview:large","max-video-preview":"max-video-preview:-1"},"canonical":"https:\/\/wordpress.ft.unicamp.br\/lapet\/conteudos\/","og_locale":"pt_BR","og_type":"article","og_title":"Conte\u00fados - LAPET","og_description":"N\u00e3o s\u00f3 como princ\u00edpio, mas tamb\u00e9m como dever do laborat\u00f3rio, disponibilizaremos conte\u00fados educacionais em forma de apostilas, tutoriais, v\u00eddeos e outros meios a toda sociedade, pois entendemos que al\u00e9m do desenvolvimento de nossas pesquisas, precisamos retornar para a sociedade, resultados e conte\u00fados que colaborem na transfer\u00eancia de conhecimento Universidade\/Sociedade. Arduino Matlab Microsoft C# Eletr\u00f4nica Intel Leia mais sobreConte\u00fados[&hellip;]","og_url":"https:\/\/wordpress.ft.unicamp.br\/lapet\/conteudos\/","og_site_name":"LAPET","og_image":[{"url":"http:\/\/wordpress.ft.unicamp.br\/lapet\/wp-content\/uploads\/sites\/23\/2015\/07\/Conteudo.png","type":"","width":"","height":""}],"twitter_card":"summary_large_image","schema":{"@context":"https:\/\/schema.org","@graph":[{"@type":"WebPage","@id":"https:\/\/wordpress.ft.unicamp.br\/lapet\/conteudos\/","url":"https:\/\/wordpress.ft.unicamp.br\/lapet\/conteudos\/","name":"Conte\u00fados - LAPET","isPartOf":{"@id":"https:\/\/wordpress.ft.unicamp.br\/lapet\/#website"},"primaryImageOfPage":{"@id":"https:\/\/wordpress.ft.unicamp.br\/lapet\/conteudos\/#primaryimage"},"image":{"@id":"https:\/\/wordpress.ft.unicamp.br\/lapet\/conteudos\/#primaryimage"},"thumbnailUrl":"http:\/\/wordpress.ft.unicamp.br\/lapet\/wp-content\/uploads\/sites\/23\/2015\/07\/Conteudo.png","datePublished":"2015-07-08T22:19:59+00:00","breadcrumb":{"@id":"https:\/\/wordpress.ft.unicamp.br\/lapet\/conteudos\/#breadcrumb"},"inLanguage":"pt-BR","potentialAction":[{"@type":"ReadAction","target":["https:\/\/wordpress.ft.unicamp.br\/lapet\/conteudos\/"]}]},{"@type":"ImageObject","inLanguage":"pt-BR","@id":"https:\/\/wordpress.ft.unicamp.br\/lapet\/conteudos\/#primaryimage","url":"https:\/\/wordpress.ft.unicamp.br\/lapet\/wp-content\/uploads\/sites\/23\/2015\/07\/Conteudo.png","contentUrl":"https:\/\/wordpress.ft.unicamp.br\/lapet\/wp-content\/uploads\/sites\/23\/2015\/07\/Conteudo.png","width":350,"height":257},{"@type":"BreadcrumbList","@id":"https:\/\/wordpress.ft.unicamp.br\/lapet\/conteudos\/#breadcrumb","itemListElement":[{"@type":"ListItem","position":1,"name":"Home","item":"https:\/\/wordpress.ft.unicamp.br\/lapet\/"},{"@type":"ListItem","position":2,"name":"Conte\u00fados"}]},{"@type":"WebSite","@id":"https:\/\/wordpress.ft.unicamp.br\/lapet\/#website","url":"https:\/\/wordpress.ft.unicamp.br\/lapet\/","name":"LAPET","description":"Laborat\u00f3rio de Aplica\u00e7\u00e3o e Pesquisa em Ensino Tecnol\u00f3gico","publisher":{"@id":"https:\/\/wordpress.ft.unicamp.br\/lapet\/#organization"},"potentialAction":[{"@type":"SearchAction","target":{"@type":"EntryPoint","urlTemplate":"https:\/\/wordpress.ft.unicamp.br\/lapet\/?s={search_term_string}"},"query-input":{"@type":"PropertyValueSpecification","valueRequired":true,"valueName":"search_term_string"}}],"inLanguage":"pt-BR"},{"@type":"Organization","@id":"https:\/\/wordpress.ft.unicamp.br\/lapet\/#organization","name":"LAPET","url":"https:\/\/wordpress.ft.unicamp.br\/lapet\/","logo":{"@type":"ImageObject","inLanguage":"pt-BR","@id":"https:\/\/wordpress.ft.unicamp.br\/lapet\/#\/schema\/logo\/image\/","url":"https:\/\/wordpress.ft.unicamp.br\/lapet\/wp-content\/uploads\/sites\/23\/2015\/07\/LAPETTexto.png","contentUrl":"https:\/\/wordpress.ft.unicamp.br\/lapet\/wp-content\/uploads\/sites\/23\/2015\/07\/LAPETTexto.png","width":600,"height":200,"caption":"LAPET"},"image":{"@id":"https:\/\/wordpress.ft.unicamp.br\/lapet\/#\/schema\/logo\/image\/"}}]}},"_links":{"self":[{"href":"https:\/\/wordpress.ft.unicamp.br\/lapet\/wp-json\/wp\/v2\/pages\/156","targetHints":{"allow":["GET"]}}],"collection":[{"href":"https:\/\/wordpress.ft.unicamp.br\/lapet\/wp-json\/wp\/v2\/pages"}],"about":[{"href":"https:\/\/wordpress.ft.unicamp.br\/lapet\/wp-json\/wp\/v2\/types\/page"}],"author":[{"embeddable":true,"href":"https:\/\/wordpress.ft.unicamp.br\/lapet\/wp-json\/wp\/v2\/users\/16"}],"replies":[{"embeddable":true,"href":"https:\/\/wordpress.ft.unicamp.br\/lapet\/wp-json\/wp\/v2\/comments?post=156"}],"version-history":[{"count":0,"href":"https:\/\/wordpress.ft.unicamp.br\/lapet\/wp-json\/wp\/v2\/pages\/156\/revisions"}],"wp:attachment":[{"href":"https:\/\/wordpress.ft.unicamp.br\/lapet\/wp-json\/wp\/v2\/media?parent=156"}],"curies":[{"name":"wp","href":"https:\/\/api.w.org\/{rel}","templated":true}]}}