{"id":204,"date":"2015-07-09T04:23:03","date_gmt":"2015-07-09T04:23:03","guid":{"rendered":"http:\/\/www.ft.unicamp.br\/lapet\/?page_id=204"},"modified":"2015-07-09T04:23:03","modified_gmt":"2015-07-09T04:23:03","slug":"arduino","status":"publish","type":"page","link":"https:\/\/wordpress.ft.unicamp.br\/lapet\/conteudos\/arduino\/","title":{"rendered":"Arduino"},"content":{"rendered":"<table>\n<tbody>\n<tr>\n<td><\/td>\n<td style=\"font-size: 30px;text-align: middle;vertical-align: middle\">Conte\u00fados desenvolvidos em Arduino<\/td>\n<\/tr>\n<\/tbody>\n<\/table>\n<ul>\n<li><a href=\"http:\/\/wordpress.ft.unicamp.br\/lapet\/wp-content\/uploads\/sites\/23\/2015\/12\/Construindo-um-Bootloader-1-e-8-MHz-ATMega328P.pdf\">Construindo um Bootloader &#8211; 1 e 8 MHz [ATMega328P]<\/a><\/li>\n<\/ul>\n","protected":false},"excerpt":{"rendered":"<p>Conte\u00fados desenvolvidos em Arduino Construindo um Bootloader &#8211; 1 e 8 MHz [ATMega328P]<\/p>\n","protected":false},"author":16,"featured_media":0,"parent":156,"menu_order":0,"comment_status":"closed","ping_status":"open","template":"template-fullwidth.php","meta":{"footnotes":""},"class_list":["post-204","page","type-page","status-publish","hentry"],"yoast_head":"<!-- This site is optimized with the Yoast SEO plugin v27.5 - https:\/\/yoast.com\/product\/yoast-seo-wordpress\/ -->\n<title>Arduino - LAPET<\/title>\n<meta name=\"robots\" content=\"index, follow, max-snippet:-1, max-image-preview:large, max-video-preview:-1\" \/>\n<link rel=\"canonical\" href=\"https:\/\/wordpress.ft.unicamp.br\/lapet\/conteudos\/arduino\/\" \/>\n<meta property=\"og:locale\" content=\"pt_BR\" \/>\n<meta property=\"og:type\" content=\"article\" \/>\n<meta property=\"og:title\" content=\"Arduino - LAPET\" \/>\n<meta property=\"og:description\" content=\"Conte\u00fados desenvolvidos em Arduino Construindo um Bootloader &#8211; 1 e 8 MHz [ATMega328P]\" \/>\n<meta property=\"og:url\" content=\"https:\/\/wordpress.ft.unicamp.br\/lapet\/conteudos\/arduino\/\" \/>\n<meta property=\"og:site_name\" content=\"LAPET\" \/>\n<meta name=\"twitter:card\" content=\"summary_large_image\" \/>\n<script type=\"application\/ld+json\" class=\"yoast-schema-graph\">{\"@context\":\"https:\\\/\\\/schema.org\",\"@graph\":[{\"@type\":\"WebPage\",\"@id\":\"https:\\\/\\\/wordpress.ft.unicamp.br\\\/lapet\\\/conteudos\\\/arduino\\\/\",\"url\":\"https:\\\/\\\/wordpress.ft.unicamp.br\\\/lapet\\\/conteudos\\\/arduino\\\/\",\"name\":\"Arduino - LAPET\",\"isPartOf\":{\"@id\":\"https:\\\/\\\/wordpress.ft.unicamp.br\\\/lapet\\\/#website\"},\"datePublished\":\"2015-07-09T04:23:03+00:00\",\"breadcrumb\":{\"@id\":\"https:\\\/\\\/wordpress.ft.unicamp.br\\\/lapet\\\/conteudos\\\/arduino\\\/#breadcrumb\"},\"inLanguage\":\"pt-BR\",\"potentialAction\":[{\"@type\":\"ReadAction\",\"target\":[\"https:\\\/\\\/wordpress.ft.unicamp.br\\\/lapet\\\/conteudos\\\/arduino\\\/\"]}]},{\"@type\":\"BreadcrumbList\",\"@id\":\"https:\\\/\\\/wordpress.ft.unicamp.br\\\/lapet\\\/conteudos\\\/arduino\\\/#breadcrumb\",\"itemListElement\":[{\"@type\":\"ListItem\",\"position\":1,\"name\":\"Home\",\"item\":\"https:\\\/\\\/wordpress.ft.unicamp.br\\\/lapet\\\/\"},{\"@type\":\"ListItem\",\"position\":2,\"name\":\"Conte\u00fados\",\"item\":\"https:\\\/\\\/wordpress.ft.unicamp.br\\\/lapet\\\/conteudos\\\/\"},{\"@type\":\"ListItem\",\"position\":3,\"name\":\"Arduino\"}]},{\"@type\":\"WebSite\",\"@id\":\"https:\\\/\\\/wordpress.ft.unicamp.br\\\/lapet\\\/#website\",\"url\":\"https:\\\/\\\/wordpress.ft.unicamp.br\\\/lapet\\\/\",\"name\":\"LAPET\",\"description\":\"Laborat\u00f3rio de Aplica\u00e7\u00e3o e Pesquisa em Ensino Tecnol\u00f3gico\",\"publisher\":{\"@id\":\"https:\\\/\\\/wordpress.ft.unicamp.br\\\/lapet\\\/#organization\"},\"potentialAction\":[{\"@type\":\"SearchAction\",\"target\":{\"@type\":\"EntryPoint\",\"urlTemplate\":\"https:\\\/\\\/wordpress.ft.unicamp.br\\\/lapet\\\/?s={search_term_string}\"},\"query-input\":{\"@type\":\"PropertyValueSpecification\",\"valueRequired\":true,\"valueName\":\"search_term_string\"}}],\"inLanguage\":\"pt-BR\"},{\"@type\":\"Organization\",\"@id\":\"https:\\\/\\\/wordpress.ft.unicamp.br\\\/lapet\\\/#organization\",\"name\":\"LAPET\",\"url\":\"https:\\\/\\\/wordpress.ft.unicamp.br\\\/lapet\\\/\",\"logo\":{\"@type\":\"ImageObject\",\"inLanguage\":\"pt-BR\",\"@id\":\"https:\\\/\\\/wordpress.ft.unicamp.br\\\/lapet\\\/#\\\/schema\\\/logo\\\/image\\\/\",\"url\":\"https:\\\/\\\/wordpress.ft.unicamp.br\\\/lapet\\\/wp-content\\\/uploads\\\/sites\\\/23\\\/2015\\\/07\\\/LAPETTexto.png\",\"contentUrl\":\"https:\\\/\\\/wordpress.ft.unicamp.br\\\/lapet\\\/wp-content\\\/uploads\\\/sites\\\/23\\\/2015\\\/07\\\/LAPETTexto.png\",\"width\":600,\"height\":200,\"caption\":\"LAPET\"},\"image\":{\"@id\":\"https:\\\/\\\/wordpress.ft.unicamp.br\\\/lapet\\\/#\\\/schema\\\/logo\\\/image\\\/\"}}]}<\/script>\n<!-- \/ Yoast SEO plugin. -->","yoast_head_json":{"title":"Arduino - LAPET","robots":{"index":"index","follow":"follow","max-snippet":"max-snippet:-1","max-image-preview":"max-image-preview:large","max-video-preview":"max-video-preview:-1"},"canonical":"https:\/\/wordpress.ft.unicamp.br\/lapet\/conteudos\/arduino\/","og_locale":"pt_BR","og_type":"article","og_title":"Arduino - LAPET","og_description":"Conte\u00fados desenvolvidos em Arduino Construindo um Bootloader &#8211; 1 e 8 MHz [ATMega328P]","og_url":"https:\/\/wordpress.ft.unicamp.br\/lapet\/conteudos\/arduino\/","og_site_name":"LAPET","twitter_card":"summary_large_image","schema":{"@context":"https:\/\/schema.org","@graph":[{"@type":"WebPage","@id":"https:\/\/wordpress.ft.unicamp.br\/lapet\/conteudos\/arduino\/","url":"https:\/\/wordpress.ft.unicamp.br\/lapet\/conteudos\/arduino\/","name":"Arduino - LAPET","isPartOf":{"@id":"https:\/\/wordpress.ft.unicamp.br\/lapet\/#website"},"datePublished":"2015-07-09T04:23:03+00:00","breadcrumb":{"@id":"https:\/\/wordpress.ft.unicamp.br\/lapet\/conteudos\/arduino\/#breadcrumb"},"inLanguage":"pt-BR","potentialAction":[{"@type":"ReadAction","target":["https:\/\/wordpress.ft.unicamp.br\/lapet\/conteudos\/arduino\/"]}]},{"@type":"BreadcrumbList","@id":"https:\/\/wordpress.ft.unicamp.br\/lapet\/conteudos\/arduino\/#breadcrumb","itemListElement":[{"@type":"ListItem","position":1,"name":"Home","item":"https:\/\/wordpress.ft.unicamp.br\/lapet\/"},{"@type":"ListItem","position":2,"name":"Conte\u00fados","item":"https:\/\/wordpress.ft.unicamp.br\/lapet\/conteudos\/"},{"@type":"ListItem","position":3,"name":"Arduino"}]},{"@type":"WebSite","@id":"https:\/\/wordpress.ft.unicamp.br\/lapet\/#website","url":"https:\/\/wordpress.ft.unicamp.br\/lapet\/","name":"LAPET","description":"Laborat\u00f3rio de Aplica\u00e7\u00e3o e Pesquisa em Ensino Tecnol\u00f3gico","publisher":{"@id":"https:\/\/wordpress.ft.unicamp.br\/lapet\/#organization"},"potentialAction":[{"@type":"SearchAction","target":{"@type":"EntryPoint","urlTemplate":"https:\/\/wordpress.ft.unicamp.br\/lapet\/?s={search_term_string}"},"query-input":{"@type":"PropertyValueSpecification","valueRequired":true,"valueName":"search_term_string"}}],"inLanguage":"pt-BR"},{"@type":"Organization","@id":"https:\/\/wordpress.ft.unicamp.br\/lapet\/#organization","name":"LAPET","url":"https:\/\/wordpress.ft.unicamp.br\/lapet\/","logo":{"@type":"ImageObject","inLanguage":"pt-BR","@id":"https:\/\/wordpress.ft.unicamp.br\/lapet\/#\/schema\/logo\/image\/","url":"https:\/\/wordpress.ft.unicamp.br\/lapet\/wp-content\/uploads\/sites\/23\/2015\/07\/LAPETTexto.png","contentUrl":"https:\/\/wordpress.ft.unicamp.br\/lapet\/wp-content\/uploads\/sites\/23\/2015\/07\/LAPETTexto.png","width":600,"height":200,"caption":"LAPET"},"image":{"@id":"https:\/\/wordpress.ft.unicamp.br\/lapet\/#\/schema\/logo\/image\/"}}]}},"_links":{"self":[{"href":"https:\/\/wordpress.ft.unicamp.br\/lapet\/wp-json\/wp\/v2\/pages\/204","targetHints":{"allow":["GET"]}}],"collection":[{"href":"https:\/\/wordpress.ft.unicamp.br\/lapet\/wp-json\/wp\/v2\/pages"}],"about":[{"href":"https:\/\/wordpress.ft.unicamp.br\/lapet\/wp-json\/wp\/v2\/types\/page"}],"author":[{"embeddable":true,"href":"https:\/\/wordpress.ft.unicamp.br\/lapet\/wp-json\/wp\/v2\/users\/16"}],"replies":[{"embeddable":true,"href":"https:\/\/wordpress.ft.unicamp.br\/lapet\/wp-json\/wp\/v2\/comments?post=204"}],"version-history":[{"count":0,"href":"https:\/\/wordpress.ft.unicamp.br\/lapet\/wp-json\/wp\/v2\/pages\/204\/revisions"}],"up":[{"embeddable":true,"href":"https:\/\/wordpress.ft.unicamp.br\/lapet\/wp-json\/wp\/v2\/pages\/156"}],"wp:attachment":[{"href":"https:\/\/wordpress.ft.unicamp.br\/lapet\/wp-json\/wp\/v2\/media?parent=204"}],"curies":[{"name":"wp","href":"https:\/\/api.w.org\/{rel}","templated":true}]}}