{"id":206,"date":"2015-07-09T04:23:25","date_gmt":"2015-07-09T04:23:25","guid":{"rendered":"http:\/\/www.ft.unicamp.br\/lapet\/?page_id=206"},"modified":"2015-07-09T04:23:25","modified_gmt":"2015-07-09T04:23:25","slug":"matlab","status":"publish","type":"page","link":"https:\/\/wordpress.ft.unicamp.br\/lapet\/conteudos\/matlab\/","title":{"rendered":"Matlab"},"content":{"rendered":"<table>\n<tbody>\n<tr>\n<td><img decoding=\"async\" src=\"http:\/\/wordpress.ft.unicamp.br\/lapet\/wp-content\/uploads\/sites\/23\/2015\/07\/Matlab2.png\" class=\"alignleft size-full wp-image-237\" \/><\/td>\n<td style=\"font-size: 30px;text-align: middle;vertical-align: middle\">Conte\u00fados desenvolvidos em Matlab<\/td>\n<\/tr>\n<\/tbody>\n<\/table>\n","protected":false},"excerpt":{"rendered":"<p>Conte\u00fados desenvolvidos em Matlab<\/p>\n","protected":false},"author":16,"featured_media":0,"parent":156,"menu_order":0,"comment_status":"closed","ping_status":"open","template":"template-fullwidth.php","meta":{"footnotes":""},"class_list":["post-206","page","type-page","status-publish","hentry"],"yoast_head":"<!-- This site is optimized with the Yoast SEO plugin v27.5 - https:\/\/yoast.com\/product\/yoast-seo-wordpress\/ -->\n<title>Matlab - LAPET<\/title>\n<meta name=\"robots\" content=\"index, follow, max-snippet:-1, max-image-preview:large, max-video-preview:-1\" \/>\n<link rel=\"canonical\" href=\"https:\/\/wordpress.ft.unicamp.br\/lapet\/conteudos\/matlab\/\" \/>\n<meta property=\"og:locale\" content=\"pt_BR\" \/>\n<meta property=\"og:type\" content=\"article\" \/>\n<meta property=\"og:title\" content=\"Matlab - LAPET\" \/>\n<meta property=\"og:description\" content=\"Conte\u00fados desenvolvidos em Matlab\" \/>\n<meta property=\"og:url\" content=\"https:\/\/wordpress.ft.unicamp.br\/lapet\/conteudos\/matlab\/\" \/>\n<meta property=\"og:site_name\" content=\"LAPET\" \/>\n<meta property=\"og:image\" content=\"http:\/\/wordpress.ft.unicamp.br\/lapet\/wp-content\/uploads\/sites\/23\/2015\/07\/Matlab2.png\" \/>\n<meta name=\"twitter:card\" content=\"summary_large_image\" \/>\n<script type=\"application\/ld+json\" class=\"yoast-schema-graph\">{\"@context\":\"https:\\\/\\\/schema.org\",\"@graph\":[{\"@type\":\"WebPage\",\"@id\":\"https:\\\/\\\/wordpress.ft.unicamp.br\\\/lapet\\\/conteudos\\\/matlab\\\/\",\"url\":\"https:\\\/\\\/wordpress.ft.unicamp.br\\\/lapet\\\/conteudos\\\/matlab\\\/\",\"name\":\"Matlab - LAPET\",\"isPartOf\":{\"@id\":\"https:\\\/\\\/wordpress.ft.unicamp.br\\\/lapet\\\/#website\"},\"primaryImageOfPage\":{\"@id\":\"https:\\\/\\\/wordpress.ft.unicamp.br\\\/lapet\\\/conteudos\\\/matlab\\\/#primaryimage\"},\"image\":{\"@id\":\"https:\\\/\\\/wordpress.ft.unicamp.br\\\/lapet\\\/conteudos\\\/matlab\\\/#primaryimage\"},\"thumbnailUrl\":\"http:\\\/\\\/wordpress.ft.unicamp.br\\\/lapet\\\/wp-content\\\/uploads\\\/sites\\\/23\\\/2015\\\/07\\\/Matlab2.png\",\"datePublished\":\"2015-07-09T04:23:25+00:00\",\"breadcrumb\":{\"@id\":\"https:\\\/\\\/wordpress.ft.unicamp.br\\\/lapet\\\/conteudos\\\/matlab\\\/#breadcrumb\"},\"inLanguage\":\"pt-BR\",\"potentialAction\":[{\"@type\":\"ReadAction\",\"target\":[\"https:\\\/\\\/wordpress.ft.unicamp.br\\\/lapet\\\/conteudos\\\/matlab\\\/\"]}]},{\"@type\":\"ImageObject\",\"inLanguage\":\"pt-BR\",\"@id\":\"https:\\\/\\\/wordpress.ft.unicamp.br\\\/lapet\\\/conteudos\\\/matlab\\\/#primaryimage\",\"url\":\"\",\"contentUrl\":\"\"},{\"@type\":\"BreadcrumbList\",\"@id\":\"https:\\\/\\\/wordpress.ft.unicamp.br\\\/lapet\\\/conteudos\\\/matlab\\\/#breadcrumb\",\"itemListElement\":[{\"@type\":\"ListItem\",\"position\":1,\"name\":\"Home\",\"item\":\"https:\\\/\\\/wordpress.ft.unicamp.br\\\/lapet\\\/\"},{\"@type\":\"ListItem\",\"position\":2,\"name\":\"Conte\u00fados\",\"item\":\"https:\\\/\\\/wordpress.ft.unicamp.br\\\/lapet\\\/conteudos\\\/\"},{\"@type\":\"ListItem\",\"position\":3,\"name\":\"Matlab\"}]},{\"@type\":\"WebSite\",\"@id\":\"https:\\\/\\\/wordpress.ft.unicamp.br\\\/lapet\\\/#website\",\"url\":\"https:\\\/\\\/wordpress.ft.unicamp.br\\\/lapet\\\/\",\"name\":\"LAPET\",\"description\":\"Laborat\u00f3rio de Aplica\u00e7\u00e3o e Pesquisa em Ensino Tecnol\u00f3gico\",\"publisher\":{\"@id\":\"https:\\\/\\\/wordpress.ft.unicamp.br\\\/lapet\\\/#organization\"},\"potentialAction\":[{\"@type\":\"SearchAction\",\"target\":{\"@type\":\"EntryPoint\",\"urlTemplate\":\"https:\\\/\\\/wordpress.ft.unicamp.br\\\/lapet\\\/?s={search_term_string}\"},\"query-input\":{\"@type\":\"PropertyValueSpecification\",\"valueRequired\":true,\"valueName\":\"search_term_string\"}}],\"inLanguage\":\"pt-BR\"},{\"@type\":\"Organization\",\"@id\":\"https:\\\/\\\/wordpress.ft.unicamp.br\\\/lapet\\\/#organization\",\"name\":\"LAPET\",\"url\":\"https:\\\/\\\/wordpress.ft.unicamp.br\\\/lapet\\\/\",\"logo\":{\"@type\":\"ImageObject\",\"inLanguage\":\"pt-BR\",\"@id\":\"https:\\\/\\\/wordpress.ft.unicamp.br\\\/lapet\\\/#\\\/schema\\\/logo\\\/image\\\/\",\"url\":\"https:\\\/\\\/wordpress.ft.unicamp.br\\\/lapet\\\/wp-content\\\/uploads\\\/sites\\\/23\\\/2015\\\/07\\\/LAPETTexto.png\",\"contentUrl\":\"https:\\\/\\\/wordpress.ft.unicamp.br\\\/lapet\\\/wp-content\\\/uploads\\\/sites\\\/23\\\/2015\\\/07\\\/LAPETTexto.png\",\"width\":600,\"height\":200,\"caption\":\"LAPET\"},\"image\":{\"@id\":\"https:\\\/\\\/wordpress.ft.unicamp.br\\\/lapet\\\/#\\\/schema\\\/logo\\\/image\\\/\"}}]}<\/script>\n<!-- \/ Yoast SEO plugin. -->","yoast_head_json":{"title":"Matlab - LAPET","robots":{"index":"index","follow":"follow","max-snippet":"max-snippet:-1","max-image-preview":"max-image-preview:large","max-video-preview":"max-video-preview:-1"},"canonical":"https:\/\/wordpress.ft.unicamp.br\/lapet\/conteudos\/matlab\/","og_locale":"pt_BR","og_type":"article","og_title":"Matlab - LAPET","og_description":"Conte\u00fados desenvolvidos em Matlab","og_url":"https:\/\/wordpress.ft.unicamp.br\/lapet\/conteudos\/matlab\/","og_site_name":"LAPET","og_image":[{"url":"http:\/\/wordpress.ft.unicamp.br\/lapet\/wp-content\/uploads\/sites\/23\/2015\/07\/Matlab2.png","type":"","width":"","height":""}],"twitter_card":"summary_large_image","schema":{"@context":"https:\/\/schema.org","@graph":[{"@type":"WebPage","@id":"https:\/\/wordpress.ft.unicamp.br\/lapet\/conteudos\/matlab\/","url":"https:\/\/wordpress.ft.unicamp.br\/lapet\/conteudos\/matlab\/","name":"Matlab - LAPET","isPartOf":{"@id":"https:\/\/wordpress.ft.unicamp.br\/lapet\/#website"},"primaryImageOfPage":{"@id":"https:\/\/wordpress.ft.unicamp.br\/lapet\/conteudos\/matlab\/#primaryimage"},"image":{"@id":"https:\/\/wordpress.ft.unicamp.br\/lapet\/conteudos\/matlab\/#primaryimage"},"thumbnailUrl":"http:\/\/wordpress.ft.unicamp.br\/lapet\/wp-content\/uploads\/sites\/23\/2015\/07\/Matlab2.png","datePublished":"2015-07-09T04:23:25+00:00","breadcrumb":{"@id":"https:\/\/wordpress.ft.unicamp.br\/lapet\/conteudos\/matlab\/#breadcrumb"},"inLanguage":"pt-BR","potentialAction":[{"@type":"ReadAction","target":["https:\/\/wordpress.ft.unicamp.br\/lapet\/conteudos\/matlab\/"]}]},{"@type":"ImageObject","inLanguage":"pt-BR","@id":"https:\/\/wordpress.ft.unicamp.br\/lapet\/conteudos\/matlab\/#primaryimage","url":"","contentUrl":""},{"@type":"BreadcrumbList","@id":"https:\/\/wordpress.ft.unicamp.br\/lapet\/conteudos\/matlab\/#breadcrumb","itemListElement":[{"@type":"ListItem","position":1,"name":"Home","item":"https:\/\/wordpress.ft.unicamp.br\/lapet\/"},{"@type":"ListItem","position":2,"name":"Conte\u00fados","item":"https:\/\/wordpress.ft.unicamp.br\/lapet\/conteudos\/"},{"@type":"ListItem","position":3,"name":"Matlab"}]},{"@type":"WebSite","@id":"https:\/\/wordpress.ft.unicamp.br\/lapet\/#website","url":"https:\/\/wordpress.ft.unicamp.br\/lapet\/","name":"LAPET","description":"Laborat\u00f3rio de Aplica\u00e7\u00e3o e Pesquisa em Ensino Tecnol\u00f3gico","publisher":{"@id":"https:\/\/wordpress.ft.unicamp.br\/lapet\/#organization"},"potentialAction":[{"@type":"SearchAction","target":{"@type":"EntryPoint","urlTemplate":"https:\/\/wordpress.ft.unicamp.br\/lapet\/?s={search_term_string}"},"query-input":{"@type":"PropertyValueSpecification","valueRequired":true,"valueName":"search_term_string"}}],"inLanguage":"pt-BR"},{"@type":"Organization","@id":"https:\/\/wordpress.ft.unicamp.br\/lapet\/#organization","name":"LAPET","url":"https:\/\/wordpress.ft.unicamp.br\/lapet\/","logo":{"@type":"ImageObject","inLanguage":"pt-BR","@id":"https:\/\/wordpress.ft.unicamp.br\/lapet\/#\/schema\/logo\/image\/","url":"https:\/\/wordpress.ft.unicamp.br\/lapet\/wp-content\/uploads\/sites\/23\/2015\/07\/LAPETTexto.png","contentUrl":"https:\/\/wordpress.ft.unicamp.br\/lapet\/wp-content\/uploads\/sites\/23\/2015\/07\/LAPETTexto.png","width":600,"height":200,"caption":"LAPET"},"image":{"@id":"https:\/\/wordpress.ft.unicamp.br\/lapet\/#\/schema\/logo\/image\/"}}]}},"_links":{"self":[{"href":"https:\/\/wordpress.ft.unicamp.br\/lapet\/wp-json\/wp\/v2\/pages\/206","targetHints":{"allow":["GET"]}}],"collection":[{"href":"https:\/\/wordpress.ft.unicamp.br\/lapet\/wp-json\/wp\/v2\/pages"}],"about":[{"href":"https:\/\/wordpress.ft.unicamp.br\/lapet\/wp-json\/wp\/v2\/types\/page"}],"author":[{"embeddable":true,"href":"https:\/\/wordpress.ft.unicamp.br\/lapet\/wp-json\/wp\/v2\/users\/16"}],"replies":[{"embeddable":true,"href":"https:\/\/wordpress.ft.unicamp.br\/lapet\/wp-json\/wp\/v2\/comments?post=206"}],"version-history":[{"count":0,"href":"https:\/\/wordpress.ft.unicamp.br\/lapet\/wp-json\/wp\/v2\/pages\/206\/revisions"}],"up":[{"embeddable":true,"href":"https:\/\/wordpress.ft.unicamp.br\/lapet\/wp-json\/wp\/v2\/pages\/156"}],"wp:attachment":[{"href":"https:\/\/wordpress.ft.unicamp.br\/lapet\/wp-json\/wp\/v2\/media?parent=206"}],"curies":[{"name":"wp","href":"https:\/\/api.w.org\/{rel}","templated":true}]}}