{"id":208,"date":"2015-07-09T04:24:00","date_gmt":"2015-07-09T04:24:00","guid":{"rendered":"http:\/\/www.ft.unicamp.br\/lapet\/?page_id=208"},"modified":"2015-07-09T04:24:00","modified_gmt":"2015-07-09T04:24:00","slug":"microsoft-c","status":"publish","type":"page","link":"https:\/\/wordpress.ft.unicamp.br\/lapet\/conteudos\/microsoft-c\/","title":{"rendered":"Microsoft C#"},"content":{"rendered":"","protected":false},"excerpt":{"rendered":"","protected":false},"author":16,"featured_media":0,"parent":156,"menu_order":0,"comment_status":"closed","ping_status":"open","template":"template-fullwidth.php","meta":{"footnotes":""},"class_list":["post-208","page","type-page","status-publish","hentry"],"yoast_head":"<!-- This site is optimized with the Yoast SEO plugin v27.5 - https:\/\/yoast.com\/product\/yoast-seo-wordpress\/ -->\n<title>Microsoft C# - LAPET<\/title>\n<meta name=\"robots\" content=\"index, follow, max-snippet:-1, max-image-preview:large, max-video-preview:-1\" \/>\n<link rel=\"canonical\" href=\"https:\/\/wordpress.ft.unicamp.br\/lapet\/conteudos\/microsoft-c\/\" \/>\n<meta property=\"og:locale\" content=\"pt_BR\" \/>\n<meta property=\"og:type\" content=\"article\" \/>\n<meta property=\"og:title\" content=\"Microsoft C# - LAPET\" \/>\n<meta property=\"og:url\" content=\"https:\/\/wordpress.ft.unicamp.br\/lapet\/conteudos\/microsoft-c\/\" \/>\n<meta property=\"og:site_name\" content=\"LAPET\" \/>\n<meta name=\"twitter:card\" content=\"summary_large_image\" \/>\n<script type=\"application\/ld+json\" class=\"yoast-schema-graph\">{\"@context\":\"https:\\\/\\\/schema.org\",\"@graph\":[{\"@type\":\"WebPage\",\"@id\":\"https:\\\/\\\/wordpress.ft.unicamp.br\\\/lapet\\\/conteudos\\\/microsoft-c\\\/\",\"url\":\"https:\\\/\\\/wordpress.ft.unicamp.br\\\/lapet\\\/conteudos\\\/microsoft-c\\\/\",\"name\":\"Microsoft C# - LAPET\",\"isPartOf\":{\"@id\":\"https:\\\/\\\/wordpress.ft.unicamp.br\\\/lapet\\\/#website\"},\"datePublished\":\"2015-07-09T04:24:00+00:00\",\"breadcrumb\":{\"@id\":\"https:\\\/\\\/wordpress.ft.unicamp.br\\\/lapet\\\/conteudos\\\/microsoft-c\\\/#breadcrumb\"},\"inLanguage\":\"pt-BR\",\"potentialAction\":[{\"@type\":\"ReadAction\",\"target\":[\"https:\\\/\\\/wordpress.ft.unicamp.br\\\/lapet\\\/conteudos\\\/microsoft-c\\\/\"]}]},{\"@type\":\"BreadcrumbList\",\"@id\":\"https:\\\/\\\/wordpress.ft.unicamp.br\\\/lapet\\\/conteudos\\\/microsoft-c\\\/#breadcrumb\",\"itemListElement\":[{\"@type\":\"ListItem\",\"position\":1,\"name\":\"Home\",\"item\":\"https:\\\/\\\/wordpress.ft.unicamp.br\\\/lapet\\\/\"},{\"@type\":\"ListItem\",\"position\":2,\"name\":\"Conte\u00fados\",\"item\":\"https:\\\/\\\/wordpress.ft.unicamp.br\\\/lapet\\\/conteudos\\\/\"},{\"@type\":\"ListItem\",\"position\":3,\"name\":\"Microsoft C#\"}]},{\"@type\":\"WebSite\",\"@id\":\"https:\\\/\\\/wordpress.ft.unicamp.br\\\/lapet\\\/#website\",\"url\":\"https:\\\/\\\/wordpress.ft.unicamp.br\\\/lapet\\\/\",\"name\":\"LAPET\",\"description\":\"Laborat\u00f3rio de Aplica\u00e7\u00e3o e Pesquisa em Ensino Tecnol\u00f3gico\",\"publisher\":{\"@id\":\"https:\\\/\\\/wordpress.ft.unicamp.br\\\/lapet\\\/#organization\"},\"potentialAction\":[{\"@type\":\"SearchAction\",\"target\":{\"@type\":\"EntryPoint\",\"urlTemplate\":\"https:\\\/\\\/wordpress.ft.unicamp.br\\\/lapet\\\/?s={search_term_string}\"},\"query-input\":{\"@type\":\"PropertyValueSpecification\",\"valueRequired\":true,\"valueName\":\"search_term_string\"}}],\"inLanguage\":\"pt-BR\"},{\"@type\":\"Organization\",\"@id\":\"https:\\\/\\\/wordpress.ft.unicamp.br\\\/lapet\\\/#organization\",\"name\":\"LAPET\",\"url\":\"https:\\\/\\\/wordpress.ft.unicamp.br\\\/lapet\\\/\",\"logo\":{\"@type\":\"ImageObject\",\"inLanguage\":\"pt-BR\",\"@id\":\"https:\\\/\\\/wordpress.ft.unicamp.br\\\/lapet\\\/#\\\/schema\\\/logo\\\/image\\\/\",\"url\":\"https:\\\/\\\/wordpress.ft.unicamp.br\\\/lapet\\\/wp-content\\\/uploads\\\/sites\\\/23\\\/2015\\\/07\\\/LAPETTexto.png\",\"contentUrl\":\"https:\\\/\\\/wordpress.ft.unicamp.br\\\/lapet\\\/wp-content\\\/uploads\\\/sites\\\/23\\\/2015\\\/07\\\/LAPETTexto.png\",\"width\":600,\"height\":200,\"caption\":\"LAPET\"},\"image\":{\"@id\":\"https:\\\/\\\/wordpress.ft.unicamp.br\\\/lapet\\\/#\\\/schema\\\/logo\\\/image\\\/\"}}]}<\/script>\n<!-- \/ Yoast SEO plugin. -->","yoast_head_json":{"title":"Microsoft C# - LAPET","robots":{"index":"index","follow":"follow","max-snippet":"max-snippet:-1","max-image-preview":"max-image-preview:large","max-video-preview":"max-video-preview:-1"},"canonical":"https:\/\/wordpress.ft.unicamp.br\/lapet\/conteudos\/microsoft-c\/","og_locale":"pt_BR","og_type":"article","og_title":"Microsoft C# - LAPET","og_url":"https:\/\/wordpress.ft.unicamp.br\/lapet\/conteudos\/microsoft-c\/","og_site_name":"LAPET","twitter_card":"summary_large_image","schema":{"@context":"https:\/\/schema.org","@graph":[{"@type":"WebPage","@id":"https:\/\/wordpress.ft.unicamp.br\/lapet\/conteudos\/microsoft-c\/","url":"https:\/\/wordpress.ft.unicamp.br\/lapet\/conteudos\/microsoft-c\/","name":"Microsoft C# - LAPET","isPartOf":{"@id":"https:\/\/wordpress.ft.unicamp.br\/lapet\/#website"},"datePublished":"2015-07-09T04:24:00+00:00","breadcrumb":{"@id":"https:\/\/wordpress.ft.unicamp.br\/lapet\/conteudos\/microsoft-c\/#breadcrumb"},"inLanguage":"pt-BR","potentialAction":[{"@type":"ReadAction","target":["https:\/\/wordpress.ft.unicamp.br\/lapet\/conteudos\/microsoft-c\/"]}]},{"@type":"BreadcrumbList","@id":"https:\/\/wordpress.ft.unicamp.br\/lapet\/conteudos\/microsoft-c\/#breadcrumb","itemListElement":[{"@type":"ListItem","position":1,"name":"Home","item":"https:\/\/wordpress.ft.unicamp.br\/lapet\/"},{"@type":"ListItem","position":2,"name":"Conte\u00fados","item":"https:\/\/wordpress.ft.unicamp.br\/lapet\/conteudos\/"},{"@type":"ListItem","position":3,"name":"Microsoft C#"}]},{"@type":"WebSite","@id":"https:\/\/wordpress.ft.unicamp.br\/lapet\/#website","url":"https:\/\/wordpress.ft.unicamp.br\/lapet\/","name":"LAPET","description":"Laborat\u00f3rio de Aplica\u00e7\u00e3o e Pesquisa em Ensino Tecnol\u00f3gico","publisher":{"@id":"https:\/\/wordpress.ft.unicamp.br\/lapet\/#organization"},"potentialAction":[{"@type":"SearchAction","target":{"@type":"EntryPoint","urlTemplate":"https:\/\/wordpress.ft.unicamp.br\/lapet\/?s={search_term_string}"},"query-input":{"@type":"PropertyValueSpecification","valueRequired":true,"valueName":"search_term_string"}}],"inLanguage":"pt-BR"},{"@type":"Organization","@id":"https:\/\/wordpress.ft.unicamp.br\/lapet\/#organization","name":"LAPET","url":"https:\/\/wordpress.ft.unicamp.br\/lapet\/","logo":{"@type":"ImageObject","inLanguage":"pt-BR","@id":"https:\/\/wordpress.ft.unicamp.br\/lapet\/#\/schema\/logo\/image\/","url":"https:\/\/wordpress.ft.unicamp.br\/lapet\/wp-content\/uploads\/sites\/23\/2015\/07\/LAPETTexto.png","contentUrl":"https:\/\/wordpress.ft.unicamp.br\/lapet\/wp-content\/uploads\/sites\/23\/2015\/07\/LAPETTexto.png","width":600,"height":200,"caption":"LAPET"},"image":{"@id":"https:\/\/wordpress.ft.unicamp.br\/lapet\/#\/schema\/logo\/image\/"}}]}},"_links":{"self":[{"href":"https:\/\/wordpress.ft.unicamp.br\/lapet\/wp-json\/wp\/v2\/pages\/208","targetHints":{"allow":["GET"]}}],"collection":[{"href":"https:\/\/wordpress.ft.unicamp.br\/lapet\/wp-json\/wp\/v2\/pages"}],"about":[{"href":"https:\/\/wordpress.ft.unicamp.br\/lapet\/wp-json\/wp\/v2\/types\/page"}],"author":[{"embeddable":true,"href":"https:\/\/wordpress.ft.unicamp.br\/lapet\/wp-json\/wp\/v2\/users\/16"}],"replies":[{"embeddable":true,"href":"https:\/\/wordpress.ft.unicamp.br\/lapet\/wp-json\/wp\/v2\/comments?post=208"}],"version-history":[{"count":0,"href":"https:\/\/wordpress.ft.unicamp.br\/lapet\/wp-json\/wp\/v2\/pages\/208\/revisions"}],"up":[{"embeddable":true,"href":"https:\/\/wordpress.ft.unicamp.br\/lapet\/wp-json\/wp\/v2\/pages\/156"}],"wp:attachment":[{"href":"https:\/\/wordpress.ft.unicamp.br\/lapet\/wp-json\/wp\/v2\/media?parent=208"}],"curies":[{"name":"wp","href":"https:\/\/api.w.org\/{rel}","templated":true}]}}