{"id":22,"date":"2015-07-08T17:22:45","date_gmt":"2015-07-08T17:22:45","guid":{"rendered":"http:\/\/www.ft.unicamp.br\/lapet\/?page_id=22"},"modified":"2024-04-16T23:12:35","modified_gmt":"2024-04-16T23:12:35","slug":"equipe","status":"publish","type":"page","link":"https:\/\/wordpress.ft.unicamp.br\/lapet\/equipe\/","title":{"rendered":"Equipe"},"content":{"rendered":"<table style=\"height: 159px\" border=\"1\" width=\"574\" align=\"center\">\n<tbody>\n<tr>\n<td style=\"text-align: justify;vertical-align: top\" colspan=\"3\">Abrangendo as linhas de pesquisa de nosso laborat\u00f3rio, temos nossas equipes formadas por alunos de gradua\u00e7\u00e3o e p\u00f3s-gradua\u00e7\u00e3o al\u00e9m de professores colaboradores, que s\u00e3o:\n<ul>\n<li>6 (seis) alunos de gradua\u00e7\u00e3o na categoria de bolsa Unicamp\/SAE;<\/li>\n<li>1 (tr\u00eas) alunos de p\u00f3s-gradua\u00e7\u00e3o na categoria de Mestrado e;<\/li>\n<li>1 (tr\u00eas) alunos de p\u00f3s-gradua\u00e7\u00e3o na categoria de Doutorado.<\/li>\n<\/ul>\n<\/td>\n<\/tr>\n<tr>\n<td style=\"text-align: justify\" width=\"350\">\u00a0<\/td>\n<td style=\"text-align: justify\" width=\"350\">\u00a0<\/td>\n<td style=\"text-align: justify\" width=\"350\">\u00a0<\/td>\n<\/tr>\n<\/tbody>\n<\/table>\n\n\n<p><strong>Professores e Pesquisadores <\/strong><\/p>\n\n\n\n<p>Profa. Marli de Freitas Gomes Hernandez &#8211; Coordenadora (<a href=\"http:\/\/lattes.cnpq.br\/2014304463458284\" target=\"_blank\" rel=\"noreferrer noopener\">LATTES<\/a>)<br>Prof. Hugo Enrique Hernandez Figueroa (<a href=\"http:\/\/lattes.cnpq.br\/4870907540258696\" target=\"_blank\" rel=\"noreferrer noopener\">LATTES<\/a>)<br>Dr. Julio C\u00e9sar Ferraz Amstalden (<a href=\"http:\/\/lattes.cnpq.br\/4862799059240894\" target=\"_blank\" rel=\"noreferrer noopener\">LATTES<\/a>)<br>Dr. Luiz Ariovaldo Fabri Junior (<a href=\"http:\/\/lattes.cnpq.br\/3392287876754711\" target=\"_blank\" rel=\"noreferrer noopener\">LATTES<\/a>)<br>Ma. F\u00e1tima Alves Guerra (<a href=\"http:\/\/lattes.cnpq.br\/9161174471157525\">LATTES<\/a>)<\/p>\n\n\n\n<p><strong>Alunos de Gradua\u00e7\u00e3o<\/strong><\/p>\n\n\n\n<p>Amanda Morais Vieira (<a href=\"http:\/\/lattes.cnpq.br\/9161174471157525\">LATTES<\/a>)<br>Alessandra Sanches Castilho (<a href=\"http:\/\/lattes.cnpq.br\/9161174471157525\">LATTES<\/a>)<br>Gabriel Henrique Martins (<a href=\"http:\/\/lattes.cnpq.br\/9161174471157525\">LATTES<\/a>)<br>Judner Pierre Louis (<a href=\"http:\/\/lattes.cnpq.br\/9161174471157525\">LATTES<\/a>)<br>Miguel Amaral (<a href=\"http:\/\/lattes.cnpq.br\/9161174471157525\">LATTES<\/a>)<br>Wara Inti Pardo (<a href=\"http:\/\/lattes.cnpq.br\/9161174471157525\">LATTES<\/a>)<\/p>\n\n\n\n<p><strong>Alunos do Programa de P\u00f3s-Gradua\u00e7\u00e3o<\/strong><\/p>\n\n\n\n<p><span style=\"text-decoration: underline\">Mestrado<\/span><br>&#8211;<\/p>\n\n\n\n<p><span style=\"text-decoration: underline\">Doutorado<\/span><br>Joice Ariane Marin (<a href=\"http:\/\/lattes.cnpq.br\/\" target=\"_blank\" rel=\"noreferrer noopener\">LATTES<\/a>)<br>Vinicius Gustavo de Jesus Ferreira Lemes (<a href=\"http:\/\/lattes.cnpq.br\/\" target=\"_blank\" rel=\"noreferrer noopener\">LATTES<\/a>)<\/p>\n","protected":false},"excerpt":{"rendered":"<p>Abrangendo as linhas de pesquisa de nosso laborat\u00f3rio, temos nossas equipes formadas por alunos de gradua\u00e7\u00e3o e p\u00f3s-gradua\u00e7\u00e3o al\u00e9m de professores colaboradores, que s\u00e3o: 6 (seis) alunos de gradua\u00e7\u00e3o na categoria de bolsa Unicamp\/SAE; 1 (tr\u00eas) alunos de p\u00f3s-gradua\u00e7\u00e3o na categoria de Mestrado e; 1 (tr\u00eas) alunos de p\u00f3s-gradua\u00e7\u00e3o na categoria de Doutorado. \u00a0 \u00a0 <a href=\"https:\/\/wordpress.ft.unicamp.br\/lapet\/equipe\/\" rel=\"nofollow\"><span class=\"sr-only\">Leia mais sobreEquipe<\/span>[&hellip;]<\/a><\/p>\n","protected":false},"author":16,"featured_media":0,"parent":0,"menu_order":0,"comment_status":"closed","ping_status":"open","template":"template-fullwidth.php","meta":{"footnotes":""},"class_list":["post-22","page","type-page","status-publish","hentry"],"yoast_head":"<!-- This site is optimized with the Yoast SEO plugin v27.3 - https:\/\/yoast.com\/product\/yoast-seo-wordpress\/ -->\n<title>Equipe - LAPET<\/title>\n<meta name=\"robots\" content=\"index, follow, max-snippet:-1, max-image-preview:large, max-video-preview:-1\" \/>\n<link rel=\"canonical\" href=\"https:\/\/wordpress.ft.unicamp.br\/lapet\/equipe\/\" \/>\n<meta property=\"og:locale\" content=\"pt_BR\" \/>\n<meta property=\"og:type\" content=\"article\" \/>\n<meta property=\"og:title\" content=\"Equipe - LAPET\" \/>\n<meta property=\"og:description\" content=\"Abrangendo as linhas de pesquisa de nosso laborat\u00f3rio, temos nossas equipes formadas por alunos de gradua\u00e7\u00e3o e p\u00f3s-gradua\u00e7\u00e3o al\u00e9m de professores colaboradores, que s\u00e3o: 6 (seis) alunos de gradua\u00e7\u00e3o na categoria de bolsa Unicamp\/SAE; 1 (tr\u00eas) alunos de p\u00f3s-gradua\u00e7\u00e3o na categoria de Mestrado e; 1 (tr\u00eas) alunos de p\u00f3s-gradua\u00e7\u00e3o na categoria de Doutorado. \u00a0 \u00a0 Leia mais sobreEquipe[&hellip;]\" \/>\n<meta property=\"og:url\" content=\"https:\/\/wordpress.ft.unicamp.br\/lapet\/equipe\/\" \/>\n<meta property=\"og:site_name\" content=\"LAPET\" \/>\n<meta property=\"article:modified_time\" content=\"2024-04-16T23:12:35+00:00\" \/>\n<meta name=\"twitter:card\" content=\"summary_large_image\" \/>\n<meta name=\"twitter:label1\" content=\"Est. tempo de leitura\" \/>\n\t<meta name=\"twitter:data1\" content=\"1 minuto\" \/>\n<script type=\"application\/ld+json\" class=\"yoast-schema-graph\">{\"@context\":\"https:\\\/\\\/schema.org\",\"@graph\":[{\"@type\":\"WebPage\",\"@id\":\"https:\\\/\\\/wordpress.ft.unicamp.br\\\/lapet\\\/equipe\\\/\",\"url\":\"https:\\\/\\\/wordpress.ft.unicamp.br\\\/lapet\\\/equipe\\\/\",\"name\":\"Equipe - LAPET\",\"isPartOf\":{\"@id\":\"https:\\\/\\\/wordpress.ft.unicamp.br\\\/lapet\\\/#website\"},\"datePublished\":\"2015-07-08T17:22:45+00:00\",\"dateModified\":\"2024-04-16T23:12:35+00:00\",\"breadcrumb\":{\"@id\":\"https:\\\/\\\/wordpress.ft.unicamp.br\\\/lapet\\\/equipe\\\/#breadcrumb\"},\"inLanguage\":\"pt-BR\",\"potentialAction\":[{\"@type\":\"ReadAction\",\"target\":[\"https:\\\/\\\/wordpress.ft.unicamp.br\\\/lapet\\\/equipe\\\/\"]}]},{\"@type\":\"BreadcrumbList\",\"@id\":\"https:\\\/\\\/wordpress.ft.unicamp.br\\\/lapet\\\/equipe\\\/#breadcrumb\",\"itemListElement\":[{\"@type\":\"ListItem\",\"position\":1,\"name\":\"Home\",\"item\":\"https:\\\/\\\/wordpress.ft.unicamp.br\\\/lapet\\\/\"},{\"@type\":\"ListItem\",\"position\":2,\"name\":\"Equipe\"}]},{\"@type\":\"WebSite\",\"@id\":\"https:\\\/\\\/wordpress.ft.unicamp.br\\\/lapet\\\/#website\",\"url\":\"https:\\\/\\\/wordpress.ft.unicamp.br\\\/lapet\\\/\",\"name\":\"LAPET\",\"description\":\"Laborat\u00f3rio de Aplica\u00e7\u00e3o e Pesquisa em Ensino Tecnol\u00f3gico\",\"publisher\":{\"@id\":\"https:\\\/\\\/wordpress.ft.unicamp.br\\\/lapet\\\/#organization\"},\"potentialAction\":[{\"@type\":\"SearchAction\",\"target\":{\"@type\":\"EntryPoint\",\"urlTemplate\":\"https:\\\/\\\/wordpress.ft.unicamp.br\\\/lapet\\\/?s={search_term_string}\"},\"query-input\":{\"@type\":\"PropertyValueSpecification\",\"valueRequired\":true,\"valueName\":\"search_term_string\"}}],\"inLanguage\":\"pt-BR\"},{\"@type\":\"Organization\",\"@id\":\"https:\\\/\\\/wordpress.ft.unicamp.br\\\/lapet\\\/#organization\",\"name\":\"LAPET\",\"url\":\"https:\\\/\\\/wordpress.ft.unicamp.br\\\/lapet\\\/\",\"logo\":{\"@type\":\"ImageObject\",\"inLanguage\":\"pt-BR\",\"@id\":\"https:\\\/\\\/wordpress.ft.unicamp.br\\\/lapet\\\/#\\\/schema\\\/logo\\\/image\\\/\",\"url\":\"https:\\\/\\\/wordpress.ft.unicamp.br\\\/lapet\\\/wp-content\\\/uploads\\\/sites\\\/23\\\/2015\\\/07\\\/LAPETTexto.png\",\"contentUrl\":\"https:\\\/\\\/wordpress.ft.unicamp.br\\\/lapet\\\/wp-content\\\/uploads\\\/sites\\\/23\\\/2015\\\/07\\\/LAPETTexto.png\",\"width\":600,\"height\":200,\"caption\":\"LAPET\"},\"image\":{\"@id\":\"https:\\\/\\\/wordpress.ft.unicamp.br\\\/lapet\\\/#\\\/schema\\\/logo\\\/image\\\/\"}}]}<\/script>\n<!-- \/ Yoast SEO plugin. -->","yoast_head_json":{"title":"Equipe - LAPET","robots":{"index":"index","follow":"follow","max-snippet":"max-snippet:-1","max-image-preview":"max-image-preview:large","max-video-preview":"max-video-preview:-1"},"canonical":"https:\/\/wordpress.ft.unicamp.br\/lapet\/equipe\/","og_locale":"pt_BR","og_type":"article","og_title":"Equipe - LAPET","og_description":"Abrangendo as linhas de pesquisa de nosso laborat\u00f3rio, temos nossas equipes formadas por alunos de gradua\u00e7\u00e3o e p\u00f3s-gradua\u00e7\u00e3o al\u00e9m de professores colaboradores, que s\u00e3o: 6 (seis) alunos de gradua\u00e7\u00e3o na categoria de bolsa Unicamp\/SAE; 1 (tr\u00eas) alunos de p\u00f3s-gradua\u00e7\u00e3o na categoria de Mestrado e; 1 (tr\u00eas) alunos de p\u00f3s-gradua\u00e7\u00e3o na categoria de Doutorado. \u00a0 \u00a0 Leia mais sobreEquipe[&hellip;]","og_url":"https:\/\/wordpress.ft.unicamp.br\/lapet\/equipe\/","og_site_name":"LAPET","article_modified_time":"2024-04-16T23:12:35+00:00","twitter_card":"summary_large_image","twitter_misc":{"Est. tempo de leitura":"1 minuto"},"schema":{"@context":"https:\/\/schema.org","@graph":[{"@type":"WebPage","@id":"https:\/\/wordpress.ft.unicamp.br\/lapet\/equipe\/","url":"https:\/\/wordpress.ft.unicamp.br\/lapet\/equipe\/","name":"Equipe - LAPET","isPartOf":{"@id":"https:\/\/wordpress.ft.unicamp.br\/lapet\/#website"},"datePublished":"2015-07-08T17:22:45+00:00","dateModified":"2024-04-16T23:12:35+00:00","breadcrumb":{"@id":"https:\/\/wordpress.ft.unicamp.br\/lapet\/equipe\/#breadcrumb"},"inLanguage":"pt-BR","potentialAction":[{"@type":"ReadAction","target":["https:\/\/wordpress.ft.unicamp.br\/lapet\/equipe\/"]}]},{"@type":"BreadcrumbList","@id":"https:\/\/wordpress.ft.unicamp.br\/lapet\/equipe\/#breadcrumb","itemListElement":[{"@type":"ListItem","position":1,"name":"Home","item":"https:\/\/wordpress.ft.unicamp.br\/lapet\/"},{"@type":"ListItem","position":2,"name":"Equipe"}]},{"@type":"WebSite","@id":"https:\/\/wordpress.ft.unicamp.br\/lapet\/#website","url":"https:\/\/wordpress.ft.unicamp.br\/lapet\/","name":"LAPET","description":"Laborat\u00f3rio de Aplica\u00e7\u00e3o e Pesquisa em Ensino Tecnol\u00f3gico","publisher":{"@id":"https:\/\/wordpress.ft.unicamp.br\/lapet\/#organization"},"potentialAction":[{"@type":"SearchAction","target":{"@type":"EntryPoint","urlTemplate":"https:\/\/wordpress.ft.unicamp.br\/lapet\/?s={search_term_string}"},"query-input":{"@type":"PropertyValueSpecification","valueRequired":true,"valueName":"search_term_string"}}],"inLanguage":"pt-BR"},{"@type":"Organization","@id":"https:\/\/wordpress.ft.unicamp.br\/lapet\/#organization","name":"LAPET","url":"https:\/\/wordpress.ft.unicamp.br\/lapet\/","logo":{"@type":"ImageObject","inLanguage":"pt-BR","@id":"https:\/\/wordpress.ft.unicamp.br\/lapet\/#\/schema\/logo\/image\/","url":"https:\/\/wordpress.ft.unicamp.br\/lapet\/wp-content\/uploads\/sites\/23\/2015\/07\/LAPETTexto.png","contentUrl":"https:\/\/wordpress.ft.unicamp.br\/lapet\/wp-content\/uploads\/sites\/23\/2015\/07\/LAPETTexto.png","width":600,"height":200,"caption":"LAPET"},"image":{"@id":"https:\/\/wordpress.ft.unicamp.br\/lapet\/#\/schema\/logo\/image\/"}}]}},"_links":{"self":[{"href":"https:\/\/wordpress.ft.unicamp.br\/lapet\/wp-json\/wp\/v2\/pages\/22","targetHints":{"allow":["GET"]}}],"collection":[{"href":"https:\/\/wordpress.ft.unicamp.br\/lapet\/wp-json\/wp\/v2\/pages"}],"about":[{"href":"https:\/\/wordpress.ft.unicamp.br\/lapet\/wp-json\/wp\/v2\/types\/page"}],"author":[{"embeddable":true,"href":"https:\/\/wordpress.ft.unicamp.br\/lapet\/wp-json\/wp\/v2\/users\/16"}],"replies":[{"embeddable":true,"href":"https:\/\/wordpress.ft.unicamp.br\/lapet\/wp-json\/wp\/v2\/comments?post=22"}],"version-history":[{"count":7,"href":"https:\/\/wordpress.ft.unicamp.br\/lapet\/wp-json\/wp\/v2\/pages\/22\/revisions"}],"predecessor-version":[{"id":519,"href":"https:\/\/wordpress.ft.unicamp.br\/lapet\/wp-json\/wp\/v2\/pages\/22\/revisions\/519"}],"wp:attachment":[{"href":"https:\/\/wordpress.ft.unicamp.br\/lapet\/wp-json\/wp\/v2\/media?parent=22"}],"curies":[{"name":"wp","href":"https:\/\/api.w.org\/{rel}","templated":true}]}}