{"id":336,"date":"2015-12-02T12:56:06","date_gmt":"2015-12-02T12:56:06","guid":{"rendered":"http:\/\/www.ft.unicamp.br\/lapet\/?page_id=336"},"modified":"2015-12-02T12:56:06","modified_gmt":"2015-12-02T12:56:06","slug":"projetos-e-parcerias","status":"publish","type":"page","link":"https:\/\/wordpress.ft.unicamp.br\/lapet\/projetos-e-parcerias\/","title":{"rendered":"Projetos e Parcerias"},"content":{"rendered":"<table>\n<tbody>\n<tr>\n<td width=\"400\">N\u00e3o s\u00f3 de pesquisas se constr\u00f3i um laborat\u00f3rio, principalmente um laborat\u00f3rio de aplica\u00e7\u00e3o e pesquisa. Com essa vis\u00e3o, destacamos abaixo nossas principais parcerias e projetos executados ao longo de nossa viv\u00eancia.<\/td>\n<\/tr>\n<\/tbody>\n<\/table>\n<p>Projetos:<\/p>\n<ul>\n<li>&#8220;Meninas e Jovens Fazendo Ci\u00eancias Exatas, Engenharias e Computa\u00e7\u00e3o&#8221; &#8211; MCTI\/CNPq\/SPM-PR\/Petrobras &#8211; Chamada N\u00ba 18\/2013.<br \/>&nbsp;<br \/>\nCoordenadora: Profa. Dra. Marli de Freitas Gomes Hernandez<br \/>\nInstitui\u00e7\u00e3o de Execu\u00e7\u00e3o do Projeto (IES): Faculdade de Tecnologia &#8211; Unicamp<br \/>\nInstitui\u00e7\u00e3o Co-Executora do Projeto: Escola Estadual Profa. Judith Ferr\u00e3o Legaspe<br \/>\nVig\u00eancia: 1 ano (Abril 2014 &#8211; Mar\u00e7o 2015)<br \/>&nbsp;<br \/>\nCom objetivo de selecionar propostas para apoio financeiro a projetos que visem contribuir significativamente para o desenvolvimento cient\u00edfico e tecnol\u00f3gico e inova\u00e7\u00e3o do Pa\u00eds com a finalidade de ampliar o n\u00famero de estudantes do sexo feminino nas carreiras de ci\u00eancias exatas, engenharias e computa\u00e7\u00e3o, tivemos nosso projeto &#8220;Meninas construindo Rob\u00f4s&#8221; deferido de acordo com o previsto edital.<br \/>&nbsp;<br \/>\nObjetivos da equipe: aumentar a conscientiza\u00e7\u00e3o e interesse em carreiras relacionadas a \u00e1reas de exatas, estimular e desmistificar as estudantes do ensino m\u00e9dio e dos primeiros anos de gradua\u00e7\u00e3o o qu\u00e3o \u00e9 interessante a \u00e1rea de exatas, compreendendo as engenharias de computa\u00e7\u00e3o, el\u00e9trica, telecomunica\u00e7\u00f5es e mecatr\u00f4nica. Aumentar o conhecimento e o conte\u00fado dos princ\u00edpios b\u00e1sicos das exatas, mostrando que a participa\u00e7\u00e3o feminina \u00e9 minoria nas atividades envolvendo jovens em idade escolar do ensino m\u00e9dio. Para atingirmos estes objetivos \u00e9 essencial estimular as estudantes de forma pr\u00e1tica e din\u00e2mica.<br \/>&nbsp;<br \/>\nMetodologia da equipe: Aplicando oficinas de rob\u00f3tica, vamos estimular a criatividade, o interesse em trabalhar conceitos gerais de f\u00edsica e matem\u00e1tica. Introduziremos as alunas em programa\u00e7\u00e3o de computador, utilizando software livre para programa\u00e7\u00e3o em blocos, denominado Minibloq. Com esta oficina \u201cMeninas construindo Rob\u00f4s\u201d, teremos a oportunidade de ensinar de forma din\u00e2mica microeletr\u00f4nica e inform\u00e1tica aplicada. Para que possamos atingir nossas metas e termos uma orienta\u00e7\u00e3o do projeto, teremos nossas atividades avaliadas da seguinte maneira: Observa\u00e7\u00e3o informal dos participantes. Discuss\u00e3o informal com os participantes. Discuss\u00e3o informal com o pessoal do projeto (bolsistas). Discuss\u00e3o informal com os pais ou outros grupos apoiadores (volunt\u00e1rios).Pesquisas com as participantes ou question\u00e1rios pr\u00e9 e p\u00f3s projeto. Coleta de dados formalizados com as pessoas envolvidos direto ou indiretamente com o projeto como os bolsistas, volunt\u00e1rios e pais (por exemplo, pesquisas, entrevistas)<br \/>&nbsp;<\/li>\n<li>Projeto de Extens\u00e3o Comunit\u00e1ria &#8211; 8\u00b0 Edital PREAC PEC 2014<br \/>&nbsp;<br \/>\nCoordenador: Prof. Dr. Hugo Enrique Hernandez Figueroa<br \/>\nInstitui\u00e7\u00e3o de Execu\u00e7\u00e3o do Projeto (IES): Faculdade de Tecnologia \/ Faculdade de Engenharia El\u00e9trica e Computa\u00e7\u00e3o &#8211; Unicamp<br \/>\nInstitui\u00e7\u00e3o Co-Executora do Projeto: Escola Estadual Profa. Judith Ferr\u00e3o Legaspe<br \/>\nVig\u00eancia: 1 ano (Julho 2014 &#8211; Junho 2015)<br \/>&nbsp;<br \/>\nObjetivo do projeto: Apoiar financeiramente projetos de Extens\u00e3o Universit\u00e1ria que se enquadrem no conceito de Extens\u00e3o Comunit\u00e1ria, fomentando as atividades de extens\u00e3o e valorizando os docentes, alunos e funcion\u00e1rios que delas participem. Estabelecer o registro institucional das atividades desenvolvidas e dos resultados alcan\u00e7ados. Contribuir na forma\u00e7\u00e3o cidad\u00e3 dos alunos atrav\u00e9s das atividades propostas. Beneficiar diretamente as pessoas e comunidades externas envolvidas, capacitando-as para uma viv\u00eancia cidad\u00e3 mais digna e completa.<br \/>&nbsp;<br \/>\nObjetivos da equipe: Despertar o interesse e desmistificar as carreiras relacionadas as engenharias e orientar os alunos das escolas p\u00fablicas do ensino m\u00e9dio que participar\u00e3o destas atividades a como ter acesso ao ingresso na Unicamp e outras universidades da rede p\u00fablica.<br \/>&nbsp;<br \/>\nMetodologia: Aplica\u00e7\u00e3o de oficinas de rob\u00f3tica com o objetivo de estimular a criatividade e despertar o interesse dos participantes pela rob\u00f3tica demonstrando os conceitos gerais de f\u00edsica, da matem\u00e1tica e da computa\u00e7\u00e3o. Com estes conceitos os alunos poder\u00e3o por exemplo, ter no\u00e7\u00e3o em programa\u00e7\u00e3o de computadores, ter a oportunidade de criar suas pr\u00f3prias placas eletr\u00f4nicas, criando e desenvolvendo circuitos.<\/li>\n<\/ul>\n<p>&nbsp;<br \/>\nParcerias:<br \/>&nbsp;<\/p>\n<ul>\n<li>Intel Educa\u00e7\u00e3o: Parceria para desenvolvimento de conte\u00fados educacionais baseados na placa de prototipagem Intel Galileo Gen2.<\/li>\n<p>&nbsp;<\/p>\n<li>FEEC Unicamp &#8211; Laborat\u00f3rio de Eletromagnetismo Aplicado e Computacional (LEMAC): Parceria para desenvolvimento de solu\u00e7\u00f5es em identifica\u00e7\u00e3o por r\u00e1dio frequ\u00eancia (RFID), bem como para pesquisas na \u00e1rea de antenas voltada a simula\u00e7\u00e3o computacional.<\/li>\n<p>&nbsp;<\/p>\n<li>FOTONICOM &#8211; Instituto Nacional de Ci\u00eancia e Tecnologia Fot\u00f4nica para Comunica\u00e7\u00f5es \u00d3pticas: parceria para dissemina\u00e7\u00e3o do conhecimento atrav\u00e9s de programas de divulga\u00e7\u00e3o, como palestras, atividades pr\u00e1ticas laboratoriais, dentre outros.\n<\/ul>\n","protected":false},"excerpt":{"rendered":"<p>N\u00e3o s\u00f3 de pesquisas se constr\u00f3i um laborat\u00f3rio, principalmente um laborat\u00f3rio de aplica\u00e7\u00e3o e pesquisa. Com essa vis\u00e3o, destacamos abaixo nossas principais parcerias e projetos executados ao longo de nossa viv\u00eancia. Projetos: &#8220;Meninas e Jovens Fazendo Ci\u00eancias Exatas, Engenharias e Computa\u00e7\u00e3o&#8221; &#8211; MCTI\/CNPq\/SPM-PR\/Petrobras &#8211; Chamada N\u00ba 18\/2013.&nbsp; Coordenadora: Profa. Dra. Marli de Freitas Gomes Hernandez <a href=\"https:\/\/wordpress.ft.unicamp.br\/lapet\/projetos-e-parcerias\/\" rel=\"nofollow\"><span class=\"sr-only\">Leia mais sobreProjetos e Parcerias<\/span>[&hellip;]<\/a><\/p>\n","protected":false},"author":16,"featured_media":0,"parent":0,"menu_order":0,"comment_status":"closed","ping_status":"closed","template":"template-fullwidth.php","meta":{"footnotes":""},"class_list":["post-336","page","type-page","status-publish","hentry"],"yoast_head":"<!-- This site is optimized with the Yoast SEO plugin v27.3 - https:\/\/yoast.com\/product\/yoast-seo-wordpress\/ -->\n<title>Projetos e Parcerias - LAPET<\/title>\n<meta name=\"robots\" content=\"index, follow, max-snippet:-1, max-image-preview:large, max-video-preview:-1\" \/>\n<link rel=\"canonical\" href=\"https:\/\/wordpress.ft.unicamp.br\/lapet\/projetos-e-parcerias\/\" \/>\n<meta property=\"og:locale\" content=\"pt_BR\" \/>\n<meta property=\"og:type\" content=\"article\" \/>\n<meta property=\"og:title\" content=\"Projetos e Parcerias - LAPET\" \/>\n<meta property=\"og:description\" content=\"N\u00e3o s\u00f3 de pesquisas se constr\u00f3i um laborat\u00f3rio, principalmente um laborat\u00f3rio de aplica\u00e7\u00e3o e pesquisa. Com essa vis\u00e3o, destacamos abaixo nossas principais parcerias e projetos executados ao longo de nossa viv\u00eancia. Projetos: &#8220;Meninas e Jovens Fazendo Ci\u00eancias Exatas, Engenharias e Computa\u00e7\u00e3o&#8221; &#8211; MCTI\/CNPq\/SPM-PR\/Petrobras &#8211; Chamada N\u00ba 18\/2013.&nbsp; Coordenadora: Profa. Dra. Marli de Freitas Gomes Hernandez Leia mais sobreProjetos e Parcerias[&hellip;]\" \/>\n<meta property=\"og:url\" content=\"https:\/\/wordpress.ft.unicamp.br\/lapet\/projetos-e-parcerias\/\" \/>\n<meta property=\"og:site_name\" content=\"LAPET\" \/>\n<meta name=\"twitter:card\" content=\"summary_large_image\" \/>\n<meta name=\"twitter:label1\" content=\"Est. tempo de leitura\" \/>\n\t<meta name=\"twitter:data1\" content=\"4 minutos\" \/>\n<script type=\"application\/ld+json\" class=\"yoast-schema-graph\">{\"@context\":\"https:\\\/\\\/schema.org\",\"@graph\":[{\"@type\":\"WebPage\",\"@id\":\"https:\\\/\\\/wordpress.ft.unicamp.br\\\/lapet\\\/projetos-e-parcerias\\\/\",\"url\":\"https:\\\/\\\/wordpress.ft.unicamp.br\\\/lapet\\\/projetos-e-parcerias\\\/\",\"name\":\"Projetos e Parcerias - LAPET\",\"isPartOf\":{\"@id\":\"https:\\\/\\\/wordpress.ft.unicamp.br\\\/lapet\\\/#website\"},\"datePublished\":\"2015-12-02T12:56:06+00:00\",\"breadcrumb\":{\"@id\":\"https:\\\/\\\/wordpress.ft.unicamp.br\\\/lapet\\\/projetos-e-parcerias\\\/#breadcrumb\"},\"inLanguage\":\"pt-BR\",\"potentialAction\":[{\"@type\":\"ReadAction\",\"target\":[\"https:\\\/\\\/wordpress.ft.unicamp.br\\\/lapet\\\/projetos-e-parcerias\\\/\"]}]},{\"@type\":\"BreadcrumbList\",\"@id\":\"https:\\\/\\\/wordpress.ft.unicamp.br\\\/lapet\\\/projetos-e-parcerias\\\/#breadcrumb\",\"itemListElement\":[{\"@type\":\"ListItem\",\"position\":1,\"name\":\"Home\",\"item\":\"https:\\\/\\\/wordpress.ft.unicamp.br\\\/lapet\\\/\"},{\"@type\":\"ListItem\",\"position\":2,\"name\":\"Projetos e Parcerias\"}]},{\"@type\":\"WebSite\",\"@id\":\"https:\\\/\\\/wordpress.ft.unicamp.br\\\/lapet\\\/#website\",\"url\":\"https:\\\/\\\/wordpress.ft.unicamp.br\\\/lapet\\\/\",\"name\":\"LAPET\",\"description\":\"Laborat\u00f3rio de Aplica\u00e7\u00e3o e Pesquisa em Ensino Tecnol\u00f3gico\",\"publisher\":{\"@id\":\"https:\\\/\\\/wordpress.ft.unicamp.br\\\/lapet\\\/#organization\"},\"potentialAction\":[{\"@type\":\"SearchAction\",\"target\":{\"@type\":\"EntryPoint\",\"urlTemplate\":\"https:\\\/\\\/wordpress.ft.unicamp.br\\\/lapet\\\/?s={search_term_string}\"},\"query-input\":{\"@type\":\"PropertyValueSpecification\",\"valueRequired\":true,\"valueName\":\"search_term_string\"}}],\"inLanguage\":\"pt-BR\"},{\"@type\":\"Organization\",\"@id\":\"https:\\\/\\\/wordpress.ft.unicamp.br\\\/lapet\\\/#organization\",\"name\":\"LAPET\",\"url\":\"https:\\\/\\\/wordpress.ft.unicamp.br\\\/lapet\\\/\",\"logo\":{\"@type\":\"ImageObject\",\"inLanguage\":\"pt-BR\",\"@id\":\"https:\\\/\\\/wordpress.ft.unicamp.br\\\/lapet\\\/#\\\/schema\\\/logo\\\/image\\\/\",\"url\":\"https:\\\/\\\/wordpress.ft.unicamp.br\\\/lapet\\\/wp-content\\\/uploads\\\/sites\\\/23\\\/2015\\\/07\\\/LAPETTexto.png\",\"contentUrl\":\"https:\\\/\\\/wordpress.ft.unicamp.br\\\/lapet\\\/wp-content\\\/uploads\\\/sites\\\/23\\\/2015\\\/07\\\/LAPETTexto.png\",\"width\":600,\"height\":200,\"caption\":\"LAPET\"},\"image\":{\"@id\":\"https:\\\/\\\/wordpress.ft.unicamp.br\\\/lapet\\\/#\\\/schema\\\/logo\\\/image\\\/\"}}]}<\/script>\n<!-- \/ Yoast SEO plugin. -->","yoast_head_json":{"title":"Projetos e Parcerias - LAPET","robots":{"index":"index","follow":"follow","max-snippet":"max-snippet:-1","max-image-preview":"max-image-preview:large","max-video-preview":"max-video-preview:-1"},"canonical":"https:\/\/wordpress.ft.unicamp.br\/lapet\/projetos-e-parcerias\/","og_locale":"pt_BR","og_type":"article","og_title":"Projetos e Parcerias - LAPET","og_description":"N\u00e3o s\u00f3 de pesquisas se constr\u00f3i um laborat\u00f3rio, principalmente um laborat\u00f3rio de aplica\u00e7\u00e3o e pesquisa. Com essa vis\u00e3o, destacamos abaixo nossas principais parcerias e projetos executados ao longo de nossa viv\u00eancia. Projetos: &#8220;Meninas e Jovens Fazendo Ci\u00eancias Exatas, Engenharias e Computa\u00e7\u00e3o&#8221; &#8211; MCTI\/CNPq\/SPM-PR\/Petrobras &#8211; Chamada N\u00ba 18\/2013.&nbsp; Coordenadora: Profa. Dra. Marli de Freitas Gomes Hernandez Leia mais sobreProjetos e Parcerias[&hellip;]","og_url":"https:\/\/wordpress.ft.unicamp.br\/lapet\/projetos-e-parcerias\/","og_site_name":"LAPET","twitter_card":"summary_large_image","twitter_misc":{"Est. tempo de leitura":"4 minutos"},"schema":{"@context":"https:\/\/schema.org","@graph":[{"@type":"WebPage","@id":"https:\/\/wordpress.ft.unicamp.br\/lapet\/projetos-e-parcerias\/","url":"https:\/\/wordpress.ft.unicamp.br\/lapet\/projetos-e-parcerias\/","name":"Projetos e Parcerias - LAPET","isPartOf":{"@id":"https:\/\/wordpress.ft.unicamp.br\/lapet\/#website"},"datePublished":"2015-12-02T12:56:06+00:00","breadcrumb":{"@id":"https:\/\/wordpress.ft.unicamp.br\/lapet\/projetos-e-parcerias\/#breadcrumb"},"inLanguage":"pt-BR","potentialAction":[{"@type":"ReadAction","target":["https:\/\/wordpress.ft.unicamp.br\/lapet\/projetos-e-parcerias\/"]}]},{"@type":"BreadcrumbList","@id":"https:\/\/wordpress.ft.unicamp.br\/lapet\/projetos-e-parcerias\/#breadcrumb","itemListElement":[{"@type":"ListItem","position":1,"name":"Home","item":"https:\/\/wordpress.ft.unicamp.br\/lapet\/"},{"@type":"ListItem","position":2,"name":"Projetos e Parcerias"}]},{"@type":"WebSite","@id":"https:\/\/wordpress.ft.unicamp.br\/lapet\/#website","url":"https:\/\/wordpress.ft.unicamp.br\/lapet\/","name":"LAPET","description":"Laborat\u00f3rio de Aplica\u00e7\u00e3o e Pesquisa em Ensino Tecnol\u00f3gico","publisher":{"@id":"https:\/\/wordpress.ft.unicamp.br\/lapet\/#organization"},"potentialAction":[{"@type":"SearchAction","target":{"@type":"EntryPoint","urlTemplate":"https:\/\/wordpress.ft.unicamp.br\/lapet\/?s={search_term_string}"},"query-input":{"@type":"PropertyValueSpecification","valueRequired":true,"valueName":"search_term_string"}}],"inLanguage":"pt-BR"},{"@type":"Organization","@id":"https:\/\/wordpress.ft.unicamp.br\/lapet\/#organization","name":"LAPET","url":"https:\/\/wordpress.ft.unicamp.br\/lapet\/","logo":{"@type":"ImageObject","inLanguage":"pt-BR","@id":"https:\/\/wordpress.ft.unicamp.br\/lapet\/#\/schema\/logo\/image\/","url":"https:\/\/wordpress.ft.unicamp.br\/lapet\/wp-content\/uploads\/sites\/23\/2015\/07\/LAPETTexto.png","contentUrl":"https:\/\/wordpress.ft.unicamp.br\/lapet\/wp-content\/uploads\/sites\/23\/2015\/07\/LAPETTexto.png","width":600,"height":200,"caption":"LAPET"},"image":{"@id":"https:\/\/wordpress.ft.unicamp.br\/lapet\/#\/schema\/logo\/image\/"}}]}},"_links":{"self":[{"href":"https:\/\/wordpress.ft.unicamp.br\/lapet\/wp-json\/wp\/v2\/pages\/336","targetHints":{"allow":["GET"]}}],"collection":[{"href":"https:\/\/wordpress.ft.unicamp.br\/lapet\/wp-json\/wp\/v2\/pages"}],"about":[{"href":"https:\/\/wordpress.ft.unicamp.br\/lapet\/wp-json\/wp\/v2\/types\/page"}],"author":[{"embeddable":true,"href":"https:\/\/wordpress.ft.unicamp.br\/lapet\/wp-json\/wp\/v2\/users\/16"}],"replies":[{"embeddable":true,"href":"https:\/\/wordpress.ft.unicamp.br\/lapet\/wp-json\/wp\/v2\/comments?post=336"}],"version-history":[{"count":1,"href":"https:\/\/wordpress.ft.unicamp.br\/lapet\/wp-json\/wp\/v2\/pages\/336\/revisions"}],"predecessor-version":[{"id":422,"href":"https:\/\/wordpress.ft.unicamp.br\/lapet\/wp-json\/wp\/v2\/pages\/336\/revisions\/422"}],"wp:attachment":[{"href":"https:\/\/wordpress.ft.unicamp.br\/lapet\/wp-json\/wp\/v2\/media?parent=336"}],"curies":[{"name":"wp","href":"https:\/\/api.w.org\/{rel}","templated":true}]}}