{"id":149,"date":"2014-04-10T16:21:24","date_gmt":"2014-04-10T19:21:24","guid":{"rendered":"http:\/\/www.ft.unicamp.br\/lie\/?page_id=149"},"modified":"2017-09-06T12:39:35","modified_gmt":"2017-09-06T12:39:35","slug":"artigos","status":"publish","type":"page","link":"https:\/\/wordpress.ft.unicamp.br\/lie\/sobre-o-laboratorio\/artigos\/","title":{"rendered":"Artigos"},"content":{"rendered":"<ul>\n<li>\n<h5><span style=\"color: inherit;font-family: 'Helvetica Neue', Helvetica, Arial, sans-serif;font-size: 15px;font-style: inherit;font-weight: inherit;line-height: 1.625\"><a href=\"http:\/\/www.sbfisica.org.br\/rbef\/pdf\/352506.pdf\">Ilustra\u00e7\u00e3o de incertezas em medidas utilizando experimentos de queda livre<\/a>, Revista Brasileira de Ensino de F\u00edsica, 2012 \u00a0(Material Complementar do experimento <em><a title=\"Material Arduino\" href=\"http:\/\/wordpress.ft.unicamp.br\/lie\/wp-content\/uploads\/sites\/19\/2017\/03\/a.zip\" target=\"_blank\" rel=\"noopener\"><strong>aqui.<\/strong><\/a><\/em>)<\/span><\/h5>\n<\/li>\n<li>\n<h4><span style=\"color: inherit;font-family: 'Helvetica Neue', Helvetica, Arial, sans-serif;font-size: 15px;font-style: inherit;font-weight: inherit;line-height: 1.625\"><a href=\"http:\/\/dx.doi.org\/10.1119\/1.4972177\">The motion of a ball moving down a circular path<\/a>, American Journal of Physics, 2017<\/span><\/h4>\n<\/li>\n<\/ul>\n<p>&nbsp;<\/p>\n","protected":false},"excerpt":{"rendered":"<p>Ilustra\u00e7\u00e3o de incertezas em medidas utilizando experimentos de queda livre, Revista Brasileira de Ensino de F\u00edsica, 2012 \u00a0(Material Complementar do experimento aqui.) The motion of a ball moving down a &hellip; <a class=\"readmore\" href=\"https:\/\/wordpress.ft.unicamp.br\/lie\/sobre-o-laboratorio\/artigos\/\">Continue Reading &rarr;<\/a><\/p>\n","protected":false},"author":1,"featured_media":0,"parent":6,"menu_order":15,"comment_status":"closed","ping_status":"open","template":"","meta":{"footnotes":""},"class_list":["post-149","page","type-page","status-publish","hentry"],"yoast_head":"<!-- This site is optimized with the Yoast SEO plugin v27.3 - https:\/\/yoast.com\/product\/yoast-seo-wordpress\/ -->\n<title>Artigos - Laborat\u00f3rio de Instrumenta\u00e7\u00e3o para o Ensino (LIE)<\/title>\n<meta name=\"robots\" content=\"index, follow, max-snippet:-1, max-image-preview:large, max-video-preview:-1\" \/>\n<link rel=\"canonical\" href=\"https:\/\/wordpress.ft.unicamp.br\/lie\/sobre-o-laboratorio\/artigos\/\" \/>\n<meta property=\"og:locale\" content=\"pt_BR\" \/>\n<meta property=\"og:type\" content=\"article\" \/>\n<meta property=\"og:title\" content=\"Artigos - Laborat\u00f3rio de Instrumenta\u00e7\u00e3o para o Ensino (LIE)\" \/>\n<meta property=\"og:description\" content=\"Ilustra\u00e7\u00e3o de incertezas em medidas utilizando experimentos de queda livre, Revista Brasileira de Ensino de F\u00edsica, 2012 \u00a0(Material Complementar do experimento aqui.) The motion of a ball moving down a &hellip; Continue Reading &rarr;\" \/>\n<meta property=\"og:url\" content=\"https:\/\/wordpress.ft.unicamp.br\/lie\/sobre-o-laboratorio\/artigos\/\" \/>\n<meta property=\"og:site_name\" content=\"Laborat\u00f3rio de Instrumenta\u00e7\u00e3o para o Ensino (LIE)\" \/>\n<meta property=\"article:modified_time\" content=\"2017-09-06T12:39:35+00:00\" \/>\n<meta name=\"twitter:card\" content=\"summary_large_image\" \/>\n<script type=\"application\/ld+json\" class=\"yoast-schema-graph\">{\"@context\":\"https:\\\/\\\/schema.org\",\"@graph\":[{\"@type\":\"WebPage\",\"@id\":\"https:\\\/\\\/wordpress.ft.unicamp.br\\\/lie\\\/sobre-o-laboratorio\\\/artigos\\\/\",\"url\":\"https:\\\/\\\/wordpress.ft.unicamp.br\\\/lie\\\/sobre-o-laboratorio\\\/artigos\\\/\",\"name\":\"Artigos - Laborat\u00f3rio de Instrumenta\u00e7\u00e3o para o Ensino (LIE)\",\"isPartOf\":{\"@id\":\"https:\\\/\\\/wordpress.ft.unicamp.br\\\/lie\\\/#website\"},\"datePublished\":\"2014-04-10T19:21:24+00:00\",\"dateModified\":\"2017-09-06T12:39:35+00:00\",\"breadcrumb\":{\"@id\":\"https:\\\/\\\/wordpress.ft.unicamp.br\\\/lie\\\/sobre-o-laboratorio\\\/artigos\\\/#breadcrumb\"},\"inLanguage\":\"pt-BR\",\"potentialAction\":[{\"@type\":\"ReadAction\",\"target\":[\"https:\\\/\\\/wordpress.ft.unicamp.br\\\/lie\\\/sobre-o-laboratorio\\\/artigos\\\/\"]}]},{\"@type\":\"BreadcrumbList\",\"@id\":\"https:\\\/\\\/wordpress.ft.unicamp.br\\\/lie\\\/sobre-o-laboratorio\\\/artigos\\\/#breadcrumb\",\"itemListElement\":[{\"@type\":\"ListItem\",\"position\":1,\"name\":\"Home\",\"item\":\"https:\\\/\\\/wordpress.ft.unicamp.br\\\/lie\\\/\"},{\"@type\":\"ListItem\",\"position\":2,\"name\":\"Artigos\"}]},{\"@type\":\"WebSite\",\"@id\":\"https:\\\/\\\/wordpress.ft.unicamp.br\\\/lie\\\/#website\",\"url\":\"https:\\\/\\\/wordpress.ft.unicamp.br\\\/lie\\\/\",\"name\":\"Laborat\u00f3rio de Instrumenta\u00e7\u00e3o para o Ensino (LIE)\",\"description\":\"\",\"potentialAction\":[{\"@type\":\"SearchAction\",\"target\":{\"@type\":\"EntryPoint\",\"urlTemplate\":\"https:\\\/\\\/wordpress.ft.unicamp.br\\\/lie\\\/?s={search_term_string}\"},\"query-input\":{\"@type\":\"PropertyValueSpecification\",\"valueRequired\":true,\"valueName\":\"search_term_string\"}}],\"inLanguage\":\"pt-BR\"}]}<\/script>\n<!-- \/ Yoast SEO plugin. -->","yoast_head_json":{"title":"Artigos - Laborat\u00f3rio de Instrumenta\u00e7\u00e3o para o Ensino (LIE)","robots":{"index":"index","follow":"follow","max-snippet":"max-snippet:-1","max-image-preview":"max-image-preview:large","max-video-preview":"max-video-preview:-1"},"canonical":"https:\/\/wordpress.ft.unicamp.br\/lie\/sobre-o-laboratorio\/artigos\/","og_locale":"pt_BR","og_type":"article","og_title":"Artigos - Laborat\u00f3rio de Instrumenta\u00e7\u00e3o para o Ensino (LIE)","og_description":"Ilustra\u00e7\u00e3o de incertezas em medidas utilizando experimentos de queda livre, Revista Brasileira de Ensino de F\u00edsica, 2012 \u00a0(Material Complementar do experimento aqui.) The motion of a ball moving down a &hellip; Continue Reading &rarr;","og_url":"https:\/\/wordpress.ft.unicamp.br\/lie\/sobre-o-laboratorio\/artigos\/","og_site_name":"Laborat\u00f3rio de Instrumenta\u00e7\u00e3o para o Ensino (LIE)","article_modified_time":"2017-09-06T12:39:35+00:00","twitter_card":"summary_large_image","schema":{"@context":"https:\/\/schema.org","@graph":[{"@type":"WebPage","@id":"https:\/\/wordpress.ft.unicamp.br\/lie\/sobre-o-laboratorio\/artigos\/","url":"https:\/\/wordpress.ft.unicamp.br\/lie\/sobre-o-laboratorio\/artigos\/","name":"Artigos - Laborat\u00f3rio de Instrumenta\u00e7\u00e3o para o Ensino (LIE)","isPartOf":{"@id":"https:\/\/wordpress.ft.unicamp.br\/lie\/#website"},"datePublished":"2014-04-10T19:21:24+00:00","dateModified":"2017-09-06T12:39:35+00:00","breadcrumb":{"@id":"https:\/\/wordpress.ft.unicamp.br\/lie\/sobre-o-laboratorio\/artigos\/#breadcrumb"},"inLanguage":"pt-BR","potentialAction":[{"@type":"ReadAction","target":["https:\/\/wordpress.ft.unicamp.br\/lie\/sobre-o-laboratorio\/artigos\/"]}]},{"@type":"BreadcrumbList","@id":"https:\/\/wordpress.ft.unicamp.br\/lie\/sobre-o-laboratorio\/artigos\/#breadcrumb","itemListElement":[{"@type":"ListItem","position":1,"name":"Home","item":"https:\/\/wordpress.ft.unicamp.br\/lie\/"},{"@type":"ListItem","position":2,"name":"Artigos"}]},{"@type":"WebSite","@id":"https:\/\/wordpress.ft.unicamp.br\/lie\/#website","url":"https:\/\/wordpress.ft.unicamp.br\/lie\/","name":"Laborat\u00f3rio de Instrumenta\u00e7\u00e3o para o Ensino (LIE)","description":"","potentialAction":[{"@type":"SearchAction","target":{"@type":"EntryPoint","urlTemplate":"https:\/\/wordpress.ft.unicamp.br\/lie\/?s={search_term_string}"},"query-input":{"@type":"PropertyValueSpecification","valueRequired":true,"valueName":"search_term_string"}}],"inLanguage":"pt-BR"}]}},"_links":{"self":[{"href":"https:\/\/wordpress.ft.unicamp.br\/lie\/wp-json\/wp\/v2\/pages\/149","targetHints":{"allow":["GET"]}}],"collection":[{"href":"https:\/\/wordpress.ft.unicamp.br\/lie\/wp-json\/wp\/v2\/pages"}],"about":[{"href":"https:\/\/wordpress.ft.unicamp.br\/lie\/wp-json\/wp\/v2\/types\/page"}],"author":[{"embeddable":true,"href":"https:\/\/wordpress.ft.unicamp.br\/lie\/wp-json\/wp\/v2\/users\/1"}],"replies":[{"embeddable":true,"href":"https:\/\/wordpress.ft.unicamp.br\/lie\/wp-json\/wp\/v2\/comments?post=149"}],"version-history":[{"count":4,"href":"https:\/\/wordpress.ft.unicamp.br\/lie\/wp-json\/wp\/v2\/pages\/149\/revisions"}],"predecessor-version":[{"id":369,"href":"https:\/\/wordpress.ft.unicamp.br\/lie\/wp-json\/wp\/v2\/pages\/149\/revisions\/369"}],"up":[{"embeddable":true,"href":"https:\/\/wordpress.ft.unicamp.br\/lie\/wp-json\/wp\/v2\/pages\/6"}],"wp:attachment":[{"href":"https:\/\/wordpress.ft.unicamp.br\/lie\/wp-json\/wp\/v2\/media?parent=149"}],"curies":[{"name":"wp","href":"https:\/\/api.w.org\/{rel}","templated":true}]}}