{"id":200,"date":"2014-05-22T12:24:55","date_gmt":"2014-05-22T15:24:55","guid":{"rendered":"http:\/\/www.ft.unicamp.br\/lie\/?page_id=200"},"modified":"2017-09-06T11:03:00","modified_gmt":"2017-09-06T11:03:00","slug":"cuba-de-ondas","status":"publish","type":"page","link":"https:\/\/wordpress.ft.unicamp.br\/lie\/montagens-2\/cuba-de-ondas\/","title":{"rendered":"Cuba de Ondas"},"content":{"rendered":"<p style=\"text-align: center\">\n<p style=\"text-align: left\"><strong><img fetchpriority=\"high\" decoding=\"async\" class=\" wp-image-277 alignleft\" src=\"http:\/\/wordpress.ft.unicamp.br\/lie\/wp-content\/uploads\/sites\/19\/2017\/09\/cuba_ondas-300x263.jpg\" alt=\"\" width=\"353\" height=\"311\" srcset=\"https:\/\/wordpress.ft.unicamp.br\/lie\/wp-content\/uploads\/sites\/19\/2017\/09\/cuba_ondas-300x263.jpg 300w, https:\/\/wordpress.ft.unicamp.br\/lie\/wp-content\/uploads\/sites\/19\/2017\/09\/cuba_ondas-768x674.jpg 768w, https:\/\/wordpress.ft.unicamp.br\/lie\/wp-content\/uploads\/sites\/19\/2017\/09\/cuba_ondas-1024x899.jpg 1024w, https:\/\/wordpress.ft.unicamp.br\/lie\/wp-content\/uploads\/sites\/19\/2017\/09\/cuba_ondas.jpg 1528w\" sizes=\"(max-width: 353px) 100vw, 353px\" \/>\u00a0<\/strong><\/p>\n<p style=\"text-align: left\">Este experimento \u00e9 destinado ao estudo de ondas mec\u00e2nicas em um meio l\u00edquido. Permite a observa\u00e7\u00e3o dos fen\u00f4menos de reflex\u00e3o, difra\u00e7\u00e3o e interfer\u00eancia estudados em aula.<\/p>\n","protected":false},"excerpt":{"rendered":"<p>\u00a0 Este experimento \u00e9 destinado ao estudo de ondas mec\u00e2nicas em um meio l\u00edquido. Permite a observa\u00e7\u00e3o dos fen\u00f4menos de reflex\u00e3o, difra\u00e7\u00e3o e interfer\u00eancia estudados em aula.<\/p>\n","protected":false},"author":1,"featured_media":0,"parent":59,"menu_order":0,"comment_status":"closed","ping_status":"open","template":"","meta":{"footnotes":""},"class_list":["post-200","page","type-page","status-publish","hentry"],"yoast_head":"<!-- This site is optimized with the Yoast SEO plugin v27.3 - https:\/\/yoast.com\/product\/yoast-seo-wordpress\/ -->\n<title>Cuba de Ondas - Laborat\u00f3rio de Instrumenta\u00e7\u00e3o para o Ensino (LIE)<\/title>\n<meta name=\"robots\" content=\"index, follow, max-snippet:-1, max-image-preview:large, max-video-preview:-1\" \/>\n<link rel=\"canonical\" href=\"https:\/\/wordpress.ft.unicamp.br\/lie\/montagens-2\/cuba-de-ondas\/\" \/>\n<meta property=\"og:locale\" content=\"pt_BR\" \/>\n<meta property=\"og:type\" content=\"article\" \/>\n<meta property=\"og:title\" content=\"Cuba de Ondas - Laborat\u00f3rio de Instrumenta\u00e7\u00e3o para o Ensino (LIE)\" \/>\n<meta property=\"og:description\" content=\"\u00a0 Este experimento \u00e9 destinado ao estudo de ondas mec\u00e2nicas em um meio l\u00edquido. Permite a observa\u00e7\u00e3o dos fen\u00f4menos de reflex\u00e3o, difra\u00e7\u00e3o e interfer\u00eancia estudados em aula.\" \/>\n<meta property=\"og:url\" content=\"https:\/\/wordpress.ft.unicamp.br\/lie\/montagens-2\/cuba-de-ondas\/\" \/>\n<meta property=\"og:site_name\" content=\"Laborat\u00f3rio de Instrumenta\u00e7\u00e3o para o Ensino (LIE)\" \/>\n<meta property=\"article:modified_time\" content=\"2017-09-06T11:03:00+00:00\" \/>\n<meta property=\"og:image\" content=\"http:\/\/wordpress.ft.unicamp.br\/lie\/wp-content\/uploads\/sites\/19\/2017\/09\/cuba_ondas-300x263.jpg\" \/>\n<meta name=\"twitter:card\" content=\"summary_large_image\" \/>\n<script type=\"application\/ld+json\" class=\"yoast-schema-graph\">{\"@context\":\"https:\\\/\\\/schema.org\",\"@graph\":[{\"@type\":\"WebPage\",\"@id\":\"https:\\\/\\\/wordpress.ft.unicamp.br\\\/lie\\\/montagens-2\\\/cuba-de-ondas\\\/\",\"url\":\"https:\\\/\\\/wordpress.ft.unicamp.br\\\/lie\\\/montagens-2\\\/cuba-de-ondas\\\/\",\"name\":\"Cuba de Ondas - Laborat\u00f3rio de Instrumenta\u00e7\u00e3o para o Ensino (LIE)\",\"isPartOf\":{\"@id\":\"https:\\\/\\\/wordpress.ft.unicamp.br\\\/lie\\\/#website\"},\"primaryImageOfPage\":{\"@id\":\"https:\\\/\\\/wordpress.ft.unicamp.br\\\/lie\\\/montagens-2\\\/cuba-de-ondas\\\/#primaryimage\"},\"image\":{\"@id\":\"https:\\\/\\\/wordpress.ft.unicamp.br\\\/lie\\\/montagens-2\\\/cuba-de-ondas\\\/#primaryimage\"},\"thumbnailUrl\":\"http:\\\/\\\/wordpress.ft.unicamp.br\\\/lie\\\/wp-content\\\/uploads\\\/sites\\\/19\\\/2017\\\/09\\\/cuba_ondas-300x263.jpg\",\"datePublished\":\"2014-05-22T15:24:55+00:00\",\"dateModified\":\"2017-09-06T11:03:00+00:00\",\"breadcrumb\":{\"@id\":\"https:\\\/\\\/wordpress.ft.unicamp.br\\\/lie\\\/montagens-2\\\/cuba-de-ondas\\\/#breadcrumb\"},\"inLanguage\":\"pt-BR\",\"potentialAction\":[{\"@type\":\"ReadAction\",\"target\":[\"https:\\\/\\\/wordpress.ft.unicamp.br\\\/lie\\\/montagens-2\\\/cuba-de-ondas\\\/\"]}]},{\"@type\":\"ImageObject\",\"inLanguage\":\"pt-BR\",\"@id\":\"https:\\\/\\\/wordpress.ft.unicamp.br\\\/lie\\\/montagens-2\\\/cuba-de-ondas\\\/#primaryimage\",\"url\":\"https:\\\/\\\/wordpress.ft.unicamp.br\\\/lie\\\/wp-content\\\/uploads\\\/sites\\\/19\\\/2017\\\/09\\\/cuba_ondas.jpg\",\"contentUrl\":\"https:\\\/\\\/wordpress.ft.unicamp.br\\\/lie\\\/wp-content\\\/uploads\\\/sites\\\/19\\\/2017\\\/09\\\/cuba_ondas.jpg\",\"width\":1528,\"height\":1341},{\"@type\":\"BreadcrumbList\",\"@id\":\"https:\\\/\\\/wordpress.ft.unicamp.br\\\/lie\\\/montagens-2\\\/cuba-de-ondas\\\/#breadcrumb\",\"itemListElement\":[{\"@type\":\"ListItem\",\"position\":1,\"name\":\"Home\",\"item\":\"https:\\\/\\\/wordpress.ft.unicamp.br\\\/lie\\\/\"},{\"@type\":\"ListItem\",\"position\":2,\"name\":\"Montagens\",\"item\":\"https:\\\/\\\/wordpress.ft.unicamp.br\\\/lie\\\/montagens-2\\\/\"},{\"@type\":\"ListItem\",\"position\":3,\"name\":\"Cuba de Ondas\"}]},{\"@type\":\"WebSite\",\"@id\":\"https:\\\/\\\/wordpress.ft.unicamp.br\\\/lie\\\/#website\",\"url\":\"https:\\\/\\\/wordpress.ft.unicamp.br\\\/lie\\\/\",\"name\":\"Laborat\u00f3rio de Instrumenta\u00e7\u00e3o para o Ensino (LIE)\",\"description\":\"\",\"potentialAction\":[{\"@type\":\"SearchAction\",\"target\":{\"@type\":\"EntryPoint\",\"urlTemplate\":\"https:\\\/\\\/wordpress.ft.unicamp.br\\\/lie\\\/?s={search_term_string}\"},\"query-input\":{\"@type\":\"PropertyValueSpecification\",\"valueRequired\":true,\"valueName\":\"search_term_string\"}}],\"inLanguage\":\"pt-BR\"}]}<\/script>\n<!-- \/ Yoast SEO plugin. -->","yoast_head_json":{"title":"Cuba de Ondas - Laborat\u00f3rio de Instrumenta\u00e7\u00e3o para o Ensino (LIE)","robots":{"index":"index","follow":"follow","max-snippet":"max-snippet:-1","max-image-preview":"max-image-preview:large","max-video-preview":"max-video-preview:-1"},"canonical":"https:\/\/wordpress.ft.unicamp.br\/lie\/montagens-2\/cuba-de-ondas\/","og_locale":"pt_BR","og_type":"article","og_title":"Cuba de Ondas - Laborat\u00f3rio de Instrumenta\u00e7\u00e3o para o Ensino (LIE)","og_description":"\u00a0 Este experimento \u00e9 destinado ao estudo de ondas mec\u00e2nicas em um meio l\u00edquido. Permite a observa\u00e7\u00e3o dos fen\u00f4menos de reflex\u00e3o, difra\u00e7\u00e3o e interfer\u00eancia estudados em aula.","og_url":"https:\/\/wordpress.ft.unicamp.br\/lie\/montagens-2\/cuba-de-ondas\/","og_site_name":"Laborat\u00f3rio de Instrumenta\u00e7\u00e3o para o Ensino (LIE)","article_modified_time":"2017-09-06T11:03:00+00:00","og_image":[{"url":"http:\/\/wordpress.ft.unicamp.br\/lie\/wp-content\/uploads\/sites\/19\/2017\/09\/cuba_ondas-300x263.jpg","type":"","width":"","height":""}],"twitter_card":"summary_large_image","schema":{"@context":"https:\/\/schema.org","@graph":[{"@type":"WebPage","@id":"https:\/\/wordpress.ft.unicamp.br\/lie\/montagens-2\/cuba-de-ondas\/","url":"https:\/\/wordpress.ft.unicamp.br\/lie\/montagens-2\/cuba-de-ondas\/","name":"Cuba de Ondas - Laborat\u00f3rio de Instrumenta\u00e7\u00e3o para o Ensino (LIE)","isPartOf":{"@id":"https:\/\/wordpress.ft.unicamp.br\/lie\/#website"},"primaryImageOfPage":{"@id":"https:\/\/wordpress.ft.unicamp.br\/lie\/montagens-2\/cuba-de-ondas\/#primaryimage"},"image":{"@id":"https:\/\/wordpress.ft.unicamp.br\/lie\/montagens-2\/cuba-de-ondas\/#primaryimage"},"thumbnailUrl":"http:\/\/wordpress.ft.unicamp.br\/lie\/wp-content\/uploads\/sites\/19\/2017\/09\/cuba_ondas-300x263.jpg","datePublished":"2014-05-22T15:24:55+00:00","dateModified":"2017-09-06T11:03:00+00:00","breadcrumb":{"@id":"https:\/\/wordpress.ft.unicamp.br\/lie\/montagens-2\/cuba-de-ondas\/#breadcrumb"},"inLanguage":"pt-BR","potentialAction":[{"@type":"ReadAction","target":["https:\/\/wordpress.ft.unicamp.br\/lie\/montagens-2\/cuba-de-ondas\/"]}]},{"@type":"ImageObject","inLanguage":"pt-BR","@id":"https:\/\/wordpress.ft.unicamp.br\/lie\/montagens-2\/cuba-de-ondas\/#primaryimage","url":"https:\/\/wordpress.ft.unicamp.br\/lie\/wp-content\/uploads\/sites\/19\/2017\/09\/cuba_ondas.jpg","contentUrl":"https:\/\/wordpress.ft.unicamp.br\/lie\/wp-content\/uploads\/sites\/19\/2017\/09\/cuba_ondas.jpg","width":1528,"height":1341},{"@type":"BreadcrumbList","@id":"https:\/\/wordpress.ft.unicamp.br\/lie\/montagens-2\/cuba-de-ondas\/#breadcrumb","itemListElement":[{"@type":"ListItem","position":1,"name":"Home","item":"https:\/\/wordpress.ft.unicamp.br\/lie\/"},{"@type":"ListItem","position":2,"name":"Montagens","item":"https:\/\/wordpress.ft.unicamp.br\/lie\/montagens-2\/"},{"@type":"ListItem","position":3,"name":"Cuba de Ondas"}]},{"@type":"WebSite","@id":"https:\/\/wordpress.ft.unicamp.br\/lie\/#website","url":"https:\/\/wordpress.ft.unicamp.br\/lie\/","name":"Laborat\u00f3rio de Instrumenta\u00e7\u00e3o para o Ensino (LIE)","description":"","potentialAction":[{"@type":"SearchAction","target":{"@type":"EntryPoint","urlTemplate":"https:\/\/wordpress.ft.unicamp.br\/lie\/?s={search_term_string}"},"query-input":{"@type":"PropertyValueSpecification","valueRequired":true,"valueName":"search_term_string"}}],"inLanguage":"pt-BR"}]}},"_links":{"self":[{"href":"https:\/\/wordpress.ft.unicamp.br\/lie\/wp-json\/wp\/v2\/pages\/200","targetHints":{"allow":["GET"]}}],"collection":[{"href":"https:\/\/wordpress.ft.unicamp.br\/lie\/wp-json\/wp\/v2\/pages"}],"about":[{"href":"https:\/\/wordpress.ft.unicamp.br\/lie\/wp-json\/wp\/v2\/types\/page"}],"author":[{"embeddable":true,"href":"https:\/\/wordpress.ft.unicamp.br\/lie\/wp-json\/wp\/v2\/users\/1"}],"replies":[{"embeddable":true,"href":"https:\/\/wordpress.ft.unicamp.br\/lie\/wp-json\/wp\/v2\/comments?post=200"}],"version-history":[{"count":1,"href":"https:\/\/wordpress.ft.unicamp.br\/lie\/wp-json\/wp\/v2\/pages\/200\/revisions"}],"predecessor-version":[{"id":316,"href":"https:\/\/wordpress.ft.unicamp.br\/lie\/wp-json\/wp\/v2\/pages\/200\/revisions\/316"}],"up":[{"embeddable":true,"href":"https:\/\/wordpress.ft.unicamp.br\/lie\/wp-json\/wp\/v2\/pages\/59"}],"wp:attachment":[{"href":"https:\/\/wordpress.ft.unicamp.br\/lie\/wp-json\/wp\/v2\/media?parent=200"}],"curies":[{"name":"wp","href":"https:\/\/api.w.org\/{rel}","templated":true}]}}