{"id":41,"date":"2014-03-12T16:26:37","date_gmt":"2014-03-12T19:26:37","guid":{"rendered":"http:\/\/www.ft.unicamp.br\/lie\/?page_id=41"},"modified":"2017-09-06T11:05:33","modified_gmt":"2017-09-06T11:05:33","slug":"projeto-1","status":"publish","type":"page","link":"https:\/\/wordpress.ft.unicamp.br\/lie\/montagens-2\/projeto-1\/","title":{"rendered":"Rota\u00e7\u00e3o e Deslizamento"},"content":{"rendered":"<p style=\"text-align: center\"><img fetchpriority=\"high\" decoding=\"async\" class=\" wp-image-313 alignleft\" src=\"http:\/\/wordpress.ft.unicamp.br\/lie\/wp-content\/uploads\/sites\/19\/2017\/09\/IMG_20140311_103648765-1-300x169.jpg\" alt=\"\" width=\"373\" height=\"215\" \/>Experimento que permite estudar o movimento de uma esfera descendo uma rampa circular. Para detalhes ver o artigo\u00a0<a href=\"http:\/\/dx.doi.org\/10.1119\/1.4972177\">The motion of a ball moving down a circular path<\/a>, American Journal of Physics 2017.<\/p>\n","protected":false},"excerpt":{"rendered":"<p>Experimento que permite estudar o movimento de uma esfera descendo uma rampa circular. Para detalhes ver o artigo\u00a0The motion of a ball moving down a circular path, American Journal of &hellip; <a class=\"readmore\" href=\"https:\/\/wordpress.ft.unicamp.br\/lie\/montagens-2\/projeto-1\/\">Continue Reading &rarr;<\/a><\/p>\n","protected":false},"author":1,"featured_media":0,"parent":59,"menu_order":1,"comment_status":"closed","ping_status":"closed","template":"","meta":{"footnotes":""},"class_list":["post-41","page","type-page","status-publish","hentry"],"yoast_head":"<!-- This site is optimized with the Yoast SEO plugin v27.3 - https:\/\/yoast.com\/product\/yoast-seo-wordpress\/ -->\n<title>Rota\u00e7\u00e3o e Deslizamento - Laborat\u00f3rio de Instrumenta\u00e7\u00e3o para o Ensino (LIE)<\/title>\n<meta name=\"robots\" content=\"index, follow, max-snippet:-1, max-image-preview:large, max-video-preview:-1\" \/>\n<link rel=\"canonical\" href=\"https:\/\/wordpress.ft.unicamp.br\/lie\/montagens-2\/projeto-1\/\" \/>\n<meta property=\"og:locale\" content=\"pt_BR\" \/>\n<meta property=\"og:type\" content=\"article\" \/>\n<meta property=\"og:title\" content=\"Rota\u00e7\u00e3o e Deslizamento - Laborat\u00f3rio de Instrumenta\u00e7\u00e3o para o Ensino (LIE)\" \/>\n<meta property=\"og:description\" content=\"Experimento que permite estudar o movimento de uma esfera descendo uma rampa circular. Para detalhes ver o artigo\u00a0The motion of a ball moving down a circular path, American Journal of &hellip; Continue Reading &rarr;\" \/>\n<meta property=\"og:url\" content=\"https:\/\/wordpress.ft.unicamp.br\/lie\/montagens-2\/projeto-1\/\" \/>\n<meta property=\"og:site_name\" content=\"Laborat\u00f3rio de Instrumenta\u00e7\u00e3o para o Ensino (LIE)\" \/>\n<meta property=\"article:modified_time\" content=\"2017-09-06T11:05:33+00:00\" \/>\n<meta property=\"og:image\" content=\"http:\/\/wordpress.ft.unicamp.br\/lie\/wp-content\/uploads\/sites\/19\/2017\/09\/IMG_20140311_103648765-1-300x169.jpg\" \/>\n<meta name=\"twitter:card\" content=\"summary_large_image\" \/>\n<script type=\"application\/ld+json\" class=\"yoast-schema-graph\">{\"@context\":\"https:\\\/\\\/schema.org\",\"@graph\":[{\"@type\":\"WebPage\",\"@id\":\"https:\\\/\\\/wordpress.ft.unicamp.br\\\/lie\\\/montagens-2\\\/projeto-1\\\/\",\"url\":\"https:\\\/\\\/wordpress.ft.unicamp.br\\\/lie\\\/montagens-2\\\/projeto-1\\\/\",\"name\":\"Rota\u00e7\u00e3o e Deslizamento - Laborat\u00f3rio de Instrumenta\u00e7\u00e3o para o Ensino (LIE)\",\"isPartOf\":{\"@id\":\"https:\\\/\\\/wordpress.ft.unicamp.br\\\/lie\\\/#website\"},\"primaryImageOfPage\":{\"@id\":\"https:\\\/\\\/wordpress.ft.unicamp.br\\\/lie\\\/montagens-2\\\/projeto-1\\\/#primaryimage\"},\"image\":{\"@id\":\"https:\\\/\\\/wordpress.ft.unicamp.br\\\/lie\\\/montagens-2\\\/projeto-1\\\/#primaryimage\"},\"thumbnailUrl\":\"http:\\\/\\\/wordpress.ft.unicamp.br\\\/lie\\\/wp-content\\\/uploads\\\/sites\\\/19\\\/2017\\\/09\\\/IMG_20140311_103648765-1-300x169.jpg\",\"datePublished\":\"2014-03-12T19:26:37+00:00\",\"dateModified\":\"2017-09-06T11:05:33+00:00\",\"breadcrumb\":{\"@id\":\"https:\\\/\\\/wordpress.ft.unicamp.br\\\/lie\\\/montagens-2\\\/projeto-1\\\/#breadcrumb\"},\"inLanguage\":\"pt-BR\",\"potentialAction\":[{\"@type\":\"ReadAction\",\"target\":[\"https:\\\/\\\/wordpress.ft.unicamp.br\\\/lie\\\/montagens-2\\\/projeto-1\\\/\"]}]},{\"@type\":\"ImageObject\",\"inLanguage\":\"pt-BR\",\"@id\":\"https:\\\/\\\/wordpress.ft.unicamp.br\\\/lie\\\/montagens-2\\\/projeto-1\\\/#primaryimage\",\"url\":\"https:\\\/\\\/wordpress.ft.unicamp.br\\\/lie\\\/wp-content\\\/uploads\\\/sites\\\/19\\\/2017\\\/09\\\/IMG_20140311_103648765-1.jpg\",\"contentUrl\":\"https:\\\/\\\/wordpress.ft.unicamp.br\\\/lie\\\/wp-content\\\/uploads\\\/sites\\\/19\\\/2017\\\/09\\\/IMG_20140311_103648765-1.jpg\",\"width\":2592,\"height\":1456},{\"@type\":\"BreadcrumbList\",\"@id\":\"https:\\\/\\\/wordpress.ft.unicamp.br\\\/lie\\\/montagens-2\\\/projeto-1\\\/#breadcrumb\",\"itemListElement\":[{\"@type\":\"ListItem\",\"position\":1,\"name\":\"Home\",\"item\":\"https:\\\/\\\/wordpress.ft.unicamp.br\\\/lie\\\/\"},{\"@type\":\"ListItem\",\"position\":2,\"name\":\"Montagens\",\"item\":\"https:\\\/\\\/wordpress.ft.unicamp.br\\\/lie\\\/montagens-2\\\/\"},{\"@type\":\"ListItem\",\"position\":3,\"name\":\"Rota\u00e7\u00e3o e Deslizamento\"}]},{\"@type\":\"WebSite\",\"@id\":\"https:\\\/\\\/wordpress.ft.unicamp.br\\\/lie\\\/#website\",\"url\":\"https:\\\/\\\/wordpress.ft.unicamp.br\\\/lie\\\/\",\"name\":\"Laborat\u00f3rio de Instrumenta\u00e7\u00e3o para o Ensino (LIE)\",\"description\":\"\",\"potentialAction\":[{\"@type\":\"SearchAction\",\"target\":{\"@type\":\"EntryPoint\",\"urlTemplate\":\"https:\\\/\\\/wordpress.ft.unicamp.br\\\/lie\\\/?s={search_term_string}\"},\"query-input\":{\"@type\":\"PropertyValueSpecification\",\"valueRequired\":true,\"valueName\":\"search_term_string\"}}],\"inLanguage\":\"pt-BR\"}]}<\/script>\n<!-- \/ Yoast SEO plugin. -->","yoast_head_json":{"title":"Rota\u00e7\u00e3o e Deslizamento - Laborat\u00f3rio de Instrumenta\u00e7\u00e3o para o Ensino (LIE)","robots":{"index":"index","follow":"follow","max-snippet":"max-snippet:-1","max-image-preview":"max-image-preview:large","max-video-preview":"max-video-preview:-1"},"canonical":"https:\/\/wordpress.ft.unicamp.br\/lie\/montagens-2\/projeto-1\/","og_locale":"pt_BR","og_type":"article","og_title":"Rota\u00e7\u00e3o e Deslizamento - Laborat\u00f3rio de Instrumenta\u00e7\u00e3o para o Ensino (LIE)","og_description":"Experimento que permite estudar o movimento de uma esfera descendo uma rampa circular. Para detalhes ver o artigo\u00a0The motion of a ball moving down a circular path, American Journal of &hellip; Continue Reading &rarr;","og_url":"https:\/\/wordpress.ft.unicamp.br\/lie\/montagens-2\/projeto-1\/","og_site_name":"Laborat\u00f3rio de Instrumenta\u00e7\u00e3o para o Ensino (LIE)","article_modified_time":"2017-09-06T11:05:33+00:00","og_image":[{"url":"http:\/\/wordpress.ft.unicamp.br\/lie\/wp-content\/uploads\/sites\/19\/2017\/09\/IMG_20140311_103648765-1-300x169.jpg","type":"","width":"","height":""}],"twitter_card":"summary_large_image","schema":{"@context":"https:\/\/schema.org","@graph":[{"@type":"WebPage","@id":"https:\/\/wordpress.ft.unicamp.br\/lie\/montagens-2\/projeto-1\/","url":"https:\/\/wordpress.ft.unicamp.br\/lie\/montagens-2\/projeto-1\/","name":"Rota\u00e7\u00e3o e Deslizamento - Laborat\u00f3rio de Instrumenta\u00e7\u00e3o para o Ensino (LIE)","isPartOf":{"@id":"https:\/\/wordpress.ft.unicamp.br\/lie\/#website"},"primaryImageOfPage":{"@id":"https:\/\/wordpress.ft.unicamp.br\/lie\/montagens-2\/projeto-1\/#primaryimage"},"image":{"@id":"https:\/\/wordpress.ft.unicamp.br\/lie\/montagens-2\/projeto-1\/#primaryimage"},"thumbnailUrl":"http:\/\/wordpress.ft.unicamp.br\/lie\/wp-content\/uploads\/sites\/19\/2017\/09\/IMG_20140311_103648765-1-300x169.jpg","datePublished":"2014-03-12T19:26:37+00:00","dateModified":"2017-09-06T11:05:33+00:00","breadcrumb":{"@id":"https:\/\/wordpress.ft.unicamp.br\/lie\/montagens-2\/projeto-1\/#breadcrumb"},"inLanguage":"pt-BR","potentialAction":[{"@type":"ReadAction","target":["https:\/\/wordpress.ft.unicamp.br\/lie\/montagens-2\/projeto-1\/"]}]},{"@type":"ImageObject","inLanguage":"pt-BR","@id":"https:\/\/wordpress.ft.unicamp.br\/lie\/montagens-2\/projeto-1\/#primaryimage","url":"https:\/\/wordpress.ft.unicamp.br\/lie\/wp-content\/uploads\/sites\/19\/2017\/09\/IMG_20140311_103648765-1.jpg","contentUrl":"https:\/\/wordpress.ft.unicamp.br\/lie\/wp-content\/uploads\/sites\/19\/2017\/09\/IMG_20140311_103648765-1.jpg","width":2592,"height":1456},{"@type":"BreadcrumbList","@id":"https:\/\/wordpress.ft.unicamp.br\/lie\/montagens-2\/projeto-1\/#breadcrumb","itemListElement":[{"@type":"ListItem","position":1,"name":"Home","item":"https:\/\/wordpress.ft.unicamp.br\/lie\/"},{"@type":"ListItem","position":2,"name":"Montagens","item":"https:\/\/wordpress.ft.unicamp.br\/lie\/montagens-2\/"},{"@type":"ListItem","position":3,"name":"Rota\u00e7\u00e3o e Deslizamento"}]},{"@type":"WebSite","@id":"https:\/\/wordpress.ft.unicamp.br\/lie\/#website","url":"https:\/\/wordpress.ft.unicamp.br\/lie\/","name":"Laborat\u00f3rio de Instrumenta\u00e7\u00e3o para o Ensino (LIE)","description":"","potentialAction":[{"@type":"SearchAction","target":{"@type":"EntryPoint","urlTemplate":"https:\/\/wordpress.ft.unicamp.br\/lie\/?s={search_term_string}"},"query-input":{"@type":"PropertyValueSpecification","valueRequired":true,"valueName":"search_term_string"}}],"inLanguage":"pt-BR"}]}},"_links":{"self":[{"href":"https:\/\/wordpress.ft.unicamp.br\/lie\/wp-json\/wp\/v2\/pages\/41","targetHints":{"allow":["GET"]}}],"collection":[{"href":"https:\/\/wordpress.ft.unicamp.br\/lie\/wp-json\/wp\/v2\/pages"}],"about":[{"href":"https:\/\/wordpress.ft.unicamp.br\/lie\/wp-json\/wp\/v2\/types\/page"}],"author":[{"embeddable":true,"href":"https:\/\/wordpress.ft.unicamp.br\/lie\/wp-json\/wp\/v2\/users\/1"}],"replies":[{"embeddable":true,"href":"https:\/\/wordpress.ft.unicamp.br\/lie\/wp-json\/wp\/v2\/comments?post=41"}],"version-history":[{"count":2,"href":"https:\/\/wordpress.ft.unicamp.br\/lie\/wp-json\/wp\/v2\/pages\/41\/revisions"}],"predecessor-version":[{"id":318,"href":"https:\/\/wordpress.ft.unicamp.br\/lie\/wp-json\/wp\/v2\/pages\/41\/revisions\/318"}],"up":[{"embeddable":true,"href":"https:\/\/wordpress.ft.unicamp.br\/lie\/wp-json\/wp\/v2\/pages\/59"}],"wp:attachment":[{"href":"https:\/\/wordpress.ft.unicamp.br\/lie\/wp-json\/wp\/v2\/media?parent=41"}],"curies":[{"name":"wp","href":"https:\/\/api.w.org\/{rel}","templated":true}]}}