{"id":59,"date":"2014-03-20T11:44:02","date_gmt":"2014-03-20T14:44:02","guid":{"rendered":"http:\/\/www.ft.unicamp.br\/lie\/?page_id=59"},"modified":"2017-09-06T10:39:51","modified_gmt":"2017-09-06T10:39:51","slug":"montagens-2","status":"publish","type":"page","link":"https:\/\/wordpress.ft.unicamp.br\/lie\/montagens-2\/","title":{"rendered":"Montagens"},"content":{"rendered":"<p>As seguintes montagens est\u00e3o dispon\u00edveis no Laborat\u00f3rio:<\/p>\n<ul>\n<li>Aparelho de queda livre<\/li>\n<li>P\u00eandulo<\/li>\n<li>Mola helicoidais<\/li>\n<li>Tubos de queda livre<\/li>\n<li>Matter Model<\/li>\n<li>Tubo de Knudt<\/li>\n<li>Plataforma rotativa<\/li>\n<li>Vasos Comunicantes T<\/li>\n<li>Esfera com anel<\/li>\n<li>Motor El\u00e9trico e gerador<\/li>\n<li>Eletrosc\u00f3pio<\/li>\n<li>Dispositivo de onda<\/li>\n<li>Gerador de onda senoidal<\/li>\n<li>Motor de corrente cont\u00ednua 12 V<\/li>\n<li>Diapas\u00e3o de 2000 Hz<\/li>\n<li>Jogo de 3 cilindros, igual no volume<\/li>\n<li>Conjunto de 5 corpos de densidade<\/li>\n<li>M\u00e1quina de ondas<\/li>\n<li>Bacia de ondas<\/li>\n<li>Alto-Falante de banda Larga<\/li>\n<li>Par de diapas\u00e3o de 440 Hz sobre caixa de resson\u00e2ncia<\/li>\n<li>Rampa de Lan\u00e7amento<\/li>\n<li>Lan\u00e7ador de proj\u00e9teis<\/li>\n<\/ul>\n","protected":false},"excerpt":{"rendered":"<p>As seguintes montagens est\u00e3o dispon\u00edveis no Laborat\u00f3rio: Aparelho de queda livre P\u00eandulo Mola helicoidais Tubos de queda livre Matter Model Tubo de Knudt Plataforma rotativa Vasos Comunicantes T Esfera com &hellip; <a class=\"readmore\" href=\"https:\/\/wordpress.ft.unicamp.br\/lie\/montagens-2\/\">Continue Reading &rarr;<\/a><\/p>\n","protected":false},"author":1,"featured_media":0,"parent":0,"menu_order":1,"comment_status":"closed","ping_status":"open","template":"","meta":{"footnotes":""},"class_list":["post-59","page","type-page","status-publish","hentry"],"yoast_head":"<!-- This site is optimized with the Yoast SEO plugin v27.2 - https:\/\/yoast.com\/product\/yoast-seo-wordpress\/ -->\n<title>Montagens - Laborat\u00f3rio de Instrumenta\u00e7\u00e3o para o Ensino (LIE)<\/title>\n<meta name=\"robots\" content=\"index, follow, max-snippet:-1, max-image-preview:large, max-video-preview:-1\" \/>\n<link rel=\"canonical\" href=\"https:\/\/wordpress.ft.unicamp.br\/lie\/montagens-2\/\" \/>\n<meta property=\"og:locale\" content=\"pt_BR\" \/>\n<meta property=\"og:type\" content=\"article\" \/>\n<meta property=\"og:title\" content=\"Montagens - Laborat\u00f3rio de Instrumenta\u00e7\u00e3o para o Ensino (LIE)\" \/>\n<meta property=\"og:description\" content=\"As seguintes montagens est\u00e3o dispon\u00edveis no Laborat\u00f3rio: Aparelho de queda livre P\u00eandulo Mola helicoidais Tubos de queda livre Matter Model Tubo de Knudt Plataforma rotativa Vasos Comunicantes T Esfera com &hellip; Continue Reading &rarr;\" \/>\n<meta property=\"og:url\" content=\"https:\/\/wordpress.ft.unicamp.br\/lie\/montagens-2\/\" \/>\n<meta property=\"og:site_name\" content=\"Laborat\u00f3rio de Instrumenta\u00e7\u00e3o para o Ensino (LIE)\" \/>\n<meta property=\"article:modified_time\" content=\"2017-09-06T10:39:51+00:00\" \/>\n<meta name=\"twitter:card\" content=\"summary_large_image\" \/>\n<meta name=\"twitter:label1\" content=\"Est. tempo de leitura\" \/>\n\t<meta name=\"twitter:data1\" content=\"1 minuto\" \/>\n<script type=\"application\/ld+json\" class=\"yoast-schema-graph\">{\"@context\":\"https:\/\/schema.org\",\"@graph\":[{\"@type\":\"WebPage\",\"@id\":\"https:\/\/wordpress.ft.unicamp.br\/lie\/montagens-2\/\",\"url\":\"https:\/\/wordpress.ft.unicamp.br\/lie\/montagens-2\/\",\"name\":\"Montagens - Laborat\u00f3rio de Instrumenta\u00e7\u00e3o para o Ensino (LIE)\",\"isPartOf\":{\"@id\":\"https:\/\/wordpress.ft.unicamp.br\/lie\/#website\"},\"datePublished\":\"2014-03-20T14:44:02+00:00\",\"dateModified\":\"2017-09-06T10:39:51+00:00\",\"breadcrumb\":{\"@id\":\"https:\/\/wordpress.ft.unicamp.br\/lie\/montagens-2\/#breadcrumb\"},\"inLanguage\":\"pt-BR\",\"potentialAction\":[{\"@type\":\"ReadAction\",\"target\":[\"https:\/\/wordpress.ft.unicamp.br\/lie\/montagens-2\/\"]}]},{\"@type\":\"BreadcrumbList\",\"@id\":\"https:\/\/wordpress.ft.unicamp.br\/lie\/montagens-2\/#breadcrumb\",\"itemListElement\":[{\"@type\":\"ListItem\",\"position\":1,\"name\":\"Home\",\"item\":\"https:\/\/wordpress.ft.unicamp.br\/lie\/\"},{\"@type\":\"ListItem\",\"position\":2,\"name\":\"Montagens\"}]},{\"@type\":\"WebSite\",\"@id\":\"https:\/\/wordpress.ft.unicamp.br\/lie\/#website\",\"url\":\"https:\/\/wordpress.ft.unicamp.br\/lie\/\",\"name\":\"Laborat\u00f3rio de Instrumenta\u00e7\u00e3o para o Ensino (LIE)\",\"description\":\"\",\"potentialAction\":[{\"@type\":\"SearchAction\",\"target\":{\"@type\":\"EntryPoint\",\"urlTemplate\":\"https:\/\/wordpress.ft.unicamp.br\/lie\/?s={search_term_string}\"},\"query-input\":{\"@type\":\"PropertyValueSpecification\",\"valueRequired\":true,\"valueName\":\"search_term_string\"}}],\"inLanguage\":\"pt-BR\"}]}<\/script>\n<!-- \/ Yoast SEO plugin. -->","yoast_head_json":{"title":"Montagens - Laborat\u00f3rio de Instrumenta\u00e7\u00e3o para o Ensino (LIE)","robots":{"index":"index","follow":"follow","max-snippet":"max-snippet:-1","max-image-preview":"max-image-preview:large","max-video-preview":"max-video-preview:-1"},"canonical":"https:\/\/wordpress.ft.unicamp.br\/lie\/montagens-2\/","og_locale":"pt_BR","og_type":"article","og_title":"Montagens - Laborat\u00f3rio de Instrumenta\u00e7\u00e3o para o Ensino (LIE)","og_description":"As seguintes montagens est\u00e3o dispon\u00edveis no Laborat\u00f3rio: Aparelho de queda livre P\u00eandulo Mola helicoidais Tubos de queda livre Matter Model Tubo de Knudt Plataforma rotativa Vasos Comunicantes T Esfera com &hellip; Continue Reading &rarr;","og_url":"https:\/\/wordpress.ft.unicamp.br\/lie\/montagens-2\/","og_site_name":"Laborat\u00f3rio de Instrumenta\u00e7\u00e3o para o Ensino (LIE)","article_modified_time":"2017-09-06T10:39:51+00:00","twitter_card":"summary_large_image","twitter_misc":{"Est. tempo de leitura":"1 minuto"},"schema":{"@context":"https:\/\/schema.org","@graph":[{"@type":"WebPage","@id":"https:\/\/wordpress.ft.unicamp.br\/lie\/montagens-2\/","url":"https:\/\/wordpress.ft.unicamp.br\/lie\/montagens-2\/","name":"Montagens - Laborat\u00f3rio de Instrumenta\u00e7\u00e3o para o Ensino (LIE)","isPartOf":{"@id":"https:\/\/wordpress.ft.unicamp.br\/lie\/#website"},"datePublished":"2014-03-20T14:44:02+00:00","dateModified":"2017-09-06T10:39:51+00:00","breadcrumb":{"@id":"https:\/\/wordpress.ft.unicamp.br\/lie\/montagens-2\/#breadcrumb"},"inLanguage":"pt-BR","potentialAction":[{"@type":"ReadAction","target":["https:\/\/wordpress.ft.unicamp.br\/lie\/montagens-2\/"]}]},{"@type":"BreadcrumbList","@id":"https:\/\/wordpress.ft.unicamp.br\/lie\/montagens-2\/#breadcrumb","itemListElement":[{"@type":"ListItem","position":1,"name":"Home","item":"https:\/\/wordpress.ft.unicamp.br\/lie\/"},{"@type":"ListItem","position":2,"name":"Montagens"}]},{"@type":"WebSite","@id":"https:\/\/wordpress.ft.unicamp.br\/lie\/#website","url":"https:\/\/wordpress.ft.unicamp.br\/lie\/","name":"Laborat\u00f3rio de Instrumenta\u00e7\u00e3o para o Ensino (LIE)","description":"","potentialAction":[{"@type":"SearchAction","target":{"@type":"EntryPoint","urlTemplate":"https:\/\/wordpress.ft.unicamp.br\/lie\/?s={search_term_string}"},"query-input":{"@type":"PropertyValueSpecification","valueRequired":true,"valueName":"search_term_string"}}],"inLanguage":"pt-BR"}]}},"_links":{"self":[{"href":"https:\/\/wordpress.ft.unicamp.br\/lie\/wp-json\/wp\/v2\/pages\/59","targetHints":{"allow":["GET"]}}],"collection":[{"href":"https:\/\/wordpress.ft.unicamp.br\/lie\/wp-json\/wp\/v2\/pages"}],"about":[{"href":"https:\/\/wordpress.ft.unicamp.br\/lie\/wp-json\/wp\/v2\/types\/page"}],"author":[{"embeddable":true,"href":"https:\/\/wordpress.ft.unicamp.br\/lie\/wp-json\/wp\/v2\/users\/1"}],"replies":[{"embeddable":true,"href":"https:\/\/wordpress.ft.unicamp.br\/lie\/wp-json\/wp\/v2\/comments?post=59"}],"version-history":[{"count":1,"href":"https:\/\/wordpress.ft.unicamp.br\/lie\/wp-json\/wp\/v2\/pages\/59\/revisions"}],"predecessor-version":[{"id":264,"href":"https:\/\/wordpress.ft.unicamp.br\/lie\/wp-json\/wp\/v2\/pages\/59\/revisions\/264"}],"wp:attachment":[{"href":"https:\/\/wordpress.ft.unicamp.br\/lie\/wp-json\/wp\/v2\/media?parent=59"}],"curies":[{"name":"wp","href":"https:\/\/api.w.org\/{rel}","templated":true}]}}