{"id":6,"date":"2014-03-07T14:03:14","date_gmt":"2014-03-07T14:03:14","guid":{"rendered":"http:\/\/www.ft.unicamp.br\/lie\/?page_id=6"},"modified":"2017-09-06T12:34:56","modified_gmt":"2017-09-06T12:34:56","slug":"sobre-o-laboratorio","status":"publish","type":"page","link":"https:\/\/wordpress.ft.unicamp.br\/lie\/","title":{"rendered":""},"content":{"rendered":"<p><img fetchpriority=\"high\" decoding=\"async\" class=\"alignnone  wp-image-313\" src=\"http:\/\/wordpress.ft.unicamp.br\/lie\/wp-content\/uploads\/sites\/19\/2017\/09\/IMG_20140311_103648765-1-300x169.jpg\" alt=\"\" width=\"412\" height=\"232\" srcset=\"https:\/\/wordpress.ft.unicamp.br\/lie\/wp-content\/uploads\/sites\/19\/2017\/09\/IMG_20140311_103648765-1-300x169.jpg 300w, https:\/\/wordpress.ft.unicamp.br\/lie\/wp-content\/uploads\/sites\/19\/2017\/09\/IMG_20140311_103648765-1-768x431.jpg 768w, https:\/\/wordpress.ft.unicamp.br\/lie\/wp-content\/uploads\/sites\/19\/2017\/09\/IMG_20140311_103648765-1-1024x575.jpg 1024w\" sizes=\"(max-width: 412px) 100vw, 412px\" \/><\/p>\n<p>O Laborat\u00f3rio foi criado em 2011 na Faculdade de Tecnologia &#8211; UNICAMP com o objetivo de produzir material did\u00e1tico para ser utilizado nas aulas dos cursos da Faculdade de Tecnologia, feiras de Ci\u00eancia e outros eventos de divulga\u00e7\u00e3o cient\u00edfica.<\/p>\n<p>A ideia do laborat\u00f3rio \u00e9 desenvolver experimentos\/demonstra\u00e7\u00f5es que permitam a coleta de dados a fim de ilustrar fen\u00f4menos em sala de aula.<\/p>\n<p>Al\u00e9m de materiais desenvolvidos no laborat\u00f3rio, o LIE mant\u00e9m em seu acervo v\u00e1rias montagens obtidas de empresas especializadas.<\/p>\n","protected":false},"excerpt":{"rendered":"<p>O Laborat\u00f3rio foi criado em 2011 na Faculdade de Tecnologia &#8211; UNICAMP com o objetivo de produzir material did\u00e1tico para ser utilizado nas aulas dos cursos da Faculdade de Tecnologia, &hellip; <a class=\"readmore\" href=\"https:\/\/wordpress.ft.unicamp.br\/lie\/\">Continue Reading &rarr;<\/a><\/p>\n","protected":false},"author":1,"featured_media":313,"parent":0,"menu_order":2,"comment_status":"closed","ping_status":"closed","template":"","meta":{"footnotes":""},"class_list":["post-6","page","type-page","status-publish","has-post-thumbnail","hentry"],"yoast_head":"<!-- This site is optimized with the Yoast SEO plugin v27.2 - https:\/\/yoast.com\/product\/yoast-seo-wordpress\/ -->\n<title>- Laborat\u00f3rio de Instrumenta\u00e7\u00e3o para o Ensino (LIE)<\/title>\n<meta name=\"robots\" content=\"index, follow, max-snippet:-1, max-image-preview:large, max-video-preview:-1\" \/>\n<link rel=\"canonical\" href=\"https:\/\/wordpress.ft.unicamp.br\/lie\/\" \/>\n<meta property=\"og:locale\" content=\"pt_BR\" \/>\n<meta property=\"og:type\" content=\"article\" \/>\n<meta property=\"og:title\" content=\"- Laborat\u00f3rio de Instrumenta\u00e7\u00e3o para o Ensino (LIE)\" \/>\n<meta property=\"og:description\" content=\"O Laborat\u00f3rio foi criado em 2011 na Faculdade de Tecnologia &#8211; UNICAMP com o objetivo de produzir material did\u00e1tico para ser utilizado nas aulas dos cursos da Faculdade de Tecnologia, &hellip; Continue Reading &rarr;\" \/>\n<meta property=\"og:url\" content=\"https:\/\/wordpress.ft.unicamp.br\/lie\/\" \/>\n<meta property=\"og:site_name\" content=\"Laborat\u00f3rio de Instrumenta\u00e7\u00e3o para o Ensino (LIE)\" \/>\n<meta property=\"article:modified_time\" content=\"2017-09-06T12:34:56+00:00\" \/>\n<meta property=\"og:image\" content=\"https:\/\/wordpress.ft.unicamp.br\/lie\/wp-content\/uploads\/sites\/19\/2017\/09\/IMG_20140311_103648765-1.jpg\" \/>\n\t<meta property=\"og:image:width\" content=\"2592\" \/>\n\t<meta property=\"og:image:height\" content=\"1456\" \/>\n\t<meta property=\"og:image:type\" content=\"image\/jpeg\" \/>\n<meta name=\"twitter:card\" content=\"summary_large_image\" \/>\n<script type=\"application\/ld+json\" class=\"yoast-schema-graph\">{\"@context\":\"https:\/\/schema.org\",\"@graph\":[{\"@type\":\"WebPage\",\"@id\":\"https:\/\/wordpress.ft.unicamp.br\/lie\/\",\"url\":\"https:\/\/wordpress.ft.unicamp.br\/lie\/\",\"name\":\"- Laborat\u00f3rio de Instrumenta\u00e7\u00e3o para o Ensino (LIE)\",\"isPartOf\":{\"@id\":\"https:\/\/wordpress.ft.unicamp.br\/lie\/#website\"},\"primaryImageOfPage\":{\"@id\":\"https:\/\/wordpress.ft.unicamp.br\/lie\/#primaryimage\"},\"image\":{\"@id\":\"https:\/\/wordpress.ft.unicamp.br\/lie\/#primaryimage\"},\"thumbnailUrl\":\"https:\/\/wordpress.ft.unicamp.br\/lie\/wp-content\/uploads\/sites\/19\/2017\/09\/IMG_20140311_103648765-1.jpg\",\"datePublished\":\"2014-03-07T14:03:14+00:00\",\"dateModified\":\"2017-09-06T12:34:56+00:00\",\"inLanguage\":\"pt-BR\",\"potentialAction\":[{\"@type\":\"ReadAction\",\"target\":[\"https:\/\/wordpress.ft.unicamp.br\/lie\/\"]}]},{\"@type\":\"ImageObject\",\"inLanguage\":\"pt-BR\",\"@id\":\"https:\/\/wordpress.ft.unicamp.br\/lie\/#primaryimage\",\"url\":\"https:\/\/wordpress.ft.unicamp.br\/lie\/wp-content\/uploads\/sites\/19\/2017\/09\/IMG_20140311_103648765-1.jpg\",\"contentUrl\":\"https:\/\/wordpress.ft.unicamp.br\/lie\/wp-content\/uploads\/sites\/19\/2017\/09\/IMG_20140311_103648765-1.jpg\",\"width\":2592,\"height\":1456},{\"@type\":\"WebSite\",\"@id\":\"https:\/\/wordpress.ft.unicamp.br\/lie\/#website\",\"url\":\"https:\/\/wordpress.ft.unicamp.br\/lie\/\",\"name\":\"Laborat\u00f3rio de Instrumenta\u00e7\u00e3o para o Ensino (LIE)\",\"description\":\"\",\"potentialAction\":[{\"@type\":\"SearchAction\",\"target\":{\"@type\":\"EntryPoint\",\"urlTemplate\":\"https:\/\/wordpress.ft.unicamp.br\/lie\/?s={search_term_string}\"},\"query-input\":{\"@type\":\"PropertyValueSpecification\",\"valueRequired\":true,\"valueName\":\"search_term_string\"}}],\"inLanguage\":\"pt-BR\"}]}<\/script>\n<!-- \/ Yoast SEO plugin. -->","yoast_head_json":{"title":"- Laborat\u00f3rio de Instrumenta\u00e7\u00e3o para o Ensino (LIE)","robots":{"index":"index","follow":"follow","max-snippet":"max-snippet:-1","max-image-preview":"max-image-preview:large","max-video-preview":"max-video-preview:-1"},"canonical":"https:\/\/wordpress.ft.unicamp.br\/lie\/","og_locale":"pt_BR","og_type":"article","og_title":"- Laborat\u00f3rio de Instrumenta\u00e7\u00e3o para o Ensino (LIE)","og_description":"O Laborat\u00f3rio foi criado em 2011 na Faculdade de Tecnologia &#8211; UNICAMP com o objetivo de produzir material did\u00e1tico para ser utilizado nas aulas dos cursos da Faculdade de Tecnologia, &hellip; Continue Reading &rarr;","og_url":"https:\/\/wordpress.ft.unicamp.br\/lie\/","og_site_name":"Laborat\u00f3rio de Instrumenta\u00e7\u00e3o para o Ensino (LIE)","article_modified_time":"2017-09-06T12:34:56+00:00","og_image":[{"width":2592,"height":1456,"url":"https:\/\/wordpress.ft.unicamp.br\/lie\/wp-content\/uploads\/sites\/19\/2017\/09\/IMG_20140311_103648765-1.jpg","type":"image\/jpeg"}],"twitter_card":"summary_large_image","schema":{"@context":"https:\/\/schema.org","@graph":[{"@type":"WebPage","@id":"https:\/\/wordpress.ft.unicamp.br\/lie\/","url":"https:\/\/wordpress.ft.unicamp.br\/lie\/","name":"- Laborat\u00f3rio de Instrumenta\u00e7\u00e3o para o Ensino (LIE)","isPartOf":{"@id":"https:\/\/wordpress.ft.unicamp.br\/lie\/#website"},"primaryImageOfPage":{"@id":"https:\/\/wordpress.ft.unicamp.br\/lie\/#primaryimage"},"image":{"@id":"https:\/\/wordpress.ft.unicamp.br\/lie\/#primaryimage"},"thumbnailUrl":"https:\/\/wordpress.ft.unicamp.br\/lie\/wp-content\/uploads\/sites\/19\/2017\/09\/IMG_20140311_103648765-1.jpg","datePublished":"2014-03-07T14:03:14+00:00","dateModified":"2017-09-06T12:34:56+00:00","inLanguage":"pt-BR","potentialAction":[{"@type":"ReadAction","target":["https:\/\/wordpress.ft.unicamp.br\/lie\/"]}]},{"@type":"ImageObject","inLanguage":"pt-BR","@id":"https:\/\/wordpress.ft.unicamp.br\/lie\/#primaryimage","url":"https:\/\/wordpress.ft.unicamp.br\/lie\/wp-content\/uploads\/sites\/19\/2017\/09\/IMG_20140311_103648765-1.jpg","contentUrl":"https:\/\/wordpress.ft.unicamp.br\/lie\/wp-content\/uploads\/sites\/19\/2017\/09\/IMG_20140311_103648765-1.jpg","width":2592,"height":1456},{"@type":"WebSite","@id":"https:\/\/wordpress.ft.unicamp.br\/lie\/#website","url":"https:\/\/wordpress.ft.unicamp.br\/lie\/","name":"Laborat\u00f3rio de Instrumenta\u00e7\u00e3o para o Ensino (LIE)","description":"","potentialAction":[{"@type":"SearchAction","target":{"@type":"EntryPoint","urlTemplate":"https:\/\/wordpress.ft.unicamp.br\/lie\/?s={search_term_string}"},"query-input":{"@type":"PropertyValueSpecification","valueRequired":true,"valueName":"search_term_string"}}],"inLanguage":"pt-BR"}]}},"_links":{"self":[{"href":"https:\/\/wordpress.ft.unicamp.br\/lie\/wp-json\/wp\/v2\/pages\/6","targetHints":{"allow":["GET"]}}],"collection":[{"href":"https:\/\/wordpress.ft.unicamp.br\/lie\/wp-json\/wp\/v2\/pages"}],"about":[{"href":"https:\/\/wordpress.ft.unicamp.br\/lie\/wp-json\/wp\/v2\/types\/page"}],"author":[{"embeddable":true,"href":"https:\/\/wordpress.ft.unicamp.br\/lie\/wp-json\/wp\/v2\/users\/1"}],"replies":[{"embeddable":true,"href":"https:\/\/wordpress.ft.unicamp.br\/lie\/wp-json\/wp\/v2\/comments?post=6"}],"version-history":[{"count":5,"href":"https:\/\/wordpress.ft.unicamp.br\/lie\/wp-json\/wp\/v2\/pages\/6\/revisions"}],"predecessor-version":[{"id":368,"href":"https:\/\/wordpress.ft.unicamp.br\/lie\/wp-json\/wp\/v2\/pages\/6\/revisions\/368"}],"wp:featuredmedia":[{"embeddable":true,"href":"https:\/\/wordpress.ft.unicamp.br\/lie\/wp-json\/wp\/v2\/media\/313"}],"wp:attachment":[{"href":"https:\/\/wordpress.ft.unicamp.br\/lie\/wp-json\/wp\/v2\/media?parent=6"}],"curies":[{"name":"wp","href":"https:\/\/api.w.org\/{rel}","templated":true}]}}