{"id":66,"date":"2014-03-20T13:52:53","date_gmt":"2014-03-20T16:52:53","guid":{"rendered":"http:\/\/www.ft.unicamp.br\/lie\/?page_id=66"},"modified":"2017-09-06T11:16:21","modified_gmt":"2017-09-06T11:16:21","slug":"eixos-do-plano-cartesiano","status":"publish","type":"page","link":"https:\/\/wordpress.ft.unicamp.br\/lie\/montagens-2\/eixos-do-plano-cartesiano\/","title":{"rendered":"Eixos Plano Cartesiano"},"content":{"rendered":"<p style=\"text-align: center\"><img fetchpriority=\"high\" decoding=\"async\" class=\"size-medium wp-image-296 alignleft\" src=\"http:\/\/wordpress.ft.unicamp.br\/lie\/wp-content\/uploads\/sites\/19\/2017\/09\/IMG_20140313_105046635-169x300.jpg\" alt=\"\" width=\"169\" height=\"300\" srcset=\"https:\/\/wordpress.ft.unicamp.br\/lie\/wp-content\/uploads\/sites\/19\/2017\/09\/IMG_20140313_105046635-169x300.jpg 169w, https:\/\/wordpress.ft.unicamp.br\/lie\/wp-content\/uploads\/sites\/19\/2017\/09\/IMG_20140313_105046635-768x1367.jpg 768w, https:\/\/wordpress.ft.unicamp.br\/lie\/wp-content\/uploads\/sites\/19\/2017\/09\/IMG_20140313_105046635-575x1024.jpg 575w, https:\/\/wordpress.ft.unicamp.br\/lie\/wp-content\/uploads\/sites\/19\/2017\/09\/IMG_20140313_105046635.jpg 1456w\" sizes=\"(max-width: 169px) 100vw, 169px\" \/><\/p>\n<p style=\"text-align: left\">Mostrar de maneira simples os vetores do plano cartesiano de 3 dimens\u00f5es.<\/p>\n<p style=\"text-align: left\">\n","protected":false},"excerpt":{"rendered":"<p>Mostrar de maneira simples os vetores do plano cartesiano de 3 dimens\u00f5es.<\/p>\n","protected":false},"author":1,"featured_media":0,"parent":59,"menu_order":14,"comment_status":"closed","ping_status":"closed","template":"","meta":{"footnotes":""},"class_list":["post-66","page","type-page","status-publish","hentry"],"yoast_head":"<!-- This site is optimized with the Yoast SEO plugin v27.5 - https:\/\/yoast.com\/product\/yoast-seo-wordpress\/ -->\n<title>Eixos Plano Cartesiano - Laborat\u00f3rio de Instrumenta\u00e7\u00e3o para o Ensino (LIE)<\/title>\n<meta name=\"robots\" content=\"index, follow, max-snippet:-1, max-image-preview:large, max-video-preview:-1\" \/>\n<link rel=\"canonical\" href=\"https:\/\/wordpress.ft.unicamp.br\/lie\/montagens-2\/eixos-do-plano-cartesiano\/\" \/>\n<meta property=\"og:locale\" content=\"pt_BR\" \/>\n<meta property=\"og:type\" content=\"article\" \/>\n<meta property=\"og:title\" content=\"Eixos Plano Cartesiano - Laborat\u00f3rio de Instrumenta\u00e7\u00e3o para o Ensino (LIE)\" \/>\n<meta property=\"og:description\" content=\"Mostrar de maneira simples os vetores do plano cartesiano de 3 dimens\u00f5es.\" \/>\n<meta property=\"og:url\" content=\"https:\/\/wordpress.ft.unicamp.br\/lie\/montagens-2\/eixos-do-plano-cartesiano\/\" \/>\n<meta property=\"og:site_name\" content=\"Laborat\u00f3rio de Instrumenta\u00e7\u00e3o para o Ensino (LIE)\" \/>\n<meta property=\"article:modified_time\" content=\"2017-09-06T11:16:21+00:00\" \/>\n<meta property=\"og:image\" content=\"http:\/\/wordpress.ft.unicamp.br\/lie\/wp-content\/uploads\/sites\/19\/2017\/09\/IMG_20140313_105046635-169x300.jpg\" \/>\n<meta name=\"twitter:card\" content=\"summary_large_image\" \/>\n<script type=\"application\/ld+json\" class=\"yoast-schema-graph\">{\"@context\":\"https:\\\/\\\/schema.org\",\"@graph\":[{\"@type\":\"WebPage\",\"@id\":\"https:\\\/\\\/wordpress.ft.unicamp.br\\\/lie\\\/montagens-2\\\/eixos-do-plano-cartesiano\\\/\",\"url\":\"https:\\\/\\\/wordpress.ft.unicamp.br\\\/lie\\\/montagens-2\\\/eixos-do-plano-cartesiano\\\/\",\"name\":\"Eixos Plano Cartesiano - Laborat\u00f3rio de Instrumenta\u00e7\u00e3o para o Ensino (LIE)\",\"isPartOf\":{\"@id\":\"https:\\\/\\\/wordpress.ft.unicamp.br\\\/lie\\\/#website\"},\"primaryImageOfPage\":{\"@id\":\"https:\\\/\\\/wordpress.ft.unicamp.br\\\/lie\\\/montagens-2\\\/eixos-do-plano-cartesiano\\\/#primaryimage\"},\"image\":{\"@id\":\"https:\\\/\\\/wordpress.ft.unicamp.br\\\/lie\\\/montagens-2\\\/eixos-do-plano-cartesiano\\\/#primaryimage\"},\"thumbnailUrl\":\"http:\\\/\\\/wordpress.ft.unicamp.br\\\/lie\\\/wp-content\\\/uploads\\\/sites\\\/19\\\/2017\\\/09\\\/IMG_20140313_105046635-169x300.jpg\",\"datePublished\":\"2014-03-20T16:52:53+00:00\",\"dateModified\":\"2017-09-06T11:16:21+00:00\",\"breadcrumb\":{\"@id\":\"https:\\\/\\\/wordpress.ft.unicamp.br\\\/lie\\\/montagens-2\\\/eixos-do-plano-cartesiano\\\/#breadcrumb\"},\"inLanguage\":\"pt-BR\",\"potentialAction\":[{\"@type\":\"ReadAction\",\"target\":[\"https:\\\/\\\/wordpress.ft.unicamp.br\\\/lie\\\/montagens-2\\\/eixos-do-plano-cartesiano\\\/\"]}]},{\"@type\":\"ImageObject\",\"inLanguage\":\"pt-BR\",\"@id\":\"https:\\\/\\\/wordpress.ft.unicamp.br\\\/lie\\\/montagens-2\\\/eixos-do-plano-cartesiano\\\/#primaryimage\",\"url\":\"https:\\\/\\\/wordpress.ft.unicamp.br\\\/lie\\\/wp-content\\\/uploads\\\/sites\\\/19\\\/2017\\\/09\\\/IMG_20140313_105046635.jpg\",\"contentUrl\":\"https:\\\/\\\/wordpress.ft.unicamp.br\\\/lie\\\/wp-content\\\/uploads\\\/sites\\\/19\\\/2017\\\/09\\\/IMG_20140313_105046635.jpg\",\"width\":1456,\"height\":2592},{\"@type\":\"BreadcrumbList\",\"@id\":\"https:\\\/\\\/wordpress.ft.unicamp.br\\\/lie\\\/montagens-2\\\/eixos-do-plano-cartesiano\\\/#breadcrumb\",\"itemListElement\":[{\"@type\":\"ListItem\",\"position\":1,\"name\":\"Home\",\"item\":\"https:\\\/\\\/wordpress.ft.unicamp.br\\\/lie\\\/\"},{\"@type\":\"ListItem\",\"position\":2,\"name\":\"Montagens\",\"item\":\"https:\\\/\\\/wordpress.ft.unicamp.br\\\/lie\\\/montagens-2\\\/\"},{\"@type\":\"ListItem\",\"position\":3,\"name\":\"Eixos Plano Cartesiano\"}]},{\"@type\":\"WebSite\",\"@id\":\"https:\\\/\\\/wordpress.ft.unicamp.br\\\/lie\\\/#website\",\"url\":\"https:\\\/\\\/wordpress.ft.unicamp.br\\\/lie\\\/\",\"name\":\"Laborat\u00f3rio de Instrumenta\u00e7\u00e3o para o Ensino (LIE)\",\"description\":\"\",\"potentialAction\":[{\"@type\":\"SearchAction\",\"target\":{\"@type\":\"EntryPoint\",\"urlTemplate\":\"https:\\\/\\\/wordpress.ft.unicamp.br\\\/lie\\\/?s={search_term_string}\"},\"query-input\":{\"@type\":\"PropertyValueSpecification\",\"valueRequired\":true,\"valueName\":\"search_term_string\"}}],\"inLanguage\":\"pt-BR\"}]}<\/script>\n<!-- \/ Yoast SEO plugin. -->","yoast_head_json":{"title":"Eixos Plano Cartesiano - Laborat\u00f3rio de Instrumenta\u00e7\u00e3o para o Ensino (LIE)","robots":{"index":"index","follow":"follow","max-snippet":"max-snippet:-1","max-image-preview":"max-image-preview:large","max-video-preview":"max-video-preview:-1"},"canonical":"https:\/\/wordpress.ft.unicamp.br\/lie\/montagens-2\/eixos-do-plano-cartesiano\/","og_locale":"pt_BR","og_type":"article","og_title":"Eixos Plano Cartesiano - Laborat\u00f3rio de Instrumenta\u00e7\u00e3o para o Ensino (LIE)","og_description":"Mostrar de maneira simples os vetores do plano cartesiano de 3 dimens\u00f5es.","og_url":"https:\/\/wordpress.ft.unicamp.br\/lie\/montagens-2\/eixos-do-plano-cartesiano\/","og_site_name":"Laborat\u00f3rio de Instrumenta\u00e7\u00e3o para o Ensino (LIE)","article_modified_time":"2017-09-06T11:16:21+00:00","og_image":[{"url":"http:\/\/wordpress.ft.unicamp.br\/lie\/wp-content\/uploads\/sites\/19\/2017\/09\/IMG_20140313_105046635-169x300.jpg","type":"","width":"","height":""}],"twitter_card":"summary_large_image","schema":{"@context":"https:\/\/schema.org","@graph":[{"@type":"WebPage","@id":"https:\/\/wordpress.ft.unicamp.br\/lie\/montagens-2\/eixos-do-plano-cartesiano\/","url":"https:\/\/wordpress.ft.unicamp.br\/lie\/montagens-2\/eixos-do-plano-cartesiano\/","name":"Eixos Plano Cartesiano - Laborat\u00f3rio de Instrumenta\u00e7\u00e3o para o Ensino (LIE)","isPartOf":{"@id":"https:\/\/wordpress.ft.unicamp.br\/lie\/#website"},"primaryImageOfPage":{"@id":"https:\/\/wordpress.ft.unicamp.br\/lie\/montagens-2\/eixos-do-plano-cartesiano\/#primaryimage"},"image":{"@id":"https:\/\/wordpress.ft.unicamp.br\/lie\/montagens-2\/eixos-do-plano-cartesiano\/#primaryimage"},"thumbnailUrl":"http:\/\/wordpress.ft.unicamp.br\/lie\/wp-content\/uploads\/sites\/19\/2017\/09\/IMG_20140313_105046635-169x300.jpg","datePublished":"2014-03-20T16:52:53+00:00","dateModified":"2017-09-06T11:16:21+00:00","breadcrumb":{"@id":"https:\/\/wordpress.ft.unicamp.br\/lie\/montagens-2\/eixos-do-plano-cartesiano\/#breadcrumb"},"inLanguage":"pt-BR","potentialAction":[{"@type":"ReadAction","target":["https:\/\/wordpress.ft.unicamp.br\/lie\/montagens-2\/eixos-do-plano-cartesiano\/"]}]},{"@type":"ImageObject","inLanguage":"pt-BR","@id":"https:\/\/wordpress.ft.unicamp.br\/lie\/montagens-2\/eixos-do-plano-cartesiano\/#primaryimage","url":"https:\/\/wordpress.ft.unicamp.br\/lie\/wp-content\/uploads\/sites\/19\/2017\/09\/IMG_20140313_105046635.jpg","contentUrl":"https:\/\/wordpress.ft.unicamp.br\/lie\/wp-content\/uploads\/sites\/19\/2017\/09\/IMG_20140313_105046635.jpg","width":1456,"height":2592},{"@type":"BreadcrumbList","@id":"https:\/\/wordpress.ft.unicamp.br\/lie\/montagens-2\/eixos-do-plano-cartesiano\/#breadcrumb","itemListElement":[{"@type":"ListItem","position":1,"name":"Home","item":"https:\/\/wordpress.ft.unicamp.br\/lie\/"},{"@type":"ListItem","position":2,"name":"Montagens","item":"https:\/\/wordpress.ft.unicamp.br\/lie\/montagens-2\/"},{"@type":"ListItem","position":3,"name":"Eixos Plano Cartesiano"}]},{"@type":"WebSite","@id":"https:\/\/wordpress.ft.unicamp.br\/lie\/#website","url":"https:\/\/wordpress.ft.unicamp.br\/lie\/","name":"Laborat\u00f3rio de Instrumenta\u00e7\u00e3o para o Ensino (LIE)","description":"","potentialAction":[{"@type":"SearchAction","target":{"@type":"EntryPoint","urlTemplate":"https:\/\/wordpress.ft.unicamp.br\/lie\/?s={search_term_string}"},"query-input":{"@type":"PropertyValueSpecification","valueRequired":true,"valueName":"search_term_string"}}],"inLanguage":"pt-BR"}]}},"_links":{"self":[{"href":"https:\/\/wordpress.ft.unicamp.br\/lie\/wp-json\/wp\/v2\/pages\/66","targetHints":{"allow":["GET"]}}],"collection":[{"href":"https:\/\/wordpress.ft.unicamp.br\/lie\/wp-json\/wp\/v2\/pages"}],"about":[{"href":"https:\/\/wordpress.ft.unicamp.br\/lie\/wp-json\/wp\/v2\/types\/page"}],"author":[{"embeddable":true,"href":"https:\/\/wordpress.ft.unicamp.br\/lie\/wp-json\/wp\/v2\/users\/1"}],"replies":[{"embeddable":true,"href":"https:\/\/wordpress.ft.unicamp.br\/lie\/wp-json\/wp\/v2\/comments?post=66"}],"version-history":[{"count":2,"href":"https:\/\/wordpress.ft.unicamp.br\/lie\/wp-json\/wp\/v2\/pages\/66\/revisions"}],"predecessor-version":[{"id":330,"href":"https:\/\/wordpress.ft.unicamp.br\/lie\/wp-json\/wp\/v2\/pages\/66\/revisions\/330"}],"up":[{"embeddable":true,"href":"https:\/\/wordpress.ft.unicamp.br\/lie\/wp-json\/wp\/v2\/pages\/59"}],"wp:attachment":[{"href":"https:\/\/wordpress.ft.unicamp.br\/lie\/wp-json\/wp\/v2\/media?parent=66"}],"curies":[{"name":"wp","href":"https:\/\/api.w.org\/{rel}","templated":true}]}}