{"id":69,"date":"2014-03-20T14:30:11","date_gmt":"2014-03-20T17:30:11","guid":{"rendered":"http:\/\/www.ft.unicamp.br\/lie\/?page_id=69"},"modified":"2017-09-06T11:08:42","modified_gmt":"2017-09-06T11:08:42","slug":"projeto-3","status":"publish","type":"page","link":"https:\/\/wordpress.ft.unicamp.br\/lie\/montagens-2\/projeto-3\/","title":{"rendered":"Conserva\u00e7\u00e3o de Momento Angular"},"content":{"rendered":"<p><img fetchpriority=\"high\" decoding=\"async\" class=\"size-medium wp-image-295 alignleft\" src=\"http:\/\/wordpress.ft.unicamp.br\/lie\/wp-content\/uploads\/sites\/19\/2017\/09\/IMG_20140313_105828112-169x300.jpg\" alt=\"\" width=\"169\" height=\"300\" srcset=\"https:\/\/wordpress.ft.unicamp.br\/lie\/wp-content\/uploads\/sites\/19\/2017\/09\/IMG_20140313_105828112-169x300.jpg 169w, https:\/\/wordpress.ft.unicamp.br\/lie\/wp-content\/uploads\/sites\/19\/2017\/09\/IMG_20140313_105828112-768x1367.jpg 768w, https:\/\/wordpress.ft.unicamp.br\/lie\/wp-content\/uploads\/sites\/19\/2017\/09\/IMG_20140313_105828112-575x1024.jpg 575w, https:\/\/wordpress.ft.unicamp.br\/lie\/wp-content\/uploads\/sites\/19\/2017\/09\/IMG_20140313_105828112.jpg 1456w\" sizes=\"(max-width: 169px) 100vw, 169px\" \/><\/p>\n<p>Permite demonstrar em experimento simples\u00a0a conserva\u00e7\u00e3o do momento angular.\u00a0A pessoa se senta em uma cadeira girat\u00f3ria, segurando a roda de bicicleta a sua frente, com o eixo da roda na vertical. Em seguida, \u00e9 necess\u00e1rio dar um impulso na roda at\u00e9 que a mesma comece a girar e em seguida a pessoa que est\u00e1 segurando a roda comece a girar no sentido oposto.<\/p>\n<p>Se o eixo da roda passar a ser horizontal, a cadeira e a pessoa que est\u00e1 segurando a roda diminuir\u00e3o a velocidade at\u00e9 pararem de girar.<\/p>\n","protected":false},"excerpt":{"rendered":"<p>Permite demonstrar em experimento simples\u00a0a conserva\u00e7\u00e3o do momento angular.\u00a0A pessoa se senta em uma cadeira girat\u00f3ria, segurando a roda de bicicleta a sua frente, com o eixo da roda na &hellip; <a class=\"readmore\" href=\"https:\/\/wordpress.ft.unicamp.br\/lie\/montagens-2\/projeto-3\/\">Continue Reading &rarr;<\/a><\/p>\n","protected":false},"author":1,"featured_media":0,"parent":59,"menu_order":3,"comment_status":"closed","ping_status":"closed","template":"","meta":{"footnotes":""},"class_list":["post-69","page","type-page","status-publish","hentry"],"yoast_head":"<!-- This site is optimized with the Yoast SEO plugin v27.3 - https:\/\/yoast.com\/product\/yoast-seo-wordpress\/ -->\n<title>Conserva\u00e7\u00e3o de Momento Angular - Laborat\u00f3rio de Instrumenta\u00e7\u00e3o para o Ensino (LIE)<\/title>\n<meta name=\"robots\" content=\"index, follow, max-snippet:-1, max-image-preview:large, max-video-preview:-1\" \/>\n<link rel=\"canonical\" href=\"https:\/\/wordpress.ft.unicamp.br\/lie\/montagens-2\/projeto-3\/\" \/>\n<meta property=\"og:locale\" content=\"pt_BR\" \/>\n<meta property=\"og:type\" content=\"article\" \/>\n<meta property=\"og:title\" content=\"Conserva\u00e7\u00e3o de Momento Angular - Laborat\u00f3rio de Instrumenta\u00e7\u00e3o para o Ensino (LIE)\" \/>\n<meta property=\"og:description\" content=\"Permite demonstrar em experimento simples\u00a0a conserva\u00e7\u00e3o do momento angular.\u00a0A pessoa se senta em uma cadeira girat\u00f3ria, segurando a roda de bicicleta a sua frente, com o eixo da roda na &hellip; Continue Reading &rarr;\" \/>\n<meta property=\"og:url\" content=\"https:\/\/wordpress.ft.unicamp.br\/lie\/montagens-2\/projeto-3\/\" \/>\n<meta property=\"og:site_name\" content=\"Laborat\u00f3rio de Instrumenta\u00e7\u00e3o para o Ensino (LIE)\" \/>\n<meta property=\"article:modified_time\" content=\"2017-09-06T11:08:42+00:00\" \/>\n<meta property=\"og:image\" content=\"http:\/\/wordpress.ft.unicamp.br\/lie\/wp-content\/uploads\/sites\/19\/2017\/09\/IMG_20140313_105828112-169x300.jpg\" \/>\n<meta name=\"twitter:card\" content=\"summary_large_image\" \/>\n<script type=\"application\/ld+json\" class=\"yoast-schema-graph\">{\"@context\":\"https:\\\/\\\/schema.org\",\"@graph\":[{\"@type\":\"WebPage\",\"@id\":\"https:\\\/\\\/wordpress.ft.unicamp.br\\\/lie\\\/montagens-2\\\/projeto-3\\\/\",\"url\":\"https:\\\/\\\/wordpress.ft.unicamp.br\\\/lie\\\/montagens-2\\\/projeto-3\\\/\",\"name\":\"Conserva\u00e7\u00e3o de Momento Angular - Laborat\u00f3rio de Instrumenta\u00e7\u00e3o para o Ensino (LIE)\",\"isPartOf\":{\"@id\":\"https:\\\/\\\/wordpress.ft.unicamp.br\\\/lie\\\/#website\"},\"primaryImageOfPage\":{\"@id\":\"https:\\\/\\\/wordpress.ft.unicamp.br\\\/lie\\\/montagens-2\\\/projeto-3\\\/#primaryimage\"},\"image\":{\"@id\":\"https:\\\/\\\/wordpress.ft.unicamp.br\\\/lie\\\/montagens-2\\\/projeto-3\\\/#primaryimage\"},\"thumbnailUrl\":\"http:\\\/\\\/wordpress.ft.unicamp.br\\\/lie\\\/wp-content\\\/uploads\\\/sites\\\/19\\\/2017\\\/09\\\/IMG_20140313_105828112-169x300.jpg\",\"datePublished\":\"2014-03-20T17:30:11+00:00\",\"dateModified\":\"2017-09-06T11:08:42+00:00\",\"breadcrumb\":{\"@id\":\"https:\\\/\\\/wordpress.ft.unicamp.br\\\/lie\\\/montagens-2\\\/projeto-3\\\/#breadcrumb\"},\"inLanguage\":\"pt-BR\",\"potentialAction\":[{\"@type\":\"ReadAction\",\"target\":[\"https:\\\/\\\/wordpress.ft.unicamp.br\\\/lie\\\/montagens-2\\\/projeto-3\\\/\"]}]},{\"@type\":\"ImageObject\",\"inLanguage\":\"pt-BR\",\"@id\":\"https:\\\/\\\/wordpress.ft.unicamp.br\\\/lie\\\/montagens-2\\\/projeto-3\\\/#primaryimage\",\"url\":\"https:\\\/\\\/wordpress.ft.unicamp.br\\\/lie\\\/wp-content\\\/uploads\\\/sites\\\/19\\\/2017\\\/09\\\/IMG_20140313_105828112.jpg\",\"contentUrl\":\"https:\\\/\\\/wordpress.ft.unicamp.br\\\/lie\\\/wp-content\\\/uploads\\\/sites\\\/19\\\/2017\\\/09\\\/IMG_20140313_105828112.jpg\",\"width\":1456,\"height\":2592},{\"@type\":\"BreadcrumbList\",\"@id\":\"https:\\\/\\\/wordpress.ft.unicamp.br\\\/lie\\\/montagens-2\\\/projeto-3\\\/#breadcrumb\",\"itemListElement\":[{\"@type\":\"ListItem\",\"position\":1,\"name\":\"Home\",\"item\":\"https:\\\/\\\/wordpress.ft.unicamp.br\\\/lie\\\/\"},{\"@type\":\"ListItem\",\"position\":2,\"name\":\"Montagens\",\"item\":\"https:\\\/\\\/wordpress.ft.unicamp.br\\\/lie\\\/montagens-2\\\/\"},{\"@type\":\"ListItem\",\"position\":3,\"name\":\"Conserva\u00e7\u00e3o de Momento Angular\"}]},{\"@type\":\"WebSite\",\"@id\":\"https:\\\/\\\/wordpress.ft.unicamp.br\\\/lie\\\/#website\",\"url\":\"https:\\\/\\\/wordpress.ft.unicamp.br\\\/lie\\\/\",\"name\":\"Laborat\u00f3rio de Instrumenta\u00e7\u00e3o para o Ensino (LIE)\",\"description\":\"\",\"potentialAction\":[{\"@type\":\"SearchAction\",\"target\":{\"@type\":\"EntryPoint\",\"urlTemplate\":\"https:\\\/\\\/wordpress.ft.unicamp.br\\\/lie\\\/?s={search_term_string}\"},\"query-input\":{\"@type\":\"PropertyValueSpecification\",\"valueRequired\":true,\"valueName\":\"search_term_string\"}}],\"inLanguage\":\"pt-BR\"}]}<\/script>\n<!-- \/ Yoast SEO plugin. -->","yoast_head_json":{"title":"Conserva\u00e7\u00e3o de Momento Angular - Laborat\u00f3rio de Instrumenta\u00e7\u00e3o para o Ensino (LIE)","robots":{"index":"index","follow":"follow","max-snippet":"max-snippet:-1","max-image-preview":"max-image-preview:large","max-video-preview":"max-video-preview:-1"},"canonical":"https:\/\/wordpress.ft.unicamp.br\/lie\/montagens-2\/projeto-3\/","og_locale":"pt_BR","og_type":"article","og_title":"Conserva\u00e7\u00e3o de Momento Angular - Laborat\u00f3rio de Instrumenta\u00e7\u00e3o para o Ensino (LIE)","og_description":"Permite demonstrar em experimento simples\u00a0a conserva\u00e7\u00e3o do momento angular.\u00a0A pessoa se senta em uma cadeira girat\u00f3ria, segurando a roda de bicicleta a sua frente, com o eixo da roda na &hellip; Continue Reading &rarr;","og_url":"https:\/\/wordpress.ft.unicamp.br\/lie\/montagens-2\/projeto-3\/","og_site_name":"Laborat\u00f3rio de Instrumenta\u00e7\u00e3o para o Ensino (LIE)","article_modified_time":"2017-09-06T11:08:42+00:00","og_image":[{"url":"http:\/\/wordpress.ft.unicamp.br\/lie\/wp-content\/uploads\/sites\/19\/2017\/09\/IMG_20140313_105828112-169x300.jpg","type":"","width":"","height":""}],"twitter_card":"summary_large_image","schema":{"@context":"https:\/\/schema.org","@graph":[{"@type":"WebPage","@id":"https:\/\/wordpress.ft.unicamp.br\/lie\/montagens-2\/projeto-3\/","url":"https:\/\/wordpress.ft.unicamp.br\/lie\/montagens-2\/projeto-3\/","name":"Conserva\u00e7\u00e3o de Momento Angular - Laborat\u00f3rio de Instrumenta\u00e7\u00e3o para o Ensino (LIE)","isPartOf":{"@id":"https:\/\/wordpress.ft.unicamp.br\/lie\/#website"},"primaryImageOfPage":{"@id":"https:\/\/wordpress.ft.unicamp.br\/lie\/montagens-2\/projeto-3\/#primaryimage"},"image":{"@id":"https:\/\/wordpress.ft.unicamp.br\/lie\/montagens-2\/projeto-3\/#primaryimage"},"thumbnailUrl":"http:\/\/wordpress.ft.unicamp.br\/lie\/wp-content\/uploads\/sites\/19\/2017\/09\/IMG_20140313_105828112-169x300.jpg","datePublished":"2014-03-20T17:30:11+00:00","dateModified":"2017-09-06T11:08:42+00:00","breadcrumb":{"@id":"https:\/\/wordpress.ft.unicamp.br\/lie\/montagens-2\/projeto-3\/#breadcrumb"},"inLanguage":"pt-BR","potentialAction":[{"@type":"ReadAction","target":["https:\/\/wordpress.ft.unicamp.br\/lie\/montagens-2\/projeto-3\/"]}]},{"@type":"ImageObject","inLanguage":"pt-BR","@id":"https:\/\/wordpress.ft.unicamp.br\/lie\/montagens-2\/projeto-3\/#primaryimage","url":"https:\/\/wordpress.ft.unicamp.br\/lie\/wp-content\/uploads\/sites\/19\/2017\/09\/IMG_20140313_105828112.jpg","contentUrl":"https:\/\/wordpress.ft.unicamp.br\/lie\/wp-content\/uploads\/sites\/19\/2017\/09\/IMG_20140313_105828112.jpg","width":1456,"height":2592},{"@type":"BreadcrumbList","@id":"https:\/\/wordpress.ft.unicamp.br\/lie\/montagens-2\/projeto-3\/#breadcrumb","itemListElement":[{"@type":"ListItem","position":1,"name":"Home","item":"https:\/\/wordpress.ft.unicamp.br\/lie\/"},{"@type":"ListItem","position":2,"name":"Montagens","item":"https:\/\/wordpress.ft.unicamp.br\/lie\/montagens-2\/"},{"@type":"ListItem","position":3,"name":"Conserva\u00e7\u00e3o de Momento Angular"}]},{"@type":"WebSite","@id":"https:\/\/wordpress.ft.unicamp.br\/lie\/#website","url":"https:\/\/wordpress.ft.unicamp.br\/lie\/","name":"Laborat\u00f3rio de Instrumenta\u00e7\u00e3o para o Ensino (LIE)","description":"","potentialAction":[{"@type":"SearchAction","target":{"@type":"EntryPoint","urlTemplate":"https:\/\/wordpress.ft.unicamp.br\/lie\/?s={search_term_string}"},"query-input":{"@type":"PropertyValueSpecification","valueRequired":true,"valueName":"search_term_string"}}],"inLanguage":"pt-BR"}]}},"_links":{"self":[{"href":"https:\/\/wordpress.ft.unicamp.br\/lie\/wp-json\/wp\/v2\/pages\/69","targetHints":{"allow":["GET"]}}],"collection":[{"href":"https:\/\/wordpress.ft.unicamp.br\/lie\/wp-json\/wp\/v2\/pages"}],"about":[{"href":"https:\/\/wordpress.ft.unicamp.br\/lie\/wp-json\/wp\/v2\/types\/page"}],"author":[{"embeddable":true,"href":"https:\/\/wordpress.ft.unicamp.br\/lie\/wp-json\/wp\/v2\/users\/1"}],"replies":[{"embeddable":true,"href":"https:\/\/wordpress.ft.unicamp.br\/lie\/wp-json\/wp\/v2\/comments?post=69"}],"version-history":[{"count":1,"href":"https:\/\/wordpress.ft.unicamp.br\/lie\/wp-json\/wp\/v2\/pages\/69\/revisions"}],"predecessor-version":[{"id":320,"href":"https:\/\/wordpress.ft.unicamp.br\/lie\/wp-json\/wp\/v2\/pages\/69\/revisions\/320"}],"up":[{"embeddable":true,"href":"https:\/\/wordpress.ft.unicamp.br\/lie\/wp-json\/wp\/v2\/pages\/59"}],"wp:attachment":[{"href":"https:\/\/wordpress.ft.unicamp.br\/lie\/wp-json\/wp\/v2\/media?parent=69"}],"curies":[{"name":"wp","href":"https:\/\/api.w.org\/{rel}","templated":true}]}}