{"id":77,"date":"2014-03-20T16:08:54","date_gmt":"2014-03-20T19:08:54","guid":{"rendered":"http:\/\/www.ft.unicamp.br\/lie\/?page_id=77"},"modified":"2017-09-06T11:19:00","modified_gmt":"2017-09-06T11:19:00","slug":"queda-livre","status":"publish","type":"page","link":"https:\/\/wordpress.ft.unicamp.br\/lie\/montagens-2\/queda-livre\/","title":{"rendered":"Queda Livre"},"content":{"rendered":"<p style=\"text-align: center\"><img fetchpriority=\"high\" decoding=\"async\" class=\"size-medium wp-image-299 alignleft\" src=\"http:\/\/wordpress.ft.unicamp.br\/lie\/wp-content\/uploads\/sites\/19\/2017\/09\/IMG_20140313_104855072-1-169x300.jpg\" alt=\"\" width=\"169\" height=\"300\" srcset=\"https:\/\/wordpress.ft.unicamp.br\/lie\/wp-content\/uploads\/sites\/19\/2017\/09\/IMG_20140313_104855072-1-169x300.jpg 169w, https:\/\/wordpress.ft.unicamp.br\/lie\/wp-content\/uploads\/sites\/19\/2017\/09\/IMG_20140313_104855072-1-768x1367.jpg 768w, https:\/\/wordpress.ft.unicamp.br\/lie\/wp-content\/uploads\/sites\/19\/2017\/09\/IMG_20140313_104855072-1-575x1024.jpg 575w, https:\/\/wordpress.ft.unicamp.br\/lie\/wp-content\/uploads\/sites\/19\/2017\/09\/IMG_20140313_104855072-1.jpg 1456w\" sizes=\"(max-width: 169px) 100vw, 169px\" \/><\/p>\n<p style=\"text-align: left\">Essa montagem permite a estudar o movimento de queda livre dos corpos. Detalhes em\u00a0<a href=\"http:\/\/www.sbfisica.org.br\/rbef\/pdf\/352506.pdf\">Ilustra\u00e7\u00e3o de incertezas em medidas utilizando experimentos de queda livre\u00a0<\/a>(Revista Brasileira de Ensino de F\u00edsica, 2012).<\/p>\n","protected":false},"excerpt":{"rendered":"<p>Essa montagem permite a estudar o movimento de queda livre dos corpos. Detalhes em\u00a0Ilustra\u00e7\u00e3o de incertezas em medidas utilizando experimentos de queda livre\u00a0(Revista Brasileira de Ensino de F\u00edsica, 2012).<\/p>\n","protected":false},"author":1,"featured_media":0,"parent":59,"menu_order":10,"comment_status":"closed","ping_status":"closed","template":"","meta":{"footnotes":""},"class_list":["post-77","page","type-page","status-publish","hentry"],"yoast_head":"<!-- This site is optimized with the Yoast SEO plugin v27.3 - https:\/\/yoast.com\/product\/yoast-seo-wordpress\/ -->\n<title>Queda Livre - Laborat\u00f3rio de Instrumenta\u00e7\u00e3o para o Ensino (LIE)<\/title>\n<meta name=\"robots\" content=\"index, follow, max-snippet:-1, max-image-preview:large, max-video-preview:-1\" \/>\n<link rel=\"canonical\" href=\"https:\/\/wordpress.ft.unicamp.br\/lie\/montagens-2\/queda-livre\/\" \/>\n<meta property=\"og:locale\" content=\"pt_BR\" \/>\n<meta property=\"og:type\" content=\"article\" \/>\n<meta property=\"og:title\" content=\"Queda Livre - Laborat\u00f3rio de Instrumenta\u00e7\u00e3o para o Ensino (LIE)\" \/>\n<meta property=\"og:description\" content=\"Essa montagem permite a estudar o movimento de queda livre dos corpos. Detalhes em\u00a0Ilustra\u00e7\u00e3o de incertezas em medidas utilizando experimentos de queda livre\u00a0(Revista Brasileira de Ensino de F\u00edsica, 2012).\" \/>\n<meta property=\"og:url\" content=\"https:\/\/wordpress.ft.unicamp.br\/lie\/montagens-2\/queda-livre\/\" \/>\n<meta property=\"og:site_name\" content=\"Laborat\u00f3rio de Instrumenta\u00e7\u00e3o para o Ensino (LIE)\" \/>\n<meta property=\"article:modified_time\" content=\"2017-09-06T11:19:00+00:00\" \/>\n<meta property=\"og:image\" content=\"http:\/\/wordpress.ft.unicamp.br\/lie\/wp-content\/uploads\/sites\/19\/2017\/09\/IMG_20140313_104855072-1-169x300.jpg\" \/>\n<meta name=\"twitter:card\" content=\"summary_large_image\" \/>\n<script type=\"application\/ld+json\" class=\"yoast-schema-graph\">{\"@context\":\"https:\\\/\\\/schema.org\",\"@graph\":[{\"@type\":\"WebPage\",\"@id\":\"https:\\\/\\\/wordpress.ft.unicamp.br\\\/lie\\\/montagens-2\\\/queda-livre\\\/\",\"url\":\"https:\\\/\\\/wordpress.ft.unicamp.br\\\/lie\\\/montagens-2\\\/queda-livre\\\/\",\"name\":\"Queda Livre - Laborat\u00f3rio de Instrumenta\u00e7\u00e3o para o Ensino (LIE)\",\"isPartOf\":{\"@id\":\"https:\\\/\\\/wordpress.ft.unicamp.br\\\/lie\\\/#website\"},\"primaryImageOfPage\":{\"@id\":\"https:\\\/\\\/wordpress.ft.unicamp.br\\\/lie\\\/montagens-2\\\/queda-livre\\\/#primaryimage\"},\"image\":{\"@id\":\"https:\\\/\\\/wordpress.ft.unicamp.br\\\/lie\\\/montagens-2\\\/queda-livre\\\/#primaryimage\"},\"thumbnailUrl\":\"http:\\\/\\\/wordpress.ft.unicamp.br\\\/lie\\\/wp-content\\\/uploads\\\/sites\\\/19\\\/2017\\\/09\\\/IMG_20140313_104855072-1-169x300.jpg\",\"datePublished\":\"2014-03-20T19:08:54+00:00\",\"dateModified\":\"2017-09-06T11:19:00+00:00\",\"breadcrumb\":{\"@id\":\"https:\\\/\\\/wordpress.ft.unicamp.br\\\/lie\\\/montagens-2\\\/queda-livre\\\/#breadcrumb\"},\"inLanguage\":\"pt-BR\",\"potentialAction\":[{\"@type\":\"ReadAction\",\"target\":[\"https:\\\/\\\/wordpress.ft.unicamp.br\\\/lie\\\/montagens-2\\\/queda-livre\\\/\"]}]},{\"@type\":\"ImageObject\",\"inLanguage\":\"pt-BR\",\"@id\":\"https:\\\/\\\/wordpress.ft.unicamp.br\\\/lie\\\/montagens-2\\\/queda-livre\\\/#primaryimage\",\"url\":\"https:\\\/\\\/wordpress.ft.unicamp.br\\\/lie\\\/wp-content\\\/uploads\\\/sites\\\/19\\\/2017\\\/09\\\/IMG_20140313_104855072-1.jpg\",\"contentUrl\":\"https:\\\/\\\/wordpress.ft.unicamp.br\\\/lie\\\/wp-content\\\/uploads\\\/sites\\\/19\\\/2017\\\/09\\\/IMG_20140313_104855072-1.jpg\",\"width\":1456,\"height\":2592},{\"@type\":\"BreadcrumbList\",\"@id\":\"https:\\\/\\\/wordpress.ft.unicamp.br\\\/lie\\\/montagens-2\\\/queda-livre\\\/#breadcrumb\",\"itemListElement\":[{\"@type\":\"ListItem\",\"position\":1,\"name\":\"Home\",\"item\":\"https:\\\/\\\/wordpress.ft.unicamp.br\\\/lie\\\/\"},{\"@type\":\"ListItem\",\"position\":2,\"name\":\"Montagens\",\"item\":\"https:\\\/\\\/wordpress.ft.unicamp.br\\\/lie\\\/montagens-2\\\/\"},{\"@type\":\"ListItem\",\"position\":3,\"name\":\"Queda Livre\"}]},{\"@type\":\"WebSite\",\"@id\":\"https:\\\/\\\/wordpress.ft.unicamp.br\\\/lie\\\/#website\",\"url\":\"https:\\\/\\\/wordpress.ft.unicamp.br\\\/lie\\\/\",\"name\":\"Laborat\u00f3rio de Instrumenta\u00e7\u00e3o para o Ensino (LIE)\",\"description\":\"\",\"potentialAction\":[{\"@type\":\"SearchAction\",\"target\":{\"@type\":\"EntryPoint\",\"urlTemplate\":\"https:\\\/\\\/wordpress.ft.unicamp.br\\\/lie\\\/?s={search_term_string}\"},\"query-input\":{\"@type\":\"PropertyValueSpecification\",\"valueRequired\":true,\"valueName\":\"search_term_string\"}}],\"inLanguage\":\"pt-BR\"}]}<\/script>\n<!-- \/ Yoast SEO plugin. -->","yoast_head_json":{"title":"Queda Livre - Laborat\u00f3rio de Instrumenta\u00e7\u00e3o para o Ensino (LIE)","robots":{"index":"index","follow":"follow","max-snippet":"max-snippet:-1","max-image-preview":"max-image-preview:large","max-video-preview":"max-video-preview:-1"},"canonical":"https:\/\/wordpress.ft.unicamp.br\/lie\/montagens-2\/queda-livre\/","og_locale":"pt_BR","og_type":"article","og_title":"Queda Livre - Laborat\u00f3rio de Instrumenta\u00e7\u00e3o para o Ensino (LIE)","og_description":"Essa montagem permite a estudar o movimento de queda livre dos corpos. Detalhes em\u00a0Ilustra\u00e7\u00e3o de incertezas em medidas utilizando experimentos de queda livre\u00a0(Revista Brasileira de Ensino de F\u00edsica, 2012).","og_url":"https:\/\/wordpress.ft.unicamp.br\/lie\/montagens-2\/queda-livre\/","og_site_name":"Laborat\u00f3rio de Instrumenta\u00e7\u00e3o para o Ensino (LIE)","article_modified_time":"2017-09-06T11:19:00+00:00","og_image":[{"url":"http:\/\/wordpress.ft.unicamp.br\/lie\/wp-content\/uploads\/sites\/19\/2017\/09\/IMG_20140313_104855072-1-169x300.jpg","type":"","width":"","height":""}],"twitter_card":"summary_large_image","schema":{"@context":"https:\/\/schema.org","@graph":[{"@type":"WebPage","@id":"https:\/\/wordpress.ft.unicamp.br\/lie\/montagens-2\/queda-livre\/","url":"https:\/\/wordpress.ft.unicamp.br\/lie\/montagens-2\/queda-livre\/","name":"Queda Livre - Laborat\u00f3rio de Instrumenta\u00e7\u00e3o para o Ensino (LIE)","isPartOf":{"@id":"https:\/\/wordpress.ft.unicamp.br\/lie\/#website"},"primaryImageOfPage":{"@id":"https:\/\/wordpress.ft.unicamp.br\/lie\/montagens-2\/queda-livre\/#primaryimage"},"image":{"@id":"https:\/\/wordpress.ft.unicamp.br\/lie\/montagens-2\/queda-livre\/#primaryimage"},"thumbnailUrl":"http:\/\/wordpress.ft.unicamp.br\/lie\/wp-content\/uploads\/sites\/19\/2017\/09\/IMG_20140313_104855072-1-169x300.jpg","datePublished":"2014-03-20T19:08:54+00:00","dateModified":"2017-09-06T11:19:00+00:00","breadcrumb":{"@id":"https:\/\/wordpress.ft.unicamp.br\/lie\/montagens-2\/queda-livre\/#breadcrumb"},"inLanguage":"pt-BR","potentialAction":[{"@type":"ReadAction","target":["https:\/\/wordpress.ft.unicamp.br\/lie\/montagens-2\/queda-livre\/"]}]},{"@type":"ImageObject","inLanguage":"pt-BR","@id":"https:\/\/wordpress.ft.unicamp.br\/lie\/montagens-2\/queda-livre\/#primaryimage","url":"https:\/\/wordpress.ft.unicamp.br\/lie\/wp-content\/uploads\/sites\/19\/2017\/09\/IMG_20140313_104855072-1.jpg","contentUrl":"https:\/\/wordpress.ft.unicamp.br\/lie\/wp-content\/uploads\/sites\/19\/2017\/09\/IMG_20140313_104855072-1.jpg","width":1456,"height":2592},{"@type":"BreadcrumbList","@id":"https:\/\/wordpress.ft.unicamp.br\/lie\/montagens-2\/queda-livre\/#breadcrumb","itemListElement":[{"@type":"ListItem","position":1,"name":"Home","item":"https:\/\/wordpress.ft.unicamp.br\/lie\/"},{"@type":"ListItem","position":2,"name":"Montagens","item":"https:\/\/wordpress.ft.unicamp.br\/lie\/montagens-2\/"},{"@type":"ListItem","position":3,"name":"Queda Livre"}]},{"@type":"WebSite","@id":"https:\/\/wordpress.ft.unicamp.br\/lie\/#website","url":"https:\/\/wordpress.ft.unicamp.br\/lie\/","name":"Laborat\u00f3rio de Instrumenta\u00e7\u00e3o para o Ensino (LIE)","description":"","potentialAction":[{"@type":"SearchAction","target":{"@type":"EntryPoint","urlTemplate":"https:\/\/wordpress.ft.unicamp.br\/lie\/?s={search_term_string}"},"query-input":{"@type":"PropertyValueSpecification","valueRequired":true,"valueName":"search_term_string"}}],"inLanguage":"pt-BR"}]}},"_links":{"self":[{"href":"https:\/\/wordpress.ft.unicamp.br\/lie\/wp-json\/wp\/v2\/pages\/77","targetHints":{"allow":["GET"]}}],"collection":[{"href":"https:\/\/wordpress.ft.unicamp.br\/lie\/wp-json\/wp\/v2\/pages"}],"about":[{"href":"https:\/\/wordpress.ft.unicamp.br\/lie\/wp-json\/wp\/v2\/types\/page"}],"author":[{"embeddable":true,"href":"https:\/\/wordpress.ft.unicamp.br\/lie\/wp-json\/wp\/v2\/users\/1"}],"replies":[{"embeddable":true,"href":"https:\/\/wordpress.ft.unicamp.br\/lie\/wp-json\/wp\/v2\/comments?post=77"}],"version-history":[{"count":2,"href":"https:\/\/wordpress.ft.unicamp.br\/lie\/wp-json\/wp\/v2\/pages\/77\/revisions"}],"predecessor-version":[{"id":332,"href":"https:\/\/wordpress.ft.unicamp.br\/lie\/wp-json\/wp\/v2\/pages\/77\/revisions\/332"}],"up":[{"embeddable":true,"href":"https:\/\/wordpress.ft.unicamp.br\/lie\/wp-json\/wp\/v2\/pages\/59"}],"wp:attachment":[{"href":"https:\/\/wordpress.ft.unicamp.br\/lie\/wp-json\/wp\/v2\/media?parent=77"}],"curies":[{"name":"wp","href":"https:\/\/api.w.org\/{rel}","templated":true}]}}