{"id":9,"date":"2014-03-07T14:05:17","date_gmt":"2014-03-07T14:05:17","guid":{"rendered":"http:\/\/www.ft.unicamp.br\/lie\/?page_id=9"},"modified":"2017-09-06T12:23:18","modified_gmt":"2017-09-06T12:23:18","slug":"equipamento","status":"publish","type":"page","link":"https:\/\/wordpress.ft.unicamp.br\/lie\/equipamento\/","title":{"rendered":"Equipamentos"},"content":{"rendered":"<p>Os seguintes equipamentos est\u00e3o dispon\u00edveis:<\/p>\n<ul>\n<li>Mult\u00edmetro digital<\/li>\n<li>Kit de Ferramentas Manuais 160 Pe\u00e7as<\/li>\n<li>Contador digital<\/li>\n<li>Bomba manual de v\u00e1cuo<\/li>\n<li>Balan\u00e7a eletr\u00f4nica 200 g (precis\u00e3o 0.1 g)<\/li>\n<li>Gerador de onda senoidal<\/li>\n<li>Transformador 12 V, 25 W (115 V)<\/li>\n<li>Balan\u00e7a de press\u00e3o<\/li>\n<li>Fonte de alimenta\u00e7\u00e3o (115V)<\/li>\n<li>Medidor de n\u00edvel de som, digital<\/li>\n<li>Medidor de alturas 1m<\/li>\n<li>Protoboard &#8211; MP-2420 &#8211; 2420 Furos<\/li>\n<li>Placas Arduino<\/li>\n<\/ul>\n","protected":false},"excerpt":{"rendered":"<p>Os seguintes equipamentos est\u00e3o dispon\u00edveis: Mult\u00edmetro digital Kit de Ferramentas Manuais 160 Pe\u00e7as Contador digital Bomba manual de v\u00e1cuo Balan\u00e7a eletr\u00f4nica 200 g (precis\u00e3o 0.1 g) Gerador de onda senoidal &hellip; <a class=\"readmore\" href=\"https:\/\/wordpress.ft.unicamp.br\/lie\/equipamento\/\">Continue Reading &rarr;<\/a><\/p>\n","protected":false},"author":1,"featured_media":0,"parent":0,"menu_order":1,"comment_status":"closed","ping_status":"closed","template":"","meta":{"footnotes":""},"class_list":["post-9","page","type-page","status-publish","hentry"],"yoast_head":"<!-- This site is optimized with the Yoast SEO plugin v27.2 - https:\/\/yoast.com\/product\/yoast-seo-wordpress\/ -->\n<title>Equipamentos - Laborat\u00f3rio de Instrumenta\u00e7\u00e3o para o Ensino (LIE)<\/title>\n<meta name=\"robots\" content=\"index, follow, max-snippet:-1, max-image-preview:large, max-video-preview:-1\" \/>\n<link rel=\"canonical\" href=\"https:\/\/wordpress.ft.unicamp.br\/lie\/equipamento\/\" \/>\n<meta property=\"og:locale\" content=\"pt_BR\" \/>\n<meta property=\"og:type\" content=\"article\" \/>\n<meta property=\"og:title\" content=\"Equipamentos - Laborat\u00f3rio de Instrumenta\u00e7\u00e3o para o Ensino (LIE)\" \/>\n<meta property=\"og:description\" content=\"Os seguintes equipamentos est\u00e3o dispon\u00edveis: Mult\u00edmetro digital Kit de Ferramentas Manuais 160 Pe\u00e7as Contador digital Bomba manual de v\u00e1cuo Balan\u00e7a eletr\u00f4nica 200 g (precis\u00e3o 0.1 g) Gerador de onda senoidal &hellip; Continue Reading &rarr;\" \/>\n<meta property=\"og:url\" content=\"https:\/\/wordpress.ft.unicamp.br\/lie\/equipamento\/\" \/>\n<meta property=\"og:site_name\" content=\"Laborat\u00f3rio de Instrumenta\u00e7\u00e3o para o Ensino (LIE)\" \/>\n<meta property=\"article:modified_time\" content=\"2017-09-06T12:23:18+00:00\" \/>\n<meta name=\"twitter:card\" content=\"summary_large_image\" \/>\n<script type=\"application\/ld+json\" class=\"yoast-schema-graph\">{\"@context\":\"https:\/\/schema.org\",\"@graph\":[{\"@type\":\"WebPage\",\"@id\":\"https:\/\/wordpress.ft.unicamp.br\/lie\/equipamento\/\",\"url\":\"https:\/\/wordpress.ft.unicamp.br\/lie\/equipamento\/\",\"name\":\"Equipamentos - Laborat\u00f3rio de Instrumenta\u00e7\u00e3o para o Ensino (LIE)\",\"isPartOf\":{\"@id\":\"https:\/\/wordpress.ft.unicamp.br\/lie\/#website\"},\"datePublished\":\"2014-03-07T14:05:17+00:00\",\"dateModified\":\"2017-09-06T12:23:18+00:00\",\"breadcrumb\":{\"@id\":\"https:\/\/wordpress.ft.unicamp.br\/lie\/equipamento\/#breadcrumb\"},\"inLanguage\":\"pt-BR\",\"potentialAction\":[{\"@type\":\"ReadAction\",\"target\":[\"https:\/\/wordpress.ft.unicamp.br\/lie\/equipamento\/\"]}]},{\"@type\":\"BreadcrumbList\",\"@id\":\"https:\/\/wordpress.ft.unicamp.br\/lie\/equipamento\/#breadcrumb\",\"itemListElement\":[{\"@type\":\"ListItem\",\"position\":1,\"name\":\"Home\",\"item\":\"https:\/\/wordpress.ft.unicamp.br\/lie\/\"},{\"@type\":\"ListItem\",\"position\":2,\"name\":\"Equipamentos\"}]},{\"@type\":\"WebSite\",\"@id\":\"https:\/\/wordpress.ft.unicamp.br\/lie\/#website\",\"url\":\"https:\/\/wordpress.ft.unicamp.br\/lie\/\",\"name\":\"Laborat\u00f3rio de Instrumenta\u00e7\u00e3o para o Ensino (LIE)\",\"description\":\"\",\"potentialAction\":[{\"@type\":\"SearchAction\",\"target\":{\"@type\":\"EntryPoint\",\"urlTemplate\":\"https:\/\/wordpress.ft.unicamp.br\/lie\/?s={search_term_string}\"},\"query-input\":{\"@type\":\"PropertyValueSpecification\",\"valueRequired\":true,\"valueName\":\"search_term_string\"}}],\"inLanguage\":\"pt-BR\"}]}<\/script>\n<!-- \/ Yoast SEO plugin. -->","yoast_head_json":{"title":"Equipamentos - Laborat\u00f3rio de Instrumenta\u00e7\u00e3o para o Ensino (LIE)","robots":{"index":"index","follow":"follow","max-snippet":"max-snippet:-1","max-image-preview":"max-image-preview:large","max-video-preview":"max-video-preview:-1"},"canonical":"https:\/\/wordpress.ft.unicamp.br\/lie\/equipamento\/","og_locale":"pt_BR","og_type":"article","og_title":"Equipamentos - Laborat\u00f3rio de Instrumenta\u00e7\u00e3o para o Ensino (LIE)","og_description":"Os seguintes equipamentos est\u00e3o dispon\u00edveis: Mult\u00edmetro digital Kit de Ferramentas Manuais 160 Pe\u00e7as Contador digital Bomba manual de v\u00e1cuo Balan\u00e7a eletr\u00f4nica 200 g (precis\u00e3o 0.1 g) Gerador de onda senoidal &hellip; Continue Reading &rarr;","og_url":"https:\/\/wordpress.ft.unicamp.br\/lie\/equipamento\/","og_site_name":"Laborat\u00f3rio de Instrumenta\u00e7\u00e3o para o Ensino (LIE)","article_modified_time":"2017-09-06T12:23:18+00:00","twitter_card":"summary_large_image","schema":{"@context":"https:\/\/schema.org","@graph":[{"@type":"WebPage","@id":"https:\/\/wordpress.ft.unicamp.br\/lie\/equipamento\/","url":"https:\/\/wordpress.ft.unicamp.br\/lie\/equipamento\/","name":"Equipamentos - Laborat\u00f3rio de Instrumenta\u00e7\u00e3o para o Ensino (LIE)","isPartOf":{"@id":"https:\/\/wordpress.ft.unicamp.br\/lie\/#website"},"datePublished":"2014-03-07T14:05:17+00:00","dateModified":"2017-09-06T12:23:18+00:00","breadcrumb":{"@id":"https:\/\/wordpress.ft.unicamp.br\/lie\/equipamento\/#breadcrumb"},"inLanguage":"pt-BR","potentialAction":[{"@type":"ReadAction","target":["https:\/\/wordpress.ft.unicamp.br\/lie\/equipamento\/"]}]},{"@type":"BreadcrumbList","@id":"https:\/\/wordpress.ft.unicamp.br\/lie\/equipamento\/#breadcrumb","itemListElement":[{"@type":"ListItem","position":1,"name":"Home","item":"https:\/\/wordpress.ft.unicamp.br\/lie\/"},{"@type":"ListItem","position":2,"name":"Equipamentos"}]},{"@type":"WebSite","@id":"https:\/\/wordpress.ft.unicamp.br\/lie\/#website","url":"https:\/\/wordpress.ft.unicamp.br\/lie\/","name":"Laborat\u00f3rio de Instrumenta\u00e7\u00e3o para o Ensino (LIE)","description":"","potentialAction":[{"@type":"SearchAction","target":{"@type":"EntryPoint","urlTemplate":"https:\/\/wordpress.ft.unicamp.br\/lie\/?s={search_term_string}"},"query-input":{"@type":"PropertyValueSpecification","valueRequired":true,"valueName":"search_term_string"}}],"inLanguage":"pt-BR"}]}},"_links":{"self":[{"href":"https:\/\/wordpress.ft.unicamp.br\/lie\/wp-json\/wp\/v2\/pages\/9","targetHints":{"allow":["GET"]}}],"collection":[{"href":"https:\/\/wordpress.ft.unicamp.br\/lie\/wp-json\/wp\/v2\/pages"}],"about":[{"href":"https:\/\/wordpress.ft.unicamp.br\/lie\/wp-json\/wp\/v2\/types\/page"}],"author":[{"embeddable":true,"href":"https:\/\/wordpress.ft.unicamp.br\/lie\/wp-json\/wp\/v2\/users\/1"}],"replies":[{"embeddable":true,"href":"https:\/\/wordpress.ft.unicamp.br\/lie\/wp-json\/wp\/v2\/comments?post=9"}],"version-history":[{"count":1,"href":"https:\/\/wordpress.ft.unicamp.br\/lie\/wp-json\/wp\/v2\/pages\/9\/revisions"}],"predecessor-version":[{"id":353,"href":"https:\/\/wordpress.ft.unicamp.br\/lie\/wp-json\/wp\/v2\/pages\/9\/revisions\/353"}],"wp:attachment":[{"href":"https:\/\/wordpress.ft.unicamp.br\/lie\/wp-json\/wp\/v2\/media?parent=9"}],"curies":[{"name":"wp","href":"https:\/\/api.w.org\/{rel}","templated":true}]}}