{"id":41,"date":"2022-03-23T22:08:49","date_gmt":"2022-03-23T22:08:49","guid":{"rendered":"https:\/\/wordpress.ft.unicamp.br\/magic\/projeto-final-3\/"},"modified":"2022-03-23T22:08:49","modified_gmt":"2022-03-23T22:08:49","slug":"projeto-final-3","status":"publish","type":"page","link":"https:\/\/wordpress.ft.unicamp.br\/magic\/projeto-final-3\/","title":{"rendered":"Projeto Final"},"content":{"rendered":"<p>&#013;<\/p>\n<div class=\"NAVHEADER\">&#013;<\/p>\n<table cellspacing=\"0\" cellpadding=\"0\" width=\"100%\" border=\"0\">&#013;<\/p>\n<tbody>&#013;<\/p>\n<tr>&#013;<\/p>\n<th align=\"middle\" colspan=\"3\">Introdu\u00e7\u00e3o \u00e0 computa\u00e7\u00e3o gr\u00e1fica com &#013;<br \/>\nOpenGL<\/th>\n<\/tr>\n<p>&#013;<\/p>\n<tr>&#013;<\/p>\n<td valign=\"bottom\" align=\"left\" width=\"10%\"><a href=\"animacao-exercicios.html\">Prev<\/a><\/td>\n<p>&#013;<\/p>\n<td valign=\"bottom\" align=\"middle\" width=\"80%\" \/>&#013;<br \/>\n<\/tr>\n<\/tbody>\n<\/table>\n<p>&#013;<\/p>\n<hr align=\"left\" width=\"100%\" \/>&#013;<br \/>\n<font size=\"+3\">Projeto Final &#8211; Computa\u00e7\u00e3o Gr\u00e1fica<\/font><br \/>&#013;<\/p>\n<hr \/>\n<p>&#013;<br \/>\n&#013;\n<\/p><\/div>\n<p>&#013;<\/p>\n<h1><a name=\"SOBRE\">Sobre o projeto<\/a><\/h1>\n<p>&#013;<\/p>\n<ul>&#013;<\/p>\n<li>Deve ser feito em dupla. &#013;\n  <\/li>\n<li> O projeto pode ser feito em qualquer outro software da \u00e1rea de computa\u00e7\u00e3o gr\u00e1fica, como por exemplo o Blender, Sketchup,&#013;<br \/>\ne Pov-ray.&#013;\n  <\/li>\n<li>Discutir suas id\u00e9ias e mostrar um esbo\u00e7o no per\u00edodo acordado. A cada aula agendada neste per\u00edodo, &#013;<br \/>\n  apresentar o estado de desenvolvimento do projeto. N\u00e3o ser\u00e3o aceitos projetos &#013;<br \/>\n  que n\u00e3o obede\u00e7am estas observa\u00e7\u00f5es. &#013;\n  <\/li>\n<li>Deve permitir o uso de transforma\u00e7\u00f5es geom\u00e9tricas em alguma parte da cena, &#013;<br \/>\n  seja uma rota\u00e7\u00e3o, transla\u00e7\u00e3o ou escalamento (ou todas). &#013;\n  <\/li>\n<li>Deve usar os recursos da aula sobre modelos de ilumina\u00e7\u00e3o. &#013;\n  <\/li>\n<li>Deve usar pelo menos uma textura. &#013;\n  <\/li>\n<li>Deve ser gerada uma anima\u00e7\u00e3o de 10 a 30 segundos (limite: 3 minutos). &#013;\n  <\/li>\n<li>A entrega ser\u00e1 feita via CD ou DVD e deve conter um pequeno &#013;<br \/>\n  relat\u00f3rio com o seguinte roteiro: <br \/>. Defini\u00e7\u00e3o do projeto\/problema: o que &#013;<br \/>\n  faz seu projeto? descreva-o <br \/>. Ferramentas computacionais e linguagens: &#013;<br \/>\n  cite-as (linguagens, API&#8217;s, editores de texto e desenho etc).<br \/>. &#013;<br \/>\n  Experimentos\/resultados\/coment\u00e1rios: apresente algumas imagens de sua &#013;<br \/>\n  implementa\u00e7\u00e3o. <br \/>. Bibliografia: cite as fontes (livros, apostilas, links &#013;<br \/>\n  internet etc) que voc\u00ea usou para poder definir e resolver o problema. <br \/>. &#013;<br \/>\n  Anexos: disponibilize o c\u00f3digo fonte e o execut\u00e1vel, arquivos de texturas, makefile e &#013;<br \/>\n  instru\u00e7\u00f5es gerais de compila\u00e7\u00e3o e execu\u00e7\u00e3o (arquivo LEIAME, por exemplo). &#013;\n<\/li>\n<li>Veja aqui um exemplo de formata\u00e7\u00e3o para o relat\u00f3rio. <a href=\"http:\/\/www.ft.unicamp.br\/~magic\/opengl\/relatorio_exe.pdf\">[Exemplo de formata\u00e7\u00e3o do relat\u00f3rio do projeto]<\/a>&#013;<br \/>\n&#013;\n<\/li>\n<\/ul>\n<p>&#013;<\/p>\n<hr \/>\n<p>&#013;<\/p>\n<h1><a name=\"TEMAS\">Temas do projeto &#8211; 2012<\/a><\/h1>\n<p>&#013;<br \/>\nDesenvolver UM dos projetos abaixo.&#013;<br \/>\n&#013;<\/p>\n<h3>Festival de Curtas &#8211; Receita Federal<\/h3>\n<p>&#013;<\/p>\n<p>&#013;<br \/>\nCriar uma anima\u00e7\u00e3o de acordo com os temas indicados no <a href=\"http:\/\/www.ft.unicamp.br\/~magic\/opengl\/edital_receita2010.pdf\">EDITAL<\/a>.<br \/>&#013;\n<\/p>\n<p>&#013;<br \/>\n&#013;<\/p>\n<h3>Festival Anima Mundi<\/h3>\n<p>&#013;<\/p>\n<p>&#013;<br \/>\nCriar uma anima\u00e7\u00e3o de acordo com o regulamento descrito no arquivo <a href=\"http:\/\/www.ft.unicamp.br\/~magic\/opengl\/regulamento_am2012.pdf\">Regulamento Anima Mundi 2012<\/a>.<br \/>&#013;\n<\/p>\n<p>&#013;<br \/>\n&#013;<\/p>\n<h3>Frases e ditados populares<\/h3>\n<p>&#013;<\/p>\n<p>&#013;<br \/>\nCriar uma cena gr\u00e1fica alusiva a alguma frase famosa ou ditado popular.<br \/>&#013;\n<\/p>\n<p>&#013;<br \/>\n&#013;<\/p>\n<h3>M\u00fasica &#8220;Alegria&#8221; &#8211; Cirque du Soleil<\/h3>\n<p>&#013;<\/p>\n<p>&#013;<br \/>\nCriar pequenas situa\u00e7\u00f5es que combinem com a m\u00fasica t\u00edtulo deste tema. Incluir filmagens reais da dupla, do grupo e\/ou da turma de ST765. Algumas sugest\u00f5es de cenas:<br \/>&#013;<br \/>\n&#8211; Algu\u00e9m (ou um animal) pulando em uma cama el\u00e1stica;<br \/>&#013;<br \/>\n&#8211; Crian\u00e7as em algum brinquedo de parque infantil; <br \/>&#013;<br \/>\n&#8211; modelo de faces (humanas ou rob\u00f3ticas) sorrindo. <br \/>&#013;\n<\/p>\n<p>&#013;<br \/>\n&#013;<\/p>\n<h3>M\u00fasica e anima\u00e7\u00e3o<\/h3>\n<p>&#013;<\/p>\n<p>&#013;<br \/>\nSincronizar alguma m\u00fasica (ou trecho de m\u00fasica) com a anima\u00e7\u00e3o de um objeto.<br \/>&#013;\n<\/p>\n<p>&#013;<br \/>\n&#013;<\/p>\n<h3>Tema customizado<\/h3>\n<p>&#013;<\/p>\n<p> Discutir com o Professor em sala de aula, seja o tema e\/ou a ferramenta de desenvolvimento do projeto.<\/p>\n<p>&#013;<br \/>\n&#013;<\/p>\n<hr \/>\n<p>&#013;<\/p>\n<h1><a name=\"TEMAS\">Temas do projeto &#8211; 2011<\/a><\/h1>\n<p>&#013;<br \/>\nDesenvolver UM dos projetos abaixo.&#013;<br \/>\n&#013;<\/p>\n<h3>Frases e ditados populares<\/h3>\n<p>&#013;<\/p>\n<p>&#013;<br \/>\nCriar uma cena gr\u00e1fica alusiva a alguma frase famosa ou ditado popular.<br \/>&#013;\n<\/p>\n<p>&#013;<br \/>\n&#013;<\/p>\n<h3>M\u00fasica &#8220;Alegria&#8221; &#8211; Cirque du Soleil<\/h3>\n<p>&#013;<\/p>\n<p>&#013;<br \/>\nCriar pequenas situa\u00e7\u00f5es que combinem com a m\u00fasica t\u00edtulo deste tema. Incluir filmagens reais da dupla, do grupo e\/ou da turma de ST765. Algumas sugest\u00f5es de cenas:<br \/>&#013;<br \/>\n&#8211; Algu\u00e9m (ou um animal) pulando em uma cama el\u00e1stica;<br \/>&#013;<br \/>\n&#8211; Crian\u00e7as em algum brinquedo de parque infantil; <br \/>&#013;<br \/>\n&#8211; modelo de faces (humanas ou rob\u00f3ticas) sorrindo. <br \/>&#013;\n<\/p>\n<p>&#013;<br \/>\n&#013;<\/p>\n<h3>M\u00fasica e anima\u00e7\u00e3o<\/h3>\n<p>&#013;<\/p>\n<p>&#013;<br \/>\nSincronizar alguma m\u00fasica (ou trecho de m\u00fasica) com a anima\u00e7\u00e3o de um objeto.<br \/>&#013;\n<\/p>\n<p>&#013;<br \/>\n&#013;<\/p>\n<h3>Tema customizado<\/h3>\n<p>&#013;<\/p>\n<p> Discutir com o Professor em sala de aula, seja o tema e\/ou a ferramenta de desenvolvimento do projeto.<\/p>\n<p>&#013;<br \/>\n&#013;<\/p>\n<hr \/>\n<p>&#013;<\/p>\n<h1><a name=\"TEMAS\">Temas do projeto &#8211; 2010<\/a><\/h1>\n<p>&#013;<br \/>\nDesenvolver UM dos projetos abaixo.&#013;<br \/>\n&#013;<\/p>\n<h3>M\u00fasica &#8220;Alegria&#8221; &#8211; Cirque du Soleil<\/h3>\n<p>&#013;<\/p>\n<p>&#013;<br \/>\nCriar pequenas situa\u00e7\u00f5es que combinem com a m\u00fasica t\u00edtulo deste tema. Incluir filmagens reais da dupla, do grupo e\/ou da turma de ST765. Algumas sugest\u00f5es de cenas:<br \/>&#013;<br \/>\n&#8211; Algu\u00e9m (ou um animal) pulando em uma cama el\u00e1stica;<br \/>&#013;<br \/>\n&#8211; Crian\u00e7as em algum brinquedo de parque infantil; <br \/>&#013;<br \/>\n&#8211; modelo de faces (humanas ou rob\u00f3ticas) sorrindo. <br \/>&#013;\n<\/p>\n<p>&#013;<br \/>\n&#013;<\/p>\n<h3>Hospital<\/h3>\n<p>&#013;<\/p>\n<p>&#013;<br \/>\nCriar uma cena gr\u00e1fica alusiva a um hospital como, por exempo, uma sala de cirurgia, enfermaria, sala de espera ou fachada principal de algum hospital conhecido.<br \/>&#013;\n<\/p>\n<p>&#013;<br \/>\n&#013;<\/p>\n<h3>M\u00fasica e anima\u00e7\u00e3o<\/h3>\n<p>&#013;<\/p>\n<p>&#013;<br \/>\nSincronizar alguma m\u00fasica (ou trecho de m\u00fasica) com a anima\u00e7\u00e3o de um objeto.<br \/>&#013;\n<\/p>\n<p>&#013;<br \/>\n&#013;<\/p>\n<h3>Programa educativo &#8211; computa\u00e7\u00e3o gr\u00e1fica<\/h3>\n<p>&#013;<\/p>\n<p>&#013;<br \/>\nO projeto consiste em desenvolver um <i>tutorial<\/i> no qual se explica algum tema\/conte\u00fado da disciplina de CG. Tenha&#013;<br \/>\ncomo exemplo os tutoriais do Nate Robins (ver TelEduc), onde existe intera\u00e7\u00e3o do usu\u00e1rio com&#013;<br \/>\no programa gerado.<br \/>&#013;\n<\/p>\n<p>&#013;<br \/>\n&#013;<br \/>\n&#013;<\/p>\n<h3>Tema customizado<\/h3>\n<p>&#013;<\/p>\n<p> Discutir com o Professor em sala de aula, seja o tema e\/ou a ferramenta de desenvolvimento do projeto.<\/p>\n<p>&#013;<br \/>\n&#013;<\/p>\n<hr \/>\n<p>&#013;<\/p>\n<h1><a name=\"AVALIA\">Crit\u00e9rios de avalia\u00e7\u00e3o<\/a><\/h1>\n<p>&#013;<\/p>\n<ul>&#013;<\/p>\n<li>Ser\u00e3o avaliados os aspectos listados no t\u00f3pico &#8220;Sobre o Projeto&#8221;. Al\u00e9m disso, ser\u00e1 observada a &#013;<br \/>\n  criatividade, originalidade, dificuldade na modelagem, organiza\u00e7\u00e3o do c\u00f3digo &#013;<br \/>\n  fonte (e documenta\u00e7\u00e3o), imagem de abertura (primeira imagem mostrada quando o &#013;<br \/>\n  programa \u00e9 executado) e data da entrega. <\/li>\n<\/ul>\n<p>&#013;<\/p>\n<hr \/>\n<p>&#013;<br \/>\n&#013;<\/p>\n<h1><a name=\"ENTREGA\">Data de entrega<\/a><\/h1>\n<p>&#013;<\/p>\n<ul>&#013;<\/p>\n<li>ST765A e ST765B &#8211; ver menu Atividades do TelEduc<\/li>\n<p>&#013;\n<\/ul>\n<p>&#013;<\/p>\n<hr \/>\n<p>&#013;<\/p>\n<table cellspacing=\"0\" cellpadding=\"0\" width=\"100%\" border=\"0\">&#013;<\/p>\n<tbody>&#013;<\/p>\n<tr>&#013;<\/p>\n<td valign=\"top\" align=\"left\" width=\"33%\"><a href=\"animacao-exercicios.html\">Prev<\/a><\/td>\n<p>&#013;<\/p>\n<td valign=\"top\" align=\"right\" width=\"34%\"><a href=\"index2006.html\">Home<\/a><\/td>\n<p>&#013;<br \/>\n  <\/tr>\n<tr>&#013;<\/p>\n<td valign=\"top\" align=\"left\" width=\"33%\">Exerc\u00edcios<\/td>\n<p>&#013;<\/p>\n<td valign=\"top\" align=\"middle\" width=\"34%\">\u00a0<\/td>\n<p>&#013;<br \/>\n<\/tr>\n<\/tbody>\n<\/table>\n","protected":false},"excerpt":{"rendered":"<p>&#013; &#013; &#013; &#013; &#013; Introdu\u00e7\u00e3o \u00e0 computa\u00e7\u00e3o gr\u00e1fica com &#013; OpenGL &#013; &#013; Prev &#013; &#013; &#013; &#013; Projeto Final &#8211; Computa\u00e7\u00e3o Gr\u00e1fica&#013; &#013; &#013; &#013; Sobre o projeto &#013; &#013; Deve ser feito em dupla. &#013; O projeto pode ser feito em qualquer outro software da \u00e1rea de computa\u00e7\u00e3o gr\u00e1fica, como por exemplo &hellip; <a href=\"https:\/\/wordpress.ft.unicamp.br\/magic\/projeto-final-3\/\" class=\"more-link\">Continuar lendo <span class=\"screen-reader-text\">Projeto Final<\/span><\/a><\/p>\n","protected":false},"author":48,"featured_media":0,"parent":0,"menu_order":0,"comment_status":"closed","ping_status":"closed","template":"","meta":{"footnotes":""},"class_list":["post-41","page","type-page","status-publish","hentry"],"yoast_head":"<!-- This site is optimized with the Yoast SEO plugin v27.5 - https:\/\/yoast.com\/product\/yoast-seo-wordpress\/ -->\n<title>Projeto Final - Marco Antonio Garcia de Carvalho, PhD<\/title>\n<meta name=\"robots\" content=\"index, follow, max-snippet:-1, max-image-preview:large, max-video-preview:-1\" \/>\n<link rel=\"canonical\" href=\"https:\/\/wordpress.ft.unicamp.br\/magic\/projeto-final-3\/\" \/>\n<meta property=\"og:locale\" content=\"pt_BR\" \/>\n<meta property=\"og:type\" content=\"article\" \/>\n<meta property=\"og:title\" content=\"Projeto Final - Marco Antonio Garcia de Carvalho, PhD\" \/>\n<meta property=\"og:description\" content=\"&#013; &#013; &#013; &#013; &#013; Introdu\u00e7\u00e3o \u00e0 computa\u00e7\u00e3o gr\u00e1fica com &#013; OpenGL &#013; &#013; Prev &#013; &#013; &#013; &#013; Projeto Final &#8211; Computa\u00e7\u00e3o Gr\u00e1fica&#013; &#013; &#013; &#013; Sobre o projeto &#013; &#013; Deve ser feito em dupla. &#013; O projeto pode ser feito em qualquer outro software da \u00e1rea de computa\u00e7\u00e3o gr\u00e1fica, como por exemplo &hellip; Continuar lendo Projeto Final\" \/>\n<meta property=\"og:url\" content=\"https:\/\/wordpress.ft.unicamp.br\/magic\/projeto-final-3\/\" \/>\n<meta property=\"og:site_name\" content=\"Marco Antonio Garcia de Carvalho, PhD\" \/>\n<meta name=\"twitter:card\" content=\"summary_large_image\" \/>\n<meta name=\"twitter:label1\" content=\"Est. tempo de leitura\" \/>\n\t<meta name=\"twitter:data1\" content=\"4 minutos\" \/>\n<script type=\"application\/ld+json\" class=\"yoast-schema-graph\">{\"@context\":\"https:\\\/\\\/schema.org\",\"@graph\":[{\"@type\":\"WebPage\",\"@id\":\"https:\\\/\\\/wordpress.ft.unicamp.br\\\/magic\\\/projeto-final-3\\\/\",\"url\":\"https:\\\/\\\/wordpress.ft.unicamp.br\\\/magic\\\/projeto-final-3\\\/\",\"name\":\"Projeto Final - Marco Antonio Garcia de Carvalho, PhD\",\"isPartOf\":{\"@id\":\"https:\\\/\\\/wordpress.ft.unicamp.br\\\/magic\\\/#website\"},\"datePublished\":\"2022-03-23T22:08:49+00:00\",\"breadcrumb\":{\"@id\":\"https:\\\/\\\/wordpress.ft.unicamp.br\\\/magic\\\/projeto-final-3\\\/#breadcrumb\"},\"inLanguage\":\"pt-BR\",\"potentialAction\":[{\"@type\":\"ReadAction\",\"target\":[\"https:\\\/\\\/wordpress.ft.unicamp.br\\\/magic\\\/projeto-final-3\\\/\"]}]},{\"@type\":\"BreadcrumbList\",\"@id\":\"https:\\\/\\\/wordpress.ft.unicamp.br\\\/magic\\\/projeto-final-3\\\/#breadcrumb\",\"itemListElement\":[{\"@type\":\"ListItem\",\"position\":1,\"name\":\"Home\",\"item\":\"https:\\\/\\\/wordpress.ft.unicamp.br\\\/magic\\\/\"},{\"@type\":\"ListItem\",\"position\":2,\"name\":\"Projeto Final\"}]},{\"@type\":\"WebSite\",\"@id\":\"https:\\\/\\\/wordpress.ft.unicamp.br\\\/magic\\\/#website\",\"url\":\"https:\\\/\\\/wordpress.ft.unicamp.br\\\/magic\\\/\",\"name\":\"Marco Antonio Garcia de Carvalho, PhD\",\"description\":\"\",\"potentialAction\":[{\"@type\":\"SearchAction\",\"target\":{\"@type\":\"EntryPoint\",\"urlTemplate\":\"https:\\\/\\\/wordpress.ft.unicamp.br\\\/magic\\\/?s={search_term_string}\"},\"query-input\":{\"@type\":\"PropertyValueSpecification\",\"valueRequired\":true,\"valueName\":\"search_term_string\"}}],\"inLanguage\":\"pt-BR\"}]}<\/script>\n<!-- \/ Yoast SEO plugin. -->","yoast_head_json":{"title":"Projeto Final - Marco Antonio Garcia de Carvalho, PhD","robots":{"index":"index","follow":"follow","max-snippet":"max-snippet:-1","max-image-preview":"max-image-preview:large","max-video-preview":"max-video-preview:-1"},"canonical":"https:\/\/wordpress.ft.unicamp.br\/magic\/projeto-final-3\/","og_locale":"pt_BR","og_type":"article","og_title":"Projeto Final - Marco Antonio Garcia de Carvalho, PhD","og_description":"&#013; &#013; &#013; &#013; &#013; Introdu\u00e7\u00e3o \u00e0 computa\u00e7\u00e3o gr\u00e1fica com &#013; OpenGL &#013; &#013; Prev &#013; &#013; &#013; &#013; Projeto Final &#8211; Computa\u00e7\u00e3o Gr\u00e1fica&#013; &#013; &#013; &#013; Sobre o projeto &#013; &#013; Deve ser feito em dupla. &#013; O projeto pode ser feito em qualquer outro software da \u00e1rea de computa\u00e7\u00e3o gr\u00e1fica, como por exemplo &hellip; Continuar lendo Projeto Final","og_url":"https:\/\/wordpress.ft.unicamp.br\/magic\/projeto-final-3\/","og_site_name":"Marco Antonio Garcia de Carvalho, PhD","twitter_card":"summary_large_image","twitter_misc":{"Est. tempo de leitura":"4 minutos"},"schema":{"@context":"https:\/\/schema.org","@graph":[{"@type":"WebPage","@id":"https:\/\/wordpress.ft.unicamp.br\/magic\/projeto-final-3\/","url":"https:\/\/wordpress.ft.unicamp.br\/magic\/projeto-final-3\/","name":"Projeto Final - Marco Antonio Garcia de Carvalho, PhD","isPartOf":{"@id":"https:\/\/wordpress.ft.unicamp.br\/magic\/#website"},"datePublished":"2022-03-23T22:08:49+00:00","breadcrumb":{"@id":"https:\/\/wordpress.ft.unicamp.br\/magic\/projeto-final-3\/#breadcrumb"},"inLanguage":"pt-BR","potentialAction":[{"@type":"ReadAction","target":["https:\/\/wordpress.ft.unicamp.br\/magic\/projeto-final-3\/"]}]},{"@type":"BreadcrumbList","@id":"https:\/\/wordpress.ft.unicamp.br\/magic\/projeto-final-3\/#breadcrumb","itemListElement":[{"@type":"ListItem","position":1,"name":"Home","item":"https:\/\/wordpress.ft.unicamp.br\/magic\/"},{"@type":"ListItem","position":2,"name":"Projeto Final"}]},{"@type":"WebSite","@id":"https:\/\/wordpress.ft.unicamp.br\/magic\/#website","url":"https:\/\/wordpress.ft.unicamp.br\/magic\/","name":"Marco Antonio Garcia de Carvalho, PhD","description":"","potentialAction":[{"@type":"SearchAction","target":{"@type":"EntryPoint","urlTemplate":"https:\/\/wordpress.ft.unicamp.br\/magic\/?s={search_term_string}"},"query-input":{"@type":"PropertyValueSpecification","valueRequired":true,"valueName":"search_term_string"}}],"inLanguage":"pt-BR"}]}},"_links":{"self":[{"href":"https:\/\/wordpress.ft.unicamp.br\/magic\/wp-json\/wp\/v2\/pages\/41","targetHints":{"allow":["GET"]}}],"collection":[{"href":"https:\/\/wordpress.ft.unicamp.br\/magic\/wp-json\/wp\/v2\/pages"}],"about":[{"href":"https:\/\/wordpress.ft.unicamp.br\/magic\/wp-json\/wp\/v2\/types\/page"}],"author":[{"embeddable":true,"href":"https:\/\/wordpress.ft.unicamp.br\/magic\/wp-json\/wp\/v2\/users\/48"}],"replies":[{"embeddable":true,"href":"https:\/\/wordpress.ft.unicamp.br\/magic\/wp-json\/wp\/v2\/comments?post=41"}],"version-history":[{"count":0,"href":"https:\/\/wordpress.ft.unicamp.br\/magic\/wp-json\/wp\/v2\/pages\/41\/revisions"}],"wp:attachment":[{"href":"https:\/\/wordpress.ft.unicamp.br\/magic\/wp-json\/wp\/v2\/media?parent=41"}],"curies":[{"name":"wp","href":"https:\/\/api.w.org\/{rel}","templated":true}]}}