{"id":61,"date":"2022-03-23T22:08:49","date_gmt":"2022-03-23T22:08:49","guid":{"rendered":"https:\/\/wordpress.ft.unicamp.br\/magic\/exercicios-4\/"},"modified":"2022-03-23T22:08:49","modified_gmt":"2022-03-23T22:08:49","slug":"exercicios-4","status":"publish","type":"page","link":"https:\/\/wordpress.ft.unicamp.br\/magic\/exercicios-4\/","title":{"rendered":"Exerc\u00edcios"},"content":{"rendered":"<p>&#013;<\/p>\n<div class=\"NAVHEADER\">&#013;<\/p>\n<table cellspacing=\"0\" cellpadding=\"0\" width=\"100%\" border=\"0\">&#013;<\/p>\n<tbody>&#013;<\/p>\n<tr>&#013;<\/p>\n<th align=\"middle\" colspan=\"3\">Introdu\u00e7\u00e3o \u00e0 computa\u00e7\u00e3o gr\u00e1fica com &#013;<br \/>\nOpenGL<\/th>\n<\/tr>\n<p>&#013;<\/p>\n<tr>&#013;<\/p>\n<td valign=\"bottom\" align=\"left\" width=\"10%\"><a href=\"http:\/\/www.ceset.unicamp.br\/~magic\/unisal\/modelagem-outros.html\">Prev<\/a><\/td>\n<p>&#013;<\/p>\n<td valign=\"bottom\" align=\"middle\" width=\"80%\">Cap\u00edtulo 5. Modelagem de &#013;<br \/>\n    S\u00f3lidos<\/td>\n<p>&#013;<\/p>\n<td valign=\"bottom\" align=\"right\" width=\"10%\"><a href=\"http:\/\/www.ceset.unicamp.br\/~magic\/unisal\/modelos-iluminacao.html\">Next<\/a><\/td>\n<\/tr>\n<\/tbody>\n<\/table>\n<p>&#013;<\/p>\n<hr align=\"left\" width=\"100%\" \/>&#013;\n<\/div>\n<p>&#013;<\/p>\n<div class=\"SECT1\">&#013;<\/p>\n<h1 class=\"SECT1\"><a name=\"MODELAGEM-EXERCICIOS\">5.3. Exerc\u00edcios<\/a><\/h1>\n<p>&#013;<\/p>\n<p \/>&#013;<\/p>\n<p><b>Aquecimento (n\u00e3o \u00e9 necess\u00e1rio entregar)<\/b><\/p>\n<p>&#013;<\/p>\n<p \/>&#013;<br \/>\n&#013;<\/p>\n<ol type=\"1\">&#013;<\/p>\n<li>&#013;\n<p>Altere a textura que simula as montanhas no programa <a href=\"http:\/\/www.ceset.unicamp.br\/~magic\/unisal\/jato.c\" target=\"_top\" rel=\"noopener\"><tt class=\"FILENAME\">jato.c<\/tt><\/a> para uma textura de mar, floresta ou deserto. <b>Aten\u00e7\u00e3o:<\/b> as &#013;<br \/>\n    imagens dvem estar no formato RGB (use o programa GIMP, no Linux, salve no formato IRIS e&#013;<br \/>\ndepois renomeie para <i>nome_da_imagem.rgb.<\/i><\/p>\n<p>&#013;\n  <\/li>\n<li>&#013;\n<p>Fa\u00e7a uma breve pesquisa sobre <i>display list<\/i> e placas gr\u00e1ficas. Apresente suas defini\u00e7\u00f5es.<\/p>\n<\/li>\n<\/ol>\n<p>&#013;<\/p>\n<p><b>Obrigat\u00f3rios <\/b>&#013;\n<\/p>\n<p \/>&#013;<\/p>\n<ol type=\"1\">&#013;<\/p>\n<li>&#013;\n<p>Transfira o programa do banheiro do Cap\u00edtulo anterior para uma <i>display list<\/i>, como &#013;<br \/>\n     no programa do Jato. Inclua nesta vers\u00e3o elementos cil\u00edndricos para modelar, por exemplo,&#013;<br \/>\n     um cesto de lixo para o papel higi\u00eanico ou um porta-trecos.<\/p>\n<p>&#013;\n  <\/li>\n<li>&#013;\n<p> Para o programa do banheiro do item anterior, acrescente dois arquivos de textura. &#013;<br \/>\n      Uma das texturas dever\u00e1 ser, obrigatoriamente, uma simula\u00e7\u00e3o do ch\u00e3o do banheiro. <\/p>\n<p>&#013;\n  <\/li>\n<\/ol>\n<p>&#013;<\/p>\n<div class=\"NAVFOOTER\">&#013;<br \/>\n&#013;<\/p>\n<hr align=\"left\" width=\"100%\" \/>&#013;<br \/>\n&#013;<\/p>\n<table cellspacing=\"0\" cellpadding=\"0\" width=\"100%\" border=\"0\">&#013;<\/p>\n<tbody>&#013;<\/p>\n<tr>&#013;<\/p>\n<td valign=\"top\" align=\"left\" width=\"33%\"><a href=\"http:\/\/www.ceset.unicamp.br\/~magic\/unisal\/modelagem-outros.html\">Prev<\/a><\/td>\n<p>&#013;<\/p>\n<td valign=\"top\" align=\"middle\" width=\"34%\"><a href=\"http:\/\/www.ceset.unicamp.br\/~magic\/unisal\/indexunisal2004.html\">Home<\/a><\/td>\n<p>&#013;<\/p>\n<td valign=\"top\" align=\"right\" width=\"33%\"><a href=\"http:\/\/www.ceset.unicamp.br\/~magic\/unisal\/modelos-iluminacao.html\">Next<\/a><\/td>\n<\/tr>\n<p>&#013;<\/p>\n<tr>&#013;<\/p>\n<td valign=\"top\" align=\"left\" width=\"33%\">Outros programas relacionados<\/td>\n<p>&#013;<\/p>\n<td valign=\"top\" align=\"middle\" width=\"34%\"><a href=\"http:\/\/www.ceset.unicamp.br\/~magic\/unisal\/modelagem-solidos.html\">Up<\/a><\/td>\n<p>&#013;<\/p>\n<td valign=\"top\" align=\"right\" width=\"33%\">Ilumina\u00e7\u00e3o<\/td>\n<\/tr>\n<\/tbody>\n<\/table>\n<\/div>\n<\/div>\n","protected":false},"excerpt":{"rendered":"<p>&#013; &#013; &#013; &#013; &#013; Introdu\u00e7\u00e3o \u00e0 computa\u00e7\u00e3o gr\u00e1fica com &#013; OpenGL &#013; &#013; Prev &#013; Cap\u00edtulo 5. Modelagem de &#013; S\u00f3lidos &#013; Next &#013; &#013; &#013; &#013; 5.3. Exerc\u00edcios &#013; &#013; Aquecimento (n\u00e3o \u00e9 necess\u00e1rio entregar) &#013; &#013; &#013; &#013; &#013; Altere a textura que simula as montanhas no programa jato.c para uma textura &hellip; <a href=\"https:\/\/wordpress.ft.unicamp.br\/magic\/exercicios-4\/\" class=\"more-link\">Continuar lendo <span class=\"screen-reader-text\">Exerc\u00edcios<\/span><\/a><\/p>\n","protected":false},"author":48,"featured_media":0,"parent":0,"menu_order":0,"comment_status":"closed","ping_status":"closed","template":"","meta":{"footnotes":""},"class_list":["post-61","page","type-page","status-publish","hentry"],"yoast_head":"<!-- This site is optimized with the Yoast SEO plugin v27.3 - https:\/\/yoast.com\/product\/yoast-seo-wordpress\/ -->\n<title>Exerc\u00edcios - Marco Antonio Garcia de Carvalho, PhD<\/title>\n<meta name=\"robots\" content=\"index, follow, max-snippet:-1, max-image-preview:large, max-video-preview:-1\" \/>\n<link rel=\"canonical\" href=\"https:\/\/wordpress.ft.unicamp.br\/magic\/exercicios-4\/\" \/>\n<meta property=\"og:locale\" content=\"pt_BR\" \/>\n<meta property=\"og:type\" content=\"article\" \/>\n<meta property=\"og:title\" content=\"Exerc\u00edcios - Marco Antonio Garcia de Carvalho, PhD\" \/>\n<meta property=\"og:description\" content=\"&#013; &#013; &#013; &#013; &#013; Introdu\u00e7\u00e3o \u00e0 computa\u00e7\u00e3o gr\u00e1fica com &#013; OpenGL &#013; &#013; Prev &#013; Cap\u00edtulo 5. Modelagem de &#013; S\u00f3lidos &#013; Next &#013; &#013; &#013; &#013; 5.3. Exerc\u00edcios &#013; &#013; Aquecimento (n\u00e3o \u00e9 necess\u00e1rio entregar) &#013; &#013; &#013; &#013; &#013; Altere a textura que simula as montanhas no programa jato.c para uma textura &hellip; Continuar lendo Exerc\u00edcios\" \/>\n<meta property=\"og:url\" content=\"https:\/\/wordpress.ft.unicamp.br\/magic\/exercicios-4\/\" \/>\n<meta property=\"og:site_name\" content=\"Marco Antonio Garcia de Carvalho, PhD\" \/>\n<meta name=\"twitter:card\" content=\"summary_large_image\" \/>\n<meta name=\"twitter:label1\" content=\"Est. tempo de leitura\" \/>\n\t<meta name=\"twitter:data1\" content=\"1 minuto\" \/>\n<script type=\"application\/ld+json\" class=\"yoast-schema-graph\">{\"@context\":\"https:\\\/\\\/schema.org\",\"@graph\":[{\"@type\":\"WebPage\",\"@id\":\"https:\\\/\\\/wordpress.ft.unicamp.br\\\/magic\\\/exercicios-4\\\/\",\"url\":\"https:\\\/\\\/wordpress.ft.unicamp.br\\\/magic\\\/exercicios-4\\\/\",\"name\":\"Exerc\u00edcios - Marco Antonio Garcia de Carvalho, PhD\",\"isPartOf\":{\"@id\":\"https:\\\/\\\/wordpress.ft.unicamp.br\\\/magic\\\/#website\"},\"datePublished\":\"2022-03-23T22:08:49+00:00\",\"breadcrumb\":{\"@id\":\"https:\\\/\\\/wordpress.ft.unicamp.br\\\/magic\\\/exercicios-4\\\/#breadcrumb\"},\"inLanguage\":\"pt-BR\",\"potentialAction\":[{\"@type\":\"ReadAction\",\"target\":[\"https:\\\/\\\/wordpress.ft.unicamp.br\\\/magic\\\/exercicios-4\\\/\"]}]},{\"@type\":\"BreadcrumbList\",\"@id\":\"https:\\\/\\\/wordpress.ft.unicamp.br\\\/magic\\\/exercicios-4\\\/#breadcrumb\",\"itemListElement\":[{\"@type\":\"ListItem\",\"position\":1,\"name\":\"Home\",\"item\":\"https:\\\/\\\/wordpress.ft.unicamp.br\\\/magic\\\/\"},{\"@type\":\"ListItem\",\"position\":2,\"name\":\"Exerc\u00edcios\"}]},{\"@type\":\"WebSite\",\"@id\":\"https:\\\/\\\/wordpress.ft.unicamp.br\\\/magic\\\/#website\",\"url\":\"https:\\\/\\\/wordpress.ft.unicamp.br\\\/magic\\\/\",\"name\":\"Marco Antonio Garcia de Carvalho, PhD\",\"description\":\"\",\"potentialAction\":[{\"@type\":\"SearchAction\",\"target\":{\"@type\":\"EntryPoint\",\"urlTemplate\":\"https:\\\/\\\/wordpress.ft.unicamp.br\\\/magic\\\/?s={search_term_string}\"},\"query-input\":{\"@type\":\"PropertyValueSpecification\",\"valueRequired\":true,\"valueName\":\"search_term_string\"}}],\"inLanguage\":\"pt-BR\"}]}<\/script>\n<!-- \/ Yoast SEO plugin. -->","yoast_head_json":{"title":"Exerc\u00edcios - Marco Antonio Garcia de Carvalho, PhD","robots":{"index":"index","follow":"follow","max-snippet":"max-snippet:-1","max-image-preview":"max-image-preview:large","max-video-preview":"max-video-preview:-1"},"canonical":"https:\/\/wordpress.ft.unicamp.br\/magic\/exercicios-4\/","og_locale":"pt_BR","og_type":"article","og_title":"Exerc\u00edcios - Marco Antonio Garcia de Carvalho, PhD","og_description":"&#013; &#013; &#013; &#013; &#013; Introdu\u00e7\u00e3o \u00e0 computa\u00e7\u00e3o gr\u00e1fica com &#013; OpenGL &#013; &#013; Prev &#013; Cap\u00edtulo 5. Modelagem de &#013; S\u00f3lidos &#013; Next &#013; &#013; &#013; &#013; 5.3. Exerc\u00edcios &#013; &#013; Aquecimento (n\u00e3o \u00e9 necess\u00e1rio entregar) &#013; &#013; &#013; &#013; &#013; Altere a textura que simula as montanhas no programa jato.c para uma textura &hellip; Continuar lendo Exerc\u00edcios","og_url":"https:\/\/wordpress.ft.unicamp.br\/magic\/exercicios-4\/","og_site_name":"Marco Antonio Garcia de Carvalho, PhD","twitter_card":"summary_large_image","twitter_misc":{"Est. tempo de leitura":"1 minuto"},"schema":{"@context":"https:\/\/schema.org","@graph":[{"@type":"WebPage","@id":"https:\/\/wordpress.ft.unicamp.br\/magic\/exercicios-4\/","url":"https:\/\/wordpress.ft.unicamp.br\/magic\/exercicios-4\/","name":"Exerc\u00edcios - Marco Antonio Garcia de Carvalho, PhD","isPartOf":{"@id":"https:\/\/wordpress.ft.unicamp.br\/magic\/#website"},"datePublished":"2022-03-23T22:08:49+00:00","breadcrumb":{"@id":"https:\/\/wordpress.ft.unicamp.br\/magic\/exercicios-4\/#breadcrumb"},"inLanguage":"pt-BR","potentialAction":[{"@type":"ReadAction","target":["https:\/\/wordpress.ft.unicamp.br\/magic\/exercicios-4\/"]}]},{"@type":"BreadcrumbList","@id":"https:\/\/wordpress.ft.unicamp.br\/magic\/exercicios-4\/#breadcrumb","itemListElement":[{"@type":"ListItem","position":1,"name":"Home","item":"https:\/\/wordpress.ft.unicamp.br\/magic\/"},{"@type":"ListItem","position":2,"name":"Exerc\u00edcios"}]},{"@type":"WebSite","@id":"https:\/\/wordpress.ft.unicamp.br\/magic\/#website","url":"https:\/\/wordpress.ft.unicamp.br\/magic\/","name":"Marco Antonio Garcia de Carvalho, PhD","description":"","potentialAction":[{"@type":"SearchAction","target":{"@type":"EntryPoint","urlTemplate":"https:\/\/wordpress.ft.unicamp.br\/magic\/?s={search_term_string}"},"query-input":{"@type":"PropertyValueSpecification","valueRequired":true,"valueName":"search_term_string"}}],"inLanguage":"pt-BR"}]}},"_links":{"self":[{"href":"https:\/\/wordpress.ft.unicamp.br\/magic\/wp-json\/wp\/v2\/pages\/61","targetHints":{"allow":["GET"]}}],"collection":[{"href":"https:\/\/wordpress.ft.unicamp.br\/magic\/wp-json\/wp\/v2\/pages"}],"about":[{"href":"https:\/\/wordpress.ft.unicamp.br\/magic\/wp-json\/wp\/v2\/types\/page"}],"author":[{"embeddable":true,"href":"https:\/\/wordpress.ft.unicamp.br\/magic\/wp-json\/wp\/v2\/users\/48"}],"replies":[{"embeddable":true,"href":"https:\/\/wordpress.ft.unicamp.br\/magic\/wp-json\/wp\/v2\/comments?post=61"}],"version-history":[{"count":0,"href":"https:\/\/wordpress.ft.unicamp.br\/magic\/wp-json\/wp\/v2\/pages\/61\/revisions"}],"wp:attachment":[{"href":"https:\/\/wordpress.ft.unicamp.br\/magic\/wp-json\/wp\/v2\/media?parent=61"}],"curies":[{"name":"wp","href":"https:\/\/api.w.org\/{rel}","templated":true}]}}