{"id":64,"date":"2022-03-23T22:08:49","date_gmt":"2022-03-23T22:08:49","guid":{"rendered":"https:\/\/wordpress.ft.unicamp.br\/magic\/outros-programas-relacionados-4\/"},"modified":"2022-03-23T22:08:49","modified_gmt":"2022-03-23T22:08:49","slug":"outros-programas-relacionados-4","status":"publish","type":"page","link":"https:\/\/wordpress.ft.unicamp.br\/magic\/outros-programas-relacionados-4\/","title":{"rendered":"Outros Programas Relacionados"},"content":{"rendered":"<div class=\"NAVHEADER\">\n<table cellspacing=\"0\" cellpadding=\"0\" width=\"100%\" border=\"0\">\n<tbody>\n<tr>\n<th align=\"middle\" colspan=\"3\">Introdu\u00e7\u00e3o \u00e0 computa\u00e7\u00e3o gr\u00e1fica com<br \/>\nOpenGL<\/th>\n<\/tr>\n<tr>\n<td valign=\"bottom\" align=\"left\" width=\"10%\"><a href=\"modelagem-solidos.html\">Prev<\/a><\/td>\n<td valign=\"bottom\" align=\"middle\" width=\"80%\">Cap\u00edtulo 5. Modelagem de<br \/>\n      s\u00f3lidos <\/td>\n<td valign=\"bottom\" align=\"right\" width=\"10%\"><a href=\"modelagem-exercicios.html\">Next<\/a><\/td>\n<\/tr>\n<\/tbody>\n<\/table>\n<hr align=\"left\" width=\"100%\" \/>\n<\/div>\n<div class=\"SECT1\">\n<h1 class=\"SECT1\"><a name=\"MODELAGEM-OUTROS\">5.3. Outros programas<br \/>\nrelacionados<\/a><\/h1>\n<p \/>\n<ol type=\"1\">\n<li>\n<p><a href=\"armario_com_textura.c\" target=\"_top\" rel=\"noopener\"><tt class=\"FILENAME\">armario_com_textura.c<\/tt><\/a> e <a href=\"flamengo.rgb\" target=\"_top\" rel=\"noopener\"><tt class=\"FILENAME\">flamengo.rgb<\/tt><\/a>. Arm\u00e1rio com textura e figura com o logotipo do Flamengo.<\/p>\n<div class=\"FIGURE\">\n<p><b><a name=\"FIG-LINES\">Programa <i>armario_com_textura.c<\/i> (incluir image.c e image.h no<br \/>\nprojeto a ser criado)<\/a><\/b><\/p>\n<p><img decoding=\"async\" src=\"armario_textura.jpg\" \/><\/p>\n<\/div>\n<\/li>\n<li>\n<p><a href=\"rose.zip\" target=\"_top\" rel=\"noopener\"><tt class=\"FILENAME\">rose.zip<\/tt><\/a>. Rose &#8211; empregada dos Jetsons.<\/p>\n<div class=\"FIGURE\">\n<p><b><a name=\"FIG-LINES\">Projeto <i>rose.zip<\/i><\/a><\/b><\/p>\n<p><img decoding=\"async\" src=\"rose.jpg\" \/><\/p>\n<\/div>\n<\/li>\n<li>\n<p><a href=\"bondinho.zip\" target=\"_top\" rel=\"noopener\"><tt class=\"FILENAME\">bondinho.zip<\/tt><\/a>. Bondinho do P\u00e3o de A\u00e7ucar &#8211; RJ.<\/p>\n<div class=\"FIGURE\">\n<p><b><a name=\"FIG-PRIM\">Projeto <i>bondinho.zip<\/i><\/a><\/b><\/p>\n<p><img decoding=\"async\" src=\"bondinho.jpg\" \/><\/p>\n<\/div>\n<\/li>\n<li>\n<p><a href=\"polo_aquatico.zip\" target=\"_top\" rel=\"noopener\"><tt class=\"FILENAME\">polo_aquatico.zip<\/tt><\/a>. Piscina de polo aqu\u00e1tico.<\/p>\n<div class=\"FIGURE\">\n<p><b><a name=\"FIG-PRIM\">Projeto <i>polo_aquatico.zip<\/i><\/a><\/b><\/p>\n<p><img decoding=\"async\" src=\"polo.jpg\" \/><\/p>\n<\/div>\n<\/li>\n<\/ol>\n<\/div>\n<div class=\"NAVFOOTER\">\n<hr align=\"left\" width=\"100%\" \/>\n<table cellspacing=\"0\" cellpadding=\"0\" width=\"100%\" border=\"0\">\n<tbody>\n<tr>\n<td valign=\"top\" align=\"left\" width=\"33%\"><a href=\"modelagem-solidos.html\">Prev<\/a><\/td>\n<td valign=\"top\" align=\"middle\" width=\"34%\"><a href=\"index2005.html\">Home<\/a><\/td>\n<td valign=\"top\" align=\"right\" width=\"33%\"><a href=\"modelagem-exercicios.html\">Next<\/a><\/td>\n<\/tr>\n<tr>\n<td valign=\"top\" align=\"left\" width=\"33%\">Modelagem de s\u00f3lidos<\/td>\n<td valign=\"top\" align=\"middle\" width=\"34%\"><a href=\"modelagem-solidos.html\">Up<\/a><\/td>\n<td valign=\"top\" align=\"right\" width=\"33%\">Exerc\u00edcios<\/td>\n<\/tr>\n<\/tbody>\n<\/table>\n<\/div>\n","protected":false},"excerpt":{"rendered":"<p>Introdu\u00e7\u00e3o \u00e0 computa\u00e7\u00e3o gr\u00e1fica com OpenGL Prev Cap\u00edtulo 5. Modelagem de s\u00f3lidos Next 5.3. Outros programas relacionados armario_com_textura.c e flamengo.rgb. Arm\u00e1rio com textura e figura com o logotipo do Flamengo. Programa armario_com_textura.c (incluir image.c e image.h no projeto a ser criado) rose.zip. Rose &#8211; empregada dos Jetsons. Projeto rose.zip bondinho.zip. Bondinho do P\u00e3o de A\u00e7ucar &hellip; <a href=\"https:\/\/wordpress.ft.unicamp.br\/magic\/outros-programas-relacionados-4\/\" class=\"more-link\">Continuar lendo <span class=\"screen-reader-text\">Outros Programas Relacionados<\/span><\/a><\/p>\n","protected":false},"author":48,"featured_media":0,"parent":0,"menu_order":0,"comment_status":"closed","ping_status":"closed","template":"","meta":{"footnotes":""},"class_list":["post-64","page","type-page","status-publish","hentry"],"yoast_head":"<!-- This site is optimized with the Yoast SEO plugin v27.5 - https:\/\/yoast.com\/product\/yoast-seo-wordpress\/ -->\n<title>Outros Programas Relacionados - Marco Antonio Garcia de Carvalho, PhD<\/title>\n<meta name=\"robots\" content=\"index, follow, max-snippet:-1, max-image-preview:large, max-video-preview:-1\" \/>\n<link rel=\"canonical\" href=\"https:\/\/wordpress.ft.unicamp.br\/magic\/outros-programas-relacionados-4\/\" \/>\n<meta property=\"og:locale\" content=\"pt_BR\" \/>\n<meta property=\"og:type\" content=\"article\" \/>\n<meta property=\"og:title\" content=\"Outros Programas Relacionados - Marco Antonio Garcia de Carvalho, PhD\" \/>\n<meta property=\"og:description\" content=\"Introdu\u00e7\u00e3o \u00e0 computa\u00e7\u00e3o gr\u00e1fica com OpenGL Prev Cap\u00edtulo 5. Modelagem de s\u00f3lidos Next 5.3. Outros programas relacionados armario_com_textura.c e flamengo.rgb. Arm\u00e1rio com textura e figura com o logotipo do Flamengo. Programa armario_com_textura.c (incluir image.c e image.h no projeto a ser criado) rose.zip. Rose &#8211; empregada dos Jetsons. Projeto rose.zip bondinho.zip. Bondinho do P\u00e3o de A\u00e7ucar &hellip; Continuar lendo Outros Programas Relacionados\" \/>\n<meta property=\"og:url\" content=\"https:\/\/wordpress.ft.unicamp.br\/magic\/outros-programas-relacionados-4\/\" \/>\n<meta property=\"og:site_name\" content=\"Marco Antonio Garcia de Carvalho, PhD\" \/>\n<meta property=\"og:image\" content=\"http:\/\/armario_textura.jpg\" \/>\n<meta name=\"twitter:card\" content=\"summary_large_image\" \/>\n<script type=\"application\/ld+json\" class=\"yoast-schema-graph\">{\"@context\":\"https:\\\/\\\/schema.org\",\"@graph\":[{\"@type\":\"WebPage\",\"@id\":\"https:\\\/\\\/wordpress.ft.unicamp.br\\\/magic\\\/outros-programas-relacionados-4\\\/\",\"url\":\"https:\\\/\\\/wordpress.ft.unicamp.br\\\/magic\\\/outros-programas-relacionados-4\\\/\",\"name\":\"Outros Programas Relacionados - Marco Antonio Garcia de Carvalho, PhD\",\"isPartOf\":{\"@id\":\"https:\\\/\\\/wordpress.ft.unicamp.br\\\/magic\\\/#website\"},\"datePublished\":\"2022-03-23T22:08:49+00:00\",\"breadcrumb\":{\"@id\":\"https:\\\/\\\/wordpress.ft.unicamp.br\\\/magic\\\/outros-programas-relacionados-4\\\/#breadcrumb\"},\"inLanguage\":\"pt-BR\",\"potentialAction\":[{\"@type\":\"ReadAction\",\"target\":[\"https:\\\/\\\/wordpress.ft.unicamp.br\\\/magic\\\/outros-programas-relacionados-4\\\/\"]}]},{\"@type\":\"BreadcrumbList\",\"@id\":\"https:\\\/\\\/wordpress.ft.unicamp.br\\\/magic\\\/outros-programas-relacionados-4\\\/#breadcrumb\",\"itemListElement\":[{\"@type\":\"ListItem\",\"position\":1,\"name\":\"Home\",\"item\":\"https:\\\/\\\/wordpress.ft.unicamp.br\\\/magic\\\/\"},{\"@type\":\"ListItem\",\"position\":2,\"name\":\"Outros Programas Relacionados\"}]},{\"@type\":\"WebSite\",\"@id\":\"https:\\\/\\\/wordpress.ft.unicamp.br\\\/magic\\\/#website\",\"url\":\"https:\\\/\\\/wordpress.ft.unicamp.br\\\/magic\\\/\",\"name\":\"Marco Antonio Garcia de Carvalho, PhD\",\"description\":\"\",\"potentialAction\":[{\"@type\":\"SearchAction\",\"target\":{\"@type\":\"EntryPoint\",\"urlTemplate\":\"https:\\\/\\\/wordpress.ft.unicamp.br\\\/magic\\\/?s={search_term_string}\"},\"query-input\":{\"@type\":\"PropertyValueSpecification\",\"valueRequired\":true,\"valueName\":\"search_term_string\"}}],\"inLanguage\":\"pt-BR\"}]}<\/script>\n<!-- \/ Yoast SEO plugin. -->","yoast_head_json":{"title":"Outros Programas Relacionados - Marco Antonio Garcia de Carvalho, PhD","robots":{"index":"index","follow":"follow","max-snippet":"max-snippet:-1","max-image-preview":"max-image-preview:large","max-video-preview":"max-video-preview:-1"},"canonical":"https:\/\/wordpress.ft.unicamp.br\/magic\/outros-programas-relacionados-4\/","og_locale":"pt_BR","og_type":"article","og_title":"Outros Programas Relacionados - Marco Antonio Garcia de Carvalho, PhD","og_description":"Introdu\u00e7\u00e3o \u00e0 computa\u00e7\u00e3o gr\u00e1fica com OpenGL Prev Cap\u00edtulo 5. Modelagem de s\u00f3lidos Next 5.3. Outros programas relacionados armario_com_textura.c e flamengo.rgb. Arm\u00e1rio com textura e figura com o logotipo do Flamengo. Programa armario_com_textura.c (incluir image.c e image.h no projeto a ser criado) rose.zip. Rose &#8211; empregada dos Jetsons. Projeto rose.zip bondinho.zip. Bondinho do P\u00e3o de A\u00e7ucar &hellip; Continuar lendo Outros Programas Relacionados","og_url":"https:\/\/wordpress.ft.unicamp.br\/magic\/outros-programas-relacionados-4\/","og_site_name":"Marco Antonio Garcia de Carvalho, PhD","og_image":[{"url":"armario_textura.jpg","type":"","width":"","height":""}],"twitter_card":"summary_large_image","schema":{"@context":"https:\/\/schema.org","@graph":[{"@type":"WebPage","@id":"https:\/\/wordpress.ft.unicamp.br\/magic\/outros-programas-relacionados-4\/","url":"https:\/\/wordpress.ft.unicamp.br\/magic\/outros-programas-relacionados-4\/","name":"Outros Programas Relacionados - Marco Antonio Garcia de Carvalho, PhD","isPartOf":{"@id":"https:\/\/wordpress.ft.unicamp.br\/magic\/#website"},"datePublished":"2022-03-23T22:08:49+00:00","breadcrumb":{"@id":"https:\/\/wordpress.ft.unicamp.br\/magic\/outros-programas-relacionados-4\/#breadcrumb"},"inLanguage":"pt-BR","potentialAction":[{"@type":"ReadAction","target":["https:\/\/wordpress.ft.unicamp.br\/magic\/outros-programas-relacionados-4\/"]}]},{"@type":"BreadcrumbList","@id":"https:\/\/wordpress.ft.unicamp.br\/magic\/outros-programas-relacionados-4\/#breadcrumb","itemListElement":[{"@type":"ListItem","position":1,"name":"Home","item":"https:\/\/wordpress.ft.unicamp.br\/magic\/"},{"@type":"ListItem","position":2,"name":"Outros Programas Relacionados"}]},{"@type":"WebSite","@id":"https:\/\/wordpress.ft.unicamp.br\/magic\/#website","url":"https:\/\/wordpress.ft.unicamp.br\/magic\/","name":"Marco Antonio Garcia de Carvalho, PhD","description":"","potentialAction":[{"@type":"SearchAction","target":{"@type":"EntryPoint","urlTemplate":"https:\/\/wordpress.ft.unicamp.br\/magic\/?s={search_term_string}"},"query-input":{"@type":"PropertyValueSpecification","valueRequired":true,"valueName":"search_term_string"}}],"inLanguage":"pt-BR"}]}},"_links":{"self":[{"href":"https:\/\/wordpress.ft.unicamp.br\/magic\/wp-json\/wp\/v2\/pages\/64","targetHints":{"allow":["GET"]}}],"collection":[{"href":"https:\/\/wordpress.ft.unicamp.br\/magic\/wp-json\/wp\/v2\/pages"}],"about":[{"href":"https:\/\/wordpress.ft.unicamp.br\/magic\/wp-json\/wp\/v2\/types\/page"}],"author":[{"embeddable":true,"href":"https:\/\/wordpress.ft.unicamp.br\/magic\/wp-json\/wp\/v2\/users\/48"}],"replies":[{"embeddable":true,"href":"https:\/\/wordpress.ft.unicamp.br\/magic\/wp-json\/wp\/v2\/comments?post=64"}],"version-history":[{"count":0,"href":"https:\/\/wordpress.ft.unicamp.br\/magic\/wp-json\/wp\/v2\/pages\/64\/revisions"}],"wp:attachment":[{"href":"https:\/\/wordpress.ft.unicamp.br\/magic\/wp-json\/wp\/v2\/media?parent=64"}],"curies":[{"name":"wp","href":"https:\/\/api.w.org\/{rel}","templated":true}]}}