{"id":75,"date":"2022-03-23T22:08:49","date_gmt":"2022-03-23T22:08:49","guid":{"rendered":"https:\/\/wordpress.ft.unicamp.br\/magic\/instrucoes-para-submissao-dos-exercicios\/"},"modified":"2022-03-23T22:08:49","modified_gmt":"2022-03-23T22:08:49","slug":"instrucoes-para-submissao-dos-exercicios","status":"publish","type":"page","link":"https:\/\/wordpress.ft.unicamp.br\/magic\/instrucoes-para-submissao-dos-exercicios\/","title":{"rendered":"Instru\u00e7\u00f5es para submiss\u00e3o dos exerc\u00edcios"},"content":{"rendered":"<p>&#013;<\/p>\n<div class=\"NAVHEADER\">&#013;<\/p>\n<table cellspacing=\"0\" cellpadding=\"0\" width=\"100%\" border=\"0\">&#013;<\/p>\n<tbody>&#013;<\/p>\n<tr>&#013;<\/p>\n<th align=\"middle\" colspan=\"3\">Introdu\u00e7\u00e3o \u00e0 computa\u00e7\u00e3o gr\u00e1fica com &#013;<br \/>\nOpenGL<\/th>\n<\/tr>\n<p>&#013;<\/p>\n<tr>&#013;<\/p>\n<td valign=\"bottom\" align=\"left\" width=\"10%\"><a href=\"modelos-iluminacao-exercicios.html\">Prev<\/a><\/td>\n<p>&#013;<\/p>\n<td valign=\"bottom\" align=\"middle\" width=\"80%\" \/>&#013;<\/p>\n<td valign=\"bottom\" align=\"right\" width=\"10%\"><a href=\"instala-opengl.html\">Next<\/a><\/td>\n<\/tr>\n<\/tbody>\n<\/table>\n<p>&#013;<\/p>\n<hr align=\"left\" width=\"100%\" \/>&#013;\n<\/div>\n<p>&#013;<\/p>\n<div class=\"CHAPTER\">&#013;<\/p>\n<h1><a name=\"SUBMISSAO-EXERCICIOS\">Cap\u00edtulo 9. Instru\u00e7\u00f5es para submiss\u00e3o dos &#013;<br \/>\nexerc\u00edcios<\/a><\/h1>\n<p>&#013;<\/p>\n<p>A submiss\u00e3o dos exerc\u00edcios ser\u00e1 feita diretamente via TelEduc. Cada DUPLA (ou integrante da dupla, deixando expl\u00edcito o nome do parceiro) dever\u00e1 &#013;<br \/>\ncriar um item no seu Portf\u00f3lio contendo as solu\u00e7\u00f5es dos exerc\u00edcios propostos: c\u00f3digo C e outros arquivos necess\u00e1rios para execu\u00e7\u00e3o do programa.<\/p>\n<p>&#013;<\/p>\n<p>Os programas dos exerc\u00edcios ser\u00e3o compilados e testados no PC de minha sala e\/ou nos laborat\u00f3rios de inform\u00e1tica da FT LP1 e LP9 (WINDOWS). Assegure-se de que o seu programa &#013;<br \/>\nfunciona nos referidos laborat\u00f3rios.<\/p>\n<p>&#013;<\/p>\n<hr align=\"left\" width=\"100%\" \/>&#013;<br \/>\n&#013;<\/p>\n<table cellspacing=\"0\" cellpadding=\"0\" width=\"100%\" border=\"0\">&#013;<\/p>\n<tbody>&#013;<\/p>\n<tr>&#013;<\/p>\n<td valign=\"top\" align=\"left\" width=\"33%\"><a href=\"modelos-iluminacao-exercicios.html\">Prev<\/a><\/td>\n<p>&#013;<\/p>\n<td valign=\"top\" align=\"middle\" width=\"34%\"><a href=\"index2006.html\">Home<\/a><\/td>\n<p>&#013;<\/p>\n<td valign=\"top\" align=\"right\" width=\"33%\"><a href=\"instala-opengl.html\">Next<\/a><\/td>\n<\/tr>\n<p>&#013;<\/p>\n<tr>&#013;<\/p>\n<td valign=\"top\" align=\"left\" width=\"33%\">Exerc\u00edcios<\/td>\n<p>&#013;<\/p>\n<td valign=\"top\" align=\"middle\" width=\"34%\">\u00a0<\/td>\n<p>&#013;<\/p>\n<td valign=\"top\" align=\"right\" width=\"33%\">Instru\u00e7\u00f5es para instala\u00e7\u00e3o do OpenGL<\/td>\n<\/tr>\n<\/tbody>\n<\/table>\n<\/div>\n","protected":false},"excerpt":{"rendered":"<p>&#013; &#013; &#013; &#013; &#013; Introdu\u00e7\u00e3o \u00e0 computa\u00e7\u00e3o gr\u00e1fica com &#013; OpenGL &#013; &#013; Prev &#013; &#013; Next &#013; &#013; &#013; &#013; Cap\u00edtulo 9. Instru\u00e7\u00f5es para submiss\u00e3o dos &#013; exerc\u00edcios &#013; A submiss\u00e3o dos exerc\u00edcios ser\u00e1 feita diretamente via TelEduc. Cada DUPLA (ou integrante da dupla, deixando expl\u00edcito o nome do parceiro) dever\u00e1 &#013; criar &hellip; <a href=\"https:\/\/wordpress.ft.unicamp.br\/magic\/instrucoes-para-submissao-dos-exercicios\/\" class=\"more-link\">Continuar lendo <span class=\"screen-reader-text\">Instru\u00e7\u00f5es para submiss\u00e3o dos exerc\u00edcios<\/span><\/a><\/p>\n","protected":false},"author":48,"featured_media":0,"parent":0,"menu_order":0,"comment_status":"closed","ping_status":"closed","template":"","meta":{"footnotes":""},"class_list":["post-75","page","type-page","status-publish","hentry"],"yoast_head":"<!-- This site is optimized with the Yoast SEO plugin v27.5 - https:\/\/yoast.com\/product\/yoast-seo-wordpress\/ -->\n<title>Instru\u00e7\u00f5es para submiss\u00e3o dos exerc\u00edcios - Marco Antonio Garcia de Carvalho, PhD<\/title>\n<meta name=\"robots\" content=\"index, follow, max-snippet:-1, max-image-preview:large, max-video-preview:-1\" \/>\n<link rel=\"canonical\" href=\"https:\/\/wordpress.ft.unicamp.br\/magic\/instrucoes-para-submissao-dos-exercicios\/\" \/>\n<meta property=\"og:locale\" content=\"pt_BR\" \/>\n<meta property=\"og:type\" content=\"article\" \/>\n<meta property=\"og:title\" content=\"Instru\u00e7\u00f5es para submiss\u00e3o dos exerc\u00edcios - Marco Antonio Garcia de Carvalho, PhD\" \/>\n<meta property=\"og:description\" content=\"&#013; &#013; &#013; &#013; &#013; Introdu\u00e7\u00e3o \u00e0 computa\u00e7\u00e3o gr\u00e1fica com &#013; OpenGL &#013; &#013; Prev &#013; &#013; Next &#013; &#013; &#013; &#013; Cap\u00edtulo 9. Instru\u00e7\u00f5es para submiss\u00e3o dos &#013; exerc\u00edcios &#013; A submiss\u00e3o dos exerc\u00edcios ser\u00e1 feita diretamente via TelEduc. Cada DUPLA (ou integrante da dupla, deixando expl\u00edcito o nome do parceiro) dever\u00e1 &#013; criar &hellip; Continuar lendo Instru\u00e7\u00f5es para submiss\u00e3o dos exerc\u00edcios\" \/>\n<meta property=\"og:url\" content=\"https:\/\/wordpress.ft.unicamp.br\/magic\/instrucoes-para-submissao-dos-exercicios\/\" \/>\n<meta property=\"og:site_name\" content=\"Marco Antonio Garcia de Carvalho, PhD\" \/>\n<meta name=\"twitter:card\" content=\"summary_large_image\" \/>\n<meta name=\"twitter:label1\" content=\"Est. tempo de leitura\" \/>\n\t<meta name=\"twitter:data1\" content=\"1 minuto\" \/>\n<script type=\"application\/ld+json\" class=\"yoast-schema-graph\">{\"@context\":\"https:\\\/\\\/schema.org\",\"@graph\":[{\"@type\":\"WebPage\",\"@id\":\"https:\\\/\\\/wordpress.ft.unicamp.br\\\/magic\\\/instrucoes-para-submissao-dos-exercicios\\\/\",\"url\":\"https:\\\/\\\/wordpress.ft.unicamp.br\\\/magic\\\/instrucoes-para-submissao-dos-exercicios\\\/\",\"name\":\"Instru\u00e7\u00f5es para submiss\u00e3o dos exerc\u00edcios - Marco Antonio Garcia de Carvalho, PhD\",\"isPartOf\":{\"@id\":\"https:\\\/\\\/wordpress.ft.unicamp.br\\\/magic\\\/#website\"},\"datePublished\":\"2022-03-23T22:08:49+00:00\",\"breadcrumb\":{\"@id\":\"https:\\\/\\\/wordpress.ft.unicamp.br\\\/magic\\\/instrucoes-para-submissao-dos-exercicios\\\/#breadcrumb\"},\"inLanguage\":\"pt-BR\",\"potentialAction\":[{\"@type\":\"ReadAction\",\"target\":[\"https:\\\/\\\/wordpress.ft.unicamp.br\\\/magic\\\/instrucoes-para-submissao-dos-exercicios\\\/\"]}]},{\"@type\":\"BreadcrumbList\",\"@id\":\"https:\\\/\\\/wordpress.ft.unicamp.br\\\/magic\\\/instrucoes-para-submissao-dos-exercicios\\\/#breadcrumb\",\"itemListElement\":[{\"@type\":\"ListItem\",\"position\":1,\"name\":\"Home\",\"item\":\"https:\\\/\\\/wordpress.ft.unicamp.br\\\/magic\\\/\"},{\"@type\":\"ListItem\",\"position\":2,\"name\":\"Instru\u00e7\u00f5es para submiss\u00e3o dos exerc\u00edcios\"}]},{\"@type\":\"WebSite\",\"@id\":\"https:\\\/\\\/wordpress.ft.unicamp.br\\\/magic\\\/#website\",\"url\":\"https:\\\/\\\/wordpress.ft.unicamp.br\\\/magic\\\/\",\"name\":\"Marco Antonio Garcia de Carvalho, PhD\",\"description\":\"\",\"potentialAction\":[{\"@type\":\"SearchAction\",\"target\":{\"@type\":\"EntryPoint\",\"urlTemplate\":\"https:\\\/\\\/wordpress.ft.unicamp.br\\\/magic\\\/?s={search_term_string}\"},\"query-input\":{\"@type\":\"PropertyValueSpecification\",\"valueRequired\":true,\"valueName\":\"search_term_string\"}}],\"inLanguage\":\"pt-BR\"}]}<\/script>\n<!-- \/ Yoast SEO plugin. -->","yoast_head_json":{"title":"Instru\u00e7\u00f5es para submiss\u00e3o dos exerc\u00edcios - Marco Antonio Garcia de Carvalho, PhD","robots":{"index":"index","follow":"follow","max-snippet":"max-snippet:-1","max-image-preview":"max-image-preview:large","max-video-preview":"max-video-preview:-1"},"canonical":"https:\/\/wordpress.ft.unicamp.br\/magic\/instrucoes-para-submissao-dos-exercicios\/","og_locale":"pt_BR","og_type":"article","og_title":"Instru\u00e7\u00f5es para submiss\u00e3o dos exerc\u00edcios - Marco Antonio Garcia de Carvalho, PhD","og_description":"&#013; &#013; &#013; &#013; &#013; Introdu\u00e7\u00e3o \u00e0 computa\u00e7\u00e3o gr\u00e1fica com &#013; OpenGL &#013; &#013; Prev &#013; &#013; Next &#013; &#013; &#013; &#013; Cap\u00edtulo 9. Instru\u00e7\u00f5es para submiss\u00e3o dos &#013; exerc\u00edcios &#013; A submiss\u00e3o dos exerc\u00edcios ser\u00e1 feita diretamente via TelEduc. Cada DUPLA (ou integrante da dupla, deixando expl\u00edcito o nome do parceiro) dever\u00e1 &#013; criar &hellip; Continuar lendo Instru\u00e7\u00f5es para submiss\u00e3o dos exerc\u00edcios","og_url":"https:\/\/wordpress.ft.unicamp.br\/magic\/instrucoes-para-submissao-dos-exercicios\/","og_site_name":"Marco Antonio Garcia de Carvalho, PhD","twitter_card":"summary_large_image","twitter_misc":{"Est. tempo de leitura":"1 minuto"},"schema":{"@context":"https:\/\/schema.org","@graph":[{"@type":"WebPage","@id":"https:\/\/wordpress.ft.unicamp.br\/magic\/instrucoes-para-submissao-dos-exercicios\/","url":"https:\/\/wordpress.ft.unicamp.br\/magic\/instrucoes-para-submissao-dos-exercicios\/","name":"Instru\u00e7\u00f5es para submiss\u00e3o dos exerc\u00edcios - Marco Antonio Garcia de Carvalho, PhD","isPartOf":{"@id":"https:\/\/wordpress.ft.unicamp.br\/magic\/#website"},"datePublished":"2022-03-23T22:08:49+00:00","breadcrumb":{"@id":"https:\/\/wordpress.ft.unicamp.br\/magic\/instrucoes-para-submissao-dos-exercicios\/#breadcrumb"},"inLanguage":"pt-BR","potentialAction":[{"@type":"ReadAction","target":["https:\/\/wordpress.ft.unicamp.br\/magic\/instrucoes-para-submissao-dos-exercicios\/"]}]},{"@type":"BreadcrumbList","@id":"https:\/\/wordpress.ft.unicamp.br\/magic\/instrucoes-para-submissao-dos-exercicios\/#breadcrumb","itemListElement":[{"@type":"ListItem","position":1,"name":"Home","item":"https:\/\/wordpress.ft.unicamp.br\/magic\/"},{"@type":"ListItem","position":2,"name":"Instru\u00e7\u00f5es para submiss\u00e3o dos exerc\u00edcios"}]},{"@type":"WebSite","@id":"https:\/\/wordpress.ft.unicamp.br\/magic\/#website","url":"https:\/\/wordpress.ft.unicamp.br\/magic\/","name":"Marco Antonio Garcia de Carvalho, PhD","description":"","potentialAction":[{"@type":"SearchAction","target":{"@type":"EntryPoint","urlTemplate":"https:\/\/wordpress.ft.unicamp.br\/magic\/?s={search_term_string}"},"query-input":{"@type":"PropertyValueSpecification","valueRequired":true,"valueName":"search_term_string"}}],"inLanguage":"pt-BR"}]}},"_links":{"self":[{"href":"https:\/\/wordpress.ft.unicamp.br\/magic\/wp-json\/wp\/v2\/pages\/75","targetHints":{"allow":["GET"]}}],"collection":[{"href":"https:\/\/wordpress.ft.unicamp.br\/magic\/wp-json\/wp\/v2\/pages"}],"about":[{"href":"https:\/\/wordpress.ft.unicamp.br\/magic\/wp-json\/wp\/v2\/types\/page"}],"author":[{"embeddable":true,"href":"https:\/\/wordpress.ft.unicamp.br\/magic\/wp-json\/wp\/v2\/users\/48"}],"replies":[{"embeddable":true,"href":"https:\/\/wordpress.ft.unicamp.br\/magic\/wp-json\/wp\/v2\/comments?post=75"}],"version-history":[{"count":0,"href":"https:\/\/wordpress.ft.unicamp.br\/magic\/wp-json\/wp\/v2\/pages\/75\/revisions"}],"wp:attachment":[{"href":"https:\/\/wordpress.ft.unicamp.br\/magic\/wp-json\/wp\/v2\/media?parent=75"}],"curies":[{"name":"wp","href":"https:\/\/api.w.org\/{rel}","templated":true}]}}